{"id":26267,"date":"2021-08-02T10:17:39","date_gmt":"2021-08-02T08:17:39","guid":{"rendered":"https:\/\/vetus.com\/vetus-catalogue\/"},"modified":"2026-01-23T10:14:48","modified_gmt":"2026-01-23T08:14:48","slug":"vetus-catalogue","status":"publish","type":"page","link":"https:\/\/vetus.com\/fr\/vetus-catalogue\/","title":{"rendered":"Catalogue"},"content":{"rendered":"\n<section class=\"section  \">\n    \n\n<section id=\"section-text-block-block_97272c46565688cab782e254aeac8391\" class=\"section text-block \">\n                    <div class=\"section section__body\">\n            <div class=\"text-block\">\n                <div class=\"container\">\n                    <div class=\"row\">\n                        <div class=\"col-12\">\n                            \n                                                            <div class=\"section__actions text-block__actions actions\">\n                                    <div class=\"btn-group d-flex flex-wrap justify-content-center\">\n                                                                                    <a href=\"https:\/\/vetus.com\/fr\/catalogues-dans-toutes-les-langues\/\" class=\"btn btn-primary\" title=\"\" target=\"_blank\">\n                                                <span>T\u00e9l\u00e9charger le catalogue VETUS<\/span>\n                                            <\/a>\n                                        \n                                                                            <\/div>\n                                <\/div>\n                                                    <\/div>\n                    <\/div>\n                <\/div>\n            <\/div>\n        <\/div>\n    <\/section>\n<section id=\"content-block-1-block_97272c46565688cab782e254aeac8391\" class=\"section content-block content-block--image \">\n    <div class=\"container\">\n        <div class=\"row d-flex align-items-center\">\n\n            <div class=\"col-md-6 col-lg-7\">\n                                    <div class=\"content-block__visuals\">\n                        <div class=\"content-block__media media--clipped media ratio\">\n                            <div class=\"media__wrapper\">\n                                <img decoding=\"async\" width=\"690\" height=\"460\" src=\"https:\/\/vetus.com\/wp-content\/uploads\/DSCF9815-690x460.jpg\" class=\"media__source img-fit\" alt=\"\" srcset=\"https:\/\/vetus.com\/wp-content\/uploads\/DSCF9815-690x460.jpg 690w, https:\/\/vetus.com\/wp-content\/uploads\/DSCF9815-300x200.jpg 300w, https:\/\/vetus.com\/wp-content\/uploads\/DSCF9815-768x512.jpg 768w, https:\/\/vetus.com\/wp-content\/uploads\/DSCF9815-210x140.jpg 210w, https:\/\/vetus.com\/wp-content\/uploads\/DSCF9815-330x220.jpg 330w, https:\/\/vetus.com\/wp-content\/uploads\/DSCF9815-431x287.jpg 431w, https:\/\/vetus.com\/wp-content\/uploads\/DSCF9815-507x338.jpg 507w, https:\/\/vetus.com\/wp-content\/uploads\/DSCF9815-530x353.jpg 530w, https:\/\/vetus.com\/wp-content\/uploads\/DSCF9815-930x620.jpg 930w, https:\/\/vetus.com\/wp-content\/uploads\/DSCF9815-1170x780.jpg 1170w\" sizes=\"auto, (max-width: 575.98px) 431px, (max-width: 767.98px) 530px, (max-width: 991.98px) 330px, (max-width: 1279.98px) 530px, (max-width: 1899.98px) 690px, 930px\" loading=\"lazy\" \/>                            <\/div>\n                        <\/div>\n                    <\/div>\n                            <\/div>\n\n            <div class=\"col-md-6 col-lg-4 offset-lg-1\">\n                <div class=\"content-block__body\">\n                    \n                    \n                                            <h3 data-start=\"0\" data-end=\"328\">Plus de soixante ans de cr\u00e9ation de syst\u00e8mes complets pour bateaux<\/h3>\n<p data-start=\"0\" data-end=\"328\">Depuis plus de soixante ans, VETUS est le sp\u00e9cialiste de confiance dans la conception de syst\u00e8mes complets pour bateaux qui fonctionnent ensemble en parfaite harmonie. Chaque composant est con\u00e7u avec pr\u00e9cision et d\u00e9velopp\u00e9 pour se connecter sans effort au reste du syst\u00e8me, garantissant performance, fiabilit\u00e9 et confort \u00e0 bord.<\/p>\n<p data-start=\"330\" data-end=\"806\" data-is-last-node=\"\" data-is-only-node=\"\">VETUS est le guichet unique pour chaque plaisancier, que vous ayez besoin d\u2019un syst\u00e8me de propulsion complet ou simplement d\u2019un waterlock. Nous sommes un partenaire de conseil dot\u00e9 d\u2019une connaissance approfondie de la technologie et du march\u00e9, soutenu par un r\u00e9seau mondial et un niveau de service v\u00e9ritablement incomparable. VETUS est cr\u00e9\u00e9 par des plaisanciers pour des plaisanciers, anim\u00e9 par la passion de rendre chaque voyage plus s\u00fbr, plus fluide et encore plus agr\u00e9able.<\/p>\n                    \t\t\t\t\t\n                                    <\/div>\n            <\/div>\n        <\/div>\n    <\/div>\n<\/section>\n<section id=\"call-to-action-1-block_97272c46565688cab782e254aeac8391\" class=\"section cta cta--default  \">\n    <div class=\"container\">\n        <div class=\"cta__inner bg-primary text-white text-center\">\n            <div class=\"row d-flex align-items-center\">\n                <div class=\"col-lg-5\">\n                                            <div class=\"cta__visuals\">\n                            <div class=\"cta__media media--clipped media ratio\">\n                                <div class=\"media__wrapper media__wrapper--colored\">\n                                    <img decoding=\"async\" width=\"690\" height=\"460\" src=\"https:\/\/vetus.com\/wp-content\/uploads\/DSCF9830-690x460.jpg\" class=\"media__source img-fit\" alt=\"\" srcset=\"https:\/\/vetus.com\/wp-content\/uploads\/DSCF9830-690x460.jpg 690w, https:\/\/vetus.com\/wp-content\/uploads\/DSCF9830-300x200.jpg 300w, https:\/\/vetus.com\/wp-content\/uploads\/DSCF9830-768x512.jpg 768w, https:\/\/vetus.com\/wp-content\/uploads\/DSCF9830-210x140.jpg 210w, https:\/\/vetus.com\/wp-content\/uploads\/DSCF9830-330x220.jpg 330w, https:\/\/vetus.com\/wp-content\/uploads\/DSCF9830-431x287.jpg 431w, https:\/\/vetus.com\/wp-content\/uploads\/DSCF9830-507x338.jpg 507w, https:\/\/vetus.com\/wp-content\/uploads\/DSCF9830-530x353.jpg 530w, https:\/\/vetus.com\/wp-content\/uploads\/DSCF9830-930x620.jpg 930w, https:\/\/vetus.com\/wp-content\/uploads\/DSCF9830-1170x780.jpg 1170w\" sizes=\"auto, (max-width: 575.98px) 431px, (max-width: 767.98px) 530px, (max-width: 991.98px) 690px, (max-width: 1279.98px) 330px, (max-width: 1899.98px) 431px, 507px\" loading=\"lazy\" \/>                                <\/div>\n                            <\/div>\n                        <\/div>\n                                    <\/div>\n\n                <div class=\"col-lg-7\">\n                    <div class=\"w-100 px-lg-4\">\n                        <div class=\"cta__body\">\n                                                                                        <h3 class=\"cta__title\">\n                                    Fourniture de syst\u00e8mes pour bateaux                                <\/h3>\n                                                        \n                                                            <div class=\"cta__actions actions\">\n                                    <div class=\"btn-group d-flex flex-wrap justify-content-center\">\n                                        <a href=\"https:\/\/vetus.com\/request-catalogue\/\" class=\"btn btn-sm btn-white btn-empty btn-empty-primary d-flex d-md-none\" title=\"\" target=\"\">\n                                            <span>\n                                                <span>Demande de copie imprim\u00e9e<\/span>\n                                            <\/span>\n                                            <i class=\"icon icon-play_circle_outline\"><\/i>\n                                        <\/a>\n\n                                        <a href=\"https:\/\/vetus.com\/request-catalogue\/\" class=\"btn btn-secondary d-none d-md-flex\" title=\"\" target=\"\">\n                                            <span>\n                                                <span>Demande de copie imprim\u00e9e<\/span>\n                                            <\/span>\n                                            <i class=\"icon icon-play_circle_outline\"><\/i>\n                                        <\/a>\n                                    <\/div>\n                                <\/div>\n                                                    <\/div>\n                    <\/div>\n                <\/div>\n            <\/div>\n        <\/div>\n    <\/div>\n<\/section>\n    <section id=\"posts-block_97272c46565688cab782e254aeac8391\" class=\"section cards cards--cat-alt \">\n                <div class=\"section__body cards__body\">\n            <div class=\"container\">\n                <div class=\"row row--col-margin-medium\">\n                                                <div class=\"col-12 col-md-4\">\n                                <a href=\"https:\/\/vetus.com\/fr\/navigation-electrique\/\" class=\"card card--cat-alt\" target=\"_blank\">\n                                    <div class=\"card__header\">\n                                        \n\n                                        <div class=\"card__action\">\n                                            <span class=\"btn btn-empty btn-empty-primary\">\n                                                <span>\n                                                    Navigation \u00e9lectrique                                                <\/span>\n                                            <\/span>\n                                        <\/div>\n                                    <\/div>\n\n                                                                            <div class=\"card__body\">\n                                            <div class=\"card__media media media--clipped ratio\">\n                                                <div class=\"media__wrapper\">\n                                                    <img decoding=\"async\" width=\"431\" height=\"201\" src=\"https:\/\/vetus.com\/wp-content\/uploads\/shutterstock_1654078396_1536x716-431x201.png\" class=\"media__source img-fit\" alt=\"\" srcset=\"https:\/\/vetus.com\/wp-content\/uploads\/shutterstock_1654078396_1536x716-431x201.png 431w, https:\/\/vetus.com\/wp-content\/uploads\/shutterstock_1654078396_1536x716-300x140.png 300w, https:\/\/vetus.com\/wp-content\/uploads\/shutterstock_1654078396_1536x716-768x358.png 768w, https:\/\/vetus.com\/wp-content\/uploads\/shutterstock_1654078396_1536x716-210x98.png 210w, https:\/\/vetus.com\/wp-content\/uploads\/shutterstock_1654078396_1536x716-330x154.png 330w, https:\/\/vetus.com\/wp-content\/uploads\/shutterstock_1654078396_1536x716-507x236.png 507w, https:\/\/vetus.com\/wp-content\/uploads\/shutterstock_1654078396_1536x716-530x247.png 530w, https:\/\/vetus.com\/wp-content\/uploads\/shutterstock_1654078396_1536x716-690x322.png 690w, https:\/\/vetus.com\/wp-content\/uploads\/shutterstock_1654078396_1536x716-930x434.png 930w, https:\/\/vetus.com\/wp-content\/uploads\/shutterstock_1654078396_1536x716-1170x545.png 1170w, https:\/\/vetus.com\/wp-content\/uploads\/shutterstock_1654078396_1536x716.png 1536w\" sizes=\"auto, (max-width: 575.98px) 330px, (max-width: 767.98px) 210px, (max-width: 991.98px) 330px, (max-width: 1279.98px) 330px, (max-width: 1899.98px) 330px, 431px\" loading=\"lazy\" \/>                                                <\/div>\n                                            <\/div>\n                                        <\/div>\n                                    \n\n                                <\/a>\n                            <\/div>\n                        \n                                                <div class=\"col-12 col-md-4\">\n                                <a href=\"https:\/\/vetus.com\/fr\/propulseurs-detrave-et-de-poupe-vetus\/\" class=\"card card--cat-alt\" target=\"_blank\">\n                                    <div class=\"card__header\">\n                                        \n\n                                        <div class=\"card__action\">\n                                            <span class=\"btn btn-empty btn-empty-primary\">\n                                                <span>\n                                                    Man\u0153uvrer son bateau sans effort                                                <\/span>\n                                            <\/span>\n                                        <\/div>\n                                    <\/div>\n\n                                                                            <div class=\"card__body\">\n                                            <div class=\"card__media media media--clipped ratio\">\n                                                <div class=\"media__wrapper\">\n                                                    <img decoding=\"async\" width=\"431\" height=\"287\" src=\"https:\/\/vetus.com\/wp-content\/uploads\/shutterstock_1188320323-431x287.jpg\" class=\"media__source img-fit\" alt=\"VETUS BOW PRO Sailing\" srcset=\"https:\/\/vetus.com\/wp-content\/uploads\/shutterstock_1188320323-431x287.jpg 431w, https:\/\/vetus.com\/wp-content\/uploads\/shutterstock_1188320323-300x200.jpg 300w, https:\/\/vetus.com\/wp-content\/uploads\/shutterstock_1188320323-768x512.jpg 768w, https:\/\/vetus.com\/wp-content\/uploads\/shutterstock_1188320323-210x140.jpg 210w, https:\/\/vetus.com\/wp-content\/uploads\/shutterstock_1188320323-330x220.jpg 330w, https:\/\/vetus.com\/wp-content\/uploads\/shutterstock_1188320323-507x338.jpg 507w, https:\/\/vetus.com\/wp-content\/uploads\/shutterstock_1188320323-530x353.jpg 530w, https:\/\/vetus.com\/wp-content\/uploads\/shutterstock_1188320323-690x460.jpg 690w, https:\/\/vetus.com\/wp-content\/uploads\/shutterstock_1188320323-930x620.jpg 930w, https:\/\/vetus.com\/wp-content\/uploads\/shutterstock_1188320323-1170x780.jpg 1170w\" sizes=\"auto, (max-width: 575.98px) 330px, (max-width: 767.98px) 210px, (max-width: 991.98px) 330px, (max-width: 1279.98px) 330px, (max-width: 1899.98px) 330px, 431px\" loading=\"lazy\" \/>                                                <\/div>\n                                            <\/div>\n                                        <\/div>\n                                    \n\n                                <\/a>\n                            <\/div>\n                        \n                                                <div class=\"col-12 col-md-4\">\n                                <a href=\"https:\/\/vetus.com\/brands\/maxwell\/\" class=\"card card--cat-alt\" target=\"\">\n                                    <div class=\"card__header\">\n                                        \n\n                                        <div class=\"card__action\">\n                                            <span class=\"btn btn-empty btn-empty-primary\">\n                                                <span>\n                                                    Maxwell                                                <\/span>\n                                            <\/span>\n                                        <\/div>\n                                    <\/div>\n\n                                                                            <div class=\"card__body\">\n                                            <div class=\"card__media media media--clipped ratio\">\n                                                <div class=\"media__wrapper\">\n                                                    <img decoding=\"async\" width=\"431\" height=\"287\" src=\"https:\/\/vetus.com\/wp-content\/uploads\/maxwell_websitecampaign_900x600-431x287.jpg\" class=\"media__source img-fit\" alt=\"\" srcset=\"https:\/\/vetus.com\/wp-content\/uploads\/maxwell_websitecampaign_900x600-431x287.jpg 431w, https:\/\/vetus.com\/wp-content\/uploads\/maxwell_websitecampaign_900x600-300x200.jpg 300w, https:\/\/vetus.com\/wp-content\/uploads\/maxwell_websitecampaign_900x600-768x512.jpg 768w, https:\/\/vetus.com\/wp-content\/uploads\/maxwell_websitecampaign_900x600-210x140.jpg 210w, https:\/\/vetus.com\/wp-content\/uploads\/maxwell_websitecampaign_900x600-330x220.jpg 330w, https:\/\/vetus.com\/wp-content\/uploads\/maxwell_websitecampaign_900x600-507x338.jpg 507w, https:\/\/vetus.com\/wp-content\/uploads\/maxwell_websitecampaign_900x600-530x353.jpg 530w, https:\/\/vetus.com\/wp-content\/uploads\/maxwell_websitecampaign_900x600-690x460.jpg 690w, https:\/\/vetus.com\/wp-content\/uploads\/maxwell_websitecampaign_900x600.jpg 900w\" sizes=\"auto, (max-width: 575.98px) 330px, (max-width: 767.98px) 210px, (max-width: 991.98px) 330px, (max-width: 1279.98px) 330px, (max-width: 1899.98px) 330px, 431px\" loading=\"lazy\" \/>                                                <\/div>\n                                            <\/div>\n                                        <\/div>\n                                    \n\n                                <\/a>\n                            <\/div>\n                        \n                                    <\/div>\n            <\/div>\n        <\/div>\n    <\/section>\n<\/section>","protected":false},"excerpt":{"rendered":"","protected":false},"author":8,"featured_media":0,"parent":0,"menu_order":188,"comment_status":"closed","ping_status":"closed","template":"tpl-blog-large-header.php","meta":{"_acf_changed":false,"footnotes":""},"class_list":["post-26267","page","type-page","status-publish","hentry"],"acf":{"button":{"title":"Request hardcopy catalogue","url":"#","target":"_blank"},"image":{"ID":118511,"id":118511,"title":"cover_for_web","filename":"cover_for_web-1.jpg","filesize":327131,"url":"https:\/\/vetus.com\/wp-content\/uploads\/cover_for_web-1.jpg","link":"https:\/\/vetus.com\/fr\/vetus-catalogue\/cover_for_web-3\/","alt":"","author":"25","description":"","caption":"","name":"cover_for_web-3","status":"inherit","uploaded_to":26267,"date":"2025-12-11 14:06:21","modified":"2025-12-11 14:06:21","menu_order":0,"mime_type":"image\/jpeg","type":"image","subtype":"jpeg","icon":"https:\/\/vetus.com\/wp-includes\/images\/media\/default.png","width":1258,"height":847,"sizes":{"thumbnail":"https:\/\/vetus.com\/wp-content\/uploads\/cover_for_web-1-150x150.jpg","thumbnail-width":150,"thumbnail-height":150,"medium":"https:\/\/vetus.com\/wp-content\/uploads\/cover_for_web-1-300x202.jpg","medium-width":300,"medium-height":202,"medium_large":"https:\/\/vetus.com\/wp-content\/uploads\/cover_for_web-1-768x517.jpg","medium_large-width":768,"medium_large-height":517,"large":"https:\/\/vetus.com\/wp-content\/uploads\/cover_for_web-1.jpg","large-width":1024,"large-height":689,"1536x1536":"https:\/\/vetus.com\/wp-content\/uploads\/cover_for_web-1.jpg","1536x1536-width":1258,"1536x1536-height":847,"2048x2048":"https:\/\/vetus.com\/wp-content\/uploads\/cover_for_web-1.jpg","2048x2048-width":1258,"2048x2048-height":847,"210w":"https:\/\/vetus.com\/wp-content\/uploads\/cover_for_web-1-210x141.jpg","210w-width":210,"210w-height":141,"330w":"https:\/\/vetus.com\/wp-content\/uploads\/cover_for_web-1-330x222.jpg","330w-width":330,"330w-height":222,"431w":"https:\/\/vetus.com\/wp-content\/uploads\/cover_for_web-1-431x290.jpg","431w-width":431,"431w-height":290,"507w":"https:\/\/vetus.com\/wp-content\/uploads\/cover_for_web-1-507x341.jpg","507w-width":507,"507w-height":341,"530w":"https:\/\/vetus.com\/wp-content\/uploads\/cover_for_web-1-530x357.jpg","530w-width":530,"530w-height":357,"690w":"https:\/\/vetus.com\/wp-content\/uploads\/cover_for_web-1-690x465.jpg","690w-width":690,"690w-height":465,"930w":"https:\/\/vetus.com\/wp-content\/uploads\/cover_for_web-1-930x626.jpg","930w-width":930,"930w-height":626,"1170w":"https:\/\/vetus.com\/wp-content\/uploads\/cover_for_web-1-1170x788.jpg","1170w-width":1170,"1170w-height":788,"gform-image-choice-sm":"https:\/\/vetus.com\/wp-content\/uploads\/cover_for_web-1.jpg","gform-image-choice-sm-width":300,"gform-image-choice-sm-height":202,"gform-image-choice-md":"https:\/\/vetus.com\/wp-content\/uploads\/cover_for_web-1.jpg","gform-image-choice-md-width":400,"gform-image-choice-md-height":269,"gform-image-choice-lg":"https:\/\/vetus.com\/wp-content\/uploads\/cover_for_web-1.jpg","gform-image-choice-lg-width":600,"gform-image-choice-lg-height":404}},"introduction":"D\u00e9couvrez le nouveau catalogue VETUS 2026 2027, une pr\u00e9sentation inspirante et compl\u00e8te des solutions fa\u00e7onn\u00e9es par plus de soixante ans d\u2019exp\u00e9rience dans l\u2019industrie maritime. Cette nouvelle \u00e9dition met en lumi\u00e8re la mani\u00e8re dont nos capacit\u00e9s d\u2019innovation et notre approche centr\u00e9e sur le client se r\u00e9unissent dans des produits con\u00e7us pour rendre la vie \u00e0 bord plus confortable, plus s\u00fbre et plus fiable. Le catalogue offre non seulement une vue claire de notre vaste gamme, mais \u00e9galement des perspectives uniques sur la fa\u00e7on dont les syst\u00e8mes VETUS fonctionnent ensemble en parfaite harmonie. Cet \u00e9l\u00e9ment distinctif refl\u00e8te notre engagement continu envers une int\u00e9gration intelligente et un design tourn\u00e9 vers l\u2019avenir. Avec le nouveau catalogue VETUS, nous franchissons une nouvelle \u00e9tape dans l\u2019accompagnement des propri\u00e9taires de bateaux, des chantiers navals et des distributeurs gr\u00e2ce \u00e0 une expertise solide et \u00e0 des solutions pr\u00eates pour les ann\u00e9es \u00e0 venir.","person":false,"title":"Nouveau VETUS Catalogue<br> 2026 2027","yellow_button":{"title":"gsrg","url":"#","target":""}},"yoast_head":"<!-- This site is optimized with the Yoast SEO Premium plugin v27.3 (Yoast SEO v27.3) - https:\/\/yoast.com\/product\/yoast-seo-premium-wordpress\/ -->\n<title>Catalogue - VETUS<\/title>\n<meta name=\"description\" content=\"We are proud to release a VETUS catalogue as a valuable resource to our customers and partners, which has a full range of systems, products and equipment.\" \/>\n<meta name=\"robots\" content=\"index, follow, max-snippet:-1, max-image-preview:large, max-video-preview:-1\" \/>\n<link rel=\"canonical\" href=\"https:\/\/vetus.com\/fr\/vetus-catalogue\/\" \/>\n<meta property=\"og:locale\" content=\"fr_FR\" \/>\n<meta property=\"og:type\" content=\"article\" \/>\n<meta property=\"og:title\" content=\"Catalogue\" \/>\n<meta property=\"og:description\" content=\"We are proud to release a VETUS catalogue as a valuable resource to our customers and partners, which has a full range of systems, products and equipment.\" \/>\n<meta property=\"og:url\" content=\"https:\/\/vetus.com\/fr\/vetus-catalogue\/\" \/>\n<meta property=\"og:site_name\" content=\"VETUS\" \/>\n<meta property=\"article:modified_time\" content=\"2026-01-23T08:14:48+00:00\" \/>\n<meta name=\"twitter:card\" content=\"summary_large_image\" \/>\n<meta name=\"twitter:label1\" content=\"Dur\u00e9e de lecture estim\u00e9e\" \/>\n\t<meta name=\"twitter:data1\" content=\"3 minutes\" \/>\n<script type=\"application\/ld+json\" class=\"yoast-schema-graph\">{\"@context\":\"https:\\\/\\\/schema.org\",\"@graph\":[{\"@type\":\"WebPage\",\"@id\":\"https:\\\/\\\/vetus.com\\\/fr\\\/vetus-catalogue\\\/\",\"url\":\"https:\\\/\\\/vetus.com\\\/fr\\\/vetus-catalogue\\\/\",\"name\":\"Catalogue - VETUS\",\"isPartOf\":{\"@id\":\"https:\\\/\\\/vetus.com\\\/fr\\\/#website\"},\"datePublished\":\"2021-08-02T08:17:39+00:00\",\"dateModified\":\"2026-01-23T08:14:48+00:00\",\"description\":\"We are proud to release a VETUS catalogue as a valuable resource to our customers and partners, which has a full range of systems, products and equipment.\",\"breadcrumb\":{\"@id\":\"https:\\\/\\\/vetus.com\\\/fr\\\/vetus-catalogue\\\/#breadcrumb\"},\"inLanguage\":\"fr-FR\",\"potentialAction\":[{\"@type\":\"ReadAction\",\"target\":[\"https:\\\/\\\/vetus.com\\\/fr\\\/vetus-catalogue\\\/\"]}]},{\"@type\":\"BreadcrumbList\",\"@id\":\"https:\\\/\\\/vetus.com\\\/fr\\\/vetus-catalogue\\\/#breadcrumb\",\"itemListElement\":[{\"@type\":\"ListItem\",\"position\":1,\"name\":\"Home\",\"item\":\"https:\\\/\\\/vetus.com\\\/fr\\\/\"},{\"@type\":\"ListItem\",\"position\":2,\"name\":\"Catalogue\"}]},{\"@type\":\"WebSite\",\"@id\":\"https:\\\/\\\/vetus.com\\\/fr\\\/#website\",\"url\":\"https:\\\/\\\/vetus.com\\\/fr\\\/\",\"name\":\"VETUS\",\"description\":\"\",\"potentialAction\":[{\"@type\":\"SearchAction\",\"target\":{\"@type\":\"EntryPoint\",\"urlTemplate\":\"https:\\\/\\\/vetus.com\\\/fr\\\/?s={search_term_string}\"},\"query-input\":{\"@type\":\"PropertyValueSpecification\",\"valueRequired\":true,\"valueName\":\"search_term_string\"}}],\"inLanguage\":\"fr-FR\"}]}<\/script>\n<!-- \/ Yoast SEO Premium plugin. -->","yoast_head_json":{"title":"Catalogue - VETUS","description":"We are proud to release a VETUS catalogue as a valuable resource to our customers and partners, which has a full range of systems, products and equipment.","robots":{"index":"index","follow":"follow","max-snippet":"max-snippet:-1","max-image-preview":"max-image-preview:large","max-video-preview":"max-video-preview:-1"},"canonical":"https:\/\/vetus.com\/fr\/vetus-catalogue\/","og_locale":"fr_FR","og_type":"article","og_title":"Catalogue","og_description":"We are proud to release a VETUS catalogue as a valuable resource to our customers and partners, which has a full range of systems, products and equipment.","og_url":"https:\/\/vetus.com\/fr\/vetus-catalogue\/","og_site_name":"VETUS","article_modified_time":"2026-01-23T08:14:48+00:00","twitter_card":"summary_large_image","twitter_misc":{"Dur\u00e9e de lecture estim\u00e9e":"3 minutes"},"schema":{"@context":"https:\/\/schema.org","@graph":[{"@type":"WebPage","@id":"https:\/\/vetus.com\/fr\/vetus-catalogue\/","url":"https:\/\/vetus.com\/fr\/vetus-catalogue\/","name":"Catalogue - VETUS","isPartOf":{"@id":"https:\/\/vetus.com\/fr\/#website"},"datePublished":"2021-08-02T08:17:39+00:00","dateModified":"2026-01-23T08:14:48+00:00","description":"We are proud to release a VETUS catalogue as a valuable resource to our customers and partners, which has a full range of systems, products and equipment.","breadcrumb":{"@id":"https:\/\/vetus.com\/fr\/vetus-catalogue\/#breadcrumb"},"inLanguage":"fr-FR","potentialAction":[{"@type":"ReadAction","target":["https:\/\/vetus.com\/fr\/vetus-catalogue\/"]}]},{"@type":"BreadcrumbList","@id":"https:\/\/vetus.com\/fr\/vetus-catalogue\/#breadcrumb","itemListElement":[{"@type":"ListItem","position":1,"name":"Home","item":"https:\/\/vetus.com\/fr\/"},{"@type":"ListItem","position":2,"name":"Catalogue"}]},{"@type":"WebSite","@id":"https:\/\/vetus.com\/fr\/#website","url":"https:\/\/vetus.com\/fr\/","name":"VETUS","description":"","potentialAction":[{"@type":"SearchAction","target":{"@type":"EntryPoint","urlTemplate":"https:\/\/vetus.com\/fr\/?s={search_term_string}"},"query-input":{"@type":"PropertyValueSpecification","valueRequired":true,"valueName":"search_term_string"}}],"inLanguage":"fr-FR"}]}},"_links":{"self":[{"href":"https:\/\/vetus.com\/fr\/wp-json\/wp\/v2\/pages\/26267","targetHints":{"allow":["GET"]}}],"collection":[{"href":"https:\/\/vetus.com\/fr\/wp-json\/wp\/v2\/pages"}],"about":[{"href":"https:\/\/vetus.com\/fr\/wp-json\/wp\/v2\/types\/page"}],"author":[{"embeddable":true,"href":"https:\/\/vetus.com\/fr\/wp-json\/wp\/v2\/users\/8"}],"replies":[{"embeddable":true,"href":"https:\/\/vetus.com\/fr\/wp-json\/wp\/v2\/comments?post=26267"}],"version-history":[{"count":5,"href":"https:\/\/vetus.com\/fr\/wp-json\/wp\/v2\/pages\/26267\/revisions"}],"predecessor-version":[{"id":120361,"href":"https:\/\/vetus.com\/fr\/wp-json\/wp\/v2\/pages\/26267\/revisions\/120361"}],"wp:attachment":[{"href":"https:\/\/vetus.com\/fr\/wp-json\/wp\/v2\/media?parent=26267"}],"curies":[{"name":"wp","href":"https:\/\/api.w.org\/{rel}","templated":true}]}}