{"id":121705,"date":"2025-11-06T16:08:23","date_gmt":"2025-11-06T14:08:23","guid":{"rendered":"https:\/\/vetus.com\/engineered-for-effortless-anchoring\/"},"modified":"2026-02-11T11:44:51","modified_gmt":"2026-02-11T09:44:51","slug":"engineered-for-effortless-anchoring","status":"publish","type":"page","link":"https:\/\/vetus.com\/fr\/engineered-for-effortless-anchoring\/","title":{"rendered":"Con\u00e7us pour un ancrage sans effort"},"content":{"rendered":"\n<section class=\"section  \">\n    \n\n<section id=\"section-text-block-block_88a49530acb46c46568d95e6ec42b975\" class=\"section text-block \">\n                    <div class=\"section section__body\">\n            <div class=\"text-block\">\n                <div class=\"container\">\n                    <div class=\"row\">\n                        <div class=\"col-lg-8 offset-lg-2\">\n                                                            <div class=\"section__content single__content hentry\">\n                                    <p>La gamme de guindeaux et de syst\u00e8mes d\u2019ancrage Maxwell offre des performances s\u00fbres et fiables, aussi bien pour les bateaux existants que pour les nouvelles constructions. Compacts et faciles \u00e0 installer, les guindeaux Maxwell sont id\u00e9aux pour les refits comme pour l\u2019int\u00e9gration dans de nouveaux projets. Gr\u00e2ce \u00e0 une ing\u00e9nierie robuste et \u00e0 la technologie innovante de barbotin Wave Design&#x2122;, ils assurent une manipulation fluide du cordage et de la cha\u00eene pour une exp\u00e9rience d\u2019ancrage sans stress.<\/p>\n                                <\/div>\n                            \n                                                    <\/div>\n                    <\/div>\n                <\/div>\n            <\/div>\n        <\/div>\n    <\/section>\n\n<section id=\"section-text-block-block_88a49530acb46c46568d95e6ec42b975\" class=\"section text-block \">\n                    <div class=\"section section__body\">\n            <div class=\"text-block\">\n                <div class=\"container\">\n                    <div class=\"row\">\n                        <div class=\"col-lg-8 offset-lg-2\">\n                                                            <div class=\"section__content single__content hentry\">\n                                    <h3 data-start=\"623\" data-end=\"683\">Pourquoi Maxwell est le choix intelligent pour l\u2019ancrage<\/h3>\n<ul>\n<li>Designs intelligents et compacts pour une installation simple ; id\u00e9als pour les nouvelles constructions comme pour les r\u00e9novations, sans modifications majeures.<\/li>\n<li>Barbotin innovant Wave Design&#x2122; garantissant une prise s\u00fbre sur le cordage et la cha\u00eene, r\u00e9duisant l\u2019usure et prolongeant la dur\u00e9e de vie du mouillage.<\/li>\n<li>Syst\u00e8mes d\u2019engrenages robustes con\u00e7us pour supporter des charges extr\u00eames, assurant des performances fiables dans toutes les conditions en mer.<\/li>\n<li>Rouleaux d\u2019\u00e9trave, bloqueurs de cha\u00eene et accessoires con\u00e7us pour r\u00e9duire la charge sur le guindeau et maximiser la long\u00e9vit\u00e9 du syst\u00e8me.<\/li>\n<li>\u00a0Panneaux de commande intuitifs et t\u00e9l\u00e9commandes sans fil pour un ancrage simple et s\u00e9curis\u00e9 depuis n\u2019importe quel endroit \u00e0 bord.<\/li>\n<li>\u00a0Mat\u00e9riaux r\u00e9sistants \u00e0 la corrosion, de qualit\u00e9 marine, garantissant une durabilit\u00e9 exceptionnelle m\u00eame dans les environnements marins les plus exigeants.<\/li>\n<\/ul>\n                                <\/div>\n                            \n                                                            <div class=\"section__actions text-block__actions actions\">\n                                    <div class=\"btn-group d-flex flex-wrap justify-content-center\">\n                                                                                    <a href=\"https:\/\/webshop.vetus.com\/en\/products\/maxwell-anchoring-systems\" class=\"btn btn-primary\" title=\"\" target=\"_blank\">\n                                                <span>D\u00e9couvrez la gamme de produits Maxwell<\/span>\n                                            <\/a>\n                                        \n                                                                            <\/div>\n                                <\/div>\n                                                    <\/div>\n                    <\/div>\n                <\/div>\n            <\/div>\n        <\/div>\n    <\/section><\/section>\n\n\n<section class=\"section  \">\n    \n<section id=\"content-block-1-block_4bc8e9ab1be1b08f8fbd5970e02b25b3\" class=\"section content-block content-block--image \">\n    <div class=\"container\">\n        <div class=\"row d-flex align-items-center\">\n\n            <div class=\"col-md-6 col-lg-7\">\n                                    <div class=\"content-block__visuals\">\n                        <div class=\"content-block__media media--clipped media ratio\">\n                            <div class=\"media__wrapper\">\n                                <img decoding=\"async\" width=\"690\" height=\"575\" src=\"https:\/\/vetus.com\/wp-content\/uploads\/Untitled-1-9-690x575.png\" class=\"media__source img-fit\" alt=\"\" srcset=\"https:\/\/vetus.com\/wp-content\/uploads\/Untitled-1-9-690x575.png 690w, https:\/\/vetus.com\/wp-content\/uploads\/Untitled-1-9-300x250.png 300w, https:\/\/vetus.com\/wp-content\/uploads\/Untitled-1-9-768x640.png 768w, https:\/\/vetus.com\/wp-content\/uploads\/Untitled-1-9-210x175.png 210w, https:\/\/vetus.com\/wp-content\/uploads\/Untitled-1-9-330x275.png 330w, https:\/\/vetus.com\/wp-content\/uploads\/Untitled-1-9-431x359.png 431w, https:\/\/vetus.com\/wp-content\/uploads\/Untitled-1-9-507x423.png 507w, https:\/\/vetus.com\/wp-content\/uploads\/Untitled-1-9-530x442.png 530w, https:\/\/vetus.com\/wp-content\/uploads\/Untitled-1-9-930x775.png 930w, https:\/\/vetus.com\/wp-content\/uploads\/Untitled-1-9-1170x975.png 1170w, https:\/\/vetus.com\/wp-content\/uploads\/Untitled-1-9.png 1200w\" sizes=\"auto, (max-width: 575.98px) 431px, (max-width: 767.98px) 530px, (max-width: 991.98px) 330px, (max-width: 1279.98px) 530px, (max-width: 1899.98px) 690px, 930px\" loading=\"lazy\" \/>                            <\/div>\n                        <\/div>\n                    <\/div>\n                            <\/div>\n\n            <div class=\"col-md-6 col-lg-4 offset-lg-1\">\n                <div class=\"content-block__body\">\n                    \n                    \n                                            <h3 data-start=\"1638\" data-end=\"1689\">Guindeaux verticaux \u2013 Compacts et gain de place<\/h3>\n<p data-start=\"1691\" data-end=\"2057\">Les guindeaux verticaux sont la solution privil\u00e9gi\u00e9e pour la plupart des voiliers et bateaux \u00e0 moteur, offrant une installation propre et compacte avec le moteur et le r\u00e9ducteur positionn\u00e9s sous le pont. Cette configuration optimise l\u2019espace sur le pont tout en assurant un fonctionnement efficace, silencieux et une manipulation fluide du cordage et de la cha\u00eene. Dot\u00e9s du barbotin Wave Design&#x2122; de Maxwell pour une prise s\u00e9curis\u00e9e et une usure r\u00e9duite, ces guindeaux garantissent des performances fiables et une longue dur\u00e9e de vie du mouillage. Faciles \u00e0 installer et \u00e0 entretenir, les guindeaux verticaux Maxwell rendent l\u2019ancrage simple, fiable et discret.<\/p>\n<p><em>\u00a0<\/em><\/p>\n                    \t\t\t\t\t\n                                    <\/div>\n            <\/div>\n        <\/div>\n    <\/div>\n<\/section>\n<section id=\"content-block-1-block_4bc8e9ab1be1b08f8fbd5970e02b25b3\" class=\"section content-block content-block--image \">\n    <div class=\"container\">\n        <div class=\"row d-flex align-items-center flex-md-row-reverse\">\n\n            <div class=\"col-md-6 col-lg-7 offset-lg-1\">\n                                    <div class=\"content-block__visuals\">\n                        <div class=\"content-block__media media--clipped media ratio\">\n                            <div class=\"media__wrapper\">\n                                <img decoding=\"async\" width=\"690\" height=\"575\" src=\"https:\/\/vetus.com\/wp-content\/uploads\/Untitled-2-3-690x575.png\" class=\"media__source img-fit\" alt=\"\" srcset=\"https:\/\/vetus.com\/wp-content\/uploads\/Untitled-2-3-690x575.png 690w, https:\/\/vetus.com\/wp-content\/uploads\/Untitled-2-3-300x250.png 300w, https:\/\/vetus.com\/wp-content\/uploads\/Untitled-2-3-768x640.png 768w, https:\/\/vetus.com\/wp-content\/uploads\/Untitled-2-3-210x175.png 210w, https:\/\/vetus.com\/wp-content\/uploads\/Untitled-2-3-330x275.png 330w, https:\/\/vetus.com\/wp-content\/uploads\/Untitled-2-3-431x359.png 431w, https:\/\/vetus.com\/wp-content\/uploads\/Untitled-2-3-507x423.png 507w, https:\/\/vetus.com\/wp-content\/uploads\/Untitled-2-3-530x442.png 530w, https:\/\/vetus.com\/wp-content\/uploads\/Untitled-2-3-930x775.png 930w, https:\/\/vetus.com\/wp-content\/uploads\/Untitled-2-3-1170x975.png 1170w, https:\/\/vetus.com\/wp-content\/uploads\/Untitled-2-3.png 1200w\" sizes=\"auto, (max-width: 575.98px) 431px, (max-width: 767.98px) 530px, (max-width: 991.98px) 330px, (max-width: 1279.98px) 530px, (max-width: 1899.98px) 690px, 930px\" loading=\"lazy\" \/>                            <\/div>\n                        <\/div>\n                    <\/div>\n                            <\/div>\n\n            <div class=\"col-md-6 col-lg-4\">\n                <div class=\"content-block__body\">\n                    \n                    \n                                            <h3 data-start=\"2361\" data-end=\"2411\">Guindeaux horizontaux \u2013 Flexibles et puissants<\/h3>\n<p data-start=\"2413\" data-end=\"2739\">Les guindeaux horizontaux constituent un excellent choix pour les bateaux o\u00f9 l\u2019espace sous le pont est limit\u00e9 ou lorsque l\u2019acc\u00e8s au-dessus du pont est privil\u00e9gi\u00e9. Avec le moteur et le r\u00e9ducteur mont\u00e9s sur le pont, ils offrent des options d\u2019installation flexibles et facilitent l\u2019entretien sans compromettre les performances. Con\u00e7us pour une manipulation fluide du cordage et de la cha\u00eene et un fonctionnement constant, les mod\u00e8les horizontaux Maxwell assurent un contr\u00f4le d\u2019ancrage fiable dans un large \u00e9ventail de conditions.<\/p>\n                    \t\t\t\t\t\n                                    <\/div>\n            <\/div>\n        <\/div>\n    <\/div>\n<\/section>\n<section id=\"content-block-1-block_4bc8e9ab1be1b08f8fbd5970e02b25b3\" class=\"section content-block content-block--image \">\n    <div class=\"container\">\n        <div class=\"row d-flex align-items-center\">\n\n            <div class=\"col-md-6 col-lg-7\">\n                                    <div class=\"content-block__visuals\">\n                        <div class=\"content-block__media media--clipped media ratio\">\n                            <div class=\"media__wrapper\">\n                                <img decoding=\"async\" width=\"690\" height=\"575\" src=\"https:\/\/vetus.com\/wp-content\/uploads\/Untitled-3-1-690x575.png\" class=\"media__source img-fit\" alt=\"\" srcset=\"https:\/\/vetus.com\/wp-content\/uploads\/Untitled-3-1-690x575.png 690w, https:\/\/vetus.com\/wp-content\/uploads\/Untitled-3-1-300x250.png 300w, https:\/\/vetus.com\/wp-content\/uploads\/Untitled-3-1-768x640.png 768w, https:\/\/vetus.com\/wp-content\/uploads\/Untitled-3-1-210x175.png 210w, https:\/\/vetus.com\/wp-content\/uploads\/Untitled-3-1-330x275.png 330w, https:\/\/vetus.com\/wp-content\/uploads\/Untitled-3-1-431x359.png 431w, https:\/\/vetus.com\/wp-content\/uploads\/Untitled-3-1-507x423.png 507w, https:\/\/vetus.com\/wp-content\/uploads\/Untitled-3-1-530x442.png 530w, https:\/\/vetus.com\/wp-content\/uploads\/Untitled-3-1-930x775.png 930w, https:\/\/vetus.com\/wp-content\/uploads\/Untitled-3-1-1170x975.png 1170w, https:\/\/vetus.com\/wp-content\/uploads\/Untitled-3-1.png 1200w\" sizes=\"auto, (max-width: 575.98px) 431px, (max-width: 767.98px) 530px, (max-width: 991.98px) 330px, (max-width: 1279.98px) 530px, (max-width: 1899.98px) 690px, 930px\" loading=\"lazy\" \/>                            <\/div>\n                        <\/div>\n                    <\/div>\n                            <\/div>\n\n            <div class=\"col-md-6 col-lg-4 offset-lg-1\">\n                <div class=\"content-block__body\">\n                    \n                    \n                                            <h3 data-start=\"2949\" data-end=\"2997\">Cabestans \u2013 Manipulation fiable des cordages<\/h3>\n<p data-start=\"2999\" data-end=\"3352\">Les cabestans Maxwell assurent une manipulation fluide et puissante des cordages pour l\u2019ancrage et l\u2019amarrage. Compacts et efficaces, ils sont id\u00e9aux lorsqu\u2019un guindeau complet n\u2019est pas n\u00e9cessaire ou comme \u00e9quipement auxiliaire. Fabriqu\u00e9s en mat\u00e9riaux de qualit\u00e9 marine, ces cabestans garantissent des performances fiables pendant de nombreuses ann\u00e9es.<\/p>\n                    \t\t\t\t\t\n                                    <\/div>\n            <\/div>\n        <\/div>\n    <\/div>\n<\/section>\n<section id=\"content-block-1-block_4bc8e9ab1be1b08f8fbd5970e02b25b3\" class=\"section content-block content-block--image \">\n    <div class=\"container\">\n        <div class=\"row d-flex align-items-center flex-md-row-reverse\">\n\n            <div class=\"col-md-6 col-lg-7 offset-lg-1\">\n                                    <div class=\"content-block__visuals\">\n                        <div class=\"content-block__media media--clipped media ratio\">\n                            <div class=\"media__wrapper\">\n                                <img decoding=\"async\" width=\"690\" height=\"575\" src=\"https:\/\/vetus.com\/wp-content\/uploads\/Untitled-4-690x575.png\" class=\"media__source img-fit\" alt=\"\" srcset=\"https:\/\/vetus.com\/wp-content\/uploads\/Untitled-4-690x575.png 690w, https:\/\/vetus.com\/wp-content\/uploads\/Untitled-4-300x250.png 300w, https:\/\/vetus.com\/wp-content\/uploads\/Untitled-4-768x640.png 768w, https:\/\/vetus.com\/wp-content\/uploads\/Untitled-4-210x175.png 210w, https:\/\/vetus.com\/wp-content\/uploads\/Untitled-4-330x275.png 330w, https:\/\/vetus.com\/wp-content\/uploads\/Untitled-4-431x359.png 431w, https:\/\/vetus.com\/wp-content\/uploads\/Untitled-4-507x423.png 507w, https:\/\/vetus.com\/wp-content\/uploads\/Untitled-4-530x442.png 530w, https:\/\/vetus.com\/wp-content\/uploads\/Untitled-4-930x775.png 930w, https:\/\/vetus.com\/wp-content\/uploads\/Untitled-4-1170x975.png 1170w, https:\/\/vetus.com\/wp-content\/uploads\/Untitled-4.png 1200w\" sizes=\"auto, (max-width: 575.98px) 431px, (max-width: 767.98px) 530px, (max-width: 991.98px) 330px, (max-width: 1279.98px) 530px, (max-width: 1899.98px) 690px, 930px\" loading=\"lazy\" \/>                            <\/div>\n                        <\/div>\n                    <\/div>\n                            <\/div>\n\n            <div class=\"col-md-6 col-lg-4\">\n                <div class=\"content-block__body\">\n                    \n                    \n                                            <h3 data-start=\"3359\" data-end=\"3416\">Cordages, cha\u00eenes et mouillages \u2013 Solutions compl\u00e8tes<\/h3>\n<p data-start=\"3418\" data-end=\"3609\">Maxwell propose des mouillages adapt\u00e9s \u00e0 toutes les tailles de bateaux et \u00e0 tous les styles d\u2019ancrage. Choisissez entre cha\u00eene seule, cordage seul ou combinaisons pr\u00e9-\u00e9piss\u00e9es corde\/cha\u00eene. Les options incluent du nylon \u00e0 3 torons ou \u00e0 8 torons pour plus de flexibilit\u00e9 et une manipulation ais\u00e9e, ainsi que des cha\u00eenes haute r\u00e9sistance disponibles en plusieurs dimensions pour un ancrage fiable.<\/p>\n                    \t\t\t\t\t\n                                    <\/div>\n            <\/div>\n        <\/div>\n    <\/div>\n<\/section>\n\n<section id=\"section-text-block-block_4bc8e9ab1be1b08f8fbd5970e02b25b3\" class=\"section text-block \">\n                    <div class=\"section section__body\">\n            <div class=\"text-block\">\n                <div class=\"container\">\n                    <div class=\"row\">\n                        <div class=\"col-lg-8 offset-lg-2\">\n                            \n                                                            <div class=\"section__actions text-block__actions actions\">\n                                    <div class=\"btn-group d-flex flex-wrap justify-content-center\">\n                                                                                    <a href=\"https:\/\/webshop.vetus.com\/en\/products\/maxwell-anchoring-systems\" class=\"btn btn-primary\" title=\"\" target=\"_blank\">\n                                                <span>D\u00e9couvrez les produits Maxwell pour bateaux \u00e0 moteur et voiliers<\/span>\n                                            <\/a>\n                                        \n                                                                            <\/div>\n                                <\/div>\n                                                    <\/div>\n                    <\/div>\n                <\/div>\n            <\/div>\n        <\/div>\n    <\/section><\/section>","protected":false},"excerpt":{"rendered":"","protected":false},"author":20,"featured_media":0,"parent":0,"menu_order":0,"comment_status":"closed","ping_status":"closed","template":"tpl-default.php","meta":{"_acf_changed":false,"footnotes":""},"class_list":["post-121705","page","type-page","status-publish","hentry"],"acf":{"button":{"title":"","url":"","target":"","0":""},"button_secondary":{"title":"","url":"","target":"","0":""},"image":{"ID":117148,"id":117148,"title":"Medium-P106439 - Extendable Bow Roller 2","filename":"Medium-P106439-Extendable-Bow-Roller-2.jpg","filesize":71949,"url":"https:\/\/vetus.com\/wp-content\/uploads\/Medium-P106439-Extendable-Bow-Roller-2.jpg","link":"https:\/\/vetus.com\/fr\/engineered-for-effortless-anchoring\/medium-p106439-extendable-bow-roller-2-2\/","alt":"","author":"25","description":"","caption":"","name":"medium-p106439-extendable-bow-roller-2-2","status":"inherit","uploaded_to":121705,"date":"2025-11-07 11:37:10","modified":"2025-11-07 11:37:10","menu_order":0,"mime_type":"image\/jpeg","type":"image","subtype":"jpeg","icon":"https:\/\/vetus.com\/wp-includes\/images\/media\/default.png","width":1024,"height":683,"sizes":{"thumbnail":"https:\/\/vetus.com\/wp-content\/uploads\/Medium-P106439-Extendable-Bow-Roller-2-150x150.jpg","thumbnail-width":150,"thumbnail-height":150,"medium":"https:\/\/vetus.com\/wp-content\/uploads\/Medium-P106439-Extendable-Bow-Roller-2-300x200.jpg","medium-width":300,"medium-height":200,"medium_large":"https:\/\/vetus.com\/wp-content\/uploads\/Medium-P106439-Extendable-Bow-Roller-2-768x512.jpg","medium_large-width":768,"medium_large-height":512,"large":"https:\/\/vetus.com\/wp-content\/uploads\/Medium-P106439-Extendable-Bow-Roller-2.jpg","large-width":1024,"large-height":683,"1536x1536":"https:\/\/vetus.com\/wp-content\/uploads\/Medium-P106439-Extendable-Bow-Roller-2.jpg","1536x1536-width":1024,"1536x1536-height":683,"2048x2048":"https:\/\/vetus.com\/wp-content\/uploads\/Medium-P106439-Extendable-Bow-Roller-2.jpg","2048x2048-width":1024,"2048x2048-height":683,"210w":"https:\/\/vetus.com\/wp-content\/uploads\/Medium-P106439-Extendable-Bow-Roller-2-210x140.jpg","210w-width":210,"210w-height":140,"330w":"https:\/\/vetus.com\/wp-content\/uploads\/Medium-P106439-Extendable-Bow-Roller-2-330x220.jpg","330w-width":330,"330w-height":220,"431w":"https:\/\/vetus.com\/wp-content\/uploads\/Medium-P106439-Extendable-Bow-Roller-2-431x287.jpg","431w-width":431,"431w-height":287,"507w":"https:\/\/vetus.com\/wp-content\/uploads\/Medium-P106439-Extendable-Bow-Roller-2-507x338.jpg","507w-width":507,"507w-height":338,"530w":"https:\/\/vetus.com\/wp-content\/uploads\/Medium-P106439-Extendable-Bow-Roller-2-530x354.jpg","530w-width":530,"530w-height":354,"690w":"https:\/\/vetus.com\/wp-content\/uploads\/Medium-P106439-Extendable-Bow-Roller-2-690x460.jpg","690w-width":690,"690w-height":460,"930w":"https:\/\/vetus.com\/wp-content\/uploads\/Medium-P106439-Extendable-Bow-Roller-2-930x620.jpg","930w-width":930,"930w-height":620,"1170w":"https:\/\/vetus.com\/wp-content\/uploads\/Medium-P106439-Extendable-Bow-Roller-2.jpg","1170w-width":1024,"1170w-height":683,"gform-image-choice-sm":"https:\/\/vetus.com\/wp-content\/uploads\/Medium-P106439-Extendable-Bow-Roller-2.jpg","gform-image-choice-sm-width":300,"gform-image-choice-sm-height":200,"gform-image-choice-md":"https:\/\/vetus.com\/wp-content\/uploads\/Medium-P106439-Extendable-Bow-Roller-2.jpg","gform-image-choice-md-width":400,"gform-image-choice-md-height":267,"gform-image-choice-lg":"https:\/\/vetus.com\/wp-content\/uploads\/Medium-P106439-Extendable-Bow-Roller-2.jpg","gform-image-choice-lg-width":600,"gform-image-choice-lg-height":400}},"introduction":"","person":false,"title":"Solutions d\u2019ancrage fluides et fiables pour voiliers et bateaux \u00e0 moteur"},"yoast_head":"<!-- This site is optimized with the Yoast SEO Premium plugin v27.3 (Yoast SEO v27.3) - https:\/\/yoast.com\/product\/yoast-seo-premium-wordpress\/ -->\n<title>Engineered for effortless anchoring<\/title>\n<meta name=\"description\" content=\"The Maxwell range of windlasses and anchoring systems provides safe, reliable performance for both existing boats and new builds.\" \/>\n<meta name=\"robots\" content=\"index, follow, max-snippet:-1, max-image-preview:large, max-video-preview:-1\" \/>\n<link rel=\"canonical\" href=\"https:\/\/vetus.com\/fr\/engineered-for-effortless-anchoring\/\" \/>\n<meta property=\"og:locale\" content=\"fr_FR\" \/>\n<meta property=\"og:type\" content=\"article\" \/>\n<meta property=\"og:title\" content=\"Con\u00e7us pour un ancrage sans effort\" \/>\n<meta property=\"og:description\" content=\"The Maxwell range of windlasses and anchoring systems provides safe, reliable performance for both existing boats and new builds.\" \/>\n<meta property=\"og:url\" content=\"https:\/\/vetus.com\/fr\/engineered-for-effortless-anchoring\/\" \/>\n<meta property=\"og:site_name\" content=\"VETUS\" \/>\n<meta property=\"article:modified_time\" content=\"2026-02-11T09:44:51+00:00\" \/>\n<meta name=\"twitter:card\" content=\"summary_large_image\" \/>\n<meta name=\"twitter:label1\" content=\"Dur\u00e9e de lecture estim\u00e9e\" \/>\n\t<meta name=\"twitter:data1\" content=\"4 minutes\" \/>\n<script type=\"application\/ld+json\" class=\"yoast-schema-graph\">{\"@context\":\"https:\\\/\\\/schema.org\",\"@graph\":[{\"@type\":\"WebPage\",\"@id\":\"https:\\\/\\\/vetus.com\\\/fr\\\/engineered-for-effortless-anchoring\\\/\",\"url\":\"https:\\\/\\\/vetus.com\\\/fr\\\/engineered-for-effortless-anchoring\\\/\",\"name\":\"Engineered for effortless anchoring\",\"isPartOf\":{\"@id\":\"https:\\\/\\\/vetus.com\\\/fr\\\/#website\"},\"datePublished\":\"2025-11-06T14:08:23+00:00\",\"dateModified\":\"2026-02-11T09:44:51+00:00\",\"description\":\"The Maxwell range of windlasses and anchoring systems provides safe, reliable performance for both existing boats and new builds.\",\"breadcrumb\":{\"@id\":\"https:\\\/\\\/vetus.com\\\/fr\\\/engineered-for-effortless-anchoring\\\/#breadcrumb\"},\"inLanguage\":\"fr-FR\",\"potentialAction\":[{\"@type\":\"ReadAction\",\"target\":[\"https:\\\/\\\/vetus.com\\\/fr\\\/engineered-for-effortless-anchoring\\\/\"]}]},{\"@type\":\"BreadcrumbList\",\"@id\":\"https:\\\/\\\/vetus.com\\\/fr\\\/engineered-for-effortless-anchoring\\\/#breadcrumb\",\"itemListElement\":[{\"@type\":\"ListItem\",\"position\":1,\"name\":\"Home\",\"item\":\"https:\\\/\\\/vetus.com\\\/fr\\\/\"},{\"@type\":\"ListItem\",\"position\":2,\"name\":\"Con\u00e7us pour un ancrage sans effort\"}]},{\"@type\":\"WebSite\",\"@id\":\"https:\\\/\\\/vetus.com\\\/fr\\\/#website\",\"url\":\"https:\\\/\\\/vetus.com\\\/fr\\\/\",\"name\":\"VETUS\",\"description\":\"\",\"potentialAction\":[{\"@type\":\"SearchAction\",\"target\":{\"@type\":\"EntryPoint\",\"urlTemplate\":\"https:\\\/\\\/vetus.com\\\/fr\\\/?s={search_term_string}\"},\"query-input\":{\"@type\":\"PropertyValueSpecification\",\"valueRequired\":true,\"valueName\":\"search_term_string\"}}],\"inLanguage\":\"fr-FR\"}]}<\/script>\n<!-- \/ Yoast SEO Premium plugin. -->","yoast_head_json":{"title":"Engineered for effortless anchoring","description":"The Maxwell range of windlasses and anchoring systems provides safe, reliable performance for both existing boats and new builds.","robots":{"index":"index","follow":"follow","max-snippet":"max-snippet:-1","max-image-preview":"max-image-preview:large","max-video-preview":"max-video-preview:-1"},"canonical":"https:\/\/vetus.com\/fr\/engineered-for-effortless-anchoring\/","og_locale":"fr_FR","og_type":"article","og_title":"Con\u00e7us pour un ancrage sans effort","og_description":"The Maxwell range of windlasses and anchoring systems provides safe, reliable performance for both existing boats and new builds.","og_url":"https:\/\/vetus.com\/fr\/engineered-for-effortless-anchoring\/","og_site_name":"VETUS","article_modified_time":"2026-02-11T09:44:51+00:00","twitter_card":"summary_large_image","twitter_misc":{"Dur\u00e9e de lecture estim\u00e9e":"4 minutes"},"schema":{"@context":"https:\/\/schema.org","@graph":[{"@type":"WebPage","@id":"https:\/\/vetus.com\/fr\/engineered-for-effortless-anchoring\/","url":"https:\/\/vetus.com\/fr\/engineered-for-effortless-anchoring\/","name":"Engineered for effortless anchoring","isPartOf":{"@id":"https:\/\/vetus.com\/fr\/#website"},"datePublished":"2025-11-06T14:08:23+00:00","dateModified":"2026-02-11T09:44:51+00:00","description":"The Maxwell range of windlasses and anchoring systems provides safe, reliable performance for both existing boats and new builds.","breadcrumb":{"@id":"https:\/\/vetus.com\/fr\/engineered-for-effortless-anchoring\/#breadcrumb"},"inLanguage":"fr-FR","potentialAction":[{"@type":"ReadAction","target":["https:\/\/vetus.com\/fr\/engineered-for-effortless-anchoring\/"]}]},{"@type":"BreadcrumbList","@id":"https:\/\/vetus.com\/fr\/engineered-for-effortless-anchoring\/#breadcrumb","itemListElement":[{"@type":"ListItem","position":1,"name":"Home","item":"https:\/\/vetus.com\/fr\/"},{"@type":"ListItem","position":2,"name":"Con\u00e7us pour un ancrage sans effort"}]},{"@type":"WebSite","@id":"https:\/\/vetus.com\/fr\/#website","url":"https:\/\/vetus.com\/fr\/","name":"VETUS","description":"","potentialAction":[{"@type":"SearchAction","target":{"@type":"EntryPoint","urlTemplate":"https:\/\/vetus.com\/fr\/?s={search_term_string}"},"query-input":{"@type":"PropertyValueSpecification","valueRequired":true,"valueName":"search_term_string"}}],"inLanguage":"fr-FR"}]}},"_links":{"self":[{"href":"https:\/\/vetus.com\/fr\/wp-json\/wp\/v2\/pages\/121705","targetHints":{"allow":["GET"]}}],"collection":[{"href":"https:\/\/vetus.com\/fr\/wp-json\/wp\/v2\/pages"}],"about":[{"href":"https:\/\/vetus.com\/fr\/wp-json\/wp\/v2\/types\/page"}],"author":[{"embeddable":true,"href":"https:\/\/vetus.com\/fr\/wp-json\/wp\/v2\/users\/20"}],"replies":[{"embeddable":true,"href":"https:\/\/vetus.com\/fr\/wp-json\/wp\/v2\/comments?post=121705"}],"version-history":[{"count":2,"href":"https:\/\/vetus.com\/fr\/wp-json\/wp\/v2\/pages\/121705\/revisions"}],"predecessor-version":[{"id":121708,"href":"https:\/\/vetus.com\/fr\/wp-json\/wp\/v2\/pages\/121705\/revisions\/121708"}],"wp:attachment":[{"href":"https:\/\/vetus.com\/fr\/wp-json\/wp\/v2\/media?parent=121705"}],"curies":[{"name":"wp","href":"https:\/\/api.w.org\/{rel}","templated":true}]}}