{"id":121699,"date":"2025-11-06T16:06:26","date_gmt":"2025-11-06T14:06:26","guid":{"rendered":"https:\/\/vetus.com\/confident-anchoring\/"},"modified":"2026-03-04T12:29:57","modified_gmt":"2026-03-04T10:29:57","slug":"ancrage-securise","status":"publish","type":"page","link":"https:\/\/vetus.com\/fr\/ancrage-securise\/","title":{"rendered":"Ancrage en toute confiance"},"content":{"rendered":"\n<section class=\"section  \">\n    \n\n<section id=\"section-text-block-block_3d629562c9054d4ec582703cfb68f9d4\" class=\"section text-block \">\n                    <div class=\"section section__body\">\n            <div class=\"text-block\">\n                <div class=\"container\">\n                    <div class=\"row\">\n                        <div class=\"col-lg-8 offset-lg-2\">\n                                                            <div class=\"section__content single__content hentry\">\n                                    <h3 data-start=\"185\" data-end=\"245\">Solutions d\u2019ancrage Maxwell compl\u00e8tes pour chaque navire<\/h3>\n<p data-start=\"247\" data-end=\"833\">Mouillez et relevez votre ancre en toute confiance, d\u2019une simple pression sur un bouton. Les syst\u00e8mes d\u2019ancrage Maxwell allient robustesse, fiabilit\u00e9 et une facilit\u00e9 d\u2019utilisation exceptionnelle pour tous types de bateaux, des voiliers compacts aux superyachts de luxe. Con\u00e7us pour un fonctionnement fluide et une manipulation sans effort, ils transforment l\u2019ancrage en une exp\u00e9rience s\u00fbre et v\u00e9ritablement sans stress. Avec les guindeaux, cabestans et \u00e9quipements de pont Maxwell \u00e0 bord, vous \u00eates toujours pr\u00eat \u00e0 vous arr\u00eater, rester et profiter de l\u2019eau selon vos propres conditions.<\/p>\n                                <\/div>\n                            \n                                                    <\/div>\n                    <\/div>\n                <\/div>\n            <\/div>\n        <\/div>\n    <\/section><\/section>\n\n<section class=\"section section--colored bg-light content-blocks bg-light   \">\n    <section id=\"section-gallery-block_396083eb7c8a03d306bfd1362c746804\" class=\"section gallery \">\n                <div class=\"section__body gallery__body\">\n            <div class=\"container\">\n                <div class=\"row row--col-margin-medium justify-content-center\">\n                                            <div class=\"col-8 col-sm-4 offset-sm-0\">\n                            <div class=\"gallery__media media media--clipped ratio\">\n                                <div class=\"media__wrapper\">\n                                    <img decoding=\"async\" width=\"690\" height=\"460\" src=\"https:\/\/vetus.com\/wp-content\/uploads\/8059423_20211006094644709_1_XLARGE-690x460.jpg\" class=\"media__src img-fit\" alt=\"\" srcset=\"https:\/\/vetus.com\/wp-content\/uploads\/8059423_20211006094644709_1_XLARGE-690x460.jpg 690w, https:\/\/vetus.com\/wp-content\/uploads\/8059423_20211006094644709_1_XLARGE-300x200.jpg 300w, https:\/\/vetus.com\/wp-content\/uploads\/8059423_20211006094644709_1_XLARGE-768x512.jpg 768w, https:\/\/vetus.com\/wp-content\/uploads\/8059423_20211006094644709_1_XLARGE-210x140.jpg 210w, https:\/\/vetus.com\/wp-content\/uploads\/8059423_20211006094644709_1_XLARGE-330x220.jpg 330w, https:\/\/vetus.com\/wp-content\/uploads\/8059423_20211006094644709_1_XLARGE-431x287.jpg 431w, https:\/\/vetus.com\/wp-content\/uploads\/8059423_20211006094644709_1_XLARGE-507x338.jpg 507w, https:\/\/vetus.com\/wp-content\/uploads\/8059423_20211006094644709_1_XLARGE-530x353.jpg 530w, https:\/\/vetus.com\/wp-content\/uploads\/8059423_20211006094644709_1_XLARGE-930x620.jpg 930w, https:\/\/vetus.com\/wp-content\/uploads\/8059423_20211006094644709_1_XLARGE-1170x780.jpg 1170w, https:\/\/vetus.com\/wp-content\/uploads\/8059423_20211006094644709_1_XLARGE.jpg 1920w\" sizes=\"auto, (max-width: 575.98px) 431px, (max-width: 767.98px) 530px, (max-width: 991.98px) 330px, (max-width: 1279.98px) 431px, (max-width: 1899.98px) 530px, 690px\" loading=\"lazy\" \/>                                <\/div>\n                            <\/div>\n                        <\/div>\n                                            <div class=\"col-8 col-sm-4 offset-sm-0\">\n                            <div class=\"gallery__media media media--clipped ratio\">\n                                <div class=\"media__wrapper\">\n                                    <img decoding=\"async\" width=\"690\" height=\"460\" src=\"https:\/\/vetus.com\/wp-content\/uploads\/DSCF7077-690x460.jpg\" class=\"media__src img-fit\" alt=\"\" srcset=\"https:\/\/vetus.com\/wp-content\/uploads\/DSCF7077-690x460.jpg 690w, https:\/\/vetus.com\/wp-content\/uploads\/DSCF7077-300x200.jpg 300w, https:\/\/vetus.com\/wp-content\/uploads\/DSCF7077-768x512.jpg 768w, https:\/\/vetus.com\/wp-content\/uploads\/DSCF7077-210x140.jpg 210w, https:\/\/vetus.com\/wp-content\/uploads\/DSCF7077-330x220.jpg 330w, https:\/\/vetus.com\/wp-content\/uploads\/DSCF7077-431x287.jpg 431w, https:\/\/vetus.com\/wp-content\/uploads\/DSCF7077-507x338.jpg 507w, https:\/\/vetus.com\/wp-content\/uploads\/DSCF7077-530x353.jpg 530w, https:\/\/vetus.com\/wp-content\/uploads\/DSCF7077-930x620.jpg 930w, https:\/\/vetus.com\/wp-content\/uploads\/DSCF7077-1170x780.jpg 1170w\" sizes=\"auto, (max-width: 575.98px) 431px, (max-width: 767.98px) 530px, (max-width: 991.98px) 330px, (max-width: 1279.98px) 431px, (max-width: 1899.98px) 530px, 690px\" loading=\"lazy\" \/>                                <\/div>\n                            <\/div>\n                        <\/div>\n                                            <div class=\"col-8 col-sm-4 offset-sm-0\">\n                            <div class=\"gallery__media media media--clipped ratio\">\n                                <div class=\"media__wrapper\">\n                                    <img decoding=\"async\" width=\"690\" height=\"591\" src=\"https:\/\/vetus.com\/wp-content\/uploads\/upscaled_photo_edit_cmyk-1-690x591.png\" class=\"media__src img-fit\" alt=\"\" srcset=\"https:\/\/vetus.com\/wp-content\/uploads\/upscaled_photo_edit_cmyk-1-690x591.png 690w, https:\/\/vetus.com\/wp-content\/uploads\/upscaled_photo_edit_cmyk-1-300x257.png 300w, https:\/\/vetus.com\/wp-content\/uploads\/upscaled_photo_edit_cmyk-1-768x658.png 768w, https:\/\/vetus.com\/wp-content\/uploads\/upscaled_photo_edit_cmyk-1-210x180.png 210w, https:\/\/vetus.com\/wp-content\/uploads\/upscaled_photo_edit_cmyk-1-330x283.png 330w, https:\/\/vetus.com\/wp-content\/uploads\/upscaled_photo_edit_cmyk-1-431x369.png 431w, https:\/\/vetus.com\/wp-content\/uploads\/upscaled_photo_edit_cmyk-1-507x435.png 507w, https:\/\/vetus.com\/wp-content\/uploads\/upscaled_photo_edit_cmyk-1-530x454.png 530w, https:\/\/vetus.com\/wp-content\/uploads\/upscaled_photo_edit_cmyk-1-930x797.png 930w, https:\/\/vetus.com\/wp-content\/uploads\/upscaled_photo_edit_cmyk-1-1170x1003.png 1170w\" sizes=\"auto, (max-width: 575.98px) 431px, (max-width: 767.98px) 530px, (max-width: 991.98px) 330px, (max-width: 1279.98px) 431px, (max-width: 1899.98px) 530px, 690px\" loading=\"lazy\" \/>                                <\/div>\n                            <\/div>\n                        <\/div>\n                                    <\/div>\n            <\/div>\n        <\/div>\n    <\/section><\/section>\n\n\n<section class=\"section  \">\n    \n\n<section id=\"section-text-block-block_c202e7a8e3da00dc56fd07d4d36dc0e4\" class=\"section text-block \">\n                    <div class=\"section section__body\">\n            <div class=\"text-block\">\n                <div class=\"container\">\n                    <div class=\"row\">\n                        <div class=\"col-lg-8 offset-lg-2\">\n                                                            <div class=\"section__content single__content hentry\">\n                                    <h3 data-start=\"840\" data-end=\"886\">Haute performance, durabilit\u00e9 et long\u00e9vit\u00e9<\/h3>\n<p data-start=\"888\" data-end=\"1234\">Gr\u00e2ce \u00e0 des d\u00e9cennies d\u2019innovation et de tests, Maxwell a perfectionn\u00e9 des syst\u00e8mes d\u2019ancrage offrant puissance, fiabilit\u00e9 et fonctionnement fluide en toute situation. Des escales rapides le temps d\u2019un week-end aux longues travers\u00e9es, ces syst\u00e8mes sont con\u00e7us pour performer sous charge et r\u00e9sister aux environnements marins les plus exigeants. Les avantages vont bien au-del\u00e0 de la seule robustesse. Les solutions Maxwell r\u00e9duisent les efforts de l\u2019\u00e9quipage, prolongent la dur\u00e9e de vie de votre \u00e9quipement et offrent une tranquillit\u00e9 d\u2019esprit totale en mer. Aucun souci, aucun compromis, aucun doute. L\u2019ancrage n\u2019a jamais \u00e9t\u00e9 aussi fiable.<\/p>\n                                <\/div>\n                            \n                                                    <\/div>\n                    <\/div>\n                <\/div>\n            <\/div>\n        <\/div>\n    <\/section>\n\n<section id=\"section-text-block-block_c202e7a8e3da00dc56fd07d4d36dc0e4\" class=\"section text-block \">\n                    <div class=\"section section__body\">\n            <div class=\"text-block\">\n                <div class=\"container\">\n                    <div class=\"row\">\n                        <div class=\"col-lg-8 offset-lg-2\">\n                                                            <div class=\"section__content single__content hentry\">\n                                    <h3 data-start=\"1538\" data-end=\"1594\">Trouvez le syst\u00e8me d\u2019ancrage id\u00e9al pour votre bateau<\/h3>\n<p data-start=\"1596\" data-end=\"1689\">Maxwell propose une gamme compl\u00e8te de solutions d\u2019ancrage adapt\u00e9es \u00e0 tous types de navires. Les <strong data-start=\"1695\" data-end=\"1718\">guindeaux verticaux<\/strong> \u2014 de loin le choix le plus courant pour toutes les tailles de bateaux \u2014 offrent une installation compacte et soign\u00e9e, avec la plupart des composants situ\u00e9s sous le pont. Les <strong data-start=\"1896\" data-end=\"1919\">mod\u00e8les horizontaux<\/strong> placent le moteur et le r\u00e9ducteur au-dessus du pont, ce qui les rend id\u00e9aux lorsque l\u2019espace sous le pont est limit\u00e9. Pour les <strong data-start=\"2050\" data-end=\"2065\">superyachts<\/strong>, les syst\u00e8mes Maxwell ultra-robustes, avec redondance compl\u00e8te et capacit\u00e9 de charge exceptionnelle, garantissent un ancrage s\u00fbr et fiable en toutes conditions. Avec des rouleaux d\u2019\u00e9trave assortis, des bloqueurs de cha\u00eene, des lignes d\u2019ancre et des commandes compatibles, il existe toujours un syst\u00e8me Maxwell con\u00e7u pour r\u00e9pondre \u00e0 vos besoins.<\/p>\n                                <\/div>\n                            \n                                                    <\/div>\n                    <\/div>\n                <\/div>\n            <\/div>\n        <\/div>\n    <\/section>\n<section id=\"section-companies-group-block_c202e7a8e3da00dc56fd07d4d36dc0e4\" class=\"section cards cards--brand \">\n    <div class=\"section__header cards__header\">\n        <div class=\"container\">\n            <div class=\"row\">\n                <div class=\"col-12\">\n                                            <h3 class=\"section__title cards__title h3\">\n                            <center>Pr\u00eat \u00e0 ancrer avec excellence ?<center>                        <\/h3>\n                                                                <div class=\"section text-lg\">\n                            <p>\n                                <center>Choisissez votre type de navire pour d\u00e9couvrir la solution adapt\u00e9e :<center>                            <\/p>\n                        <\/div>\n                    \n                <\/div>\n            <\/div>\n        <\/div>\n    <\/div>\n\n    <div class=\"section__body cards__body\">\n        <div class=\"container-fluid\">\n            <div class=\"row row--col-margin-large d-flex justify-content-center\">\n                                    <div class=\"col-12 col-md-6 col-xl-2\">\n                        \n<div class=\"card card--group px-3 py-5 d-flex flex-column\">\n    <div class=\" d-flex justify-content-center custom-aspect-logo2 mx-auto\">\n                 <span class=\"sr-only\">\n            Ancrage en toute confiance        <\/span>\n    <\/div>\n\n            <div class=\"w-100\">\n            <img decoding=\"async\" width=\"2560\" height=\"1440\" src=\"https:\/\/vetus.com\/wp-content\/uploads\/shutterstock_1238496010-scaled.jpg\" class=\"img-fluid d-block mx-auto custom-aspect my-2\" alt=\"\" srcset=\"https:\/\/vetus.com\/wp-content\/uploads\/shutterstock_1238496010-scaled.jpg 2560w, https:\/\/vetus.com\/wp-content\/uploads\/shutterstock_1238496010-300x169.jpg 300w, https:\/\/vetus.com\/wp-content\/uploads\/shutterstock_1238496010-768x432.jpg 768w, https:\/\/vetus.com\/wp-content\/uploads\/shutterstock_1238496010-210x118.jpg 210w, https:\/\/vetus.com\/wp-content\/uploads\/shutterstock_1238496010-330x186.jpg 330w, https:\/\/vetus.com\/wp-content\/uploads\/shutterstock_1238496010-431x242.jpg 431w, https:\/\/vetus.com\/wp-content\/uploads\/shutterstock_1238496010-507x285.jpg 507w, https:\/\/vetus.com\/wp-content\/uploads\/shutterstock_1238496010-530x298.jpg 530w, https:\/\/vetus.com\/wp-content\/uploads\/shutterstock_1238496010-690x388.jpg 690w, https:\/\/vetus.com\/wp-content\/uploads\/shutterstock_1238496010-930x523.jpg 930w, https:\/\/vetus.com\/wp-content\/uploads\/shutterstock_1238496010-1170x658.jpg 1170w\" sizes=\"auto, (max-width: 1899.98px) 330px, 330px\" loading=\"lazy\" \/>        <\/div>\n        \n    <div class=\"card__bodyGroup\">\n                    <div class=\"card__text text-dark mb-4\">\n                <p>\n                    Solutions d\u2019ancrage sur mesure, fiables et au design raffin\u00e9 pour sublimer votre superyacht.                <\/p>\n            <\/div>\n                            <div class=\"card__actionGroup\">\n                <a class=\"btn btn-sm btn-outline-primary-group w-100 justify-content-center\" href=\"https:\/\/maxwellmarine.com\/product-category\/superyacht\/\" title=\"\">\n                    <span>\n                        D\u00e9couvrez ici                    <\/span>\n                    <i class=\"icon icon-keyboard_arrow_right\"><\/i>\n                <\/a>\n            <\/div>\n            <\/div>\n<\/div>                    <\/div>\n                                    <div class=\"col-12 col-md-6 col-xl-2\">\n                        \n<div class=\"card card--group px-3 py-5 d-flex flex-column\">\n    <div class=\" d-flex justify-content-center custom-aspect-logo2 mx-auto\">\n                 <span class=\"sr-only\">\n            Ancrage en toute confiance        <\/span>\n    <\/div>\n\n            <div class=\"w-100\">\n            <img decoding=\"async\" width=\"2560\" height=\"1103\" src=\"https:\/\/vetus.com\/wp-content\/uploads\/shutterstock_139389128-3-scaled.png\" class=\"img-fluid d-block mx-auto custom-aspect my-2\" alt=\"\" srcset=\"https:\/\/vetus.com\/wp-content\/uploads\/shutterstock_139389128-3-scaled.png 2560w, https:\/\/vetus.com\/wp-content\/uploads\/shutterstock_139389128-3-300x129.png 300w, https:\/\/vetus.com\/wp-content\/uploads\/shutterstock_139389128-3-768x331.png 768w, https:\/\/vetus.com\/wp-content\/uploads\/shutterstock_139389128-3-210x91.png 210w, https:\/\/vetus.com\/wp-content\/uploads\/shutterstock_139389128-3-330x142.png 330w, https:\/\/vetus.com\/wp-content\/uploads\/shutterstock_139389128-3-431x186.png 431w, https:\/\/vetus.com\/wp-content\/uploads\/shutterstock_139389128-3-507x219.png 507w, https:\/\/vetus.com\/wp-content\/uploads\/shutterstock_139389128-3-530x228.png 530w, https:\/\/vetus.com\/wp-content\/uploads\/shutterstock_139389128-3-690x297.png 690w, https:\/\/vetus.com\/wp-content\/uploads\/shutterstock_139389128-3-930x401.png 930w, https:\/\/vetus.com\/wp-content\/uploads\/shutterstock_139389128-3-1170x504.png 1170w\" sizes=\"auto, (max-width: 1899.98px) 330px, 330px\" loading=\"lazy\" \/>        <\/div>\n        \n    <div class=\"card__bodyGroup\">\n                    <div class=\"card__text text-dark mb-4\">\n                <p>\n                    Syst\u00e8mes d\u2019ancrage fiables pour des performances fluides et s\u00fbres sur votre bateau \u00e0 moteur ou voilier.                <\/p>\n            <\/div>\n                            <div class=\"card__actionGroup\">\n                <a class=\"btn btn-sm btn-outline-primary-group w-100 justify-content-center\" href=\"https:\/\/vetus.com\/engineered-for-effortless-anchoring\/\" title=\"\">\n                    <span>\n                        D\u00e9couvrez ici                    <\/span>\n                    <i class=\"icon icon-keyboard_arrow_right\"><\/i>\n                <\/a>\n            <\/div>\n            <\/div>\n<\/div>                    <\/div>\n                            <\/div>\n        <\/div>\n    <\/div>\n<\/section><\/section>\n\n<section class=\"section section--colored bg-light content-blocks bg-light   mb-0\">\n    \n\n<section id=\"section-text-block-block_0cf9eb6138e5c1b46bb524e0f3234579\" class=\"section text-block  mb-0\">\n                    <div class=\"section section__body\">\n            <div class=\"text-block\">\n                <div class=\"container\">\n                    <div class=\"row\">\n                        <div class=\"col-lg-8 offset-lg-2\">\n                                                            <div class=\"section__content single__content hentry\">\n                                    <h3 data-start=\"2756\" data-end=\"2775\">Support mondial<\/h3>\n<p data-start=\"2777\" data-end=\"3083\">Les syst\u00e8mes d\u2019ancrage Maxwell sont soutenus par un solide r\u00e9seau mondial de distribution et de centres de service. Que vous ayez besoin d\u2019un guindeau exp\u00e9di\u00e9 vers des \u00eeles recul\u00e9es ou d\u2019une intervention dans les principaux ports de plaisance, Maxwell garantit un service r\u00e9actif et une livraison rapide.<\/p>\n<p data-start=\"3085\" data-end=\"3352\">Avec des centres de distribution en Nouvelle-Z\u00e9lande, aux \u00c9tats-Unis, en Australie et en Europe, ainsi que des agents form\u00e9s en Europe, en Asie, en Afrique et dans les \u00c9tats du Golfe, vous n\u2019\u00eates jamais loin d\u2019experts pour les pi\u00e8ces, les r\u00e9parations ou les conseils.<\/p>\n                                <\/div>\n                            \n                                                            <div class=\"section__actions text-block__actions actions\">\n                                    <div class=\"btn-group d-flex flex-wrap justify-content-center\">\n                                                                                    <a href=\"https:\/\/vetus.com\/fr\/localisateur-de-revendeurs\/\" class=\"btn btn-sm btn-empty btn-empty-primary\" title=\"\" target=\"_blank\">\n                                                <span>Trouvez un distributeur pr\u00e8s de chez vous<\/span>\n                                            <\/a>\n                                        \n                                                                            <\/div>\n                                <\/div>\n                                                    <\/div>\n                    <\/div>\n                <\/div>\n            <\/div>\n        <\/div>\n    <\/section><\/section>","protected":false},"excerpt":{"rendered":"","protected":false},"author":20,"featured_media":0,"parent":0,"menu_order":0,"comment_status":"closed","ping_status":"closed","template":"tpl-home.php","meta":{"_acf_changed":false,"footnotes":""},"class_list":["post-121699","page","type-page","status-publish","hentry"],"acf":{"button":{"title":"Superyacht","url":"https:\/\/maxwellmarine.com\/product-category\/superyacht\/","target":"_blank"},"button_secondary":{"title":"Bateau \u00e0 moteur & Voilier","url":"https:\/\/vetus.com\/engineered-for-effortless-anchoring\/","target":"_blank"},"introduction":"Ma\u00eetrisez votre ancre avec un contr\u00f4le fiable et sans effort, quelles que soient les conditions","person":false,"title":"Ancrage en toute confiance","video":"https:\/\/vetus.com\/wp-content\/uploads\/Maxwell_shortclip_NoosaMarine.mp4","background_image":false},"yoast_head":"<!-- This site is optimized with the Yoast SEO Premium plugin v27.4 (Yoast SEO v27.4) - https:\/\/yoast.com\/product\/yoast-seo-premium-wordpress\/ -->\n<title>Ancrage s\u00e9curis\u00e9 avec Maxwell Marine<\/title>\n<meta name=\"description\" content=\"Larguez et remontez votre ancre en toute confiance d\u2019une simple pression sur un bouton. Les syst\u00e8mes d\u2019ancrage Maxwell allient robustesse ...\" \/>\n<meta name=\"robots\" content=\"index, follow, max-snippet:-1, max-image-preview:large, max-video-preview:-1\" \/>\n<link rel=\"canonical\" href=\"https:\/\/vetus.com\/fr\/ancrage-securise\/\" \/>\n<meta property=\"og:locale\" content=\"fr_FR\" \/>\n<meta property=\"og:type\" content=\"article\" \/>\n<meta property=\"og:title\" content=\"Ancrage en toute confiance\" \/>\n<meta property=\"og:description\" content=\"Larguez et remontez votre ancre en toute confiance d\u2019une simple pression sur un bouton. Les syst\u00e8mes d\u2019ancrage Maxwell allient robustesse ...\" \/>\n<meta property=\"og:url\" content=\"https:\/\/vetus.com\/fr\/ancrage-securise\/\" \/>\n<meta property=\"og:site_name\" content=\"VETUS\" \/>\n<meta property=\"article:modified_time\" content=\"2026-03-04T10:29:57+00:00\" \/>\n<meta name=\"twitter:card\" content=\"summary_large_image\" \/>\n<meta name=\"twitter:label1\" content=\"Dur\u00e9e de lecture estim\u00e9e\" \/>\n\t<meta name=\"twitter:data1\" content=\"4 minutes\" \/>\n<script type=\"application\/ld+json\" class=\"yoast-schema-graph\">{\"@context\":\"https:\\\/\\\/schema.org\",\"@graph\":[{\"@type\":\"WebPage\",\"@id\":\"https:\\\/\\\/vetus.com\\\/fr\\\/ancrage-securise\\\/\",\"url\":\"https:\\\/\\\/vetus.com\\\/fr\\\/ancrage-securise\\\/\",\"name\":\"Ancrage s\u00e9curis\u00e9 avec Maxwell Marine\",\"isPartOf\":{\"@id\":\"https:\\\/\\\/vetus.com\\\/fr\\\/#website\"},\"datePublished\":\"2025-11-06T14:06:26+00:00\",\"dateModified\":\"2026-03-04T10:29:57+00:00\",\"description\":\"Larguez et remontez votre ancre en toute confiance d\u2019une simple pression sur un bouton. Les syst\u00e8mes d\u2019ancrage Maxwell allient robustesse ...\",\"breadcrumb\":{\"@id\":\"https:\\\/\\\/vetus.com\\\/fr\\\/ancrage-securise\\\/#breadcrumb\"},\"inLanguage\":\"fr-FR\",\"potentialAction\":[{\"@type\":\"ReadAction\",\"target\":[\"https:\\\/\\\/vetus.com\\\/fr\\\/ancrage-securise\\\/\"]}]},{\"@type\":\"BreadcrumbList\",\"@id\":\"https:\\\/\\\/vetus.com\\\/fr\\\/ancrage-securise\\\/#breadcrumb\",\"itemListElement\":[{\"@type\":\"ListItem\",\"position\":1,\"name\":\"Home\",\"item\":\"https:\\\/\\\/vetus.com\\\/fr\\\/\"},{\"@type\":\"ListItem\",\"position\":2,\"name\":\"Ancrage en toute confiance\"}]},{\"@type\":\"WebSite\",\"@id\":\"https:\\\/\\\/vetus.com\\\/fr\\\/#website\",\"url\":\"https:\\\/\\\/vetus.com\\\/fr\\\/\",\"name\":\"VETUS\",\"description\":\"\",\"potentialAction\":[{\"@type\":\"SearchAction\",\"target\":{\"@type\":\"EntryPoint\",\"urlTemplate\":\"https:\\\/\\\/vetus.com\\\/fr\\\/?s={search_term_string}\"},\"query-input\":{\"@type\":\"PropertyValueSpecification\",\"valueRequired\":true,\"valueName\":\"search_term_string\"}}],\"inLanguage\":\"fr-FR\"}]}<\/script>\n<!-- \/ Yoast SEO Premium plugin. -->","yoast_head_json":{"title":"Ancrage s\u00e9curis\u00e9 avec Maxwell Marine","description":"Larguez et remontez votre ancre en toute confiance d\u2019une simple pression sur un bouton. Les syst\u00e8mes d\u2019ancrage Maxwell allient robustesse ...","robots":{"index":"index","follow":"follow","max-snippet":"max-snippet:-1","max-image-preview":"max-image-preview:large","max-video-preview":"max-video-preview:-1"},"canonical":"https:\/\/vetus.com\/fr\/ancrage-securise\/","og_locale":"fr_FR","og_type":"article","og_title":"Ancrage en toute confiance","og_description":"Larguez et remontez votre ancre en toute confiance d\u2019une simple pression sur un bouton. Les syst\u00e8mes d\u2019ancrage Maxwell allient robustesse ...","og_url":"https:\/\/vetus.com\/fr\/ancrage-securise\/","og_site_name":"VETUS","article_modified_time":"2026-03-04T10:29:57+00:00","twitter_card":"summary_large_image","twitter_misc":{"Dur\u00e9e de lecture estim\u00e9e":"4 minutes"},"schema":{"@context":"https:\/\/schema.org","@graph":[{"@type":"WebPage","@id":"https:\/\/vetus.com\/fr\/ancrage-securise\/","url":"https:\/\/vetus.com\/fr\/ancrage-securise\/","name":"Ancrage s\u00e9curis\u00e9 avec Maxwell Marine","isPartOf":{"@id":"https:\/\/vetus.com\/fr\/#website"},"datePublished":"2025-11-06T14:06:26+00:00","dateModified":"2026-03-04T10:29:57+00:00","description":"Larguez et remontez votre ancre en toute confiance d\u2019une simple pression sur un bouton. Les syst\u00e8mes d\u2019ancrage Maxwell allient robustesse ...","breadcrumb":{"@id":"https:\/\/vetus.com\/fr\/ancrage-securise\/#breadcrumb"},"inLanguage":"fr-FR","potentialAction":[{"@type":"ReadAction","target":["https:\/\/vetus.com\/fr\/ancrage-securise\/"]}]},{"@type":"BreadcrumbList","@id":"https:\/\/vetus.com\/fr\/ancrage-securise\/#breadcrumb","itemListElement":[{"@type":"ListItem","position":1,"name":"Home","item":"https:\/\/vetus.com\/fr\/"},{"@type":"ListItem","position":2,"name":"Ancrage en toute confiance"}]},{"@type":"WebSite","@id":"https:\/\/vetus.com\/fr\/#website","url":"https:\/\/vetus.com\/fr\/","name":"VETUS","description":"","potentialAction":[{"@type":"SearchAction","target":{"@type":"EntryPoint","urlTemplate":"https:\/\/vetus.com\/fr\/?s={search_term_string}"},"query-input":{"@type":"PropertyValueSpecification","valueRequired":true,"valueName":"search_term_string"}}],"inLanguage":"fr-FR"}]}},"_links":{"self":[{"href":"https:\/\/vetus.com\/fr\/wp-json\/wp\/v2\/pages\/121699","targetHints":{"allow":["GET"]}}],"collection":[{"href":"https:\/\/vetus.com\/fr\/wp-json\/wp\/v2\/pages"}],"about":[{"href":"https:\/\/vetus.com\/fr\/wp-json\/wp\/v2\/types\/page"}],"author":[{"embeddable":true,"href":"https:\/\/vetus.com\/fr\/wp-json\/wp\/v2\/users\/20"}],"replies":[{"embeddable":true,"href":"https:\/\/vetus.com\/fr\/wp-json\/wp\/v2\/comments?post=121699"}],"version-history":[{"count":4,"href":"https:\/\/vetus.com\/fr\/wp-json\/wp\/v2\/pages\/121699\/revisions"}],"predecessor-version":[{"id":121704,"href":"https:\/\/vetus.com\/fr\/wp-json\/wp\/v2\/pages\/121699\/revisions\/121704"}],"wp:attachment":[{"href":"https:\/\/vetus.com\/fr\/wp-json\/wp\/v2\/media?parent=121699"}],"curies":[{"name":"wp","href":"https:\/\/api.w.org\/{rel}","templated":true}]}}