{"id":118276,"date":"2025-12-11T14:16:38","date_gmt":"2025-12-11T12:16:38","guid":{"rendered":"https:\/\/vetus.com\/?page_id=118276"},"modified":"2026-02-26T11:33:30","modified_gmt":"2026-02-26T09:33:30","slug":"integration-propulseurs-etrave-bow-pro-rimdrive-avec-moteurs-hors-bord-suzuki","status":"publish","type":"page","link":"https:\/\/vetus.com\/fr\/integration-propulseurs-etrave-bow-pro-rimdrive-avec-moteurs-hors-bord-suzuki\/","title":{"rendered":"Int\u00e9gration des propulseurs d\u2019\u00e9trave BOW PRO et RIMDRIVE avec les moteurs hors-bord Suzuki"},"content":{"rendered":"\n<section class=\"section  \">\n    \n\n<section id=\"section-text-block-block_d9c6ad26950dd2028fc22100b0b926dd\" class=\"section text-block \">\n                    <div class=\"section section__body\">\n            <div class=\"text-block\">\n                <div class=\"container\">\n                    <div class=\"row\">\n                        <div class=\"col-lg-8 offset-lg-2\">\n                                                            <div class=\"section__content single__content hentry\">\n                                    <p>VETUS propose l\u2019int\u00e9gration compl\u00e8te de ses syst\u00e8mes de propulseurs d\u2019\u00e9trave BOW PRO et RIMDRIVE avec les moteurs hors-bord Suzuki \u00e0 commande \u00e9lectronique ainsi qu\u2019avec les syst\u00e8mes de direction et de joystick Ultraflex Integra JS. Cette solution int\u00e9gr\u00e9e permet une communication fluide entre les syst\u00e8mes de propulsion, de direction et de propulseur, afin que toutes les fonctions puissent \u00eatre contr\u00f4l\u00e9es via une seule interface joystick.<\/p>\n                                <\/div>\n                            \n                                                    <\/div>\n                    <\/div>\n                <\/div>\n            <\/div>\n        <\/div>\n    <\/section><\/section>\n\n<section class=\"section section--colored bg-light content-blocks bg-light   \">\n    \n<section id=\"content-block-1-block_f748e0adf94253af90e073944664fae6\" class=\"section content-block content-block--image \">\n    <div class=\"container\">\n        <div class=\"row d-flex align-items-center\">\n\n            <div class=\"col-md-6 col-lg-7\">\n                                    <div class=\"content-block__visuals\">\n                        <div class=\"content-block__media media--clipped media ratio\">\n                            <div class=\"media__wrapper\">\n                                <img decoding=\"async\" width=\"690\" height=\"690\" src=\"https:\/\/vetus.com\/wp-content\/uploads\/bowpro300_front_up_product_1080x1080-690x690.jpg\" class=\"media__source img-fit\" alt=\"\" srcset=\"https:\/\/vetus.com\/wp-content\/uploads\/bowpro300_front_up_product_1080x1080-690x690.jpg 690w, https:\/\/vetus.com\/wp-content\/uploads\/bowpro300_front_up_product_1080x1080-300x300.jpg 300w, https:\/\/vetus.com\/wp-content\/uploads\/bowpro300_front_up_product_1080x1080-150x150.jpg 150w, https:\/\/vetus.com\/wp-content\/uploads\/bowpro300_front_up_product_1080x1080-768x768.jpg 768w, https:\/\/vetus.com\/wp-content\/uploads\/bowpro300_front_up_product_1080x1080-210x210.jpg 210w, https:\/\/vetus.com\/wp-content\/uploads\/bowpro300_front_up_product_1080x1080-330x330.jpg 330w, https:\/\/vetus.com\/wp-content\/uploads\/bowpro300_front_up_product_1080x1080-431x431.jpg 431w, https:\/\/vetus.com\/wp-content\/uploads\/bowpro300_front_up_product_1080x1080-507x507.jpg 507w, https:\/\/vetus.com\/wp-content\/uploads\/bowpro300_front_up_product_1080x1080-530x530.jpg 530w, https:\/\/vetus.com\/wp-content\/uploads\/bowpro300_front_up_product_1080x1080-930x930.jpg 930w, https:\/\/vetus.com\/wp-content\/uploads\/bowpro300_front_up_product_1080x1080.jpg 1080w\" sizes=\"auto, (max-width: 575.98px) 431px, (max-width: 767.98px) 530px, (max-width: 991.98px) 330px, (max-width: 1279.98px) 530px, (max-width: 1899.98px) 690px, 930px\" loading=\"lazy\" \/>                            <\/div>\n                        <\/div>\n                    <\/div>\n                            <\/div>\n\n            <div class=\"col-md-6 col-lg-4 offset-lg-1\">\n                <div class=\"content-block__body\">\n                    \n                    \n                                            <h3 data-start=\"609\" data-end=\"658\">Commande int\u00e9gr\u00e9e pour des man\u0153uvres pr\u00e9cises<\/h3>\n<p data-start=\"660\" data-end=\"1071\">Le syst\u00e8me combin\u00e9 offre un contr\u00f4le souple et proportionnel qui am\u00e9liore consid\u00e9rablement la man\u0153uvrabilit\u00e9 dans les espaces restreints tels que les man\u0153uvres d\u2019accostage, les chenaux \u00e9troits et les marinas fr\u00e9quent\u00e9es. En coordonnant les commandes moteur, direction et propulseur via le joystick Ultraflex, l\u2019op\u00e9rateur b\u00e9n\u00e9ficie de r\u00e9actions pr\u00e9visibles et d\u2019une man\u0153uvrabilit\u00e9 pr\u00e9cise. Le syst\u00e8me permet de :<\/p>\n<ul data-start=\"1073\" data-end=\"1315\">\n<li data-start=\"1073\" data-end=\"1154\">\n<p data-start=\"1075\" data-end=\"1154\">D\u00e9placer le bateau lat\u00e9ralement, en diagonale, vers l\u2019avant ou vers l\u2019arri\u00e8re<\/p>\n<\/li>\n<li data-start=\"1155\" data-end=\"1224\">\n<p data-start=\"1157\" data-end=\"1224\">Faire pivoter le bateau sur son axe pour un positionnement pr\u00e9cis<\/p>\n<\/li>\n<li data-start=\"1225\" data-end=\"1315\">\n<p data-start=\"1227\" data-end=\"1315\">Maintenir un contr\u00f4le stable en cas de vent, de courant ou dans des conditions exigu\u00ebs<\/p>\n<\/li>\n<\/ul>\n<p data-start=\"1317\" data-end=\"1454\">Chaque man\u0153uvre est coordonn\u00e9e \u00e0 l\u2019aide d\u2019un seul joystick, ce qui simplifie l\u2019utilisation et r\u00e9duit la charge de travail de l\u2019op\u00e9rateur.<\/p>\n                    \t\t\t\t\t\n                                    <\/div>\n            <\/div>\n        <\/div>\n    <\/div>\n<\/section>\n<section id=\"content-block-1-block_f748e0adf94253af90e073944664fae6\" class=\"section content-block content-block--image \">\n    <div class=\"container\">\n        <div class=\"row d-flex align-items-center flex-md-row-reverse\">\n\n            <div class=\"col-md-6 col-lg-7 offset-lg-1\">\n                                    <div class=\"content-block__visuals\">\n                        <div class=\"content-block__media media--clipped media ratio\">\n                            <div class=\"media__wrapper\">\n                                <img decoding=\"async\" width=\"690\" height=\"388\" src=\"https:\/\/vetus.com\/wp-content\/uploads\/bowpro300_full_product_1920x1080-690x388.jpg\" class=\"media__source img-fit\" alt=\"\" srcset=\"https:\/\/vetus.com\/wp-content\/uploads\/bowpro300_full_product_1920x1080-690x388.jpg 690w, https:\/\/vetus.com\/wp-content\/uploads\/bowpro300_full_product_1920x1080-300x169.jpg 300w, https:\/\/vetus.com\/wp-content\/uploads\/bowpro300_full_product_1920x1080-768x432.jpg 768w, https:\/\/vetus.com\/wp-content\/uploads\/bowpro300_full_product_1920x1080-210x118.jpg 210w, https:\/\/vetus.com\/wp-content\/uploads\/bowpro300_full_product_1920x1080-330x186.jpg 330w, https:\/\/vetus.com\/wp-content\/uploads\/bowpro300_full_product_1920x1080-431x242.jpg 431w, https:\/\/vetus.com\/wp-content\/uploads\/bowpro300_full_product_1920x1080-507x285.jpg 507w, https:\/\/vetus.com\/wp-content\/uploads\/bowpro300_full_product_1920x1080-530x298.jpg 530w, https:\/\/vetus.com\/wp-content\/uploads\/bowpro300_full_product_1920x1080-930x523.jpg 930w, https:\/\/vetus.com\/wp-content\/uploads\/bowpro300_full_product_1920x1080-1170x658.jpg 1170w, https:\/\/vetus.com\/wp-content\/uploads\/bowpro300_full_product_1920x1080.jpg 1920w\" sizes=\"auto, (max-width: 575.98px) 431px, (max-width: 767.98px) 530px, (max-width: 991.98px) 330px, (max-width: 1279.98px) 530px, (max-width: 1899.98px) 690px, 930px\" loading=\"lazy\" \/>                            <\/div>\n                        <\/div>\n                    <\/div>\n                            <\/div>\n\n            <div class=\"col-md-6 col-lg-4\">\n                <div class=\"content-block__body\">\n                    \n                    \n                                            <h3 data-start=\"1456\" data-end=\"1529\">Int\u00e9gration avec les moteurs hors-bord Suzuki \u00e0 commande \u00e9lectronique<\/h3>\n<p data-start=\"1531\" data-end=\"2069\">Cette int\u00e9gration est compatible avec les mod\u00e8les hors-bord Suzuki \u00e0 commande \u00e9lectronique, notamment les mod\u00e8les avanc\u00e9s DF350AMD et DF300BMD, tous deux \u00e9quip\u00e9s d\u2019une direction int\u00e9gr\u00e9e. Ces moteurs fonctionnent parfaitement avec le syst\u00e8me joystick Ultraflex et les propulseurs VETUS, assurant une coordination pr\u00e9cise entre les syst\u00e8mes de propulsion et de man\u0153uvre. Gr\u00e2ce \u00e0 la plateforme de direction assist\u00e9e \u00e9lectronique Ultraflex Integra JS, les commandes du moteur et du propulseur sont g\u00e9r\u00e9es avec pr\u00e9cision et r\u00e9activit\u00e9 fluide.<\/p>\n                    \t\t\t\t\t\n                                            <div class=\"content-block__actions actions\">\n                            <div class=\"btn-group d-flex flex-wrap justify-content-center justify-content-md-start\">\n                                <a href=\"https:\/\/www.suzukimarine.com\/news\/suzuki-marine-usa-announces-technology-collaboration-with-vetus\/\" class=\"btn btn-sm btn-empty btn-empty-primary\" title=\"\" target=\"_blank\">\n                                    <span>En savoir plus sur Suzuki Marine<\/span>\n                                    <i class=\"icon icon-keyboard_arrow_right\"><\/i>\n                                <\/a>\n\n                                <!-- <a href=\"#\" class=\"btn btn-sm btn-empty btn-empty-primary\" title=\"\">\n                                    <span>Watch video<\/span>\n                                    <i class=\"icon icon-play_circle_outline\"><\/i>\n                                <\/a> -->\n                                <!-- <a href=\"#\" class=\"btn btn-sm btn-empty btn-empty-primary\" title=\"\">\n                                    <span>Innovation<\/span>\n                                    <i class=\"icon icon-keyboard_arrow_right\"><\/i>\n                                <\/a> -->\n                            <\/div>\n                        <\/div>\n                                    <\/div>\n            <\/div>\n        <\/div>\n    <\/div>\n<\/section><\/section>\n\n\n<section class=\"section  \">\n    \n\n<section id=\"section-text-block-block_67c32f127b0338acbbf461796bcf0a80\" class=\"section text-block \">\n                    <div class=\"section section__body\">\n            <div class=\"text-block\">\n                <div class=\"container\">\n                    <div class=\"row\">\n                        <div class=\"col-lg-8 offset-lg-2\">\n                                                            <div class=\"section__content single__content hentry\">\n                                    <h3 data-start=\"2107\" data-end=\"2142\">Une collaboration technologique<\/h3>\n<p data-start=\"2144\" data-end=\"2336\">Les technologies combin\u00e9es de VETUS, Suzuki et Ultraflex aboutissent \u00e0 un syst\u00e8me de commande int\u00e9gr\u00e9 con\u00e7u pour renforcer la confiance et l\u2019efficacit\u00e9 lors des man\u0153uvres en espaces confin\u00e9s :<\/p>\n<ul data-start=\"2338\" data-end=\"2657\">\n<li data-start=\"2338\" data-end=\"2426\">\n<p data-start=\"2340\" data-end=\"2426\">Communication fluide entre les syst\u00e8mes de propulseur, de direction et de propulsion<\/p>\n<\/li>\n<li data-start=\"2427\" data-end=\"2506\">\n<p data-start=\"2429\" data-end=\"2506\">Man\u0153uvrabilit\u00e9 souple et pr\u00e9visible gr\u00e2ce \u00e0 un contr\u00f4le avanc\u00e9 par joystick<\/p>\n<\/li>\n<li data-start=\"2507\" data-end=\"2584\">\n<p data-start=\"2509\" data-end=\"2584\">R\u00e9ponse fiable pour les op\u00e9rations d\u2019accostage et de maintien en position<\/p>\n<\/li>\n<li data-start=\"2585\" data-end=\"2657\">\n<p data-start=\"2587\" data-end=\"2657\">Compatibilit\u00e9 flexible avec des installations mono- et multi-moteurs<\/p>\n<\/li>\n<\/ul>\n<p data-start=\"2659\" data-end=\"2800\">Cette collaboration apporte une am\u00e9lioration significative du contr\u00f4le du navire sans compromettre la facilit\u00e9 d\u2019utilisation ni la fiabilit\u00e9.<\/p>\n                                <\/div>\n                            \n                                                    <\/div>\n                    <\/div>\n                <\/div>\n            <\/div>\n        <\/div>\n    <\/section><\/section>\n\n<section class=\"section section--colored bg-light content-blocks bg-light   mb-0\">\n    \n\n<section id=\"section-text-block-block_390dbf2c3b2183bb085b8eb71727f2e1\" class=\"section text-block  mb-0\">\n                    <div class=\"section section__body\">\n            <div class=\"text-block\">\n                <div class=\"container\">\n                    <div class=\"row\">\n                        <div class=\"col-lg-8 offset-lg-2\">\n                                                            <div class=\"section__content single__content hentry\">\n                                    <h3 data-start=\"2802\" data-end=\"2847\">Un contr\u00f4le fiable pour chaque navigation<\/h3>\n<p data-start=\"2849\" data-end=\"3268\">Cette solution int\u00e9gr\u00e9e garantit une conduite souple, pr\u00e9visible et intuitive du navire, offrant aux plaisanciers une plus grande confiance lors des man\u0153uvres d\u2019accostage et en espaces restreints. Gr\u00e2ce \u00e0 des technologies \u00e9prouv\u00e9es fonctionnant en parfaite synergie sur une large gamme de types de bateaux, VETUS propose des solutions de contr\u00f4le fiables et polyvalentes adapt\u00e9es aux exigences de la navigation moderne.<\/p>\n                                <\/div>\n                            \n                                                            <div class=\"section__actions text-block__actions actions\">\n                                    <div class=\"btn-group d-flex flex-wrap justify-content-center\">\n                                                                                    <a href=\"https:\/\/vetus.com\/bow-pro-thrusters\/#bodem\" class=\"btn btn-primary\" title=\"\" target=\"_blank\">\n                                                <span>D\u00e9couvrez toutes les int\u00e9grations de propulseurs VETUS<\/span>\n                                            <\/a>\n                                        \n                                                                            <\/div>\n                                <\/div>\n                                                    <\/div>\n                    <\/div>\n                <\/div>\n            <\/div>\n        <\/div>\n    <\/section><\/section>","protected":false},"excerpt":{"rendered":"","protected":false},"author":20,"featured_media":0,"parent":0,"menu_order":0,"comment_status":"closed","ping_status":"closed","template":"tpl-blog-large-header.php","meta":{"_acf_changed":false,"footnotes":""},"class_list":["post-118276","page","type-page","status-publish","hentry"],"acf":{"image":{"ID":118252,"id":118252,"title":"Suzuki-VETUS-Demo-scaled (1)","filename":"Suzuki-VETUS-Demo-scaled-1.jpg","filesize":756401,"url":"https:\/\/vetus.com\/wp-content\/uploads\/Suzuki-VETUS-Demo-scaled-1.jpg","link":"https:\/\/vetus.com\/fr\/integration-propulseurs-etrave-bow-pro-rimdrive-avec-moteurs-hors-bord-suzuki\/suzuki-vetus-demo-scaled-1-2\/","alt":"","author":"20","description":"","caption":"","name":"suzuki-vetus-demo-scaled-1-2","status":"inherit","uploaded_to":118276,"date":"2025-12-11 11:33:06","modified":"2025-12-11 11:33:06","menu_order":0,"mime_type":"image\/jpeg","type":"image","subtype":"jpeg","icon":"https:\/\/vetus.com\/wp-includes\/images\/media\/default.png","width":2560,"height":1695,"sizes":{"thumbnail":"https:\/\/vetus.com\/wp-content\/uploads\/Suzuki-VETUS-Demo-scaled-1-150x150.jpg","thumbnail-width":150,"thumbnail-height":150,"medium":"https:\/\/vetus.com\/wp-content\/uploads\/Suzuki-VETUS-Demo-scaled-1-300x199.jpg","medium-width":300,"medium-height":199,"medium_large":"https:\/\/vetus.com\/wp-content\/uploads\/Suzuki-VETUS-Demo-scaled-1-768x509.jpg","medium_large-width":768,"medium_large-height":509,"large":"https:\/\/vetus.com\/wp-content\/uploads\/Suzuki-VETUS-Demo-scaled-1.jpg","large-width":1024,"large-height":678,"1536x1536":"https:\/\/vetus.com\/wp-content\/uploads\/Suzuki-VETUS-Demo-scaled-1.jpg","1536x1536-width":1536,"1536x1536-height":1017,"2048x2048":"https:\/\/vetus.com\/wp-content\/uploads\/Suzuki-VETUS-Demo-scaled-1.jpg","2048x2048-width":2048,"2048x2048-height":1356,"210w":"https:\/\/vetus.com\/wp-content\/uploads\/Suzuki-VETUS-Demo-scaled-1-210x139.jpg","210w-width":210,"210w-height":139,"330w":"https:\/\/vetus.com\/wp-content\/uploads\/Suzuki-VETUS-Demo-scaled-1-330x218.jpg","330w-width":330,"330w-height":218,"431w":"https:\/\/vetus.com\/wp-content\/uploads\/Suzuki-VETUS-Demo-scaled-1-431x285.jpg","431w-width":431,"431w-height":285,"507w":"https:\/\/vetus.com\/wp-content\/uploads\/Suzuki-VETUS-Demo-scaled-1-507x336.jpg","507w-width":507,"507w-height":336,"530w":"https:\/\/vetus.com\/wp-content\/uploads\/Suzuki-VETUS-Demo-scaled-1-530x351.jpg","530w-width":530,"530w-height":351,"690w":"https:\/\/vetus.com\/wp-content\/uploads\/Suzuki-VETUS-Demo-scaled-1-690x457.jpg","690w-width":690,"690w-height":457,"930w":"https:\/\/vetus.com\/wp-content\/uploads\/Suzuki-VETUS-Demo-scaled-1-930x616.jpg","930w-width":930,"930w-height":616,"1170w":"https:\/\/vetus.com\/wp-content\/uploads\/Suzuki-VETUS-Demo-scaled-1-1170x775.jpg","1170w-width":1170,"1170w-height":775,"gform-image-choice-sm":"https:\/\/vetus.com\/wp-content\/uploads\/Suzuki-VETUS-Demo-scaled-1.jpg","gform-image-choice-sm-width":300,"gform-image-choice-sm-height":199,"gform-image-choice-md":"https:\/\/vetus.com\/wp-content\/uploads\/Suzuki-VETUS-Demo-scaled-1.jpg","gform-image-choice-md-width":400,"gform-image-choice-md-height":265,"gform-image-choice-lg":"https:\/\/vetus.com\/wp-content\/uploads\/Suzuki-VETUS-Demo-scaled-1.jpg","gform-image-choice-lg-width":600,"gform-image-choice-lg-height":397}},"introduction":"","person":false,"title":"Int\u00e9gration intelligente pour une man\u0153uvrabilit\u00e9 accrue du navire"},"yoast_head":"<!-- This site is optimized with the Yoast SEO Premium plugin v27.3 (Yoast SEO v27.3) - https:\/\/yoast.com\/product\/yoast-seo-premium-wordpress\/ -->\n<title>Int\u00e9gration des propulseurs d\u2019\u00e9trave BOW PRO et RIMDRIVE avec les moteurs hors-bord Suzuki - VETUS<\/title>\n<meta name=\"description\" content=\"VETUS propose l\u2019int\u00e9gration compl\u00e8te de ses syst\u00e8mes de propulseurs d\u2019\u00e9trave BOW PRO et RIMDRIVE avec les moteurs hors-bord Suzuki \u00e0 commande\" \/>\n<meta name=\"robots\" content=\"index, follow, max-snippet:-1, max-image-preview:large, max-video-preview:-1\" \/>\n<link rel=\"canonical\" href=\"https:\/\/vetus.com\/fr\/integration-propulseurs-etrave-bow-pro-rimdrive-avec-moteurs-hors-bord-suzuki\/\" \/>\n<meta property=\"og:locale\" content=\"fr_FR\" \/>\n<meta property=\"og:type\" content=\"article\" \/>\n<meta property=\"og:title\" content=\"Int\u00e9gration des propulseurs d\u2019\u00e9trave BOW PRO et RIMDRIVE avec les moteurs hors-bord Suzuki\" \/>\n<meta property=\"og:description\" content=\"VETUS propose l\u2019int\u00e9gration compl\u00e8te de ses syst\u00e8mes de propulseurs d\u2019\u00e9trave BOW PRO et RIMDRIVE avec les moteurs hors-bord Suzuki \u00e0 commande\" \/>\n<meta property=\"og:url\" content=\"https:\/\/vetus.com\/fr\/integration-propulseurs-etrave-bow-pro-rimdrive-avec-moteurs-hors-bord-suzuki\/\" \/>\n<meta property=\"og:site_name\" content=\"VETUS\" \/>\n<meta property=\"article:modified_time\" content=\"2026-02-26T09:33:30+00:00\" \/>\n<meta name=\"twitter:card\" content=\"summary_large_image\" \/>\n<meta name=\"twitter:label1\" content=\"Dur\u00e9e de lecture estim\u00e9e\" \/>\n\t<meta name=\"twitter:data1\" content=\"3 minutes\" \/>\n<script type=\"application\/ld+json\" class=\"yoast-schema-graph\">{\"@context\":\"https:\\\/\\\/schema.org\",\"@graph\":[{\"@type\":\"WebPage\",\"@id\":\"https:\\\/\\\/vetus.com\\\/fr\\\/integration-propulseurs-etrave-bow-pro-rimdrive-avec-moteurs-hors-bord-suzuki\\\/\",\"url\":\"https:\\\/\\\/vetus.com\\\/fr\\\/integration-propulseurs-etrave-bow-pro-rimdrive-avec-moteurs-hors-bord-suzuki\\\/\",\"name\":\"Int\u00e9gration des propulseurs d\u2019\u00e9trave BOW PRO et RIMDRIVE avec les moteurs hors-bord Suzuki - VETUS\",\"isPartOf\":{\"@id\":\"https:\\\/\\\/vetus.com\\\/fr\\\/#website\"},\"datePublished\":\"2025-12-11T12:16:38+00:00\",\"dateModified\":\"2026-02-26T09:33:30+00:00\",\"description\":\"VETUS propose l\u2019int\u00e9gration compl\u00e8te de ses syst\u00e8mes de propulseurs d\u2019\u00e9trave BOW PRO et RIMDRIVE avec les moteurs hors-bord Suzuki \u00e0 commande\",\"breadcrumb\":{\"@id\":\"https:\\\/\\\/vetus.com\\\/fr\\\/integration-propulseurs-etrave-bow-pro-rimdrive-avec-moteurs-hors-bord-suzuki\\\/#breadcrumb\"},\"inLanguage\":\"fr-FR\",\"potentialAction\":[{\"@type\":\"ReadAction\",\"target\":[\"https:\\\/\\\/vetus.com\\\/fr\\\/integration-propulseurs-etrave-bow-pro-rimdrive-avec-moteurs-hors-bord-suzuki\\\/\"]}]},{\"@type\":\"BreadcrumbList\",\"@id\":\"https:\\\/\\\/vetus.com\\\/fr\\\/integration-propulseurs-etrave-bow-pro-rimdrive-avec-moteurs-hors-bord-suzuki\\\/#breadcrumb\",\"itemListElement\":[{\"@type\":\"ListItem\",\"position\":1,\"name\":\"Home\",\"item\":\"https:\\\/\\\/vetus.com\\\/fr\\\/\"},{\"@type\":\"ListItem\",\"position\":2,\"name\":\"Int\u00e9gration des propulseurs d\u2019\u00e9trave BOW PRO et RIMDRIVE avec les moteurs hors-bord Suzuki\"}]},{\"@type\":\"WebSite\",\"@id\":\"https:\\\/\\\/vetus.com\\\/fr\\\/#website\",\"url\":\"https:\\\/\\\/vetus.com\\\/fr\\\/\",\"name\":\"VETUS\",\"description\":\"\",\"potentialAction\":[{\"@type\":\"SearchAction\",\"target\":{\"@type\":\"EntryPoint\",\"urlTemplate\":\"https:\\\/\\\/vetus.com\\\/fr\\\/?s={search_term_string}\"},\"query-input\":{\"@type\":\"PropertyValueSpecification\",\"valueRequired\":true,\"valueName\":\"search_term_string\"}}],\"inLanguage\":\"fr-FR\"}]}<\/script>\n<!-- \/ Yoast SEO Premium plugin. -->","yoast_head_json":{"title":"Int\u00e9gration des propulseurs d\u2019\u00e9trave BOW PRO et RIMDRIVE avec les moteurs hors-bord Suzuki - VETUS","description":"VETUS propose l\u2019int\u00e9gration compl\u00e8te de ses syst\u00e8mes de propulseurs d\u2019\u00e9trave BOW PRO et RIMDRIVE avec les moteurs hors-bord Suzuki \u00e0 commande","robots":{"index":"index","follow":"follow","max-snippet":"max-snippet:-1","max-image-preview":"max-image-preview:large","max-video-preview":"max-video-preview:-1"},"canonical":"https:\/\/vetus.com\/fr\/integration-propulseurs-etrave-bow-pro-rimdrive-avec-moteurs-hors-bord-suzuki\/","og_locale":"fr_FR","og_type":"article","og_title":"Int\u00e9gration des propulseurs d\u2019\u00e9trave BOW PRO et RIMDRIVE avec les moteurs hors-bord Suzuki","og_description":"VETUS propose l\u2019int\u00e9gration compl\u00e8te de ses syst\u00e8mes de propulseurs d\u2019\u00e9trave BOW PRO et RIMDRIVE avec les moteurs hors-bord Suzuki \u00e0 commande","og_url":"https:\/\/vetus.com\/fr\/integration-propulseurs-etrave-bow-pro-rimdrive-avec-moteurs-hors-bord-suzuki\/","og_site_name":"VETUS","article_modified_time":"2026-02-26T09:33:30+00:00","twitter_card":"summary_large_image","twitter_misc":{"Dur\u00e9e de lecture estim\u00e9e":"3 minutes"},"schema":{"@context":"https:\/\/schema.org","@graph":[{"@type":"WebPage","@id":"https:\/\/vetus.com\/fr\/integration-propulseurs-etrave-bow-pro-rimdrive-avec-moteurs-hors-bord-suzuki\/","url":"https:\/\/vetus.com\/fr\/integration-propulseurs-etrave-bow-pro-rimdrive-avec-moteurs-hors-bord-suzuki\/","name":"Int\u00e9gration des propulseurs d\u2019\u00e9trave BOW PRO et RIMDRIVE avec les moteurs hors-bord Suzuki - VETUS","isPartOf":{"@id":"https:\/\/vetus.com\/fr\/#website"},"datePublished":"2025-12-11T12:16:38+00:00","dateModified":"2026-02-26T09:33:30+00:00","description":"VETUS propose l\u2019int\u00e9gration compl\u00e8te de ses syst\u00e8mes de propulseurs d\u2019\u00e9trave BOW PRO et RIMDRIVE avec les moteurs hors-bord Suzuki \u00e0 commande","breadcrumb":{"@id":"https:\/\/vetus.com\/fr\/integration-propulseurs-etrave-bow-pro-rimdrive-avec-moteurs-hors-bord-suzuki\/#breadcrumb"},"inLanguage":"fr-FR","potentialAction":[{"@type":"ReadAction","target":["https:\/\/vetus.com\/fr\/integration-propulseurs-etrave-bow-pro-rimdrive-avec-moteurs-hors-bord-suzuki\/"]}]},{"@type":"BreadcrumbList","@id":"https:\/\/vetus.com\/fr\/integration-propulseurs-etrave-bow-pro-rimdrive-avec-moteurs-hors-bord-suzuki\/#breadcrumb","itemListElement":[{"@type":"ListItem","position":1,"name":"Home","item":"https:\/\/vetus.com\/fr\/"},{"@type":"ListItem","position":2,"name":"Int\u00e9gration des propulseurs d\u2019\u00e9trave BOW PRO et RIMDRIVE avec les moteurs hors-bord Suzuki"}]},{"@type":"WebSite","@id":"https:\/\/vetus.com\/fr\/#website","url":"https:\/\/vetus.com\/fr\/","name":"VETUS","description":"","potentialAction":[{"@type":"SearchAction","target":{"@type":"EntryPoint","urlTemplate":"https:\/\/vetus.com\/fr\/?s={search_term_string}"},"query-input":{"@type":"PropertyValueSpecification","valueRequired":true,"valueName":"search_term_string"}}],"inLanguage":"fr-FR"}]}},"_links":{"self":[{"href":"https:\/\/vetus.com\/fr\/wp-json\/wp\/v2\/pages\/118276","targetHints":{"allow":["GET"]}}],"collection":[{"href":"https:\/\/vetus.com\/fr\/wp-json\/wp\/v2\/pages"}],"about":[{"href":"https:\/\/vetus.com\/fr\/wp-json\/wp\/v2\/types\/page"}],"author":[{"embeddable":true,"href":"https:\/\/vetus.com\/fr\/wp-json\/wp\/v2\/users\/20"}],"replies":[{"embeddable":true,"href":"https:\/\/vetus.com\/fr\/wp-json\/wp\/v2\/comments?post=118276"}],"version-history":[{"count":5,"href":"https:\/\/vetus.com\/fr\/wp-json\/wp\/v2\/pages\/118276\/revisions"}],"predecessor-version":[{"id":122681,"href":"https:\/\/vetus.com\/fr\/wp-json\/wp\/v2\/pages\/118276\/revisions\/122681"}],"wp:attachment":[{"href":"https:\/\/vetus.com\/fr\/wp-json\/wp\/v2\/media?parent=118276"}],"curies":[{"name":"wp","href":"https:\/\/api.w.org\/{rel}","templated":true}]}}