{"id":115638,"date":"2025-10-02T10:54:36","date_gmt":"2025-10-02T08:54:36","guid":{"rendered":"https:\/\/vetus.com\/bow-pro-thruster-integration-with-cummins-inboards-and-glendinning\/"},"modified":"2026-02-26T12:28:56","modified_gmt":"2026-02-26T10:28:56","slug":"integration-propulseurs-etrave-bow-pro-avec-moteurs-inboard-cummins-et-glendinning","status":"publish","type":"page","link":"https:\/\/vetus.com\/fr\/integration-propulseurs-etrave-bow-pro-avec-moteurs-inboard-cummins-et-glendinning\/","title":{"rendered":"Int\u00e9gration des propulseurs d\u2019\u00e9trave BOW PRO avec les moteurs inboard Cummins et le joystick Glendinning ProPilot"},"content":{"rendered":"\n<section class=\"section  \">\n    \n\n<section id=\"section-text-block-block_12fc1558b5ee3acc33f969bf8bb93002\" class=\"section text-block \">\n                    <div class=\"section section__body\">\n            <div class=\"text-block\">\n                <div class=\"container\">\n                    <div class=\"row\">\n                        <div class=\"col-lg-8 offset-lg-2\">\n                                                            <div class=\"section__content single__content hentry\">\n                                    <p data-start=\"174\" data-end=\"453\">Afin d\u2019am\u00e9liorer l\u2019exp\u00e9rience d\u2019accostage pour encore plus de plaisanciers, VETUS s\u2019est associ\u00e9 \u00e0 Cummins Marine et Glendinning pour r\u00e9unir les propulseurs d\u2019\u00e9trave BOW PRO, les moteurs inboard Cummins et le joystick Glendinning ProPilot au sein d\u2019un syst\u00e8me enti\u00e8rement int\u00e9gr\u00e9.<\/p>\n<p data-start=\"455\" data-end=\"681\">Ce syst\u00e8me combine le contr\u00f4le des moteurs et des propulseurs via un joystick simple d\u2019utilisation, garantissant des man\u0153uvres d\u2019accostage et des d\u00e9placements dans des espaces restreints plus simples, plus s\u00fbrs et sans stress.<\/p>\n                                <\/div>\n                            \n                                                    <\/div>\n                    <\/div>\n                <\/div>\n            <\/div>\n        <\/div>\n    <\/section><\/section>\n\n<section class=\"section section--colored bg-light content-blocks bg-light   \">\n    \n<section id=\"content-block-1-block_29392182b8b2b1fb0944d96f28460648\" class=\"section content-block content-block--image \">\n    <div class=\"container\">\n        <div class=\"row d-flex align-items-center\">\n\n            <div class=\"col-md-6 col-lg-7\">\n                                    <div class=\"content-block__visuals\">\n                        <div class=\"content-block__media media--clipped media ratio\">\n                            <div class=\"media__wrapper\">\n                                <img decoding=\"async\" width=\"690\" height=\"458\" src=\"https:\/\/vetus.com\/wp-content\/uploads\/ProPilot-Lifestyle-001-1-690x458.jpg\" class=\"media__source img-fit\" alt=\"\" srcset=\"https:\/\/vetus.com\/wp-content\/uploads\/ProPilot-Lifestyle-001-1-690x458.jpg 690w, https:\/\/vetus.com\/wp-content\/uploads\/ProPilot-Lifestyle-001-1-300x199.jpg 300w, https:\/\/vetus.com\/wp-content\/uploads\/ProPilot-Lifestyle-001-1-210x139.jpg 210w, https:\/\/vetus.com\/wp-content\/uploads\/ProPilot-Lifestyle-001-1-330x219.jpg 330w, https:\/\/vetus.com\/wp-content\/uploads\/ProPilot-Lifestyle-001-1-431x286.jpg 431w, https:\/\/vetus.com\/wp-content\/uploads\/ProPilot-Lifestyle-001-1-507x337.jpg 507w, https:\/\/vetus.com\/wp-content\/uploads\/ProPilot-Lifestyle-001-1-530x352.jpg 530w, https:\/\/vetus.com\/wp-content\/uploads\/ProPilot-Lifestyle-001-1.jpg 702w\" sizes=\"auto, (max-width: 575.98px) 431px, (max-width: 767.98px) 530px, (max-width: 991.98px) 330px, (max-width: 1279.98px) 530px, (max-width: 1899.98px) 690px, 930px\" loading=\"lazy\" \/>                            <\/div>\n                        <\/div>\n                    <\/div>\n                            <\/div>\n\n            <div class=\"col-md-6 col-lg-4 offset-lg-1\">\n                <div class=\"content-block__body\">\n                    \n                    \n                                            <h3 data-start=\"688\" data-end=\"732\">Une nouvelle \u00e8re du contr\u00f4le d\u2019accostage<\/h3>\n<p data-start=\"734\" data-end=\"1094\">Gr\u00e2ce \u00e0 la collaboration entre les moteurs inboard Cummins, le joystick Glendinning ProPilot et les propulseurs d\u2019\u00e9trave VETUS BOW PRO, les plaisanciers b\u00e9n\u00e9ficient d\u2019une confiance et d\u2019une pr\u00e9cision in\u00e9gal\u00e9es \u00e0 la barre. Cette int\u00e9gration puissante transforme m\u00eame les situations d\u2019accostage les plus complexes en man\u0153uvres fluides et parfaitement ma\u00eetris\u00e9es.<\/p>\n<ul data-start=\"1096\" data-end=\"1652\">\n<li data-start=\"1096\" data-end=\"1241\">\n<p data-start=\"1098\" data-end=\"1241\"><strong data-start=\"1098\" data-end=\"1130\">Man\u0153uvrez en toute confiance<\/strong> \u2013 Dirigez votre bateau exactement o\u00f9 vous le souhaitez gr\u00e2ce \u00e0 un contr\u00f4le intuitif \u00e0 une main via joystick.<\/p>\n<\/li>\n<li data-start=\"1242\" data-end=\"1393\">\n<p data-start=\"1244\" data-end=\"1393\"><strong data-start=\"1244\" data-end=\"1268\">Performance int\u00e9gr\u00e9e<\/strong> \u2013 Les moteurs et les propulseurs fonctionnent en parfaite harmonie pour une ma\u00eetrise optimale dans les espaces restreints.<\/p>\n<\/li>\n<li data-start=\"1394\" data-end=\"1512\">\n<p data-start=\"1396\" data-end=\"1512\"><strong data-start=\"1396\" data-end=\"1420\">Libert\u00e9 de mouvement<\/strong> \u2013 D\u00e9placez-vous lat\u00e9ralement, pivotez sur place ou progressez en diagonale avec facilit\u00e9.<\/p>\n<\/li>\n<li data-start=\"1513\" data-end=\"1652\">\n<p data-start=\"1515\" data-end=\"1652\"><strong data-start=\"1515\" data-end=\"1542\">Efficacit\u00e9 intelligente<\/strong> \u2013 La perturbation minimale de l\u2019eau assure un accostage plus s\u00fbr et plus serein dans les marinas fr\u00e9quent\u00e9es.<\/p>\n<\/li>\n<\/ul>\n                    \t\t\t\t\t\n                                    <\/div>\n            <\/div>\n        <\/div>\n    <\/div>\n<\/section>\n<section id=\"content-block-1-block_29392182b8b2b1fb0944d96f28460648\" class=\"section content-block content-block--image \">\n    <div class=\"container\">\n        <div class=\"row d-flex align-items-center flex-md-row-reverse\">\n\n            <div class=\"col-md-6 col-lg-7 offset-lg-1\">\n                                    <div class=\"content-block__visuals\">\n                        <div class=\"content-block__media media--clipped media ratio\">\n                            <div class=\"media__wrapper\">\n                                <img decoding=\"async\" width=\"690\" height=\"460\" src=\"https:\/\/vetus.com\/wp-content\/uploads\/21522070321_07ed4e430a_c-690x460.png\" class=\"media__source img-fit\" alt=\"\" srcset=\"https:\/\/vetus.com\/wp-content\/uploads\/21522070321_07ed4e430a_c-690x460.png 690w, https:\/\/vetus.com\/wp-content\/uploads\/21522070321_07ed4e430a_c-300x200.png 300w, https:\/\/vetus.com\/wp-content\/uploads\/21522070321_07ed4e430a_c-768x512.png 768w, https:\/\/vetus.com\/wp-content\/uploads\/21522070321_07ed4e430a_c-210x140.png 210w, https:\/\/vetus.com\/wp-content\/uploads\/21522070321_07ed4e430a_c-330x220.png 330w, https:\/\/vetus.com\/wp-content\/uploads\/21522070321_07ed4e430a_c-431x287.png 431w, https:\/\/vetus.com\/wp-content\/uploads\/21522070321_07ed4e430a_c-507x338.png 507w, https:\/\/vetus.com\/wp-content\/uploads\/21522070321_07ed4e430a_c-530x353.png 530w, https:\/\/vetus.com\/wp-content\/uploads\/21522070321_07ed4e430a_c.png 800w\" sizes=\"auto, (max-width: 575.98px) 431px, (max-width: 767.98px) 530px, (max-width: 991.98px) 330px, (max-width: 1279.98px) 530px, (max-width: 1899.98px) 690px, 930px\" loading=\"lazy\" \/>                            <\/div>\n                        <\/div>\n                    <\/div>\n                            <\/div>\n\n            <div class=\"col-md-6 col-lg-4\">\n                <div class=\"content-block__body\">\n                    \n                    \n                                            <h3 data-start=\"1659\" data-end=\"1715\">Innover dans l\u2019accostage avec puissance et pr\u00e9cision<\/h3>\n<p data-start=\"1717\" data-end=\"2081\">Le partenariat entre VETUS, Cummins et Glendinning \u00e9tablit une nouvelle r\u00e9f\u00e9rence en mati\u00e8re de contr\u00f4le marin int\u00e9gr\u00e9. En combinant la puissance inboard de Cummins, la technologie ProPilot de Glendinning et les propulseurs d\u2019\u00e9trave VETUS BOW PRO, le r\u00e9sultat est une solution robuste et tourn\u00e9e vers l\u2019avenir pour les plaisanciers exigeant fiabilit\u00e9 et pr\u00e9cision.<\/p>\n<ul data-start=\"2083\" data-end=\"2554\">\n<li data-start=\"2083\" data-end=\"2210\">\n<p data-start=\"2085\" data-end=\"2210\">Fonctionne parfaitement avec toute la gamme BOW PRO, assurant une large compatibilit\u00e9 avec diff\u00e9rents types d\u2019embarcations.<\/p>\n<\/li>\n<li data-start=\"2211\" data-end=\"2327\">\n<p data-start=\"2213\" data-end=\"2327\">Installation simple, avec connexion directe aux commandes de barre Cummins existantes via le r\u00e9seau VETUS V-CAN.<\/p>\n<\/li>\n<li data-start=\"2328\" data-end=\"2431\">\n<p data-start=\"2330\" data-end=\"2431\">Performances personnalis\u00e9es gr\u00e2ce \u00e0 un \u00e9quilibrage sp\u00e9cifique au bateau via un programme PC simple.<\/p>\n<\/li>\n<li data-start=\"2432\" data-end=\"2554\">\n<p data-start=\"2434\" data-end=\"2554\">Soutenu par des d\u00e9cennies d\u2019expertise en ing\u00e9nierie marine et par un vaste r\u00e9seau mondial de service et de distribution.<\/p>\n<\/li>\n<\/ul>\n                    \t\t\t\t\t\n                                    <\/div>\n            <\/div>\n        <\/div>\n    <\/div>\n<\/section><\/section>\n\n\n<section class=\"section  \">\n    \n\n<section id=\"section-text-block-block_68fc5eaf24366d1a0e78e6a28f5fa14b\" class=\"section text-block \">\n                    <div class=\"section section__body\">\n            <div class=\"text-block\">\n                <div class=\"container\">\n                    <div class=\"row\">\n                        <div class=\"col-lg-8 offset-lg-2\">\n                                                            <div class=\"section__content single__content hentry\">\n                                    <h3 data-start=\"2561\" data-end=\"2605\">Passez \u00e0 un niveau sup\u00e9rieur d\u2019accostage<\/h3>\n<p data-start=\"2607\" data-end=\"2857\">Avec VETUS, Cummins Marine et Glendinning travaillant ensemble, man\u0153uvrer devient naturel. Cette int\u00e9gration puissante associe fiabilit\u00e9, contr\u00f4le avanc\u00e9 et performance fluide, transformant chaque accostage en une exp\u00e9rience confiante et sans effort.<\/p>\n                                <\/div>\n                            \n                                                            <div class=\"section__actions text-block__actions actions\">\n                                    <div class=\"btn-group d-flex flex-wrap justify-content-center\">\n                                                                                    <a href=\"https:\/\/vetus.com\/fr\/propulseurs-bow-pro\/\" class=\"btn btn-primary\" title=\"\" target=\"_blank\">\n                                                <span>D\u00e9couvrez nos propulseurs d\u2019\u00e9trave BOW PRO<\/span>\n                                            <\/a>\n                                        \n                                                                            <\/div>\n                                <\/div>\n                                                    <\/div>\n                    <\/div>\n                <\/div>\n            <\/div>\n        <\/div>\n    <\/section><\/section>","protected":false},"excerpt":{"rendered":"","protected":false},"author":20,"featured_media":0,"parent":0,"menu_order":0,"comment_status":"closed","ping_status":"closed","template":"tpl-blog-large-header.php","meta":{"_acf_changed":false,"footnotes":""},"class_list":["post-115638","page","type-page","status-publish","hentry"],"acf":{"image":{"ID":115608,"id":115608,"title":"ProPilot-Lifestyle-002","filename":"ProPilot-Lifestyle-002.jpg","filesize":71618,"url":"https:\/\/vetus.com\/wp-content\/uploads\/ProPilot-Lifestyle-002.jpg","link":"https:\/\/vetus.com\/fr\/integration-propulseurs-etrave-bow-pro-avec-moteurs-inboard-cummins-et-glendinning\/propilot-lifestyle-002-2\/","alt":"","author":"20","description":"","caption":"","name":"propilot-lifestyle-002-2","status":"inherit","uploaded_to":115638,"date":"2025-10-03 06:51:22","modified":"2025-10-03 06:51:22","menu_order":0,"mime_type":"image\/jpeg","type":"image","subtype":"jpeg","icon":"https:\/\/vetus.com\/wp-includes\/images\/media\/default.png","width":798,"height":536,"sizes":{"thumbnail":"https:\/\/vetus.com\/wp-content\/uploads\/ProPilot-Lifestyle-002-150x150.jpg","thumbnail-width":150,"thumbnail-height":150,"medium":"https:\/\/vetus.com\/wp-content\/uploads\/ProPilot-Lifestyle-002-300x202.jpg","medium-width":300,"medium-height":202,"medium_large":"https:\/\/vetus.com\/wp-content\/uploads\/ProPilot-Lifestyle-002-768x516.jpg","medium_large-width":768,"medium_large-height":516,"large":"https:\/\/vetus.com\/wp-content\/uploads\/ProPilot-Lifestyle-002.jpg","large-width":798,"large-height":536,"1536x1536":"https:\/\/vetus.com\/wp-content\/uploads\/ProPilot-Lifestyle-002.jpg","1536x1536-width":798,"1536x1536-height":536,"2048x2048":"https:\/\/vetus.com\/wp-content\/uploads\/ProPilot-Lifestyle-002.jpg","2048x2048-width":798,"2048x2048-height":536,"210w":"https:\/\/vetus.com\/wp-content\/uploads\/ProPilot-Lifestyle-002-210x141.jpg","210w-width":210,"210w-height":141,"330w":"https:\/\/vetus.com\/wp-content\/uploads\/ProPilot-Lifestyle-002-330x222.jpg","330w-width":330,"330w-height":222,"431w":"https:\/\/vetus.com\/wp-content\/uploads\/ProPilot-Lifestyle-002-431x289.jpg","431w-width":431,"431w-height":289,"507w":"https:\/\/vetus.com\/wp-content\/uploads\/ProPilot-Lifestyle-002-507x341.jpg","507w-width":507,"507w-height":341,"530w":"https:\/\/vetus.com\/wp-content\/uploads\/ProPilot-Lifestyle-002-530x356.jpg","530w-width":530,"530w-height":356,"690w":"https:\/\/vetus.com\/wp-content\/uploads\/ProPilot-Lifestyle-002-690x463.jpg","690w-width":690,"690w-height":463,"930w":"https:\/\/vetus.com\/wp-content\/uploads\/ProPilot-Lifestyle-002.jpg","930w-width":798,"930w-height":536,"1170w":"https:\/\/vetus.com\/wp-content\/uploads\/ProPilot-Lifestyle-002.jpg","1170w-width":798,"1170w-height":536,"gform-image-choice-sm":"https:\/\/vetus.com\/wp-content\/uploads\/ProPilot-Lifestyle-002.jpg","gform-image-choice-sm-width":300,"gform-image-choice-sm-height":202,"gform-image-choice-md":"https:\/\/vetus.com\/wp-content\/uploads\/ProPilot-Lifestyle-002.jpg","gform-image-choice-md-width":400,"gform-image-choice-md-height":269,"gform-image-choice-lg":"https:\/\/vetus.com\/wp-content\/uploads\/ProPilot-Lifestyle-002.jpg","gform-image-choice-lg-width":600,"gform-image-choice-lg-height":403}},"introduction":"","person":false,"title":"Une puissance fluide pour un accostage sans effort"},"yoast_head":"<!-- This site is optimized with the Yoast SEO Premium plugin v27.3 (Yoast SEO v27.3) - https:\/\/yoast.com\/product\/yoast-seo-premium-wordpress\/ -->\n<title>Int\u00e9gration des propulseurs d\u2019\u00e9trave BOW PRO avec les moteurs inboard Cummins et le joystick Glendinning ProPilot - VETUS<\/title>\n<meta name=\"description\" content=\"Afin d\u2019am\u00e9liorer l\u2019exp\u00e9rience d\u2019accostage pour encore plus de plaisanciers, VETUS s\u2019est associ\u00e9 \u00e0 Cummins Marine et Glendinning pour...\" \/>\n<meta name=\"robots\" content=\"index, follow, max-snippet:-1, max-image-preview:large, max-video-preview:-1\" \/>\n<link rel=\"canonical\" href=\"https:\/\/vetus.com\/fr\/integration-propulseurs-etrave-bow-pro-avec-moteurs-inboard-cummins-et-glendinning\/\" \/>\n<meta property=\"og:locale\" content=\"fr_FR\" \/>\n<meta property=\"og:type\" content=\"article\" \/>\n<meta property=\"og:title\" content=\"Int\u00e9gration des propulseurs d\u2019\u00e9trave BOW PRO avec les moteurs inboard Cummins et le joystick Glendinning ProPilot\" \/>\n<meta property=\"og:description\" content=\"Afin d\u2019am\u00e9liorer l\u2019exp\u00e9rience d\u2019accostage pour encore plus de plaisanciers, VETUS s\u2019est associ\u00e9 \u00e0 Cummins Marine et Glendinning pour...\" \/>\n<meta property=\"og:url\" content=\"https:\/\/vetus.com\/fr\/integration-propulseurs-etrave-bow-pro-avec-moteurs-inboard-cummins-et-glendinning\/\" \/>\n<meta property=\"og:site_name\" content=\"VETUS\" \/>\n<meta property=\"article:modified_time\" content=\"2026-02-26T10:28:56+00:00\" \/>\n<meta name=\"twitter:card\" content=\"summary_large_image\" \/>\n<meta name=\"twitter:label1\" content=\"Dur\u00e9e de lecture estim\u00e9e\" \/>\n\t<meta name=\"twitter:data1\" content=\"3 minutes\" \/>\n<script type=\"application\/ld+json\" class=\"yoast-schema-graph\">{\"@context\":\"https:\\\/\\\/schema.org\",\"@graph\":[{\"@type\":\"WebPage\",\"@id\":\"https:\\\/\\\/vetus.com\\\/fr\\\/integration-propulseurs-etrave-bow-pro-avec-moteurs-inboard-cummins-et-glendinning\\\/\",\"url\":\"https:\\\/\\\/vetus.com\\\/fr\\\/integration-propulseurs-etrave-bow-pro-avec-moteurs-inboard-cummins-et-glendinning\\\/\",\"name\":\"Int\u00e9gration des propulseurs d\u2019\u00e9trave BOW PRO avec les moteurs inboard Cummins et le joystick Glendinning ProPilot - VETUS\",\"isPartOf\":{\"@id\":\"https:\\\/\\\/vetus.com\\\/fr\\\/#website\"},\"datePublished\":\"2025-10-02T08:54:36+00:00\",\"dateModified\":\"2026-02-26T10:28:56+00:00\",\"description\":\"Afin d\u2019am\u00e9liorer l\u2019exp\u00e9rience d\u2019accostage pour encore plus de plaisanciers, VETUS s\u2019est associ\u00e9 \u00e0 Cummins Marine et Glendinning pour...\",\"breadcrumb\":{\"@id\":\"https:\\\/\\\/vetus.com\\\/fr\\\/integration-propulseurs-etrave-bow-pro-avec-moteurs-inboard-cummins-et-glendinning\\\/#breadcrumb\"},\"inLanguage\":\"fr-FR\",\"potentialAction\":[{\"@type\":\"ReadAction\",\"target\":[\"https:\\\/\\\/vetus.com\\\/fr\\\/integration-propulseurs-etrave-bow-pro-avec-moteurs-inboard-cummins-et-glendinning\\\/\"]}]},{\"@type\":\"BreadcrumbList\",\"@id\":\"https:\\\/\\\/vetus.com\\\/fr\\\/integration-propulseurs-etrave-bow-pro-avec-moteurs-inboard-cummins-et-glendinning\\\/#breadcrumb\",\"itemListElement\":[{\"@type\":\"ListItem\",\"position\":1,\"name\":\"Home\",\"item\":\"https:\\\/\\\/vetus.com\\\/fr\\\/\"},{\"@type\":\"ListItem\",\"position\":2,\"name\":\"Int\u00e9gration des propulseurs d\u2019\u00e9trave BOW PRO avec les moteurs inboard Cummins et le joystick Glendinning ProPilot\"}]},{\"@type\":\"WebSite\",\"@id\":\"https:\\\/\\\/vetus.com\\\/fr\\\/#website\",\"url\":\"https:\\\/\\\/vetus.com\\\/fr\\\/\",\"name\":\"VETUS\",\"description\":\"\",\"potentialAction\":[{\"@type\":\"SearchAction\",\"target\":{\"@type\":\"EntryPoint\",\"urlTemplate\":\"https:\\\/\\\/vetus.com\\\/fr\\\/?s={search_term_string}\"},\"query-input\":{\"@type\":\"PropertyValueSpecification\",\"valueRequired\":true,\"valueName\":\"search_term_string\"}}],\"inLanguage\":\"fr-FR\"}]}<\/script>\n<!-- \/ Yoast SEO Premium plugin. -->","yoast_head_json":{"title":"Int\u00e9gration des propulseurs d\u2019\u00e9trave BOW PRO avec les moteurs inboard Cummins et le joystick Glendinning ProPilot - VETUS","description":"Afin d\u2019am\u00e9liorer l\u2019exp\u00e9rience d\u2019accostage pour encore plus de plaisanciers, VETUS s\u2019est associ\u00e9 \u00e0 Cummins Marine et Glendinning pour...","robots":{"index":"index","follow":"follow","max-snippet":"max-snippet:-1","max-image-preview":"max-image-preview:large","max-video-preview":"max-video-preview:-1"},"canonical":"https:\/\/vetus.com\/fr\/integration-propulseurs-etrave-bow-pro-avec-moteurs-inboard-cummins-et-glendinning\/","og_locale":"fr_FR","og_type":"article","og_title":"Int\u00e9gration des propulseurs d\u2019\u00e9trave BOW PRO avec les moteurs inboard Cummins et le joystick Glendinning ProPilot","og_description":"Afin d\u2019am\u00e9liorer l\u2019exp\u00e9rience d\u2019accostage pour encore plus de plaisanciers, VETUS s\u2019est associ\u00e9 \u00e0 Cummins Marine et Glendinning pour...","og_url":"https:\/\/vetus.com\/fr\/integration-propulseurs-etrave-bow-pro-avec-moteurs-inboard-cummins-et-glendinning\/","og_site_name":"VETUS","article_modified_time":"2026-02-26T10:28:56+00:00","twitter_card":"summary_large_image","twitter_misc":{"Dur\u00e9e de lecture estim\u00e9e":"3 minutes"},"schema":{"@context":"https:\/\/schema.org","@graph":[{"@type":"WebPage","@id":"https:\/\/vetus.com\/fr\/integration-propulseurs-etrave-bow-pro-avec-moteurs-inboard-cummins-et-glendinning\/","url":"https:\/\/vetus.com\/fr\/integration-propulseurs-etrave-bow-pro-avec-moteurs-inboard-cummins-et-glendinning\/","name":"Int\u00e9gration des propulseurs d\u2019\u00e9trave BOW PRO avec les moteurs inboard Cummins et le joystick Glendinning ProPilot - VETUS","isPartOf":{"@id":"https:\/\/vetus.com\/fr\/#website"},"datePublished":"2025-10-02T08:54:36+00:00","dateModified":"2026-02-26T10:28:56+00:00","description":"Afin d\u2019am\u00e9liorer l\u2019exp\u00e9rience d\u2019accostage pour encore plus de plaisanciers, VETUS s\u2019est associ\u00e9 \u00e0 Cummins Marine et Glendinning pour...","breadcrumb":{"@id":"https:\/\/vetus.com\/fr\/integration-propulseurs-etrave-bow-pro-avec-moteurs-inboard-cummins-et-glendinning\/#breadcrumb"},"inLanguage":"fr-FR","potentialAction":[{"@type":"ReadAction","target":["https:\/\/vetus.com\/fr\/integration-propulseurs-etrave-bow-pro-avec-moteurs-inboard-cummins-et-glendinning\/"]}]},{"@type":"BreadcrumbList","@id":"https:\/\/vetus.com\/fr\/integration-propulseurs-etrave-bow-pro-avec-moteurs-inboard-cummins-et-glendinning\/#breadcrumb","itemListElement":[{"@type":"ListItem","position":1,"name":"Home","item":"https:\/\/vetus.com\/fr\/"},{"@type":"ListItem","position":2,"name":"Int\u00e9gration des propulseurs d\u2019\u00e9trave BOW PRO avec les moteurs inboard Cummins et le joystick Glendinning ProPilot"}]},{"@type":"WebSite","@id":"https:\/\/vetus.com\/fr\/#website","url":"https:\/\/vetus.com\/fr\/","name":"VETUS","description":"","potentialAction":[{"@type":"SearchAction","target":{"@type":"EntryPoint","urlTemplate":"https:\/\/vetus.com\/fr\/?s={search_term_string}"},"query-input":{"@type":"PropertyValueSpecification","valueRequired":true,"valueName":"search_term_string"}}],"inLanguage":"fr-FR"}]}},"_links":{"self":[{"href":"https:\/\/vetus.com\/fr\/wp-json\/wp\/v2\/pages\/115638","targetHints":{"allow":["GET"]}}],"collection":[{"href":"https:\/\/vetus.com\/fr\/wp-json\/wp\/v2\/pages"}],"about":[{"href":"https:\/\/vetus.com\/fr\/wp-json\/wp\/v2\/types\/page"}],"author":[{"embeddable":true,"href":"https:\/\/vetus.com\/fr\/wp-json\/wp\/v2\/users\/20"}],"replies":[{"embeddable":true,"href":"https:\/\/vetus.com\/fr\/wp-json\/wp\/v2\/comments?post=115638"}],"version-history":[{"count":4,"href":"https:\/\/vetus.com\/fr\/wp-json\/wp\/v2\/pages\/115638\/revisions"}],"predecessor-version":[{"id":122695,"href":"https:\/\/vetus.com\/fr\/wp-json\/wp\/v2\/pages\/115638\/revisions\/122695"}],"wp:attachment":[{"href":"https:\/\/vetus.com\/fr\/wp-json\/wp\/v2\/media?parent=115638"}],"curies":[{"name":"wp","href":"https:\/\/api.w.org\/{rel}","templated":true}]}}