{"id":106780,"date":"2025-05-14T15:48:07","date_gmt":"2025-05-14T13:48:07","guid":{"rendered":"https:\/\/vetus.com\/campagnes-vetus\/vetus-m-line-repowering-kit-for-volvo-penta-saildrives\/"},"modified":"2026-03-27T16:29:41","modified_gmt":"2026-03-27T14:29:41","slug":"kit-de-remotorisation-vetus-m-line-pour-saildrives-volvo-penta","status":"publish","type":"page","link":"https:\/\/vetus.com\/fr\/campagnes-vetus\/kit-de-remotorisation-vetus-m-line-pour-saildrives-volvo-penta\/","title":{"rendered":"Kit de remotorisation VETUS M-Line pour saildrives Volvo Penta"},"content":{"rendered":"\n<section class=\"section  \">\n    \n\n<section id=\"section-text-block-block_9a07fdcf87675da502cf3053014acab3\" class=\"section text-block \">\n                    <div class=\"section section__body\">\n            <div class=\"text-block\">\n                <div class=\"container\">\n                    <div class=\"row\">\n                        <div class=\"col-lg-8 offset-lg-2\">\n                                                            <div class=\"section__content single__content hentry\">\n                                    <h4>Moteur diesel marin M-LINE avec capot refroidi par eau \u2013 \u00e9galement compatible avec les saildrives Volvo Penta 110S et 120S(B)<\/h4>\n<p>Votre voilier est \u00e9quip\u00e9 d\u2019un ancien moteur Volvo Penta avec un saildrive 110S, 120S ou 120SB ? VETUS propose une solution intelligente et pr\u00eate pour l\u2019avenir. Gr\u00e2ce au kit de connexion VETUS, vous pouvez facilement installer un nouveau moteur marin M-LINE sur votre saildrive Volvo existant \u2013 sans aucune modification de coque.<\/p>\n<p>T\u00e9l\u00e9chargez le tableau complet de compatibilit\u00e9 entre les saildrives Volvo Penta et les moteurs M-LINE de VETUS <strong><a href=\"https:\/\/vetus.com\/wp-content\/uploads\/Saildrive-table.pdf\" target=\"_blank\" rel=\"noopener\">ici (PDF)<\/a><\/strong>.<\/p>\n<p>Con\u00e7ue selon les standards actuels, la gamme <a href=\"https:\/\/webshop.vetus.com\/en\/products\/engines\/m-line-engines\" target=\"_blank\" rel=\"noopener\">M-LINE<\/a> de VETUS combine un fonctionnement silencieux, une consommation r\u00e9duite et une compatibilit\u00e9 avec des carburants alternatifs comme le <a href=\"https:\/\/vetus.com\/vetus-campaigns\/d-line-and-m-line-on-hvo-fuel\/\" target=\"_blank\" rel=\"noopener\">HVO<\/a>. Le capot refroidi par eau int\u00e9gr\u00e9 r\u00e9duit le bruit dans la salle des machines tout en am\u00e9liorant l\u2019efficacit\u00e9 thermique. Associ\u00e9e \u00e0 nos kits d\u2019adaptation sur mesure, c\u2019est une mani\u00e8re intelligente d\u2019am\u00e9liorer les performances tout en conservant votre syst\u00e8me saildrive actuel.<\/p>\n                                <\/div>\n                            \n                                                            <div class=\"section__actions text-block__actions actions\">\n                                    <div class=\"btn-group d-flex flex-wrap justify-content-center\">\n                                                                                    <a href=\"https:\/\/vetus.com\/wp-content\/uploads\/Saildrive-table.pdf\" class=\"btn btn-secondary\" title=\"\" target=\"_blank\">\n                                                <span>T\u00e9l\u00e9charger le tableau de compatibilit\u00e9<\/span>\n                                            <\/a>\n                                        \n                                                                                    <a href=\"https:\/\/webshop.vetus.com\/en\/products\/engines\/m-line-engines\" class=\"btn btn-primary\" title=\"\" target=\"_blank\">\n                                                <span>D\u00e9couvrir les moteurs M-LINE<\/span>\n                                            <\/a>\n                                                                            <\/div>\n                                <\/div>\n                                                    <\/div>\n                    <\/div>\n                <\/div>\n            <\/div>\n        <\/div>\n    <\/section><\/section>\n\n<section class=\"section section--colored bg-light content-blocks bg-light   \">\n    \n<section id=\"content-block-1-block_102885655d0866506f238e82f38e0bf1\" class=\"section content-block content-block--image \">\n    <div class=\"container\">\n        <div class=\"row d-flex align-items-center flex-md-row-reverse\">\n\n            <div class=\"col-md-6 col-lg-7 offset-lg-1\">\n                                    <div class=\"content-block__visuals\">\n                        <div class=\"content-block__media media--clipped media ratio\">\n                            <div class=\"media__wrapper\">\n                                <img decoding=\"async\" width=\"690\" height=\"460\" src=\"https:\/\/vetus.com\/wp-content\/uploads\/PNG-DSC07594-690x460.png\" class=\"media__source img-fit\" alt=\"\" srcset=\"https:\/\/vetus.com\/wp-content\/uploads\/PNG-DSC07594-690x460.png 690w, https:\/\/vetus.com\/wp-content\/uploads\/PNG-DSC07594-300x200.png 300w, https:\/\/vetus.com\/wp-content\/uploads\/PNG-DSC07594-768x512.png 768w, https:\/\/vetus.com\/wp-content\/uploads\/PNG-DSC07594-210x140.png 210w, https:\/\/vetus.com\/wp-content\/uploads\/PNG-DSC07594-330x220.png 330w, https:\/\/vetus.com\/wp-content\/uploads\/PNG-DSC07594-431x287.png 431w, https:\/\/vetus.com\/wp-content\/uploads\/PNG-DSC07594-507x338.png 507w, https:\/\/vetus.com\/wp-content\/uploads\/PNG-DSC07594-530x353.png 530w, https:\/\/vetus.com\/wp-content\/uploads\/PNG-DSC07594-930x620.png 930w, https:\/\/vetus.com\/wp-content\/uploads\/PNG-DSC07594-1170x780.png 1170w\" sizes=\"auto, (max-width: 575.98px) 431px, (max-width: 767.98px) 530px, (max-width: 991.98px) 330px, (max-width: 1279.98px) 530px, (max-width: 1899.98px) 690px, 930px\" loading=\"lazy\" \/>                            <\/div>\n                        <\/div>\n                    <\/div>\n                            <\/div>\n\n            <div class=\"col-md-6 col-lg-4\">\n                <div class=\"content-block__body\">\n                    \n                    \n                                            <h3>Pourquoi choisir VETUS pour remotoriser votre voilier ?<\/h3>\n<ul>\n<li><strong>Int\u00e9gration parfaite<\/strong><br \/>Le kit de connexion VETUS garantit un ajustement parfait entre les moteurs M-LINE et votre saildrive Volvo, sans modifications co\u00fbteuses de la coque.<\/li>\n<li><strong>Performances modernes<\/strong><br \/>B\u00e9n\u00e9ficiez d\u2019un moteur diesel marin fiable, \u00e9conomique et \u00e0 faibles \u00e9missions conforme aux normes actuelles.<\/li>\n<li><strong>Solution \u00e9conomique<\/strong><br \/>\u00c9vitez le remplacement complet du syst\u00e8me de propulsion en conservant votre saildrive existant.<\/li>\n<li><strong>Support technique expert<\/strong><br \/>Notre r\u00e9seau de distributeurs et de techniciens vous accompagne \u00e0 chaque \u00e9tape du processus de remotorisation.<\/li>\n<\/ul>\n                    \t\t\t\t\t\n                                    <\/div>\n            <\/div>\n        <\/div>\n    <\/div>\n<\/section><\/section>\n\n\n<section class=\"section  \">\n    \n<section id=\"content-block-1-block_ec2519f1a6a01b9dc48be546e1cd0362\" class=\"section content-block content-block--image \">\n    <div class=\"container\">\n        <div class=\"row d-flex align-items-center\">\n\n            <div class=\"col-md-6 col-lg-7\">\n                                    <div class=\"content-block__visuals\">\n                        <div class=\"content-block__media media--clipped media ratio\">\n                            <div class=\"media__wrapper\">\n                                <img decoding=\"async\" width=\"690\" height=\"552\" src=\"https:\/\/vetus.com\/wp-content\/uploads\/M-LINE-Saildrive-FLEXOFOLD_2-690x552.png\" class=\"media__source img-fit\" alt=\"M-LINE Marine Diesel Engine with water-cooled cover also suitable for Volvo Penta 110S and 120S(B) Saildrives\" srcset=\"https:\/\/vetus.com\/wp-content\/uploads\/M-LINE-Saildrive-FLEXOFOLD_2-690x552.png 690w, https:\/\/vetus.com\/wp-content\/uploads\/M-LINE-Saildrive-FLEXOFOLD_2-300x240.png 300w, https:\/\/vetus.com\/wp-content\/uploads\/M-LINE-Saildrive-FLEXOFOLD_2-768x615.png 768w, https:\/\/vetus.com\/wp-content\/uploads\/M-LINE-Saildrive-FLEXOFOLD_2-210x168.png 210w, https:\/\/vetus.com\/wp-content\/uploads\/M-LINE-Saildrive-FLEXOFOLD_2-330x264.png 330w, https:\/\/vetus.com\/wp-content\/uploads\/M-LINE-Saildrive-FLEXOFOLD_2-431x345.png 431w, https:\/\/vetus.com\/wp-content\/uploads\/M-LINE-Saildrive-FLEXOFOLD_2-507x406.png 507w, https:\/\/vetus.com\/wp-content\/uploads\/M-LINE-Saildrive-FLEXOFOLD_2-530x424.png 530w, https:\/\/vetus.com\/wp-content\/uploads\/M-LINE-Saildrive-FLEXOFOLD_2-930x744.png 930w, https:\/\/vetus.com\/wp-content\/uploads\/M-LINE-Saildrive-FLEXOFOLD_2-1170x936.png 1170w\" sizes=\"auto, (max-width: 575.98px) 431px, (max-width: 767.98px) 530px, (max-width: 991.98px) 330px, (max-width: 1279.98px) 530px, (max-width: 1899.98px) 690px, 930px\" loading=\"lazy\" \/>                            <\/div>\n                        <\/div>\n                    <\/div>\n                            <\/div>\n\n            <div class=\"col-md-6 col-lg-4 offset-lg-1\">\n                <div class=\"content-block__body\">\n                    \n                    \n                                            <h3>Points importants \u00e0 v\u00e9rifier sur votre saildrive lors d\u2019une remotorisation<\/h3>\n<p>Contrairement aux arbres d\u2019h\u00e9lice traditionnels, les saildrives offrent une propulsion plus fluide, moins de vibrations et une meilleure efficacit\u00e9 \u00e9nerg\u00e9tique. Ces avantages sont tr\u00e8s appr\u00e9ci\u00e9s des plaisanciers recherchant un fonctionnement silencieux et fiable. La remotorisation est le moment id\u00e9al pour inspecter et entretenir le saildrive. Ce composant essentiel joue un r\u00f4le cl\u00e9 dans les performances de votre syst\u00e8me de propulsion. V\u00e9rifier les \u00e9l\u00e9ments d\u2019usure tels que les joints, les supports ou la membrane permet d\u2019\u00e9viter des soucis ult\u00e9rieurs et de garantir que votre nouveau moteur fonctionne \u00e0 son plein potentiel.<\/p>\n<p><span class=\"relative\">Il est \u00e9galement essentiel de contr\u00f4ler le rapport de r\u00e9duction : certains anciens mod\u00e8les comme le 110S (1,66:1) peuvent ne pas \u00eatre parfaitement adapt\u00e9s aux moteurs modernes \u00e0 r\u00e9gime \u00e9lev\u00e9.<\/span> <span class=\"relative\">Les experts VETUS peuvent \u00e9valuer votre configuration actuelle et recommander l\u2019h\u00e9lice ou les ajustements n\u00e9cessaires pour une int\u00e9gration optimale.<\/span><\/p>\n<p>Si votre saildrive Volvo n\u00e9cessite un remplacement, VETUS propose des mod\u00e8les compatibles con\u00e7us pour s\u2019int\u00e9grer parfaitement \u00e0 votre nouveau moteur.<\/p>\n                    \t\t\t\t\t\n                                    <\/div>\n            <\/div>\n        <\/div>\n    <\/div>\n<\/section>\n\n<section id=\"section-text-block-block_ec2519f1a6a01b9dc48be546e1cd0362\" class=\"section text-block \">\n                    <div class=\"section section__body\">\n            <div class=\"text-block\">\n                <div class=\"container\">\n                    <div class=\"row\">\n                        <div class=\"col-lg-8 offset-lg-2\">\n                                                            <div class=\"section__content single__content hentry\">\n                                    <h4><strong>Pr\u00eat \u00e0 remotoriser votre voilier en toute confiance ?<\/strong><\/h4>\n<p>Moderniser la propulsion de votre voilier ne signifie pas forc\u00e9ment tout remplacer. VETUS propose une solution intelligente, combinant la technologie avanc\u00e9e des moteurs M-LINE avec des kits d\u2019adaptation sur mesure pour saildrives Volvo Penta. Pour un accompagnement personnalis\u00e9 et une installation professionnelle, notre r\u00e9seau international de distributeurs et techniciens VETUS est \u00e0 votre disposition.<\/p>\n<h4>Conseils d\u2019experts, o\u00f9 que vous soyez<\/h4>\n<p>Notre \u00e9quipe d\u2019experts VETUS vous aide \u00e0 choisir le moteur M-LINE adapt\u00e9 \u00e0 vos besoins et \u00e0 assurer une int\u00e9gration parfaite avec votre saildrive Volvo Penta. Nous vous mettrons en relation avec un distributeur ou un technicien qualifi\u00e9 de notre r\u00e9seau mondial.<\/p>\n                                <\/div>\n                            \n                                                            <div class=\"section__actions text-block__actions actions\">\n                                    <div class=\"btn-group d-flex flex-wrap justify-content-center\">\n                                                                                    <a href=\"https:\/\/vetus.com\/sailboat-repowering-quote\/\" class=\"btn btn-secondary\" title=\"\" target=\"_blank\">\n                                                <span>Demander un devis maintenant<\/span>\n                                            <\/a>\n                                        \n                                                                                    <a href=\"https:\/\/vetus.com\/sailboat-expert-advise-request\/\" class=\"btn btn-primary\" title=\"\" target=\"_blank\">\n                                                <span>Obtenir d\u2019abord un conseil technique<\/span>\n                                            <\/a>\n                                                                            <\/div>\n                                <\/div>\n                                                    <\/div>\n                    <\/div>\n                <\/div>\n            <\/div>\n        <\/div>\n    <\/section><\/section>\n","protected":false},"excerpt":{"rendered":"","protected":false},"author":25,"featured_media":106128,"parent":32270,"menu_order":0,"comment_status":"closed","ping_status":"closed","template":"tpl-home.php","meta":{"_acf_changed":false,"footnotes":""},"class_list":["post-106780","page","type-page","status-publish","has-post-thumbnail","hentry"],"acf":{"button":"","button_secondary":"","introduction":"","person":false,"title":"Kit de remotorisation VETUS M-Line pour saildrives Volvo Penta","yellow_button":{"title":"","url":"","target":"","0":""},"video":false,"background_image":{"ID":106128,"id":106128,"title":"shutterstock_139389128 (3)","filename":"shutterstock_139389128-3-scaled.png","filesize":1225729,"url":"https:\/\/vetus.com\/wp-content\/uploads\/shutterstock_139389128-3-scaled.png","link":"https:\/\/vetus.com\/fr\/campagnes-vetus\/kit-de-remotorisation-vetus-m-line-pour-saildrives-volvo-penta\/shutterstock_139389128-3-2\/","alt":"","author":"25","description":"","caption":"","name":"shutterstock_139389128-3-2","status":"inherit","uploaded_to":106780,"date":"2025-05-13 11:50:42","modified":"2025-05-13 11:50:42","menu_order":0,"mime_type":"image\/png","type":"image","subtype":"png","icon":"https:\/\/vetus.com\/wp-includes\/images\/media\/default.png","width":2560,"height":1103,"sizes":{"thumbnail":"https:\/\/vetus.com\/wp-content\/uploads\/shutterstock_139389128-3-150x150.png","thumbnail-width":150,"thumbnail-height":150,"medium":"https:\/\/vetus.com\/wp-content\/uploads\/shutterstock_139389128-3-300x129.png","medium-width":300,"medium-height":129,"medium_large":"https:\/\/vetus.com\/wp-content\/uploads\/shutterstock_139389128-3-768x331.png","medium_large-width":768,"medium_large-height":331,"large":"https:\/\/vetus.com\/wp-content\/uploads\/shutterstock_139389128-3-scaled.png","large-width":1024,"large-height":441,"1536x1536":"https:\/\/vetus.com\/wp-content\/uploads\/shutterstock_139389128-3-scaled.png","1536x1536-width":1536,"1536x1536-height":662,"2048x2048":"https:\/\/vetus.com\/wp-content\/uploads\/shutterstock_139389128-3-scaled.png","2048x2048-width":2048,"2048x2048-height":882,"210w":"https:\/\/vetus.com\/wp-content\/uploads\/shutterstock_139389128-3-210x91.png","210w-width":210,"210w-height":91,"330w":"https:\/\/vetus.com\/wp-content\/uploads\/shutterstock_139389128-3-330x142.png","330w-width":330,"330w-height":142,"431w":"https:\/\/vetus.com\/wp-content\/uploads\/shutterstock_139389128-3-431x186.png","431w-width":431,"431w-height":186,"507w":"https:\/\/vetus.com\/wp-content\/uploads\/shutterstock_139389128-3-507x219.png","507w-width":507,"507w-height":219,"530w":"https:\/\/vetus.com\/wp-content\/uploads\/shutterstock_139389128-3-530x228.png","530w-width":530,"530w-height":228,"690w":"https:\/\/vetus.com\/wp-content\/uploads\/shutterstock_139389128-3-690x297.png","690w-width":690,"690w-height":297,"930w":"https:\/\/vetus.com\/wp-content\/uploads\/shutterstock_139389128-3-930x401.png","930w-width":930,"930w-height":401,"1170w":"https:\/\/vetus.com\/wp-content\/uploads\/shutterstock_139389128-3-1170x504.png","1170w-width":1170,"1170w-height":504,"gform-image-choice-sm":"https:\/\/vetus.com\/wp-content\/uploads\/shutterstock_139389128-3-scaled.png","gform-image-choice-sm-width":300,"gform-image-choice-sm-height":129,"gform-image-choice-md":"https:\/\/vetus.com\/wp-content\/uploads\/shutterstock_139389128-3-scaled.png","gform-image-choice-md-width":400,"gform-image-choice-md-height":172,"gform-image-choice-lg":"https:\/\/vetus.com\/wp-content\/uploads\/shutterstock_139389128-3-scaled.png","gform-image-choice-lg-width":600,"gform-image-choice-lg-height":259}}},"yoast_head":"<!-- This site is optimized with the Yoast SEO Premium plugin v27.3 (Yoast SEO v27.3) - https:\/\/yoast.com\/product\/yoast-seo-premium-wordpress\/ -->\n<title>Kit de remotorisation VETUS M-Line pour saildrives Volvo Penta - VETUS<\/title>\n<meta name=\"description\" content=\"Moteur diesel marin M-LINE avec capot refroidi par eau \u2013 \u00e9galement compatible avec les saildrives Volvo Penta 110S et 120S(B) ...\" \/>\n<meta name=\"robots\" content=\"index, follow, max-snippet:-1, max-image-preview:large, max-video-preview:-1\" \/>\n<link rel=\"canonical\" href=\"https:\/\/vetus.com\/fr\/campagnes-vetus\/kit-de-remotorisation-vetus-m-line-pour-saildrives-volvo-penta\/\" \/>\n<meta property=\"og:locale\" content=\"fr_FR\" \/>\n<meta property=\"og:type\" content=\"article\" \/>\n<meta property=\"og:title\" content=\"Kit de remotorisation VETUS M-Line pour saildrives Volvo Penta\" \/>\n<meta property=\"og:description\" content=\"Moteur diesel marin M-LINE avec capot refroidi par eau \u2013 \u00e9galement compatible avec les saildrives Volvo Penta 110S et 120S(B) ...\" \/>\n<meta property=\"og:url\" content=\"https:\/\/vetus.com\/fr\/campagnes-vetus\/kit-de-remotorisation-vetus-m-line-pour-saildrives-volvo-penta\/\" \/>\n<meta property=\"og:site_name\" content=\"VETUS\" \/>\n<meta property=\"article:modified_time\" content=\"2026-03-27T14:29:41+00:00\" \/>\n<meta property=\"og:image\" content=\"https:\/\/vetus.com\/wp-content\/uploads\/shutterstock_139389128-3-scaled.png\" \/>\n\t<meta property=\"og:image:width\" content=\"2560\" \/>\n\t<meta property=\"og:image:height\" content=\"1103\" \/>\n\t<meta property=\"og:image:type\" content=\"image\/png\" \/>\n<meta name=\"twitter:card\" content=\"summary_large_image\" \/>\n<meta name=\"twitter:label1\" content=\"Dur\u00e9e de lecture estim\u00e9e\" \/>\n\t<meta name=\"twitter:data1\" content=\"3 minutes\" \/>\n<script type=\"application\/ld+json\" class=\"yoast-schema-graph\">{\"@context\":\"https:\\\/\\\/schema.org\",\"@graph\":[{\"@type\":\"WebPage\",\"@id\":\"https:\\\/\\\/vetus.com\\\/fr\\\/campagnes-vetus\\\/kit-de-remotorisation-vetus-m-line-pour-saildrives-volvo-penta\\\/\",\"url\":\"https:\\\/\\\/vetus.com\\\/fr\\\/campagnes-vetus\\\/kit-de-remotorisation-vetus-m-line-pour-saildrives-volvo-penta\\\/\",\"name\":\"Kit de remotorisation VETUS M-Line pour saildrives Volvo Penta - VETUS\",\"isPartOf\":{\"@id\":\"https:\\\/\\\/vetus.com\\\/fr\\\/#website\"},\"primaryImageOfPage\":{\"@id\":\"https:\\\/\\\/vetus.com\\\/fr\\\/campagnes-vetus\\\/kit-de-remotorisation-vetus-m-line-pour-saildrives-volvo-penta\\\/#primaryimage\"},\"image\":{\"@id\":\"https:\\\/\\\/vetus.com\\\/fr\\\/campagnes-vetus\\\/kit-de-remotorisation-vetus-m-line-pour-saildrives-volvo-penta\\\/#primaryimage\"},\"thumbnailUrl\":\"https:\\\/\\\/vetus.com\\\/wp-content\\\/uploads\\\/shutterstock_139389128-3-scaled.png\",\"datePublished\":\"2025-05-14T13:48:07+00:00\",\"dateModified\":\"2026-03-27T14:29:41+00:00\",\"description\":\"Moteur diesel marin M-LINE avec capot refroidi par eau \u2013 \u00e9galement compatible avec les saildrives Volvo Penta 110S et 120S(B) ...\",\"breadcrumb\":{\"@id\":\"https:\\\/\\\/vetus.com\\\/fr\\\/campagnes-vetus\\\/kit-de-remotorisation-vetus-m-line-pour-saildrives-volvo-penta\\\/#breadcrumb\"},\"inLanguage\":\"fr-FR\",\"potentialAction\":[{\"@type\":\"ReadAction\",\"target\":[\"https:\\\/\\\/vetus.com\\\/fr\\\/campagnes-vetus\\\/kit-de-remotorisation-vetus-m-line-pour-saildrives-volvo-penta\\\/\"]}]},{\"@type\":\"ImageObject\",\"inLanguage\":\"fr-FR\",\"@id\":\"https:\\\/\\\/vetus.com\\\/fr\\\/campagnes-vetus\\\/kit-de-remotorisation-vetus-m-line-pour-saildrives-volvo-penta\\\/#primaryimage\",\"url\":\"https:\\\/\\\/vetus.com\\\/wp-content\\\/uploads\\\/shutterstock_139389128-3-scaled.png\",\"contentUrl\":\"https:\\\/\\\/vetus.com\\\/wp-content\\\/uploads\\\/shutterstock_139389128-3-scaled.png\",\"width\":2560,\"height\":1103},{\"@type\":\"BreadcrumbList\",\"@id\":\"https:\\\/\\\/vetus.com\\\/fr\\\/campagnes-vetus\\\/kit-de-remotorisation-vetus-m-line-pour-saildrives-volvo-penta\\\/#breadcrumb\",\"itemListElement\":[{\"@type\":\"ListItem\",\"position\":1,\"name\":\"Home\",\"item\":\"https:\\\/\\\/vetus.com\\\/fr\\\/\"},{\"@type\":\"ListItem\",\"position\":2,\"name\":\"Campagnes VETUS\",\"item\":\"https:\\\/\\\/vetus.com\\\/fr\\\/campagnes-vetus\\\/\"},{\"@type\":\"ListItem\",\"position\":3,\"name\":\"Kit de remotorisation VETUS M-Line pour saildrives Volvo Penta\"}]},{\"@type\":\"WebSite\",\"@id\":\"https:\\\/\\\/vetus.com\\\/fr\\\/#website\",\"url\":\"https:\\\/\\\/vetus.com\\\/fr\\\/\",\"name\":\"VETUS\",\"description\":\"\",\"potentialAction\":[{\"@type\":\"SearchAction\",\"target\":{\"@type\":\"EntryPoint\",\"urlTemplate\":\"https:\\\/\\\/vetus.com\\\/fr\\\/?s={search_term_string}\"},\"query-input\":{\"@type\":\"PropertyValueSpecification\",\"valueRequired\":true,\"valueName\":\"search_term_string\"}}],\"inLanguage\":\"fr-FR\"}]}<\/script>\n<!-- \/ Yoast SEO Premium plugin. -->","yoast_head_json":{"title":"Kit de remotorisation VETUS M-Line pour saildrives Volvo Penta - VETUS","description":"Moteur diesel marin M-LINE avec capot refroidi par eau \u2013 \u00e9galement compatible avec les saildrives Volvo Penta 110S et 120S(B) ...","robots":{"index":"index","follow":"follow","max-snippet":"max-snippet:-1","max-image-preview":"max-image-preview:large","max-video-preview":"max-video-preview:-1"},"canonical":"https:\/\/vetus.com\/fr\/campagnes-vetus\/kit-de-remotorisation-vetus-m-line-pour-saildrives-volvo-penta\/","og_locale":"fr_FR","og_type":"article","og_title":"Kit de remotorisation VETUS M-Line pour saildrives Volvo Penta","og_description":"Moteur diesel marin M-LINE avec capot refroidi par eau \u2013 \u00e9galement compatible avec les saildrives Volvo Penta 110S et 120S(B) ...","og_url":"https:\/\/vetus.com\/fr\/campagnes-vetus\/kit-de-remotorisation-vetus-m-line-pour-saildrives-volvo-penta\/","og_site_name":"VETUS","article_modified_time":"2026-03-27T14:29:41+00:00","og_image":[{"width":2560,"height":1103,"url":"https:\/\/vetus.com\/wp-content\/uploads\/shutterstock_139389128-3-scaled.png","type":"image\/png"}],"twitter_card":"summary_large_image","twitter_misc":{"Dur\u00e9e de lecture estim\u00e9e":"3 minutes"},"schema":{"@context":"https:\/\/schema.org","@graph":[{"@type":"WebPage","@id":"https:\/\/vetus.com\/fr\/campagnes-vetus\/kit-de-remotorisation-vetus-m-line-pour-saildrives-volvo-penta\/","url":"https:\/\/vetus.com\/fr\/campagnes-vetus\/kit-de-remotorisation-vetus-m-line-pour-saildrives-volvo-penta\/","name":"Kit de remotorisation VETUS M-Line pour saildrives Volvo Penta - VETUS","isPartOf":{"@id":"https:\/\/vetus.com\/fr\/#website"},"primaryImageOfPage":{"@id":"https:\/\/vetus.com\/fr\/campagnes-vetus\/kit-de-remotorisation-vetus-m-line-pour-saildrives-volvo-penta\/#primaryimage"},"image":{"@id":"https:\/\/vetus.com\/fr\/campagnes-vetus\/kit-de-remotorisation-vetus-m-line-pour-saildrives-volvo-penta\/#primaryimage"},"thumbnailUrl":"https:\/\/vetus.com\/wp-content\/uploads\/shutterstock_139389128-3-scaled.png","datePublished":"2025-05-14T13:48:07+00:00","dateModified":"2026-03-27T14:29:41+00:00","description":"Moteur diesel marin M-LINE avec capot refroidi par eau \u2013 \u00e9galement compatible avec les saildrives Volvo Penta 110S et 120S(B) ...","breadcrumb":{"@id":"https:\/\/vetus.com\/fr\/campagnes-vetus\/kit-de-remotorisation-vetus-m-line-pour-saildrives-volvo-penta\/#breadcrumb"},"inLanguage":"fr-FR","potentialAction":[{"@type":"ReadAction","target":["https:\/\/vetus.com\/fr\/campagnes-vetus\/kit-de-remotorisation-vetus-m-line-pour-saildrives-volvo-penta\/"]}]},{"@type":"ImageObject","inLanguage":"fr-FR","@id":"https:\/\/vetus.com\/fr\/campagnes-vetus\/kit-de-remotorisation-vetus-m-line-pour-saildrives-volvo-penta\/#primaryimage","url":"https:\/\/vetus.com\/wp-content\/uploads\/shutterstock_139389128-3-scaled.png","contentUrl":"https:\/\/vetus.com\/wp-content\/uploads\/shutterstock_139389128-3-scaled.png","width":2560,"height":1103},{"@type":"BreadcrumbList","@id":"https:\/\/vetus.com\/fr\/campagnes-vetus\/kit-de-remotorisation-vetus-m-line-pour-saildrives-volvo-penta\/#breadcrumb","itemListElement":[{"@type":"ListItem","position":1,"name":"Home","item":"https:\/\/vetus.com\/fr\/"},{"@type":"ListItem","position":2,"name":"Campagnes VETUS","item":"https:\/\/vetus.com\/fr\/campagnes-vetus\/"},{"@type":"ListItem","position":3,"name":"Kit de remotorisation VETUS M-Line pour saildrives Volvo Penta"}]},{"@type":"WebSite","@id":"https:\/\/vetus.com\/fr\/#website","url":"https:\/\/vetus.com\/fr\/","name":"VETUS","description":"","potentialAction":[{"@type":"SearchAction","target":{"@type":"EntryPoint","urlTemplate":"https:\/\/vetus.com\/fr\/?s={search_term_string}"},"query-input":{"@type":"PropertyValueSpecification","valueRequired":true,"valueName":"search_term_string"}}],"inLanguage":"fr-FR"}]}},"_links":{"self":[{"href":"https:\/\/vetus.com\/fr\/wp-json\/wp\/v2\/pages\/106780","targetHints":{"allow":["GET"]}}],"collection":[{"href":"https:\/\/vetus.com\/fr\/wp-json\/wp\/v2\/pages"}],"about":[{"href":"https:\/\/vetus.com\/fr\/wp-json\/wp\/v2\/types\/page"}],"author":[{"embeddable":true,"href":"https:\/\/vetus.com\/fr\/wp-json\/wp\/v2\/users\/25"}],"replies":[{"embeddable":true,"href":"https:\/\/vetus.com\/fr\/wp-json\/wp\/v2\/comments?post=106780"}],"version-history":[{"count":2,"href":"https:\/\/vetus.com\/fr\/wp-json\/wp\/v2\/pages\/106780\/revisions"}],"predecessor-version":[{"id":106782,"href":"https:\/\/vetus.com\/fr\/wp-json\/wp\/v2\/pages\/106780\/revisions\/106782"}],"up":[{"embeddable":true,"href":"https:\/\/vetus.com\/fr\/wp-json\/wp\/v2\/pages\/32270"}],"wp:featuredmedia":[{"embeddable":true,"href":"https:\/\/vetus.com\/fr\/wp-json\/wp\/v2\/media\/106128"}],"wp:attachment":[{"href":"https:\/\/vetus.com\/fr\/wp-json\/wp\/v2\/media?parent=106780"}],"curies":[{"name":"wp","href":"https:\/\/api.w.org\/{rel}","templated":true}]}}