{"id":101571,"date":"2025-02-26T16:42:13","date_gmt":"2025-02-26T14:42:13","guid":{"rendered":"https:\/\/vetus.com\/bow-pro-thruster-integration-with-honda-outboards-ultraflex-controls\/"},"modified":"2026-02-26T14:35:37","modified_gmt":"2026-02-26T12:35:37","slug":"integration-du-propulseur-bow-pro-avec-moteurs-hors-bord-honda-et-commandes-ultraflex","status":"publish","type":"page","link":"https:\/\/vetus.com\/fr\/integration-du-propulseur-bow-pro-avec-moteurs-hors-bord-honda-et-commandes-ultraflex\/","title":{"rendered":"Int\u00e9gration du propulseur BOW PRO avec les moteurs hors-bord Honda et les commandes Ultraflex"},"content":{"rendered":"\n<section class=\"section  \">\n    \n\n<section id=\"section-text-block-block_deea73c53daa140224c407320eba6819\" class=\"section text-block \">\n                    <div class=\"section section__body\">\n            <div class=\"text-block\">\n                <div class=\"container\">\n                    <div class=\"row\">\n                        <div class=\"col-lg-8 offset-lg-2\">\n                                                            <div class=\"section__content single__content hentry\">\n                                    <p data-start=\"166\" data-end=\"469\">Afin d\u2019\u00e9largir son programme d\u2019int\u00e9gration et d\u2019am\u00e9liorer l\u2019exp\u00e9rience de navigation pour un plus grand nombre d\u2019utilisateurs, VETUS s\u2019associe d\u00e9sormais \u00e0 Honda Marine et Ultraflex pour permettre l\u2019int\u00e9gration compl\u00e8te des propulseurs BOW PRO avec les moteurs hors-bord Honda et les commandes Ultraflex.<\/p>\n<p data-start=\"471\" data-end=\"779\">Cette collaboration introduit un syst\u00e8me de communication optimis\u00e9, reliant parfaitement votre moteur, votre direction et votre propulseur d\u2019\u00e9trave \u00e0 un joystick unique et facile \u00e0 utiliser, transformant les man\u0153uvres d\u2019accostage et les \u00e9volutions en espaces restreints en un processus fluide et sans effort.<\/p>\n                                <\/div>\n                            \n                                                    <\/div>\n                    <\/div>\n                <\/div>\n            <\/div>\n        <\/div>\n    <\/section>\n<section id=\"content-block-1-block_deea73c53daa140224c407320eba6819\" class=\"section content-block content-block--image \">\n    <div class=\"container\">\n        <div class=\"row d-flex align-items-center\">\n\n            <div class=\"col-md-6 col-lg-7\">\n                                    <div class=\"content-block__visuals\">\n                        <div class=\"content-block__media media--clipped media ratio\">\n                            <div class=\"media__wrapper\">\n                                <img decoding=\"async\" width=\"690\" height=\"457\" src=\"https:\/\/vetus.com\/wp-content\/uploads\/DSC_0752-690x457.jpg\" class=\"media__source img-fit\" alt=\"\" srcset=\"https:\/\/vetus.com\/wp-content\/uploads\/DSC_0752-690x457.jpg 690w, https:\/\/vetus.com\/wp-content\/uploads\/DSC_0752-300x199.jpg 300w, https:\/\/vetus.com\/wp-content\/uploads\/DSC_0752-768x509.jpg 768w, https:\/\/vetus.com\/wp-content\/uploads\/DSC_0752-210x139.jpg 210w, https:\/\/vetus.com\/wp-content\/uploads\/DSC_0752-330x219.jpg 330w, https:\/\/vetus.com\/wp-content\/uploads\/DSC_0752-431x285.jpg 431w, https:\/\/vetus.com\/wp-content\/uploads\/DSC_0752-507x336.jpg 507w, https:\/\/vetus.com\/wp-content\/uploads\/DSC_0752-530x351.jpg 530w, https:\/\/vetus.com\/wp-content\/uploads\/DSC_0752-930x616.jpg 930w, https:\/\/vetus.com\/wp-content\/uploads\/DSC_0752-1170x775.jpg 1170w\" sizes=\"auto, (max-width: 575.98px) 431px, (max-width: 767.98px) 530px, (max-width: 991.98px) 330px, (max-width: 1279.98px) 530px, (max-width: 1899.98px) 690px, 930px\" loading=\"lazy\" \/>                            <\/div>\n                        <\/div>\n                    <\/div>\n                            <\/div>\n\n            <div class=\"col-md-6 col-lg-4 offset-lg-1\">\n                <div class=\"content-block__body\">\n                                            <h3 class=\"content-block__title\">\n                            L\u2019avenir de l\u2019accostage est arriv\u00e9                        <\/h3>\n                    \n                    \n                                            <p data-start=\"826\" data-end=\"1160\">Les plaisanciers peuvent d\u00e9sormais man\u0153uvrer avec une confiance et une pr\u00e9cision absolues dans toutes les situations d\u2019accostage. L\u2019int\u00e9gration des moteurs hors-bord Honda, des commandes Ultraflex et des propulseurs VETUS BOW PRO garantit une ma\u00eetrise du bateau sans effort, m\u00eame dans les environnements portuaires les plus complexes.<\/p>\n<ul data-start=\"1162\" data-end=\"1794\">\n<li data-start=\"1162\" data-end=\"1290\">\n<p data-start=\"1164\" data-end=\"1290\"><strong data-start=\"1164\" data-end=\"1201\">Contr\u00f4le total du bout des doigts<\/strong> \u2013 Man\u0153uvrez votre bateau exactement comme vous l\u2019imaginez, avec pr\u00e9cision et facilit\u00e9.<\/p>\n<\/li>\n<li data-start=\"1291\" data-end=\"1448\">\n<p data-start=\"1293\" data-end=\"1448\"><strong data-start=\"1293\" data-end=\"1317\">Int\u00e9gration parfaite<\/strong> \u2013 Synchronisation optimale entre le moteur hors-bord Honda et le propulseur VETUS pour des performances d\u2019accostage sup\u00e9rieures.<\/p>\n<\/li>\n<li data-start=\"1449\" data-end=\"1620\">\n<p data-start=\"1451\" data-end=\"1620\"><strong data-start=\"1451\" data-end=\"1477\">Mouvements sans effort<\/strong> \u2013 D\u00e9placez votre bateau lat\u00e9ralement, en diagonale, vers l\u2019avant, vers l\u2019arri\u00e8re ou faites-le pivoter sur place \u00e0 l\u2019aide d\u2019un seul joystick.<\/p>\n<\/li>\n<li data-start=\"1621\" data-end=\"1794\">\n<p data-start=\"1623\" data-end=\"1794\"><strong data-start=\"1623\" data-end=\"1659\">Efficacit\u00e9 d\u2019accostage optimis\u00e9e<\/strong> \u2013 R\u00e9duit les mouvements d\u2019eau caus\u00e9s par les moteurs hors-bord, rendant les man\u0153uvres dans les espaces restreints encore plus fluides.<\/p>\n<\/li>\n<\/ul>\n                    \t\t\t\t\t\n                                    <\/div>\n            <\/div>\n        <\/div>\n    <\/div>\n<\/section>\n<section id=\"content-block-1-block_deea73c53daa140224c407320eba6819\" class=\"section content-block content-block--image \">\n    <div class=\"container\">\n        <div class=\"row d-flex align-items-center flex-md-row-reverse\">\n\n            <div class=\"col-md-6 col-lg-7 offset-lg-1\">\n                                    <div class=\"content-block__visuals\">\n                        <div class=\"content-block__media media--clipped media ratio\">\n                            <div class=\"media__wrapper\">\n                                <img decoding=\"async\" width=\"690\" height=\"457\" src=\"https:\/\/vetus.com\/wp-content\/uploads\/DSC_0765-690x457.jpg\" class=\"media__source img-fit\" alt=\"\" srcset=\"https:\/\/vetus.com\/wp-content\/uploads\/DSC_0765-690x457.jpg 690w, https:\/\/vetus.com\/wp-content\/uploads\/DSC_0765-300x199.jpg 300w, https:\/\/vetus.com\/wp-content\/uploads\/DSC_0765-768x509.jpg 768w, https:\/\/vetus.com\/wp-content\/uploads\/DSC_0765-210x139.jpg 210w, https:\/\/vetus.com\/wp-content\/uploads\/DSC_0765-330x219.jpg 330w, https:\/\/vetus.com\/wp-content\/uploads\/DSC_0765-431x285.jpg 431w, https:\/\/vetus.com\/wp-content\/uploads\/DSC_0765-507x336.jpg 507w, https:\/\/vetus.com\/wp-content\/uploads\/DSC_0765-530x351.jpg 530w, https:\/\/vetus.com\/wp-content\/uploads\/DSC_0765-930x616.jpg 930w, https:\/\/vetus.com\/wp-content\/uploads\/DSC_0765-1170x775.jpg 1170w\" sizes=\"auto, (max-width: 575.98px) 431px, (max-width: 767.98px) 530px, (max-width: 991.98px) 330px, (max-width: 1279.98px) 530px, (max-width: 1899.98px) 690px, 930px\" loading=\"lazy\" \/>                            <\/div>\n                        <\/div>\n                    <\/div>\n                            <\/div>\n\n            <div class=\"col-md-6 col-lg-4\">\n                <div class=\"content-block__body\">\n                                            <h3 class=\"content-block__title\">\n                            Une collaboration technologique haute performance                        <\/h3>\n                    \n                    \n                                            <p data-start=\"1856\" data-end=\"2222\">Ce partenariat strat\u00e9gique entre VETUS, Honda et Ultraflex repr\u00e9sente une avanc\u00e9e majeure dans la technologie nautique. En combinant la puissance et la fiabilit\u00e9 de Honda Marine, le contr\u00f4le avanc\u00e9 d\u2019Ultraflex et les performances innovantes des propulseurs VETUS BOW PRO, les plaisanciers b\u00e9n\u00e9ficient d\u2019un niveau de confiance \u00e0 l\u2019accostage jamais atteint auparavant.<\/p>\n<ul data-start=\"2224\" data-end=\"2605\">\n<li data-start=\"2224\" data-end=\"2345\">\n<p data-start=\"2226\" data-end=\"2345\">Tous les propulseurs BOW PRO (BOWA &amp; BOWB) et RIMDRIVE sont enti\u00e8rement compatibles avec les moteurs hors-bord Honda.<\/p>\n<\/li>\n<li data-start=\"2346\" data-end=\"2483\">\n<p data-start=\"2348\" data-end=\"2483\">Con\u00e7u pour des installations allant d\u2019un \u00e0 quatre moteurs, offrant une grande flexibilit\u00e9 pour diff\u00e9rentes configurations de bateaux.<\/p>\n<\/li>\n<li data-start=\"2484\" data-end=\"2605\">\n<p data-start=\"2486\" data-end=\"2605\">D\u00e9velopp\u00e9 pour garantir fiabilit\u00e9, s\u00e9curit\u00e9 et facilit\u00e9 d\u2019utilisation, afin de rendre l\u2019accostage serein et sans souci.<\/p>\n<\/li>\n<\/ul>\n                    \t\t\t\t\t\n                                    <\/div>\n            <\/div>\n        <\/div>\n    <\/div>\n<\/section>\n\n<section id=\"section-text-block-block_deea73c53daa140224c407320eba6819\" class=\"section text-block \">\n                    <div class=\"section section__body\">\n            <div class=\"text-block\">\n                <div class=\"container\">\n                    <div class=\"row\">\n                        <div class=\"col-lg-8 offset-lg-2\">\n                                                            <div class=\"section__content single__content hentry\">\n                                    <div class=\"flex flex-col text-sm pb-25\">\n<article class=\"text-token-text-primary w-full focus:outline-none [--shadow-height:45px] has-data-writing-block:pointer-events-none has-data-writing-block:-mt-(--shadow-height) has-data-writing-block:pt-(--shadow-height) [&amp;:has([data-writing-block])&gt;*]:pointer-events-auto scroll-mt-[calc(var(--header-height)+min(200px,max(70px,20svh)))]\" dir=\"auto\" tabindex=\"-1\" data-turn-id=\"request-WEB:5ff059b7-d1d8-4d65-bda1-e23257724971-6\" data-testid=\"conversation-turn-14\" data-scroll-anchor=\"true\" data-turn=\"assistant\">\n<div class=\"text-base my-auto mx-auto pb-10 [--thread-content-margin:--spacing(4)] @w-sm\/main:[--thread-content-margin:--spacing(6)] @w-lg\/main:[--thread-content-margin:--spacing(16)] px-(--thread-content-margin)\">\n<div class=\"[--thread-content-max-width:40rem] @w-lg\/main:[--thread-content-max-width:48rem] mx-auto max-w-(--thread-content-max-width) flex-1 group\/turn-messages focus-visible:outline-hidden relative flex w-full min-w-0 flex-col agent-turn\" tabindex=\"-1\">\n<div class=\"flex max-w-full flex-col grow\">\n<div class=\"min-h-8 text-message relative flex w-full flex-col items-end gap-2 text-start break-words whitespace-normal [.text-message+&amp;]:mt-1\" dir=\"auto\" data-message-author-role=\"assistant\" data-message-id=\"a9b67a5d-a3d0-4db5-84f4-be1f479bdc67\" data-message-model-slug=\"gpt-5-2\">\n<div class=\"flex w-full flex-col gap-1 empty:hidden first:pt-[1px]\">\n<div class=\"markdown prose dark:prose-invert w-full wrap-break-word light markdown-new-styling\">\n<h3 data-start=\"2612\" data-end=\"2674\">Am\u00e9liorez votre exp\u00e9rience de navigation d\u00e8s aujourd\u2019hui !<\/h3>\n<p data-start=\"2676\" data-end=\"2843\" data-is-last-node=\"\" data-is-only-node=\"\">L\u2019accostage n\u2019a jamais \u00e9t\u00e9 aussi simple. Avec VETUS, Honda Marine et Ultraflex, profitez de l\u2019\u00e9quilibre parfait entre technologie, performance et facilit\u00e9 de contr\u00f4le.<\/p>\n<\/div>\n<\/div>\n<\/div>\n<\/div>\n<\/div>\n<\/div>\n<\/article>\n<\/div>\n                                <\/div>\n                            \n                                                    <\/div>\n                    <\/div>\n                <\/div>\n            <\/div>\n        <\/div>\n    <\/section><\/section>","protected":false},"excerpt":{"rendered":"","protected":false},"author":20,"featured_media":0,"parent":0,"menu_order":0,"comment_status":"closed","ping_status":"closed","template":"tpl-default.php","meta":{"_acf_changed":false,"footnotes":""},"class_list":["post-101571","page","type-page","status-publish","hentry"],"acf":{"background_image":{"ID":100393,"id":100393,"title":"palmm","filename":"palmm.jpg","filesize":63573,"url":"https:\/\/vetus.com\/wp-content\/uploads\/palmm.jpg","link":"https:\/\/vetus.com\/fr\/salon-nautique\/palm-beach-boat-show-2\/palmm-2\/","alt":"","author":"20","description":"","caption":"","name":"palmm-2","status":"inherit","uploaded_to":100405,"date":"2025-02-12 12:32:55","modified":"2025-02-12 12:32:55","menu_order":0,"mime_type":"image\/jpeg","type":"image","subtype":"jpeg","icon":"https:\/\/vetus.com\/wp-includes\/images\/media\/default.png","width":960,"height":640,"sizes":{"thumbnail":"https:\/\/vetus.com\/wp-content\/uploads\/palmm-150x150.jpg","thumbnail-width":150,"thumbnail-height":150,"medium":"https:\/\/vetus.com\/wp-content\/uploads\/palmm-300x200.jpg","medium-width":300,"medium-height":200,"medium_large":"https:\/\/vetus.com\/wp-content\/uploads\/palmm-768x512.jpg","medium_large-width":768,"medium_large-height":512,"large":"https:\/\/vetus.com\/wp-content\/uploads\/palmm.jpg","large-width":960,"large-height":640,"1536x1536":"https:\/\/vetus.com\/wp-content\/uploads\/palmm.jpg","1536x1536-width":960,"1536x1536-height":640,"2048x2048":"https:\/\/vetus.com\/wp-content\/uploads\/palmm.jpg","2048x2048-width":960,"2048x2048-height":640,"210w":"https:\/\/vetus.com\/wp-content\/uploads\/palmm-210x140.jpg","210w-width":210,"210w-height":140,"330w":"https:\/\/vetus.com\/wp-content\/uploads\/palmm-330x220.jpg","330w-width":330,"330w-height":220,"431w":"https:\/\/vetus.com\/wp-content\/uploads\/palmm-431x287.jpg","431w-width":431,"431w-height":287,"507w":"https:\/\/vetus.com\/wp-content\/uploads\/palmm-507x338.jpg","507w-width":507,"507w-height":338,"530w":"https:\/\/vetus.com\/wp-content\/uploads\/palmm-530x353.jpg","530w-width":530,"530w-height":353,"690w":"https:\/\/vetus.com\/wp-content\/uploads\/palmm-690x460.jpg","690w-width":690,"690w-height":460,"930w":"https:\/\/vetus.com\/wp-content\/uploads\/palmm-930x620.jpg","930w-width":930,"930w-height":620,"1170w":"https:\/\/vetus.com\/wp-content\/uploads\/palmm.jpg","1170w-width":960,"1170w-height":640,"gform-image-choice-sm":"https:\/\/vetus.com\/wp-content\/uploads\/palmm-300x300.jpg","gform-image-choice-sm-width":300,"gform-image-choice-sm-height":300,"gform-image-choice-md":"https:\/\/vetus.com\/wp-content\/uploads\/palmm-400x400.jpg","gform-image-choice-md-width":400,"gform-image-choice-md-height":400,"gform-image-choice-lg":"https:\/\/vetus.com\/wp-content\/uploads\/palmm-600x600.jpg","gform-image-choice-lg-width":600,"gform-image-choice-lg-height":600}},"button":{"title":"","url":"","target":"","0":""},"image":{"ID":101763,"id":101763,"title":"Idea 80 + BF350 Grand Prix White (16)","filename":"Idea-80-BF350-Grand-Prix-White-16-scaled.jpg","filesize":725252,"url":"https:\/\/vetus.com\/wp-content\/uploads\/Idea-80-BF350-Grand-Prix-White-16-scaled.jpg","link":"https:\/\/vetus.com\/fr\/integration-du-propulseur-bow-pro-avec-moteurs-hors-bord-honda-et-commandes-ultraflex\/idea-80-bf350-grand-prix-white-16-2\/","alt":"","author":"20","description":"","caption":"","name":"idea-80-bf350-grand-prix-white-16-2","status":"inherit","uploaded_to":101571,"date":"2025-03-06 10:20:59","modified":"2025-03-06 10:20:59","menu_order":0,"mime_type":"image\/jpeg","type":"image","subtype":"jpeg","icon":"https:\/\/vetus.com\/wp-includes\/images\/media\/default.png","width":2560,"height":1707,"sizes":{"thumbnail":"https:\/\/vetus.com\/wp-content\/uploads\/Idea-80-BF350-Grand-Prix-White-16-150x150.jpg","thumbnail-width":150,"thumbnail-height":150,"medium":"https:\/\/vetus.com\/wp-content\/uploads\/Idea-80-BF350-Grand-Prix-White-16-300x200.jpg","medium-width":300,"medium-height":200,"medium_large":"https:\/\/vetus.com\/wp-content\/uploads\/Idea-80-BF350-Grand-Prix-White-16-768x512.jpg","medium_large-width":768,"medium_large-height":512,"large":"https:\/\/vetus.com\/wp-content\/uploads\/Idea-80-BF350-Grand-Prix-White-16-scaled.jpg","large-width":1024,"large-height":683,"1536x1536":"https:\/\/vetus.com\/wp-content\/uploads\/Idea-80-BF350-Grand-Prix-White-16-scaled.jpg","1536x1536-width":1536,"1536x1536-height":1024,"2048x2048":"https:\/\/vetus.com\/wp-content\/uploads\/Idea-80-BF350-Grand-Prix-White-16-scaled.jpg","2048x2048-width":2048,"2048x2048-height":1366,"210w":"https:\/\/vetus.com\/wp-content\/uploads\/Idea-80-BF350-Grand-Prix-White-16-210x140.jpg","210w-width":210,"210w-height":140,"330w":"https:\/\/vetus.com\/wp-content\/uploads\/Idea-80-BF350-Grand-Prix-White-16-330x220.jpg","330w-width":330,"330w-height":220,"431w":"https:\/\/vetus.com\/wp-content\/uploads\/Idea-80-BF350-Grand-Prix-White-16-431x287.jpg","431w-width":431,"431w-height":287,"507w":"https:\/\/vetus.com\/wp-content\/uploads\/Idea-80-BF350-Grand-Prix-White-16-507x338.jpg","507w-width":507,"507w-height":338,"530w":"https:\/\/vetus.com\/wp-content\/uploads\/Idea-80-BF350-Grand-Prix-White-16-530x353.jpg","530w-width":530,"530w-height":353,"690w":"https:\/\/vetus.com\/wp-content\/uploads\/Idea-80-BF350-Grand-Prix-White-16-690x460.jpg","690w-width":690,"690w-height":460,"930w":"https:\/\/vetus.com\/wp-content\/uploads\/Idea-80-BF350-Grand-Prix-White-16-930x620.jpg","930w-width":930,"930w-height":620,"1170w":"https:\/\/vetus.com\/wp-content\/uploads\/Idea-80-BF350-Grand-Prix-White-16-1170x780.jpg","1170w-width":1170,"1170w-height":780,"gform-image-choice-sm":"https:\/\/vetus.com\/wp-content\/uploads\/Idea-80-BF350-Grand-Prix-White-16-scaled.jpg","gform-image-choice-sm-width":300,"gform-image-choice-sm-height":200,"gform-image-choice-md":"https:\/\/vetus.com\/wp-content\/uploads\/Idea-80-BF350-Grand-Prix-White-16-scaled.jpg","gform-image-choice-md-width":400,"gform-image-choice-md-height":267,"gform-image-choice-lg":"https:\/\/vetus.com\/wp-content\/uploads\/Idea-80-BF350-Grand-Prix-White-16-scaled.jpg","gform-image-choice-lg-width":600,"gform-image-choice-lg-height":400}},"introduction":"","person":false,"title":"Une int\u00e9gration intelligente pour une man\u0153uvrabilit\u00e9 am\u00e9lior\u00e9e","video":false},"yoast_head":"<!-- This site is optimized with the Yoast SEO Premium plugin v27.4 (Yoast SEO v27.4) - https:\/\/yoast.com\/product\/yoast-seo-premium-wordpress\/ -->\n<title>Int\u00e9gration du propulseur BOW PRO avec les moteurs hors-bord Honda et les commandes Ultraflex - VETUS<\/title>\n<meta name=\"description\" content=\"Afin d\u2019\u00e9largir son programme d\u2019int\u00e9gration et d\u2019am\u00e9liorer l\u2019exp\u00e9rience de navigation pour un plus grand nombre d\u2019utilisateurs, VETUS...\" \/>\n<meta name=\"robots\" content=\"index, follow, max-snippet:-1, max-image-preview:large, max-video-preview:-1\" \/>\n<link rel=\"canonical\" href=\"https:\/\/vetus.com\/fr\/integration-du-propulseur-bow-pro-avec-moteurs-hors-bord-honda-et-commandes-ultraflex\/\" \/>\n<meta property=\"og:locale\" content=\"fr_FR\" \/>\n<meta property=\"og:type\" content=\"article\" \/>\n<meta property=\"og:title\" content=\"Int\u00e9gration du propulseur BOW PRO avec les moteurs hors-bord Honda et les commandes Ultraflex\" \/>\n<meta property=\"og:description\" content=\"Afin d\u2019\u00e9largir son programme d\u2019int\u00e9gration et d\u2019am\u00e9liorer l\u2019exp\u00e9rience de navigation pour un plus grand nombre d\u2019utilisateurs, VETUS...\" \/>\n<meta property=\"og:url\" content=\"https:\/\/vetus.com\/fr\/integration-du-propulseur-bow-pro-avec-moteurs-hors-bord-honda-et-commandes-ultraflex\/\" \/>\n<meta property=\"og:site_name\" content=\"VETUS\" \/>\n<meta property=\"article:modified_time\" content=\"2026-02-26T12:35:37+00:00\" \/>\n<meta name=\"twitter:card\" content=\"summary_large_image\" \/>\n<meta name=\"twitter:label1\" content=\"Dur\u00e9e de lecture estim\u00e9e\" \/>\n\t<meta name=\"twitter:data1\" content=\"3 minutes\" \/>\n<script type=\"application\/ld+json\" class=\"yoast-schema-graph\">{\"@context\":\"https:\\\/\\\/schema.org\",\"@graph\":[{\"@type\":\"WebPage\",\"@id\":\"https:\\\/\\\/vetus.com\\\/fr\\\/integration-du-propulseur-bow-pro-avec-moteurs-hors-bord-honda-et-commandes-ultraflex\\\/\",\"url\":\"https:\\\/\\\/vetus.com\\\/fr\\\/integration-du-propulseur-bow-pro-avec-moteurs-hors-bord-honda-et-commandes-ultraflex\\\/\",\"name\":\"Int\u00e9gration du propulseur BOW PRO avec les moteurs hors-bord Honda et les commandes Ultraflex - VETUS\",\"isPartOf\":{\"@id\":\"https:\\\/\\\/vetus.com\\\/fr\\\/#website\"},\"datePublished\":\"2025-02-26T14:42:13+00:00\",\"dateModified\":\"2026-02-26T12:35:37+00:00\",\"description\":\"Afin d\u2019\u00e9largir son programme d\u2019int\u00e9gration et d\u2019am\u00e9liorer l\u2019exp\u00e9rience de navigation pour un plus grand nombre d\u2019utilisateurs, VETUS...\",\"breadcrumb\":{\"@id\":\"https:\\\/\\\/vetus.com\\\/fr\\\/integration-du-propulseur-bow-pro-avec-moteurs-hors-bord-honda-et-commandes-ultraflex\\\/#breadcrumb\"},\"inLanguage\":\"fr-FR\",\"potentialAction\":[{\"@type\":\"ReadAction\",\"target\":[\"https:\\\/\\\/vetus.com\\\/fr\\\/integration-du-propulseur-bow-pro-avec-moteurs-hors-bord-honda-et-commandes-ultraflex\\\/\"]}]},{\"@type\":\"BreadcrumbList\",\"@id\":\"https:\\\/\\\/vetus.com\\\/fr\\\/integration-du-propulseur-bow-pro-avec-moteurs-hors-bord-honda-et-commandes-ultraflex\\\/#breadcrumb\",\"itemListElement\":[{\"@type\":\"ListItem\",\"position\":1,\"name\":\"Home\",\"item\":\"https:\\\/\\\/vetus.com\\\/fr\\\/\"},{\"@type\":\"ListItem\",\"position\":2,\"name\":\"Int\u00e9gration du propulseur BOW PRO avec les moteurs hors-bord Honda et les commandes Ultraflex\"}]},{\"@type\":\"WebSite\",\"@id\":\"https:\\\/\\\/vetus.com\\\/fr\\\/#website\",\"url\":\"https:\\\/\\\/vetus.com\\\/fr\\\/\",\"name\":\"VETUS\",\"description\":\"\",\"potentialAction\":[{\"@type\":\"SearchAction\",\"target\":{\"@type\":\"EntryPoint\",\"urlTemplate\":\"https:\\\/\\\/vetus.com\\\/fr\\\/?s={search_term_string}\"},\"query-input\":{\"@type\":\"PropertyValueSpecification\",\"valueRequired\":true,\"valueName\":\"search_term_string\"}}],\"inLanguage\":\"fr-FR\"}]}<\/script>\n<!-- \/ Yoast SEO Premium plugin. -->","yoast_head_json":{"title":"Int\u00e9gration du propulseur BOW PRO avec les moteurs hors-bord Honda et les commandes Ultraflex - VETUS","description":"Afin d\u2019\u00e9largir son programme d\u2019int\u00e9gration et d\u2019am\u00e9liorer l\u2019exp\u00e9rience de navigation pour un plus grand nombre d\u2019utilisateurs, VETUS...","robots":{"index":"index","follow":"follow","max-snippet":"max-snippet:-1","max-image-preview":"max-image-preview:large","max-video-preview":"max-video-preview:-1"},"canonical":"https:\/\/vetus.com\/fr\/integration-du-propulseur-bow-pro-avec-moteurs-hors-bord-honda-et-commandes-ultraflex\/","og_locale":"fr_FR","og_type":"article","og_title":"Int\u00e9gration du propulseur BOW PRO avec les moteurs hors-bord Honda et les commandes Ultraflex","og_description":"Afin d\u2019\u00e9largir son programme d\u2019int\u00e9gration et d\u2019am\u00e9liorer l\u2019exp\u00e9rience de navigation pour un plus grand nombre d\u2019utilisateurs, VETUS...","og_url":"https:\/\/vetus.com\/fr\/integration-du-propulseur-bow-pro-avec-moteurs-hors-bord-honda-et-commandes-ultraflex\/","og_site_name":"VETUS","article_modified_time":"2026-02-26T12:35:37+00:00","twitter_card":"summary_large_image","twitter_misc":{"Dur\u00e9e de lecture estim\u00e9e":"3 minutes"},"schema":{"@context":"https:\/\/schema.org","@graph":[{"@type":"WebPage","@id":"https:\/\/vetus.com\/fr\/integration-du-propulseur-bow-pro-avec-moteurs-hors-bord-honda-et-commandes-ultraflex\/","url":"https:\/\/vetus.com\/fr\/integration-du-propulseur-bow-pro-avec-moteurs-hors-bord-honda-et-commandes-ultraflex\/","name":"Int\u00e9gration du propulseur BOW PRO avec les moteurs hors-bord Honda et les commandes Ultraflex - VETUS","isPartOf":{"@id":"https:\/\/vetus.com\/fr\/#website"},"datePublished":"2025-02-26T14:42:13+00:00","dateModified":"2026-02-26T12:35:37+00:00","description":"Afin d\u2019\u00e9largir son programme d\u2019int\u00e9gration et d\u2019am\u00e9liorer l\u2019exp\u00e9rience de navigation pour un plus grand nombre d\u2019utilisateurs, VETUS...","breadcrumb":{"@id":"https:\/\/vetus.com\/fr\/integration-du-propulseur-bow-pro-avec-moteurs-hors-bord-honda-et-commandes-ultraflex\/#breadcrumb"},"inLanguage":"fr-FR","potentialAction":[{"@type":"ReadAction","target":["https:\/\/vetus.com\/fr\/integration-du-propulseur-bow-pro-avec-moteurs-hors-bord-honda-et-commandes-ultraflex\/"]}]},{"@type":"BreadcrumbList","@id":"https:\/\/vetus.com\/fr\/integration-du-propulseur-bow-pro-avec-moteurs-hors-bord-honda-et-commandes-ultraflex\/#breadcrumb","itemListElement":[{"@type":"ListItem","position":1,"name":"Home","item":"https:\/\/vetus.com\/fr\/"},{"@type":"ListItem","position":2,"name":"Int\u00e9gration du propulseur BOW PRO avec les moteurs hors-bord Honda et les commandes Ultraflex"}]},{"@type":"WebSite","@id":"https:\/\/vetus.com\/fr\/#website","url":"https:\/\/vetus.com\/fr\/","name":"VETUS","description":"","potentialAction":[{"@type":"SearchAction","target":{"@type":"EntryPoint","urlTemplate":"https:\/\/vetus.com\/fr\/?s={search_term_string}"},"query-input":{"@type":"PropertyValueSpecification","valueRequired":true,"valueName":"search_term_string"}}],"inLanguage":"fr-FR"}]}},"_links":{"self":[{"href":"https:\/\/vetus.com\/fr\/wp-json\/wp\/v2\/pages\/101571","targetHints":{"allow":["GET"]}}],"collection":[{"href":"https:\/\/vetus.com\/fr\/wp-json\/wp\/v2\/pages"}],"about":[{"href":"https:\/\/vetus.com\/fr\/wp-json\/wp\/v2\/types\/page"}],"author":[{"embeddable":true,"href":"https:\/\/vetus.com\/fr\/wp-json\/wp\/v2\/users\/20"}],"replies":[{"embeddable":true,"href":"https:\/\/vetus.com\/fr\/wp-json\/wp\/v2\/comments?post=101571"}],"version-history":[{"count":4,"href":"https:\/\/vetus.com\/fr\/wp-json\/wp\/v2\/pages\/101571\/revisions"}],"predecessor-version":[{"id":122723,"href":"https:\/\/vetus.com\/fr\/wp-json\/wp\/v2\/pages\/101571\/revisions\/122723"}],"wp:attachment":[{"href":"https:\/\/vetus.com\/fr\/wp-json\/wp\/v2\/media?parent=101571"}],"curies":[{"name":"wp","href":"https:\/\/api.w.org\/{rel}","templated":true}]}}