{"id":73973,"date":"2023-09-07T08:55:53","date_gmt":"2023-09-07T06:55:53","guid":{"rendered":"https:\/\/vetus.com\/vetus-kampanjat\/yanmar-inboard-engine-integration-vetus-bow-pro-thrusters\/"},"modified":"2026-03-19T13:44:46","modified_gmt":"2026-03-19T11:44:46","slug":"yanmar-sisamoottorien-integrointi-vetus-bow-pro-keulapotkureihin","status":"publish","type":"page","link":"https:\/\/vetus.com\/fi\/vetus-kampanjat\/yanmar-sisamoottorien-integrointi-vetus-bow-pro-keulapotkureihin\/","title":{"rendered":"Joystick-ohjaus"},"content":{"rendered":"\n<section class=\"section  \">\n    \n<section id=\"content-block-1-block_8edccaba2e43f73b96feb4e5ca1e5620\" class=\"section content-block content-block--image \">\n    <div class=\"container\">\n        <div class=\"row d-flex align-items-center\">\n\n            <div class=\"col-md-6 col-lg-7\">\n                                    <div class=\"content-block__visuals\">\n                        <div class=\"content-block__media media--clipped media ratio\">\n                            <div class=\"media__wrapper\">\n                                <img decoding=\"async\" width=\"690\" height=\"462\" src=\"https:\/\/vetus.com\/wp-content\/uploads\/Medium-VC30_Joystick_9532-690x462.jpg\" class=\"media__source img-fit\" alt=\"\" srcset=\"https:\/\/vetus.com\/wp-content\/uploads\/Medium-VC30_Joystick_9532-690x462.jpg 690w, https:\/\/vetus.com\/wp-content\/uploads\/Medium-VC30_Joystick_9532-300x201.jpg 300w, https:\/\/vetus.com\/wp-content\/uploads\/Medium-VC30_Joystick_9532-768x514.jpg 768w, https:\/\/vetus.com\/wp-content\/uploads\/Medium-VC30_Joystick_9532-210x140.jpg 210w, https:\/\/vetus.com\/wp-content\/uploads\/Medium-VC30_Joystick_9532-330x221.jpg 330w, https:\/\/vetus.com\/wp-content\/uploads\/Medium-VC30_Joystick_9532-431x288.jpg 431w, https:\/\/vetus.com\/wp-content\/uploads\/Medium-VC30_Joystick_9532-507x339.jpg 507w, https:\/\/vetus.com\/wp-content\/uploads\/Medium-VC30_Joystick_9532-530x355.jpg 530w, https:\/\/vetus.com\/wp-content\/uploads\/Medium-VC30_Joystick_9532-930x622.jpg 930w, https:\/\/vetus.com\/wp-content\/uploads\/Medium-VC30_Joystick_9532.jpg 1024w\" sizes=\"auto, (max-width: 575.98px) 431px, (max-width: 767.98px) 530px, (max-width: 991.98px) 330px, (max-width: 1279.98px) 530px, (max-width: 1899.98px) 690px, 930px\" loading=\"lazy\" \/>                            <\/div>\n                        <\/div>\n                    <\/div>\n                            <\/div>\n\n            <div class=\"col-md-6 col-lg-4 offset-lg-1\">\n                <div class=\"content-block__body\">\n                    \n                    \n                                            <h3><strong>YANMAR JC30 Joystick-ohjausj\u00e4rjestelm\u00e4 sis\u00e4moottoreille<\/strong><\/h3>\n<p>T\u00e4m\u00e4 <strong><a href=\"https:\/\/www.yanmar.com\/marine\/product\/controls\/jc30\/\" target=\"_blank\" rel=\"noopener\">YANMAR JC30<\/a><\/strong> on sis\u00e4moottoreille tarkoitettu joystick-ohjausj\u00e4rjestelm\u00e4, joka tarjoaa ylivoimaisen ohjattavuuden ja rantautumisen yhdist\u00e4m\u00e4ll\u00e4 helpon ja intuitiivisen joystick-ohjauksen kahden sis\u00e4moottorin akselivetoasennuksiin. T\u00e4m\u00e4 VETUS BOW PRO -keulapotkuriin yhdistetty joystick-j\u00e4rjestelm\u00e4 tekee jahtisi hallinnasta helppoa haastavissakin olosuhteissa.<\/p>\n                    \t\t\t\t\t\n                                    <\/div>\n            <\/div>\n        <\/div>\n    <\/div>\n<\/section><\/section>\n\n<section class=\"section section--colored bg-light content-blocks bg-light   \">\n    \n<section id=\"content-block-4block_0ca2eec31bf14ddc4843b48967f620ca\" class=\"section content-block content-block--image \">\n    <div class=\"container\">\n        <div class=\"row d-flex align-items-center flex-md-row-reverse\">\n            <div class=\"col-11 offset-1 col-md-5 offset-md-1 col-lg-6 offset-lg-2\">\n                <div class=\"content-block__visuals\">\n                                            <div class=\"content-block__media media media--clipped ratio\">\n                            <div class=\"media__wrapper\">\n                                <img decoding=\"async\" width=\"431\" height=\"223\" src=\"https:\/\/vetus.com\/wp-content\/uploads\/VETUS-YANMAR-431x223.png\" class=\"media__source img-fit\" alt=\"YANMAR  - VETUS\" srcset=\"https:\/\/vetus.com\/wp-content\/uploads\/VETUS-YANMAR-431x223.png 431w, https:\/\/vetus.com\/wp-content\/uploads\/VETUS-YANMAR-300x155.png 300w, https:\/\/vetus.com\/wp-content\/uploads\/VETUS-YANMAR-768x398.png 768w, https:\/\/vetus.com\/wp-content\/uploads\/VETUS-YANMAR-210x109.png 210w, https:\/\/vetus.com\/wp-content\/uploads\/VETUS-YANMAR-330x171.png 330w, https:\/\/vetus.com\/wp-content\/uploads\/VETUS-YANMAR-507x263.png 507w, https:\/\/vetus.com\/wp-content\/uploads\/VETUS-YANMAR-530x275.png 530w, https:\/\/vetus.com\/wp-content\/uploads\/VETUS-YANMAR-690x357.png 690w, https:\/\/vetus.com\/wp-content\/uploads\/VETUS-YANMAR-930x482.png 930w, https:\/\/vetus.com\/wp-content\/uploads\/VETUS-YANMAR.png 1135w\" sizes=\"auto, (max-width: 575.98px) 431px, (max-width: 767.98px) 530px, (max-width: 991.98px) 330px, (max-width: 1279.98px) 431px, (max-width: 1899.98px) 530px, 690px\" loading=\"lazy\" \/>                            <\/div>\n                        <\/div>\n                    \n\n                    <div class=\"content-block__shape content-block__shape--image shape shape--primary-outline\">\n                        <svg viewBox=\"0 0 170 170\" xmlns=\"http:\/\/www.w3.org\/2000\/svg\">\n                            <path d=\"m1168.82182 840-27.67059 168h-140.15123v-168z\" fill=\"none\" stroke-width=\"2\" transform=\"translate(-1000 -839)\" shape-rendering=\"optimizeQuality\"><\/path>\n                        <\/svg>\n                    <\/div>\n                <\/div>\n            <\/div>\n\n            <div class=\"col-md-6 col-lg-4\">\n                <div class=\"content-block__body\">\n                    \n                                            <h3><strong>VETUS BOW PRO \u2013 JC30:n ominaisuudet ja edut<\/strong><\/h3>\n<ul>\n<li>Vaivaton ohjaus ahtaissa paikoissa<\/li>\n<li>Saatavilla kahden sis\u00e4moottorin akselivetoasennuksiin<\/li>\n<li>Yhteensopiva YANMAR JH-CR-, 4LV-, 8LV-, 6LY-CR-, 6LF- ja 6LT-common rail -moottorisarjojen kanssa<\/li>\n<li>Ohjattavissa yhdell\u00e4 k\u00e4dell\u00e4<\/li>\n<\/ul>\n                    \n                                            <div class=\"content-block__actions actions\">\n                            <div class=\"btn-group d-flex flex-wrap justify-content-center justify-content-md-start\">\n                                <a href=\"https:\/\/webshop.vetus.com\/en\/products\/thruster-systems\/bow-and-stern-thrusters\/bow-pro-thrusters\" class=\"btn btn-sm btn-empty btn-empty-primary\" title=\"\" target=\"\">\n                                    <span>Tutustu BOW PRO -keulapotkurij\u00e4rjestelmiimme<\/span>\n                                    <i class=\"icon icon-keyboard_arrow_right\"><\/i>\n                                <\/a>\n\n                                <!-- <a href=\"#\" class=\"btn btn-sm btn-empty btn-empty-primary\" title=\"\">\n                                    <span>Watch video<\/span>\n                                    <i class=\"icon icon-play_circle_outline\"><\/i>\n                                <\/a> -->\n                                <!-- <a href=\"#\" class=\"btn btn-sm btn-empty btn-empty-primary\" title=\"\">\n                                    <span>Innovation<\/span>\n                                    <i class=\"icon icon-keyboard_arrow_right\"><\/i>\n                                <\/a> -->\n                            <\/div>\n                        <\/div>\n                                    <\/div>\n            <\/div>\n        <\/div>\n    <\/div>\n<\/section><\/section>\n\n\n<section class=\"section  \">\n    \n<section id=\"content-block-1-block_56ba26b06320d01708a63c4213bdc2e0\" class=\"section content-block content-block--image \">\n    <div class=\"container\">\n        <div class=\"row d-flex align-items-center\">\n\n            <div class=\"col-md-6 col-lg-7\">\n                                    <div class=\"content-block__visuals\">\n                        <div class=\"content-block__media media--clipped media ratio\">\n                            <div class=\"media__wrapper\">\n                                <img decoding=\"async\" width=\"690\" height=\"460\" src=\"https:\/\/vetus.com\/wp-content\/uploads\/BOW-PRO-400_4-2-690x460.png\" class=\"media__source img-fit\" alt=\"\" srcset=\"https:\/\/vetus.com\/wp-content\/uploads\/BOW-PRO-400_4-2-690x460.png 690w, https:\/\/vetus.com\/wp-content\/uploads\/BOW-PRO-400_4-2-300x200.png 300w, https:\/\/vetus.com\/wp-content\/uploads\/BOW-PRO-400_4-2-768x512.png 768w, https:\/\/vetus.com\/wp-content\/uploads\/BOW-PRO-400_4-2-210x140.png 210w, https:\/\/vetus.com\/wp-content\/uploads\/BOW-PRO-400_4-2-330x220.png 330w, https:\/\/vetus.com\/wp-content\/uploads\/BOW-PRO-400_4-2-431x287.png 431w, https:\/\/vetus.com\/wp-content\/uploads\/BOW-PRO-400_4-2-507x338.png 507w, https:\/\/vetus.com\/wp-content\/uploads\/BOW-PRO-400_4-2-530x353.png 530w, https:\/\/vetus.com\/wp-content\/uploads\/BOW-PRO-400_4-2-930x620.png 930w, https:\/\/vetus.com\/wp-content\/uploads\/BOW-PRO-400_4-2-1170x780.png 1170w, https:\/\/vetus.com\/wp-content\/uploads\/BOW-PRO-400_4-2.png 1500w\" sizes=\"auto, (max-width: 575.98px) 431px, (max-width: 767.98px) 530px, (max-width: 991.98px) 330px, (max-width: 1279.98px) 530px, (max-width: 1899.98px) 690px, 930px\" loading=\"lazy\" \/>                            <\/div>\n                        <\/div>\n                    <\/div>\n                            <\/div>\n\n            <div class=\"col-md-6 col-lg-4 offset-lg-1\">\n                <div class=\"content-block__body\">\n                                            <h3 class=\"content-block__title\">\n                            VETUS BOW PRO -keulapotkurien integrointi YANMAR JC30 -ohjausj\u00e4rjestelm\u00e4\u00e4n                        <\/h3>\n                    \n                    \n                                            <p>VETUS BOW PRO -keulapotkurin integrointi veneeseen, joka on varustettu YANMAR JC30 -sis\u00e4moottorin joystick-ohjausj\u00e4rjestelm\u00e4ll\u00e4, parantaa merkitt\u00e4v\u00e4sti ohjattavuutta hitaissa nopeuksissa ja yksinkertaistaa rantautumista, mik\u00e4 lis\u00e4\u00e4 turvallisuutta ja veneen yleist\u00e4 toimivuutta. T\u00e4m\u00e4 yhdistetyn hallinnan taso antaa vertaansa vailla olevaa varmuutta erityisesti aiemmin haastavissa ohjailutilanteissa.<\/p>\n                    \t\t\t\t\t\n                                            <div class=\"content-block__actions actions\">\n                            <div class=\"btn-group d-flex flex-wrap justify-content-center justify-content-md-start\">\n                                <a href=\"https:\/\/www.yanmar.com\/marine\/product\/controls\/jc30\/\" class=\"btn btn-sm btn-empty btn-empty-primary\" title=\"\" target=\"_blank\">\n                                    <span>YANMAR JC30<\/span>\n                                    <i class=\"icon icon-keyboard_arrow_right\"><\/i>\n                                <\/a>\n\n                                <!-- <a href=\"#\" class=\"btn btn-sm btn-empty btn-empty-primary\" title=\"\">\n                                    <span>Watch video<\/span>\n                                    <i class=\"icon icon-play_circle_outline\"><\/i>\n                                <\/a> -->\n                                <!-- <a href=\"#\" class=\"btn btn-sm btn-empty btn-empty-primary\" title=\"\">\n                                    <span>Innovation<\/span>\n                                    <i class=\"icon icon-keyboard_arrow_right\"><\/i>\n                                <\/a> -->\n                            <\/div>\n                        <\/div>\n                                    <\/div>\n            <\/div>\n        <\/div>\n    <\/div>\n<\/section><\/section>","protected":false},"excerpt":{"rendered":"","protected":false},"author":25,"featured_media":73787,"parent":32269,"menu_order":0,"comment_status":"closed","ping_status":"closed","template":"tpl-default.php","meta":{"_acf_changed":false,"footnotes":""},"class_list":["post-73973","page","type-page","status-publish","has-post-thumbnail","hentry"],"acf":{"image":{"ID":73787,"id":73787,"title":"DJI_0346","filename":"DJI_0346-scaled-e1694159425307.jpg","filesize":741747,"url":"https:\/\/vetus.com\/wp-content\/uploads\/DJI_0346-scaled-e1694159425307.jpg","link":"https:\/\/vetus.com\/fi\/vetus-kampanjat\/yanmar-sisamoottorien-integrointi-vetus-bow-pro-keulapotkureihin\/dji_0346-2\/","alt":"Integration VETUS BOW PRO thrusters with YANMAR inboard engines","author":"25","description":"","caption":"Integration VETUS BOW PRO thrusters with YANMAR inboard engines","name":"dji_0346-2","status":"inherit","uploaded_to":73973,"date":"2023-09-06 13:12:17","modified":"2023-09-06 13:12:47","menu_order":0,"mime_type":"image\/jpeg","type":"image","subtype":"jpeg","icon":"https:\/\/vetus.com\/wp-includes\/images\/media\/default.png","width":2560,"height":1433,"sizes":{"thumbnail":"https:\/\/vetus.com\/wp-content\/uploads\/DJI_0346-scaled-e1694159425307-150x150.jpg","thumbnail-width":150,"thumbnail-height":150,"medium":"https:\/\/vetus.com\/wp-content\/uploads\/DJI_0346-scaled-e1694159425307-300x168.jpg","medium-width":300,"medium-height":168,"medium_large":"https:\/\/vetus.com\/wp-content\/uploads\/DJI_0346-scaled-e1694159425307-768x430.jpg","medium_large-width":768,"medium_large-height":430,"large":"https:\/\/vetus.com\/wp-content\/uploads\/DJI_0346-scaled-e1694159425307-1024x573.jpg","large-width":1024,"large-height":573,"1536x1536":"https:\/\/vetus.com\/wp-content\/uploads\/DJI_0346-scaled-e1694159425307-1536x860.jpg","1536x1536-width":1536,"1536x1536-height":860,"2048x2048":"https:\/\/vetus.com\/wp-content\/uploads\/DJI_0346-scaled-e1694159425307-2048x1146.jpg","2048x2048-width":2048,"2048x2048-height":1146,"210w":"https:\/\/vetus.com\/wp-content\/uploads\/DJI_0346-scaled-e1694159425307-210x118.jpg","210w-width":210,"210w-height":118,"330w":"https:\/\/vetus.com\/wp-content\/uploads\/DJI_0346-scaled-e1694159425307-330x185.jpg","330w-width":330,"330w-height":185,"431w":"https:\/\/vetus.com\/wp-content\/uploads\/DJI_0346-scaled-e1694159425307-431x241.jpg","431w-width":431,"431w-height":241,"507w":"https:\/\/vetus.com\/wp-content\/uploads\/DJI_0346-scaled-e1694159425307-507x284.jpg","507w-width":507,"507w-height":284,"530w":"https:\/\/vetus.com\/wp-content\/uploads\/DJI_0346-scaled-e1694159425307-530x297.jpg","530w-width":530,"530w-height":297,"690w":"https:\/\/vetus.com\/wp-content\/uploads\/DJI_0346-scaled-e1694159425307-690x386.jpg","690w-width":690,"690w-height":386,"930w":"https:\/\/vetus.com\/wp-content\/uploads\/DJI_0346-scaled-e1694159425307-930x521.jpg","930w-width":930,"930w-height":521,"1170w":"https:\/\/vetus.com\/wp-content\/uploads\/DJI_0346-scaled-e1694159425307-1170x655.jpg","1170w-width":1170,"1170w-height":655,"gform-image-choice-sm":"https:\/\/vetus.com\/wp-content\/uploads\/DJI_0346-scaled-e1694159425307.jpg","gform-image-choice-sm-width":300,"gform-image-choice-sm-height":168,"gform-image-choice-md":"https:\/\/vetus.com\/wp-content\/uploads\/DJI_0346-scaled-e1694159425307.jpg","gform-image-choice-md-width":400,"gform-image-choice-md-height":224,"gform-image-choice-lg":"https:\/\/vetus.com\/wp-content\/uploads\/DJI_0346-scaled-e1694159425307.jpg","gform-image-choice-lg-width":600,"gform-image-choice-lg-height":336}},"introduction":"","person":false,"title":"VETUS BOW PRO -keulapotkurien integrointi YANMAR-sis\u00e4moottoreihin"},"yoast_head":"<!-- This site is optimized with the Yoast SEO Premium plugin v27.3 (Yoast SEO v27.3) - https:\/\/yoast.com\/product\/yoast-seo-premium-wordpress\/ -->\n<title>YANMAR-sis\u00e4moottorien integrointi VETUS BOW PRO -keulapotkureihin<\/title>\n<meta name=\"description\" content=\"YANMAR JC20A -sis\u00e4moottorien joystick-ohjausj\u00e4rjestelm\u00e4 yhdess\u00e4 VETUS BOW PRO -keulapotkureiden tai keula- ja ...\" \/>\n<meta name=\"robots\" content=\"index, follow, max-snippet:-1, max-image-preview:large, max-video-preview:-1\" \/>\n<link rel=\"canonical\" href=\"https:\/\/vetus.com\/fi\/vetus-kampanjat\/yanmar-sisamoottorien-integrointi-vetus-bow-pro-keulapotkureihin\/\" \/>\n<meta property=\"og:locale\" content=\"fi_FI\" \/>\n<meta property=\"og:type\" content=\"article\" \/>\n<meta property=\"og:title\" content=\"Joystick-ohjaus\" \/>\n<meta property=\"og:description\" content=\"YANMAR JC20A -sis\u00e4moottorien joystick-ohjausj\u00e4rjestelm\u00e4 yhdess\u00e4 VETUS BOW PRO -keulapotkureiden tai keula- ja ...\" \/>\n<meta property=\"og:url\" content=\"https:\/\/vetus.com\/fi\/vetus-kampanjat\/yanmar-sisamoottorien-integrointi-vetus-bow-pro-keulapotkureihin\/\" \/>\n<meta property=\"og:site_name\" content=\"VETUS\" \/>\n<meta property=\"article:modified_time\" content=\"2026-03-19T11:44:46+00:00\" \/>\n<meta property=\"og:image\" content=\"https:\/\/vetus.com\/wp-content\/uploads\/DJI_0346-scaled-e1694159425307.jpg\" \/>\n\t<meta property=\"og:image:width\" content=\"2560\" \/>\n\t<meta property=\"og:image:height\" content=\"1433\" \/>\n\t<meta property=\"og:image:type\" content=\"image\/jpeg\" \/>\n<meta name=\"twitter:card\" content=\"summary_large_image\" \/>\n<meta name=\"twitter:label1\" content=\"Arvioitu lukuaika\" \/>\n\t<meta name=\"twitter:data1\" content=\"1 minuutti\" \/>\n<script type=\"application\/ld+json\" class=\"yoast-schema-graph\">{\"@context\":\"https:\\\/\\\/schema.org\",\"@graph\":[{\"@type\":\"WebPage\",\"@id\":\"https:\\\/\\\/vetus.com\\\/fi\\\/vetus-kampanjat\\\/yanmar-sisamoottorien-integrointi-vetus-bow-pro-keulapotkureihin\\\/\",\"url\":\"https:\\\/\\\/vetus.com\\\/fi\\\/vetus-kampanjat\\\/yanmar-sisamoottorien-integrointi-vetus-bow-pro-keulapotkureihin\\\/\",\"name\":\"YANMAR-sis\u00e4moottorien integrointi VETUS BOW PRO -keulapotkureihin\",\"isPartOf\":{\"@id\":\"https:\\\/\\\/vetus.com\\\/fi\\\/#website\"},\"primaryImageOfPage\":{\"@id\":\"https:\\\/\\\/vetus.com\\\/fi\\\/vetus-kampanjat\\\/yanmar-sisamoottorien-integrointi-vetus-bow-pro-keulapotkureihin\\\/#primaryimage\"},\"image\":{\"@id\":\"https:\\\/\\\/vetus.com\\\/fi\\\/vetus-kampanjat\\\/yanmar-sisamoottorien-integrointi-vetus-bow-pro-keulapotkureihin\\\/#primaryimage\"},\"thumbnailUrl\":\"https:\\\/\\\/vetus.com\\\/wp-content\\\/uploads\\\/DJI_0346-scaled-e1694159425307.jpg\",\"datePublished\":\"2023-09-07T06:55:53+00:00\",\"dateModified\":\"2026-03-19T11:44:46+00:00\",\"description\":\"YANMAR JC20A -sis\u00e4moottorien joystick-ohjausj\u00e4rjestelm\u00e4 yhdess\u00e4 VETUS BOW PRO -keulapotkureiden tai keula- ja ...\",\"breadcrumb\":{\"@id\":\"https:\\\/\\\/vetus.com\\\/fi\\\/vetus-kampanjat\\\/yanmar-sisamoottorien-integrointi-vetus-bow-pro-keulapotkureihin\\\/#breadcrumb\"},\"inLanguage\":\"fi\",\"potentialAction\":[{\"@type\":\"ReadAction\",\"target\":[\"https:\\\/\\\/vetus.com\\\/fi\\\/vetus-kampanjat\\\/yanmar-sisamoottorien-integrointi-vetus-bow-pro-keulapotkureihin\\\/\"]}]},{\"@type\":\"ImageObject\",\"inLanguage\":\"fi\",\"@id\":\"https:\\\/\\\/vetus.com\\\/fi\\\/vetus-kampanjat\\\/yanmar-sisamoottorien-integrointi-vetus-bow-pro-keulapotkureihin\\\/#primaryimage\",\"url\":\"https:\\\/\\\/vetus.com\\\/wp-content\\\/uploads\\\/DJI_0346-scaled-e1694159425307.jpg\",\"contentUrl\":\"https:\\\/\\\/vetus.com\\\/wp-content\\\/uploads\\\/DJI_0346-scaled-e1694159425307.jpg\",\"width\":2560,\"height\":1433,\"caption\":\"Integration VETUS BOW PRO thrusters with YANMAR inboard engines\"},{\"@type\":\"BreadcrumbList\",\"@id\":\"https:\\\/\\\/vetus.com\\\/fi\\\/vetus-kampanjat\\\/yanmar-sisamoottorien-integrointi-vetus-bow-pro-keulapotkureihin\\\/#breadcrumb\",\"itemListElement\":[{\"@type\":\"ListItem\",\"position\":1,\"name\":\"Home\",\"item\":\"https:\\\/\\\/vetus.com\\\/fi\\\/\"},{\"@type\":\"ListItem\",\"position\":2,\"name\":\"VETUS Kampanjat\",\"item\":\"https:\\\/\\\/vetus.com\\\/fi\\\/vetus-kampanjat\\\/\"},{\"@type\":\"ListItem\",\"position\":3,\"name\":\"Joystick-ohjaus\"}]},{\"@type\":\"WebSite\",\"@id\":\"https:\\\/\\\/vetus.com\\\/fi\\\/#website\",\"url\":\"https:\\\/\\\/vetus.com\\\/fi\\\/\",\"name\":\"VETUS\",\"description\":\"\",\"potentialAction\":[{\"@type\":\"SearchAction\",\"target\":{\"@type\":\"EntryPoint\",\"urlTemplate\":\"https:\\\/\\\/vetus.com\\\/fi\\\/?s={search_term_string}\"},\"query-input\":{\"@type\":\"PropertyValueSpecification\",\"valueRequired\":true,\"valueName\":\"search_term_string\"}}],\"inLanguage\":\"fi\"}]}<\/script>\n<!-- \/ Yoast SEO Premium plugin. -->","yoast_head_json":{"title":"YANMAR-sis\u00e4moottorien integrointi VETUS BOW PRO -keulapotkureihin","description":"YANMAR JC20A -sis\u00e4moottorien joystick-ohjausj\u00e4rjestelm\u00e4 yhdess\u00e4 VETUS BOW PRO -keulapotkureiden tai keula- ja ...","robots":{"index":"index","follow":"follow","max-snippet":"max-snippet:-1","max-image-preview":"max-image-preview:large","max-video-preview":"max-video-preview:-1"},"canonical":"https:\/\/vetus.com\/fi\/vetus-kampanjat\/yanmar-sisamoottorien-integrointi-vetus-bow-pro-keulapotkureihin\/","og_locale":"fi_FI","og_type":"article","og_title":"Joystick-ohjaus","og_description":"YANMAR JC20A -sis\u00e4moottorien joystick-ohjausj\u00e4rjestelm\u00e4 yhdess\u00e4 VETUS BOW PRO -keulapotkureiden tai keula- ja ...","og_url":"https:\/\/vetus.com\/fi\/vetus-kampanjat\/yanmar-sisamoottorien-integrointi-vetus-bow-pro-keulapotkureihin\/","og_site_name":"VETUS","article_modified_time":"2026-03-19T11:44:46+00:00","og_image":[{"width":2560,"height":1433,"url":"https:\/\/vetus.com\/wp-content\/uploads\/DJI_0346-scaled-e1694159425307.jpg","type":"image\/jpeg"}],"twitter_card":"summary_large_image","twitter_misc":{"Arvioitu lukuaika":"1 minuutti"},"schema":{"@context":"https:\/\/schema.org","@graph":[{"@type":"WebPage","@id":"https:\/\/vetus.com\/fi\/vetus-kampanjat\/yanmar-sisamoottorien-integrointi-vetus-bow-pro-keulapotkureihin\/","url":"https:\/\/vetus.com\/fi\/vetus-kampanjat\/yanmar-sisamoottorien-integrointi-vetus-bow-pro-keulapotkureihin\/","name":"YANMAR-sis\u00e4moottorien integrointi VETUS BOW PRO -keulapotkureihin","isPartOf":{"@id":"https:\/\/vetus.com\/fi\/#website"},"primaryImageOfPage":{"@id":"https:\/\/vetus.com\/fi\/vetus-kampanjat\/yanmar-sisamoottorien-integrointi-vetus-bow-pro-keulapotkureihin\/#primaryimage"},"image":{"@id":"https:\/\/vetus.com\/fi\/vetus-kampanjat\/yanmar-sisamoottorien-integrointi-vetus-bow-pro-keulapotkureihin\/#primaryimage"},"thumbnailUrl":"https:\/\/vetus.com\/wp-content\/uploads\/DJI_0346-scaled-e1694159425307.jpg","datePublished":"2023-09-07T06:55:53+00:00","dateModified":"2026-03-19T11:44:46+00:00","description":"YANMAR JC20A -sis\u00e4moottorien joystick-ohjausj\u00e4rjestelm\u00e4 yhdess\u00e4 VETUS BOW PRO -keulapotkureiden tai keula- ja ...","breadcrumb":{"@id":"https:\/\/vetus.com\/fi\/vetus-kampanjat\/yanmar-sisamoottorien-integrointi-vetus-bow-pro-keulapotkureihin\/#breadcrumb"},"inLanguage":"fi","potentialAction":[{"@type":"ReadAction","target":["https:\/\/vetus.com\/fi\/vetus-kampanjat\/yanmar-sisamoottorien-integrointi-vetus-bow-pro-keulapotkureihin\/"]}]},{"@type":"ImageObject","inLanguage":"fi","@id":"https:\/\/vetus.com\/fi\/vetus-kampanjat\/yanmar-sisamoottorien-integrointi-vetus-bow-pro-keulapotkureihin\/#primaryimage","url":"https:\/\/vetus.com\/wp-content\/uploads\/DJI_0346-scaled-e1694159425307.jpg","contentUrl":"https:\/\/vetus.com\/wp-content\/uploads\/DJI_0346-scaled-e1694159425307.jpg","width":2560,"height":1433,"caption":"Integration VETUS BOW PRO thrusters with YANMAR inboard engines"},{"@type":"BreadcrumbList","@id":"https:\/\/vetus.com\/fi\/vetus-kampanjat\/yanmar-sisamoottorien-integrointi-vetus-bow-pro-keulapotkureihin\/#breadcrumb","itemListElement":[{"@type":"ListItem","position":1,"name":"Home","item":"https:\/\/vetus.com\/fi\/"},{"@type":"ListItem","position":2,"name":"VETUS Kampanjat","item":"https:\/\/vetus.com\/fi\/vetus-kampanjat\/"},{"@type":"ListItem","position":3,"name":"Joystick-ohjaus"}]},{"@type":"WebSite","@id":"https:\/\/vetus.com\/fi\/#website","url":"https:\/\/vetus.com\/fi\/","name":"VETUS","description":"","potentialAction":[{"@type":"SearchAction","target":{"@type":"EntryPoint","urlTemplate":"https:\/\/vetus.com\/fi\/?s={search_term_string}"},"query-input":{"@type":"PropertyValueSpecification","valueRequired":true,"valueName":"search_term_string"}}],"inLanguage":"fi"}]}},"_links":{"self":[{"href":"https:\/\/vetus.com\/fi\/wp-json\/wp\/v2\/pages\/73973","targetHints":{"allow":["GET"]}}],"collection":[{"href":"https:\/\/vetus.com\/fi\/wp-json\/wp\/v2\/pages"}],"about":[{"href":"https:\/\/vetus.com\/fi\/wp-json\/wp\/v2\/types\/page"}],"author":[{"embeddable":true,"href":"https:\/\/vetus.com\/fi\/wp-json\/wp\/v2\/users\/25"}],"replies":[{"embeddable":true,"href":"https:\/\/vetus.com\/fi\/wp-json\/wp\/v2\/comments?post=73973"}],"version-history":[{"count":5,"href":"https:\/\/vetus.com\/fi\/wp-json\/wp\/v2\/pages\/73973\/revisions"}],"predecessor-version":[{"id":124157,"href":"https:\/\/vetus.com\/fi\/wp-json\/wp\/v2\/pages\/73973\/revisions\/124157"}],"up":[{"embeddable":true,"href":"https:\/\/vetus.com\/fi\/wp-json\/wp\/v2\/pages\/32269"}],"wp:featuredmedia":[{"embeddable":true,"href":"https:\/\/vetus.com\/fi\/wp-json\/wp\/v2\/media\/73787"}],"wp:attachment":[{"href":"https:\/\/vetus.com\/fi\/wp-json\/wp\/v2\/media?parent=73973"}],"curies":[{"name":"wp","href":"https:\/\/api.w.org\/{rel}","templated":true}]}}