{"id":3461,"date":"2021-03-30T14:44:02","date_gmt":"2021-03-30T13:44:02","guid":{"rendered":"https:\/\/vetus.inlinedigital.nl\/cms\/faq\/"},"modified":"2022-02-15T14:07:51","modified_gmt":"2022-02-15T13:07:51","slug":"faq","status":"publish","type":"page","link":"https:\/\/vetus.com\/fi\/palvelu-tuki\/faq\/","title":{"rendered":"FAQ"},"content":{"rendered":"\n<section class=\"section mb-9 \" id=\"faq-block_606331151235a\">\n    <div class=\"container\">\n        <div class=\"row\">\n            <div class=\"col-lg-8 offset-lg-2\">\n                <form action=\"https:\/\/vetus.com\/fi\/palvelu-tuki\/faq\/\">\n                    <div class=\"form-group\">\n                        <div class=\"search-input\">\n                            <input type=\"text\" class=\"form-control form-control-lg form-control--shadow search-input__field\" name=\"q\" id=\"input-search\" aria-describedby=\"search\" placeholder=\"Mit\u00e4 etsit\" value=\"\">\n\n                            <button class=\"btn btn-secondary btn-icon-only search-input__button\">\n                                <i class=\"icon icon-search\"><\/i>\n                            <\/button>\n                        <\/div>\n                    <\/div>\n                <\/form>\n            <\/div>\n        <\/div>\n    <\/div>\n<\/section>\n\n<section class=\"section\">\n    <div class=\"container\">\n        <div class=\"row\">\n            <div class=\"col-lg-3 mb-6 mb-lg-0\">\n\t\t\t\t\n<div class=\"sidebar\">\n    <aside class=\"sidebar-block\">\n        <div class=\"sidebar-block__header d-block d-lg-none\">\n            <!-- <hr> -->\n\n            <h5 class=\"sidebar-block__title\">\n                FAQ-kategoriat            <\/h5>\n        <\/div>\n\n        <div class=\"sidebar-block__body\">\n            <nav class=\"side-nav side-nav--faq\" role=\"navigation\" aria-label=\"\">\n                <ul class=\"list-group list-group-flush side-nav__list side-nav__list--styled text-sm\">\n                                                    <li class=\"list-group-item side-nav__item side-nav__item--styled \">\n                                    <a href=\"https:\/\/vetus.com\/fi\/palvelu-tuki\/faq\/c\/yleiset\" class=\"side-nav__link side-nav__link--styled\" target=\"\" title=\"\">\n                                        Yleiset                                        <i class=\"icon icon-keyboard_arrow_right d-block d-lg-none ml-auto pl-5\"><\/i>\n                                    <\/a>\n                                <\/li>\n                                                    <li class=\"list-group-item side-nav__item side-nav__item--styled \">\n                                    <a href=\"https:\/\/vetus.com\/fi\/palvelu-tuki\/faq\/c\/v-quipment-fi\" class=\"side-nav__link side-nav__link--styled\" target=\"\" title=\"\">\n                                        V-Quipment                                        <i class=\"icon icon-keyboard_arrow_right d-block d-lg-none ml-auto pl-5\"><\/i>\n                                    <\/a>\n                                <\/li>\n                                                    <li class=\"list-group-item side-nav__item side-nav__item--styled \">\n                                    <a href=\"https:\/\/vetus.com\/fi\/palvelu-tuki\/faq\/c\/luukut-ja-ikkunat\" class=\"side-nav__link side-nav__link--styled\" target=\"\" title=\"\">\n                                        Luukut ja ikkunat                                        <i class=\"icon icon-keyboard_arrow_right d-block d-lg-none ml-auto pl-5\"><\/i>\n                                    <\/a>\n                                <\/li>\n                                                    <li class=\"list-group-item side-nav__item side-nav__item--styled \">\n                                    <a href=\"https:\/\/vetus.com\/fi\/palvelu-tuki\/faq\/c\/maxwell-ankkurointi\" class=\"side-nav__link side-nav__link--styled\" target=\"\" title=\"\">\n                                        Maxwell ankkurointi                                        <i class=\"icon icon-keyboard_arrow_right d-block d-lg-none ml-auto pl-5\"><\/i>\n                                    <\/a>\n                                <\/li>\n                                                    <li class=\"list-group-item side-nav__item side-nav__item--styled \">\n                                    <a href=\"https:\/\/vetus.com\/fi\/palvelu-tuki\/faq\/c\/hydrauliohjaukset\" class=\"side-nav__link side-nav__link--styled\" target=\"\" title=\"\">\n                                        Hydrauliohjaukset                                        <i class=\"icon icon-keyboard_arrow_right d-block d-lg-none ml-auto pl-5\"><\/i>\n                                    <\/a>\n                                <\/li>\n                                                    <li class=\"list-group-item side-nav__item side-nav__item--styled \">\n                                    <a href=\"https:\/\/vetus.com\/fi\/palvelu-tuki\/faq\/c\/moottoreiden-asennusosat\" class=\"side-nav__link side-nav__link--styled\" target=\"\" title=\"\">\n                                        Moottoreiden asennusosat                                        <i class=\"icon icon-keyboard_arrow_right d-block d-lg-none ml-auto pl-5\"><\/i>\n                                    <\/a>\n                                <\/li>\n                                                    <li class=\"list-group-item side-nav__item side-nav__item--styled \">\n                                    <a href=\"https:\/\/vetus.com\/fi\/palvelu-tuki\/faq\/c\/sahkopropulsio\" class=\"side-nav__link side-nav__link--styled\" target=\"\" title=\"\">\n                                        S\u00e4hk\u00f6propulsio                                        <i class=\"icon icon-keyboard_arrow_right d-block d-lg-none ml-auto pl-5\"><\/i>\n                                    <\/a>\n                                <\/li>\n                                                    <li class=\"list-group-item side-nav__item side-nav__item--styled \">\n                                    <a href=\"https:\/\/vetus.com\/fi\/palvelu-tuki\/faq\/c\/mittaristot\" class=\"side-nav__link side-nav__link--styled\" target=\"\" title=\"\">\n                                        Mittaristot                                        <i class=\"icon icon-keyboard_arrow_right d-block d-lg-none ml-auto pl-5\"><\/i>\n                                    <\/a>\n                                <\/li>\n                                                    <li class=\"list-group-item side-nav__item side-nav__item--styled \">\n                                    <a href=\"https:\/\/vetus.com\/fi\/palvelu-tuki\/faq\/c\/jatevesijarjestelmat\" class=\"side-nav__link side-nav__link--styled\" target=\"\" title=\"\">\n                                        J\u00e4tevesij\u00e4rjestelm\u00e4t                                        <i class=\"icon icon-keyboard_arrow_right d-block d-lg-none ml-auto pl-5\"><\/i>\n                                    <\/a>\n                                <\/li>\n                                                    <li class=\"list-group-item side-nav__item side-nav__item--styled \">\n                                    <a href=\"https:\/\/vetus.com\/fi\/palvelu-tuki\/faq\/c\/pakojarjestelmat\" class=\"side-nav__link side-nav__link--styled\" target=\"\" title=\"\">\n                                        Pakoj\u00e4rjestelm\u00e4t                                        <i class=\"icon icon-keyboard_arrow_right d-block d-lg-none ml-auto pl-5\"><\/i>\n                                    <\/a>\n                                <\/li>\n                                                    <li class=\"list-group-item side-nav__item side-nav__item--styled \">\n                                    <a href=\"https:\/\/vetus.com\/fi\/palvelu-tuki\/faq\/c\/ilmanvaihto\" class=\"side-nav__link side-nav__link--styled\" target=\"\" title=\"\">\n                                        Ilmanvaihto                                        <i class=\"icon icon-keyboard_arrow_right d-block d-lg-none ml-auto pl-5\"><\/i>\n                                    <\/a>\n                                <\/li>\n                                                    <li class=\"list-group-item side-nav__item side-nav__item--styled \">\n                                    <a href=\"https:\/\/vetus.com\/fi\/palvelu-tuki\/faq\/c\/makeavesijarjestelmat\" class=\"side-nav__link side-nav__link--styled\" target=\"\" title=\"\">\n                                        Makeavesij\u00e4rjestelm\u00e4t                                        <i class=\"icon icon-keyboard_arrow_right d-block d-lg-none ml-auto pl-5\"><\/i>\n                                    <\/a>\n                                <\/li>\n                                                    <li class=\"list-group-item side-nav__item side-nav__item--styled \">\n                                    <a href=\"https:\/\/vetus.com\/fi\/palvelu-tuki\/faq\/c\/veneen-sahkojarjestelma\" class=\"side-nav__link side-nav__link--styled\" target=\"\" title=\"\">\n                                        Veneen s\u00e4hk\u00f6j\u00e4rjestelm\u00e4                                        <i class=\"icon icon-keyboard_arrow_right d-block d-lg-none ml-auto pl-5\"><\/i>\n                                    <\/a>\n                                <\/li>\n                                                    <li class=\"list-group-item side-nav__item side-nav__item--styled \">\n                                    <a href=\"https:\/\/vetus.com\/fi\/palvelu-tuki\/faq\/c\/polttoainejarjestelmat\" class=\"side-nav__link side-nav__link--styled\" target=\"\" title=\"\">\n                                        Polttoainej\u00e4rjestelm\u00e4t                                        <i class=\"icon icon-keyboard_arrow_right d-block d-lg-none ml-auto pl-5\"><\/i>\n                                    <\/a>\n                                <\/li>\n                                                    <li class=\"list-group-item side-nav__item side-nav__item--styled \">\n                                    <a href=\"https:\/\/vetus.com\/fi\/palvelu-tuki\/faq\/c\/keula-ja-perapotkurit\" class=\"side-nav__link side-nav__link--styled\" target=\"\" title=\"\">\n                                        Keula- ja per\u00e4potkurit                                        <i class=\"icon icon-keyboard_arrow_right d-block d-lg-none ml-auto pl-5\"><\/i>\n                                    <\/a>\n                                <\/li>\n                                    <\/ul>\n            <\/nav>\n        <\/div>\n    <\/aside>\n\n<\/div>            <\/div>\n\n            <div class=\"col-lg-9\">\n                <section class=\"section accordion accordion--faq list list--accordion\">\n                    <div class=\"section__header mb-3\">\n                        <h4 class=\"section__title\">\n\t\t\t\t\t\t\tYleiset                        <\/h4>\n                    <\/div>\n\n                    <div class=\"section__body\">\n                        <ul class=\"accordion list-view list-inline\" id=\"accordion\">\n\t\t\t\t\t\t\t\n<li class=\"list-item accordion-item\">\n    <div class=\"accordion__group\">\n        <div class=\" accordion__header\" id=\"accordion__header-2\">\n            <button class=\"btn btn-textual accordion__button text-left collapsed\" data-toggle=\"collapse\" data-target=\"#accordion-group-9869\" aria-expanded=\"false\" aria-controls=\"accordion-group-9869\">\n                <i class=\"icon icon-keyboard_arrow_down accordion__icon\"><\/i>\n                <span class=\"accordion__title\">\n                    Miss\u00e4 voin teett\u00e4\u00e4 moottorini huollon?                <\/span>\n            <\/button>\n        <\/div>\n\n        <div class=\"accordion__content collapse\" id=\"accordion-group-9869\" aria-labelledby=\"#accordion-header-9869\" data-parent=\"#accordion\">\n            <div class=\"accordion__inner hentry\">\n                <p>Vetuksella on laaja maailmanlaajuinen huoltoverkosto. Katso j\u00e4lleenmyyj\u00e4hausta l\u00e4hin huoltopiste josta saat samalla alkuper\u00e4iset huolto-osat.<\/p>\n            <\/div>\n        <\/div>\n    <\/div>\n<\/li>\n<li class=\"list-item accordion-item\">\n    <div class=\"accordion__group\">\n        <div class=\" accordion__header\" id=\"accordion__header-2\">\n            <button class=\"btn btn-textual accordion__button text-left collapsed\" data-toggle=\"collapse\" data-target=\"#accordion-group-9883\" aria-expanded=\"false\" aria-controls=\"accordion-group-9883\">\n                <i class=\"icon icon-keyboard_arrow_down accordion__icon\"><\/i>\n                <span class=\"accordion__title\">\n                    Mist\u00e4 l\u00f6yd\u00e4n k\u00e4ytt\u00f6ohjeen?                <\/span>\n            <\/button>\n        <\/div>\n\n        <div class=\"accordion__content collapse\" id=\"accordion-group-9883\" aria-labelledby=\"#accordion-header-9883\" data-parent=\"#accordion\">\n            <div class=\"accordion__inner hentry\">\n                <p>Ohje tulee aina tuotteen mukana. Voit my\u00f6s ladata k\u00e4ytt\u00f6ohjeen verkkosivuiltamme.<\/p>\n            <\/div>\n        <\/div>\n    <\/div>\n<\/li>\n<li class=\"list-item accordion-item\">\n    <div class=\"accordion__group\">\n        <div class=\" accordion__header\" id=\"accordion__header-2\">\n            <button class=\"btn btn-textual accordion__button text-left collapsed\" data-toggle=\"collapse\" data-target=\"#accordion-group-9892\" aria-expanded=\"false\" aria-controls=\"accordion-group-9892\">\n                <i class=\"icon icon-keyboard_arrow_down accordion__icon\"><\/i>\n                <span class=\"accordion__title\">\n                    Mist\u00e4 l\u00f6yd\u00e4n hinnaston?                <\/span>\n            <\/button>\n        <\/div>\n\n        <div class=\"accordion__content collapse\" id=\"accordion-group-9892\" aria-labelledby=\"#accordion-header-9892\" data-parent=\"#accordion\">\n            <div class=\"accordion__inner hentry\">\n                <p>Voimassa oleva v\u00e4hitt\u00e4ismyyntihinnsto l\u00f6ytyy verkkosivuiltamme ja on saatavana my\u00f6s useimmilta j\u00e4lleenmyjilt\u00e4mme.<\/p>\n            <\/div>\n        <\/div>\n    <\/div>\n<\/li>\n<li class=\"list-item accordion-item\">\n    <div class=\"accordion__group\">\n        <div class=\" accordion__header\" id=\"accordion__header-2\">\n            <button class=\"btn btn-textual accordion__button text-left collapsed\" data-toggle=\"collapse\" data-target=\"#accordion-group-9906\" aria-expanded=\"false\" aria-controls=\"accordion-group-9906\">\n                <i class=\"icon icon-keyboard_arrow_down accordion__icon\"><\/i>\n                <span class=\"accordion__title\">\n                    Kuka myy VETUS-Maxwell-tuotteita?                <\/span>\n            <\/button>\n        <\/div>\n\n        <div class=\"accordion__content collapse\" id=\"accordion-group-9906\" aria-labelledby=\"#accordion-header-9906\" data-parent=\"#accordion\">\n            <div class=\"accordion__inner hentry\">\n                <p>VETUS\/Maxwell-tuotteita on saatavana yli sadassa maassa. Katso l\u00e4hin j\u00e4lleenmyyj\u00e4mme verkkosivuiltamme www.vetus.fi<\/p>\n            <\/div>\n        <\/div>\n    <\/div>\n<\/li>\n<li class=\"list-item accordion-item\">\n    <div class=\"accordion__group\">\n        <div class=\" accordion__header\" id=\"accordion__header-2\">\n            <button class=\"btn btn-textual accordion__button text-left collapsed\" data-toggle=\"collapse\" data-target=\"#accordion-group-10756\" aria-expanded=\"false\" aria-controls=\"accordion-group-10756\">\n                <i class=\"icon icon-keyboard_arrow_down accordion__icon\"><\/i>\n                <span class=\"accordion__title\">\n                    Where can I find manuals and other technical information about VETUS products?                <\/span>\n            <\/button>\n        <\/div>\n\n        <div class=\"accordion__content collapse\" id=\"accordion-group-10756\" aria-labelledby=\"#accordion-header-10756\" data-parent=\"#accordion\">\n            <div class=\"accordion__inner hentry\">\n                            <\/div>\n        <\/div>\n    <\/div>\n<\/li>\n<li class=\"list-item accordion-item\">\n    <div class=\"accordion__group\">\n        <div class=\" accordion__header\" id=\"accordion__header-2\">\n            <button class=\"btn btn-textual accordion__button text-left collapsed\" data-toggle=\"collapse\" data-target=\"#accordion-group-10770\" aria-expanded=\"false\" aria-controls=\"accordion-group-10770\">\n                <i class=\"icon icon-keyboard_arrow_down accordion__icon\"><\/i>\n                <span class=\"accordion__title\">\n                    Kuinka pitk\u00e4 takuu VETUS-tuotteilla on?                <\/span>\n            <\/button>\n        <\/div>\n\n        <div class=\"accordion__content collapse\" id=\"accordion-group-10770\" aria-labelledby=\"#accordion-header-10770\" data-parent=\"#accordion\">\n            <div class=\"accordion__inner hentry\">\n                <p>VETUS tarvikkeilla on kolmen vuoden ja merimoottoreilla viiden vuoden takuu. Katso tarkemmin takuuehdot verkkosivuiltamme.<\/p>\n            <\/div>\n        <\/div>\n    <\/div>\n<\/li>                        <\/ul>\n                    <\/div>\n                <\/section>\n            <\/div>\n        <\/div>\n    <\/div>\n<\/section>\n","protected":false},"excerpt":{"rendered":"<p>Yleiskatsaus usein kysyttyihin kysymyksiin. Kaikille venej\u00e4rjestelmille.<\/p>\n","protected":false},"author":31,"featured_media":3462,"parent":3560,"menu_order":504,"comment_status":"closed","ping_status":"closed","template":"tpl-basic.php","meta":{"_acf_changed":false,"footnotes":""},"class_list":["post-3461","page","type-page","status-publish","has-post-thumbnail","hentry"],"acf":{"introduction":"","person":false},"yoast_head":"<!-- This site is optimized with the Yoast SEO Premium plugin v27.4 (Yoast SEO v27.4) - https:\/\/yoast.com\/product\/yoast-seo-premium-wordpress\/ -->\n<title>FAQ - VETUS<\/title>\n<meta name=\"robots\" content=\"index, follow, max-snippet:-1, max-image-preview:large, max-video-preview:-1\" \/>\n<link rel=\"canonical\" href=\"https:\/\/vetus.com\/fi\/palvelu-tuki\/faq\/\" \/>\n<meta property=\"og:locale\" content=\"fi_FI\" \/>\n<meta property=\"og:type\" content=\"article\" \/>\n<meta property=\"og:title\" content=\"FAQ\" \/>\n<meta property=\"og:description\" content=\"Yleiskatsaus usein kysyttyihin kysymyksiin. Kaikille venej\u00e4rjestelmille.\" \/>\n<meta property=\"og:url\" content=\"https:\/\/vetus.com\/fi\/palvelu-tuki\/faq\/\" \/>\n<meta property=\"og:site_name\" content=\"VETUS\" \/>\n<meta property=\"article:modified_time\" content=\"2022-02-15T13:07:51+00:00\" \/>\n<meta property=\"og:image\" content=\"https:\/\/vetus.com\/wp-content\/uploads\/featured-faq.png\" \/>\n\t<meta property=\"og:image:width\" content=\"1200\" \/>\n\t<meta property=\"og:image:height\" content=\"800\" \/>\n\t<meta property=\"og:image:type\" content=\"image\/png\" \/>\n<meta name=\"twitter:card\" content=\"summary_large_image\" \/>\n<script type=\"application\/ld+json\" class=\"yoast-schema-graph\">{\"@context\":\"https:\\\/\\\/schema.org\",\"@graph\":[{\"@type\":\"WebPage\",\"@id\":\"https:\\\/\\\/vetus.com\\\/fi\\\/palvelu-tuki\\\/faq\\\/\",\"url\":\"https:\\\/\\\/vetus.com\\\/fi\\\/palvelu-tuki\\\/faq\\\/\",\"name\":\"FAQ - VETUS\",\"isPartOf\":{\"@id\":\"https:\\\/\\\/vetus.com\\\/fi\\\/#website\"},\"primaryImageOfPage\":{\"@id\":\"https:\\\/\\\/vetus.com\\\/fi\\\/palvelu-tuki\\\/faq\\\/#primaryimage\"},\"image\":{\"@id\":\"https:\\\/\\\/vetus.com\\\/fi\\\/palvelu-tuki\\\/faq\\\/#primaryimage\"},\"thumbnailUrl\":\"https:\\\/\\\/vetus.com\\\/wp-content\\\/uploads\\\/featured-faq.png\",\"datePublished\":\"2021-03-30T13:44:02+00:00\",\"dateModified\":\"2022-02-15T13:07:51+00:00\",\"breadcrumb\":{\"@id\":\"https:\\\/\\\/vetus.com\\\/fi\\\/palvelu-tuki\\\/faq\\\/#breadcrumb\"},\"inLanguage\":\"fi\",\"potentialAction\":[{\"@type\":\"ReadAction\",\"target\":[\"https:\\\/\\\/vetus.com\\\/fi\\\/palvelu-tuki\\\/faq\\\/\"]}]},{\"@type\":\"ImageObject\",\"inLanguage\":\"fi\",\"@id\":\"https:\\\/\\\/vetus.com\\\/fi\\\/palvelu-tuki\\\/faq\\\/#primaryimage\",\"url\":\"https:\\\/\\\/vetus.com\\\/wp-content\\\/uploads\\\/featured-faq.png\",\"contentUrl\":\"https:\\\/\\\/vetus.com\\\/wp-content\\\/uploads\\\/featured-faq.png\",\"width\":1200,\"height\":800},{\"@type\":\"BreadcrumbList\",\"@id\":\"https:\\\/\\\/vetus.com\\\/fi\\\/palvelu-tuki\\\/faq\\\/#breadcrumb\",\"itemListElement\":[{\"@type\":\"ListItem\",\"position\":1,\"name\":\"Home\",\"item\":\"https:\\\/\\\/vetus.com\\\/fi\\\/\"},{\"@type\":\"ListItem\",\"position\":2,\"name\":\"Palvelu &#038; Tuki\",\"item\":\"https:\\\/\\\/vetus.com\\\/fi\\\/palvelu-tuki\\\/\"},{\"@type\":\"ListItem\",\"position\":3,\"name\":\"FAQ\"}]},{\"@type\":\"WebSite\",\"@id\":\"https:\\\/\\\/vetus.com\\\/fi\\\/#website\",\"url\":\"https:\\\/\\\/vetus.com\\\/fi\\\/\",\"name\":\"VETUS\",\"description\":\"\",\"potentialAction\":[{\"@type\":\"SearchAction\",\"target\":{\"@type\":\"EntryPoint\",\"urlTemplate\":\"https:\\\/\\\/vetus.com\\\/fi\\\/?s={search_term_string}\"},\"query-input\":{\"@type\":\"PropertyValueSpecification\",\"valueRequired\":true,\"valueName\":\"search_term_string\"}}],\"inLanguage\":\"fi\"}]}<\/script>\n<!-- \/ Yoast SEO Premium plugin. -->","yoast_head_json":{"title":"FAQ - VETUS","robots":{"index":"index","follow":"follow","max-snippet":"max-snippet:-1","max-image-preview":"max-image-preview:large","max-video-preview":"max-video-preview:-1"},"canonical":"https:\/\/vetus.com\/fi\/palvelu-tuki\/faq\/","og_locale":"fi_FI","og_type":"article","og_title":"FAQ","og_description":"Yleiskatsaus usein kysyttyihin kysymyksiin. Kaikille venej\u00e4rjestelmille.","og_url":"https:\/\/vetus.com\/fi\/palvelu-tuki\/faq\/","og_site_name":"VETUS","article_modified_time":"2022-02-15T13:07:51+00:00","og_image":[{"width":1200,"height":800,"url":"https:\/\/vetus.com\/wp-content\/uploads\/featured-faq.png","type":"image\/png"}],"twitter_card":"summary_large_image","schema":{"@context":"https:\/\/schema.org","@graph":[{"@type":"WebPage","@id":"https:\/\/vetus.com\/fi\/palvelu-tuki\/faq\/","url":"https:\/\/vetus.com\/fi\/palvelu-tuki\/faq\/","name":"FAQ - VETUS","isPartOf":{"@id":"https:\/\/vetus.com\/fi\/#website"},"primaryImageOfPage":{"@id":"https:\/\/vetus.com\/fi\/palvelu-tuki\/faq\/#primaryimage"},"image":{"@id":"https:\/\/vetus.com\/fi\/palvelu-tuki\/faq\/#primaryimage"},"thumbnailUrl":"https:\/\/vetus.com\/wp-content\/uploads\/featured-faq.png","datePublished":"2021-03-30T13:44:02+00:00","dateModified":"2022-02-15T13:07:51+00:00","breadcrumb":{"@id":"https:\/\/vetus.com\/fi\/palvelu-tuki\/faq\/#breadcrumb"},"inLanguage":"fi","potentialAction":[{"@type":"ReadAction","target":["https:\/\/vetus.com\/fi\/palvelu-tuki\/faq\/"]}]},{"@type":"ImageObject","inLanguage":"fi","@id":"https:\/\/vetus.com\/fi\/palvelu-tuki\/faq\/#primaryimage","url":"https:\/\/vetus.com\/wp-content\/uploads\/featured-faq.png","contentUrl":"https:\/\/vetus.com\/wp-content\/uploads\/featured-faq.png","width":1200,"height":800},{"@type":"BreadcrumbList","@id":"https:\/\/vetus.com\/fi\/palvelu-tuki\/faq\/#breadcrumb","itemListElement":[{"@type":"ListItem","position":1,"name":"Home","item":"https:\/\/vetus.com\/fi\/"},{"@type":"ListItem","position":2,"name":"Palvelu &#038; Tuki","item":"https:\/\/vetus.com\/fi\/palvelu-tuki\/"},{"@type":"ListItem","position":3,"name":"FAQ"}]},{"@type":"WebSite","@id":"https:\/\/vetus.com\/fi\/#website","url":"https:\/\/vetus.com\/fi\/","name":"VETUS","description":"","potentialAction":[{"@type":"SearchAction","target":{"@type":"EntryPoint","urlTemplate":"https:\/\/vetus.com\/fi\/?s={search_term_string}"},"query-input":{"@type":"PropertyValueSpecification","valueRequired":true,"valueName":"search_term_string"}}],"inLanguage":"fi"}]}},"_links":{"self":[{"href":"https:\/\/vetus.com\/fi\/wp-json\/wp\/v2\/pages\/3461","targetHints":{"allow":["GET"]}}],"collection":[{"href":"https:\/\/vetus.com\/fi\/wp-json\/wp\/v2\/pages"}],"about":[{"href":"https:\/\/vetus.com\/fi\/wp-json\/wp\/v2\/types\/page"}],"author":[{"embeddable":true,"href":"https:\/\/vetus.com\/fi\/wp-json\/wp\/v2\/users\/31"}],"replies":[{"embeddable":true,"href":"https:\/\/vetus.com\/fi\/wp-json\/wp\/v2\/comments?post=3461"}],"version-history":[{"count":0,"href":"https:\/\/vetus.com\/fi\/wp-json\/wp\/v2\/pages\/3461\/revisions"}],"up":[{"embeddable":true,"href":"https:\/\/vetus.com\/fi\/wp-json\/wp\/v2\/pages\/3560"}],"wp:featuredmedia":[{"embeddable":true,"href":"https:\/\/vetus.com\/fi\/wp-json\/wp\/v2\/media\/3462"}],"wp:attachment":[{"href":"https:\/\/vetus.com\/fi\/wp-json\/wp\/v2\/media?parent=3461"}],"curies":[{"name":"wp","href":"https:\/\/api.w.org\/{rel}","templated":true}]}}