{"id":3425,"date":"2021-03-31T09:01:36","date_gmt":"2021-03-31T07:01:36","guid":{"rendered":"https:\/\/vetus.inlinedigital.nl\/cms\/5-and-5-year-warranty\/"},"modified":"2022-07-12T12:44:16","modified_gmt":"2022-07-12T10:44:16","slug":"5-plus-takuu","status":"publish","type":"page","link":"https:\/\/vetus.com\/fi\/palvelu-tuki\/5-plus-takuu\/","title":{"rendered":"5 PLUS takuu"},"content":{"rendered":"\n<section class=\"section  \">\n    \n\n<section id=\"section-text-block-block_60642c2927d6b\" class=\"section text-block \">\n                    <div class=\"section section__body\">\n            <div class=\"text-block\">\n                <div class=\"container\">\n                    <div class=\"row\">\n                        <div class=\"col-lg-8 offset-lg-2\">\n                                                            <div class=\"section__content single__content hentry\">\n                                    <p>J\u00e4lleen hyv\u00e4 syy valita VETUS. Kun VETUS-moottorioston yhteydess\u00e4 ostat t\u00e4ydellisen asennusosapaketin, saat n\u00e4ille osille pidennetyn takuun. Jo ennenst\u00e4\u00e4n pitk\u00e4 kolme vuotta pitenee viiteen vuoteen.<\/p>\n<p><img decoding=\"async\" class=\"alignnone size-full wp-image-12328\" src=\"https:\/\/vetus.com\/wp-content\/uploads\/extended-warranty_banner_FI.png\" alt=\"\" width=\"770\" height=\"302\" srcset=\"https:\/\/vetus.com\/wp-content\/uploads\/extended-warranty_banner_FI.png 770w, https:\/\/vetus.com\/wp-content\/uploads\/extended-warranty_banner_FI-300x118.png 300w, https:\/\/vetus.com\/wp-content\/uploads\/extended-warranty_banner_FI-768x301.png 768w, https:\/\/vetus.com\/wp-content\/uploads\/extended-warranty_banner_FI-418x164.png 418w, https:\/\/vetus.com\/wp-content\/uploads\/extended-warranty_banner_FI-604x237.png 604w\" sizes=\"(max-width: 770px) 100vw, 770px\" \/><\/p>\n<h3>Kuinka pidennetty takuu toimii?<\/h3>\n<p>Kun ostat viralliselta Vetus-j\u00e4lleenmyyj\u00e4lt\u00e4 uuden moottorin ja siihen asennuspaketin sis\u00e4lt\u00e4en:<\/p>\n<ul>\n<li>Akselisto<\/li>\n<li>Potkuri<\/li>\n<li>Joustokytkin<\/li>\n<li>Raakavesisuodatin<\/li>\n<li>Polttoaineen esisuodatin<\/li>\n<li>Pakoletkusto (letku, vesilukko, \u00e4\u00e4nenvaimennin, joutsenkaula, l\u00e4pivienti ja laponestoventtiili)<\/li>\n<li>Kaukohallintalaitteen<\/li>\n<li>Imuilmaventtiilit<\/li>\n<\/ul>\n<p>Katso mallit valintataulukosta.<\/p>\n<p>Asennuksessa tulee k\u00e4ytt\u00e4\u00e4 moottoriasennuskaavaketta.<\/p>\n<h3>Takuuehdot<\/h3>\n<p>Seuraavat tuotteet sis\u00e4ltyv\u00e4t lis\u00e4takuuseen:<\/p>\n<h6>Artikla 8<\/h6>\n<p>Takuu raukeaa seuraavissa tapauksissa:<\/p>\n<ul>\n<li>M\u00e4\u00e4r\u00e4aikaishuollot on suorittamatta tai niit\u00e4 ei ole suoritettu valtuutetun huollon taholta<\/li>\n<li>Tuote on v\u00e4\u00e4rin asennettu tai koottu<\/li>\n<li>Tuotetta on k\u00e4ytetty ohjeiden vastaisesti<\/li>\n<li>Vikaantumisen syy on puutteellinen huolto<\/li>\n<li>Vaurion tai vikaantumisen on aiheuttanut ulkopuolinen tekij\u00e4<\/li>\n<li>K\u00e4ytt\u00f6ojeita ei ole noudatettu<\/li>\n<li>60 kuukauden takuuaika on kulunut<\/li>\n<\/ul>\n<h6>Artikla 9<\/h6>\n<p>Takuu ei koske:<\/p>\n<ul>\n<li>Kulutusosia<\/li>\n<li>Lis\u00e4kustannuksia kuten kuljetus-, ty\u00f6-, nosto- jne kustannukset<\/li>\n<li>Ymp\u00e4rist\u00f6tekij\u00f6iden aiheuttamia vikoja<\/li>\n<li>Saasteiden, j\u00e4\u00e4tymisen, ylikuumenemisen tai ylikuormituksen aiheuttamat viat<\/li>\n<\/ul>\n<div>\n<h3>Downloads<\/h3>\n<p><a href=\"https:\/\/online.flippingbook.com\/view\/450671581\/\">Lataa laitteiden valintataulukko<\/a><\/p>\n<\/div>\n                                <\/div>\n                            \n                                                    <\/div>\n                    <\/div>\n                <\/div>\n            <\/div>\n        <\/div>\n    <\/section><\/section>","protected":false},"excerpt":{"rendered":"<p>Kun ostat VETUS-moottorin, annamme sinulle 5 vuoden takuun moottorille ja valikoiduille moottorin ymp\u00e4rill\u00e4 oleville tuotteille.<\/p>\n","protected":false},"author":31,"featured_media":3427,"parent":3560,"menu_order":104,"comment_status":"closed","ping_status":"closed","template":"tpl-basic.php","meta":{"_acf_changed":false,"footnotes":""},"class_list":["post-3425","page","type-page","status-publish","has-post-thumbnail","hentry"],"acf":{"introduction":"","person":false},"yoast_head":"<!-- This site is optimized with the Yoast SEO Premium plugin v27.3 (Yoast SEO v27.3) - https:\/\/yoast.com\/product\/yoast-seo-premium-wordpress\/ -->\n<title>5 PLUS takuu - VETUS<\/title>\n<meta name=\"robots\" content=\"index, follow, max-snippet:-1, max-image-preview:large, max-video-preview:-1\" \/>\n<link rel=\"canonical\" href=\"https:\/\/vetus.com\/fi\/palvelu-tuki\/5-plus-takuu\/\" \/>\n<meta property=\"og:locale\" content=\"fi_FI\" \/>\n<meta property=\"og:type\" content=\"article\" \/>\n<meta property=\"og:title\" content=\"5 PLUS takuu\" \/>\n<meta property=\"og:description\" content=\"Kun ostat VETUS-moottorin, annamme sinulle 5 vuoden takuun moottorille ja valikoiduille moottorin ymp\u00e4rill\u00e4 oleville tuotteille.\" \/>\n<meta property=\"og:url\" content=\"https:\/\/vetus.com\/fi\/palvelu-tuki\/5-plus-takuu\/\" \/>\n<meta property=\"og:site_name\" content=\"VETUS\" \/>\n<meta property=\"article:modified_time\" content=\"2022-07-12T10:44:16+00:00\" \/>\n<meta property=\"og:image\" content=\"https:\/\/vetus.com\/wp-content\/uploads\/featured-warranty-5.png\" \/>\n\t<meta property=\"og:image:width\" content=\"1200\" \/>\n\t<meta property=\"og:image:height\" content=\"800\" \/>\n\t<meta property=\"og:image:type\" content=\"image\/png\" \/>\n<meta name=\"twitter:card\" content=\"summary_large_image\" \/>\n<script type=\"application\/ld+json\" class=\"yoast-schema-graph\">{\"@context\":\"https:\\\/\\\/schema.org\",\"@graph\":[{\"@type\":\"WebPage\",\"@id\":\"https:\\\/\\\/vetus.com\\\/fi\\\/palvelu-tuki\\\/5-plus-takuu\\\/\",\"url\":\"https:\\\/\\\/vetus.com\\\/fi\\\/palvelu-tuki\\\/5-plus-takuu\\\/\",\"name\":\"5 PLUS takuu - VETUS\",\"isPartOf\":{\"@id\":\"https:\\\/\\\/vetus.com\\\/fi\\\/#website\"},\"primaryImageOfPage\":{\"@id\":\"https:\\\/\\\/vetus.com\\\/fi\\\/palvelu-tuki\\\/5-plus-takuu\\\/#primaryimage\"},\"image\":{\"@id\":\"https:\\\/\\\/vetus.com\\\/fi\\\/palvelu-tuki\\\/5-plus-takuu\\\/#primaryimage\"},\"thumbnailUrl\":\"https:\\\/\\\/vetus.com\\\/wp-content\\\/uploads\\\/featured-warranty-5.png\",\"datePublished\":\"2021-03-31T07:01:36+00:00\",\"dateModified\":\"2022-07-12T10:44:16+00:00\",\"breadcrumb\":{\"@id\":\"https:\\\/\\\/vetus.com\\\/fi\\\/palvelu-tuki\\\/5-plus-takuu\\\/#breadcrumb\"},\"inLanguage\":\"fi\",\"potentialAction\":[{\"@type\":\"ReadAction\",\"target\":[\"https:\\\/\\\/vetus.com\\\/fi\\\/palvelu-tuki\\\/5-plus-takuu\\\/\"]}]},{\"@type\":\"ImageObject\",\"inLanguage\":\"fi\",\"@id\":\"https:\\\/\\\/vetus.com\\\/fi\\\/palvelu-tuki\\\/5-plus-takuu\\\/#primaryimage\",\"url\":\"https:\\\/\\\/vetus.com\\\/wp-content\\\/uploads\\\/featured-warranty-5.png\",\"contentUrl\":\"https:\\\/\\\/vetus.com\\\/wp-content\\\/uploads\\\/featured-warranty-5.png\",\"width\":1200,\"height\":800},{\"@type\":\"BreadcrumbList\",\"@id\":\"https:\\\/\\\/vetus.com\\\/fi\\\/palvelu-tuki\\\/5-plus-takuu\\\/#breadcrumb\",\"itemListElement\":[{\"@type\":\"ListItem\",\"position\":1,\"name\":\"Home\",\"item\":\"https:\\\/\\\/vetus.com\\\/fi\\\/\"},{\"@type\":\"ListItem\",\"position\":2,\"name\":\"Palvelu &#038; Tuki\",\"item\":\"https:\\\/\\\/vetus.com\\\/fi\\\/palvelu-tuki\\\/\"},{\"@type\":\"ListItem\",\"position\":3,\"name\":\"5 PLUS takuu\"}]},{\"@type\":\"WebSite\",\"@id\":\"https:\\\/\\\/vetus.com\\\/fi\\\/#website\",\"url\":\"https:\\\/\\\/vetus.com\\\/fi\\\/\",\"name\":\"VETUS\",\"description\":\"\",\"potentialAction\":[{\"@type\":\"SearchAction\",\"target\":{\"@type\":\"EntryPoint\",\"urlTemplate\":\"https:\\\/\\\/vetus.com\\\/fi\\\/?s={search_term_string}\"},\"query-input\":{\"@type\":\"PropertyValueSpecification\",\"valueRequired\":true,\"valueName\":\"search_term_string\"}}],\"inLanguage\":\"fi\"}]}<\/script>\n<!-- \/ Yoast SEO Premium plugin. -->","yoast_head_json":{"title":"5 PLUS takuu - VETUS","robots":{"index":"index","follow":"follow","max-snippet":"max-snippet:-1","max-image-preview":"max-image-preview:large","max-video-preview":"max-video-preview:-1"},"canonical":"https:\/\/vetus.com\/fi\/palvelu-tuki\/5-plus-takuu\/","og_locale":"fi_FI","og_type":"article","og_title":"5 PLUS takuu","og_description":"Kun ostat VETUS-moottorin, annamme sinulle 5 vuoden takuun moottorille ja valikoiduille moottorin ymp\u00e4rill\u00e4 oleville tuotteille.","og_url":"https:\/\/vetus.com\/fi\/palvelu-tuki\/5-plus-takuu\/","og_site_name":"VETUS","article_modified_time":"2022-07-12T10:44:16+00:00","og_image":[{"width":1200,"height":800,"url":"https:\/\/vetus.com\/wp-content\/uploads\/featured-warranty-5.png","type":"image\/png"}],"twitter_card":"summary_large_image","schema":{"@context":"https:\/\/schema.org","@graph":[{"@type":"WebPage","@id":"https:\/\/vetus.com\/fi\/palvelu-tuki\/5-plus-takuu\/","url":"https:\/\/vetus.com\/fi\/palvelu-tuki\/5-plus-takuu\/","name":"5 PLUS takuu - VETUS","isPartOf":{"@id":"https:\/\/vetus.com\/fi\/#website"},"primaryImageOfPage":{"@id":"https:\/\/vetus.com\/fi\/palvelu-tuki\/5-plus-takuu\/#primaryimage"},"image":{"@id":"https:\/\/vetus.com\/fi\/palvelu-tuki\/5-plus-takuu\/#primaryimage"},"thumbnailUrl":"https:\/\/vetus.com\/wp-content\/uploads\/featured-warranty-5.png","datePublished":"2021-03-31T07:01:36+00:00","dateModified":"2022-07-12T10:44:16+00:00","breadcrumb":{"@id":"https:\/\/vetus.com\/fi\/palvelu-tuki\/5-plus-takuu\/#breadcrumb"},"inLanguage":"fi","potentialAction":[{"@type":"ReadAction","target":["https:\/\/vetus.com\/fi\/palvelu-tuki\/5-plus-takuu\/"]}]},{"@type":"ImageObject","inLanguage":"fi","@id":"https:\/\/vetus.com\/fi\/palvelu-tuki\/5-plus-takuu\/#primaryimage","url":"https:\/\/vetus.com\/wp-content\/uploads\/featured-warranty-5.png","contentUrl":"https:\/\/vetus.com\/wp-content\/uploads\/featured-warranty-5.png","width":1200,"height":800},{"@type":"BreadcrumbList","@id":"https:\/\/vetus.com\/fi\/palvelu-tuki\/5-plus-takuu\/#breadcrumb","itemListElement":[{"@type":"ListItem","position":1,"name":"Home","item":"https:\/\/vetus.com\/fi\/"},{"@type":"ListItem","position":2,"name":"Palvelu &#038; Tuki","item":"https:\/\/vetus.com\/fi\/palvelu-tuki\/"},{"@type":"ListItem","position":3,"name":"5 PLUS takuu"}]},{"@type":"WebSite","@id":"https:\/\/vetus.com\/fi\/#website","url":"https:\/\/vetus.com\/fi\/","name":"VETUS","description":"","potentialAction":[{"@type":"SearchAction","target":{"@type":"EntryPoint","urlTemplate":"https:\/\/vetus.com\/fi\/?s={search_term_string}"},"query-input":{"@type":"PropertyValueSpecification","valueRequired":true,"valueName":"search_term_string"}}],"inLanguage":"fi"}]}},"_links":{"self":[{"href":"https:\/\/vetus.com\/fi\/wp-json\/wp\/v2\/pages\/3425","targetHints":{"allow":["GET"]}}],"collection":[{"href":"https:\/\/vetus.com\/fi\/wp-json\/wp\/v2\/pages"}],"about":[{"href":"https:\/\/vetus.com\/fi\/wp-json\/wp\/v2\/types\/page"}],"author":[{"embeddable":true,"href":"https:\/\/vetus.com\/fi\/wp-json\/wp\/v2\/users\/31"}],"replies":[{"embeddable":true,"href":"https:\/\/vetus.com\/fi\/wp-json\/wp\/v2\/comments?post=3425"}],"version-history":[{"count":0,"href":"https:\/\/vetus.com\/fi\/wp-json\/wp\/v2\/pages\/3425\/revisions"}],"up":[{"embeddable":true,"href":"https:\/\/vetus.com\/fi\/wp-json\/wp\/v2\/pages\/3560"}],"wp:featuredmedia":[{"embeddable":true,"href":"https:\/\/vetus.com\/fi\/wp-json\/wp\/v2\/media\/3427"}],"wp:attachment":[{"href":"https:\/\/vetus.com\/fi\/wp-json\/wp\/v2\/media?parent=3425"}],"curies":[{"name":"wp","href":"https:\/\/api.w.org\/{rel}","templated":true}]}}