{"id":3400,"date":"2021-03-31T09:14:27","date_gmt":"2021-03-31T07:14:27","guid":{"rendered":"https:\/\/vetus.inlinedigital.nl\/cms\/vetus-warranty-policy\/"},"modified":"2021-07-22T06:57:35","modified_gmt":"2021-07-22T05:57:35","slug":"vetus-takuuehdot","status":"publish","type":"page","link":"https:\/\/vetus.com\/fi\/palvelu-tuki\/vetus-takuuehdot\/","title":{"rendered":"VETUS Takuuehdot"},"content":{"rendered":"\n<section class=\"section  \">\n    \n\n<section id=\"section-text-block-block_60642f52d5387\" class=\"section text-block \">\n                    <div class=\"section section__body\">\n            <div class=\"text-block\">\n                <div class=\"container\">\n                    <div class=\"row\">\n                        <div class=\"col-lg-8 offset-lg-2\">\n                                                            <div class=\"section__content single__content hentry\">\n                                    <p>Tammikuuta 2011 l\u00e4htien kaikkien VETUS-tuotteiden takuu on kolme vuotta ja moottoreille ja generaattoreille jopa viisi vuotta. N\u00e4iden erinomaisten takuuehtojen lis\u00e4ksi VETUS tarjoaa my\u00f6s maailmanlaajuisen j\u00e4lkimarkkinointiverkoston, jotta asiakkaamme voivat aina luottaa erinomaiseen tukeen.<\/p>\n<p><img decoding=\"async\" class=\"alignnone wp-image-24824 size-full\" src=\"https:\/\/vetus.com\/cms\/wp-content\/uploads\/warranty_try4.jpg\" alt=\"\" width=\"770\" height=\"227\" srcset=\"https:\/\/vetus.com\/wp-content\/uploads\/warranty_try4.jpg 770w, https:\/\/vetus.com\/wp-content\/uploads\/warranty_try4-300x88.jpg 300w, https:\/\/vetus.com\/wp-content\/uploads\/warranty_try4-768x226.jpg 768w, https:\/\/vetus.com\/wp-content\/uploads\/warranty_try4-210x62.jpg 210w, https:\/\/vetus.com\/wp-content\/uploads\/warranty_try4-330x97.jpg 330w, https:\/\/vetus.com\/wp-content\/uploads\/warranty_try4-431x127.jpg 431w, https:\/\/vetus.com\/wp-content\/uploads\/warranty_try4-507x149.jpg 507w, https:\/\/vetus.com\/wp-content\/uploads\/warranty_try4-530x156.jpg 530w, https:\/\/vetus.com\/wp-content\/uploads\/warranty_try4-690x203.jpg 690w\" sizes=\"(max-width: 770px) 100vw, 770px\" \/><\/p>\n<h3>Takuuehdot VETUS-tarvikkeille<\/h3>\n<h6>Artikla 1<\/h6>\n<p>T\u00e4m\u00e4n takuun my\u00f6nt\u00e4\u00e4 VETUS BV tai sen tyt\u00e4ryhti\u00f6t.<\/p>\n<h6>Artikla 2<\/h6>\n<p>2.1. Takuu koskee ainoastaan Vetuksen valmistamia tai toimittamia tuotteita.<br \/>\n2.2. Takuu koskee ainoastaan Vetuksen tai sen tyt\u00e4ryhti\u00f6iden toimittamia tuotteita.<\/p>\n<h6>Artiklae 3<\/h6>\n<p>3.1. Takuu my\u00f6nnet\u00e4\u00e4n tuotteen ensimm\u00e4iselle omistajalle. J\u00e4ljell\u00e4 oleva takuuaika voidaan siirt\u00e4\u00e4 uudelle omistajalle. Ohjeiden vastainen asennus tai tuotteisiin tehdyt muutokset mit\u00e4t\u00f6iv\u00e4t takuun<\/p>\n<h6>Artikla 4<\/h6>\n<p>4.1. Takuuaika alkaa siit\u00e4 hetkest\u00e4 kun tuote luovutetaan loppuk\u00e4ytt\u00e4j\u00e4lle.<br \/>\n4.2. Takuuaika on 36 kuukautta. Takuu on voimassa yksityisess\u00e4 huvivenek\u00e4yt\u00f6ss\u00e4. Takuu ei kata yritys- eik\u00e4 ammattik\u00e4ytt\u00f6\u00e4.<br \/>\n4.3. Takuuaika on ammattik\u00e4yt\u00f6ss\u00e4 12 kuukautta. Ammattik\u00e4yt\u00f6ss\u00e4 tulee omistajan saada Vetukselta kirjallinen suostumus ennen k\u00e4ytt\u00f6\u00f6nottoa.<\/p>\n<h6>Artikla 5<\/h6>\n<p>5.1. Vakuutamme ett\u00e4 VETUS-tuotteen takuu kattaa tuote-, materiaali- sek\u00e4 valmistusviat takuuaikana.<br \/>\n5.2. Takuuaikana havaittujen vikojen korjaamisesta vastaa VETUS ilman asiakkaalle koituvia kuluja.<br \/>\n5.3. VETUS pid\u00e4tt\u00e4\u00e4 oikeuden korvata viallinen tuote toisella mik\u00e4li korjaus ei ole mahdollinen tai kannattava.<br \/>\n5.4. Vetuksen takuuseen vaihtamat tuotteet ja osat siirtyv\u00e4t automaattisesti Vetuksen omistukseen.<\/p>\n<h6>Artikla 6<\/h6>\n<p>6.1. Lopullisen takuup\u00e4\u00e4t\u00f6ksen tekee Vetus B.V., ei j\u00e4lleenmyyj\u00e4. Vetus toimittaa p\u00e4\u00e4t\u00f6ksen kirjallisena j\u00e4lleenmyyj\u00e4lle. Vetus ei k\u00e4y dialogia loppuk\u00e4ytt\u00e4j\u00e4n kanssa.<\/p>\n<h6>Artikla 7<\/h6>\n<p>7.1. Loppuk\u00e4ytt\u00e4j\u00e4n tulee tehd\u00e4 takuuanomus j\u00e4lleenmyyj\u00e4lle, ei Vetukselle.<\/p>\n<h6>Artikla 8<\/h6>\n<p>Kaikki takuu raukeaa seuraavissa tapauksissa:<\/p>\n<ul>\n<li>M\u00e4\u00e4r\u00e4aikaishuollot on suorittamatta tai niit\u00e4 ei ole suoritettu valtuutetun huollon taholta<\/li>\n<li>Tuote on v\u00e4\u00e4rin asennettu tai koottu<\/li>\n<li>Tuotetta on k\u00e4ytetty ohjeiden vastaisesti<\/li>\n<li>Vikaantumisen syy on puutteellinen huolto<\/li>\n<li>Vaurion tai vikaantumisen on aiheuttanut ulkopuolinen tekij\u00e4<\/li>\n<li>K\u00e4ytt\u00f6ojeita ei ole noudatettu<\/li>\n<li>36 kuukauden takuuaika on kulunut<\/li>\n<\/ul>\n<h6>Artikla 9<\/h6>\n<p>Takuu ei koske:<\/p>\n<ul>\n<li>Kulutusosia<\/li>\n<li>Lis\u00e4kustannuksia kuten kuljetus-, ty\u00f6-, nosto- jne kustannukset<\/li>\n<li>Ymp\u00e4rist\u00f6tekij\u00f6iden aiheuttamia vikoja<\/li>\n<li>Saasteiden, j\u00e4\u00e4tymisen, ylikuumenemisen tai ylikuormituksen aiheuttamat viat<\/li>\n<\/ul>\n<h3>VETUS takuuehdot merimoottoreille<\/h3>\n<h6>Artikla 1<\/h6>\n<p>1.1. T\u00e4m\u00e4n takuun my\u00f6nt\u00e4\u00e4 VETUS B.V. tai sen tyt\u00e4ryhti\u00f6t.<\/p>\n<h6>Artikla 2<\/h6>\n<p>2.1. Takuu koskee vain Vetuksen tuottamia ja\/tai toimittamia tuotteita.<br \/>\n2.2. Takuu koskee vain Vetuksen tai sen tyt\u00e4ryhti\u00f6iden toimittamia tuotteita.<\/p>\n<h6>Artikla 3<\/h6>\n<p>3.1. Moottorin takuun voimassaolo edellytt\u00e4\u00e4, ett\u00e4 huoltokirja on asianmukaisesti t\u00e4ytetty ja allekirjoitettu. Varaosien tai lis\u00e4varusteiden takuu edellytt\u00e4\u00e4 kopio asianomaisen varaosan tai lis\u00e4varusteen laskusta takuun voimassaolon todisteena.<\/p>\n<h6>Artikla 4<\/h6>\n<p>4.1. Takuu my\u00f6nnet\u00e4\u00e4n ensimm\u00e4iselle omistajalle. Takuu voidaan siirt\u00e4\u00e4 uudelle omistajalle, ja loput takuuajasta siirret\u00e4\u00e4n kokonaisuudessaan j\u00e4lkimm\u00e4iselle. Asennukseen tai tuotteisiin tehdyt muutokset mit\u00e4t\u00f6iv\u00e4t takuun.<\/p>\n<h6>Artikla 5<\/h6>\n<p>5.1. VETUS takaa toimitetun tuotteen ja kaikkien tuotteen mukana toimitettujen lis\u00e4varusteiden laadun. VETUS tai sen tyt\u00e4ryhti\u00f6t ovat oikeutettuja korjaamaan viat joko vaihtamalla tai korjaamalla viallisen osan. Kyseinen korjaus suoritetaan Vetuksen m\u00e4\u00e4rittelem\u00e4ss\u00e4 paikassa.<\/p>\n<h6>Artikla 6<\/h6>\n<p>6.1. Takuuaika alkaa toimitusp\u00e4iv\u00e4st\u00e4 ensimm\u00e4iselle omistajalle\/loppuk\u00e4ytt\u00e4j\u00e4lle. Moottori tai generaattori tulee ottaa k\u00e4ytt\u00f6\u00f6n viimeist\u00e4\u00e4n 6 (kuuden) kuukauden kuluttua toimituksesta.<\/p>\n<h6>Artikla 7<\/h6>\n<p>7.1. VETUS-meridieselmoottoreille, jotka eiv\u00e4t ole kaupallisessa k\u00e4yt\u00f6ss\u00e4, taataan sovellettavien lakien mukaan kaikki materiaali- ja \/ tai rakennevirheet 36 (kolmekymment\u00e4kuusi) kuukautta tai enint\u00e4\u00e4n 1000 (tuhat) k\u00e4ytt\u00f6tuntia , riippuen siit\u00e4, kumpi tulee ensin.<br \/>\n7.2. T\u00e4m\u00e4n takuukauden lis\u00e4ksi VETUS takaa seuraavat 24 (kaksikymment\u00e4nelj\u00e4) kuukautta tai 1500 (tuhatviisisataa) k\u00e4ytt\u00f6tuntia sen mukaan, kumpi tulee ensin, seuraaville moottorin osille: sylinterilohko, sylinterinkannen valu , kampiakseli, nokka-akseli, vauhtipy\u00f6r\u00e4n kotelo, jakohammaspy\u00f6r\u00e4n valu, jakopy\u00f6r\u00e4t ja kiertokanget.<br \/>\n7.3. Takuu ei koske moottorin kevytt\u00e4 ammattik\u00e4ytt\u00f6\u00e4, ellei VETUS ole antanut erityistapauksissa hyv\u00e4ksynt\u00e4\u00e4 t\u00e4llaiselle k\u00e4yt\u00f6lle.<br \/>\n7.4. mik\u00e4li t\u00e4llainen kirjallinen hyv\u00e4ksynt\u00e4 on annettu, on takuuaika 12 (kaksitoista)kuukautta tai 1000 (tuhatviisisataa) k\u00e4ytt\u00f6tuntia sen mukaan, kumpi tulee ensin.<\/p>\n<h6>Artikla 8<\/h6>\n<p>8.1. Generaattoreiden kansainv\u00e4linen takuuaika on:<\/p>\n<ul>\n<li>36 (kolmekymment\u00e4kuusi) kuukautta tai enint\u00e4\u00e4n 2000 (kaksi tuhatta) k\u00e4ytt\u00f6tuntia sen mukaan, kumpi tulee ensin (generaattorin k\u00e4yntinopeus 1500 rpm).<\/li>\n<li>36 (kolmekymment\u00e4kuusi) kuukautta tai enint\u00e4\u00e4n 1500 (viisisataa) k\u00e4ytt\u00f6tuntia sen mukaan, kumpi tulee ensin (generaattorin k\u00e4yntinopeus 3000 rpm).<\/li>\n<\/ul>\n<p>8.2. In addition to this warranty period, VETUS guarantees during the subsequent 24 (twenty four) months, or an additional 1000 (one thousand) operating hours, depending on whichever comes first , the following engine parts: the cylinder block casting, the cylinder head casting, the crankshaft, the camshaft, the flywheel housing casting, the timing gear casting, the timing gears and the connecting rods<\/p>\n<h6>Artikla 9<\/h6>\n<p>9.1. Moottorin osien ja lis\u00e4varusteiden kansainv\u00e4linen takuuaika on 12 (kaksitoista) kuukautta laskun p\u00e4iv\u00e4m\u00e4\u00e4r\u00e4st\u00e4. M\u00e4\u00e4r\u00e4aikaishuollon edellytt\u00e4m\u00e4t osat ja kulutusosat eiv\u00e4t sis\u00e4lly toimitukseen.<\/p>\n<h6>Artikla 10<\/h6>\n<p>10.1. N\u00e4kyvist\u00e4 virheist\u00e4 on ilmoitettava kirjallisesti v\u00e4litt\u00f6m\u00e4sti tai viimeist\u00e4\u00e4n viiden p\u00e4iv\u00e4n kuluessa VETUS-j\u00e4lleenmyyj\u00e4lle, jakelijalle tai maahantuojalle.<\/p>\n<p>10.2. Takuu raukeaa mik\u00e4li:<\/p>\n<ul>\n<li>Tuotetta tai sen osaa on k\u00e4ytetty muuhun kuin se on tarkoitettu<\/li>\n<li>Tuote tai sen osa on asennettu tai koottu v\u00e4\u00e4rin<\/li>\n<li>Vika johtuu normaalista ja odotetusta kulumisesta<\/li>\n<li>K\u00e4ytt\u00f6\u00e4, huoltoa ja korjaamista koskevia ohjeita ei ole noudatettu<\/li>\n<li>Periodic maintenance has not been carried out according to the service schedule laid down in the owners handbook, or to the required standards, or using parts that do not meet the original equipment specifications<\/li>\n<li>Tuotteen rakennetta tai s\u00e4\u00e4t\u00f6j\u00e4 on muutettu ilman Vetuksen kirjallista hyv\u00e4ksynt\u00e4\u00e4<\/li>\n<li>Tuotetta on k\u00e4ytetty k\u00e4ytt\u00f6tarkoituksen vastaisesti<\/li>\n<li>Asennuksessa on k\u00e4ytetty muita kuin alkuper\u00e4siosia<\/li>\n<li>Vikasta ei ole ilmoitettu kirjallisesti j\u00e4lleenmyyj\u00e4lle, O.E.M: lle (Original Equipment Manufacturer), maahantuojalle tai Vetukselle: lle 14 p\u00e4iv\u00e4n kuluessa vian havaitsemisesta<\/li>\n<\/ul>\n<p>10.3. Takuu ei kata:<\/p>\n<ul>\n<li>Viat, jotka eiv\u00e4t johdu materiaali- tai rakennevirheist\u00e4<\/li>\n<li>Tavanomaisen kulumisen, sis\u00e4isen tai ulkoisten partikkeleiden, ruosteen, maalivaurioiden, j\u00e4\u00e4tymisen, ylikuumenemisen tai ylikuormituksen aiheuttamat viat<\/li>\n<li>Kuljetuksen, jakelun tai varastoinnin aikana aiheutuneet vahingot<\/li>\n<li>Ei-valtuutetun huoltopisteen suorittamat korjaukset<\/li>\n<li>Materiaalit tai menettelyt, joita k\u00e4ytet\u00e4\u00e4n omistajan pyynn\u00f6st\u00e4, mutta joita ei yleens\u00e4 toimiteta<br \/>\nTarkastukset tai vastaavat ammatilliset toimenpiteet, jotka suoritetaan ilman Vetuksen etuk\u00e4teen antamaa kirjallista lupaa<\/li>\n<li>Kulumiselle alttiit osat, kuten suodattimet, tiivisteet, suuttimet, voiteluaineet, termostaatit, maali, letkut, hiiliharjat, hehkutulpat, kiilahihnat ja siipipy\u00f6r\u00e4t<\/li>\n<li>Lis\u00e4kustannuksia kuten kuljetus-, matka- ja majoituskustannukset, ajan menetys, omaisuuden menetys, k\u00e4yt\u00f6n menetys tai tuotteen saataville saattamisesta aiheutuvat kustannukset, nosto- ja telakointikustannukset, henkil\u00f6vahingoista tai omaisuuden menetyksest\u00e4 johtuvat vahingot<\/li>\n<\/ul>\n<h6>Artikla 11<\/h6>\n<p>11.1. Takuu on voimassa ainoastaan, mik\u00e4li j\u00e4lleenmyyj\u00e4 tai asentaja on t\u00e4ytt\u00e4nyt asennuslomakkeet ja palauttanut ne VETUS B.V.: n huolto-osastolle 14 p\u00e4iv\u00e4n kuluessa tuotteen k\u00e4ytt\u00f6\u00f6notosta.<\/p>\n                                <\/div>\n                            \n                                                    <\/div>\n                    <\/div>\n                <\/div>\n            <\/div>\n        <\/div>\n    <\/section><\/section>","protected":false},"excerpt":{"rendered":"<p>Annamme vakiona 3 vuoden takuun laitteille ja 5 vuoden takuun moottoreille.<\/p>\n","protected":false},"author":31,"featured_media":16962,"parent":3560,"menu_order":105,"comment_status":"closed","ping_status":"closed","template":"tpl-basic.php","meta":{"_acf_changed":false,"footnotes":""},"class_list":["post-3400","page","type-page","status-publish","has-post-thumbnail","hentry"],"acf":{"introduction":"","person":false},"yoast_head":"<!-- This site is optimized with the Yoast SEO Premium plugin v27.3 (Yoast SEO v27.3) - https:\/\/yoast.com\/product\/yoast-seo-premium-wordpress\/ -->\n<title>VETUS Takuuehdot - VETUS<\/title>\n<meta name=\"robots\" content=\"index, follow, max-snippet:-1, max-image-preview:large, max-video-preview:-1\" \/>\n<link rel=\"canonical\" href=\"https:\/\/vetus.com\/fi\/palvelu-tuki\/vetus-takuuehdot\/\" \/>\n<meta property=\"og:locale\" content=\"fi_FI\" \/>\n<meta property=\"og:type\" content=\"article\" \/>\n<meta property=\"og:title\" content=\"VETUS Takuuehdot\" \/>\n<meta property=\"og:description\" content=\"Annamme vakiona 3 vuoden takuun laitteille ja 5 vuoden takuun moottoreille.\" \/>\n<meta property=\"og:url\" content=\"https:\/\/vetus.com\/fi\/palvelu-tuki\/vetus-takuuehdot\/\" \/>\n<meta property=\"og:site_name\" content=\"VETUS\" \/>\n<meta property=\"article:modified_time\" content=\"2021-07-22T05:57:35+00:00\" \/>\n<meta property=\"og:image\" content=\"https:\/\/vetus.com\/wp-content\/uploads\/3_5_jaargarantie_ServiceSupportPage_3x2-3.png\" \/>\n\t<meta property=\"og:image:width\" content=\"1200\" \/>\n\t<meta property=\"og:image:height\" content=\"800\" \/>\n\t<meta property=\"og:image:type\" content=\"image\/png\" \/>\n<meta name=\"twitter:card\" content=\"summary_large_image\" \/>\n<script type=\"application\/ld+json\" class=\"yoast-schema-graph\">{\"@context\":\"https:\\\/\\\/schema.org\",\"@graph\":[{\"@type\":\"WebPage\",\"@id\":\"https:\\\/\\\/vetus.com\\\/fi\\\/palvelu-tuki\\\/vetus-takuuehdot\\\/\",\"url\":\"https:\\\/\\\/vetus.com\\\/fi\\\/palvelu-tuki\\\/vetus-takuuehdot\\\/\",\"name\":\"VETUS Takuuehdot - VETUS\",\"isPartOf\":{\"@id\":\"https:\\\/\\\/vetus.com\\\/fi\\\/#website\"},\"primaryImageOfPage\":{\"@id\":\"https:\\\/\\\/vetus.com\\\/fi\\\/palvelu-tuki\\\/vetus-takuuehdot\\\/#primaryimage\"},\"image\":{\"@id\":\"https:\\\/\\\/vetus.com\\\/fi\\\/palvelu-tuki\\\/vetus-takuuehdot\\\/#primaryimage\"},\"thumbnailUrl\":\"https:\\\/\\\/vetus.com\\\/wp-content\\\/uploads\\\/3_5_jaargarantie_ServiceSupportPage_3x2-3.png\",\"datePublished\":\"2021-03-31T07:14:27+00:00\",\"dateModified\":\"2021-07-22T05:57:35+00:00\",\"breadcrumb\":{\"@id\":\"https:\\\/\\\/vetus.com\\\/fi\\\/palvelu-tuki\\\/vetus-takuuehdot\\\/#breadcrumb\"},\"inLanguage\":\"fi\",\"potentialAction\":[{\"@type\":\"ReadAction\",\"target\":[\"https:\\\/\\\/vetus.com\\\/fi\\\/palvelu-tuki\\\/vetus-takuuehdot\\\/\"]}]},{\"@type\":\"ImageObject\",\"inLanguage\":\"fi\",\"@id\":\"https:\\\/\\\/vetus.com\\\/fi\\\/palvelu-tuki\\\/vetus-takuuehdot\\\/#primaryimage\",\"url\":\"https:\\\/\\\/vetus.com\\\/wp-content\\\/uploads\\\/3_5_jaargarantie_ServiceSupportPage_3x2-3.png\",\"contentUrl\":\"https:\\\/\\\/vetus.com\\\/wp-content\\\/uploads\\\/3_5_jaargarantie_ServiceSupportPage_3x2-3.png\",\"width\":1200,\"height\":800},{\"@type\":\"BreadcrumbList\",\"@id\":\"https:\\\/\\\/vetus.com\\\/fi\\\/palvelu-tuki\\\/vetus-takuuehdot\\\/#breadcrumb\",\"itemListElement\":[{\"@type\":\"ListItem\",\"position\":1,\"name\":\"Home\",\"item\":\"https:\\\/\\\/vetus.com\\\/fi\\\/\"},{\"@type\":\"ListItem\",\"position\":2,\"name\":\"Palvelu &#038; Tuki\",\"item\":\"https:\\\/\\\/vetus.com\\\/fi\\\/palvelu-tuki\\\/\"},{\"@type\":\"ListItem\",\"position\":3,\"name\":\"VETUS Takuuehdot\"}]},{\"@type\":\"WebSite\",\"@id\":\"https:\\\/\\\/vetus.com\\\/fi\\\/#website\",\"url\":\"https:\\\/\\\/vetus.com\\\/fi\\\/\",\"name\":\"VETUS\",\"description\":\"\",\"potentialAction\":[{\"@type\":\"SearchAction\",\"target\":{\"@type\":\"EntryPoint\",\"urlTemplate\":\"https:\\\/\\\/vetus.com\\\/fi\\\/?s={search_term_string}\"},\"query-input\":{\"@type\":\"PropertyValueSpecification\",\"valueRequired\":true,\"valueName\":\"search_term_string\"}}],\"inLanguage\":\"fi\"}]}<\/script>\n<!-- \/ Yoast SEO Premium plugin. -->","yoast_head_json":{"title":"VETUS Takuuehdot - VETUS","robots":{"index":"index","follow":"follow","max-snippet":"max-snippet:-1","max-image-preview":"max-image-preview:large","max-video-preview":"max-video-preview:-1"},"canonical":"https:\/\/vetus.com\/fi\/palvelu-tuki\/vetus-takuuehdot\/","og_locale":"fi_FI","og_type":"article","og_title":"VETUS Takuuehdot","og_description":"Annamme vakiona 3 vuoden takuun laitteille ja 5 vuoden takuun moottoreille.","og_url":"https:\/\/vetus.com\/fi\/palvelu-tuki\/vetus-takuuehdot\/","og_site_name":"VETUS","article_modified_time":"2021-07-22T05:57:35+00:00","og_image":[{"width":1200,"height":800,"url":"https:\/\/vetus.com\/wp-content\/uploads\/3_5_jaargarantie_ServiceSupportPage_3x2-3.png","type":"image\/png"}],"twitter_card":"summary_large_image","schema":{"@context":"https:\/\/schema.org","@graph":[{"@type":"WebPage","@id":"https:\/\/vetus.com\/fi\/palvelu-tuki\/vetus-takuuehdot\/","url":"https:\/\/vetus.com\/fi\/palvelu-tuki\/vetus-takuuehdot\/","name":"VETUS Takuuehdot - VETUS","isPartOf":{"@id":"https:\/\/vetus.com\/fi\/#website"},"primaryImageOfPage":{"@id":"https:\/\/vetus.com\/fi\/palvelu-tuki\/vetus-takuuehdot\/#primaryimage"},"image":{"@id":"https:\/\/vetus.com\/fi\/palvelu-tuki\/vetus-takuuehdot\/#primaryimage"},"thumbnailUrl":"https:\/\/vetus.com\/wp-content\/uploads\/3_5_jaargarantie_ServiceSupportPage_3x2-3.png","datePublished":"2021-03-31T07:14:27+00:00","dateModified":"2021-07-22T05:57:35+00:00","breadcrumb":{"@id":"https:\/\/vetus.com\/fi\/palvelu-tuki\/vetus-takuuehdot\/#breadcrumb"},"inLanguage":"fi","potentialAction":[{"@type":"ReadAction","target":["https:\/\/vetus.com\/fi\/palvelu-tuki\/vetus-takuuehdot\/"]}]},{"@type":"ImageObject","inLanguage":"fi","@id":"https:\/\/vetus.com\/fi\/palvelu-tuki\/vetus-takuuehdot\/#primaryimage","url":"https:\/\/vetus.com\/wp-content\/uploads\/3_5_jaargarantie_ServiceSupportPage_3x2-3.png","contentUrl":"https:\/\/vetus.com\/wp-content\/uploads\/3_5_jaargarantie_ServiceSupportPage_3x2-3.png","width":1200,"height":800},{"@type":"BreadcrumbList","@id":"https:\/\/vetus.com\/fi\/palvelu-tuki\/vetus-takuuehdot\/#breadcrumb","itemListElement":[{"@type":"ListItem","position":1,"name":"Home","item":"https:\/\/vetus.com\/fi\/"},{"@type":"ListItem","position":2,"name":"Palvelu &#038; Tuki","item":"https:\/\/vetus.com\/fi\/palvelu-tuki\/"},{"@type":"ListItem","position":3,"name":"VETUS Takuuehdot"}]},{"@type":"WebSite","@id":"https:\/\/vetus.com\/fi\/#website","url":"https:\/\/vetus.com\/fi\/","name":"VETUS","description":"","potentialAction":[{"@type":"SearchAction","target":{"@type":"EntryPoint","urlTemplate":"https:\/\/vetus.com\/fi\/?s={search_term_string}"},"query-input":{"@type":"PropertyValueSpecification","valueRequired":true,"valueName":"search_term_string"}}],"inLanguage":"fi"}]}},"_links":{"self":[{"href":"https:\/\/vetus.com\/fi\/wp-json\/wp\/v2\/pages\/3400","targetHints":{"allow":["GET"]}}],"collection":[{"href":"https:\/\/vetus.com\/fi\/wp-json\/wp\/v2\/pages"}],"about":[{"href":"https:\/\/vetus.com\/fi\/wp-json\/wp\/v2\/types\/page"}],"author":[{"embeddable":true,"href":"https:\/\/vetus.com\/fi\/wp-json\/wp\/v2\/users\/31"}],"replies":[{"embeddable":true,"href":"https:\/\/vetus.com\/fi\/wp-json\/wp\/v2\/comments?post=3400"}],"version-history":[{"count":0,"href":"https:\/\/vetus.com\/fi\/wp-json\/wp\/v2\/pages\/3400\/revisions"}],"up":[{"embeddable":true,"href":"https:\/\/vetus.com\/fi\/wp-json\/wp\/v2\/pages\/3560"}],"wp:featuredmedia":[{"embeddable":true,"href":"https:\/\/vetus.com\/fi\/wp-json\/wp\/v2\/media\/16962"}],"wp:attachment":[{"href":"https:\/\/vetus.com\/fi\/wp-json\/wp\/v2\/media?parent=3400"}],"curies":[{"name":"wp","href":"https:\/\/api.w.org\/{rel}","templated":true}]}}