{"id":3254,"date":"2021-04-07T12:32:24","date_gmt":"2021-04-07T10:32:24","guid":{"rendered":"https:\/\/vetus.inlinedigital.nl\/cms\/contact-service\/"},"modified":"2022-11-29T10:24:44","modified_gmt":"2022-11-29T08:24:44","slug":"vetus-oksat","status":"publish","type":"page","link":"https:\/\/vetus.com\/fi\/palvelu-tuki\/vetus-oksat\/","title":{"rendered":"VETUS Oksat"},"content":{"rendered":"<section class=\"section \" id=\"contact-service-block_85167791b2cd921868bb7ce1325319ac\">\n    <div class=\"container\">\n        <div class=\"row\">\n            <div class=\"col-lg-3 mb-6 mb-lg-0\">\n                <aside class=\"sidebar-block\">\n\n                    <div class=\"sidebar-block__header d-none\">\n                        <hr>\n\n                        <h5 class=\"sidebar-block__title\">\n                            VETUS Oksat                        <\/h5>\n                    <\/div>\n\n                    <div class=\"sidebar-block__body\">\n                                                    <nav class=\"side-nav side-nav--faq\" role=\"navigation\" aria-label=\"\">\n                                <ul class=\"list-group list-group-flush side-nav__list side-nav__list--styled text-sm\">\n                                                                            <li class=\"list-group-item side-nav__item side-nav__item--styled is-active\">\n                                            <a href=\"https:\/\/vetus.com\/fi\/palvelu-tuki\/vetus-oksat\/\" class=\"side-nav__link side-nav__link--styled\" target=\"\">\n                                                Yleist\u00e4                                                <i class=\"icon icon-keyboard_arrow_right d-block d-lg-none ml-auto pl-5\"><\/i>\n                                            <\/a>\n                                        <\/li>\n                                    \n                                                                            <li class=\"list-group-item side-nav__item side-nav__item--styled \">\n                                            <a href=\"https:\/\/vetus.com\/fi\/palvelu-tuki\/contact-palvelu\/taiwan\/\" class=\"side-nav__link side-nav__link--styled\">\n                                                Aasia                                                <i class=\"icon icon-keyboard_arrow_right d-block d-lg-none ml-auto pl-5\"><\/i>\n                                            <\/a>\n                                        <\/li>\n                                                                            <li class=\"list-group-item side-nav__item side-nav__item--styled \">\n                                            <a href=\"https:\/\/vetus.com\/fi\/palvelu-tuki\/contact-palvelu\/the-netherlands\/\" class=\"side-nav__link side-nav__link--styled\">\n                                                Alankomaat                                                <i class=\"icon icon-keyboard_arrow_right d-block d-lg-none ml-auto pl-5\"><\/i>\n                                            <\/a>\n                                        <\/li>\n                                                                            <li class=\"list-group-item side-nav__item side-nav__item--styled \">\n                                            <a href=\"https:\/\/vetus.com\/fi\/palvelu-tuki\/contact-palvelu\/australia\/\" class=\"side-nav__link side-nav__link--styled\">\n                                                Australia                                                <i class=\"icon icon-keyboard_arrow_right d-block d-lg-none ml-auto pl-5\"><\/i>\n                                            <\/a>\n                                        <\/li>\n                                                                            <li class=\"list-group-item side-nav__item side-nav__item--styled \">\n                                            <a href=\"https:\/\/vetus.com\/fi\/palvelu-tuki\/contact-palvelu\/belgium\/\" class=\"side-nav__link side-nav__link--styled\">\n                                                Belgia                                                <i class=\"icon icon-keyboard_arrow_right d-block d-lg-none ml-auto pl-5\"><\/i>\n                                            <\/a>\n                                        <\/li>\n                                                                            <li class=\"list-group-item side-nav__item side-nav__item--styled \">\n                                            <a href=\"https:\/\/vetus.com\/fi\/palvelu-tuki\/contact-palvelu\/espanja\/\" class=\"side-nav__link side-nav__link--styled\">\n                                                Espanja                                                <i class=\"icon icon-keyboard_arrow_right d-block d-lg-none ml-auto pl-5\"><\/i>\n                                            <\/a>\n                                        <\/li>\n                                                                            <li class=\"list-group-item side-nav__item side-nav__item--styled \">\n                                            <a href=\"https:\/\/vetus.com\/fi\/palvelu-tuki\/contact-palvelu\/etela-afrikka\/\" class=\"side-nav__link side-nav__link--styled\">\n                                                Etel\u00e4-Afrikka                                                <i class=\"icon icon-keyboard_arrow_right d-block d-lg-none ml-auto pl-5\"><\/i>\n                                            <\/a>\n                                        <\/li>\n                                                                            <li class=\"list-group-item side-nav__item side-nav__item--styled \">\n                                            <a href=\"https:\/\/vetus.com\/fi\/palvelu-tuki\/contact-palvelu\/india\/\" class=\"side-nav__link side-nav__link--styled\">\n                                                Intia                                                <i class=\"icon icon-keyboard_arrow_right d-block d-lg-none ml-auto pl-5\"><\/i>\n                                            <\/a>\n                                        <\/li>\n                                                                            <li class=\"list-group-item side-nav__item side-nav__item--styled \">\n                                            <a href=\"https:\/\/vetus.com\/fi\/palvelu-tuki\/contact-palvelu\/italia\/\" class=\"side-nav__link side-nav__link--styled\">\n                                                Italia                                                <i class=\"icon icon-keyboard_arrow_right d-block d-lg-none ml-auto pl-5\"><\/i>\n                                            <\/a>\n                                        <\/li>\n                                                                            <li class=\"list-group-item side-nav__item side-nav__item--styled \">\n                                            <a href=\"https:\/\/vetus.com\/fi\/palvelu-tuki\/contact-palvelu\/puola\/\" class=\"side-nav__link side-nav__link--styled\">\n                                                Puola                                                <i class=\"icon icon-keyboard_arrow_right d-block d-lg-none ml-auto pl-5\"><\/i>\n                                            <\/a>\n                                        <\/li>\n                                                                            <li class=\"list-group-item side-nav__item side-nav__item--styled \">\n                                            <a href=\"https:\/\/vetus.com\/fi\/palvelu-tuki\/contact-palvelu\/portugali\/\" class=\"side-nav__link side-nav__link--styled\">\n                                                Portugali                                                <i class=\"icon icon-keyboard_arrow_right d-block d-lg-none ml-auto pl-5\"><\/i>\n                                            <\/a>\n                                        <\/li>\n                                                                            <li class=\"list-group-item side-nav__item side-nav__item--styled \">\n                                            <a href=\"https:\/\/vetus.com\/fi\/palvelu-tuki\/contact-palvelu\/ranska\/\" class=\"side-nav__link side-nav__link--styled\">\n                                                Ranska                                                <i class=\"icon icon-keyboard_arrow_right d-block d-lg-none ml-auto pl-5\"><\/i>\n                                            <\/a>\n                                        <\/li>\n                                                                            <li class=\"list-group-item side-nav__item side-nav__item--styled \">\n                                            <a href=\"https:\/\/vetus.com\/fi\/palvelu-tuki\/contact-palvelu\/ruotsi\/\" class=\"side-nav__link side-nav__link--styled\">\n                                                Ruotsi                                                <i class=\"icon icon-keyboard_arrow_right d-block d-lg-none ml-auto pl-5\"><\/i>\n                                            <\/a>\n                                        <\/li>\n                                                                            <li class=\"list-group-item side-nav__item side-nav__item--styled \">\n                                            <a href=\"https:\/\/vetus.com\/fi\/palvelu-tuki\/contact-palvelu\/saksa\/\" class=\"side-nav__link side-nav__link--styled\">\n                                                Saksa                                                <i class=\"icon icon-keyboard_arrow_right d-block d-lg-none ml-auto pl-5\"><\/i>\n                                            <\/a>\n                                        <\/li>\n                                                                            <li class=\"list-group-item side-nav__item side-nav__item--styled \">\n                                            <a href=\"https:\/\/vetus.com\/fi\/palvelu-tuki\/contact-palvelu\/suomi\/\" class=\"side-nav__link side-nav__link--styled\">\n                                                Suomi                                                <i class=\"icon icon-keyboard_arrow_right d-block d-lg-none ml-auto pl-5\"><\/i>\n                                            <\/a>\n                                        <\/li>\n                                                                            <li class=\"list-group-item side-nav__item side-nav__item--styled \">\n                                            <a href=\"https:\/\/vetus.com\/fi\/palvelu-tuki\/contact-palvelu\/tanska\/\" class=\"side-nav__link side-nav__link--styled\">\n                                                Tanska                                                <i class=\"icon icon-keyboard_arrow_right d-block d-lg-none ml-auto pl-5\"><\/i>\n                                            <\/a>\n                                        <\/li>\n                                                                            <li class=\"list-group-item side-nav__item side-nav__item--styled \">\n                                            <a href=\"https:\/\/vetus.com\/fi\/palvelu-tuki\/contact-palvelu\/uusi-seelanti\/\" class=\"side-nav__link side-nav__link--styled\">\n                                                Uusi-Seelanti                                                <i class=\"icon icon-keyboard_arrow_right d-block d-lg-none ml-auto pl-5\"><\/i>\n                                            <\/a>\n                                        <\/li>\n                                                                            <li class=\"list-group-item side-nav__item side-nav__item--styled \">\n                                            <a href=\"https:\/\/vetus.com\/fi\/palvelu-tuki\/contact-palvelu\/venaja\/\" class=\"side-nav__link side-nav__link--styled\">\n                                                Ven\u00e4j\u00e4                                                <i class=\"icon icon-keyboard_arrow_right d-block d-lg-none ml-auto pl-5\"><\/i>\n                                            <\/a>\n                                        <\/li>\n                                                                            <li class=\"list-group-item side-nav__item side-nav__item--styled \">\n                                            <a href=\"https:\/\/vetus.com\/fi\/palvelu-tuki\/contact-palvelu\/yhdistynyt-kuningaskunta\/\" class=\"side-nav__link side-nav__link--styled\">\n                                                Yhdistynyt kuningaskunta                                                <i class=\"icon icon-keyboard_arrow_right d-block d-lg-none ml-auto pl-5\"><\/i>\n                                            <\/a>\n                                        <\/li>\n                                                                            <li class=\"list-group-item side-nav__item side-nav__item--styled \">\n                                            <a href=\"https:\/\/vetus.com\/fi\/palvelu-tuki\/contact-palvelu\/yhdysvallat\/\" class=\"side-nav__link side-nav__link--styled\">\n                                                Yhdysvallat                                                <i class=\"icon icon-keyboard_arrow_right d-block d-lg-none ml-auto pl-5\"><\/i>\n                                            <\/a>\n                                        <\/li>\n                                                                    <\/ul>\n                            <\/nav>\n\n                        \n                    <\/div>\n                <\/aside>\n            <\/div>\n\n            <div class=\"col-lg-9\">\n                                    <div class=\"p-5 mb-6 text-white bg-primary\">\n                        <p>VETUS in vahvuus on maailmanlaajuisen verkostomme asiantuntemus. Siksi on eritt\u00e4in t\u00e4rke\u00e4\u00e4, ett\u00e4 otat yhteytt\u00e4 alkuper\u00e4iseen ostopaikkaan, jos sinulla on kysymyksi\u00e4, huolto-ongelmia tai huolenaiheita. Antamalla meille taustatiedot ostostasi ja asennuksestasi voimme tarvittaessa l\u00f6yt\u00e4\u00e4 oikean henkil\u00f6n tiimist\u00e4mme.<\/p>\n<p>Haluatko jakaa kokemuksesi tai oletko yll\u00e4tt\u00e4en tyytym\u00e4t\u00f6n tapaan, jolla sinua autettiin oston yhteydess\u00e4? Auta meit\u00e4 parantamaan organisaatiotamme jakamalla kokemuksesi kanssamme alla olevan lomakkeen kautta.<\/p>\n                                                    <a href=\"https:\/\/vetus.com\/fi\/palvelu-tuki\/yhteydenottolomake\/\" class=\"btn btn-secondary\" title=\"Yhteydenottolomake\" target=\"\">\n                                <span>\n                                    Yhteydenottolomake                                <\/span>\n                            <\/a>\n                                            <\/div>\n                \n                                        <div class=\"box box--contact\">\n                            <div class=\"box__body d-flex flex-column flex-md-row-reverse\">\n                                <div class=\"box__media media\">\n                                                                    <\/div>\n\n                                <div class=\"box__content box__content--contact\">\n                                                                            <div class=\"box__actions actions\">\n                                            <div class=\"btn-group d-flex flex-wrap flex-grow-1 flex-column align-items-start\">\n                                                                                                    <a href=\"http:\/\/tel. +358 207 756 740\" class=\"btn btn-empty btn-empty-reverse\" title=\"+358 207 756 740\" target=\"_blank\" rel=\"oopener noreferrer\">\n                                                        <i class=\"icon icon-local_phone\"><\/i>\n                                                        <span>\n                                                            +358 207 756 740                                                        <\/span>\n                                                    <\/a>\n                                                                                                    <a href=\"mailto:info@vetus.fi\" class=\"btn btn-empty btn-empty-reverse\" target=\"_blank\" rel=\"oopener noreferrer\">\n                                                        <i class=\"icon icon-mail_outline\"><\/i>\n                                                        <span>\n                                                            info@vetus.fi                                                        <\/span>\n                                                    <\/a>\n                                                                                            <\/div>\n                                        <\/div>\n                                                                            <div class=\"box__address\">\n                                            <div class=\"mb-2\">\n                                                <strong>\n                                                                                                        Address\n                                                <\/strong>\n                                            <\/div>\n\n                                            <address class=\"text-sm\">\n                                                VETUS Finland<br \/>\r\nVETUS Oy<br \/>\r\nKilonkallio 3A<br \/>\r\n2610 Espoo<br \/>\r\nFinland                                                                                            <\/address>\n\n                                        <\/div>\n                                                                            <div class=\"box__opening-hours\">\n                                                                                            <div class=\"mb-2\">\n                                                    <strong>\n                                                        Aukioloajat (CEST)                                                    <\/strong>\n                                                <\/div>\n                                            <table style=\"min-width: 75%;\">\n<tbody>\n<tr>\n<td>Maanantai<\/td>\n<td>08:00 &#8211; 16:00<\/td>\n<\/tr>\n<tr>\n<td>Torstai<\/td>\n<td>08:00 &#8211; 16:00<\/td>\n<\/tr>\n<tr>\n<td>Keskiviikko<\/td>\n<td>08:00 &#8211; 16:00<\/td>\n<\/tr>\n<tr>\n<td>Torstai<\/td>\n<td>08:00 &#8211; 16:00<\/td>\n<\/tr>\n<tr>\n<td>Perjantai<\/td>\n<td>08:00 &#8211; 16:00<\/td>\n<\/tr>\n<tr>\n<td>Lauantai<\/td>\n<td>suljettu<\/td>\n<\/tr>\n<tr>\n<td>Sunnuntai<\/td>\n<td>suljettu<\/td>\n<\/tr>\n<\/tbody>\n<\/table>\n\n                                            <div class=\"text-sm mb-2 d-none\">\n                                                Current time (CEST): 14:52\n                                            <\/div>\n                                        <\/div>\n                                    \n\n\n\n                                <\/div>\n                            <\/div>\n                        <\/div>\n                            <\/div>\n        <\/div>\n    <\/div>\n<\/section>\n","protected":false},"excerpt":{"rendered":"<p>Ota yhteytt\u00e4 alkuper\u00e4iseen ostopaikkaan, jos sinulla on kysytt\u00e4v\u00e4\u00e4, palveluongelmia tai huolenaiheita.<\/p>\n","protected":false},"author":31,"featured_media":3255,"parent":3560,"menu_order":98,"comment_status":"closed","ping_status":"closed","template":"tpl-basic.php","meta":{"_acf_changed":false,"footnotes":""},"class_list":["post-3254","page","type-page","status-publish","has-post-thumbnail","hentry"],"acf":{"introduction":"","person":false},"yoast_head":"<!-- This site is optimized with the Yoast SEO Premium plugin v27.4 (Yoast SEO v27.4) - https:\/\/yoast.com\/product\/yoast-seo-premium-wordpress\/ -->\n<title>VETUS Oksat - VETUS<\/title>\n<meta name=\"robots\" content=\"index, follow, max-snippet:-1, max-image-preview:large, max-video-preview:-1\" \/>\n<link rel=\"canonical\" href=\"https:\/\/vetus.com\/fi\/palvelu-tuki\/vetus-oksat\/\" \/>\n<meta property=\"og:locale\" content=\"fi_FI\" \/>\n<meta property=\"og:type\" content=\"article\" \/>\n<meta property=\"og:title\" content=\"VETUS Oksat\" \/>\n<meta property=\"og:description\" content=\"Ota yhteytt\u00e4 alkuper\u00e4iseen ostopaikkaan, jos sinulla on kysytt\u00e4v\u00e4\u00e4, palveluongelmia tai huolenaiheita.\" \/>\n<meta property=\"og:url\" content=\"https:\/\/vetus.com\/fi\/palvelu-tuki\/vetus-oksat\/\" \/>\n<meta property=\"og:site_name\" content=\"VETUS\" \/>\n<meta property=\"article:modified_time\" content=\"2022-11-29T08:24:44+00:00\" \/>\n<meta property=\"og:image\" content=\"https:\/\/vetus.com\/wp-content\/uploads\/featured-contact-service.png\" \/>\n\t<meta property=\"og:image:width\" content=\"1200\" \/>\n\t<meta property=\"og:image:height\" content=\"800\" \/>\n\t<meta property=\"og:image:type\" content=\"image\/png\" \/>\n<meta name=\"twitter:card\" content=\"summary_large_image\" \/>\n<script type=\"application\/ld+json\" class=\"yoast-schema-graph\">{\"@context\":\"https:\\\/\\\/schema.org\",\"@graph\":[{\"@type\":\"WebPage\",\"@id\":\"https:\\\/\\\/vetus.com\\\/fi\\\/palvelu-tuki\\\/vetus-oksat\\\/\",\"url\":\"https:\\\/\\\/vetus.com\\\/fi\\\/palvelu-tuki\\\/vetus-oksat\\\/\",\"name\":\"VETUS Oksat - VETUS\",\"isPartOf\":{\"@id\":\"https:\\\/\\\/vetus.com\\\/fi\\\/#website\"},\"primaryImageOfPage\":{\"@id\":\"https:\\\/\\\/vetus.com\\\/fi\\\/palvelu-tuki\\\/vetus-oksat\\\/#primaryimage\"},\"image\":{\"@id\":\"https:\\\/\\\/vetus.com\\\/fi\\\/palvelu-tuki\\\/vetus-oksat\\\/#primaryimage\"},\"thumbnailUrl\":\"https:\\\/\\\/vetus.com\\\/wp-content\\\/uploads\\\/featured-contact-service.png\",\"datePublished\":\"2021-04-07T10:32:24+00:00\",\"dateModified\":\"2022-11-29T08:24:44+00:00\",\"breadcrumb\":{\"@id\":\"https:\\\/\\\/vetus.com\\\/fi\\\/palvelu-tuki\\\/vetus-oksat\\\/#breadcrumb\"},\"inLanguage\":\"fi\",\"potentialAction\":[{\"@type\":\"ReadAction\",\"target\":[\"https:\\\/\\\/vetus.com\\\/fi\\\/palvelu-tuki\\\/vetus-oksat\\\/\"]}]},{\"@type\":\"ImageObject\",\"inLanguage\":\"fi\",\"@id\":\"https:\\\/\\\/vetus.com\\\/fi\\\/palvelu-tuki\\\/vetus-oksat\\\/#primaryimage\",\"url\":\"https:\\\/\\\/vetus.com\\\/wp-content\\\/uploads\\\/featured-contact-service.png\",\"contentUrl\":\"https:\\\/\\\/vetus.com\\\/wp-content\\\/uploads\\\/featured-contact-service.png\",\"width\":1200,\"height\":800},{\"@type\":\"BreadcrumbList\",\"@id\":\"https:\\\/\\\/vetus.com\\\/fi\\\/palvelu-tuki\\\/vetus-oksat\\\/#breadcrumb\",\"itemListElement\":[{\"@type\":\"ListItem\",\"position\":1,\"name\":\"Home\",\"item\":\"https:\\\/\\\/vetus.com\\\/fi\\\/\"},{\"@type\":\"ListItem\",\"position\":2,\"name\":\"Palvelu &#038; Tuki\",\"item\":\"https:\\\/\\\/vetus.com\\\/fi\\\/palvelu-tuki\\\/\"},{\"@type\":\"ListItem\",\"position\":3,\"name\":\"VETUS Oksat\"}]},{\"@type\":\"WebSite\",\"@id\":\"https:\\\/\\\/vetus.com\\\/fi\\\/#website\",\"url\":\"https:\\\/\\\/vetus.com\\\/fi\\\/\",\"name\":\"VETUS\",\"description\":\"\",\"potentialAction\":[{\"@type\":\"SearchAction\",\"target\":{\"@type\":\"EntryPoint\",\"urlTemplate\":\"https:\\\/\\\/vetus.com\\\/fi\\\/?s={search_term_string}\"},\"query-input\":{\"@type\":\"PropertyValueSpecification\",\"valueRequired\":true,\"valueName\":\"search_term_string\"}}],\"inLanguage\":\"fi\"}]}<\/script>\n<!-- \/ Yoast SEO Premium plugin. -->","yoast_head_json":{"title":"VETUS Oksat - VETUS","robots":{"index":"index","follow":"follow","max-snippet":"max-snippet:-1","max-image-preview":"max-image-preview:large","max-video-preview":"max-video-preview:-1"},"canonical":"https:\/\/vetus.com\/fi\/palvelu-tuki\/vetus-oksat\/","og_locale":"fi_FI","og_type":"article","og_title":"VETUS Oksat","og_description":"Ota yhteytt\u00e4 alkuper\u00e4iseen ostopaikkaan, jos sinulla on kysytt\u00e4v\u00e4\u00e4, palveluongelmia tai huolenaiheita.","og_url":"https:\/\/vetus.com\/fi\/palvelu-tuki\/vetus-oksat\/","og_site_name":"VETUS","article_modified_time":"2022-11-29T08:24:44+00:00","og_image":[{"width":1200,"height":800,"url":"https:\/\/vetus.com\/wp-content\/uploads\/featured-contact-service.png","type":"image\/png"}],"twitter_card":"summary_large_image","schema":{"@context":"https:\/\/schema.org","@graph":[{"@type":"WebPage","@id":"https:\/\/vetus.com\/fi\/palvelu-tuki\/vetus-oksat\/","url":"https:\/\/vetus.com\/fi\/palvelu-tuki\/vetus-oksat\/","name":"VETUS Oksat - VETUS","isPartOf":{"@id":"https:\/\/vetus.com\/fi\/#website"},"primaryImageOfPage":{"@id":"https:\/\/vetus.com\/fi\/palvelu-tuki\/vetus-oksat\/#primaryimage"},"image":{"@id":"https:\/\/vetus.com\/fi\/palvelu-tuki\/vetus-oksat\/#primaryimage"},"thumbnailUrl":"https:\/\/vetus.com\/wp-content\/uploads\/featured-contact-service.png","datePublished":"2021-04-07T10:32:24+00:00","dateModified":"2022-11-29T08:24:44+00:00","breadcrumb":{"@id":"https:\/\/vetus.com\/fi\/palvelu-tuki\/vetus-oksat\/#breadcrumb"},"inLanguage":"fi","potentialAction":[{"@type":"ReadAction","target":["https:\/\/vetus.com\/fi\/palvelu-tuki\/vetus-oksat\/"]}]},{"@type":"ImageObject","inLanguage":"fi","@id":"https:\/\/vetus.com\/fi\/palvelu-tuki\/vetus-oksat\/#primaryimage","url":"https:\/\/vetus.com\/wp-content\/uploads\/featured-contact-service.png","contentUrl":"https:\/\/vetus.com\/wp-content\/uploads\/featured-contact-service.png","width":1200,"height":800},{"@type":"BreadcrumbList","@id":"https:\/\/vetus.com\/fi\/palvelu-tuki\/vetus-oksat\/#breadcrumb","itemListElement":[{"@type":"ListItem","position":1,"name":"Home","item":"https:\/\/vetus.com\/fi\/"},{"@type":"ListItem","position":2,"name":"Palvelu &#038; Tuki","item":"https:\/\/vetus.com\/fi\/palvelu-tuki\/"},{"@type":"ListItem","position":3,"name":"VETUS Oksat"}]},{"@type":"WebSite","@id":"https:\/\/vetus.com\/fi\/#website","url":"https:\/\/vetus.com\/fi\/","name":"VETUS","description":"","potentialAction":[{"@type":"SearchAction","target":{"@type":"EntryPoint","urlTemplate":"https:\/\/vetus.com\/fi\/?s={search_term_string}"},"query-input":{"@type":"PropertyValueSpecification","valueRequired":true,"valueName":"search_term_string"}}],"inLanguage":"fi"}]}},"_links":{"self":[{"href":"https:\/\/vetus.com\/fi\/wp-json\/wp\/v2\/pages\/3254","targetHints":{"allow":["GET"]}}],"collection":[{"href":"https:\/\/vetus.com\/fi\/wp-json\/wp\/v2\/pages"}],"about":[{"href":"https:\/\/vetus.com\/fi\/wp-json\/wp\/v2\/types\/page"}],"author":[{"embeddable":true,"href":"https:\/\/vetus.com\/fi\/wp-json\/wp\/v2\/users\/31"}],"replies":[{"embeddable":true,"href":"https:\/\/vetus.com\/fi\/wp-json\/wp\/v2\/comments?post=3254"}],"version-history":[{"count":0,"href":"https:\/\/vetus.com\/fi\/wp-json\/wp\/v2\/pages\/3254\/revisions"}],"up":[{"embeddable":true,"href":"https:\/\/vetus.com\/fi\/wp-json\/wp\/v2\/pages\/3560"}],"wp:featuredmedia":[{"embeddable":true,"href":"https:\/\/vetus.com\/fi\/wp-json\/wp\/v2\/media\/3255"}],"wp:attachment":[{"href":"https:\/\/vetus.com\/fi\/wp-json\/wp\/v2\/media?parent=3254"}],"curies":[{"name":"wp","href":"https:\/\/api.w.org\/{rel}","templated":true}]}}