{"id":26919,"date":"2021-08-03T14:31:20","date_gmt":"2021-08-03T12:31:20","guid":{"rendered":"https:\/\/vetus.com\/?page_id=26919"},"modified":"2025-12-01T11:24:46","modified_gmt":"2025-12-01T09:24:46","slug":"yhdistyneen-kuningaskunnan-verostrategia","status":"publish","type":"page","link":"https:\/\/vetus.com\/fi\/yhdistyneen-kuningaskunnan-verostrategia\/","title":{"rendered":"Yhdistyneen kuningaskunnan verostrategia"},"content":{"rendered":"\n<section class=\"section  \">\n    \n\n<section id=\"section-text-block-block_f36bb56646b9185c93fd38d7d389812c\" class=\"section text-block \">\n                    <div class=\"section section__body\">\n            <div class=\"text-block\">\n                <div class=\"container\">\n                    <div class=\"row\">\n                        <div class=\"col-lg-8 offset-lg-2\">\n                                                            <div class=\"section__content single__content hentry\">\n                                    <p>T\u00e4m\u00e4 Yhdistyneen kuningaskunnan verostrategia koskee Vetus Limitedi\u00e4, joka on Yanmar konserniin (&#8221;Yanmar&#8221;) kuuluva brittil\u00e4inen yritys. Sen julkaisemisen katsotaan noudattavan vuoden 2016 Finance Act -lain 19 liitteen 2 osaa 31. maaliskuuta 2026 p\u00e4\u00e4ttyv\u00e4ll\u00e4 kaudella.<\/p>\n<p>Yanmar on vuonna 1912 perustettu japanilainen konserni, joka onnistui ensimm\u00e4isen\u00e4 valmistamaan k\u00e4yt\u00e4nn\u00f6llisen kokoisen pienikokoisen dieselmoottorin vuonna 1933. Yrityksen kulmakiven\u00e4 ovat teollisuusdieselmoottorit, ja Yanmar on jatkanut tuotevalikoimansa, palvelujensa ja asiantuntemuksensa laajentamista tarjotakseen kokonaisratkaisuja teollisuuslaitevalmistajana. Pienten ja suurten moottoreiden, maatalouskoneiden ja -laitteistojen, rakennuslaitteiden, energiaj\u00e4rjestelmien, merenkulkulaitteiden, ty\u00f6st\u00f6koneiden ja komponenttien toimittajana Yanmarin maailmanlaajuinen liiketoiminta kattaa seitsem\u00e4n toimialaa.<\/p>\n<p><strong>Vaatimustenmukaisuutta koskeva l\u00e4hestymistapa<\/strong><\/p>\n<p>Yanmarin maailmanlaajuisissa k\u00e4yt\u00e4nnes\u00e4\u00e4nn\u00f6iss\u00e4 korostetaan sidosryhmien luottamuksen s\u00e4ilytt\u00e4misen t\u00e4rkeytt\u00e4 t\u00e4ytt\u00e4m\u00e4ll\u00e4 sosiaalinen vastuu ja noudattamalla kaikkia sovellettavia lakeja ja m\u00e4\u00e4r\u00e4yksi\u00e4. T\u00e4m\u00e4 tukee Yhdistyneen kuningaskunnan verotusta koskevaa l\u00e4hestymistapaamme, joka keskittyy velvoitteidemme t\u00e4ytt\u00e4miseen.<\/p>\n<p><strong>Verohallinto ja riskienhallinta<\/strong><\/p>\n<p>Rutiininomaisia veros\u00e4\u00e4nn\u00f6sten noudattamiseen liittyvi\u00e4 toimia hallinnoidaan paikallisesti. Verohallinnon osa-alueita, jotka vaativat enemm\u00e4n koordinointia (kuten OECD:n periaatteiden mukaisen siirtohinnoittelupolitiikkamme kehitt\u00e4minen ja yll\u00e4pito), valvotaan kuitenkin konsernitasolla.<\/p>\n<p>Verotusta hallinnoidaan alhaisen veroriskinottohalukkuutemme mukaisesti, ja hallitsemme veroriski\u00e4 varmistamalla, ett\u00e4 Yhdistyneen kuningaskunnan veros\u00e4\u00e4nn\u00f6sten noudattamiseen liittyviin toimiin on riitt\u00e4v\u00e4sti resursseja. T\u00e4m\u00e4 tarkoittaa, ett\u00e4 Yhdistyneen kuningaskunnan veros\u00e4\u00e4nn\u00f6sten noudattamiseen osallistuva henkil\u00f6st\u00f6 on asianmukaisesti koulutettua ja p\u00e4tev\u00e4\u00e4 ja ett\u00e4 k\u00e4yt\u00e4mme vain hyv\u00e4maineisia neuvonantajia, jos t\u00e4llaiset toiminnot on ulkoistettu. Konsultoimme my\u00f6s neuvonantajia varmistaaksemme, ett\u00e4 olemme ajan tasalla verolains\u00e4\u00e4d\u00e4nn\u00f6n muutoksista ja pystymme tunnistamaan ja hallitsemaan niihin liittyv\u00e4t riskit.<\/p>\n<p>Yhdistyneen kuningaskunnan verostrategian hyv\u00e4ksyy Yanmar Global Expert Co., Ltd:n kirjanpito- ja hallinto-osaston verotusryhm\u00e4 Japanissa, ja Yhdistyneen kuningaskunnan tyt\u00e4ryhti\u00f6iden hallitukset hyv\u00e4ksyv\u00e4t sen ja panevat sen t\u00e4yt\u00e4nt\u00f6\u00f6n.<\/p>\n<p><strong>Suunnittelu<\/strong><\/p>\n<p>Maalla, merell\u00e4 ja kaupungissa Yanmarin missio &#8221;tarjota kest\u00e4vi\u00e4 ratkaisuja, joissa keskityt\u00e4\u00e4n asiakkaiden kohtaamiin haasteisiin ruoantuotannossa ja voiman hy\u00f6dynt\u00e4misess\u00e4, rikastuttaen n\u00e4in ihmisten el\u00e4m\u00e4\u00e4 kaikkien huomenna el\u00e4vien ihmisten el\u00e4m\u00e4ss\u00e4&#8221; on osoitus Yanmarin p\u00e4\u00e4tt\u00e4v\u00e4isyydest\u00e4 tarjota meille &#8221;KEST\u00c4V\u00c4 TULEVAISUUS&#8221;. Emme ryhdy mihink\u00e4\u00e4n verosuunnitteluun, joka heikent\u00e4\u00e4 sitoutumistamme &#8221;KEST\u00c4V\u00c4\u00c4 TULEVAISUUTTA&#8221; kohtaan. K\u00e4yt\u00e4mme kuitenkin laillisia kannustimia (kuten p\u00e4\u00e4omav\u00e4hennyksi\u00e4), jos niit\u00e4 on saatavilla, jotta voimme hallita verovelkojamme lains\u00e4\u00e4d\u00e4nn\u00f6n tavoitteen mukaisesti.<\/p>\n<p><strong>Veroviranomaisten v\u00e4liset suhteet<\/strong><\/p>\n<p>Vuorovaikutus HMRC:n kanssa rajoittuu yleens\u00e4 hallinnollisiin kyselyihin sen varmistamiseksi, ett\u00e4 HMRC:n odotukset t\u00e4yttyv\u00e4t. Jos HMRC:lt\u00e4 tulee kyselyj\u00e4, vastaamme niihin yhteisty\u00f6ss\u00e4 ja avoimesti.<\/p>\n                                <\/div>\n                            \n                                                    <\/div>\n                    <\/div>\n                <\/div>\n            <\/div>\n        <\/div>\n    <\/section><\/section>","protected":false},"excerpt":{"rendered":"<p>As standard we give 3 years warranty on equipment and 5 years warranty on engines.<\/p>\n","protected":false},"author":7,"featured_media":3401,"parent":0,"menu_order":171,"comment_status":"closed","ping_status":"closed","template":"tpl-basic.php","meta":{"_acf_changed":false,"footnotes":""},"class_list":["post-26919","page","type-page","status-publish","has-post-thumbnail","hentry"],"acf":{"introduction":"","person":false},"yoast_head":"<!-- This site is optimized with the Yoast SEO Premium plugin v27.4 (Yoast SEO v27.4) - https:\/\/yoast.com\/product\/yoast-seo-premium-wordpress\/ -->\n<title>Yhdistyneen kuningaskunnan verostrategia - VETUS<\/title>\n<meta name=\"robots\" content=\"index, follow, max-snippet:-1, max-image-preview:large, max-video-preview:-1\" \/>\n<link rel=\"canonical\" href=\"https:\/\/vetus.com\/fi\/yhdistyneen-kuningaskunnan-verostrategia\/\" \/>\n<meta property=\"og:locale\" content=\"fi_FI\" \/>\n<meta property=\"og:type\" content=\"article\" \/>\n<meta property=\"og:title\" content=\"Yhdistyneen kuningaskunnan verostrategia\" \/>\n<meta property=\"og:description\" content=\"As standard we give 3 years warranty on equipment and 5 years warranty on engines.\" \/>\n<meta property=\"og:url\" content=\"https:\/\/vetus.com\/fi\/yhdistyneen-kuningaskunnan-verostrategia\/\" \/>\n<meta property=\"og:site_name\" content=\"VETUS\" \/>\n<meta property=\"article:modified_time\" content=\"2025-12-01T09:24:46+00:00\" \/>\n<meta property=\"og:image\" content=\"https:\/\/vetus.com\/wp-content\/uploads\/featured-warranty-3-5-years.png\" \/>\n\t<meta property=\"og:image:width\" content=\"1200\" \/>\n\t<meta property=\"og:image:height\" content=\"800\" \/>\n\t<meta property=\"og:image:type\" content=\"image\/png\" \/>\n<meta name=\"twitter:card\" content=\"summary_large_image\" \/>\n<meta name=\"twitter:label1\" content=\"Arvioitu lukuaika\" \/>\n\t<meta name=\"twitter:data1\" content=\"2 minuuttia\" \/>\n<script type=\"application\/ld+json\" class=\"yoast-schema-graph\">{\"@context\":\"https:\\\/\\\/schema.org\",\"@graph\":[{\"@type\":\"WebPage\",\"@id\":\"https:\\\/\\\/vetus.com\\\/fi\\\/yhdistyneen-kuningaskunnan-verostrategia\\\/\",\"url\":\"https:\\\/\\\/vetus.com\\\/fi\\\/yhdistyneen-kuningaskunnan-verostrategia\\\/\",\"name\":\"Yhdistyneen kuningaskunnan verostrategia - VETUS\",\"isPartOf\":{\"@id\":\"https:\\\/\\\/vetus.com\\\/fi\\\/#website\"},\"primaryImageOfPage\":{\"@id\":\"https:\\\/\\\/vetus.com\\\/fi\\\/yhdistyneen-kuningaskunnan-verostrategia\\\/#primaryimage\"},\"image\":{\"@id\":\"https:\\\/\\\/vetus.com\\\/fi\\\/yhdistyneen-kuningaskunnan-verostrategia\\\/#primaryimage\"},\"thumbnailUrl\":\"https:\\\/\\\/vetus.com\\\/wp-content\\\/uploads\\\/featured-warranty-3-5-years.png\",\"datePublished\":\"2021-08-03T12:31:20+00:00\",\"dateModified\":\"2025-12-01T09:24:46+00:00\",\"breadcrumb\":{\"@id\":\"https:\\\/\\\/vetus.com\\\/fi\\\/yhdistyneen-kuningaskunnan-verostrategia\\\/#breadcrumb\"},\"inLanguage\":\"fi\",\"potentialAction\":[{\"@type\":\"ReadAction\",\"target\":[\"https:\\\/\\\/vetus.com\\\/fi\\\/yhdistyneen-kuningaskunnan-verostrategia\\\/\"]}]},{\"@type\":\"ImageObject\",\"inLanguage\":\"fi\",\"@id\":\"https:\\\/\\\/vetus.com\\\/fi\\\/yhdistyneen-kuningaskunnan-verostrategia\\\/#primaryimage\",\"url\":\"https:\\\/\\\/vetus.com\\\/wp-content\\\/uploads\\\/featured-warranty-3-5-years.png\",\"contentUrl\":\"https:\\\/\\\/vetus.com\\\/wp-content\\\/uploads\\\/featured-warranty-3-5-years.png\",\"width\":1200,\"height\":800},{\"@type\":\"BreadcrumbList\",\"@id\":\"https:\\\/\\\/vetus.com\\\/fi\\\/yhdistyneen-kuningaskunnan-verostrategia\\\/#breadcrumb\",\"itemListElement\":[{\"@type\":\"ListItem\",\"position\":1,\"name\":\"Home\",\"item\":\"https:\\\/\\\/vetus.com\\\/fi\\\/\"},{\"@type\":\"ListItem\",\"position\":2,\"name\":\"Yhdistyneen kuningaskunnan verostrategia\"}]},{\"@type\":\"WebSite\",\"@id\":\"https:\\\/\\\/vetus.com\\\/fi\\\/#website\",\"url\":\"https:\\\/\\\/vetus.com\\\/fi\\\/\",\"name\":\"VETUS\",\"description\":\"\",\"potentialAction\":[{\"@type\":\"SearchAction\",\"target\":{\"@type\":\"EntryPoint\",\"urlTemplate\":\"https:\\\/\\\/vetus.com\\\/fi\\\/?s={search_term_string}\"},\"query-input\":{\"@type\":\"PropertyValueSpecification\",\"valueRequired\":true,\"valueName\":\"search_term_string\"}}],\"inLanguage\":\"fi\"}]}<\/script>\n<!-- \/ Yoast SEO Premium plugin. -->","yoast_head_json":{"title":"Yhdistyneen kuningaskunnan verostrategia - VETUS","robots":{"index":"index","follow":"follow","max-snippet":"max-snippet:-1","max-image-preview":"max-image-preview:large","max-video-preview":"max-video-preview:-1"},"canonical":"https:\/\/vetus.com\/fi\/yhdistyneen-kuningaskunnan-verostrategia\/","og_locale":"fi_FI","og_type":"article","og_title":"Yhdistyneen kuningaskunnan verostrategia","og_description":"As standard we give 3 years warranty on equipment and 5 years warranty on engines.","og_url":"https:\/\/vetus.com\/fi\/yhdistyneen-kuningaskunnan-verostrategia\/","og_site_name":"VETUS","article_modified_time":"2025-12-01T09:24:46+00:00","og_image":[{"width":1200,"height":800,"url":"https:\/\/vetus.com\/wp-content\/uploads\/featured-warranty-3-5-years.png","type":"image\/png"}],"twitter_card":"summary_large_image","twitter_misc":{"Arvioitu lukuaika":"2 minuuttia"},"schema":{"@context":"https:\/\/schema.org","@graph":[{"@type":"WebPage","@id":"https:\/\/vetus.com\/fi\/yhdistyneen-kuningaskunnan-verostrategia\/","url":"https:\/\/vetus.com\/fi\/yhdistyneen-kuningaskunnan-verostrategia\/","name":"Yhdistyneen kuningaskunnan verostrategia - VETUS","isPartOf":{"@id":"https:\/\/vetus.com\/fi\/#website"},"primaryImageOfPage":{"@id":"https:\/\/vetus.com\/fi\/yhdistyneen-kuningaskunnan-verostrategia\/#primaryimage"},"image":{"@id":"https:\/\/vetus.com\/fi\/yhdistyneen-kuningaskunnan-verostrategia\/#primaryimage"},"thumbnailUrl":"https:\/\/vetus.com\/wp-content\/uploads\/featured-warranty-3-5-years.png","datePublished":"2021-08-03T12:31:20+00:00","dateModified":"2025-12-01T09:24:46+00:00","breadcrumb":{"@id":"https:\/\/vetus.com\/fi\/yhdistyneen-kuningaskunnan-verostrategia\/#breadcrumb"},"inLanguage":"fi","potentialAction":[{"@type":"ReadAction","target":["https:\/\/vetus.com\/fi\/yhdistyneen-kuningaskunnan-verostrategia\/"]}]},{"@type":"ImageObject","inLanguage":"fi","@id":"https:\/\/vetus.com\/fi\/yhdistyneen-kuningaskunnan-verostrategia\/#primaryimage","url":"https:\/\/vetus.com\/wp-content\/uploads\/featured-warranty-3-5-years.png","contentUrl":"https:\/\/vetus.com\/wp-content\/uploads\/featured-warranty-3-5-years.png","width":1200,"height":800},{"@type":"BreadcrumbList","@id":"https:\/\/vetus.com\/fi\/yhdistyneen-kuningaskunnan-verostrategia\/#breadcrumb","itemListElement":[{"@type":"ListItem","position":1,"name":"Home","item":"https:\/\/vetus.com\/fi\/"},{"@type":"ListItem","position":2,"name":"Yhdistyneen kuningaskunnan verostrategia"}]},{"@type":"WebSite","@id":"https:\/\/vetus.com\/fi\/#website","url":"https:\/\/vetus.com\/fi\/","name":"VETUS","description":"","potentialAction":[{"@type":"SearchAction","target":{"@type":"EntryPoint","urlTemplate":"https:\/\/vetus.com\/fi\/?s={search_term_string}"},"query-input":{"@type":"PropertyValueSpecification","valueRequired":true,"valueName":"search_term_string"}}],"inLanguage":"fi"}]}},"_links":{"self":[{"href":"https:\/\/vetus.com\/fi\/wp-json\/wp\/v2\/pages\/26919","targetHints":{"allow":["GET"]}}],"collection":[{"href":"https:\/\/vetus.com\/fi\/wp-json\/wp\/v2\/pages"}],"about":[{"href":"https:\/\/vetus.com\/fi\/wp-json\/wp\/v2\/types\/page"}],"author":[{"embeddable":true,"href":"https:\/\/vetus.com\/fi\/wp-json\/wp\/v2\/users\/7"}],"replies":[{"embeddable":true,"href":"https:\/\/vetus.com\/fi\/wp-json\/wp\/v2\/comments?post=26919"}],"version-history":[{"count":3,"href":"https:\/\/vetus.com\/fi\/wp-json\/wp\/v2\/pages\/26919\/revisions"}],"predecessor-version":[{"id":117803,"href":"https:\/\/vetus.com\/fi\/wp-json\/wp\/v2\/pages\/26919\/revisions\/117803"}],"wp:featuredmedia":[{"embeddable":true,"href":"https:\/\/vetus.com\/fi\/wp-json\/wp\/v2\/media\/3401"}],"wp:attachment":[{"href":"https:\/\/vetus.com\/fi\/wp-json\/wp\/v2\/media?parent=26919"}],"curies":[{"name":"wp","href":"https:\/\/api.w.org\/{rel}","templated":true}]}}