{"id":26266,"date":"2021-08-02T10:17:39","date_gmt":"2021-08-02T08:17:39","guid":{"rendered":"https:\/\/vetus.com\/vetus-catalogue\/"},"modified":"2026-01-23T10:19:09","modified_gmt":"2026-01-23T08:19:09","slug":"vetus-catalogue","status":"publish","type":"page","link":"https:\/\/vetus.com\/fi\/vetus-catalogue\/","title":{"rendered":"Catalogue"},"content":{"rendered":"\n<section class=\"section  \">\n    \n\n<section id=\"section-text-block-block_7a494b738679d73d1417267d5a795fa3\" class=\"section text-block \">\n                    <div class=\"section section__body\">\n            <div class=\"text-block\">\n                <div class=\"container\">\n                    <div class=\"row\">\n                        <div class=\"col-12\">\n                            \n                                                            <div class=\"section__actions text-block__actions actions\">\n                                    <div class=\"btn-group d-flex flex-wrap justify-content-center\">\n                                                                                    <a href=\"https:\/\/vetus.com\/fi\/luettelot-kaikilla-kielilla\/\" class=\"btn btn-primary\" title=\"\" target=\"_blank\">\n                                                <span>Lataa VETUS-luettelo<\/span>\n                                            <\/a>\n                                        \n                                                                            <\/div>\n                                <\/div>\n                                                    <\/div>\n                    <\/div>\n                <\/div>\n            <\/div>\n        <\/div>\n    <\/section>\n<section id=\"content-block-1-block_7a494b738679d73d1417267d5a795fa3\" class=\"section content-block content-block--image \">\n    <div class=\"container\">\n        <div class=\"row d-flex align-items-center\">\n\n            <div class=\"col-md-6 col-lg-7\">\n                                    <div class=\"content-block__visuals\">\n                        <div class=\"content-block__media media--clipped media ratio\">\n                            <div class=\"media__wrapper\">\n                                <img decoding=\"async\" width=\"690\" height=\"460\" src=\"https:\/\/vetus.com\/wp-content\/uploads\/DSCF9815-690x460.jpg\" class=\"media__source img-fit\" alt=\"\" srcset=\"https:\/\/vetus.com\/wp-content\/uploads\/DSCF9815-690x460.jpg 690w, https:\/\/vetus.com\/wp-content\/uploads\/DSCF9815-300x200.jpg 300w, https:\/\/vetus.com\/wp-content\/uploads\/DSCF9815-768x512.jpg 768w, https:\/\/vetus.com\/wp-content\/uploads\/DSCF9815-210x140.jpg 210w, https:\/\/vetus.com\/wp-content\/uploads\/DSCF9815-330x220.jpg 330w, https:\/\/vetus.com\/wp-content\/uploads\/DSCF9815-431x287.jpg 431w, https:\/\/vetus.com\/wp-content\/uploads\/DSCF9815-507x338.jpg 507w, https:\/\/vetus.com\/wp-content\/uploads\/DSCF9815-530x353.jpg 530w, https:\/\/vetus.com\/wp-content\/uploads\/DSCF9815-930x620.jpg 930w, https:\/\/vetus.com\/wp-content\/uploads\/DSCF9815-1170x780.jpg 1170w\" sizes=\"auto, (max-width: 575.98px) 431px, (max-width: 767.98px) 530px, (max-width: 991.98px) 330px, (max-width: 1279.98px) 530px, (max-width: 1899.98px) 690px, 930px\" loading=\"lazy\" \/>                            <\/div>\n                        <\/div>\n                    <\/div>\n                            <\/div>\n\n            <div class=\"col-md-6 col-lg-4 offset-lg-1\">\n                <div class=\"content-block__body\">\n                                            <h3 class=\"content-block__title\">\n                            Yli kuusikymment\u00e4 vuotta kokonaisvaltaisten venesysteemien kehitt\u00e4mist\u00e4                        <\/h3>\n                    \n                    \n                                            <p data-start=\"1094\" data-end=\"1451\">Jo yli kuusikymmenen vuoden ajan VETUS on ollut luotettu asiantuntija kokonaisvaltaisten venesysteemien suunnittelussa \u2013 j\u00e4rjestelmien, jotka toimivat yhdess\u00e4 vaivattomalla harmoniaa. Jokainen komponentti on suunniteltu tarkasti ja kehitetty yhdistym\u00e4\u00e4n saumattomasti muuhun j\u00e4rjestelm\u00e4\u00e4n, mik\u00e4 varmistaa suorituskyvyn, luotettavuuden ja mukavuuden vesill\u00e4.<\/p>\n<p data-start=\"1453\" data-end=\"1880\">VETUS on jokaisen veneilij\u00e4n t\u00e4ydellinen yhden luukun ratkaisu \u2013 tarvitsetpa sitten kokonaisen propulsioj\u00e4rjestelm\u00e4n tai pelk\u00e4n vesilukon. Olemme neuvova kumppani, jolla on syv\u00e4llinen tekninen ja markkinatuntemus, ja jota tukee globaali verkosto sek\u00e4 palvelutaso, joka on aidosti vailla vertaansa. VETUS on veneilij\u00f6iden rakentama veneilij\u00f6ille, intohimosta tehd\u00e4 jokaisesta matkasta turvallisempi, sujuvampi ja miellytt\u00e4v\u00e4mpi.<\/p>\n                    \t\t\t\t\t\n                                    <\/div>\n            <\/div>\n        <\/div>\n    <\/div>\n<\/section>\n<section id=\"call-to-action-1-block_7a494b738679d73d1417267d5a795fa3\" class=\"section cta cta--default  \">\n    <div class=\"container\">\n        <div class=\"cta__inner bg-primary text-white text-center\">\n            <div class=\"row d-flex align-items-center\">\n                <div class=\"col-lg-5\">\n                                            <div class=\"cta__visuals\">\n                            <div class=\"cta__media media--clipped media ratio\">\n                                <div class=\"media__wrapper media__wrapper--colored\">\n                                    <img decoding=\"async\" width=\"690\" height=\"460\" src=\"https:\/\/vetus.com\/wp-content\/uploads\/DSCF9830-690x460.jpg\" class=\"media__source img-fit\" alt=\"\" srcset=\"https:\/\/vetus.com\/wp-content\/uploads\/DSCF9830-690x460.jpg 690w, https:\/\/vetus.com\/wp-content\/uploads\/DSCF9830-300x200.jpg 300w, https:\/\/vetus.com\/wp-content\/uploads\/DSCF9830-768x512.jpg 768w, https:\/\/vetus.com\/wp-content\/uploads\/DSCF9830-210x140.jpg 210w, https:\/\/vetus.com\/wp-content\/uploads\/DSCF9830-330x220.jpg 330w, https:\/\/vetus.com\/wp-content\/uploads\/DSCF9830-431x287.jpg 431w, https:\/\/vetus.com\/wp-content\/uploads\/DSCF9830-507x338.jpg 507w, https:\/\/vetus.com\/wp-content\/uploads\/DSCF9830-530x353.jpg 530w, https:\/\/vetus.com\/wp-content\/uploads\/DSCF9830-930x620.jpg 930w, https:\/\/vetus.com\/wp-content\/uploads\/DSCF9830-1170x780.jpg 1170w\" sizes=\"auto, (max-width: 575.98px) 431px, (max-width: 767.98px) 530px, (max-width: 991.98px) 690px, (max-width: 1279.98px) 330px, (max-width: 1899.98px) 431px, 507px\" loading=\"lazy\" \/>                                <\/div>\n                            <\/div>\n                        <\/div>\n                                    <\/div>\n\n                <div class=\"col-lg-7\">\n                    <div class=\"w-100 px-lg-4\">\n                        <div class=\"cta__body\">\n                                                                                        <h3 class=\"cta__title\">\n                                    Delivering boat systems                                <\/h3>\n                                                        \n                                                            <div class=\"cta__actions actions\">\n                                    <div class=\"btn-group d-flex flex-wrap justify-content-center\">\n                                        <a href=\"https:\/\/vetus.com\/fi\/pyyda-luetteloa\/\" class=\"btn btn-sm btn-white btn-empty btn-empty-primary d-flex d-md-none\" title=\"\" target=\"\">\n                                            <span>\n                                                <span>Hard copy request<\/span>\n                                            <\/span>\n                                            <i class=\"icon icon-play_circle_outline\"><\/i>\n                                        <\/a>\n\n                                        <a href=\"https:\/\/vetus.com\/fi\/pyyda-luetteloa\/\" class=\"btn btn-secondary d-none d-md-flex\" title=\"\" target=\"\">\n                                            <span>\n                                                <span>Hard copy request<\/span>\n                                            <\/span>\n                                            <i class=\"icon icon-play_circle_outline\"><\/i>\n                                        <\/a>\n                                    <\/div>\n                                <\/div>\n                                                    <\/div>\n                    <\/div>\n                <\/div>\n            <\/div>\n        <\/div>\n    <\/div>\n<\/section>\n    <section id=\"posts-block_7a494b738679d73d1417267d5a795fa3\" class=\"section cards cards--cat-alt \">\n                <div class=\"section__body cards__body\">\n            <div class=\"container\">\n                <div class=\"row row--col-margin-medium\">\n                                                <div class=\"col-12 col-md-4\">\n                                <a href=\"https:\/\/vetus.com\/fi\/sahkoinen-veneily\/\" class=\"card card--cat-alt\" target=\"\">\n                                    <div class=\"card__header\">\n                                        \n\n                                        <div class=\"card__action\">\n                                            <span class=\"btn btn-empty btn-empty-primary\">\n                                                <span>\n                                                    S\u00e4hk\u00f6inen veneily                                                <\/span>\n                                            <\/span>\n                                        <\/div>\n                                    <\/div>\n\n                                                                            <div class=\"card__body\">\n                                            <div class=\"card__media media media--clipped ratio\">\n                                                <div class=\"media__wrapper\">\n                                                    <img decoding=\"async\" width=\"431\" height=\"201\" src=\"https:\/\/vetus.com\/wp-content\/uploads\/shutterstock_1654078396_1536x716-431x201.png\" class=\"media__source img-fit\" alt=\"\" srcset=\"https:\/\/vetus.com\/wp-content\/uploads\/shutterstock_1654078396_1536x716-431x201.png 431w, https:\/\/vetus.com\/wp-content\/uploads\/shutterstock_1654078396_1536x716-300x140.png 300w, https:\/\/vetus.com\/wp-content\/uploads\/shutterstock_1654078396_1536x716-768x358.png 768w, https:\/\/vetus.com\/wp-content\/uploads\/shutterstock_1654078396_1536x716-210x98.png 210w, https:\/\/vetus.com\/wp-content\/uploads\/shutterstock_1654078396_1536x716-330x154.png 330w, https:\/\/vetus.com\/wp-content\/uploads\/shutterstock_1654078396_1536x716-507x236.png 507w, https:\/\/vetus.com\/wp-content\/uploads\/shutterstock_1654078396_1536x716-530x247.png 530w, https:\/\/vetus.com\/wp-content\/uploads\/shutterstock_1654078396_1536x716-690x322.png 690w, https:\/\/vetus.com\/wp-content\/uploads\/shutterstock_1654078396_1536x716-930x434.png 930w, https:\/\/vetus.com\/wp-content\/uploads\/shutterstock_1654078396_1536x716-1170x545.png 1170w, https:\/\/vetus.com\/wp-content\/uploads\/shutterstock_1654078396_1536x716.png 1536w\" sizes=\"auto, (max-width: 575.98px) 330px, (max-width: 767.98px) 210px, (max-width: 991.98px) 330px, (max-width: 1279.98px) 330px, (max-width: 1899.98px) 330px, 431px\" loading=\"lazy\" \/>                                                <\/div>\n                                            <\/div>\n                                        <\/div>\n                                    \n\n                                <\/a>\n                            <\/div>\n                        \n                                                <div class=\"col-12 col-md-4\">\n                                <a href=\"https:\/\/vetus.com\/fi\/vetusin-keula-ja-perapotkurit\/\" class=\"card card--cat-alt\" target=\"\">\n                                    <div class=\"card__header\">\n                                        \n\n                                        <div class=\"card__action\">\n                                            <span class=\"btn btn-empty btn-empty-primary\">\n                                                <span>\n                                                    Vaivaton veneen k\u00e4sittely                                                <\/span>\n                                            <\/span>\n                                        <\/div>\n                                    <\/div>\n\n                                                                            <div class=\"card__body\">\n                                            <div class=\"card__media media media--clipped ratio\">\n                                                <div class=\"media__wrapper\">\n                                                    <img decoding=\"async\" width=\"431\" height=\"287\" src=\"https:\/\/vetus.com\/wp-content\/uploads\/shutterstock_1188320323-431x287.jpg\" class=\"media__source img-fit\" alt=\"VETUS BOW PRO Sailing\" srcset=\"https:\/\/vetus.com\/wp-content\/uploads\/shutterstock_1188320323-431x287.jpg 431w, https:\/\/vetus.com\/wp-content\/uploads\/shutterstock_1188320323-300x200.jpg 300w, https:\/\/vetus.com\/wp-content\/uploads\/shutterstock_1188320323-768x512.jpg 768w, https:\/\/vetus.com\/wp-content\/uploads\/shutterstock_1188320323-210x140.jpg 210w, https:\/\/vetus.com\/wp-content\/uploads\/shutterstock_1188320323-330x220.jpg 330w, https:\/\/vetus.com\/wp-content\/uploads\/shutterstock_1188320323-507x338.jpg 507w, https:\/\/vetus.com\/wp-content\/uploads\/shutterstock_1188320323-530x353.jpg 530w, https:\/\/vetus.com\/wp-content\/uploads\/shutterstock_1188320323-690x460.jpg 690w, https:\/\/vetus.com\/wp-content\/uploads\/shutterstock_1188320323-930x620.jpg 930w, https:\/\/vetus.com\/wp-content\/uploads\/shutterstock_1188320323-1170x780.jpg 1170w\" sizes=\"auto, (max-width: 575.98px) 330px, (max-width: 767.98px) 210px, (max-width: 991.98px) 330px, (max-width: 1279.98px) 330px, (max-width: 1899.98px) 330px, 431px\" loading=\"lazy\" \/>                                                <\/div>\n                                            <\/div>\n                                        <\/div>\n                                    \n\n                                <\/a>\n                            <\/div>\n                        \n                                                <div class=\"col-12 col-md-4\">\n                                <a href=\"https:\/\/vetus.com\/confident-anchoring\/\" class=\"card card--cat-alt\" target=\"\">\n                                    <div class=\"card__header\">\n                                        \n\n                                        <div class=\"card__action\">\n                                            <span class=\"btn btn-empty btn-empty-primary\">\n                                                <span>\n                                                    Varmatoiminen ankkurointi Maxwellin kanssa                                                <\/span>\n                                            <\/span>\n                                        <\/div>\n                                    <\/div>\n\n                                                                            <div class=\"card__body\">\n                                            <div class=\"card__media media media--clipped ratio\">\n                                                <div class=\"media__wrapper\">\n                                                    <img decoding=\"async\" width=\"431\" height=\"287\" src=\"https:\/\/vetus.com\/wp-content\/uploads\/maxwell_websitecampaign_900x600-431x287.jpg\" class=\"media__source img-fit\" alt=\"\" srcset=\"https:\/\/vetus.com\/wp-content\/uploads\/maxwell_websitecampaign_900x600-431x287.jpg 431w, https:\/\/vetus.com\/wp-content\/uploads\/maxwell_websitecampaign_900x600-300x200.jpg 300w, https:\/\/vetus.com\/wp-content\/uploads\/maxwell_websitecampaign_900x600-768x512.jpg 768w, https:\/\/vetus.com\/wp-content\/uploads\/maxwell_websitecampaign_900x600-210x140.jpg 210w, https:\/\/vetus.com\/wp-content\/uploads\/maxwell_websitecampaign_900x600-330x220.jpg 330w, https:\/\/vetus.com\/wp-content\/uploads\/maxwell_websitecampaign_900x600-507x338.jpg 507w, https:\/\/vetus.com\/wp-content\/uploads\/maxwell_websitecampaign_900x600-530x353.jpg 530w, https:\/\/vetus.com\/wp-content\/uploads\/maxwell_websitecampaign_900x600-690x460.jpg 690w, https:\/\/vetus.com\/wp-content\/uploads\/maxwell_websitecampaign_900x600.jpg 900w\" sizes=\"auto, (max-width: 575.98px) 330px, (max-width: 767.98px) 210px, (max-width: 991.98px) 330px, (max-width: 1279.98px) 330px, (max-width: 1899.98px) 330px, 431px\" loading=\"lazy\" \/>                                                <\/div>\n                                            <\/div>\n                                        <\/div>\n                                    \n\n                                <\/a>\n                            <\/div>\n                        \n                                    <\/div>\n            <\/div>\n        <\/div>\n    <\/section>\n<\/section>","protected":false},"excerpt":{"rendered":"","protected":false},"author":8,"featured_media":0,"parent":0,"menu_order":188,"comment_status":"closed","ping_status":"closed","template":"tpl-blog-large-header.php","meta":{"_acf_changed":false,"footnotes":""},"class_list":["post-26266","page","type-page","status-publish","hentry"],"acf":{"button":{"title":"Request hardcopy catalogue","url":"#","target":"_blank"},"image":{"ID":118510,"id":118510,"title":"cover_for_web","filename":"cover_for_web-1.jpg","filesize":327131,"url":"https:\/\/vetus.com\/wp-content\/uploads\/cover_for_web-1.jpg","link":"https:\/\/vetus.com\/fi\/vetus-catalogue\/cover_for_web-3\/","alt":"","author":"25","description":"","caption":"","name":"cover_for_web-3","status":"inherit","uploaded_to":26266,"date":"2025-12-11 14:06:21","modified":"2025-12-11 14:06:21","menu_order":0,"mime_type":"image\/jpeg","type":"image","subtype":"jpeg","icon":"https:\/\/vetus.com\/wp-includes\/images\/media\/default.png","width":1258,"height":847,"sizes":{"thumbnail":"https:\/\/vetus.com\/wp-content\/uploads\/cover_for_web-1-150x150.jpg","thumbnail-width":150,"thumbnail-height":150,"medium":"https:\/\/vetus.com\/wp-content\/uploads\/cover_for_web-1-300x202.jpg","medium-width":300,"medium-height":202,"medium_large":"https:\/\/vetus.com\/wp-content\/uploads\/cover_for_web-1-768x517.jpg","medium_large-width":768,"medium_large-height":517,"large":"https:\/\/vetus.com\/wp-content\/uploads\/cover_for_web-1.jpg","large-width":1024,"large-height":689,"1536x1536":"https:\/\/vetus.com\/wp-content\/uploads\/cover_for_web-1.jpg","1536x1536-width":1258,"1536x1536-height":847,"2048x2048":"https:\/\/vetus.com\/wp-content\/uploads\/cover_for_web-1.jpg","2048x2048-width":1258,"2048x2048-height":847,"210w":"https:\/\/vetus.com\/wp-content\/uploads\/cover_for_web-1-210x141.jpg","210w-width":210,"210w-height":141,"330w":"https:\/\/vetus.com\/wp-content\/uploads\/cover_for_web-1-330x222.jpg","330w-width":330,"330w-height":222,"431w":"https:\/\/vetus.com\/wp-content\/uploads\/cover_for_web-1-431x290.jpg","431w-width":431,"431w-height":290,"507w":"https:\/\/vetus.com\/wp-content\/uploads\/cover_for_web-1-507x341.jpg","507w-width":507,"507w-height":341,"530w":"https:\/\/vetus.com\/wp-content\/uploads\/cover_for_web-1-530x357.jpg","530w-width":530,"530w-height":357,"690w":"https:\/\/vetus.com\/wp-content\/uploads\/cover_for_web-1-690x465.jpg","690w-width":690,"690w-height":465,"930w":"https:\/\/vetus.com\/wp-content\/uploads\/cover_for_web-1-930x626.jpg","930w-width":930,"930w-height":626,"1170w":"https:\/\/vetus.com\/wp-content\/uploads\/cover_for_web-1-1170x788.jpg","1170w-width":1170,"1170w-height":788,"gform-image-choice-sm":"https:\/\/vetus.com\/wp-content\/uploads\/cover_for_web-1.jpg","gform-image-choice-sm-width":300,"gform-image-choice-sm-height":202,"gform-image-choice-md":"https:\/\/vetus.com\/wp-content\/uploads\/cover_for_web-1.jpg","gform-image-choice-md-width":400,"gform-image-choice-md-height":269,"gform-image-choice-lg":"https:\/\/vetus.com\/wp-content\/uploads\/cover_for_web-1.jpg","gform-image-choice-lg-width":600,"gform-image-choice-lg-height":404}},"introduction":"Tutustu uuteen VETUS 2026\u20132027 -katalogiin \u2013 inspiroivaan ja kattavaan katsaukseen ratkaisuihin, joita on muovannut yli kuusikymmenen vuoden kokemus veneteollisuudesta. T\u00e4m\u00e4 uusin painos korostaa, kuinka innovatiivinen osaamisemme ja asiakasl\u00e4ht\u00f6inen l\u00e4hestymistapamme yhdistyv\u00e4t tuotteissa, jotka on suunniteltu tekem\u00e4\u00e4n el\u00e4m\u00e4st\u00e4 vesill\u00e4 mukavampaa, turvallisempaa ja luotettavampaa.\r\n\r\nKatalogi ei ainoastaan tarjoa selke\u00e4\u00e4 yleiskuvaa laajasta valikoimastamme, vaan se tarjoaa my\u00f6s ainutlaatuisia n\u00e4kemyksi\u00e4 siit\u00e4, kuinka VETUS-j\u00e4rjestelm\u00e4t toimivat saumattomasti yhdess\u00e4. T\u00e4m\u00e4 erityispiirre heijastaa jatkuvaa sitoutumistamme \u00e4lykk\u00e4\u00e4seen integrointiin ja tulevaisuuden tarpeisiin suunniteltuihin ratkaisuihin. Uuden VETUS-katalogin my\u00f6t\u00e4 otamme seuraavan askeleen tukeaksemme veneenomistajia, telakoita ja j\u00e4lleenmyyji\u00e4 asiantuntemuksella ja ennakoivilla ratkaisuilla, jotka ovat valmiita tulevia vuosia varten.","person":false,"title":"Uusi VETUS Katalogi 2026\u20132027","yellow_button":{"title":"gsrg","url":"#","target":""}},"yoast_head":"<!-- This site is optimized with the Yoast SEO Premium plugin v27.4 (Yoast SEO v27.4) - https:\/\/yoast.com\/product\/yoast-seo-premium-wordpress\/ -->\n<title>Catalogue - VETUS<\/title>\n<meta name=\"description\" content=\"We are proud to release a VETUS catalogue as a valuable resource to our customers and partners, which has a full range of systems, products and equipment.\" \/>\n<meta name=\"robots\" content=\"index, follow, max-snippet:-1, max-image-preview:large, max-video-preview:-1\" \/>\n<link rel=\"canonical\" href=\"https:\/\/vetus.com\/fi\/vetus-catalogue\/\" \/>\n<meta property=\"og:locale\" content=\"fi_FI\" \/>\n<meta property=\"og:type\" content=\"article\" \/>\n<meta property=\"og:title\" content=\"Catalogue\" \/>\n<meta property=\"og:description\" content=\"We are proud to release a VETUS catalogue as a valuable resource to our customers and partners, which has a full range of systems, products and equipment.\" \/>\n<meta property=\"og:url\" content=\"https:\/\/vetus.com\/fi\/vetus-catalogue\/\" \/>\n<meta property=\"og:site_name\" content=\"VETUS\" \/>\n<meta property=\"article:modified_time\" content=\"2026-01-23T08:19:09+00:00\" \/>\n<meta name=\"twitter:card\" content=\"summary_large_image\" \/>\n<meta name=\"twitter:label1\" content=\"Arvioitu lukuaika\" \/>\n\t<meta name=\"twitter:data1\" content=\"3 minuuttia\" \/>\n<script type=\"application\/ld+json\" class=\"yoast-schema-graph\">{\"@context\":\"https:\\\/\\\/schema.org\",\"@graph\":[{\"@type\":\"WebPage\",\"@id\":\"https:\\\/\\\/vetus.com\\\/fi\\\/vetus-catalogue\\\/\",\"url\":\"https:\\\/\\\/vetus.com\\\/fi\\\/vetus-catalogue\\\/\",\"name\":\"Catalogue - VETUS\",\"isPartOf\":{\"@id\":\"https:\\\/\\\/vetus.com\\\/fi\\\/#website\"},\"datePublished\":\"2021-08-02T08:17:39+00:00\",\"dateModified\":\"2026-01-23T08:19:09+00:00\",\"description\":\"We are proud to release a VETUS catalogue as a valuable resource to our customers and partners, which has a full range of systems, products and equipment.\",\"breadcrumb\":{\"@id\":\"https:\\\/\\\/vetus.com\\\/fi\\\/vetus-catalogue\\\/#breadcrumb\"},\"inLanguage\":\"fi\",\"potentialAction\":[{\"@type\":\"ReadAction\",\"target\":[\"https:\\\/\\\/vetus.com\\\/fi\\\/vetus-catalogue\\\/\"]}]},{\"@type\":\"BreadcrumbList\",\"@id\":\"https:\\\/\\\/vetus.com\\\/fi\\\/vetus-catalogue\\\/#breadcrumb\",\"itemListElement\":[{\"@type\":\"ListItem\",\"position\":1,\"name\":\"Home\",\"item\":\"https:\\\/\\\/vetus.com\\\/fi\\\/\"},{\"@type\":\"ListItem\",\"position\":2,\"name\":\"Catalogue\"}]},{\"@type\":\"WebSite\",\"@id\":\"https:\\\/\\\/vetus.com\\\/fi\\\/#website\",\"url\":\"https:\\\/\\\/vetus.com\\\/fi\\\/\",\"name\":\"VETUS\",\"description\":\"\",\"potentialAction\":[{\"@type\":\"SearchAction\",\"target\":{\"@type\":\"EntryPoint\",\"urlTemplate\":\"https:\\\/\\\/vetus.com\\\/fi\\\/?s={search_term_string}\"},\"query-input\":{\"@type\":\"PropertyValueSpecification\",\"valueRequired\":true,\"valueName\":\"search_term_string\"}}],\"inLanguage\":\"fi\"}]}<\/script>\n<!-- \/ Yoast SEO Premium plugin. -->","yoast_head_json":{"title":"Catalogue - VETUS","description":"We are proud to release a VETUS catalogue as a valuable resource to our customers and partners, which has a full range of systems, products and equipment.","robots":{"index":"index","follow":"follow","max-snippet":"max-snippet:-1","max-image-preview":"max-image-preview:large","max-video-preview":"max-video-preview:-1"},"canonical":"https:\/\/vetus.com\/fi\/vetus-catalogue\/","og_locale":"fi_FI","og_type":"article","og_title":"Catalogue","og_description":"We are proud to release a VETUS catalogue as a valuable resource to our customers and partners, which has a full range of systems, products and equipment.","og_url":"https:\/\/vetus.com\/fi\/vetus-catalogue\/","og_site_name":"VETUS","article_modified_time":"2026-01-23T08:19:09+00:00","twitter_card":"summary_large_image","twitter_misc":{"Arvioitu lukuaika":"3 minuuttia"},"schema":{"@context":"https:\/\/schema.org","@graph":[{"@type":"WebPage","@id":"https:\/\/vetus.com\/fi\/vetus-catalogue\/","url":"https:\/\/vetus.com\/fi\/vetus-catalogue\/","name":"Catalogue - VETUS","isPartOf":{"@id":"https:\/\/vetus.com\/fi\/#website"},"datePublished":"2021-08-02T08:17:39+00:00","dateModified":"2026-01-23T08:19:09+00:00","description":"We are proud to release a VETUS catalogue as a valuable resource to our customers and partners, which has a full range of systems, products and equipment.","breadcrumb":{"@id":"https:\/\/vetus.com\/fi\/vetus-catalogue\/#breadcrumb"},"inLanguage":"fi","potentialAction":[{"@type":"ReadAction","target":["https:\/\/vetus.com\/fi\/vetus-catalogue\/"]}]},{"@type":"BreadcrumbList","@id":"https:\/\/vetus.com\/fi\/vetus-catalogue\/#breadcrumb","itemListElement":[{"@type":"ListItem","position":1,"name":"Home","item":"https:\/\/vetus.com\/fi\/"},{"@type":"ListItem","position":2,"name":"Catalogue"}]},{"@type":"WebSite","@id":"https:\/\/vetus.com\/fi\/#website","url":"https:\/\/vetus.com\/fi\/","name":"VETUS","description":"","potentialAction":[{"@type":"SearchAction","target":{"@type":"EntryPoint","urlTemplate":"https:\/\/vetus.com\/fi\/?s={search_term_string}"},"query-input":{"@type":"PropertyValueSpecification","valueRequired":true,"valueName":"search_term_string"}}],"inLanguage":"fi"}]}},"_links":{"self":[{"href":"https:\/\/vetus.com\/fi\/wp-json\/wp\/v2\/pages\/26266","targetHints":{"allow":["GET"]}}],"collection":[{"href":"https:\/\/vetus.com\/fi\/wp-json\/wp\/v2\/pages"}],"about":[{"href":"https:\/\/vetus.com\/fi\/wp-json\/wp\/v2\/types\/page"}],"author":[{"embeddable":true,"href":"https:\/\/vetus.com\/fi\/wp-json\/wp\/v2\/users\/8"}],"replies":[{"embeddable":true,"href":"https:\/\/vetus.com\/fi\/wp-json\/wp\/v2\/comments?post=26266"}],"version-history":[{"count":5,"href":"https:\/\/vetus.com\/fi\/wp-json\/wp\/v2\/pages\/26266\/revisions"}],"predecessor-version":[{"id":120367,"href":"https:\/\/vetus.com\/fi\/wp-json\/wp\/v2\/pages\/26266\/revisions\/120367"}],"wp:attachment":[{"href":"https:\/\/vetus.com\/fi\/wp-json\/wp\/v2\/media?parent=26266"}],"curies":[{"name":"wp","href":"https:\/\/api.w.org\/{rel}","templated":true}]}}