{"id":118275,"date":"2025-12-11T14:16:38","date_gmt":"2025-12-11T12:16:38","guid":{"rendered":"https:\/\/vetus.com\/?page_id=118275"},"modified":"2026-02-26T11:49:33","modified_gmt":"2026-02-26T09:49:33","slug":"bow-pro-rimdrive-keulapotkuri-integrointi-suzuki-peramoottoreihin","status":"publish","type":"page","link":"https:\/\/vetus.com\/fi\/bow-pro-rimdrive-keulapotkuri-integrointi-suzuki-peramoottoreihin\/","title":{"rendered":"BOW PRO- ja RIMDRIVE-keulapotkurien integrointi Suzuki-per\u00e4moottoreihin"},"content":{"rendered":"\n<section class=\"section  \">\n    \n\n<section id=\"section-text-block-block_bfea7ac5fe4a9c92fd73ec12e7018970\" class=\"section text-block \">\n                    <div class=\"section section__body\">\n            <div class=\"text-block\">\n                <div class=\"container\">\n                    <div class=\"row\">\n                        <div class=\"col-lg-8 offset-lg-2\">\n                                                            <div class=\"section__content single__content hentry\">\n                                    <p>VETUS tarjoaa BOW PRO- ja RIMDRIVE-keulapotkurij\u00e4rjestelmiens\u00e4 t\u00e4yden integroinnin Suzuki-per\u00e4moottoreihin, joissa on elektroninen ohjaus, sek\u00e4 Ultraflex Integra JS -ohjaus- ja joystick-j\u00e4rjestelmiin. T\u00e4m\u00e4 integroitu ratkaisu mahdollistaa saumattoman viestinn\u00e4n propulsion, ohjauksen ja keulapotkurij\u00e4rjestelmien v\u00e4lill\u00e4, jolloin kaikkia toimintoja voidaan hallita yhden joystick-k\u00e4ytt\u00f6liittym\u00e4n kautta.<\/p>\n                                <\/div>\n                            \n                                                    <\/div>\n                    <\/div>\n                <\/div>\n            <\/div>\n        <\/div>\n    <\/section><\/section>\n\n<section class=\"section section--colored bg-light content-blocks bg-light   \">\n    \n<section id=\"content-block-1-block_c07baf4e1eef60752a4c3de175ec7617\" class=\"section content-block content-block--image \">\n    <div class=\"container\">\n        <div class=\"row d-flex align-items-center\">\n\n            <div class=\"col-md-6 col-lg-7\">\n                                    <div class=\"content-block__visuals\">\n                        <div class=\"content-block__media media--clipped media ratio\">\n                            <div class=\"media__wrapper\">\n                                <img decoding=\"async\" width=\"690\" height=\"690\" src=\"https:\/\/vetus.com\/wp-content\/uploads\/bowpro300_front_up_product_1080x1080-690x690.jpg\" class=\"media__source img-fit\" alt=\"\" srcset=\"https:\/\/vetus.com\/wp-content\/uploads\/bowpro300_front_up_product_1080x1080-690x690.jpg 690w, https:\/\/vetus.com\/wp-content\/uploads\/bowpro300_front_up_product_1080x1080-300x300.jpg 300w, https:\/\/vetus.com\/wp-content\/uploads\/bowpro300_front_up_product_1080x1080-150x150.jpg 150w, https:\/\/vetus.com\/wp-content\/uploads\/bowpro300_front_up_product_1080x1080-768x768.jpg 768w, https:\/\/vetus.com\/wp-content\/uploads\/bowpro300_front_up_product_1080x1080-210x210.jpg 210w, https:\/\/vetus.com\/wp-content\/uploads\/bowpro300_front_up_product_1080x1080-330x330.jpg 330w, https:\/\/vetus.com\/wp-content\/uploads\/bowpro300_front_up_product_1080x1080-431x431.jpg 431w, https:\/\/vetus.com\/wp-content\/uploads\/bowpro300_front_up_product_1080x1080-507x507.jpg 507w, https:\/\/vetus.com\/wp-content\/uploads\/bowpro300_front_up_product_1080x1080-530x530.jpg 530w, https:\/\/vetus.com\/wp-content\/uploads\/bowpro300_front_up_product_1080x1080-930x930.jpg 930w, https:\/\/vetus.com\/wp-content\/uploads\/bowpro300_front_up_product_1080x1080.jpg 1080w\" sizes=\"auto, (max-width: 575.98px) 431px, (max-width: 767.98px) 530px, (max-width: 991.98px) 330px, (max-width: 1279.98px) 530px, (max-width: 1899.98px) 690px, 930px\" loading=\"lazy\" \/>                            <\/div>\n                        <\/div>\n                    <\/div>\n                            <\/div>\n\n            <div class=\"col-md-6 col-lg-4 offset-lg-1\">\n                <div class=\"content-block__body\">\n                    \n                    \n                                            <h3 data-start=\"536\" data-end=\"582\">Integroitu ohjaus tarkkaan man\u00f6\u00f6verointiin<\/h3>\n<p data-start=\"584\" data-end=\"959\">Yhdistetty j\u00e4rjestelm\u00e4 tarjoaa pehme\u00e4n ja suhteellisen ohjauksen, joka parantaa merkitt\u00e4v\u00e4sti k\u00e4sitelt\u00e4vyytt\u00e4 ahtaissa tilanteissa, kuten laituroinnissa, kapeilla v\u00e4ylill\u00e4 ja vilkkaissa satamissa. Koordinoimalla moottorin, ohjauksen ja keulapotkurin komennot Ultraflex-joystickin kautta k\u00e4ytt\u00e4j\u00e4 saa ennakoitavan vasteen ja tarkan hallittavuuden. J\u00e4rjestelm\u00e4n avulla voidaan:<\/p>\n<ul data-start=\"961\" data-end=\"1171\">\n<li data-start=\"961\" data-end=\"1025\">\n<p data-start=\"963\" data-end=\"1025\">Liikuttaa alusta sivuttain, vinottain, eteen- tai taaksep\u00e4in<\/p>\n<\/li>\n<li data-start=\"1026\" data-end=\"1093\">\n<p data-start=\"1028\" data-end=\"1093\">K\u00e4\u00e4nt\u00e4\u00e4 venett\u00e4 oman akselinsa ymp\u00e4ri tarkkaa asemointia varten<\/p>\n<\/li>\n<li data-start=\"1094\" data-end=\"1171\">\n<p data-start=\"1096\" data-end=\"1171\">S\u00e4ilytt\u00e4\u00e4 vakaa hallinta tuulessa, virtauksessa tai ahtaissa olosuhteissa<\/p>\n<\/li>\n<\/ul>\n<p data-start=\"1173\" data-end=\"1292\">Jokainen man\u00f6\u00f6veri koordinoidaan yhdell\u00e4 joystickilla, mik\u00e4 yksinkertaistaa k\u00e4ytt\u00f6\u00e4 ja v\u00e4hent\u00e4\u00e4 kuljettajan ty\u00f6kuormaa.<\/p>\n                    \t\t\t\t\t\n                                    <\/div>\n            <\/div>\n        <\/div>\n    <\/div>\n<\/section>\n<section id=\"content-block-1-block_c07baf4e1eef60752a4c3de175ec7617\" class=\"section content-block content-block--image \">\n    <div class=\"container\">\n        <div class=\"row d-flex align-items-center flex-md-row-reverse\">\n\n            <div class=\"col-md-6 col-lg-7 offset-lg-1\">\n                                    <div class=\"content-block__visuals\">\n                        <div class=\"content-block__media media--clipped media ratio\">\n                            <div class=\"media__wrapper\">\n                                <img decoding=\"async\" width=\"690\" height=\"388\" src=\"https:\/\/vetus.com\/wp-content\/uploads\/bowpro300_full_product_1920x1080-690x388.jpg\" class=\"media__source img-fit\" alt=\"\" srcset=\"https:\/\/vetus.com\/wp-content\/uploads\/bowpro300_full_product_1920x1080-690x388.jpg 690w, https:\/\/vetus.com\/wp-content\/uploads\/bowpro300_full_product_1920x1080-300x169.jpg 300w, https:\/\/vetus.com\/wp-content\/uploads\/bowpro300_full_product_1920x1080-768x432.jpg 768w, https:\/\/vetus.com\/wp-content\/uploads\/bowpro300_full_product_1920x1080-210x118.jpg 210w, https:\/\/vetus.com\/wp-content\/uploads\/bowpro300_full_product_1920x1080-330x186.jpg 330w, https:\/\/vetus.com\/wp-content\/uploads\/bowpro300_full_product_1920x1080-431x242.jpg 431w, https:\/\/vetus.com\/wp-content\/uploads\/bowpro300_full_product_1920x1080-507x285.jpg 507w, https:\/\/vetus.com\/wp-content\/uploads\/bowpro300_full_product_1920x1080-530x298.jpg 530w, https:\/\/vetus.com\/wp-content\/uploads\/bowpro300_full_product_1920x1080-930x523.jpg 930w, https:\/\/vetus.com\/wp-content\/uploads\/bowpro300_full_product_1920x1080-1170x658.jpg 1170w, https:\/\/vetus.com\/wp-content\/uploads\/bowpro300_full_product_1920x1080.jpg 1920w\" sizes=\"auto, (max-width: 575.98px) 431px, (max-width: 767.98px) 530px, (max-width: 991.98px) 330px, (max-width: 1279.98px) 530px, (max-width: 1899.98px) 690px, 930px\" loading=\"lazy\" \/>                            <\/div>\n                        <\/div>\n                    <\/div>\n                            <\/div>\n\n            <div class=\"col-md-6 col-lg-4\">\n                <div class=\"content-block__body\">\n                    \n                    \n                                            <h3 data-start=\"1294\" data-end=\"1364\">Integrointi Suzuki-per\u00e4moottoreihin, joissa on elektroninen ohjaus<\/h3>\n<p data-start=\"1366\" data-end=\"1883\">T\u00e4m\u00e4 integrointi tukee Suzukin elektronisella ohjauksella varustettuja per\u00e4moottorimalleja, mukaan lukien edistyneet DF350AMD ja DF300BMD, joissa molemmissa on integroitu ohjaus. N\u00e4m\u00e4 moottorit toimivat saumattomasti yhdess\u00e4 Ultraflex-joystick-j\u00e4rjestelm\u00e4n ja VETUS-keulapotkurien kanssa, tarjoten tarkan koordinoinnin propulsion ja man\u00f6\u00f6verointij\u00e4rjestelmien v\u00e4lill\u00e4. Ultraflex Integra JS -elektronisen ohjaustehostinj\u00e4rjestelm\u00e4n kautta moottorin ja keulapotkurin komentoja hallitaan tarkasti ja pehme\u00e4ll\u00e4 vasteella.<\/p>\n                    \t\t\t\t\t\n                                            <div class=\"content-block__actions actions\">\n                            <div class=\"btn-group d-flex flex-wrap justify-content-center justify-content-md-start\">\n                                <a href=\"https:\/\/www.suzukimarine.com\/news\/suzuki-marine-usa-announces-technology-collaboration-with-vetus\/\" class=\"btn btn-sm btn-empty btn-empty-primary\" title=\"\" target=\"_blank\">\n                                    <span>Lue lis\u00e4\u00e4 Suzuki Marinesta<\/span>\n                                    <i class=\"icon icon-keyboard_arrow_right\"><\/i>\n                                <\/a>\n\n                                <!-- <a href=\"#\" class=\"btn btn-sm btn-empty btn-empty-primary\" title=\"\">\n                                    <span>Watch video<\/span>\n                                    <i class=\"icon icon-play_circle_outline\"><\/i>\n                                <\/a> -->\n                                <!-- <a href=\"#\" class=\"btn btn-sm btn-empty btn-empty-primary\" title=\"\">\n                                    <span>Innovation<\/span>\n                                    <i class=\"icon icon-keyboard_arrow_right\"><\/i>\n                                <\/a> -->\n                            <\/div>\n                        <\/div>\n                                    <\/div>\n            <\/div>\n        <\/div>\n    <\/div>\n<\/section><\/section>\n\n\n<section class=\"section  \">\n    \n\n<section id=\"section-text-block-block_86a80d1e21b18d1425ae0b56f1d0bfd2\" class=\"section text-block \">\n                    <div class=\"section section__body\">\n            <div class=\"text-block\">\n                <div class=\"container\">\n                    <div class=\"row\">\n                        <div class=\"col-lg-8 offset-lg-2\">\n                                                            <div class=\"section__content single__content hentry\">\n                                    <h3 data-start=\"1915\" data-end=\"1951\">Teknologiaan perustuva yhteisty\u00f6<\/h3>\n<p data-start=\"1953\" data-end=\"2138\">VETUSin, Suzukin ja Ultraflexin yhdistetyt teknologiat muodostavat integroidun ohjausj\u00e4rjestelm\u00e4n, joka on suunniteltu lis\u00e4\u00e4m\u00e4\u00e4n varmuutta ja tehokkuutta ahtaissa tiloissa operoitaessa:<\/p>\n<ul data-start=\"2140\" data-end=\"2418\">\n<li data-start=\"2140\" data-end=\"2209\">\n<p data-start=\"2142\" data-end=\"2209\">Saumaton viestint\u00e4 keulapotkurin, ohjauksen ja propulsion v\u00e4lill\u00e4<\/p>\n<\/li>\n<li data-start=\"2210\" data-end=\"2286\">\n<p data-start=\"2212\" data-end=\"2286\">Pehme\u00e4 ja ennakoitava ohjattavuus edistyneen joystick-ohjauksen ansiosta<\/p>\n<\/li>\n<li data-start=\"2287\" data-end=\"2349\">\n<p data-start=\"2289\" data-end=\"2349\">Luotettava vaste laiturointi- ja paikallaanpitotilanteissa<\/p>\n<\/li>\n<li data-start=\"2350\" data-end=\"2418\">\n<p data-start=\"2352\" data-end=\"2418\">Joustava yhteensopivuus yhden tai useamman moottorin asennuksiin<\/p>\n<\/li>\n<\/ul>\n<p data-start=\"2420\" data-end=\"2540\">T\u00e4m\u00e4 yhteisty\u00f6 tarjoaa merkitt\u00e4v\u00e4n parannuksen aluksen hallintaan tinkim\u00e4tt\u00e4 helppok\u00e4ytt\u00f6isyydest\u00e4 tai luotettavuudesta.<\/p>\n                                <\/div>\n                            \n                                                    <\/div>\n                    <\/div>\n                <\/div>\n            <\/div>\n        <\/div>\n    <\/section><\/section>\n\n<section class=\"section section--colored bg-light content-blocks bg-light   mb-0\">\n    \n\n<section id=\"section-text-block-block_e6752b4879428e526f88d371ad099dc5\" class=\"section text-block  mb-0\">\n                    <div class=\"section section__body\">\n            <div class=\"text-block\">\n                <div class=\"container\">\n                    <div class=\"row\">\n                        <div class=\"col-lg-8 offset-lg-2\">\n                                                            <div class=\"section__content single__content hentry\">\n                                    <h3 data-start=\"2542\" data-end=\"2585\">Luotettava hallinta jokaisella matkalla<\/h3>\n<p data-start=\"2587\" data-end=\"2931\">T\u00e4m\u00e4 integroitu ratkaisu tarjoaa pehme\u00e4n, ennakoitavan ja intuitiivisen aluksen hallinnan, antaen veneilij\u00f6ille varmuutta laituroinnissa ja ahtaissa man\u00f6\u00f6vereiss\u00e4. Todistetusti yhdess\u00e4 toimivien teknologioiden ansiosta VETUS tarjoaa luotettavia ja monipuolisia ohjausratkaisuja, jotka on suunniteltu vastaamaan nykyaikaisen veneilyn tarpeisiin.<\/p>\n                                <\/div>\n                            \n                                                            <div class=\"section__actions text-block__actions actions\">\n                                    <div class=\"btn-group d-flex flex-wrap justify-content-center\">\n                                                                                    <a href=\"https:\/\/vetus.com\/bow-pro-thrusters\/#bodem\" class=\"btn btn-primary\" title=\"\" target=\"_blank\">\n                                                <span>T tutustu kaikkiin VETUS-keulapotkurien integraatioihin<\/span>\n                                            <\/a>\n                                        \n                                                                            <\/div>\n                                <\/div>\n                                                    <\/div>\n                    <\/div>\n                <\/div>\n            <\/div>\n        <\/div>\n    <\/section><\/section>","protected":false},"excerpt":{"rendered":"","protected":false},"author":20,"featured_media":0,"parent":0,"menu_order":0,"comment_status":"closed","ping_status":"closed","template":"tpl-blog-large-header.php","meta":{"_acf_changed":false,"footnotes":""},"class_list":["post-118275","page","type-page","status-publish","hentry"],"acf":{"image":{"ID":118251,"id":118251,"title":"Suzuki-VETUS-Demo-scaled (1)","filename":"Suzuki-VETUS-Demo-scaled-1.jpg","filesize":756401,"url":"https:\/\/vetus.com\/wp-content\/uploads\/Suzuki-VETUS-Demo-scaled-1.jpg","link":"https:\/\/vetus.com\/fi\/bow-pro-rimdrive-keulapotkuri-integrointi-suzuki-peramoottoreihin\/suzuki-vetus-demo-scaled-1-2\/","alt":"","author":"20","description":"","caption":"","name":"suzuki-vetus-demo-scaled-1-2","status":"inherit","uploaded_to":118275,"date":"2025-12-11 11:33:06","modified":"2025-12-11 11:33:06","menu_order":0,"mime_type":"image\/jpeg","type":"image","subtype":"jpeg","icon":"https:\/\/vetus.com\/wp-includes\/images\/media\/default.png","width":2560,"height":1695,"sizes":{"thumbnail":"https:\/\/vetus.com\/wp-content\/uploads\/Suzuki-VETUS-Demo-scaled-1-150x150.jpg","thumbnail-width":150,"thumbnail-height":150,"medium":"https:\/\/vetus.com\/wp-content\/uploads\/Suzuki-VETUS-Demo-scaled-1-300x199.jpg","medium-width":300,"medium-height":199,"medium_large":"https:\/\/vetus.com\/wp-content\/uploads\/Suzuki-VETUS-Demo-scaled-1-768x509.jpg","medium_large-width":768,"medium_large-height":509,"large":"https:\/\/vetus.com\/wp-content\/uploads\/Suzuki-VETUS-Demo-scaled-1.jpg","large-width":1024,"large-height":678,"1536x1536":"https:\/\/vetus.com\/wp-content\/uploads\/Suzuki-VETUS-Demo-scaled-1.jpg","1536x1536-width":1536,"1536x1536-height":1017,"2048x2048":"https:\/\/vetus.com\/wp-content\/uploads\/Suzuki-VETUS-Demo-scaled-1.jpg","2048x2048-width":2048,"2048x2048-height":1356,"210w":"https:\/\/vetus.com\/wp-content\/uploads\/Suzuki-VETUS-Demo-scaled-1-210x139.jpg","210w-width":210,"210w-height":139,"330w":"https:\/\/vetus.com\/wp-content\/uploads\/Suzuki-VETUS-Demo-scaled-1-330x218.jpg","330w-width":330,"330w-height":218,"431w":"https:\/\/vetus.com\/wp-content\/uploads\/Suzuki-VETUS-Demo-scaled-1-431x285.jpg","431w-width":431,"431w-height":285,"507w":"https:\/\/vetus.com\/wp-content\/uploads\/Suzuki-VETUS-Demo-scaled-1-507x336.jpg","507w-width":507,"507w-height":336,"530w":"https:\/\/vetus.com\/wp-content\/uploads\/Suzuki-VETUS-Demo-scaled-1-530x351.jpg","530w-width":530,"530w-height":351,"690w":"https:\/\/vetus.com\/wp-content\/uploads\/Suzuki-VETUS-Demo-scaled-1-690x457.jpg","690w-width":690,"690w-height":457,"930w":"https:\/\/vetus.com\/wp-content\/uploads\/Suzuki-VETUS-Demo-scaled-1-930x616.jpg","930w-width":930,"930w-height":616,"1170w":"https:\/\/vetus.com\/wp-content\/uploads\/Suzuki-VETUS-Demo-scaled-1-1170x775.jpg","1170w-width":1170,"1170w-height":775,"gform-image-choice-sm":"https:\/\/vetus.com\/wp-content\/uploads\/Suzuki-VETUS-Demo-scaled-1.jpg","gform-image-choice-sm-width":300,"gform-image-choice-sm-height":199,"gform-image-choice-md":"https:\/\/vetus.com\/wp-content\/uploads\/Suzuki-VETUS-Demo-scaled-1.jpg","gform-image-choice-md-width":400,"gform-image-choice-md-height":265,"gform-image-choice-lg":"https:\/\/vetus.com\/wp-content\/uploads\/Suzuki-VETUS-Demo-scaled-1.jpg","gform-image-choice-lg-width":600,"gform-image-choice-lg-height":397}},"introduction":"","person":false,"title":"\u00c4lyk\u00e4s integrointi parantaa aluksen ohjattavuutta"},"yoast_head":"<!-- This site is optimized with the Yoast SEO Premium plugin v27.3 (Yoast SEO v27.3) - https:\/\/yoast.com\/product\/yoast-seo-premium-wordpress\/ -->\n<title>BOW PRO- ja RIMDRIVE-keulapotkurien integrointi Suzuki-per\u00e4moottoreihin - VETUS<\/title>\n<meta name=\"description\" content=\"VETUS tarjoaa BOW PRO- ja RIMDRIVE-keulapotkurij\u00e4rjestelmiens\u00e4 t\u00e4yden integroinnin Suzuki-per\u00e4moottoreihin, joissa on elektroninen...\" \/>\n<meta name=\"robots\" content=\"index, follow, max-snippet:-1, max-image-preview:large, max-video-preview:-1\" \/>\n<link rel=\"canonical\" href=\"https:\/\/vetus.com\/fi\/bow-pro-rimdrive-keulapotkuri-integrointi-suzuki-peramoottoreihin\/\" \/>\n<meta property=\"og:locale\" content=\"fi_FI\" \/>\n<meta property=\"og:type\" content=\"article\" \/>\n<meta property=\"og:title\" content=\"BOW PRO- ja RIMDRIVE-keulapotkurien integrointi Suzuki-per\u00e4moottoreihin\" \/>\n<meta property=\"og:description\" content=\"VETUS tarjoaa BOW PRO- ja RIMDRIVE-keulapotkurij\u00e4rjestelmiens\u00e4 t\u00e4yden integroinnin Suzuki-per\u00e4moottoreihin, joissa on elektroninen...\" \/>\n<meta property=\"og:url\" content=\"https:\/\/vetus.com\/fi\/bow-pro-rimdrive-keulapotkuri-integrointi-suzuki-peramoottoreihin\/\" \/>\n<meta property=\"og:site_name\" content=\"VETUS\" \/>\n<meta property=\"article:modified_time\" content=\"2026-02-26T09:49:33+00:00\" \/>\n<meta name=\"twitter:card\" content=\"summary_large_image\" \/>\n<meta name=\"twitter:label1\" content=\"Arvioitu lukuaika\" \/>\n\t<meta name=\"twitter:data1\" content=\"3 minuuttia\" \/>\n<script type=\"application\/ld+json\" class=\"yoast-schema-graph\">{\"@context\":\"https:\\\/\\\/schema.org\",\"@graph\":[{\"@type\":\"WebPage\",\"@id\":\"https:\\\/\\\/vetus.com\\\/fi\\\/bow-pro-rimdrive-keulapotkuri-integrointi-suzuki-peramoottoreihin\\\/\",\"url\":\"https:\\\/\\\/vetus.com\\\/fi\\\/bow-pro-rimdrive-keulapotkuri-integrointi-suzuki-peramoottoreihin\\\/\",\"name\":\"BOW PRO- ja RIMDRIVE-keulapotkurien integrointi Suzuki-per\u00e4moottoreihin - VETUS\",\"isPartOf\":{\"@id\":\"https:\\\/\\\/vetus.com\\\/fi\\\/#website\"},\"datePublished\":\"2025-12-11T12:16:38+00:00\",\"dateModified\":\"2026-02-26T09:49:33+00:00\",\"description\":\"VETUS tarjoaa BOW PRO- ja RIMDRIVE-keulapotkurij\u00e4rjestelmiens\u00e4 t\u00e4yden integroinnin Suzuki-per\u00e4moottoreihin, joissa on elektroninen...\",\"breadcrumb\":{\"@id\":\"https:\\\/\\\/vetus.com\\\/fi\\\/bow-pro-rimdrive-keulapotkuri-integrointi-suzuki-peramoottoreihin\\\/#breadcrumb\"},\"inLanguage\":\"fi\",\"potentialAction\":[{\"@type\":\"ReadAction\",\"target\":[\"https:\\\/\\\/vetus.com\\\/fi\\\/bow-pro-rimdrive-keulapotkuri-integrointi-suzuki-peramoottoreihin\\\/\"]}]},{\"@type\":\"BreadcrumbList\",\"@id\":\"https:\\\/\\\/vetus.com\\\/fi\\\/bow-pro-rimdrive-keulapotkuri-integrointi-suzuki-peramoottoreihin\\\/#breadcrumb\",\"itemListElement\":[{\"@type\":\"ListItem\",\"position\":1,\"name\":\"Home\",\"item\":\"https:\\\/\\\/vetus.com\\\/fi\\\/\"},{\"@type\":\"ListItem\",\"position\":2,\"name\":\"BOW PRO- ja RIMDRIVE-keulapotkurien integrointi Suzuki-per\u00e4moottoreihin\"}]},{\"@type\":\"WebSite\",\"@id\":\"https:\\\/\\\/vetus.com\\\/fi\\\/#website\",\"url\":\"https:\\\/\\\/vetus.com\\\/fi\\\/\",\"name\":\"VETUS\",\"description\":\"\",\"potentialAction\":[{\"@type\":\"SearchAction\",\"target\":{\"@type\":\"EntryPoint\",\"urlTemplate\":\"https:\\\/\\\/vetus.com\\\/fi\\\/?s={search_term_string}\"},\"query-input\":{\"@type\":\"PropertyValueSpecification\",\"valueRequired\":true,\"valueName\":\"search_term_string\"}}],\"inLanguage\":\"fi\"}]}<\/script>\n<!-- \/ Yoast SEO Premium plugin. -->","yoast_head_json":{"title":"BOW PRO- ja RIMDRIVE-keulapotkurien integrointi Suzuki-per\u00e4moottoreihin - VETUS","description":"VETUS tarjoaa BOW PRO- ja RIMDRIVE-keulapotkurij\u00e4rjestelmiens\u00e4 t\u00e4yden integroinnin Suzuki-per\u00e4moottoreihin, joissa on elektroninen...","robots":{"index":"index","follow":"follow","max-snippet":"max-snippet:-1","max-image-preview":"max-image-preview:large","max-video-preview":"max-video-preview:-1"},"canonical":"https:\/\/vetus.com\/fi\/bow-pro-rimdrive-keulapotkuri-integrointi-suzuki-peramoottoreihin\/","og_locale":"fi_FI","og_type":"article","og_title":"BOW PRO- ja RIMDRIVE-keulapotkurien integrointi Suzuki-per\u00e4moottoreihin","og_description":"VETUS tarjoaa BOW PRO- ja RIMDRIVE-keulapotkurij\u00e4rjestelmiens\u00e4 t\u00e4yden integroinnin Suzuki-per\u00e4moottoreihin, joissa on elektroninen...","og_url":"https:\/\/vetus.com\/fi\/bow-pro-rimdrive-keulapotkuri-integrointi-suzuki-peramoottoreihin\/","og_site_name":"VETUS","article_modified_time":"2026-02-26T09:49:33+00:00","twitter_card":"summary_large_image","twitter_misc":{"Arvioitu lukuaika":"3 minuuttia"},"schema":{"@context":"https:\/\/schema.org","@graph":[{"@type":"WebPage","@id":"https:\/\/vetus.com\/fi\/bow-pro-rimdrive-keulapotkuri-integrointi-suzuki-peramoottoreihin\/","url":"https:\/\/vetus.com\/fi\/bow-pro-rimdrive-keulapotkuri-integrointi-suzuki-peramoottoreihin\/","name":"BOW PRO- ja RIMDRIVE-keulapotkurien integrointi Suzuki-per\u00e4moottoreihin - VETUS","isPartOf":{"@id":"https:\/\/vetus.com\/fi\/#website"},"datePublished":"2025-12-11T12:16:38+00:00","dateModified":"2026-02-26T09:49:33+00:00","description":"VETUS tarjoaa BOW PRO- ja RIMDRIVE-keulapotkurij\u00e4rjestelmiens\u00e4 t\u00e4yden integroinnin Suzuki-per\u00e4moottoreihin, joissa on elektroninen...","breadcrumb":{"@id":"https:\/\/vetus.com\/fi\/bow-pro-rimdrive-keulapotkuri-integrointi-suzuki-peramoottoreihin\/#breadcrumb"},"inLanguage":"fi","potentialAction":[{"@type":"ReadAction","target":["https:\/\/vetus.com\/fi\/bow-pro-rimdrive-keulapotkuri-integrointi-suzuki-peramoottoreihin\/"]}]},{"@type":"BreadcrumbList","@id":"https:\/\/vetus.com\/fi\/bow-pro-rimdrive-keulapotkuri-integrointi-suzuki-peramoottoreihin\/#breadcrumb","itemListElement":[{"@type":"ListItem","position":1,"name":"Home","item":"https:\/\/vetus.com\/fi\/"},{"@type":"ListItem","position":2,"name":"BOW PRO- ja RIMDRIVE-keulapotkurien integrointi Suzuki-per\u00e4moottoreihin"}]},{"@type":"WebSite","@id":"https:\/\/vetus.com\/fi\/#website","url":"https:\/\/vetus.com\/fi\/","name":"VETUS","description":"","potentialAction":[{"@type":"SearchAction","target":{"@type":"EntryPoint","urlTemplate":"https:\/\/vetus.com\/fi\/?s={search_term_string}"},"query-input":{"@type":"PropertyValueSpecification","valueRequired":true,"valueName":"search_term_string"}}],"inLanguage":"fi"}]}},"_links":{"self":[{"href":"https:\/\/vetus.com\/fi\/wp-json\/wp\/v2\/pages\/118275","targetHints":{"allow":["GET"]}}],"collection":[{"href":"https:\/\/vetus.com\/fi\/wp-json\/wp\/v2\/pages"}],"about":[{"href":"https:\/\/vetus.com\/fi\/wp-json\/wp\/v2\/types\/page"}],"author":[{"embeddable":true,"href":"https:\/\/vetus.com\/fi\/wp-json\/wp\/v2\/users\/20"}],"replies":[{"embeddable":true,"href":"https:\/\/vetus.com\/fi\/wp-json\/wp\/v2\/comments?post=118275"}],"version-history":[{"count":5,"href":"https:\/\/vetus.com\/fi\/wp-json\/wp\/v2\/pages\/118275\/revisions"}],"predecessor-version":[{"id":122686,"href":"https:\/\/vetus.com\/fi\/wp-json\/wp\/v2\/pages\/118275\/revisions\/122686"}],"wp:attachment":[{"href":"https:\/\/vetus.com\/fi\/wp-json\/wp\/v2\/media?parent=118275"}],"curies":[{"name":"wp","href":"https:\/\/api.w.org\/{rel}","templated":true}]}}