{"id":106805,"date":"2025-05-14T15:48:07","date_gmt":"2025-05-14T13:48:07","guid":{"rendered":"https:\/\/vetus.com\/vetus-kampanjat\/vetus-m-line-repowering-kit-for-volvo-penta-saildrives\/"},"modified":"2026-03-27T17:21:06","modified_gmt":"2026-03-27T15:21:06","slug":"vetus-m-line-uudelleentehostussarja-volvo-penta-saildrive-jarjestelmiin","status":"publish","type":"page","link":"https:\/\/vetus.com\/fi\/vetus-kampanjat\/vetus-m-line-uudelleentehostussarja-volvo-penta-saildrive-jarjestelmiin\/","title":{"rendered":"VETUS M-Line -uudelleentehostussarja Volvo Penta Saildrive-j\u00e4rjestelmiin"},"content":{"rendered":"\n<section class=\"section  \">\n    \n\n<section id=\"section-text-block-block_e4774774472a394d6206e034b66639d4\" class=\"section text-block \">\n                    <div class=\"section section__body\">\n            <div class=\"text-block\">\n                <div class=\"container\">\n                    <div class=\"row\">\n                        <div class=\"col-lg-8 offset-lg-2\">\n                                                            <div class=\"section__content single__content hentry\">\n                                    <h4>VETUS M-LINE -meridieselmoottori vesij\u00e4\u00e4hdytteisell\u00e4 suojuksella \u2013 yhteensopiva my\u00f6s Volvo Penta 110S- ja 120S(B)-saildrivejen kanssa<\/h4>\n<p>Jos purjeveneess\u00e4si on vanha Volvo Penta -moottori ja saildrive 110S, 120S tai 120SB, VETUS tarjoaa \u00e4lykk\u00e4\u00e4n ja tulevaisuuteen suuntautuvan ratkaisun. VETUS-asennussarjan avulla voit asentaa uuden M-LINE-meridieselmoottorin nykyiseen Volvo saildriveen ilman rungon muutost\u00f6it\u00e4.<\/p>\n<p><strong><a href=\"https:\/\/vetus.com\/wp-content\/uploads\/Saildrive-table.pdf\" target=\"_blank\" rel=\"noopener\">Lataa yhteensopivuustaulukko (PDF)<\/a><\/strong><\/p>\n                                <\/div>\n                            \n                                                            <div class=\"section__actions text-block__actions actions\">\n                                    <div class=\"btn-group d-flex flex-wrap justify-content-center\">\n                                                                                    <a href=\"https:\/\/vetus.com\/wp-content\/uploads\/Saildrive-table.pdf\" class=\"btn btn-secondary\" title=\"\" target=\"_blank\">\n                                                <span>Lataa yhteensopivuustaulukko<\/span>\n                                            <\/a>\n                                        \n                                                                                    <a href=\"https:\/\/webshop.vetus.com\/en\/products\/engines\/m-line-engines\" class=\"btn btn-primary\" title=\"\" target=\"_blank\">\n                                                <span>Tutustu M-LINE-moottoreihimme<\/span>\n                                            <\/a>\n                                                                            <\/div>\n                                <\/div>\n                                                    <\/div>\n                    <\/div>\n                <\/div>\n            <\/div>\n        <\/div>\n    <\/section><\/section>\n\n<section class=\"section section--colored bg-light content-blocks bg-light   \">\n    \n<section id=\"content-block-1-block_f19a4191634fecb974927fb25227032f\" class=\"section content-block content-block--image \">\n    <div class=\"container\">\n        <div class=\"row d-flex align-items-center flex-md-row-reverse\">\n\n            <div class=\"col-md-6 col-lg-7 offset-lg-1\">\n                                    <div class=\"content-block__visuals\">\n                        <div class=\"content-block__media media--clipped media ratio\">\n                            <div class=\"media__wrapper\">\n                                <img decoding=\"async\" width=\"690\" height=\"460\" src=\"https:\/\/vetus.com\/wp-content\/uploads\/PNG-DSC07594-690x460.png\" class=\"media__source img-fit\" alt=\"\" srcset=\"https:\/\/vetus.com\/wp-content\/uploads\/PNG-DSC07594-690x460.png 690w, https:\/\/vetus.com\/wp-content\/uploads\/PNG-DSC07594-300x200.png 300w, https:\/\/vetus.com\/wp-content\/uploads\/PNG-DSC07594-768x512.png 768w, https:\/\/vetus.com\/wp-content\/uploads\/PNG-DSC07594-210x140.png 210w, https:\/\/vetus.com\/wp-content\/uploads\/PNG-DSC07594-330x220.png 330w, https:\/\/vetus.com\/wp-content\/uploads\/PNG-DSC07594-431x287.png 431w, https:\/\/vetus.com\/wp-content\/uploads\/PNG-DSC07594-507x338.png 507w, https:\/\/vetus.com\/wp-content\/uploads\/PNG-DSC07594-530x353.png 530w, https:\/\/vetus.com\/wp-content\/uploads\/PNG-DSC07594-930x620.png 930w, https:\/\/vetus.com\/wp-content\/uploads\/PNG-DSC07594-1170x780.png 1170w\" sizes=\"auto, (max-width: 575.98px) 431px, (max-width: 767.98px) 530px, (max-width: 991.98px) 330px, (max-width: 1279.98px) 530px, (max-width: 1899.98px) 690px, 930px\" loading=\"lazy\" \/>                            <\/div>\n                        <\/div>\n                    <\/div>\n                            <\/div>\n\n            <div class=\"col-md-6 col-lg-4\">\n                <div class=\"content-block__body\">\n                    \n                    \n                                            <h3>Miksi valita VETUS purjeveneen moottorip\u00e4ivitykseen?<\/h3>\n<ul>\n<li><strong>Helppo asennus:<\/strong> t\u00e4ydellinen yhteensopivuus ilman rungon muutost\u00f6it\u00e4.<\/li>\n<li><strong>Nykyaikainen suorituskyky:<\/strong> v\u00e4h\u00e4p\u00e4\u00e4st\u00f6inen, tehokas ja nykynormit t\u00e4ytt\u00e4v\u00e4 dieselmoottori.<\/li>\n<li><strong>Kustannustehokas:<\/strong> s\u00e4\u00e4st\u00e4 vaihtamalla vain moottori, ei koko j\u00e4rjestelm\u00e4\u00e4.<\/li>\n<li><strong>Asiantunteva tuki:<\/strong> VETUSin j\u00e4lleenmyyj\u00e4t ja teknikot apunasi.<\/li>\n<\/ul>\n                    \t\t\t\t\t\n                                    <\/div>\n            <\/div>\n        <\/div>\n    <\/div>\n<\/section><\/section>\n\n\n<section class=\"section  \">\n    \n<section id=\"content-block-1-block_890a17de885b940a44889579e997b554\" class=\"section content-block content-block--image \">\n    <div class=\"container\">\n        <div class=\"row d-flex align-items-center\">\n\n            <div class=\"col-md-6 col-lg-7\">\n                                    <div class=\"content-block__visuals\">\n                        <div class=\"content-block__media media--clipped media ratio\">\n                            <div class=\"media__wrapper\">\n                                <img decoding=\"async\" width=\"690\" height=\"552\" src=\"https:\/\/vetus.com\/wp-content\/uploads\/M-LINE-Saildrive-FLEXOFOLD_2-690x552.png\" class=\"media__source img-fit\" alt=\"M-LINE Marine Diesel Engine with water-cooled cover also suitable for Volvo Penta 110S and 120S(B) Saildrives\" srcset=\"https:\/\/vetus.com\/wp-content\/uploads\/M-LINE-Saildrive-FLEXOFOLD_2-690x552.png 690w, https:\/\/vetus.com\/wp-content\/uploads\/M-LINE-Saildrive-FLEXOFOLD_2-300x240.png 300w, https:\/\/vetus.com\/wp-content\/uploads\/M-LINE-Saildrive-FLEXOFOLD_2-768x615.png 768w, https:\/\/vetus.com\/wp-content\/uploads\/M-LINE-Saildrive-FLEXOFOLD_2-210x168.png 210w, https:\/\/vetus.com\/wp-content\/uploads\/M-LINE-Saildrive-FLEXOFOLD_2-330x264.png 330w, https:\/\/vetus.com\/wp-content\/uploads\/M-LINE-Saildrive-FLEXOFOLD_2-431x345.png 431w, https:\/\/vetus.com\/wp-content\/uploads\/M-LINE-Saildrive-FLEXOFOLD_2-507x406.png 507w, https:\/\/vetus.com\/wp-content\/uploads\/M-LINE-Saildrive-FLEXOFOLD_2-530x424.png 530w, https:\/\/vetus.com\/wp-content\/uploads\/M-LINE-Saildrive-FLEXOFOLD_2-930x744.png 930w, https:\/\/vetus.com\/wp-content\/uploads\/M-LINE-Saildrive-FLEXOFOLD_2-1170x936.png 1170w\" sizes=\"auto, (max-width: 575.98px) 431px, (max-width: 767.98px) 530px, (max-width: 991.98px) 330px, (max-width: 1279.98px) 530px, (max-width: 1899.98px) 690px, 930px\" loading=\"lazy\" \/>                            <\/div>\n                        <\/div>\n                    <\/div>\n                            <\/div>\n\n            <div class=\"col-md-6 col-lg-4 offset-lg-1\">\n                <div class=\"content-block__body\">\n                    \n                    \n                                            <h3>Mit\u00e4 huomioida saildrive-j\u00e4rjestelm\u00e4ss\u00e4 moottorin vaihdon yhteydess\u00e4?<\/h3>\n<p>Saildrive tarjoaa tasaisemman ajon, v\u00e4hemm\u00e4n t\u00e4rin\u00e4\u00e4 ja paremman hy\u00f6tysuhteen. Moottorin vaihto on oikea hetki huoltaa my\u00f6s saildrive. Tarkista tiivisteet, kiinnikkeet ja kalvot \u2014 ehk\u00e4iset tulevat ongelmat ja saat kaiken tehon irti uudesta moottorista.<\/p>\n<p>Varmista my\u00f6s v\u00e4lityssuhde: vanhat mallit kuten 110S (1.66:1) eiv\u00e4t aina sovi modernien moottorien kierrosluvun kanssa. VETUS-asiantuntijat neuvovat sinua potkurivalinnassa ja s\u00e4\u00e4t\u00f6iss\u00e4.<\/p>\n                    \t\t\t\t\t\n                                    <\/div>\n            <\/div>\n        <\/div>\n    <\/div>\n<\/section>\n\n<section id=\"section-text-block-block_890a17de885b940a44889579e997b554\" class=\"section text-block \">\n                    <div class=\"section section__body\">\n            <div class=\"text-block\">\n                <div class=\"container\">\n                    <div class=\"row\">\n                        <div class=\"col-lg-8 offset-lg-2\">\n                                                            <div class=\"section__content single__content hentry\">\n                                    <h4><strong>Valmis modernisoimaan purjeveneesi luotettavasti?<\/strong><\/h4>\n<p>VETUS yhdist\u00e4\u00e4 kehittyneen M-LINE-tekniikan saildrive-yhteensopiviin adaptereihin. Tarjoamme asiantuntevaa neuvontaa ja tukea laajan kansainv\u00e4lisen verkostomme kautta.<\/p>\n<h4>Asiantuntijat apunasi \u2013 miss\u00e4 ikin\u00e4 purjehditkin<\/h4>\n<p>Me autamme valitsemaan oikean moottorin ja ohjaamme sinut luotettavan asentajan tai j\u00e4lleenmyyj\u00e4n puoleen.<\/p>\n                                <\/div>\n                            \n                                                            <div class=\"section__actions text-block__actions actions\">\n                                    <div class=\"btn-group d-flex flex-wrap justify-content-center\">\n                                                                                    <a href=\"https:\/\/vetus.com\/sailboat-repowering-quote\/\" class=\"btn btn-secondary\" title=\"\" target=\"_blank\">\n                                                <span>Repower purjeveneesi nyt<\/span>\n                                            <\/a>\n                                        \n                                                                                    <a href=\"https:\/\/vetus.com\/sailboat-expert-advise-request\/\" class=\"btn btn-primary\" title=\"\" target=\"_blank\">\n                                                <span>Hanki ensin asiantuntijan neuvoja<\/span>\n                                            <\/a>\n                                                                            <\/div>\n                                <\/div>\n                                                    <\/div>\n                    <\/div>\n                <\/div>\n            <\/div>\n        <\/div>\n    <\/section><\/section>","protected":false},"excerpt":{"rendered":"","protected":false},"author":25,"featured_media":106127,"parent":32269,"menu_order":0,"comment_status":"closed","ping_status":"closed","template":"tpl-home.php","meta":{"_acf_changed":false,"footnotes":""},"class_list":["post-106805","page","type-page","status-publish","has-post-thumbnail","hentry"],"acf":{"video":false,"background_image":{"ID":106127,"id":106127,"title":"shutterstock_139389128 (3)","filename":"shutterstock_139389128-3-scaled.png","filesize":1225729,"url":"https:\/\/vetus.com\/wp-content\/uploads\/shutterstock_139389128-3-scaled.png","link":"https:\/\/vetus.com\/fi\/vetus-kampanjat\/vetus-m-line-uudelleentehostussarja-volvo-penta-saildrive-jarjestelmiin\/shutterstock_139389128-3-2\/","alt":"","author":"25","description":"","caption":"","name":"shutterstock_139389128-3-2","status":"inherit","uploaded_to":106805,"date":"2025-05-13 11:50:42","modified":"2025-05-13 11:50:42","menu_order":0,"mime_type":"image\/png","type":"image","subtype":"png","icon":"https:\/\/vetus.com\/wp-includes\/images\/media\/default.png","width":2560,"height":1103,"sizes":{"thumbnail":"https:\/\/vetus.com\/wp-content\/uploads\/shutterstock_139389128-3-150x150.png","thumbnail-width":150,"thumbnail-height":150,"medium":"https:\/\/vetus.com\/wp-content\/uploads\/shutterstock_139389128-3-300x129.png","medium-width":300,"medium-height":129,"medium_large":"https:\/\/vetus.com\/wp-content\/uploads\/shutterstock_139389128-3-768x331.png","medium_large-width":768,"medium_large-height":331,"large":"https:\/\/vetus.com\/wp-content\/uploads\/shutterstock_139389128-3-scaled.png","large-width":1024,"large-height":441,"1536x1536":"https:\/\/vetus.com\/wp-content\/uploads\/shutterstock_139389128-3-scaled.png","1536x1536-width":1536,"1536x1536-height":662,"2048x2048":"https:\/\/vetus.com\/wp-content\/uploads\/shutterstock_139389128-3-scaled.png","2048x2048-width":2048,"2048x2048-height":882,"210w":"https:\/\/vetus.com\/wp-content\/uploads\/shutterstock_139389128-3-210x91.png","210w-width":210,"210w-height":91,"330w":"https:\/\/vetus.com\/wp-content\/uploads\/shutterstock_139389128-3-330x142.png","330w-width":330,"330w-height":142,"431w":"https:\/\/vetus.com\/wp-content\/uploads\/shutterstock_139389128-3-431x186.png","431w-width":431,"431w-height":186,"507w":"https:\/\/vetus.com\/wp-content\/uploads\/shutterstock_139389128-3-507x219.png","507w-width":507,"507w-height":219,"530w":"https:\/\/vetus.com\/wp-content\/uploads\/shutterstock_139389128-3-530x228.png","530w-width":530,"530w-height":228,"690w":"https:\/\/vetus.com\/wp-content\/uploads\/shutterstock_139389128-3-690x297.png","690w-width":690,"690w-height":297,"930w":"https:\/\/vetus.com\/wp-content\/uploads\/shutterstock_139389128-3-930x401.png","930w-width":930,"930w-height":401,"1170w":"https:\/\/vetus.com\/wp-content\/uploads\/shutterstock_139389128-3-1170x504.png","1170w-width":1170,"1170w-height":504,"gform-image-choice-sm":"https:\/\/vetus.com\/wp-content\/uploads\/shutterstock_139389128-3-scaled.png","gform-image-choice-sm-width":300,"gform-image-choice-sm-height":129,"gform-image-choice-md":"https:\/\/vetus.com\/wp-content\/uploads\/shutterstock_139389128-3-scaled.png","gform-image-choice-md-width":400,"gform-image-choice-md-height":172,"gform-image-choice-lg":"https:\/\/vetus.com\/wp-content\/uploads\/shutterstock_139389128-3-scaled.png","gform-image-choice-lg-width":600,"gform-image-choice-lg-height":259}},"button":"","button_secondary":"","introduction":"","person":false,"title":"VETUS M-Line -uudelleentehostussarja Volvo Penta Saildrive","yellow_button":{"title":"","url":"","target":"","0":""}},"yoast_head":"<!-- This site is optimized with the Yoast SEO Premium plugin v27.3 (Yoast SEO v27.3) - https:\/\/yoast.com\/product\/yoast-seo-premium-wordpress\/ -->\n<title>VETUS M-Line -uudelleentehostussarja Volvo Penta Saildrive-j\u00e4rjestelmiin - VETUS<\/title>\n<meta name=\"description\" content=\"M-LINE Marine Diesel Engine with water-cooled cover also suitable for Volvo Penta 110S and 120S(B) Saildrives ...\" \/>\n<meta name=\"robots\" content=\"index, follow, max-snippet:-1, max-image-preview:large, max-video-preview:-1\" \/>\n<link rel=\"canonical\" href=\"https:\/\/vetus.com\/fi\/vetus-kampanjat\/vetus-m-line-uudelleentehostussarja-volvo-penta-saildrive-jarjestelmiin\/\" \/>\n<meta property=\"og:locale\" content=\"fi_FI\" \/>\n<meta property=\"og:type\" content=\"article\" \/>\n<meta property=\"og:title\" content=\"VETUS M-Line -uudelleentehostussarja Volvo Penta Saildrive-j\u00e4rjestelmiin\" \/>\n<meta property=\"og:description\" content=\"M-LINE Marine Diesel Engine with water-cooled cover also suitable for Volvo Penta 110S and 120S(B) Saildrives ...\" \/>\n<meta property=\"og:url\" content=\"https:\/\/vetus.com\/fi\/vetus-kampanjat\/vetus-m-line-uudelleentehostussarja-volvo-penta-saildrive-jarjestelmiin\/\" \/>\n<meta property=\"og:site_name\" content=\"VETUS\" \/>\n<meta property=\"article:modified_time\" content=\"2026-03-27T15:21:06+00:00\" \/>\n<meta property=\"og:image\" content=\"https:\/\/vetus.com\/wp-content\/uploads\/shutterstock_139389128-3-scaled.png\" \/>\n\t<meta property=\"og:image:width\" content=\"2560\" \/>\n\t<meta property=\"og:image:height\" content=\"1103\" \/>\n\t<meta property=\"og:image:type\" content=\"image\/png\" \/>\n<meta name=\"twitter:card\" content=\"summary_large_image\" \/>\n<meta name=\"twitter:label1\" content=\"Arvioitu lukuaika\" \/>\n\t<meta name=\"twitter:data1\" content=\"2 minuuttia\" \/>\n<script type=\"application\/ld+json\" class=\"yoast-schema-graph\">{\"@context\":\"https:\\\/\\\/schema.org\",\"@graph\":[{\"@type\":\"WebPage\",\"@id\":\"https:\\\/\\\/vetus.com\\\/fi\\\/vetus-kampanjat\\\/vetus-m-line-uudelleentehostussarja-volvo-penta-saildrive-jarjestelmiin\\\/\",\"url\":\"https:\\\/\\\/vetus.com\\\/fi\\\/vetus-kampanjat\\\/vetus-m-line-uudelleentehostussarja-volvo-penta-saildrive-jarjestelmiin\\\/\",\"name\":\"VETUS M-Line -uudelleentehostussarja Volvo Penta Saildrive-j\u00e4rjestelmiin - VETUS\",\"isPartOf\":{\"@id\":\"https:\\\/\\\/vetus.com\\\/fi\\\/#website\"},\"primaryImageOfPage\":{\"@id\":\"https:\\\/\\\/vetus.com\\\/fi\\\/vetus-kampanjat\\\/vetus-m-line-uudelleentehostussarja-volvo-penta-saildrive-jarjestelmiin\\\/#primaryimage\"},\"image\":{\"@id\":\"https:\\\/\\\/vetus.com\\\/fi\\\/vetus-kampanjat\\\/vetus-m-line-uudelleentehostussarja-volvo-penta-saildrive-jarjestelmiin\\\/#primaryimage\"},\"thumbnailUrl\":\"https:\\\/\\\/vetus.com\\\/wp-content\\\/uploads\\\/shutterstock_139389128-3-scaled.png\",\"datePublished\":\"2025-05-14T13:48:07+00:00\",\"dateModified\":\"2026-03-27T15:21:06+00:00\",\"description\":\"M-LINE Marine Diesel Engine with water-cooled cover also suitable for Volvo Penta 110S and 120S(B) Saildrives ...\",\"breadcrumb\":{\"@id\":\"https:\\\/\\\/vetus.com\\\/fi\\\/vetus-kampanjat\\\/vetus-m-line-uudelleentehostussarja-volvo-penta-saildrive-jarjestelmiin\\\/#breadcrumb\"},\"inLanguage\":\"fi\",\"potentialAction\":[{\"@type\":\"ReadAction\",\"target\":[\"https:\\\/\\\/vetus.com\\\/fi\\\/vetus-kampanjat\\\/vetus-m-line-uudelleentehostussarja-volvo-penta-saildrive-jarjestelmiin\\\/\"]}]},{\"@type\":\"ImageObject\",\"inLanguage\":\"fi\",\"@id\":\"https:\\\/\\\/vetus.com\\\/fi\\\/vetus-kampanjat\\\/vetus-m-line-uudelleentehostussarja-volvo-penta-saildrive-jarjestelmiin\\\/#primaryimage\",\"url\":\"https:\\\/\\\/vetus.com\\\/wp-content\\\/uploads\\\/shutterstock_139389128-3-scaled.png\",\"contentUrl\":\"https:\\\/\\\/vetus.com\\\/wp-content\\\/uploads\\\/shutterstock_139389128-3-scaled.png\",\"width\":2560,\"height\":1103},{\"@type\":\"BreadcrumbList\",\"@id\":\"https:\\\/\\\/vetus.com\\\/fi\\\/vetus-kampanjat\\\/vetus-m-line-uudelleentehostussarja-volvo-penta-saildrive-jarjestelmiin\\\/#breadcrumb\",\"itemListElement\":[{\"@type\":\"ListItem\",\"position\":1,\"name\":\"Home\",\"item\":\"https:\\\/\\\/vetus.com\\\/fi\\\/\"},{\"@type\":\"ListItem\",\"position\":2,\"name\":\"VETUS Kampanjat\",\"item\":\"https:\\\/\\\/vetus.com\\\/fi\\\/vetus-kampanjat\\\/\"},{\"@type\":\"ListItem\",\"position\":3,\"name\":\"VETUS M-Line -uudelleentehostussarja Volvo Penta Saildrive-j\u00e4rjestelmiin\"}]},{\"@type\":\"WebSite\",\"@id\":\"https:\\\/\\\/vetus.com\\\/fi\\\/#website\",\"url\":\"https:\\\/\\\/vetus.com\\\/fi\\\/\",\"name\":\"VETUS\",\"description\":\"\",\"potentialAction\":[{\"@type\":\"SearchAction\",\"target\":{\"@type\":\"EntryPoint\",\"urlTemplate\":\"https:\\\/\\\/vetus.com\\\/fi\\\/?s={search_term_string}\"},\"query-input\":{\"@type\":\"PropertyValueSpecification\",\"valueRequired\":true,\"valueName\":\"search_term_string\"}}],\"inLanguage\":\"fi\"}]}<\/script>\n<!-- \/ Yoast SEO Premium plugin. -->","yoast_head_json":{"title":"VETUS M-Line -uudelleentehostussarja Volvo Penta Saildrive-j\u00e4rjestelmiin - VETUS","description":"M-LINE Marine Diesel Engine with water-cooled cover also suitable for Volvo Penta 110S and 120S(B) Saildrives ...","robots":{"index":"index","follow":"follow","max-snippet":"max-snippet:-1","max-image-preview":"max-image-preview:large","max-video-preview":"max-video-preview:-1"},"canonical":"https:\/\/vetus.com\/fi\/vetus-kampanjat\/vetus-m-line-uudelleentehostussarja-volvo-penta-saildrive-jarjestelmiin\/","og_locale":"fi_FI","og_type":"article","og_title":"VETUS M-Line -uudelleentehostussarja Volvo Penta Saildrive-j\u00e4rjestelmiin","og_description":"M-LINE Marine Diesel Engine with water-cooled cover also suitable for Volvo Penta 110S and 120S(B) Saildrives ...","og_url":"https:\/\/vetus.com\/fi\/vetus-kampanjat\/vetus-m-line-uudelleentehostussarja-volvo-penta-saildrive-jarjestelmiin\/","og_site_name":"VETUS","article_modified_time":"2026-03-27T15:21:06+00:00","og_image":[{"width":2560,"height":1103,"url":"https:\/\/vetus.com\/wp-content\/uploads\/shutterstock_139389128-3-scaled.png","type":"image\/png"}],"twitter_card":"summary_large_image","twitter_misc":{"Arvioitu lukuaika":"2 minuuttia"},"schema":{"@context":"https:\/\/schema.org","@graph":[{"@type":"WebPage","@id":"https:\/\/vetus.com\/fi\/vetus-kampanjat\/vetus-m-line-uudelleentehostussarja-volvo-penta-saildrive-jarjestelmiin\/","url":"https:\/\/vetus.com\/fi\/vetus-kampanjat\/vetus-m-line-uudelleentehostussarja-volvo-penta-saildrive-jarjestelmiin\/","name":"VETUS M-Line -uudelleentehostussarja Volvo Penta Saildrive-j\u00e4rjestelmiin - VETUS","isPartOf":{"@id":"https:\/\/vetus.com\/fi\/#website"},"primaryImageOfPage":{"@id":"https:\/\/vetus.com\/fi\/vetus-kampanjat\/vetus-m-line-uudelleentehostussarja-volvo-penta-saildrive-jarjestelmiin\/#primaryimage"},"image":{"@id":"https:\/\/vetus.com\/fi\/vetus-kampanjat\/vetus-m-line-uudelleentehostussarja-volvo-penta-saildrive-jarjestelmiin\/#primaryimage"},"thumbnailUrl":"https:\/\/vetus.com\/wp-content\/uploads\/shutterstock_139389128-3-scaled.png","datePublished":"2025-05-14T13:48:07+00:00","dateModified":"2026-03-27T15:21:06+00:00","description":"M-LINE Marine Diesel Engine with water-cooled cover also suitable for Volvo Penta 110S and 120S(B) Saildrives ...","breadcrumb":{"@id":"https:\/\/vetus.com\/fi\/vetus-kampanjat\/vetus-m-line-uudelleentehostussarja-volvo-penta-saildrive-jarjestelmiin\/#breadcrumb"},"inLanguage":"fi","potentialAction":[{"@type":"ReadAction","target":["https:\/\/vetus.com\/fi\/vetus-kampanjat\/vetus-m-line-uudelleentehostussarja-volvo-penta-saildrive-jarjestelmiin\/"]}]},{"@type":"ImageObject","inLanguage":"fi","@id":"https:\/\/vetus.com\/fi\/vetus-kampanjat\/vetus-m-line-uudelleentehostussarja-volvo-penta-saildrive-jarjestelmiin\/#primaryimage","url":"https:\/\/vetus.com\/wp-content\/uploads\/shutterstock_139389128-3-scaled.png","contentUrl":"https:\/\/vetus.com\/wp-content\/uploads\/shutterstock_139389128-3-scaled.png","width":2560,"height":1103},{"@type":"BreadcrumbList","@id":"https:\/\/vetus.com\/fi\/vetus-kampanjat\/vetus-m-line-uudelleentehostussarja-volvo-penta-saildrive-jarjestelmiin\/#breadcrumb","itemListElement":[{"@type":"ListItem","position":1,"name":"Home","item":"https:\/\/vetus.com\/fi\/"},{"@type":"ListItem","position":2,"name":"VETUS Kampanjat","item":"https:\/\/vetus.com\/fi\/vetus-kampanjat\/"},{"@type":"ListItem","position":3,"name":"VETUS M-Line -uudelleentehostussarja Volvo Penta Saildrive-j\u00e4rjestelmiin"}]},{"@type":"WebSite","@id":"https:\/\/vetus.com\/fi\/#website","url":"https:\/\/vetus.com\/fi\/","name":"VETUS","description":"","potentialAction":[{"@type":"SearchAction","target":{"@type":"EntryPoint","urlTemplate":"https:\/\/vetus.com\/fi\/?s={search_term_string}"},"query-input":{"@type":"PropertyValueSpecification","valueRequired":true,"valueName":"search_term_string"}}],"inLanguage":"fi"}]}},"_links":{"self":[{"href":"https:\/\/vetus.com\/fi\/wp-json\/wp\/v2\/pages\/106805","targetHints":{"allow":["GET"]}}],"collection":[{"href":"https:\/\/vetus.com\/fi\/wp-json\/wp\/v2\/pages"}],"about":[{"href":"https:\/\/vetus.com\/fi\/wp-json\/wp\/v2\/types\/page"}],"author":[{"embeddable":true,"href":"https:\/\/vetus.com\/fi\/wp-json\/wp\/v2\/users\/25"}],"replies":[{"embeddable":true,"href":"https:\/\/vetus.com\/fi\/wp-json\/wp\/v2\/comments?post=106805"}],"version-history":[{"count":5,"href":"https:\/\/vetus.com\/fi\/wp-json\/wp\/v2\/pages\/106805\/revisions"}],"predecessor-version":[{"id":107180,"href":"https:\/\/vetus.com\/fi\/wp-json\/wp\/v2\/pages\/106805\/revisions\/107180"}],"up":[{"embeddable":true,"href":"https:\/\/vetus.com\/fi\/wp-json\/wp\/v2\/pages\/32269"}],"wp:featuredmedia":[{"embeddable":true,"href":"https:\/\/vetus.com\/fi\/wp-json\/wp\/v2\/media\/106127"}],"wp:attachment":[{"href":"https:\/\/vetus.com\/fi\/wp-json\/wp\/v2\/media?parent=106805"}],"curies":[{"name":"wp","href":"https:\/\/api.w.org\/{rel}","templated":true}]}}