{"id":101570,"date":"2025-02-26T16:42:13","date_gmt":"2025-02-26T14:42:13","guid":{"rendered":"https:\/\/vetus.com\/bow-pro-thruster-integration-with-honda-outboards-ultraflex-controls\/"},"modified":"2026-02-26T16:05:01","modified_gmt":"2026-02-26T14:05:01","slug":"bow-pro-keulapotkurin-integrointi-honda-peramoottoreihin-ja-ultraflex-ohjaukseen","status":"publish","type":"page","link":"https:\/\/vetus.com\/fi\/bow-pro-keulapotkurin-integrointi-honda-peramoottoreihin-ja-ultraflex-ohjaukseen\/","title":{"rendered":"BOW PRO -keulapotkurin integrointi Honda-per\u00e4moottoreihin ja Ultraflex-ohjaukseen"},"content":{"rendered":"\n<section class=\"section  \">\n    \n\n<section id=\"section-text-block-block_be60639b471de09e37b0f4441285c851\" class=\"section text-block \">\n                    <div class=\"section section__body\">\n            <div class=\"text-block\">\n                <div class=\"container\">\n                    <div class=\"row\">\n                        <div class=\"col-lg-8 offset-lg-2\">\n                                                            <div class=\"section__content single__content hentry\">\n                                    <p data-start=\"141\" data-end=\"429\">Laajentaakseen integraatio-ohjelmaansa ja parantaakseen veneilykokemusta entist\u00e4 useammille k\u00e4ytt\u00e4jille VETUS tekee nyt yhteisty\u00f6t\u00e4 Honda Marinen ja Ultraflexin kanssa mahdollistaakseen BOW PRO -keulapotkureiden t\u00e4yden integroinnin Honda-per\u00e4moottoreihin ja Ultraflex-ohjausj\u00e4rjestelmiin.<\/p>\n<p data-start=\"431\" data-end=\"707\">T\u00e4m\u00e4 yhteisty\u00f6 tuo mukanaan optimoidun viestint\u00e4j\u00e4rjestelm\u00e4n, joka yhdist\u00e4\u00e4 saumattomasti moottorin, ohjauksen ja keulapotkurin yhdeksi helppok\u00e4ytt\u00f6iseksi joystick-ohjaukseksi. Tuloksena on sujuva ja vaivaton hallinta satamaan ajettaessa ja ahtaissa tiloissa man\u00f6\u00f6ver\u00f6it\u00e4ess\u00e4.<\/p>\n                                <\/div>\n                            \n                                                    <\/div>\n                    <\/div>\n                <\/div>\n            <\/div>\n        <\/div>\n    <\/section>\n<section id=\"content-block-1-block_be60639b471de09e37b0f4441285c851\" class=\"section content-block content-block--image \">\n    <div class=\"container\">\n        <div class=\"row d-flex align-items-center\">\n\n            <div class=\"col-md-6 col-lg-7\">\n                                    <div class=\"content-block__visuals\">\n                        <div class=\"content-block__media media--clipped media ratio\">\n                            <div class=\"media__wrapper\">\n                                <img decoding=\"async\" width=\"690\" height=\"457\" src=\"https:\/\/vetus.com\/wp-content\/uploads\/DSC_0752-690x457.jpg\" class=\"media__source img-fit\" alt=\"\" srcset=\"https:\/\/vetus.com\/wp-content\/uploads\/DSC_0752-690x457.jpg 690w, https:\/\/vetus.com\/wp-content\/uploads\/DSC_0752-300x199.jpg 300w, https:\/\/vetus.com\/wp-content\/uploads\/DSC_0752-768x509.jpg 768w, https:\/\/vetus.com\/wp-content\/uploads\/DSC_0752-210x139.jpg 210w, https:\/\/vetus.com\/wp-content\/uploads\/DSC_0752-330x219.jpg 330w, https:\/\/vetus.com\/wp-content\/uploads\/DSC_0752-431x285.jpg 431w, https:\/\/vetus.com\/wp-content\/uploads\/DSC_0752-507x336.jpg 507w, https:\/\/vetus.com\/wp-content\/uploads\/DSC_0752-530x351.jpg 530w, https:\/\/vetus.com\/wp-content\/uploads\/DSC_0752-930x616.jpg 930w, https:\/\/vetus.com\/wp-content\/uploads\/DSC_0752-1170x775.jpg 1170w\" sizes=\"auto, (max-width: 575.98px) 431px, (max-width: 767.98px) 530px, (max-width: 991.98px) 330px, (max-width: 1279.98px) 530px, (max-width: 1899.98px) 690px, 930px\" loading=\"lazy\" \/>                            <\/div>\n                        <\/div>\n                    <\/div>\n                            <\/div>\n\n            <div class=\"col-md-6 col-lg-4 offset-lg-1\">\n                <div class=\"content-block__body\">\n                                            <h3 class=\"content-block__title\">\n                            Laituroinnin tulevaisuus on t\u00e4\u00e4ll\u00e4                        <\/h3>\n                    \n                    \n                                            <p data-start=\"754\" data-end=\"1039\">Veneilij\u00e4t voivat nyt ohjata venett\u00e4\u00e4n t\u00e4ydell\u00e4 varmuudella ja tarkkuudella kaikissa laiturointitilanteissa. Honda-per\u00e4moottoreiden, Ultraflex-ohjauksen ja VETUS BOW PRO -keulapotkureiden integrointi takaa vaivattoman veneen hallinnan \u2013 jopa kaikkein haastavimmissa satamaolosuhteissa.<\/p>\n<ul data-start=\"1041\" data-end=\"1594\">\n<li data-start=\"1041\" data-end=\"1145\">\n<p data-start=\"1043\" data-end=\"1145\"><strong data-start=\"1043\" data-end=\"1079\">T\u00e4ysi hallinta k\u00e4den ulottuvilla<\/strong> \u2013 Ohjaa venett\u00e4si juuri niin kuin haluat, tarkasti ja helposti.<\/p>\n<\/li>\n<li data-start=\"1146\" data-end=\"1298\">\n<p data-start=\"1148\" data-end=\"1298\"><strong data-start=\"1148\" data-end=\"1172\">Saumaton integrointi<\/strong> \u2013 T\u00e4ydellinen synkronointi Honda-per\u00e4moottorin ja VETUS-keulapotkurin v\u00e4lill\u00e4 ylivoimaista laiturointisuorituskyky\u00e4 varten.<\/p>\n<\/li>\n<li data-start=\"1299\" data-end=\"1434\">\n<p data-start=\"1301\" data-end=\"1434\"><strong data-start=\"1301\" data-end=\"1325\">Vaivaton liikkuminen<\/strong> \u2013 Liikuta venett\u00e4 sivuttain, viistosti, eteenp\u00e4in, taaksep\u00e4in tai py\u00f6rit\u00e4 paikallaan yhdell\u00e4 joystickill\u00e4.<\/p>\n<\/li>\n<li data-start=\"1435\" data-end=\"1594\">\n<p data-start=\"1437\" data-end=\"1594\"><strong data-start=\"1437\" data-end=\"1471\">Optimoitu laiturointitehokkuus<\/strong> \u2013 V\u00e4hent\u00e4\u00e4 per\u00e4moottorien aiheuttamaa veden liikehdint\u00e4\u00e4, mik\u00e4 tekee ahtaissa paikoissa laituroinnista entist\u00e4 sujuvampaa.<\/p>\n<\/li>\n<\/ul>\n                    \t\t\t\t\t\n                                    <\/div>\n            <\/div>\n        <\/div>\n    <\/div>\n<\/section>\n<section id=\"content-block-1-block_be60639b471de09e37b0f4441285c851\" class=\"section content-block content-block--image \">\n    <div class=\"container\">\n        <div class=\"row d-flex align-items-center flex-md-row-reverse\">\n\n            <div class=\"col-md-6 col-lg-7 offset-lg-1\">\n                                    <div class=\"content-block__visuals\">\n                        <div class=\"content-block__media media--clipped media ratio\">\n                            <div class=\"media__wrapper\">\n                                <img decoding=\"async\" width=\"690\" height=\"457\" src=\"https:\/\/vetus.com\/wp-content\/uploads\/DSC_0765-690x457.jpg\" class=\"media__source img-fit\" alt=\"\" srcset=\"https:\/\/vetus.com\/wp-content\/uploads\/DSC_0765-690x457.jpg 690w, https:\/\/vetus.com\/wp-content\/uploads\/DSC_0765-300x199.jpg 300w, https:\/\/vetus.com\/wp-content\/uploads\/DSC_0765-768x509.jpg 768w, https:\/\/vetus.com\/wp-content\/uploads\/DSC_0765-210x139.jpg 210w, https:\/\/vetus.com\/wp-content\/uploads\/DSC_0765-330x219.jpg 330w, https:\/\/vetus.com\/wp-content\/uploads\/DSC_0765-431x285.jpg 431w, https:\/\/vetus.com\/wp-content\/uploads\/DSC_0765-507x336.jpg 507w, https:\/\/vetus.com\/wp-content\/uploads\/DSC_0765-530x351.jpg 530w, https:\/\/vetus.com\/wp-content\/uploads\/DSC_0765-930x616.jpg 930w, https:\/\/vetus.com\/wp-content\/uploads\/DSC_0765-1170x775.jpg 1170w\" sizes=\"auto, (max-width: 575.98px) 431px, (max-width: 767.98px) 530px, (max-width: 991.98px) 330px, (max-width: 1279.98px) 530px, (max-width: 1899.98px) 690px, 930px\" loading=\"lazy\" \/>                            <\/div>\n                        <\/div>\n                    <\/div>\n                            <\/div>\n\n            <div class=\"col-md-6 col-lg-4\">\n                <div class=\"content-block__body\">\n                                            <h3 class=\"content-block__title\">\n                            Korkean suorituskyvyn teknologinen yhteisty\u00f6                        <\/h3>\n                    \n                    \n                                            <p data-start=\"1651\" data-end=\"1997\">T\u00e4m\u00e4 strateginen kumppanuus VETUSin, Hondan ja Ultraflexin v\u00e4lill\u00e4 edustaa merkitt\u00e4v\u00e4\u00e4 edistysaskelta veneilyteknologiassa. Yhdist\u00e4m\u00e4ll\u00e4 Honda Marinen voiman ja luotettavuuden, Ultraflexin edistyksellisen ohjauksen sek\u00e4 VETUS BOW PRO -keulapotkureiden huippuluokan suorituskyvyn veneilij\u00e4t voivat kokea ennenn\u00e4kem\u00e4tt\u00f6m\u00e4n varmuuden laituroinnissa.<\/p>\n<ul data-start=\"1999\" data-end=\"2331\">\n<li data-start=\"1999\" data-end=\"2115\">\n<p data-start=\"2001\" data-end=\"2115\">Kaikki BOW PRO (BOWA &amp; BOWB) ja RIMDRIVE -keulapotkurit ovat t\u00e4ysin yhteensopivia Honda-per\u00e4moottoreiden kanssa.<\/p>\n<\/li>\n<li data-start=\"2116\" data-end=\"2224\">\n<p data-start=\"2118\" data-end=\"2224\">Suunniteltu yhdest\u00e4 nelj\u00e4\u00e4n moottorin asennuksiin, tarjoten joustavuutta erilaisiin vene\u00adkokoonpanoihin.<\/p>\n<\/li>\n<li data-start=\"2225\" data-end=\"2331\">\n<p data-start=\"2227\" data-end=\"2331\">Rakennettu luotettavaksi, turvalliseksi ja helppok\u00e4ytt\u00f6iseksi, jotta laiturointi olisi huoleton kokemus.<\/p>\n<\/li>\n<\/ul>\n                    \t\t\t\t\t\n                                    <\/div>\n            <\/div>\n        <\/div>\n    <\/div>\n<\/section>\n\n<section id=\"section-text-block-block_be60639b471de09e37b0f4441285c851\" class=\"section text-block \">\n                    <div class=\"section section__body\">\n            <div class=\"text-block\">\n                <div class=\"container\">\n                    <div class=\"row\">\n                        <div class=\"col-lg-8 offset-lg-2\">\n                                                            <div class=\"section__content single__content hentry\">\n                                    <h3 data-start=\"2338\" data-end=\"2379\">Paranna veneilykokemustasi jo t\u00e4n\u00e4\u00e4n!<\/h3>\n<p data-start=\"2381\" data-end=\"2573\" data-is-last-node=\"\" data-is-only-node=\"\">Laiturointi ei ole koskaan ollut n\u00e4in vaivatonta. VETUSin, Honda Marinen ja Ultraflexin ansiosta voit nauttia t\u00e4ydellisest\u00e4 tasapainosta teknologian, suorituskyvyn ja helpon hallinnan v\u00e4lill\u00e4.<\/p>\n                                <\/div>\n                            \n                                                    <\/div>\n                    <\/div>\n                <\/div>\n            <\/div>\n        <\/div>\n    <\/section><\/section>","protected":false},"excerpt":{"rendered":"","protected":false},"author":20,"featured_media":0,"parent":0,"menu_order":0,"comment_status":"closed","ping_status":"closed","template":"tpl-default.php","meta":{"_acf_changed":false,"footnotes":""},"class_list":["post-101570","page","type-page","status-publish","hentry"],"acf":{"background_image":{"ID":100392,"id":100392,"title":"palmm","filename":"palmm.jpg","filesize":63573,"url":"https:\/\/vetus.com\/wp-content\/uploads\/palmm.jpg","link":"https:\/\/vetus.com\/fi\/venenayttely\/palm-beach-boat-show-2\/palmm-2\/","alt":"","author":"20","description":"","caption":"","name":"palmm-2","status":"inherit","uploaded_to":100404,"date":"2025-02-12 12:32:55","modified":"2025-02-12 12:32:55","menu_order":0,"mime_type":"image\/jpeg","type":"image","subtype":"jpeg","icon":"https:\/\/vetus.com\/wp-includes\/images\/media\/default.png","width":960,"height":640,"sizes":{"thumbnail":"https:\/\/vetus.com\/wp-content\/uploads\/palmm-150x150.jpg","thumbnail-width":150,"thumbnail-height":150,"medium":"https:\/\/vetus.com\/wp-content\/uploads\/palmm-300x200.jpg","medium-width":300,"medium-height":200,"medium_large":"https:\/\/vetus.com\/wp-content\/uploads\/palmm-768x512.jpg","medium_large-width":768,"medium_large-height":512,"large":"https:\/\/vetus.com\/wp-content\/uploads\/palmm.jpg","large-width":960,"large-height":640,"1536x1536":"https:\/\/vetus.com\/wp-content\/uploads\/palmm.jpg","1536x1536-width":960,"1536x1536-height":640,"2048x2048":"https:\/\/vetus.com\/wp-content\/uploads\/palmm.jpg","2048x2048-width":960,"2048x2048-height":640,"210w":"https:\/\/vetus.com\/wp-content\/uploads\/palmm-210x140.jpg","210w-width":210,"210w-height":140,"330w":"https:\/\/vetus.com\/wp-content\/uploads\/palmm-330x220.jpg","330w-width":330,"330w-height":220,"431w":"https:\/\/vetus.com\/wp-content\/uploads\/palmm-431x287.jpg","431w-width":431,"431w-height":287,"507w":"https:\/\/vetus.com\/wp-content\/uploads\/palmm-507x338.jpg","507w-width":507,"507w-height":338,"530w":"https:\/\/vetus.com\/wp-content\/uploads\/palmm-530x353.jpg","530w-width":530,"530w-height":353,"690w":"https:\/\/vetus.com\/wp-content\/uploads\/palmm-690x460.jpg","690w-width":690,"690w-height":460,"930w":"https:\/\/vetus.com\/wp-content\/uploads\/palmm-930x620.jpg","930w-width":930,"930w-height":620,"1170w":"https:\/\/vetus.com\/wp-content\/uploads\/palmm.jpg","1170w-width":960,"1170w-height":640,"gform-image-choice-sm":"https:\/\/vetus.com\/wp-content\/uploads\/palmm-300x300.jpg","gform-image-choice-sm-width":300,"gform-image-choice-sm-height":300,"gform-image-choice-md":"https:\/\/vetus.com\/wp-content\/uploads\/palmm-400x400.jpg","gform-image-choice-md-width":400,"gform-image-choice-md-height":400,"gform-image-choice-lg":"https:\/\/vetus.com\/wp-content\/uploads\/palmm-600x600.jpg","gform-image-choice-lg-width":600,"gform-image-choice-lg-height":600}},"button":{"title":"","url":"","target":"","0":""},"image":{"ID":101762,"id":101762,"title":"Idea 80 + BF350 Grand Prix White (16)","filename":"Idea-80-BF350-Grand-Prix-White-16-scaled.jpg","filesize":725252,"url":"https:\/\/vetus.com\/wp-content\/uploads\/Idea-80-BF350-Grand-Prix-White-16-scaled.jpg","link":"https:\/\/vetus.com\/fi\/bow-pro-keulapotkurin-integrointi-honda-peramoottoreihin-ja-ultraflex-ohjaukseen\/idea-80-bf350-grand-prix-white-16-2\/","alt":"","author":"20","description":"","caption":"","name":"idea-80-bf350-grand-prix-white-16-2","status":"inherit","uploaded_to":101570,"date":"2025-03-06 10:20:59","modified":"2025-03-06 10:20:59","menu_order":0,"mime_type":"image\/jpeg","type":"image","subtype":"jpeg","icon":"https:\/\/vetus.com\/wp-includes\/images\/media\/default.png","width":2560,"height":1707,"sizes":{"thumbnail":"https:\/\/vetus.com\/wp-content\/uploads\/Idea-80-BF350-Grand-Prix-White-16-150x150.jpg","thumbnail-width":150,"thumbnail-height":150,"medium":"https:\/\/vetus.com\/wp-content\/uploads\/Idea-80-BF350-Grand-Prix-White-16-300x200.jpg","medium-width":300,"medium-height":200,"medium_large":"https:\/\/vetus.com\/wp-content\/uploads\/Idea-80-BF350-Grand-Prix-White-16-768x512.jpg","medium_large-width":768,"medium_large-height":512,"large":"https:\/\/vetus.com\/wp-content\/uploads\/Idea-80-BF350-Grand-Prix-White-16-scaled.jpg","large-width":1024,"large-height":683,"1536x1536":"https:\/\/vetus.com\/wp-content\/uploads\/Idea-80-BF350-Grand-Prix-White-16-scaled.jpg","1536x1536-width":1536,"1536x1536-height":1024,"2048x2048":"https:\/\/vetus.com\/wp-content\/uploads\/Idea-80-BF350-Grand-Prix-White-16-scaled.jpg","2048x2048-width":2048,"2048x2048-height":1366,"210w":"https:\/\/vetus.com\/wp-content\/uploads\/Idea-80-BF350-Grand-Prix-White-16-210x140.jpg","210w-width":210,"210w-height":140,"330w":"https:\/\/vetus.com\/wp-content\/uploads\/Idea-80-BF350-Grand-Prix-White-16-330x220.jpg","330w-width":330,"330w-height":220,"431w":"https:\/\/vetus.com\/wp-content\/uploads\/Idea-80-BF350-Grand-Prix-White-16-431x287.jpg","431w-width":431,"431w-height":287,"507w":"https:\/\/vetus.com\/wp-content\/uploads\/Idea-80-BF350-Grand-Prix-White-16-507x338.jpg","507w-width":507,"507w-height":338,"530w":"https:\/\/vetus.com\/wp-content\/uploads\/Idea-80-BF350-Grand-Prix-White-16-530x353.jpg","530w-width":530,"530w-height":353,"690w":"https:\/\/vetus.com\/wp-content\/uploads\/Idea-80-BF350-Grand-Prix-White-16-690x460.jpg","690w-width":690,"690w-height":460,"930w":"https:\/\/vetus.com\/wp-content\/uploads\/Idea-80-BF350-Grand-Prix-White-16-930x620.jpg","930w-width":930,"930w-height":620,"1170w":"https:\/\/vetus.com\/wp-content\/uploads\/Idea-80-BF350-Grand-Prix-White-16-1170x780.jpg","1170w-width":1170,"1170w-height":780,"gform-image-choice-sm":"https:\/\/vetus.com\/wp-content\/uploads\/Idea-80-BF350-Grand-Prix-White-16-scaled.jpg","gform-image-choice-sm-width":300,"gform-image-choice-sm-height":200,"gform-image-choice-md":"https:\/\/vetus.com\/wp-content\/uploads\/Idea-80-BF350-Grand-Prix-White-16-scaled.jpg","gform-image-choice-md-width":400,"gform-image-choice-md-height":267,"gform-image-choice-lg":"https:\/\/vetus.com\/wp-content\/uploads\/Idea-80-BF350-Grand-Prix-White-16-scaled.jpg","gform-image-choice-lg-width":600,"gform-image-choice-lg-height":400}},"introduction":"","person":false,"title":"\u00c4lyk\u00e4s integrointi parempaa hallittavuutta varten","video":false},"yoast_head":"<!-- This site is optimized with the Yoast SEO Premium plugin v27.3 (Yoast SEO v27.3) - https:\/\/yoast.com\/product\/yoast-seo-premium-wordpress\/ -->\n<title>BOW PRO -keulapotkurin integrointi Honda-per\u00e4moottoreihin ja Ultraflex-ohjaukseen - VETUS<\/title>\n<meta name=\"description\" content=\"Laajentaakseen integraatio-ohjelmaansa ja parantaakseen veneilykokemusta entist\u00e4 useammille k\u00e4ytt\u00e4jille VETUS tekee nyt yhteisty\u00f6t\u00e4...\" \/>\n<meta name=\"robots\" content=\"index, follow, max-snippet:-1, max-image-preview:large, max-video-preview:-1\" \/>\n<link rel=\"canonical\" href=\"https:\/\/vetus.com\/fi\/bow-pro-keulapotkurin-integrointi-honda-peramoottoreihin-ja-ultraflex-ohjaukseen\/\" \/>\n<meta property=\"og:locale\" content=\"fi_FI\" \/>\n<meta property=\"og:type\" content=\"article\" \/>\n<meta property=\"og:title\" content=\"BOW PRO -keulapotkurin integrointi Honda-per\u00e4moottoreihin ja Ultraflex-ohjaukseen\" \/>\n<meta property=\"og:description\" content=\"Laajentaakseen integraatio-ohjelmaansa ja parantaakseen veneilykokemusta entist\u00e4 useammille k\u00e4ytt\u00e4jille VETUS tekee nyt yhteisty\u00f6t\u00e4...\" \/>\n<meta property=\"og:url\" content=\"https:\/\/vetus.com\/fi\/bow-pro-keulapotkurin-integrointi-honda-peramoottoreihin-ja-ultraflex-ohjaukseen\/\" \/>\n<meta property=\"og:site_name\" content=\"VETUS\" \/>\n<meta property=\"article:modified_time\" content=\"2026-02-26T14:05:01+00:00\" \/>\n<meta name=\"twitter:card\" content=\"summary_large_image\" \/>\n<meta name=\"twitter:label1\" content=\"Arvioitu lukuaika\" \/>\n\t<meta name=\"twitter:data1\" content=\"3 minuuttia\" \/>\n<script type=\"application\/ld+json\" class=\"yoast-schema-graph\">{\"@context\":\"https:\\\/\\\/schema.org\",\"@graph\":[{\"@type\":\"WebPage\",\"@id\":\"https:\\\/\\\/vetus.com\\\/fi\\\/bow-pro-keulapotkurin-integrointi-honda-peramoottoreihin-ja-ultraflex-ohjaukseen\\\/\",\"url\":\"https:\\\/\\\/vetus.com\\\/fi\\\/bow-pro-keulapotkurin-integrointi-honda-peramoottoreihin-ja-ultraflex-ohjaukseen\\\/\",\"name\":\"BOW PRO -keulapotkurin integrointi Honda-per\u00e4moottoreihin ja Ultraflex-ohjaukseen - VETUS\",\"isPartOf\":{\"@id\":\"https:\\\/\\\/vetus.com\\\/fi\\\/#website\"},\"datePublished\":\"2025-02-26T14:42:13+00:00\",\"dateModified\":\"2026-02-26T14:05:01+00:00\",\"description\":\"Laajentaakseen integraatio-ohjelmaansa ja parantaakseen veneilykokemusta entist\u00e4 useammille k\u00e4ytt\u00e4jille VETUS tekee nyt yhteisty\u00f6t\u00e4...\",\"breadcrumb\":{\"@id\":\"https:\\\/\\\/vetus.com\\\/fi\\\/bow-pro-keulapotkurin-integrointi-honda-peramoottoreihin-ja-ultraflex-ohjaukseen\\\/#breadcrumb\"},\"inLanguage\":\"fi\",\"potentialAction\":[{\"@type\":\"ReadAction\",\"target\":[\"https:\\\/\\\/vetus.com\\\/fi\\\/bow-pro-keulapotkurin-integrointi-honda-peramoottoreihin-ja-ultraflex-ohjaukseen\\\/\"]}]},{\"@type\":\"BreadcrumbList\",\"@id\":\"https:\\\/\\\/vetus.com\\\/fi\\\/bow-pro-keulapotkurin-integrointi-honda-peramoottoreihin-ja-ultraflex-ohjaukseen\\\/#breadcrumb\",\"itemListElement\":[{\"@type\":\"ListItem\",\"position\":1,\"name\":\"Home\",\"item\":\"https:\\\/\\\/vetus.com\\\/fi\\\/\"},{\"@type\":\"ListItem\",\"position\":2,\"name\":\"BOW PRO -keulapotkurin integrointi Honda-per\u00e4moottoreihin ja Ultraflex-ohjaukseen\"}]},{\"@type\":\"WebSite\",\"@id\":\"https:\\\/\\\/vetus.com\\\/fi\\\/#website\",\"url\":\"https:\\\/\\\/vetus.com\\\/fi\\\/\",\"name\":\"VETUS\",\"description\":\"\",\"potentialAction\":[{\"@type\":\"SearchAction\",\"target\":{\"@type\":\"EntryPoint\",\"urlTemplate\":\"https:\\\/\\\/vetus.com\\\/fi\\\/?s={search_term_string}\"},\"query-input\":{\"@type\":\"PropertyValueSpecification\",\"valueRequired\":true,\"valueName\":\"search_term_string\"}}],\"inLanguage\":\"fi\"}]}<\/script>\n<!-- \/ Yoast SEO Premium plugin. -->","yoast_head_json":{"title":"BOW PRO -keulapotkurin integrointi Honda-per\u00e4moottoreihin ja Ultraflex-ohjaukseen - VETUS","description":"Laajentaakseen integraatio-ohjelmaansa ja parantaakseen veneilykokemusta entist\u00e4 useammille k\u00e4ytt\u00e4jille VETUS tekee nyt yhteisty\u00f6t\u00e4...","robots":{"index":"index","follow":"follow","max-snippet":"max-snippet:-1","max-image-preview":"max-image-preview:large","max-video-preview":"max-video-preview:-1"},"canonical":"https:\/\/vetus.com\/fi\/bow-pro-keulapotkurin-integrointi-honda-peramoottoreihin-ja-ultraflex-ohjaukseen\/","og_locale":"fi_FI","og_type":"article","og_title":"BOW PRO -keulapotkurin integrointi Honda-per\u00e4moottoreihin ja Ultraflex-ohjaukseen","og_description":"Laajentaakseen integraatio-ohjelmaansa ja parantaakseen veneilykokemusta entist\u00e4 useammille k\u00e4ytt\u00e4jille VETUS tekee nyt yhteisty\u00f6t\u00e4...","og_url":"https:\/\/vetus.com\/fi\/bow-pro-keulapotkurin-integrointi-honda-peramoottoreihin-ja-ultraflex-ohjaukseen\/","og_site_name":"VETUS","article_modified_time":"2026-02-26T14:05:01+00:00","twitter_card":"summary_large_image","twitter_misc":{"Arvioitu lukuaika":"3 minuuttia"},"schema":{"@context":"https:\/\/schema.org","@graph":[{"@type":"WebPage","@id":"https:\/\/vetus.com\/fi\/bow-pro-keulapotkurin-integrointi-honda-peramoottoreihin-ja-ultraflex-ohjaukseen\/","url":"https:\/\/vetus.com\/fi\/bow-pro-keulapotkurin-integrointi-honda-peramoottoreihin-ja-ultraflex-ohjaukseen\/","name":"BOW PRO -keulapotkurin integrointi Honda-per\u00e4moottoreihin ja Ultraflex-ohjaukseen - VETUS","isPartOf":{"@id":"https:\/\/vetus.com\/fi\/#website"},"datePublished":"2025-02-26T14:42:13+00:00","dateModified":"2026-02-26T14:05:01+00:00","description":"Laajentaakseen integraatio-ohjelmaansa ja parantaakseen veneilykokemusta entist\u00e4 useammille k\u00e4ytt\u00e4jille VETUS tekee nyt yhteisty\u00f6t\u00e4...","breadcrumb":{"@id":"https:\/\/vetus.com\/fi\/bow-pro-keulapotkurin-integrointi-honda-peramoottoreihin-ja-ultraflex-ohjaukseen\/#breadcrumb"},"inLanguage":"fi","potentialAction":[{"@type":"ReadAction","target":["https:\/\/vetus.com\/fi\/bow-pro-keulapotkurin-integrointi-honda-peramoottoreihin-ja-ultraflex-ohjaukseen\/"]}]},{"@type":"BreadcrumbList","@id":"https:\/\/vetus.com\/fi\/bow-pro-keulapotkurin-integrointi-honda-peramoottoreihin-ja-ultraflex-ohjaukseen\/#breadcrumb","itemListElement":[{"@type":"ListItem","position":1,"name":"Home","item":"https:\/\/vetus.com\/fi\/"},{"@type":"ListItem","position":2,"name":"BOW PRO -keulapotkurin integrointi Honda-per\u00e4moottoreihin ja Ultraflex-ohjaukseen"}]},{"@type":"WebSite","@id":"https:\/\/vetus.com\/fi\/#website","url":"https:\/\/vetus.com\/fi\/","name":"VETUS","description":"","potentialAction":[{"@type":"SearchAction","target":{"@type":"EntryPoint","urlTemplate":"https:\/\/vetus.com\/fi\/?s={search_term_string}"},"query-input":{"@type":"PropertyValueSpecification","valueRequired":true,"valueName":"search_term_string"}}],"inLanguage":"fi"}]}},"_links":{"self":[{"href":"https:\/\/vetus.com\/fi\/wp-json\/wp\/v2\/pages\/101570","targetHints":{"allow":["GET"]}}],"collection":[{"href":"https:\/\/vetus.com\/fi\/wp-json\/wp\/v2\/pages"}],"about":[{"href":"https:\/\/vetus.com\/fi\/wp-json\/wp\/v2\/types\/page"}],"author":[{"embeddable":true,"href":"https:\/\/vetus.com\/fi\/wp-json\/wp\/v2\/users\/20"}],"replies":[{"embeddable":true,"href":"https:\/\/vetus.com\/fi\/wp-json\/wp\/v2\/comments?post=101570"}],"version-history":[{"count":4,"href":"https:\/\/vetus.com\/fi\/wp-json\/wp\/v2\/pages\/101570\/revisions"}],"predecessor-version":[{"id":122798,"href":"https:\/\/vetus.com\/fi\/wp-json\/wp\/v2\/pages\/101570\/revisions\/122798"}],"wp:attachment":[{"href":"https:\/\/vetus.com\/fi\/wp-json\/wp\/v2\/media?parent=101570"}],"curies":[{"name":"wp","href":"https:\/\/api.w.org\/{rel}","templated":true}]}}