{"id":98877,"date":"2025-01-07T10:14:50","date_gmt":"2025-01-07T08:14:50","guid":{"rendered":"https:\/\/vetus.com\/winter-guide-2025\/"},"modified":"2025-02-13T10:10:43","modified_gmt":"2025-02-13T08:10:43","slug":"winter-guide-2025","status":"publish","type":"page","link":"https:\/\/vetus.com\/es\/campanas-vetus\/winter-guide-2025\/","title":{"rendered":"Gu\u00eda de invierno VETUS 2025"},"content":{"rendered":"\n<section class=\"section  \">\n    \n\n<section id=\"section-text-block-block_d0d2754ae1d682b553b5621b1459cd31\" class=\"section text-block \">\n                    <div class=\"section section__body\">\n            <div class=\"text-block\">\n                <div class=\"container\">\n                    <div class=\"row\">\n                        <div class=\"col-lg-8 offset-lg-2\">\n                                                            <div class=\"section__content single__content hentry\">\n                                    <p>Por eso, VETUS ha creado la Gu\u00eda de Invierno VETUS 2025: tu recurso imprescindible para el cuidado de embarcaciones durante el invierno. Esta gu\u00eda completa est\u00e1 llena de consejos esenciales y recomendaciones pr\u00e1cticas para garantizar que tu barco se mantenga en perfectas condiciones durante los meses m\u00e1s fr\u00edos. Desde revisiones de mantenimiento exhaustivas hasta medidas preventivas proactivas, nuestra gu\u00eda lo cubre todo.<\/p>\n<p>Siguiendo nuestras recomendaciones de expertos, proteger\u00e1s tu barco de da\u00f1os innecesarios, ahorrar\u00e1s en reparaciones costosas y disfrutar\u00e1s de un inicio sin contratiempos para la pr\u00f3xima temporada de navegaci\u00f3n.<\/p>\n<p><strong>Descarga hoy mismo la Gu\u00eda de Invierno VETUS de forma gratuita<\/strong> y aseg\u00farate de que tu embarcaci\u00f3n est\u00e9 lista para la pr\u00f3xima temporada en el agua.<\/p>\n                                <\/div>\n                            \n                                                            <div class=\"section__actions text-block__actions actions\">\n                                    <div class=\"btn-group d-flex flex-wrap justify-content-center\">\n                                                                                    <a href=\"https:\/\/vetus.com\/es\/pagina-del-formulario\/\" class=\"btn btn-primary\" title=\"\" target=\"_blank\">\n                                                <span>Descargar gu\u00eda<\/span>\n                                            <\/a>\n                                        \n                                                                            <\/div>\n                                <\/div>\n                                                    <\/div>\n                    <\/div>\n                <\/div>\n            <\/div>\n        <\/div>\n    <\/section><\/section>\n\n<section class=\"section section--colored bg-light content-blocks bg-light   \">\n    <section id=\"section-gallery-block_24832985f17dc6b6b63358f77fc55a4b\" class=\"section gallery \">\n                <div class=\"section__body gallery__body\">\n            <div class=\"container\">\n                <div class=\"row row--col-margin-medium justify-content-center\">\n                                            <div class=\"col-8 col-sm-4 offset-sm-0\">\n                            <div class=\"gallery__media media media--clipped ratio\">\n                                <div class=\"media__wrapper\">\n                                    <img decoding=\"async\" width=\"690\" height=\"460\" src=\"https:\/\/vetus.com\/wp-content\/uploads\/shutterstock_1672082746-690x460.jpg\" class=\"media__src img-fit\" alt=\"\" srcset=\"https:\/\/vetus.com\/wp-content\/uploads\/shutterstock_1672082746-690x460.jpg 690w, https:\/\/vetus.com\/wp-content\/uploads\/shutterstock_1672082746-300x200.jpg 300w, https:\/\/vetus.com\/wp-content\/uploads\/shutterstock_1672082746-768x512.jpg 768w, https:\/\/vetus.com\/wp-content\/uploads\/shutterstock_1672082746-210x140.jpg 210w, https:\/\/vetus.com\/wp-content\/uploads\/shutterstock_1672082746-330x220.jpg 330w, https:\/\/vetus.com\/wp-content\/uploads\/shutterstock_1672082746-431x287.jpg 431w, https:\/\/vetus.com\/wp-content\/uploads\/shutterstock_1672082746-507x338.jpg 507w, https:\/\/vetus.com\/wp-content\/uploads\/shutterstock_1672082746-530x353.jpg 530w, https:\/\/vetus.com\/wp-content\/uploads\/shutterstock_1672082746-930x620.jpg 930w, https:\/\/vetus.com\/wp-content\/uploads\/shutterstock_1672082746-1170x780.jpg 1170w\" sizes=\"auto, (max-width: 575.98px) 431px, (max-width: 767.98px) 530px, (max-width: 991.98px) 330px, (max-width: 1279.98px) 431px, (max-width: 1899.98px) 530px, 690px\" loading=\"lazy\" \/>                                <\/div>\n                            <\/div>\n                        <\/div>\n                                            <div class=\"col-8 col-sm-4 offset-sm-0\">\n                            <div class=\"gallery__media media media--clipped ratio\">\n                                <div class=\"media__wrapper\">\n                                    <img decoding=\"async\" width=\"690\" height=\"460\" src=\"https:\/\/vetus.com\/wp-content\/uploads\/PNG-DSC07503-690x460.png\" class=\"media__src img-fit\" alt=\"\" srcset=\"https:\/\/vetus.com\/wp-content\/uploads\/PNG-DSC07503-690x460.png 690w, https:\/\/vetus.com\/wp-content\/uploads\/PNG-DSC07503-300x200.png 300w, https:\/\/vetus.com\/wp-content\/uploads\/PNG-DSC07503-768x512.png 768w, https:\/\/vetus.com\/wp-content\/uploads\/PNG-DSC07503-210x140.png 210w, https:\/\/vetus.com\/wp-content\/uploads\/PNG-DSC07503-330x220.png 330w, https:\/\/vetus.com\/wp-content\/uploads\/PNG-DSC07503-431x287.png 431w, https:\/\/vetus.com\/wp-content\/uploads\/PNG-DSC07503-507x338.png 507w, https:\/\/vetus.com\/wp-content\/uploads\/PNG-DSC07503-530x353.png 530w, https:\/\/vetus.com\/wp-content\/uploads\/PNG-DSC07503-930x620.png 930w, https:\/\/vetus.com\/wp-content\/uploads\/PNG-DSC07503-1170x780.png 1170w\" sizes=\"auto, (max-width: 575.98px) 431px, (max-width: 767.98px) 530px, (max-width: 991.98px) 330px, (max-width: 1279.98px) 431px, (max-width: 1899.98px) 530px, 690px\" loading=\"lazy\" \/>                                <\/div>\n                            <\/div>\n                        <\/div>\n                                            <div class=\"col-8 col-sm-4 offset-sm-0\">\n                            <div class=\"gallery__media media media--clipped ratio\">\n                                <div class=\"media__wrapper\">\n                                    <img decoding=\"async\" width=\"690\" height=\"460\" src=\"https:\/\/vetus.com\/wp-content\/uploads\/shutterstock_2228356185-690x460.jpg\" class=\"media__src img-fit\" alt=\"\" srcset=\"https:\/\/vetus.com\/wp-content\/uploads\/shutterstock_2228356185-690x460.jpg 690w, https:\/\/vetus.com\/wp-content\/uploads\/shutterstock_2228356185-300x200.jpg 300w, https:\/\/vetus.com\/wp-content\/uploads\/shutterstock_2228356185-768x512.jpg 768w, https:\/\/vetus.com\/wp-content\/uploads\/shutterstock_2228356185-210x140.jpg 210w, https:\/\/vetus.com\/wp-content\/uploads\/shutterstock_2228356185-330x220.jpg 330w, https:\/\/vetus.com\/wp-content\/uploads\/shutterstock_2228356185-431x287.jpg 431w, https:\/\/vetus.com\/wp-content\/uploads\/shutterstock_2228356185-507x338.jpg 507w, https:\/\/vetus.com\/wp-content\/uploads\/shutterstock_2228356185-530x353.jpg 530w, https:\/\/vetus.com\/wp-content\/uploads\/shutterstock_2228356185-930x620.jpg 930w, https:\/\/vetus.com\/wp-content\/uploads\/shutterstock_2228356185-1170x780.jpg 1170w\" sizes=\"auto, (max-width: 575.98px) 431px, (max-width: 767.98px) 530px, (max-width: 991.98px) 330px, (max-width: 1279.98px) 431px, (max-width: 1899.98px) 530px, 690px\" loading=\"lazy\" \/>                                <\/div>\n                            <\/div>\n                        <\/div>\n                                    <\/div>\n            <\/div>\n        <\/div>\n    <\/section><\/section>\n\n\n<section class=\"section  \">\n    \n\n<section id=\"section-text-block-block_8e7743d9be98b7f19db8cd4b6c351e1b\" class=\"section text-block \">\n                    <div class=\"section section__body\">\n            <div class=\"text-block\">\n                <div class=\"container\">\n                    <div class=\"row\">\n                        <div class=\"col-lg-8 offset-lg-2\">\n                                                            <div class=\"section__content single__content hentry\">\n                                    <h3><strong>\u00bfPor qu\u00e9 elegir VETUS?<\/strong><\/h3>\n<p>Como marca l\u00edder en el sector mar\u00edtimo, VETUS ofrece mucho m\u00e1s que productos de alta calidad. Somos conocidos por nuestra experiencia de d\u00e9cadas, soluciones innovadoras y apoyo integral a los propietarios de embarcaciones en todo el mundo.<\/p>\n<p>\u00bfNuestra misi\u00f3n? Mejorar tu experiencia de navegaci\u00f3n y asegurarnos de que disfrutes del agua sin preocupaciones, temporada tras temporada. Con la <strong>Gu\u00eda de Invierno VETUS<\/strong>, te proporcionamos consejos pr\u00e1cticos, soluciones de mantenimiento inteligentes y recomendaciones esenciales que podr\u00e1s aplicar de inmediato.<\/p>\n<p>Ya seas un experimentado capit\u00e1n o un nuevo propietario de barco, VETUS est\u00e1 aqu\u00ed para ayudarte en cada paso del camino. Nos aseguraremos de que tu barco aguante el invierno sin da\u00f1os innecesarios, desgaste o costes extra.<\/p>\n<h3><strong>Red mundial de distribuidores<\/strong><\/h3>\n<p>Durante m\u00e1s de 60 a\u00f1os, hemos construido una s\u00f3lida red global de distribuidores y puntos de servicio. Esta <a href=\"https:\/\/vetus.com\/es\/localizador-de-distribuidores\/\">red<\/a> garantiza que los propietarios de embarcaciones de todo el mundo tengan acceso a asesoramiento experto y apoyo fiable, ayud\u00e1ndote a mantener tu barco en excelente estado y listo para cada temporada.<\/p>\n                                <\/div>\n                            \n                                                            <div class=\"section__actions text-block__actions actions\">\n                                    <div class=\"btn-group d-flex flex-wrap justify-content-center\">\n                                                                                    <a href=\"https:\/\/vetus.com\/es\/localizador-de-distribuidores\/\" class=\"btn btn-primary\" title=\"\" target=\"_blank\">\n                                                <span>Encuentra tu distribuidor m\u00e1s cercano<\/span>\n                                            <\/a>\n                                        \n                                                                            <\/div>\n                                <\/div>\n                                                    <\/div>\n                    <\/div>\n                <\/div>\n            <\/div>\n        <\/div>\n    <\/section><\/section>","protected":false},"excerpt":{"rendered":"","protected":false},"author":25,"featured_media":0,"parent":32268,"menu_order":0,"comment_status":"closed","ping_status":"closed","template":"tpl-default.php","meta":{"_acf_changed":false,"footnotes":""},"class_list":["post-98877","page","type-page","status-publish","hentry"],"acf":{"image":{"ID":98862,"id":98862,"title":"Fishing,Boats,Boat,In,The,Small,Harbor,During,Winter,Time.","filename":"shutterstock_592738655-1-scaled.jpg","filesize":320593,"url":"https:\/\/vetus.com\/wp-content\/uploads\/shutterstock_592738655-1-scaled.jpg","link":"https:\/\/vetus.com\/es\/campanas-vetus\/winter-guide-2025\/fishingboatsboatinthesmallharborduringwintertime-2\/","alt":"","author":"25","description":"","caption":"Fishing boats boat in the small harbor during winter time. Ice, snow and sunshine.","name":"fishingboatsboatinthesmallharborduringwintertime-2","status":"inherit","uploaded_to":98877,"date":"2025-01-07 15:13:17","modified":"2025-01-07 15:13:17","menu_order":0,"mime_type":"image\/jpeg","type":"image","subtype":"jpeg","icon":"https:\/\/vetus.com\/wp-includes\/images\/media\/default.png","width":2560,"height":1253,"sizes":{"thumbnail":"https:\/\/vetus.com\/wp-content\/uploads\/shutterstock_592738655-1-150x150.jpg","thumbnail-width":150,"thumbnail-height":150,"medium":"https:\/\/vetus.com\/wp-content\/uploads\/shutterstock_592738655-1-300x147.jpg","medium-width":300,"medium-height":147,"medium_large":"https:\/\/vetus.com\/wp-content\/uploads\/shutterstock_592738655-1-768x376.jpg","medium_large-width":768,"medium_large-height":376,"large":"https:\/\/vetus.com\/wp-content\/uploads\/shutterstock_592738655-1-scaled.jpg","large-width":1024,"large-height":501,"1536x1536":"https:\/\/vetus.com\/wp-content\/uploads\/shutterstock_592738655-1-scaled.jpg","1536x1536-width":1536,"1536x1536-height":752,"2048x2048":"https:\/\/vetus.com\/wp-content\/uploads\/shutterstock_592738655-1-scaled.jpg","2048x2048-width":2048,"2048x2048-height":1002,"210w":"https:\/\/vetus.com\/wp-content\/uploads\/shutterstock_592738655-1-210x103.jpg","210w-width":210,"210w-height":103,"330w":"https:\/\/vetus.com\/wp-content\/uploads\/shutterstock_592738655-1-330x162.jpg","330w-width":330,"330w-height":162,"431w":"https:\/\/vetus.com\/wp-content\/uploads\/shutterstock_592738655-1-431x211.jpg","431w-width":431,"431w-height":211,"507w":"https:\/\/vetus.com\/wp-content\/uploads\/shutterstock_592738655-1-507x248.jpg","507w-width":507,"507w-height":248,"530w":"https:\/\/vetus.com\/wp-content\/uploads\/shutterstock_592738655-1-530x259.jpg","530w-width":530,"530w-height":259,"690w":"https:\/\/vetus.com\/wp-content\/uploads\/shutterstock_592738655-1-690x338.jpg","690w-width":690,"690w-height":338,"930w":"https:\/\/vetus.com\/wp-content\/uploads\/shutterstock_592738655-1-930x455.jpg","930w-width":930,"930w-height":455,"1170w":"https:\/\/vetus.com\/wp-content\/uploads\/shutterstock_592738655-1-1170x573.jpg","1170w-width":1170,"1170w-height":573,"gform-image-choice-sm":"https:\/\/vetus.com\/wp-content\/uploads\/shutterstock_592738655-1-300x300.jpg","gform-image-choice-sm-width":300,"gform-image-choice-sm-height":300,"gform-image-choice-md":"https:\/\/vetus.com\/wp-content\/uploads\/shutterstock_592738655-1-400x400.jpg","gform-image-choice-md-width":400,"gform-image-choice-md-height":400,"gform-image-choice-lg":"https:\/\/vetus.com\/wp-content\/uploads\/shutterstock_592738655-1-600x600.jpg","gform-image-choice-lg-width":600,"gform-image-choice-lg-height":600}},"introduction":"A medida que la temporada de navegaci\u00f3n se convierte en un recuerdo lejano y tu embarcaci\u00f3n descansa de forma segura en el almac\u00e9n, es f\u00e1cil sentir una sensaci\u00f3n de alivio. Sin embargo, \u00bfsab\u00edas que dejar tu barco inactivo durante meses puede provocar problemas imprevistos? Sin una adecuada preparaci\u00f3n para el invierno, podr\u00edas enfrentarte a sorpresas no deseadas cuando llegue el momento de volver al agua.","person":false,"title":"<h3>Mant\u00e9n tu embarcaci\u00f3n en perfecto estado<\/h3>"},"yoast_head":"<!-- This site is optimized with the Yoast SEO Premium plugin v27.4 (Yoast SEO v27.4) - https:\/\/yoast.com\/product\/yoast-seo-premium-wordpress\/ -->\n<title>Gu\u00eda de invierno VETUS 2025 - VETUS<\/title>\n<meta name=\"robots\" content=\"index, follow, max-snippet:-1, max-image-preview:large, max-video-preview:-1\" \/>\n<link rel=\"canonical\" href=\"https:\/\/vetus.com\/es\/campanas-vetus\/winter-guide-2025\/\" \/>\n<meta property=\"og:locale\" content=\"es_ES\" \/>\n<meta property=\"og:type\" content=\"article\" \/>\n<meta property=\"og:title\" content=\"Gu\u00eda de invierno VETUS 2025\" \/>\n<meta property=\"og:url\" content=\"https:\/\/vetus.com\/es\/campanas-vetus\/winter-guide-2025\/\" \/>\n<meta property=\"og:site_name\" content=\"VETUS\" \/>\n<meta property=\"article:modified_time\" content=\"2025-02-13T08:10:43+00:00\" \/>\n<meta name=\"twitter:card\" content=\"summary_large_image\" \/>\n<meta name=\"twitter:label1\" content=\"Tiempo de lectura\" \/>\n\t<meta name=\"twitter:data1\" content=\"3 minutos\" \/>\n<script type=\"application\/ld+json\" class=\"yoast-schema-graph\">{\"@context\":\"https:\\\/\\\/schema.org\",\"@graph\":[{\"@type\":\"WebPage\",\"@id\":\"https:\\\/\\\/vetus.com\\\/es\\\/campanas-vetus\\\/winter-guide-2025\\\/\",\"url\":\"https:\\\/\\\/vetus.com\\\/es\\\/campanas-vetus\\\/winter-guide-2025\\\/\",\"name\":\"Gu\u00eda de invierno VETUS 2025 - VETUS\",\"isPartOf\":{\"@id\":\"https:\\\/\\\/vetus.com\\\/es\\\/#website\"},\"datePublished\":\"2025-01-07T08:14:50+00:00\",\"dateModified\":\"2025-02-13T08:10:43+00:00\",\"breadcrumb\":{\"@id\":\"https:\\\/\\\/vetus.com\\\/es\\\/campanas-vetus\\\/winter-guide-2025\\\/#breadcrumb\"},\"inLanguage\":\"es\",\"potentialAction\":[{\"@type\":\"ReadAction\",\"target\":[\"https:\\\/\\\/vetus.com\\\/es\\\/campanas-vetus\\\/winter-guide-2025\\\/\"]}]},{\"@type\":\"BreadcrumbList\",\"@id\":\"https:\\\/\\\/vetus.com\\\/es\\\/campanas-vetus\\\/winter-guide-2025\\\/#breadcrumb\",\"itemListElement\":[{\"@type\":\"ListItem\",\"position\":1,\"name\":\"Home\",\"item\":\"https:\\\/\\\/vetus.com\\\/es\\\/\"},{\"@type\":\"ListItem\",\"position\":2,\"name\":\"Gu\u00eda de invierno VETUS 2025\"}]},{\"@type\":\"WebSite\",\"@id\":\"https:\\\/\\\/vetus.com\\\/es\\\/#website\",\"url\":\"https:\\\/\\\/vetus.com\\\/es\\\/\",\"name\":\"VETUS\",\"description\":\"\",\"potentialAction\":[{\"@type\":\"SearchAction\",\"target\":{\"@type\":\"EntryPoint\",\"urlTemplate\":\"https:\\\/\\\/vetus.com\\\/es\\\/?s={search_term_string}\"},\"query-input\":{\"@type\":\"PropertyValueSpecification\",\"valueRequired\":true,\"valueName\":\"search_term_string\"}}],\"inLanguage\":\"es\"}]}<\/script>\n<!-- \/ Yoast SEO Premium plugin. -->","yoast_head_json":{"title":"Gu\u00eda de invierno VETUS 2025 - VETUS","robots":{"index":"index","follow":"follow","max-snippet":"max-snippet:-1","max-image-preview":"max-image-preview:large","max-video-preview":"max-video-preview:-1"},"canonical":"https:\/\/vetus.com\/es\/campanas-vetus\/winter-guide-2025\/","og_locale":"es_ES","og_type":"article","og_title":"Gu\u00eda de invierno VETUS 2025","og_url":"https:\/\/vetus.com\/es\/campanas-vetus\/winter-guide-2025\/","og_site_name":"VETUS","article_modified_time":"2025-02-13T08:10:43+00:00","twitter_card":"summary_large_image","twitter_misc":{"Tiempo de lectura":"3 minutos"},"schema":{"@context":"https:\/\/schema.org","@graph":[{"@type":"WebPage","@id":"https:\/\/vetus.com\/es\/campanas-vetus\/winter-guide-2025\/","url":"https:\/\/vetus.com\/es\/campanas-vetus\/winter-guide-2025\/","name":"Gu\u00eda de invierno VETUS 2025 - VETUS","isPartOf":{"@id":"https:\/\/vetus.com\/es\/#website"},"datePublished":"2025-01-07T08:14:50+00:00","dateModified":"2025-02-13T08:10:43+00:00","breadcrumb":{"@id":"https:\/\/vetus.com\/es\/campanas-vetus\/winter-guide-2025\/#breadcrumb"},"inLanguage":"es","potentialAction":[{"@type":"ReadAction","target":["https:\/\/vetus.com\/es\/campanas-vetus\/winter-guide-2025\/"]}]},{"@type":"BreadcrumbList","@id":"https:\/\/vetus.com\/es\/campanas-vetus\/winter-guide-2025\/#breadcrumb","itemListElement":[{"@type":"ListItem","position":1,"name":"Home","item":"https:\/\/vetus.com\/es\/"},{"@type":"ListItem","position":2,"name":"Gu\u00eda de invierno VETUS 2025"}]},{"@type":"WebSite","@id":"https:\/\/vetus.com\/es\/#website","url":"https:\/\/vetus.com\/es\/","name":"VETUS","description":"","potentialAction":[{"@type":"SearchAction","target":{"@type":"EntryPoint","urlTemplate":"https:\/\/vetus.com\/es\/?s={search_term_string}"},"query-input":{"@type":"PropertyValueSpecification","valueRequired":true,"valueName":"search_term_string"}}],"inLanguage":"es"}]}},"_links":{"self":[{"href":"https:\/\/vetus.com\/es\/wp-json\/wp\/v2\/pages\/98877","targetHints":{"allow":["GET"]}}],"collection":[{"href":"https:\/\/vetus.com\/es\/wp-json\/wp\/v2\/pages"}],"about":[{"href":"https:\/\/vetus.com\/es\/wp-json\/wp\/v2\/types\/page"}],"author":[{"embeddable":true,"href":"https:\/\/vetus.com\/es\/wp-json\/wp\/v2\/users\/25"}],"replies":[{"embeddable":true,"href":"https:\/\/vetus.com\/es\/wp-json\/wp\/v2\/comments?post=98877"}],"version-history":[{"count":5,"href":"https:\/\/vetus.com\/es\/wp-json\/wp\/v2\/pages\/98877\/revisions"}],"predecessor-version":[{"id":100490,"href":"https:\/\/vetus.com\/es\/wp-json\/wp\/v2\/pages\/98877\/revisions\/100490"}],"up":[{"embeddable":true,"href":"https:\/\/vetus.com\/es\/wp-json\/wp\/v2\/pages\/32268"}],"wp:attachment":[{"href":"https:\/\/vetus.com\/es\/wp-json\/wp\/v2\/media?parent=98877"}],"curies":[{"name":"wp","href":"https:\/\/api.w.org\/{rel}","templated":true}]}}