{"id":3452,"date":"2021-03-30T14:44:02","date_gmt":"2021-03-30T13:44:02","guid":{"rendered":"https:\/\/vetus.inlinedigital.nl\/cms\/faq\/"},"modified":"2022-02-15T14:15:00","modified_gmt":"2022-02-15T13:15:00","slug":"faq","status":"publish","type":"page","link":"https:\/\/vetus.com\/es\/servicio-apoyo\/faq\/","title":{"rendered":"FAQ"},"content":{"rendered":"\n<section class=\"section mb-9 \" id=\"faq-block_606331151235a\">\n    <div class=\"container\">\n        <div class=\"row\">\n            <div class=\"col-lg-8 offset-lg-2\">\n                <form action=\"https:\/\/vetus.com\/es\/servicio-apoyo\/faq\/\">\n                    <div class=\"form-group\">\n                        <div class=\"search-input\">\n                            <input type=\"text\" class=\"form-control form-control-lg form-control--shadow search-input__field\" name=\"q\" id=\"input-search\" aria-describedby=\"search\" placeholder=\"\u00bfQu\u00e9 est\u00e1 buscando?\" value=\"\">\n\n                            <button class=\"btn btn-secondary btn-icon-only search-input__button\">\n                                <i class=\"icon icon-search\"><\/i>\n                            <\/button>\n                        <\/div>\n                    <\/div>\n                <\/form>\n            <\/div>\n        <\/div>\n    <\/div>\n<\/section>\n\n<section class=\"section\">\n    <div class=\"container\">\n        <div class=\"row\">\n            <div class=\"col-lg-3 mb-6 mb-lg-0\">\n\t\t\t\t\n<div class=\"sidebar\">\n    <aside class=\"sidebar-block\">\n        <div class=\"sidebar-block__header d-block d-lg-none\">\n            <!-- <hr> -->\n\n            <h5 class=\"sidebar-block__title\">\n                Categor\u00edas de preguntas frecuentes            <\/h5>\n        <\/div>\n\n        <div class=\"sidebar-block__body\">\n            <nav class=\"side-nav side-nav--faq\" role=\"navigation\" aria-label=\"\">\n                <ul class=\"list-group list-group-flush side-nav__list side-nav__list--styled text-sm\">\n                                                    <li class=\"list-group-item side-nav__item side-nav__item--styled \">\n                                    <a href=\"https:\/\/vetus.com\/es\/servicio-apoyo\/faq\/c\/instrumentos-de-a-bordo\" class=\"side-nav__link side-nav__link--styled\" target=\"\" title=\"\">\n                                        Instrumentos de a bordo                                        <i class=\"icon icon-keyboard_arrow_right d-block d-lg-none ml-auto pl-5\"><\/i>\n                                    <\/a>\n                                <\/li>\n                                                    <li class=\"list-group-item side-nav__item side-nav__item--styled \">\n                                    <a href=\"https:\/\/vetus.com\/es\/servicio-apoyo\/faq\/c\/sistemas-de-direccion-hidraulicas\" class=\"side-nav__link side-nav__link--styled\" target=\"\" title=\"\">\n                                        Sistemas de direcci\u00f3n hidr\u00e1ulicas                                        <i class=\"icon icon-keyboard_arrow_right d-block d-lg-none ml-auto pl-5\"><\/i>\n                                    <\/a>\n                                <\/li>\n                                                    <li class=\"list-group-item side-nav__item side-nav__item--styled \">\n                                    <a href=\"https:\/\/vetus.com\/es\/servicio-apoyo\/faq\/c\/propulsion-electrica\" class=\"side-nav__link side-nav__link--styled\" target=\"\" title=\"\">\n                                        Propulsi\u00f3n el\u00e9ctrica                                        <i class=\"icon icon-keyboard_arrow_right d-block d-lg-none ml-auto pl-5\"><\/i>\n                                    <\/a>\n                                <\/li>\n                                                    <li class=\"list-group-item side-nav__item side-nav__item--styled \">\n                                    <a href=\"https:\/\/vetus.com\/es\/servicio-apoyo\/faq\/c\/ventilacion\" class=\"side-nav__link side-nav__link--styled\" target=\"\" title=\"\">\n                                        Ventilaci\u00f3n                                        <i class=\"icon icon-keyboard_arrow_right d-block d-lg-none ml-auto pl-5\"><\/i>\n                                    <\/a>\n                                <\/li>\n                                                    <li class=\"list-group-item side-nav__item side-nav__item--styled \">\n                                    <a href=\"https:\/\/vetus.com\/es\/servicio-apoyo\/faq\/c\/v-quipment-es\" class=\"side-nav__link side-nav__link--styled\" target=\"\" title=\"\">\n                                        V-Quipment                                        <i class=\"icon icon-keyboard_arrow_right d-block d-lg-none ml-auto pl-5\"><\/i>\n                                    <\/a>\n                                <\/li>\n                                                    <li class=\"list-group-item side-nav__item side-nav__item--styled \">\n                                    <a href=\"https:\/\/vetus.com\/es\/servicio-apoyo\/faq\/c\/sistemas-de-escape\" class=\"side-nav__link side-nav__link--styled\" target=\"\" title=\"\">\n                                        Sistemas de escape                                        <i class=\"icon icon-keyboard_arrow_right d-block d-lg-none ml-auto pl-5\"><\/i>\n                                    <\/a>\n                                <\/li>\n                                                    <li class=\"list-group-item side-nav__item side-nav__item--styled \">\n                                    <a href=\"https:\/\/vetus.com\/es\/servicio-apoyo\/faq\/c\/sistemas-de-agua-dulce\" class=\"side-nav__link side-nav__link--styled\" target=\"\" title=\"\">\n                                        Sistemas de agua dulce                                        <i class=\"icon icon-keyboard_arrow_right d-block d-lg-none ml-auto pl-5\"><\/i>\n                                    <\/a>\n                                <\/li>\n                                                    <li class=\"list-group-item side-nav__item side-nav__item--styled \">\n                                    <a href=\"https:\/\/vetus.com\/es\/servicio-apoyo\/faq\/c\/sistemas-de-helices-de-proa\" class=\"side-nav__link side-nav__link--styled\" target=\"\" title=\"\">\n                                        Sistemas de h\u00e9lices de proa                                        <i class=\"icon icon-keyboard_arrow_right d-block d-lg-none ml-auto pl-5\"><\/i>\n                                    <\/a>\n                                <\/li>\n                                                    <li class=\"list-group-item side-nav__item side-nav__item--styled \">\n                                    <a href=\"https:\/\/vetus.com\/es\/servicio-apoyo\/faq\/c\/sistemas-de-fondeo-maxwell\" class=\"side-nav__link side-nav__link--styled\" target=\"\" title=\"\">\n                                        Sistemas de fondeo Maxwell                                        <i class=\"icon icon-keyboard_arrow_right d-block d-lg-none ml-auto pl-5\"><\/i>\n                                    <\/a>\n                                <\/li>\n                                                    <li class=\"list-group-item side-nav__item side-nav__item--styled \">\n                                    <a href=\"https:\/\/vetus.com\/es\/servicio-apoyo\/faq\/c\/sistemas-de-combustible\" class=\"side-nav__link side-nav__link--styled\" target=\"\" title=\"\">\n                                        Sistemas de combustible                                        <i class=\"icon icon-keyboard_arrow_right d-block d-lg-none ml-auto pl-5\"><\/i>\n                                    <\/a>\n                                <\/li>\n                                                    <li class=\"list-group-item side-nav__item side-nav__item--styled \">\n                                    <a href=\"https:\/\/vetus.com\/es\/servicio-apoyo\/faq\/c\/general\" class=\"side-nav__link side-nav__link--styled\" target=\"\" title=\"\">\n                                        General                                        <i class=\"icon icon-keyboard_arrow_right d-block d-lg-none ml-auto pl-5\"><\/i>\n                                    <\/a>\n                                <\/li>\n                                                    <li class=\"list-group-item side-nav__item side-nav__item--styled \">\n                                    <a href=\"https:\/\/vetus.com\/es\/servicio-apoyo\/faq\/c\/ventanas-marex-escotillas-y-portillos\" class=\"side-nav__link side-nav__link--styled\" target=\"\" title=\"\">\n                                        Ventanas marex, escotillas y portillos                                        <i class=\"icon icon-keyboard_arrow_right d-block d-lg-none ml-auto pl-5\"><\/i>\n                                    <\/a>\n                                <\/li>\n                                                    <li class=\"list-group-item side-nav__item side-nav__item--styled \">\n                                    <a href=\"https:\/\/vetus.com\/es\/servicio-apoyo\/faq\/c\/sistemas-de-aguas-sanitarias-es\" class=\"side-nav__link side-nav__link--styled\" target=\"\" title=\"\">\n                                        Sistemas de aguas sanitarias                                        <i class=\"icon icon-keyboard_arrow_right d-block d-lg-none ml-auto pl-5\"><\/i>\n                                    <\/a>\n                                <\/li>\n                                                    <li class=\"list-group-item side-nav__item side-nav__item--styled \">\n                                    <a href=\"https:\/\/vetus.com\/es\/servicio-apoyo\/faq\/c\/motores-y-entorno-al-motor\" class=\"side-nav__link side-nav__link--styled\" target=\"\" title=\"\">\n                                        Motores y entorno al motor                                        <i class=\"icon icon-keyboard_arrow_right d-block d-lg-none ml-auto pl-5\"><\/i>\n                                    <\/a>\n                                <\/li>\n                                                    <li class=\"list-group-item side-nav__item side-nav__item--styled \">\n                                    <a href=\"https:\/\/vetus.com\/es\/servicio-apoyo\/faq\/c\/electricidad-a-bordo\" class=\"side-nav__link side-nav__link--styled\" target=\"\" title=\"\">\n                                        Electricidad a bordo                                        <i class=\"icon icon-keyboard_arrow_right d-block d-lg-none ml-auto pl-5\"><\/i>\n                                    <\/a>\n                                <\/li>\n                                    <\/ul>\n            <\/nav>\n        <\/div>\n    <\/aside>\n\n<\/div>            <\/div>\n\n            <div class=\"col-lg-9\">\n                <section class=\"section accordion accordion--faq list list--accordion\">\n                    <div class=\"section__header mb-3\">\n                        <h4 class=\"section__title\">\n\t\t\t\t\t\t\tG\u00e9n\u00e9ral                        <\/h4>\n                    <\/div>\n\n                    <div class=\"section__body\">\n                        <ul class=\"accordion list-view list-inline\" id=\"accordion\">\n\t\t\t\t\t\t\t\n<li class=\"list-item accordion-item\">\n    <div class=\"accordion__group\">\n        <div class=\" accordion__header\" id=\"accordion__header-2\">\n            <button class=\"btn btn-textual accordion__button text-left collapsed\" data-toggle=\"collapse\" data-target=\"#accordion-group-9876\" aria-expanded=\"false\" aria-controls=\"accordion-group-9876\">\n                <i class=\"icon icon-keyboard_arrow_down accordion__icon\"><\/i>\n                <span class=\"accordion__title\">\n                    \u00bfQui\u00e9n debe realizar el mantenimiento de mi motor VETUS?                <\/span>\n            <\/button>\n        <\/div>\n\n        <div class=\"accordion__content collapse\" id=\"accordion-group-9876\" aria-labelledby=\"#accordion-header-9876\" data-parent=\"#accordion\">\n            <div class=\"accordion__inner hentry\">\n                <p>VETUS cuenta con una amplia red de servicios en todo el mundo, con acceso a conocimientos especializados y piezas de repuesto. Consulte nuestro localizador de distribuidores en l\u00ednea.<\/p>\n            <\/div>\n        <\/div>\n    <\/div>\n<\/li>\n<li class=\"list-item accordion-item\">\n    <div class=\"accordion__group\">\n        <div class=\" accordion__header\" id=\"accordion__header-2\">\n            <button class=\"btn btn-textual accordion__button text-left collapsed\" data-toggle=\"collapse\" data-target=\"#accordion-group-9878\" aria-expanded=\"false\" aria-controls=\"accordion-group-9878\">\n                <i class=\"icon icon-keyboard_arrow_down accordion__icon\"><\/i>\n                <span class=\"accordion__title\">\n                    \u00bfC\u00f3mo puedo obtener un manual para mi producto VETUS-Maxwell?                <\/span>\n            <\/button>\n        <\/div>\n\n        <div class=\"accordion__content collapse\" id=\"accordion-group-9878\" aria-labelledby=\"#accordion-header-9878\" data-parent=\"#accordion\">\n            <div class=\"accordion__inner hentry\">\n                <p>Los manuales siempre vienen en la caja. Si no es as\u00ed, puede encontrar la documentaci\u00f3n en el sitio web de VETUS en el bot\u00f3n de servicio y asistencia.<\/p>\n            <\/div>\n        <\/div>\n    <\/div>\n<\/li>\n<li class=\"list-item accordion-item\">\n    <div class=\"accordion__group\">\n        <div class=\" accordion__header\" id=\"accordion__header-2\">\n            <button class=\"btn btn-textual accordion__button text-left collapsed\" data-toggle=\"collapse\" data-target=\"#accordion-group-9899\" aria-expanded=\"false\" aria-controls=\"accordion-group-9899\">\n                <i class=\"icon icon-keyboard_arrow_down accordion__icon\"><\/i>\n                <span class=\"accordion__title\">\n                    \u00bfD\u00f3nde puedo encontrar los precios actuales?                <\/span>\n            <\/button>\n        <\/div>\n\n        <div class=\"accordion__content collapse\" id=\"accordion-group-9899\" aria-labelledby=\"#accordion-header-9899\" data-parent=\"#accordion\">\n            <div class=\"accordion__inner hentry\">\n                <p>Los precios actuales pueden obtenerse en su distribuidor local. Las listas de precios est\u00e1n disponibles en este sitio web.<\/p>\n            <\/div>\n        <\/div>\n    <\/div>\n<\/li>\n<li class=\"list-item accordion-item\">\n    <div class=\"accordion__group\">\n        <div class=\" accordion__header\" id=\"accordion__header-2\">\n            <button class=\"btn btn-textual accordion__button text-left collapsed\" data-toggle=\"collapse\" data-target=\"#accordion-group-9901\" aria-expanded=\"false\" aria-controls=\"accordion-group-9901\">\n                <i class=\"icon icon-keyboard_arrow_down accordion__icon\"><\/i>\n                <span class=\"accordion__title\">\n                    \u00bfD\u00f3nde puedo comprar los productos VETUS-Maxwell?                <\/span>\n            <\/button>\n        <\/div>\n\n        <div class=\"accordion__content collapse\" id=\"accordion-group-9901\" aria-labelledby=\"#accordion-header-9901\" data-parent=\"#accordion\">\n            <div class=\"accordion__inner hentry\">\n                <p>Los productos de VETUS\/Maxwell pueden obtenerse en todo el mundo, en m\u00e1s de 100 pa\u00edses. Puede encontrar su distribuidor local en www.vetus.com\/dealerlocator<\/p>\n            <\/div>\n        <\/div>\n    <\/div>\n<\/li>\n<li class=\"list-item accordion-item\">\n    <div class=\"accordion__group\">\n        <div class=\" accordion__header\" id=\"accordion__header-2\">\n            <button class=\"btn btn-textual accordion__button text-left collapsed\" data-toggle=\"collapse\" data-target=\"#accordion-group-10763\" aria-expanded=\"false\" aria-controls=\"accordion-group-10763\">\n                <i class=\"icon icon-keyboard_arrow_down accordion__icon\"><\/i>\n                <span class=\"accordion__title\">\n                    \u00bfD\u00f3nde puedo encontrar manuales y otra informaci\u00f3n t\u00e9cnica sobre los productos VETUS?                <\/span>\n            <\/button>\n        <\/div>\n\n        <div class=\"accordion__content collapse\" id=\"accordion-group-10763\" aria-labelledby=\"#accordion-header-10763\" data-parent=\"#accordion\">\n            <div class=\"accordion__inner hentry\">\n                <p>Hay dos maneras de encontrar documentos t\u00e9cnicos, como las instrucciones de instalaci\u00f3n y los manuales de funcionamiento: 1. En el m\u00f3dulo \u00abServicio y asistencia\u00bb, seleccione la categor\u00eda adecuada en el men\u00fa de la izquierda, por ejemplo, \u00abMotores y alrededores\u00bb. 2. Haga clic en \u00abExaminar nuestra documentaci\u00f3n\u00bb en la casilla \u00abDocumentaci\u00f3n t\u00e9cnica\u00bb. Ver\u00e1 una lista de todos los documentos disponibles en l\u00ednea dentro de esta categor\u00eda. Con Ctrl + F puede buscar el documento que necesita, por ejemplo, por el nombre del producto. 2. Navegue hasta la p\u00e1gina del producto en cuesti\u00f3n. Puede hacerlo a trav\u00e9s de la funci\u00f3n de b\u00fasqueda en la cabecera del sitio web, o a trav\u00e9s del men\u00fa de productos de la izquierda (Inicio &#8211; VETUS SYSTEMS &#8211; Seleccionar categor\u00eda &#8211; Seleccionar subcategor\u00eda &#8211; Seleccionar producto). Si hay manuales u otros documentos disponibles en l\u00ednea para este producto, los encontrar\u00e1 en la pesta\u00f1a \u00abSoporte y manuales\u00bb al final de la p\u00e1gina. Tenga en cuenta: si no encuentra ning\u00fan documento relevante en l\u00ednea, esto no significa necesariamente que no haya documentos disponibles. Nos llevar\u00e1 un par de meses poner en l\u00ednea toda la documentaci\u00f3n de los varios miles de productos VETUS. Si no encuentra lo que busca, p\u00f3ngase en contacto con su distribuidor o env\u00edenos un mensaje a trav\u00e9s del formulario de contacto.<\/p>\n            <\/div>\n        <\/div>\n    <\/div>\n<\/li>\n<li class=\"list-item accordion-item\">\n    <div class=\"accordion__group\">\n        <div class=\" accordion__header\" id=\"accordion__header-2\">\n            <button class=\"btn btn-textual accordion__button text-left collapsed\" data-toggle=\"collapse\" data-target=\"#accordion-group-10777\" aria-expanded=\"false\" aria-controls=\"accordion-group-10777\">\n                <i class=\"icon icon-keyboard_arrow_down accordion__icon\"><\/i>\n                <span class=\"accordion__title\">\n                    \u00bfQu\u00e9 garant\u00eda tienen los productos VETUS?                <\/span>\n            <\/button>\n        <\/div>\n\n        <div class=\"accordion__content collapse\" id=\"accordion-group-10777\" aria-labelledby=\"#accordion-header-10777\" data-parent=\"#accordion\">\n            <div class=\"accordion__inner hentry\">\n                <p>Desde el 1 de enero de 2011, la garant\u00eda de todos los equipos VETUS es de 3 a\u00f1os. La garant\u00eda de los motores y generadores es incluso de 5 a\u00f1os. Los detalles de estas condiciones de garant\u00eda \u00fanicas se pueden encontrar en la p\u00e1gina \u00abPol\u00edtica de garant\u00eda\u00bb.<\/p>\n            <\/div>\n        <\/div>\n    <\/div>\n<\/li>                        <\/ul>\n                    <\/div>\n                <\/section>\n            <\/div>\n        <\/div>\n    <\/div>\n<\/section>\n","protected":false},"excerpt":{"rendered":"<p>Un resumen de las preguntas m\u00e1s frecuentes. Para todos los sistemas de embarcaciones.<\/p>\n","protected":false},"author":31,"featured_media":3453,"parent":3573,"menu_order":503,"comment_status":"closed","ping_status":"closed","template":"tpl-basic.php","meta":{"_acf_changed":false,"footnotes":""},"class_list":["post-3452","page","type-page","status-publish","has-post-thumbnail","hentry"],"acf":{"introduction":"","person":false},"yoast_head":"<!-- This site is optimized with the Yoast SEO Premium plugin v27.3 (Yoast SEO v27.3) - https:\/\/yoast.com\/product\/yoast-seo-premium-wordpress\/ -->\n<title>FAQ - VETUS<\/title>\n<meta name=\"robots\" content=\"index, follow, max-snippet:-1, max-image-preview:large, max-video-preview:-1\" \/>\n<link rel=\"canonical\" href=\"https:\/\/vetus.com\/es\/servicio-apoyo\/faq\/\" \/>\n<meta property=\"og:locale\" content=\"es_ES\" \/>\n<meta property=\"og:type\" content=\"article\" \/>\n<meta property=\"og:title\" content=\"FAQ\" \/>\n<meta property=\"og:description\" content=\"Un resumen de las preguntas m\u00e1s frecuentes. Para todos los sistemas de embarcaciones.\" \/>\n<meta property=\"og:url\" content=\"https:\/\/vetus.com\/es\/servicio-apoyo\/faq\/\" \/>\n<meta property=\"og:site_name\" content=\"VETUS\" \/>\n<meta property=\"article:modified_time\" content=\"2022-02-15T13:15:00+00:00\" \/>\n<meta property=\"og:image\" content=\"https:\/\/vetus.com\/wp-content\/uploads\/featured-faq.png\" \/>\n\t<meta property=\"og:image:width\" content=\"1200\" \/>\n\t<meta property=\"og:image:height\" content=\"800\" \/>\n\t<meta property=\"og:image:type\" content=\"image\/png\" \/>\n<meta name=\"twitter:card\" content=\"summary_large_image\" \/>\n<script type=\"application\/ld+json\" class=\"yoast-schema-graph\">{\"@context\":\"https:\\\/\\\/schema.org\",\"@graph\":[{\"@type\":\"WebPage\",\"@id\":\"https:\\\/\\\/vetus.com\\\/es\\\/servicio-apoyo\\\/faq\\\/\",\"url\":\"https:\\\/\\\/vetus.com\\\/es\\\/servicio-apoyo\\\/faq\\\/\",\"name\":\"FAQ - VETUS\",\"isPartOf\":{\"@id\":\"https:\\\/\\\/vetus.com\\\/es\\\/#website\"},\"primaryImageOfPage\":{\"@id\":\"https:\\\/\\\/vetus.com\\\/es\\\/servicio-apoyo\\\/faq\\\/#primaryimage\"},\"image\":{\"@id\":\"https:\\\/\\\/vetus.com\\\/es\\\/servicio-apoyo\\\/faq\\\/#primaryimage\"},\"thumbnailUrl\":\"https:\\\/\\\/vetus.com\\\/wp-content\\\/uploads\\\/featured-faq.png\",\"datePublished\":\"2021-03-30T13:44:02+00:00\",\"dateModified\":\"2022-02-15T13:15:00+00:00\",\"breadcrumb\":{\"@id\":\"https:\\\/\\\/vetus.com\\\/es\\\/servicio-apoyo\\\/faq\\\/#breadcrumb\"},\"inLanguage\":\"es\",\"potentialAction\":[{\"@type\":\"ReadAction\",\"target\":[\"https:\\\/\\\/vetus.com\\\/es\\\/servicio-apoyo\\\/faq\\\/\"]}]},{\"@type\":\"ImageObject\",\"inLanguage\":\"es\",\"@id\":\"https:\\\/\\\/vetus.com\\\/es\\\/servicio-apoyo\\\/faq\\\/#primaryimage\",\"url\":\"https:\\\/\\\/vetus.com\\\/wp-content\\\/uploads\\\/featured-faq.png\",\"contentUrl\":\"https:\\\/\\\/vetus.com\\\/wp-content\\\/uploads\\\/featured-faq.png\",\"width\":1200,\"height\":800},{\"@type\":\"BreadcrumbList\",\"@id\":\"https:\\\/\\\/vetus.com\\\/es\\\/servicio-apoyo\\\/faq\\\/#breadcrumb\",\"itemListElement\":[{\"@type\":\"ListItem\",\"position\":1,\"name\":\"Home\",\"item\":\"https:\\\/\\\/vetus.com\\\/es\\\/\"},{\"@type\":\"ListItem\",\"position\":2,\"name\":\"Servicio apoyo\",\"item\":\"https:\\\/\\\/vetus.com\\\/es\\\/servicio-apoyo\\\/\"},{\"@type\":\"ListItem\",\"position\":3,\"name\":\"FAQ\"}]},{\"@type\":\"WebSite\",\"@id\":\"https:\\\/\\\/vetus.com\\\/es\\\/#website\",\"url\":\"https:\\\/\\\/vetus.com\\\/es\\\/\",\"name\":\"VETUS\",\"description\":\"\",\"potentialAction\":[{\"@type\":\"SearchAction\",\"target\":{\"@type\":\"EntryPoint\",\"urlTemplate\":\"https:\\\/\\\/vetus.com\\\/es\\\/?s={search_term_string}\"},\"query-input\":{\"@type\":\"PropertyValueSpecification\",\"valueRequired\":true,\"valueName\":\"search_term_string\"}}],\"inLanguage\":\"es\"}]}<\/script>\n<!-- \/ Yoast SEO Premium plugin. -->","yoast_head_json":{"title":"FAQ - VETUS","robots":{"index":"index","follow":"follow","max-snippet":"max-snippet:-1","max-image-preview":"max-image-preview:large","max-video-preview":"max-video-preview:-1"},"canonical":"https:\/\/vetus.com\/es\/servicio-apoyo\/faq\/","og_locale":"es_ES","og_type":"article","og_title":"FAQ","og_description":"Un resumen de las preguntas m\u00e1s frecuentes. Para todos los sistemas de embarcaciones.","og_url":"https:\/\/vetus.com\/es\/servicio-apoyo\/faq\/","og_site_name":"VETUS","article_modified_time":"2022-02-15T13:15:00+00:00","og_image":[{"width":1200,"height":800,"url":"https:\/\/vetus.com\/wp-content\/uploads\/featured-faq.png","type":"image\/png"}],"twitter_card":"summary_large_image","schema":{"@context":"https:\/\/schema.org","@graph":[{"@type":"WebPage","@id":"https:\/\/vetus.com\/es\/servicio-apoyo\/faq\/","url":"https:\/\/vetus.com\/es\/servicio-apoyo\/faq\/","name":"FAQ - VETUS","isPartOf":{"@id":"https:\/\/vetus.com\/es\/#website"},"primaryImageOfPage":{"@id":"https:\/\/vetus.com\/es\/servicio-apoyo\/faq\/#primaryimage"},"image":{"@id":"https:\/\/vetus.com\/es\/servicio-apoyo\/faq\/#primaryimage"},"thumbnailUrl":"https:\/\/vetus.com\/wp-content\/uploads\/featured-faq.png","datePublished":"2021-03-30T13:44:02+00:00","dateModified":"2022-02-15T13:15:00+00:00","breadcrumb":{"@id":"https:\/\/vetus.com\/es\/servicio-apoyo\/faq\/#breadcrumb"},"inLanguage":"es","potentialAction":[{"@type":"ReadAction","target":["https:\/\/vetus.com\/es\/servicio-apoyo\/faq\/"]}]},{"@type":"ImageObject","inLanguage":"es","@id":"https:\/\/vetus.com\/es\/servicio-apoyo\/faq\/#primaryimage","url":"https:\/\/vetus.com\/wp-content\/uploads\/featured-faq.png","contentUrl":"https:\/\/vetus.com\/wp-content\/uploads\/featured-faq.png","width":1200,"height":800},{"@type":"BreadcrumbList","@id":"https:\/\/vetus.com\/es\/servicio-apoyo\/faq\/#breadcrumb","itemListElement":[{"@type":"ListItem","position":1,"name":"Home","item":"https:\/\/vetus.com\/es\/"},{"@type":"ListItem","position":2,"name":"Servicio apoyo","item":"https:\/\/vetus.com\/es\/servicio-apoyo\/"},{"@type":"ListItem","position":3,"name":"FAQ"}]},{"@type":"WebSite","@id":"https:\/\/vetus.com\/es\/#website","url":"https:\/\/vetus.com\/es\/","name":"VETUS","description":"","potentialAction":[{"@type":"SearchAction","target":{"@type":"EntryPoint","urlTemplate":"https:\/\/vetus.com\/es\/?s={search_term_string}"},"query-input":{"@type":"PropertyValueSpecification","valueRequired":true,"valueName":"search_term_string"}}],"inLanguage":"es"}]}},"_links":{"self":[{"href":"https:\/\/vetus.com\/es\/wp-json\/wp\/v2\/pages\/3452","targetHints":{"allow":["GET"]}}],"collection":[{"href":"https:\/\/vetus.com\/es\/wp-json\/wp\/v2\/pages"}],"about":[{"href":"https:\/\/vetus.com\/es\/wp-json\/wp\/v2\/types\/page"}],"author":[{"embeddable":true,"href":"https:\/\/vetus.com\/es\/wp-json\/wp\/v2\/users\/31"}],"replies":[{"embeddable":true,"href":"https:\/\/vetus.com\/es\/wp-json\/wp\/v2\/comments?post=3452"}],"version-history":[{"count":0,"href":"https:\/\/vetus.com\/es\/wp-json\/wp\/v2\/pages\/3452\/revisions"}],"up":[{"embeddable":true,"href":"https:\/\/vetus.com\/es\/wp-json\/wp\/v2\/pages\/3573"}],"wp:featuredmedia":[{"embeddable":true,"href":"https:\/\/vetus.com\/es\/wp-json\/wp\/v2\/media\/3453"}],"wp:attachment":[{"href":"https:\/\/vetus.com\/es\/wp-json\/wp\/v2\/media?parent=3452"}],"curies":[{"name":"wp","href":"https:\/\/api.w.org\/{rel}","templated":true}]}}