{"id":3444,"date":"2021-03-31T09:01:36","date_gmt":"2021-03-31T07:01:36","guid":{"rendered":"https:\/\/vetus.inlinedigital.nl\/cms\/5-and-5-year-warranty\/"},"modified":"2022-07-12T12:30:26","modified_gmt":"2022-07-12T10:30:26","slug":"5-y-5-anos-de-garantia","status":"publish","type":"page","link":"https:\/\/vetus.com\/es\/servicio-apoyo\/5-y-5-anos-de-garantia\/","title":{"rendered":"5 y 5 a\u00f1os de garant\u00eda"},"content":{"rendered":"\n<section class=\"section  \">\n    \n\n<section id=\"section-text-block-block_60642c2927d6b\" class=\"section text-block \">\n                    <div class=\"section section__body\">\n            <div class=\"text-block\">\n                <div class=\"container\">\n                    <div class=\"row\">\n                        <div class=\"col-lg-8 offset-lg-2\">\n                                                            <div class=\"section__content single__content hentry\">\n                                    <p>\u00a1Otra buena raz\u00f3n para elegir VETUS! Cuando se compra un motor VETUS junto con un paquete completo para el motor, la garant\u00eda se extender\u00e1 de 3 a 5 a\u00f1os para el paquete del motor. Junto con las ya muy buenas condiciones de garant\u00eda de los motores VETUS (3 + 2 a\u00f1os), los productos VETUS le asegurar\u00e1n un uso prolongado de su embarcaci\u00f3n!<\/p>\n<h3><img decoding=\"async\" class=\"alignnone wp-image-12322 size-full\" style=\"font-size: 16px;\" src=\"https:\/\/vetus.com\/wp-content\/uploads\/extended-warranty_banner_ES.png\" alt=\"\" width=\"770\" height=\"302\" srcset=\"https:\/\/vetus.com\/wp-content\/uploads\/extended-warranty_banner_ES.png 770w, https:\/\/vetus.com\/wp-content\/uploads\/extended-warranty_banner_ES-300x118.png 300w, https:\/\/vetus.com\/wp-content\/uploads\/extended-warranty_banner_ES-768x301.png 768w, https:\/\/vetus.com\/wp-content\/uploads\/extended-warranty_banner_ES-418x164.png 418w, https:\/\/vetus.com\/wp-content\/uploads\/extended-warranty_banner_ES-604x237.png 604w\" sizes=\"(max-width: 770px) 100vw, 770px\" \/><\/h3>\n<h3>\u00bfComo funciona?<\/h3>\n<p>Usted compra un nuevo motor VETUS y el paquete completo VETUS entorno del motor en un distribuidor oficial VETUS, que contiene:<\/p>\n<ul>\n<li>L\u00ednea de eje<\/li>\n<li>H\u00e9lice<\/li>\n<li>Conexi\u00f3n flexible<\/li>\n<li>Filtro de agua<\/li>\n<li>Separador de agua \/ filtro de combustible<\/li>\n<li>Sistema de escape (manguera, colector, silencioso, cuello de cisne, salida casco escape y purgador)<\/li>\n<li>Mando a distancia para motor<\/li>\n<li>Portillos de aireacion para motor<\/li>\n<\/ul>\n<p>Para tipos y modelos, descargue la tabla de selecci\u00f3n de equipos.<\/p>\n<p>Su instalador utilizar\u00e1 el formulario de instalaci\u00f3n para solicitar la garant\u00eda de 5 a\u00f1os que empezar\u00e1 a contar una vez enviada.<\/p>\n<h3>Pol\u00edtica de garant\u00eda<\/h3>\n<p>Los siguientes art\u00edculos de nuestra pol\u00edtica de garant\u00eda se aplican a esta promoci\u00f3n:<\/p>\n<h6>Art\u00edculo\u00a08<\/h6>\n<p>Todas las reclamaciones de garant\u00eda quedar\u00e1n anuladas y sin efecto en las siguientes situaciones:<\/p>\n<ul>\n<li>Que cualquier mantenimiento peri\u00f3dico requerido no ha sido realizado por un distribuidor VETUS autorizado.<\/li>\n<li>Instalaci\u00f3n o montaje defectuoso del producto.<\/li>\n<li>Uso indebido del producto.<\/li>\n<li>El fallo es causado por falta de atenci\u00f3n por parte del propietario o usuario.<\/li>\n<li>En caso de calamidad externa.<\/li>\n<li>En caso de incumplimiento de las instrucciones de uso.<\/li>\n<li>El per\u00edodo de garant\u00eda de 60 meses ha expirado.<\/li>\n<\/ul>\n<h6>Art\u00edculo\u00a09<\/h6>\n<p>Exclusiones: situaciones no cubiertas por esta garant\u00eda:<\/p>\n<ul>\n<li>Piezas de desgaste y rotura.<\/li>\n<li>Costos consiguientes tales como (pero no limitados a): costos de transporte, costos de mano de obra, gr\u00faas, costos de varada, etc.<\/li>\n<li>Da\u00f1os como resultado de influencias ambientales.<\/li>\n<li>Contaminaci\u00f3n, congelaci\u00f3n, sobrecalentamiento y sobrecarga.<\/li>\n<\/ul>\n<h3>Downloads<\/h3>\n<p><a href=\"https:\/\/online.flippingbook.com\/view\/450671581\/\">Descargar la tabla de selecci\u00f3n de equipos<\/a><\/p>\n                                <\/div>\n                            \n                                                    <\/div>\n                    <\/div>\n                <\/div>\n            <\/div>\n        <\/div>\n    <\/section><\/section>","protected":false},"excerpt":{"rendered":"<p>When you buy a VETUS engine we give you a 5 year warranty on the engine and on a selected list of around the engine products.<\/p>\n","protected":false},"author":31,"featured_media":3446,"parent":3573,"menu_order":104,"comment_status":"closed","ping_status":"closed","template":"tpl-basic.php","meta":{"_acf_changed":false,"footnotes":""},"class_list":["post-3444","page","type-page","status-publish","has-post-thumbnail","hentry"],"acf":{"introduction":"","person":false},"yoast_head":"<!-- This site is optimized with the Yoast SEO Premium plugin v27.4 (Yoast SEO v27.4) - https:\/\/yoast.com\/product\/yoast-seo-premium-wordpress\/ -->\n<title>5 y 5 a\u00f1os de garant\u00eda - VETUS<\/title>\n<meta name=\"robots\" content=\"index, follow, max-snippet:-1, max-image-preview:large, max-video-preview:-1\" \/>\n<link rel=\"canonical\" href=\"https:\/\/vetus.com\/es\/servicio-apoyo\/5-y-5-anos-de-garantia\/\" \/>\n<meta property=\"og:locale\" content=\"es_ES\" \/>\n<meta property=\"og:type\" content=\"article\" \/>\n<meta property=\"og:title\" content=\"5 y 5 a\u00f1os de garant\u00eda\" \/>\n<meta property=\"og:description\" content=\"When you buy a VETUS engine we give you a 5 year warranty on the engine and on a selected list of around the engine products.\" \/>\n<meta property=\"og:url\" content=\"https:\/\/vetus.com\/es\/servicio-apoyo\/5-y-5-anos-de-garantia\/\" \/>\n<meta property=\"og:site_name\" content=\"VETUS\" \/>\n<meta property=\"article:modified_time\" content=\"2022-07-12T10:30:26+00:00\" \/>\n<meta property=\"og:image\" content=\"https:\/\/vetus.com\/wp-content\/uploads\/featured-warranty-5.png\" \/>\n\t<meta property=\"og:image:width\" content=\"1200\" \/>\n\t<meta property=\"og:image:height\" content=\"800\" \/>\n\t<meta property=\"og:image:type\" content=\"image\/png\" \/>\n<meta name=\"twitter:card\" content=\"summary_large_image\" \/>\n<script type=\"application\/ld+json\" class=\"yoast-schema-graph\">{\"@context\":\"https:\\\/\\\/schema.org\",\"@graph\":[{\"@type\":\"WebPage\",\"@id\":\"https:\\\/\\\/vetus.com\\\/es\\\/servicio-apoyo\\\/5-y-5-anos-de-garantia\\\/\",\"url\":\"https:\\\/\\\/vetus.com\\\/es\\\/servicio-apoyo\\\/5-y-5-anos-de-garantia\\\/\",\"name\":\"5 y 5 a\u00f1os de garant\u00eda - VETUS\",\"isPartOf\":{\"@id\":\"https:\\\/\\\/vetus.com\\\/es\\\/#website\"},\"primaryImageOfPage\":{\"@id\":\"https:\\\/\\\/vetus.com\\\/es\\\/servicio-apoyo\\\/5-y-5-anos-de-garantia\\\/#primaryimage\"},\"image\":{\"@id\":\"https:\\\/\\\/vetus.com\\\/es\\\/servicio-apoyo\\\/5-y-5-anos-de-garantia\\\/#primaryimage\"},\"thumbnailUrl\":\"https:\\\/\\\/vetus.com\\\/wp-content\\\/uploads\\\/featured-warranty-5.png\",\"datePublished\":\"2021-03-31T07:01:36+00:00\",\"dateModified\":\"2022-07-12T10:30:26+00:00\",\"breadcrumb\":{\"@id\":\"https:\\\/\\\/vetus.com\\\/es\\\/servicio-apoyo\\\/5-y-5-anos-de-garantia\\\/#breadcrumb\"},\"inLanguage\":\"es\",\"potentialAction\":[{\"@type\":\"ReadAction\",\"target\":[\"https:\\\/\\\/vetus.com\\\/es\\\/servicio-apoyo\\\/5-y-5-anos-de-garantia\\\/\"]}]},{\"@type\":\"ImageObject\",\"inLanguage\":\"es\",\"@id\":\"https:\\\/\\\/vetus.com\\\/es\\\/servicio-apoyo\\\/5-y-5-anos-de-garantia\\\/#primaryimage\",\"url\":\"https:\\\/\\\/vetus.com\\\/wp-content\\\/uploads\\\/featured-warranty-5.png\",\"contentUrl\":\"https:\\\/\\\/vetus.com\\\/wp-content\\\/uploads\\\/featured-warranty-5.png\",\"width\":1200,\"height\":800},{\"@type\":\"BreadcrumbList\",\"@id\":\"https:\\\/\\\/vetus.com\\\/es\\\/servicio-apoyo\\\/5-y-5-anos-de-garantia\\\/#breadcrumb\",\"itemListElement\":[{\"@type\":\"ListItem\",\"position\":1,\"name\":\"Home\",\"item\":\"https:\\\/\\\/vetus.com\\\/es\\\/\"},{\"@type\":\"ListItem\",\"position\":2,\"name\":\"Servicio apoyo\",\"item\":\"https:\\\/\\\/vetus.com\\\/es\\\/servicio-apoyo\\\/\"},{\"@type\":\"ListItem\",\"position\":3,\"name\":\"5 y 5 a\u00f1os de garant\u00eda\"}]},{\"@type\":\"WebSite\",\"@id\":\"https:\\\/\\\/vetus.com\\\/es\\\/#website\",\"url\":\"https:\\\/\\\/vetus.com\\\/es\\\/\",\"name\":\"VETUS\",\"description\":\"\",\"potentialAction\":[{\"@type\":\"SearchAction\",\"target\":{\"@type\":\"EntryPoint\",\"urlTemplate\":\"https:\\\/\\\/vetus.com\\\/es\\\/?s={search_term_string}\"},\"query-input\":{\"@type\":\"PropertyValueSpecification\",\"valueRequired\":true,\"valueName\":\"search_term_string\"}}],\"inLanguage\":\"es\"}]}<\/script>\n<!-- \/ Yoast SEO Premium plugin. -->","yoast_head_json":{"title":"5 y 5 a\u00f1os de garant\u00eda - VETUS","robots":{"index":"index","follow":"follow","max-snippet":"max-snippet:-1","max-image-preview":"max-image-preview:large","max-video-preview":"max-video-preview:-1"},"canonical":"https:\/\/vetus.com\/es\/servicio-apoyo\/5-y-5-anos-de-garantia\/","og_locale":"es_ES","og_type":"article","og_title":"5 y 5 a\u00f1os de garant\u00eda","og_description":"When you buy a VETUS engine we give you a 5 year warranty on the engine and on a selected list of around the engine products.","og_url":"https:\/\/vetus.com\/es\/servicio-apoyo\/5-y-5-anos-de-garantia\/","og_site_name":"VETUS","article_modified_time":"2022-07-12T10:30:26+00:00","og_image":[{"width":1200,"height":800,"url":"https:\/\/vetus.com\/wp-content\/uploads\/featured-warranty-5.png","type":"image\/png"}],"twitter_card":"summary_large_image","schema":{"@context":"https:\/\/schema.org","@graph":[{"@type":"WebPage","@id":"https:\/\/vetus.com\/es\/servicio-apoyo\/5-y-5-anos-de-garantia\/","url":"https:\/\/vetus.com\/es\/servicio-apoyo\/5-y-5-anos-de-garantia\/","name":"5 y 5 a\u00f1os de garant\u00eda - VETUS","isPartOf":{"@id":"https:\/\/vetus.com\/es\/#website"},"primaryImageOfPage":{"@id":"https:\/\/vetus.com\/es\/servicio-apoyo\/5-y-5-anos-de-garantia\/#primaryimage"},"image":{"@id":"https:\/\/vetus.com\/es\/servicio-apoyo\/5-y-5-anos-de-garantia\/#primaryimage"},"thumbnailUrl":"https:\/\/vetus.com\/wp-content\/uploads\/featured-warranty-5.png","datePublished":"2021-03-31T07:01:36+00:00","dateModified":"2022-07-12T10:30:26+00:00","breadcrumb":{"@id":"https:\/\/vetus.com\/es\/servicio-apoyo\/5-y-5-anos-de-garantia\/#breadcrumb"},"inLanguage":"es","potentialAction":[{"@type":"ReadAction","target":["https:\/\/vetus.com\/es\/servicio-apoyo\/5-y-5-anos-de-garantia\/"]}]},{"@type":"ImageObject","inLanguage":"es","@id":"https:\/\/vetus.com\/es\/servicio-apoyo\/5-y-5-anos-de-garantia\/#primaryimage","url":"https:\/\/vetus.com\/wp-content\/uploads\/featured-warranty-5.png","contentUrl":"https:\/\/vetus.com\/wp-content\/uploads\/featured-warranty-5.png","width":1200,"height":800},{"@type":"BreadcrumbList","@id":"https:\/\/vetus.com\/es\/servicio-apoyo\/5-y-5-anos-de-garantia\/#breadcrumb","itemListElement":[{"@type":"ListItem","position":1,"name":"Home","item":"https:\/\/vetus.com\/es\/"},{"@type":"ListItem","position":2,"name":"Servicio apoyo","item":"https:\/\/vetus.com\/es\/servicio-apoyo\/"},{"@type":"ListItem","position":3,"name":"5 y 5 a\u00f1os de garant\u00eda"}]},{"@type":"WebSite","@id":"https:\/\/vetus.com\/es\/#website","url":"https:\/\/vetus.com\/es\/","name":"VETUS","description":"","potentialAction":[{"@type":"SearchAction","target":{"@type":"EntryPoint","urlTemplate":"https:\/\/vetus.com\/es\/?s={search_term_string}"},"query-input":{"@type":"PropertyValueSpecification","valueRequired":true,"valueName":"search_term_string"}}],"inLanguage":"es"}]}},"_links":{"self":[{"href":"https:\/\/vetus.com\/es\/wp-json\/wp\/v2\/pages\/3444","targetHints":{"allow":["GET"]}}],"collection":[{"href":"https:\/\/vetus.com\/es\/wp-json\/wp\/v2\/pages"}],"about":[{"href":"https:\/\/vetus.com\/es\/wp-json\/wp\/v2\/types\/page"}],"author":[{"embeddable":true,"href":"https:\/\/vetus.com\/es\/wp-json\/wp\/v2\/users\/31"}],"replies":[{"embeddable":true,"href":"https:\/\/vetus.com\/es\/wp-json\/wp\/v2\/comments?post=3444"}],"version-history":[{"count":0,"href":"https:\/\/vetus.com\/es\/wp-json\/wp\/v2\/pages\/3444\/revisions"}],"up":[{"embeddable":true,"href":"https:\/\/vetus.com\/es\/wp-json\/wp\/v2\/pages\/3573"}],"wp:featuredmedia":[{"embeddable":true,"href":"https:\/\/vetus.com\/es\/wp-json\/wp\/v2\/media\/3446"}],"wp:attachment":[{"href":"https:\/\/vetus.com\/es\/wp-json\/wp\/v2\/media?parent=3444"}],"curies":[{"name":"wp","href":"https:\/\/api.w.org\/{rel}","templated":true}]}}