{"id":3267,"date":"2021-04-07T12:32:24","date_gmt":"2021-04-07T10:32:24","guid":{"rendered":"https:\/\/vetus.inlinedigital.nl\/cms\/contact-service\/"},"modified":"2022-11-29T10:22:26","modified_gmt":"2022-11-29T08:22:26","slug":"vetus-ramas","status":"publish","type":"page","link":"https:\/\/vetus.com\/es\/servicio-apoyo\/vetus-ramas\/","title":{"rendered":"VETUS Ramas"},"content":{"rendered":"<section class=\"section \" id=\"contact-service-block_5d73c4205c0511dc4abf5aa48172bc58\">\n    <div class=\"container\">\n        <div class=\"row\">\n            <div class=\"col-lg-3 mb-6 mb-lg-0\">\n                <aside class=\"sidebar-block\">\n\n                    <div class=\"sidebar-block__header d-none\">\n                        <hr>\n\n                        <h5 class=\"sidebar-block__title\">\n                            VETUS Ramas                        <\/h5>\n                    <\/div>\n\n                    <div class=\"sidebar-block__body\">\n                                                    <nav class=\"side-nav side-nav--faq\" role=\"navigation\" aria-label=\"\">\n                                <ul class=\"list-group list-group-flush side-nav__list side-nav__list--styled text-sm\">\n                                                                            <li class=\"list-group-item side-nav__item side-nav__item--styled is-active\">\n                                            <a href=\"https:\/\/vetus.com\/es\/servicio-apoyo\/vetus-ramas\/\" class=\"side-nav__link side-nav__link--styled\" target=\"\">\n                                                General                                                <i class=\"icon icon-keyboard_arrow_right d-block d-lg-none ml-auto pl-5\"><\/i>\n                                            <\/a>\n                                        <\/li>\n                                    \n                                                                            <li class=\"list-group-item side-nav__item side-nav__item--styled \">\n                                            <a href=\"https:\/\/vetus.com\/es\/servicio-apoyo\/servicio-de-contacto\/alemania\/\" class=\"side-nav__link side-nav__link--styled\">\n                                                Alemania                                                <i class=\"icon icon-keyboard_arrow_right d-block d-lg-none ml-auto pl-5\"><\/i>\n                                            <\/a>\n                                        <\/li>\n                                                                            <li class=\"list-group-item side-nav__item side-nav__item--styled \">\n                                            <a href=\"https:\/\/vetus.com\/es\/servicio-apoyo\/servicio-de-contacto\/taiwan\/\" class=\"side-nav__link side-nav__link--styled\">\n                                                Asia                                                <i class=\"icon icon-keyboard_arrow_right d-block d-lg-none ml-auto pl-5\"><\/i>\n                                            <\/a>\n                                        <\/li>\n                                                                            <li class=\"list-group-item side-nav__item side-nav__item--styled \">\n                                            <a href=\"https:\/\/vetus.com\/es\/servicio-apoyo\/servicio-de-contacto\/australia\/\" class=\"side-nav__link side-nav__link--styled\">\n                                                Australia                                                <i class=\"icon icon-keyboard_arrow_right d-block d-lg-none ml-auto pl-5\"><\/i>\n                                            <\/a>\n                                        <\/li>\n                                                                            <li class=\"list-group-item side-nav__item side-nav__item--styled \">\n                                            <a href=\"https:\/\/vetus.com\/es\/servicio-apoyo\/servicio-de-contacto\/belgica\/\" class=\"side-nav__link side-nav__link--styled\">\n                                                B\u00e9lgica                                                <i class=\"icon icon-keyboard_arrow_right d-block d-lg-none ml-auto pl-5\"><\/i>\n                                            <\/a>\n                                        <\/li>\n                                                                            <li class=\"list-group-item side-nav__item side-nav__item--styled \">\n                                            <a href=\"https:\/\/vetus.com\/es\/servicio-apoyo\/servicio-de-contacto\/dinamarca\/\" class=\"side-nav__link side-nav__link--styled\">\n                                                Dinamarca                                                <i class=\"icon icon-keyboard_arrow_right d-block d-lg-none ml-auto pl-5\"><\/i>\n                                            <\/a>\n                                        <\/li>\n                                                                            <li class=\"list-group-item side-nav__item side-nav__item--styled \">\n                                            <a href=\"https:\/\/vetus.com\/es\/servicio-apoyo\/servicio-de-contacto\/espana\/\" class=\"side-nav__link side-nav__link--styled\">\n                                                Espa\u00f1a                                                <i class=\"icon icon-keyboard_arrow_right d-block d-lg-none ml-auto pl-5\"><\/i>\n                                            <\/a>\n                                        <\/li>\n                                                                            <li class=\"list-group-item side-nav__item side-nav__item--styled \">\n                                            <a href=\"https:\/\/vetus.com\/es\/servicio-apoyo\/servicio-de-contacto\/estados-unidos-de-america\/\" class=\"side-nav__link side-nav__link--styled\">\n                                                Estados Unidos de Am\u00e9rica                                                <i class=\"icon icon-keyboard_arrow_right d-block d-lg-none ml-auto pl-5\"><\/i>\n                                            <\/a>\n                                        <\/li>\n                                                                            <li class=\"list-group-item side-nav__item side-nav__item--styled \">\n                                            <a href=\"https:\/\/vetus.com\/es\/servicio-apoyo\/servicio-de-contacto\/finlandia\/\" class=\"side-nav__link side-nav__link--styled\">\n                                                Finlandia                                                <i class=\"icon icon-keyboard_arrow_right d-block d-lg-none ml-auto pl-5\"><\/i>\n                                            <\/a>\n                                        <\/li>\n                                                                            <li class=\"list-group-item side-nav__item side-nav__item--styled \">\n                                            <a href=\"https:\/\/vetus.com\/es\/servicio-apoyo\/servicio-de-contacto\/francia\/\" class=\"side-nav__link side-nav__link--styled\">\n                                                Francia                                                <i class=\"icon icon-keyboard_arrow_right d-block d-lg-none ml-auto pl-5\"><\/i>\n                                            <\/a>\n                                        <\/li>\n                                                                            <li class=\"list-group-item side-nav__item side-nav__item--styled \">\n                                            <a href=\"https:\/\/vetus.com\/es\/servicio-apoyo\/servicio-de-contacto\/india\/\" class=\"side-nav__link side-nav__link--styled\">\n                                                India                                                <i class=\"icon icon-keyboard_arrow_right d-block d-lg-none ml-auto pl-5\"><\/i>\n                                            <\/a>\n                                        <\/li>\n                                                                            <li class=\"list-group-item side-nav__item side-nav__item--styled \">\n                                            <a href=\"https:\/\/vetus.com\/es\/servicio-apoyo\/servicio-de-contacto\/italia\/\" class=\"side-nav__link side-nav__link--styled\">\n                                                Italia                                                <i class=\"icon icon-keyboard_arrow_right d-block d-lg-none ml-auto pl-5\"><\/i>\n                                            <\/a>\n                                        <\/li>\n                                                                            <li class=\"list-group-item side-nav__item side-nav__item--styled \">\n                                            <a href=\"https:\/\/vetus.com\/es\/servicio-apoyo\/servicio-de-contacto\/nueva-zelanda\/\" class=\"side-nav__link side-nav__link--styled\">\n                                                Nueva Zelanda                                                <i class=\"icon icon-keyboard_arrow_right d-block d-lg-none ml-auto pl-5\"><\/i>\n                                            <\/a>\n                                        <\/li>\n                                                                            <li class=\"list-group-item side-nav__item side-nav__item--styled \">\n                                            <a href=\"https:\/\/vetus.com\/es\/servicio-apoyo\/servicio-de-contacto\/paises-bajos\/\" class=\"side-nav__link side-nav__link--styled\">\n                                                Pa\u00edses Bajos                                                <i class=\"icon icon-keyboard_arrow_right d-block d-lg-none ml-auto pl-5\"><\/i>\n                                            <\/a>\n                                        <\/li>\n                                                                            <li class=\"list-group-item side-nav__item side-nav__item--styled \">\n                                            <a href=\"https:\/\/vetus.com\/es\/servicio-apoyo\/servicio-de-contacto\/polonia\/\" class=\"side-nav__link side-nav__link--styled\">\n                                                Polonia                                                <i class=\"icon icon-keyboard_arrow_right d-block d-lg-none ml-auto pl-5\"><\/i>\n                                            <\/a>\n                                        <\/li>\n                                                                            <li class=\"list-group-item side-nav__item side-nav__item--styled \">\n                                            <a href=\"https:\/\/vetus.com\/es\/servicio-apoyo\/servicio-de-contacto\/portugal\/\" class=\"side-nav__link side-nav__link--styled\">\n                                                Portugal                                                <i class=\"icon icon-keyboard_arrow_right d-block d-lg-none ml-auto pl-5\"><\/i>\n                                            <\/a>\n                                        <\/li>\n                                                                            <li class=\"list-group-item side-nav__item side-nav__item--styled \">\n                                            <a href=\"https:\/\/vetus.com\/es\/servicio-apoyo\/servicio-de-contacto\/reino-unido\/\" class=\"side-nav__link side-nav__link--styled\">\n                                                Reino Unido                                                <i class=\"icon icon-keyboard_arrow_right d-block d-lg-none ml-auto pl-5\"><\/i>\n                                            <\/a>\n                                        <\/li>\n                                                                            <li class=\"list-group-item side-nav__item side-nav__item--styled \">\n                                            <a href=\"https:\/\/vetus.com\/es\/servicio-apoyo\/servicio-de-contacto\/rusia\/\" class=\"side-nav__link side-nav__link--styled\">\n                                                Rusia                                                <i class=\"icon icon-keyboard_arrow_right d-block d-lg-none ml-auto pl-5\"><\/i>\n                                            <\/a>\n                                        <\/li>\n                                                                            <li class=\"list-group-item side-nav__item side-nav__item--styled \">\n                                            <a href=\"https:\/\/vetus.com\/es\/servicio-apoyo\/servicio-de-contacto\/sudafrica\/\" class=\"side-nav__link side-nav__link--styled\">\n                                                Sud\u00e1frica                                                <i class=\"icon icon-keyboard_arrow_right d-block d-lg-none ml-auto pl-5\"><\/i>\n                                            <\/a>\n                                        <\/li>\n                                                                            <li class=\"list-group-item side-nav__item side-nav__item--styled \">\n                                            <a href=\"https:\/\/vetus.com\/es\/servicio-apoyo\/servicio-de-contacto\/suecia\/\" class=\"side-nav__link side-nav__link--styled\">\n                                                Suecia                                                <i class=\"icon icon-keyboard_arrow_right d-block d-lg-none ml-auto pl-5\"><\/i>\n                                            <\/a>\n                                        <\/li>\n                                                                    <\/ul>\n                            <\/nav>\n\n                        \n                    <\/div>\n                <\/aside>\n            <\/div>\n\n            <div class=\"col-lg-9\">\n                                    <div class=\"p-5 mb-6 text-white bg-primary\">\n                        <p>La fuerza de VETUS reside en la experiencia de nuestra red mundial. Por lo tanto, es muy importante que se ponga en contacto con su punto de compra original si tiene alguna pregunta, problema de servicio o preocupaci\u00f3n. Facilit\u00e1ndonos los antecedentes de su compra e instalaci\u00f3n podremos encontrar a la persona adecuada de nuestro equipo, si es necesario.<\/p>\n<p>\u00bfDesea compartir su experiencia o no est\u00e1 satisfecho con la forma en que fue atendido durante su compra? Ay\u00fadanos a mejorar nuestra organizaci\u00f3n compartiendo esa experiencia con nosotros a trav\u00e9s del siguiente formulario.<\/p>\n                                                    <a href=\"https:\/\/vetus.com\/es\/servicio-apoyo\/formulario-de-contacto\/\" class=\"btn btn-secondary\" title=\"Formulario de contacto\" target=\"\">\n                                <span>\n                                    Formulario de contacto                                <\/span>\n                            <\/a>\n                                            <\/div>\n                \n                                        <div class=\"box box--contact\">\n                            <div class=\"box__body d-flex flex-column flex-md-row-reverse\">\n                                <div class=\"box__media media\">\n                                                                    <\/div>\n\n                                <div class=\"box__content box__content--contact\">\n                                                                            <div class=\"box__actions actions\">\n                                            <div class=\"btn-group d-flex flex-wrap flex-grow-1 flex-column align-items-start\">\n                                                                                                    <a href=\"tel:+34938379080\" class=\"btn btn-empty btn-empty-reverse\" title=\"+34 938 379 080\" target=\"_blank\" rel=\"oopener noreferrer\">\n                                                        <i class=\"icon icon-local_phone\"><\/i>\n                                                        <span>\n                                                            +34 938 379 080                                                        <\/span>\n                                                    <\/a>\n                                                                                                    <a href=\"mailto:vetus@vetus.es\" class=\"btn btn-empty btn-empty-reverse\" target=\"_blank\" rel=\"oopener noreferrer\">\n                                                        <i class=\"icon icon-mail_outline\"><\/i>\n                                                        <span>\n                                                            vetus@vetus.es                                                        <\/span>\n                                                    <\/a>\n                                                                                            <\/div>\n                                        <\/div>\n                                                                            <div class=\"box__address\">\n                                            <div class=\"mb-2\">\n                                                <strong>\n                                                                                                        Address\n                                                <\/strong>\n                                            <\/div>\n\n                                            <address class=\"text-sm\">\n                                                VETUS Hispania S.A.<br \/>\r\nHolanda, 1-3 \u2013 Pol. Inds. Can Ferrer II<br \/>\r\n08770 Sant Sadurn\u00ed d\u2019Anoia (Barcelona)<br \/>\r\nSpain                                                                                            <\/address>\n\n                                        <\/div>\n                                                                            <div class=\"box__opening-hours\">\n                                                                                            <div class=\"mb-2\">\n                                                    <strong>\n                                                        Horarios de apertura (CET)                                                    <\/strong>\n                                                <\/div>\n                                            <table style=\"min-width: 75%;\">\n<tbody>\n<tr>\n<td>Lunes<\/td>\n<td>08:15 &#8211; 17:30<\/td>\n<\/tr>\n<tr>\n<td>Martes<\/td>\n<td>08:15 &#8211; 17:30<\/td>\n<\/tr>\n<tr>\n<td>Mi\u00e9rcoles<\/td>\n<td>08:15 &#8211; 17:30<\/td>\n<\/tr>\n<tr>\n<td>Jueves<\/td>\n<td>08:15 &#8211; 17:30<\/td>\n<\/tr>\n<tr>\n<td>Viernes<\/td>\n<td>08:15 &#8211; 15:15<\/td>\n<\/tr>\n<tr>\n<td>S\u00e1bado<\/td>\n<td>cerrado<\/td>\n<\/tr>\n<tr>\n<td>Domingo<\/td>\n<td>cerrado<\/td>\n<\/tr>\n<\/tbody>\n<\/table>\n\n                                            <div class=\"text-sm mb-2 d-none\">\n                                                Current time (CEST): 14:52\n                                            <\/div>\n                                        <\/div>\n                                    \n\n\n\n                                <\/div>\n                            <\/div>\n                        <\/div>\n                            <\/div>\n        <\/div>\n    <\/div>\n<\/section>\n","protected":false},"excerpt":{"rendered":"<p>P\u00f3ngase en contacto con su punto de venta original si tiene alguna pregunta, problema de servicio o duda.<\/p>\n","protected":false},"author":31,"featured_media":3268,"parent":3573,"menu_order":98,"comment_status":"closed","ping_status":"closed","template":"tpl-basic.php","meta":{"_acf_changed":false,"footnotes":""},"class_list":["post-3267","page","type-page","status-publish","has-post-thumbnail","hentry"],"acf":{"introduction":"","person":false},"yoast_head":"<!-- This site is optimized with the Yoast SEO Premium plugin v27.3 (Yoast SEO v27.3) - https:\/\/yoast.com\/product\/yoast-seo-premium-wordpress\/ -->\n<title>VETUS Ramas - VETUS<\/title>\n<meta name=\"robots\" content=\"index, follow, max-snippet:-1, max-image-preview:large, max-video-preview:-1\" \/>\n<link rel=\"canonical\" href=\"https:\/\/vetus.com\/es\/servicio-apoyo\/vetus-ramas\/\" \/>\n<meta property=\"og:locale\" content=\"es_ES\" \/>\n<meta property=\"og:type\" content=\"article\" \/>\n<meta property=\"og:title\" content=\"VETUS Ramas\" \/>\n<meta property=\"og:description\" content=\"P\u00f3ngase en contacto con su punto de venta original si tiene alguna pregunta, problema de servicio o duda.\" \/>\n<meta property=\"og:url\" content=\"https:\/\/vetus.com\/es\/servicio-apoyo\/vetus-ramas\/\" \/>\n<meta property=\"og:site_name\" content=\"VETUS\" \/>\n<meta property=\"article:modified_time\" content=\"2022-11-29T08:22:26+00:00\" \/>\n<meta property=\"og:image\" content=\"https:\/\/vetus.com\/wp-content\/uploads\/featured-contact-service.png\" \/>\n\t<meta property=\"og:image:width\" content=\"1200\" \/>\n\t<meta property=\"og:image:height\" content=\"800\" \/>\n\t<meta property=\"og:image:type\" content=\"image\/png\" \/>\n<meta name=\"twitter:card\" content=\"summary_large_image\" \/>\n<script type=\"application\/ld+json\" class=\"yoast-schema-graph\">{\"@context\":\"https:\\\/\\\/schema.org\",\"@graph\":[{\"@type\":\"WebPage\",\"@id\":\"https:\\\/\\\/vetus.com\\\/es\\\/servicio-apoyo\\\/vetus-ramas\\\/\",\"url\":\"https:\\\/\\\/vetus.com\\\/es\\\/servicio-apoyo\\\/vetus-ramas\\\/\",\"name\":\"VETUS Ramas - VETUS\",\"isPartOf\":{\"@id\":\"https:\\\/\\\/vetus.com\\\/es\\\/#website\"},\"primaryImageOfPage\":{\"@id\":\"https:\\\/\\\/vetus.com\\\/es\\\/servicio-apoyo\\\/vetus-ramas\\\/#primaryimage\"},\"image\":{\"@id\":\"https:\\\/\\\/vetus.com\\\/es\\\/servicio-apoyo\\\/vetus-ramas\\\/#primaryimage\"},\"thumbnailUrl\":\"https:\\\/\\\/vetus.com\\\/wp-content\\\/uploads\\\/featured-contact-service.png\",\"datePublished\":\"2021-04-07T10:32:24+00:00\",\"dateModified\":\"2022-11-29T08:22:26+00:00\",\"breadcrumb\":{\"@id\":\"https:\\\/\\\/vetus.com\\\/es\\\/servicio-apoyo\\\/vetus-ramas\\\/#breadcrumb\"},\"inLanguage\":\"es\",\"potentialAction\":[{\"@type\":\"ReadAction\",\"target\":[\"https:\\\/\\\/vetus.com\\\/es\\\/servicio-apoyo\\\/vetus-ramas\\\/\"]}]},{\"@type\":\"ImageObject\",\"inLanguage\":\"es\",\"@id\":\"https:\\\/\\\/vetus.com\\\/es\\\/servicio-apoyo\\\/vetus-ramas\\\/#primaryimage\",\"url\":\"https:\\\/\\\/vetus.com\\\/wp-content\\\/uploads\\\/featured-contact-service.png\",\"contentUrl\":\"https:\\\/\\\/vetus.com\\\/wp-content\\\/uploads\\\/featured-contact-service.png\",\"width\":1200,\"height\":800},{\"@type\":\"BreadcrumbList\",\"@id\":\"https:\\\/\\\/vetus.com\\\/es\\\/servicio-apoyo\\\/vetus-ramas\\\/#breadcrumb\",\"itemListElement\":[{\"@type\":\"ListItem\",\"position\":1,\"name\":\"Home\",\"item\":\"https:\\\/\\\/vetus.com\\\/es\\\/\"},{\"@type\":\"ListItem\",\"position\":2,\"name\":\"Servicio apoyo\",\"item\":\"https:\\\/\\\/vetus.com\\\/es\\\/servicio-apoyo\\\/\"},{\"@type\":\"ListItem\",\"position\":3,\"name\":\"VETUS Ramas\"}]},{\"@type\":\"WebSite\",\"@id\":\"https:\\\/\\\/vetus.com\\\/es\\\/#website\",\"url\":\"https:\\\/\\\/vetus.com\\\/es\\\/\",\"name\":\"VETUS\",\"description\":\"\",\"potentialAction\":[{\"@type\":\"SearchAction\",\"target\":{\"@type\":\"EntryPoint\",\"urlTemplate\":\"https:\\\/\\\/vetus.com\\\/es\\\/?s={search_term_string}\"},\"query-input\":{\"@type\":\"PropertyValueSpecification\",\"valueRequired\":true,\"valueName\":\"search_term_string\"}}],\"inLanguage\":\"es\"}]}<\/script>\n<!-- \/ Yoast SEO Premium plugin. -->","yoast_head_json":{"title":"VETUS Ramas - VETUS","robots":{"index":"index","follow":"follow","max-snippet":"max-snippet:-1","max-image-preview":"max-image-preview:large","max-video-preview":"max-video-preview:-1"},"canonical":"https:\/\/vetus.com\/es\/servicio-apoyo\/vetus-ramas\/","og_locale":"es_ES","og_type":"article","og_title":"VETUS Ramas","og_description":"P\u00f3ngase en contacto con su punto de venta original si tiene alguna pregunta, problema de servicio o duda.","og_url":"https:\/\/vetus.com\/es\/servicio-apoyo\/vetus-ramas\/","og_site_name":"VETUS","article_modified_time":"2022-11-29T08:22:26+00:00","og_image":[{"width":1200,"height":800,"url":"https:\/\/vetus.com\/wp-content\/uploads\/featured-contact-service.png","type":"image\/png"}],"twitter_card":"summary_large_image","schema":{"@context":"https:\/\/schema.org","@graph":[{"@type":"WebPage","@id":"https:\/\/vetus.com\/es\/servicio-apoyo\/vetus-ramas\/","url":"https:\/\/vetus.com\/es\/servicio-apoyo\/vetus-ramas\/","name":"VETUS Ramas - VETUS","isPartOf":{"@id":"https:\/\/vetus.com\/es\/#website"},"primaryImageOfPage":{"@id":"https:\/\/vetus.com\/es\/servicio-apoyo\/vetus-ramas\/#primaryimage"},"image":{"@id":"https:\/\/vetus.com\/es\/servicio-apoyo\/vetus-ramas\/#primaryimage"},"thumbnailUrl":"https:\/\/vetus.com\/wp-content\/uploads\/featured-contact-service.png","datePublished":"2021-04-07T10:32:24+00:00","dateModified":"2022-11-29T08:22:26+00:00","breadcrumb":{"@id":"https:\/\/vetus.com\/es\/servicio-apoyo\/vetus-ramas\/#breadcrumb"},"inLanguage":"es","potentialAction":[{"@type":"ReadAction","target":["https:\/\/vetus.com\/es\/servicio-apoyo\/vetus-ramas\/"]}]},{"@type":"ImageObject","inLanguage":"es","@id":"https:\/\/vetus.com\/es\/servicio-apoyo\/vetus-ramas\/#primaryimage","url":"https:\/\/vetus.com\/wp-content\/uploads\/featured-contact-service.png","contentUrl":"https:\/\/vetus.com\/wp-content\/uploads\/featured-contact-service.png","width":1200,"height":800},{"@type":"BreadcrumbList","@id":"https:\/\/vetus.com\/es\/servicio-apoyo\/vetus-ramas\/#breadcrumb","itemListElement":[{"@type":"ListItem","position":1,"name":"Home","item":"https:\/\/vetus.com\/es\/"},{"@type":"ListItem","position":2,"name":"Servicio apoyo","item":"https:\/\/vetus.com\/es\/servicio-apoyo\/"},{"@type":"ListItem","position":3,"name":"VETUS Ramas"}]},{"@type":"WebSite","@id":"https:\/\/vetus.com\/es\/#website","url":"https:\/\/vetus.com\/es\/","name":"VETUS","description":"","potentialAction":[{"@type":"SearchAction","target":{"@type":"EntryPoint","urlTemplate":"https:\/\/vetus.com\/es\/?s={search_term_string}"},"query-input":{"@type":"PropertyValueSpecification","valueRequired":true,"valueName":"search_term_string"}}],"inLanguage":"es"}]}},"_links":{"self":[{"href":"https:\/\/vetus.com\/es\/wp-json\/wp\/v2\/pages\/3267","targetHints":{"allow":["GET"]}}],"collection":[{"href":"https:\/\/vetus.com\/es\/wp-json\/wp\/v2\/pages"}],"about":[{"href":"https:\/\/vetus.com\/es\/wp-json\/wp\/v2\/types\/page"}],"author":[{"embeddable":true,"href":"https:\/\/vetus.com\/es\/wp-json\/wp\/v2\/users\/31"}],"replies":[{"embeddable":true,"href":"https:\/\/vetus.com\/es\/wp-json\/wp\/v2\/comments?post=3267"}],"version-history":[{"count":0,"href":"https:\/\/vetus.com\/es\/wp-json\/wp\/v2\/pages\/3267\/revisions"}],"up":[{"embeddable":true,"href":"https:\/\/vetus.com\/es\/wp-json\/wp\/v2\/pages\/3573"}],"wp:featuredmedia":[{"embeddable":true,"href":"https:\/\/vetus.com\/es\/wp-json\/wp\/v2\/media\/3268"}],"wp:attachment":[{"href":"https:\/\/vetus.com\/es\/wp-json\/wp\/v2\/media?parent=3267"}],"curies":[{"name":"wp","href":"https:\/\/api.w.org\/{rel}","templated":true}]}}