{"id":26918,"date":"2021-08-03T14:31:20","date_gmt":"2021-08-03T12:31:20","guid":{"rendered":"https:\/\/vetus.com\/?page_id=26918"},"modified":"2025-12-01T11:28:26","modified_gmt":"2025-12-01T09:28:26","slug":"declaracion-de-la-estrategia-fiscal-en-el-reino-unido","status":"publish","type":"page","link":"https:\/\/vetus.com\/es\/declaracion-de-la-estrategia-fiscal-en-el-reino-unido\/","title":{"rendered":"Declaraci\u00f3n de la estrategia fiscal en el Reino Unido"},"content":{"rendered":"\n<section class=\"section  \">\n    \n\n<section id=\"section-text-block-block_81c44120ecb05162e0d0ccdb0a30977b\" class=\"section text-block \">\n                    <div class=\"section section__body\">\n            <div class=\"text-block\">\n                <div class=\"container\">\n                    <div class=\"row\">\n                        <div class=\"col-lg-8 offset-lg-2\">\n                                                            <div class=\"section__content single__content hentry\">\n                                    <p>Esta estrategia fiscal del Reino Unido se aplica a Vetus Limited, que es un miembro del Reino Unido del Grupo Yanmar (\u00abYanmar\u00bb). Se considera que su publicaci\u00f3n cumple con la Parte 2 del Anexo 19 de la Ley de Finanzas de 2016 para el per\u00edodo que finaliza el 31 de marzo de 2026.<\/p>\n<p>Con inicios en 1912, Yanmar es un grupo con sede en Jap\u00f3n que fue el primero en conseguir fabricar un motor di\u00e9sel compacto de tama\u00f1o pr\u00e1ctico en 1933. En la actualidad, con los motores di\u00e9sel industriales como piedra angular de la empresa, Yanmar ha seguido ampliando su gama de productos, servicios y experiencia para ofrecer soluciones totales como fabricante de equipos industriales. Como proveedor de motores peque\u00f1os y grandes, maquinaria e instalaciones agr\u00edcolas, equipos de construcci\u00f3n, sistemas energ\u00e9ticos, equipos marinos, m\u00e1quinas-herramienta y componentes, las operaciones comerciales globales de Yanmar abarcan siete \u00e1mbitos.<\/p>\n<p><strong>Enfoque del cumplimiento<\/strong><\/p>\n<p>El C\u00f3digo de Conducta Global de Yanmar hace hincapi\u00e9 en la importancia de mantener la confianza de las partes interesadas cumpliendo con las responsabilidades sociales y con todas las leyes y reglamentos aplicables. Esto sustenta nuestro enfoque de la fiscalidad en el Reino Unido, que se centra en el cumplimiento de nuestras obligaciones.<\/p>\n<p><strong>Gobernanza fiscal y gesti\u00f3n de riesgos<\/strong><\/p>\n<p>La actividad rutinaria de cumplimiento fiscal se gestiona localmente. Sin embargo, los aspectos de nuestra gesti\u00f3n fiscal que requieren una mayor coordinaci\u00f3n (como el desarrollo y mantenimiento de nuestra pol\u00edtica de precios de transferencia de acuerdo con los principios de la OCDE) se supervisan a nivel de grupo.<\/p>\n<p>Los impuestos se gestionan de acuerdo con nuestro bajo apetito de riesgo fiscal y gestionamos el riesgo fiscal garantizando que las actividades de cumplimiento fiscal en el Reino Unido cuenten con los recursos adecuados. Esto significa que el personal que participa en las actividades de cumplimiento fiscal en el Reino Unido est\u00e1 debidamente formado y cualificado y que, cuando se subcontratan dichas actividades, s\u00f3lo se recurre a asesores de confianza. Tambi\u00e9n consultamos con asesores para asegurarnos de que estamos al d\u00eda de los cambios en la legislaci\u00f3n fiscal y somos capaces de identificar y gestionar cualquier riesgo asociado.<\/p>\n<p>Nuestra estrategia fiscal en el Reino Unido est\u00e1 aprobada por el grupo de fiscalidad de la Divisi\u00f3n de Contabilidad y Administraci\u00f3n de Yanmar Global Expert Co., Ltd. en Jap\u00f3n y reconocida e implementada por los Consejos de Administraci\u00f3n de las filiales del Reino Unido.<\/p>\n<p><strong>Planificaci\u00f3n<\/strong><\/p>\n<p>En la tierra, en el mar y en la ciudad, la misi\u00f3n de Yanmar de \u00abproporcionar soluciones sostenibles centradas en los retos a los que se enfrentan los clientes, en la producci\u00f3n de alimentos y en el aprovechamiento de la energ\u00eda, enriqueciendo as\u00ed la vida de las personas para todos nuestros ma\u00f1anas\u00bb, es testimonio de la determinaci\u00f3n de Yanmar de proporcionarnos \u00abUN FUTURO SOSTENIBLE\u00bb. No participaremos en ninguna planificaci\u00f3n fiscal que socave nuestro compromiso con \u00abUN FUTURO SOSTENIBLE\u00bb. Sin embargo, responderemos a los incentivos leg\u00edtimos (como las desgravaciones de capital) cuando est\u00e9n disponibles para gestionar nuestras obligaciones fiscales de forma coherente con el objetivo de la legislaci\u00f3n.<\/p>\n<p><strong>Relaciones con las autoridades fiscales<\/strong><\/p>\n<p>La interacci\u00f3n con HMRC se limita generalmente a consultas administrativas para garantizar que se cumplan las expectativas de HMRC. En el caso de que se produzcan consultas de la HMRC, responderemos a ellas de forma abierta y colaborativa.<\/p>\n                                <\/div>\n                            \n                                                    <\/div>\n                    <\/div>\n                <\/div>\n            <\/div>\n        <\/div>\n    <\/section><\/section>","protected":false},"excerpt":{"rendered":"<p>As standard we give 3 years warranty on equipment and 5 years warranty on engines.<\/p>\n","protected":false},"author":7,"featured_media":3392,"parent":0,"menu_order":171,"comment_status":"closed","ping_status":"closed","template":"tpl-basic.php","meta":{"_acf_changed":false,"footnotes":""},"class_list":["post-26918","page","type-page","status-publish","has-post-thumbnail","hentry"],"acf":{"introduction":"","person":false},"yoast_head":"<!-- This site is optimized with the Yoast SEO Premium plugin v27.3 (Yoast SEO v27.3) - https:\/\/yoast.com\/product\/yoast-seo-premium-wordpress\/ -->\n<title>Declaraci\u00f3n de la estrategia fiscal en el Reino Unido - VETUS<\/title>\n<meta name=\"robots\" content=\"index, follow, max-snippet:-1, max-image-preview:large, max-video-preview:-1\" \/>\n<link rel=\"canonical\" href=\"https:\/\/vetus.com\/es\/declaracion-de-la-estrategia-fiscal-en-el-reino-unido\/\" \/>\n<meta property=\"og:locale\" content=\"es_ES\" \/>\n<meta property=\"og:type\" content=\"article\" \/>\n<meta property=\"og:title\" content=\"Declaraci\u00f3n de la estrategia fiscal en el Reino Unido\" \/>\n<meta property=\"og:description\" content=\"As standard we give 3 years warranty on equipment and 5 years warranty on engines.\" \/>\n<meta property=\"og:url\" content=\"https:\/\/vetus.com\/es\/declaracion-de-la-estrategia-fiscal-en-el-reino-unido\/\" \/>\n<meta property=\"og:site_name\" content=\"VETUS\" \/>\n<meta property=\"article:modified_time\" content=\"2025-12-01T09:28:26+00:00\" \/>\n<meta property=\"og:image\" content=\"https:\/\/vetus.com\/wp-content\/uploads\/featured-warranty-3-5-years.png\" \/>\n\t<meta property=\"og:image:width\" content=\"1200\" \/>\n\t<meta property=\"og:image:height\" content=\"800\" \/>\n\t<meta property=\"og:image:type\" content=\"image\/png\" \/>\n<meta name=\"twitter:card\" content=\"summary_large_image\" \/>\n<meta name=\"twitter:label1\" content=\"Tiempo de lectura\" \/>\n\t<meta name=\"twitter:data1\" content=\"3 minutos\" \/>\n<script type=\"application\/ld+json\" class=\"yoast-schema-graph\">{\"@context\":\"https:\\\/\\\/schema.org\",\"@graph\":[{\"@type\":\"WebPage\",\"@id\":\"https:\\\/\\\/vetus.com\\\/es\\\/declaracion-de-la-estrategia-fiscal-en-el-reino-unido\\\/\",\"url\":\"https:\\\/\\\/vetus.com\\\/es\\\/declaracion-de-la-estrategia-fiscal-en-el-reino-unido\\\/\",\"name\":\"Declaraci\u00f3n de la estrategia fiscal en el Reino Unido - VETUS\",\"isPartOf\":{\"@id\":\"https:\\\/\\\/vetus.com\\\/es\\\/#website\"},\"primaryImageOfPage\":{\"@id\":\"https:\\\/\\\/vetus.com\\\/es\\\/declaracion-de-la-estrategia-fiscal-en-el-reino-unido\\\/#primaryimage\"},\"image\":{\"@id\":\"https:\\\/\\\/vetus.com\\\/es\\\/declaracion-de-la-estrategia-fiscal-en-el-reino-unido\\\/#primaryimage\"},\"thumbnailUrl\":\"https:\\\/\\\/vetus.com\\\/wp-content\\\/uploads\\\/featured-warranty-3-5-years.png\",\"datePublished\":\"2021-08-03T12:31:20+00:00\",\"dateModified\":\"2025-12-01T09:28:26+00:00\",\"breadcrumb\":{\"@id\":\"https:\\\/\\\/vetus.com\\\/es\\\/declaracion-de-la-estrategia-fiscal-en-el-reino-unido\\\/#breadcrumb\"},\"inLanguage\":\"es\",\"potentialAction\":[{\"@type\":\"ReadAction\",\"target\":[\"https:\\\/\\\/vetus.com\\\/es\\\/declaracion-de-la-estrategia-fiscal-en-el-reino-unido\\\/\"]}]},{\"@type\":\"ImageObject\",\"inLanguage\":\"es\",\"@id\":\"https:\\\/\\\/vetus.com\\\/es\\\/declaracion-de-la-estrategia-fiscal-en-el-reino-unido\\\/#primaryimage\",\"url\":\"https:\\\/\\\/vetus.com\\\/wp-content\\\/uploads\\\/featured-warranty-3-5-years.png\",\"contentUrl\":\"https:\\\/\\\/vetus.com\\\/wp-content\\\/uploads\\\/featured-warranty-3-5-years.png\",\"width\":1200,\"height\":800},{\"@type\":\"BreadcrumbList\",\"@id\":\"https:\\\/\\\/vetus.com\\\/es\\\/declaracion-de-la-estrategia-fiscal-en-el-reino-unido\\\/#breadcrumb\",\"itemListElement\":[{\"@type\":\"ListItem\",\"position\":1,\"name\":\"Home\",\"item\":\"https:\\\/\\\/vetus.com\\\/es\\\/\"},{\"@type\":\"ListItem\",\"position\":2,\"name\":\"Declaraci\u00f3n de la estrategia fiscal en el Reino Unido\"}]},{\"@type\":\"WebSite\",\"@id\":\"https:\\\/\\\/vetus.com\\\/es\\\/#website\",\"url\":\"https:\\\/\\\/vetus.com\\\/es\\\/\",\"name\":\"VETUS\",\"description\":\"\",\"potentialAction\":[{\"@type\":\"SearchAction\",\"target\":{\"@type\":\"EntryPoint\",\"urlTemplate\":\"https:\\\/\\\/vetus.com\\\/es\\\/?s={search_term_string}\"},\"query-input\":{\"@type\":\"PropertyValueSpecification\",\"valueRequired\":true,\"valueName\":\"search_term_string\"}}],\"inLanguage\":\"es\"}]}<\/script>\n<!-- \/ Yoast SEO Premium plugin. -->","yoast_head_json":{"title":"Declaraci\u00f3n de la estrategia fiscal en el Reino Unido - VETUS","robots":{"index":"index","follow":"follow","max-snippet":"max-snippet:-1","max-image-preview":"max-image-preview:large","max-video-preview":"max-video-preview:-1"},"canonical":"https:\/\/vetus.com\/es\/declaracion-de-la-estrategia-fiscal-en-el-reino-unido\/","og_locale":"es_ES","og_type":"article","og_title":"Declaraci\u00f3n de la estrategia fiscal en el Reino Unido","og_description":"As standard we give 3 years warranty on equipment and 5 years warranty on engines.","og_url":"https:\/\/vetus.com\/es\/declaracion-de-la-estrategia-fiscal-en-el-reino-unido\/","og_site_name":"VETUS","article_modified_time":"2025-12-01T09:28:26+00:00","og_image":[{"width":1200,"height":800,"url":"https:\/\/vetus.com\/wp-content\/uploads\/featured-warranty-3-5-years.png","type":"image\/png"}],"twitter_card":"summary_large_image","twitter_misc":{"Tiempo de lectura":"3 minutos"},"schema":{"@context":"https:\/\/schema.org","@graph":[{"@type":"WebPage","@id":"https:\/\/vetus.com\/es\/declaracion-de-la-estrategia-fiscal-en-el-reino-unido\/","url":"https:\/\/vetus.com\/es\/declaracion-de-la-estrategia-fiscal-en-el-reino-unido\/","name":"Declaraci\u00f3n de la estrategia fiscal en el Reino Unido - VETUS","isPartOf":{"@id":"https:\/\/vetus.com\/es\/#website"},"primaryImageOfPage":{"@id":"https:\/\/vetus.com\/es\/declaracion-de-la-estrategia-fiscal-en-el-reino-unido\/#primaryimage"},"image":{"@id":"https:\/\/vetus.com\/es\/declaracion-de-la-estrategia-fiscal-en-el-reino-unido\/#primaryimage"},"thumbnailUrl":"https:\/\/vetus.com\/wp-content\/uploads\/featured-warranty-3-5-years.png","datePublished":"2021-08-03T12:31:20+00:00","dateModified":"2025-12-01T09:28:26+00:00","breadcrumb":{"@id":"https:\/\/vetus.com\/es\/declaracion-de-la-estrategia-fiscal-en-el-reino-unido\/#breadcrumb"},"inLanguage":"es","potentialAction":[{"@type":"ReadAction","target":["https:\/\/vetus.com\/es\/declaracion-de-la-estrategia-fiscal-en-el-reino-unido\/"]}]},{"@type":"ImageObject","inLanguage":"es","@id":"https:\/\/vetus.com\/es\/declaracion-de-la-estrategia-fiscal-en-el-reino-unido\/#primaryimage","url":"https:\/\/vetus.com\/wp-content\/uploads\/featured-warranty-3-5-years.png","contentUrl":"https:\/\/vetus.com\/wp-content\/uploads\/featured-warranty-3-5-years.png","width":1200,"height":800},{"@type":"BreadcrumbList","@id":"https:\/\/vetus.com\/es\/declaracion-de-la-estrategia-fiscal-en-el-reino-unido\/#breadcrumb","itemListElement":[{"@type":"ListItem","position":1,"name":"Home","item":"https:\/\/vetus.com\/es\/"},{"@type":"ListItem","position":2,"name":"Declaraci\u00f3n de la estrategia fiscal en el Reino Unido"}]},{"@type":"WebSite","@id":"https:\/\/vetus.com\/es\/#website","url":"https:\/\/vetus.com\/es\/","name":"VETUS","description":"","potentialAction":[{"@type":"SearchAction","target":{"@type":"EntryPoint","urlTemplate":"https:\/\/vetus.com\/es\/?s={search_term_string}"},"query-input":{"@type":"PropertyValueSpecification","valueRequired":true,"valueName":"search_term_string"}}],"inLanguage":"es"}]}},"_links":{"self":[{"href":"https:\/\/vetus.com\/es\/wp-json\/wp\/v2\/pages\/26918","targetHints":{"allow":["GET"]}}],"collection":[{"href":"https:\/\/vetus.com\/es\/wp-json\/wp\/v2\/pages"}],"about":[{"href":"https:\/\/vetus.com\/es\/wp-json\/wp\/v2\/types\/page"}],"author":[{"embeddable":true,"href":"https:\/\/vetus.com\/es\/wp-json\/wp\/v2\/users\/7"}],"replies":[{"embeddable":true,"href":"https:\/\/vetus.com\/es\/wp-json\/wp\/v2\/comments?post=26918"}],"version-history":[{"count":3,"href":"https:\/\/vetus.com\/es\/wp-json\/wp\/v2\/pages\/26918\/revisions"}],"predecessor-version":[{"id":117810,"href":"https:\/\/vetus.com\/es\/wp-json\/wp\/v2\/pages\/26918\/revisions\/117810"}],"wp:featuredmedia":[{"embeddable":true,"href":"https:\/\/vetus.com\/es\/wp-json\/wp\/v2\/media\/3392"}],"wp:attachment":[{"href":"https:\/\/vetus.com\/es\/wp-json\/wp\/v2\/media?parent=26918"}],"curies":[{"name":"wp","href":"https:\/\/api.w.org\/{rel}","templated":true}]}}