{"id":125421,"date":"2026-04-13T14:21:43","date_gmt":"2026-04-13T12:21:43","guid":{"rendered":"https:\/\/vetus.com\/campanas-vetus\/trouble-free-boating-guide\/"},"modified":"2026-04-29T14:31:28","modified_gmt":"2026-04-29T12:31:28","slug":"guia-de-navegacion-sin-problemas","status":"publish","type":"page","link":"https:\/\/vetus.com\/es\/campanas-vetus\/guia-de-navegacion-sin-problemas\/","title":{"rendered":"Gu\u00eda de navegaci\u00f3n sin problemas"},"content":{"rendered":"\n<section class=\"section  \">\n    \n\n<section id=\"section-text-block-block_24d4108afaae81de20be86b4baa84b86\" class=\"section text-block \">\n                    <div class=\"section section__body\">\n            <div class=\"text-block\">\n                <div class=\"container\">\n                    <div class=\"row\">\n                        <div class=\"col-lg-8 offset-lg-2\">\n                                                            <div class=\"section__content single__content hentry\">\n                                    <p>Tras pasar meses almacenada durante el invierno, la primera salida de la temporada es algo que todos los propietarios de embarcaciones esperan con ilusi\u00f3n. Al mismo tiempo, suele ser el momento en que se aprecian peque\u00f1os problemas t\u00e9cnicos en los sistemas de a bordo.<\/p>\n<p>La mayor\u00eda de estos problemas no son aver\u00edas graves, sino el resultado de peque\u00f1as ineficiencias que se han desarrollado durante el periodo de inactividad. Con la preparaci\u00f3n adecuada, pueden identificarse a tiempo y solucionarse antes de que afecten a su tiempo en el agua.<\/p>\n                                <\/div>\n                            \n                                                    <\/div>\n                    <\/div>\n                <\/div>\n            <\/div>\n        <\/div>\n    <\/section>\n\n<section id=\"section-text-block-block_24d4108afaae81de20be86b4baa84b86\" class=\"section text-block \">\n                    <div class=\"section section__body\">\n            <div class=\"text-block\">\n                <div class=\"container\">\n                    <div class=\"row\">\n                        <div class=\"col-lg-8 offset-lg-2\">\n                                                            <div class=\"section__content single__content hentry\">\n                                    <h3>Prepare su embarcaci\u00f3n para la temporada<\/h3>\n<p>La \u00abGu\u00eda de navegaci\u00f3n sin problemas\u00bb le muestra c\u00f3mo identificar y resolver los problemas t\u00e9cnicos m\u00e1s comunes que surgen tras el almacenamiento invernal. Funciona como una gu\u00eda pr\u00e1ctica para la preparaci\u00f3n de la embarcaci\u00f3n, que le ayudar\u00e1 a comprender c\u00f3mo se comportan los sistemas de a bordo y qu\u00e9 debe comprobar antes de la primera salida.<\/p>\n<p>Con informaci\u00f3n clara y pasos estructurados, le ayuda a preparar su embarcaci\u00f3n de forma eficaz y a evitar problemas comunes al inicio de la temporada de navegaci\u00f3n.<\/p>\n                                <\/div>\n                            \n                                                            <div class=\"section__actions text-block__actions actions\">\n                                    <div class=\"btn-group d-flex flex-wrap justify-content-center\">\n                                                                                    <a href=\"https:\/\/vetus.com\/es\/guia-de-navegacion-2026\/\" class=\"btn btn-secondary\" title=\"\" target=\"_blank\">\n                                                <span>Descargar la gu\u00eda<\/span>\n                                            <\/a>\n                                        \n                                                                            <\/div>\n                                <\/div>\n                                                    <\/div>\n                    <\/div>\n                <\/div>\n            <\/div>\n        <\/div>\n    <\/section><\/section>\n\n<section class=\"section section--colored bg-light content-blocks bg-light   \">\n    <section id=\"section-gallery-block_76c875c86e98cd89bac0d8b926dcb427\" class=\"section gallery \">\n                <div class=\"section__body gallery__body\">\n            <div class=\"container\">\n                <div class=\"row row--col-margin-medium justify-content-center\">\n                                            <div class=\"col-8 col-sm-4 offset-sm-0\">\n                            <div class=\"gallery__media media media--clipped ratio\">\n                                <div class=\"media__wrapper\">\n                                    <img decoding=\"async\" width=\"690\" height=\"920\" src=\"https:\/\/vetus.com\/wp-content\/uploads\/IMG_4241-690x920.jpeg\" class=\"media__src img-fit\" alt=\"Boating Guide\" srcset=\"https:\/\/vetus.com\/wp-content\/uploads\/IMG_4241-690x920.jpeg 690w, https:\/\/vetus.com\/wp-content\/uploads\/IMG_4241-225x300.jpeg 225w, https:\/\/vetus.com\/wp-content\/uploads\/IMG_4241-768x1024.jpeg 768w, https:\/\/vetus.com\/wp-content\/uploads\/IMG_4241-210x280.jpeg 210w, https:\/\/vetus.com\/wp-content\/uploads\/IMG_4241-330x440.jpeg 330w, https:\/\/vetus.com\/wp-content\/uploads\/IMG_4241-431x575.jpeg 431w, https:\/\/vetus.com\/wp-content\/uploads\/IMG_4241-507x676.jpeg 507w, https:\/\/vetus.com\/wp-content\/uploads\/IMG_4241-530x707.jpeg 530w, https:\/\/vetus.com\/wp-content\/uploads\/IMG_4241-930x1240.jpeg 930w, https:\/\/vetus.com\/wp-content\/uploads\/IMG_4241-1170x1560.jpeg 1170w, https:\/\/vetus.com\/wp-content\/uploads\/IMG_4241-scaled.jpeg 1920w\" sizes=\"auto, (max-width: 575.98px) 431px, (max-width: 767.98px) 530px, (max-width: 991.98px) 330px, (max-width: 1279.98px) 431px, (max-width: 1899.98px) 530px, 690px\" loading=\"lazy\" \/>                                <\/div>\n                            <\/div>\n                        <\/div>\n                                            <div class=\"col-8 col-sm-4 offset-sm-0\">\n                            <div class=\"gallery__media media media--clipped ratio\">\n                                <div class=\"media__wrapper\">\n                                    <img decoding=\"async\" width=\"690\" height=\"461\" src=\"https:\/\/vetus.com\/wp-content\/uploads\/shutterstock_2522088229-690x461.jpg\" class=\"media__src img-fit\" alt=\"Boating Guide\" srcset=\"https:\/\/vetus.com\/wp-content\/uploads\/shutterstock_2522088229-690x461.jpg 690w, https:\/\/vetus.com\/wp-content\/uploads\/shutterstock_2522088229-300x200.jpg 300w, https:\/\/vetus.com\/wp-content\/uploads\/shutterstock_2522088229-768x513.jpg 768w, https:\/\/vetus.com\/wp-content\/uploads\/shutterstock_2522088229-210x140.jpg 210w, https:\/\/vetus.com\/wp-content\/uploads\/shutterstock_2522088229-330x220.jpg 330w, https:\/\/vetus.com\/wp-content\/uploads\/shutterstock_2522088229-431x288.jpg 431w, https:\/\/vetus.com\/wp-content\/uploads\/shutterstock_2522088229-507x338.jpg 507w, https:\/\/vetus.com\/wp-content\/uploads\/shutterstock_2522088229-530x354.jpg 530w, https:\/\/vetus.com\/wp-content\/uploads\/shutterstock_2522088229-930x621.jpg 930w, https:\/\/vetus.com\/wp-content\/uploads\/shutterstock_2522088229-1170x781.jpg 1170w\" sizes=\"auto, (max-width: 575.98px) 431px, (max-width: 767.98px) 530px, (max-width: 991.98px) 330px, (max-width: 1279.98px) 431px, (max-width: 1899.98px) 530px, 690px\" loading=\"lazy\" \/>                                <\/div>\n                            <\/div>\n                        <\/div>\n                                            <div class=\"col-8 col-sm-4 offset-sm-0\">\n                            <div class=\"gallery__media media media--clipped ratio\">\n                                <div class=\"media__wrapper\">\n                                    <img decoding=\"async\" width=\"690\" height=\"461\" src=\"https:\/\/vetus.com\/wp-content\/uploads\/shutterstock_214631551-690x461.jpg\" class=\"media__src img-fit\" alt=\"\" srcset=\"https:\/\/vetus.com\/wp-content\/uploads\/shutterstock_214631551-690x461.jpg 690w, https:\/\/vetus.com\/wp-content\/uploads\/shutterstock_214631551-300x200.jpg 300w, https:\/\/vetus.com\/wp-content\/uploads\/shutterstock_214631551-768x513.jpg 768w, https:\/\/vetus.com\/wp-content\/uploads\/shutterstock_214631551-210x140.jpg 210w, https:\/\/vetus.com\/wp-content\/uploads\/shutterstock_214631551-330x220.jpg 330w, https:\/\/vetus.com\/wp-content\/uploads\/shutterstock_214631551-431x288.jpg 431w, https:\/\/vetus.com\/wp-content\/uploads\/shutterstock_214631551-507x338.jpg 507w, https:\/\/vetus.com\/wp-content\/uploads\/shutterstock_214631551-530x354.jpg 530w, https:\/\/vetus.com\/wp-content\/uploads\/shutterstock_214631551-930x621.jpg 930w, https:\/\/vetus.com\/wp-content\/uploads\/shutterstock_214631551-1170x781.jpg 1170w\" sizes=\"auto, (max-width: 575.98px) 431px, (max-width: 767.98px) 530px, (max-width: 991.98px) 330px, (max-width: 1279.98px) 431px, (max-width: 1899.98px) 530px, 690px\" loading=\"lazy\" \/>                                <\/div>\n                            <\/div>\n                        <\/div>\n                                    <\/div>\n            <\/div>\n        <\/div>\n    <\/section><\/section>\n\n\n<section class=\"section  \">\n    \n\n<section id=\"section-text-block-block_0cae1613ae5cca778fd2e01f51d36765\" class=\"section text-block \">\n                    <div class=\"section section__body\">\n            <div class=\"text-block\">\n                <div class=\"container\">\n                    <div class=\"row\">\n                        <div class=\"col-lg-8 offset-lg-2\">\n                                                            <div class=\"section__content single__content hentry\">\n                                    <h3>Una gu\u00eda pr\u00e1ctica basada en sistemas de a bordo reales<\/h3>\n<p>A diferencia de las listas de comprobaci\u00f3n gen\u00e9ricas, esta gu\u00eda explica c\u00f3mo funciona realmente su embarcaci\u00f3n, ayud\u00e1ndole a comprender la causa original del problema en lugar de solo los s\u00edntomas.<\/p>\n<p>Gracias a su experiencia en todos los sistemas de a bordo, como los de propulsi\u00f3n, combustible, refrigeraci\u00f3n, electricidad, saneamiento y anclaje, VETUS entiende c\u00f3mo interact\u00faan estos sistemas en una instalaci\u00f3n completa. Esto permite identificar los problemas con mayor precisi\u00f3n y ofrecer soluciones pr\u00e1cticas y fiables.<\/p>\n<p>Con diagn\u00f3sticos claros, soluciones pr\u00e1cticas y consejos de prevenci\u00f3n, puede identificar r\u00e1pidamente lo que necesita atenci\u00f3n y evitar la innecesaria soluci\u00f3n de problemas.<\/p>\n                                <\/div>\n                            \n                                                    <\/div>\n                    <\/div>\n                <\/div>\n            <\/div>\n        <\/div>\n    <\/section>\n<section id=\"content-block-1-block_0cae1613ae5cca778fd2e01f51d36765\" class=\"section content-block content-block--image \">\n    <div class=\"container\">\n        <div class=\"row d-flex align-items-center flex-md-row-reverse\">\n\n            <div class=\"col-md-6 col-lg-7 offset-lg-1\">\n                                    <div class=\"content-block__visuals\">\n                        <div class=\"content-block__media media--clipped media ratio\">\n                            <div class=\"media__wrapper\">\n                                <img decoding=\"async\" width=\"690\" height=\"516\" src=\"https:\/\/vetus.com\/wp-content\/uploads\/shutterstock_2376234853_3-690x516.png\" class=\"media__source img-fit\" alt=\"\" srcset=\"https:\/\/vetus.com\/wp-content\/uploads\/shutterstock_2376234853_3-690x516.png 690w, https:\/\/vetus.com\/wp-content\/uploads\/shutterstock_2376234853_3-300x225.png 300w, https:\/\/vetus.com\/wp-content\/uploads\/shutterstock_2376234853_3-768x575.png 768w, https:\/\/vetus.com\/wp-content\/uploads\/shutterstock_2376234853_3-210x157.png 210w, https:\/\/vetus.com\/wp-content\/uploads\/shutterstock_2376234853_3-330x247.png 330w, https:\/\/vetus.com\/wp-content\/uploads\/shutterstock_2376234853_3-431x323.png 431w, https:\/\/vetus.com\/wp-content\/uploads\/shutterstock_2376234853_3-507x379.png 507w, https:\/\/vetus.com\/wp-content\/uploads\/shutterstock_2376234853_3-530x397.png 530w, https:\/\/vetus.com\/wp-content\/uploads\/shutterstock_2376234853_3-930x696.png 930w, https:\/\/vetus.com\/wp-content\/uploads\/shutterstock_2376234853_3-1170x876.png 1170w\" sizes=\"auto, (max-width: 575.98px) 431px, (max-width: 767.98px) 530px, (max-width: 991.98px) 330px, (max-width: 1279.98px) 530px, (max-width: 1899.98px) 690px, 930px\" loading=\"lazy\" \/>                            <\/div>\n                        <\/div>\n                    <\/div>\n                            <\/div>\n\n            <div class=\"col-md-6 col-lg-4\">\n                <div class=\"content-block__body\">\n                    \n                    \n                                            <h3>Lo que aprender\u00e1<\/h3>\n<ul>\n<li>Por qu\u00e9 los motores no arrancan despu\u00e9s del almacenamiento invernal<\/li>\n<li>C\u00f3mo evitar el sobrecalentamiento y los problemas de refrigeraci\u00f3n<\/li>\n<li>Qu\u00e9 causa la presencia de agua en la sentina<\/li>\n<li>C\u00f3mo identificar problemas en el sistema el\u00e9ctrico<\/li>\n<li>De d\u00f3nde proceden los olores y las fugas de combustible<\/li>\n<li>C\u00f3mo evitar los olores desagradables bajo cubierta<\/li>\n<li>Qu\u00e9 causa las vibraciones en el sistema de propulsi\u00f3n<\/li>\n<li>C\u00f3mo diagnosticar el humo del escape<\/li>\n<li>Por qu\u00e9 fallan los sistemas de anclaje bajo carga<\/li>\n<li>Qu\u00e9 causa la p\u00e9rdida de rendimiento y cu\u00e1ndo debe considerarse la remotorizaci\u00f3n<\/li>\n<\/ul>\n                    \t\t\t\t\t\n                                    <\/div>\n            <\/div>\n        <\/div>\n    <\/div>\n<\/section>\n\n<section id=\"section-text-block-block_0cae1613ae5cca778fd2e01f51d36765\" class=\"section text-block \">\n                    <div class=\"section section__body\">\n            <div class=\"text-block\">\n                <div class=\"container\">\n                    <div class=\"row\">\n                        <div class=\"col-lg-8 offset-lg-2\">\n                                                            <div class=\"section__content single__content hentry\">\n                                    <h5 style=\"text-align: center;\">Cuando los sistemas de a bordo est\u00e1n bien preparados, puede centrarse en lo que de verdad importa: disfrutar de su tiempo en el agua.<\/h5>\n<h5 style=\"text-align: center;\">Obtenga acceso instant\u00e1neo a la \u00abGu\u00eda de navegaci\u00f3n sin problemas\u00bb y aseg\u00farese de que su embarcaci\u00f3n est\u00e1 lista antes de su primera salida.<\/h5>\n                                <\/div>\n                            \n                                                            <div class=\"section__actions text-block__actions actions\">\n                                    <div class=\"btn-group d-flex flex-wrap justify-content-center\">\n                                                                                    <a href=\"https:\/\/vetus.com\/es\/guia-de-navegacion-2026\/\" class=\"btn btn-primary\" title=\"\" target=\"_blank\">\n                                                <span>Descargue su gu\u00eda<\/span>\n                                            <\/a>\n                                        \n                                                                            <\/div>\n                                <\/div>\n                                                    <\/div>\n                    <\/div>\n                <\/div>\n            <\/div>\n        <\/div>\n    <\/section><\/section>","protected":false},"excerpt":{"rendered":"","protected":false},"author":25,"featured_media":125401,"parent":32268,"menu_order":0,"comment_status":"closed","ping_status":"closed","template":"tpl-video.php","meta":{"_acf_changed":false,"footnotes":""},"class_list":["post-125421","page","type-page","status-publish","has-post-thumbnail","hentry"],"acf":{"person":false,"title":"Comience su temporada de navegaci\u00f3n bien preparado","subtitle":"Descargue la 'Gu\u00eda de navegaci\u00f3n sin problemas' y prepare sus sistemas a bordo","intro":"","video_type":"File","video":"https:\/\/vetus.com\/wp-content\/uploads\/download.mp4","background_image":false,"button":{"title":"Descargue la gu\u00eda","url":"https:\/\/vetus.com\/es\/guia-de-navegacion-2026\/","target":"_blank"},"button_secondary":""},"yoast_head":"<!-- This site is optimized with the Yoast SEO Premium plugin v27.5 (Yoast SEO v27.5) - https:\/\/yoast.com\/product\/yoast-seo-premium-wordpress\/ -->\n<title>Prepara tu barco para la temporada<\/title>\n<meta name=\"description\" content=\"La Gu\u00eda de navegaci\u00f3n sin problemas le muestra c\u00f3mo identificar y resolver los problemas t\u00e9cnicos m\u00e1s comunes que se producen despu\u00e9s del ...\" \/>\n<meta name=\"robots\" content=\"index, follow, max-snippet:-1, max-image-preview:large, max-video-preview:-1\" \/>\n<link rel=\"canonical\" href=\"https:\/\/vetus.com\/es\/campanas-vetus\/guia-de-navegacion-sin-problemas\/\" \/>\n<meta property=\"og:locale\" content=\"es_ES\" \/>\n<meta property=\"og:type\" content=\"article\" \/>\n<meta property=\"og:title\" content=\"Gu\u00eda de navegaci\u00f3n sin problemas\" \/>\n<meta property=\"og:description\" content=\"La Gu\u00eda de navegaci\u00f3n sin problemas le muestra c\u00f3mo identificar y resolver los problemas t\u00e9cnicos m\u00e1s comunes que se producen despu\u00e9s del ...\" \/>\n<meta property=\"og:url\" content=\"https:\/\/vetus.com\/es\/campanas-vetus\/guia-de-navegacion-sin-problemas\/\" \/>\n<meta property=\"og:site_name\" content=\"VETUS\" \/>\n<meta property=\"article:modified_time\" content=\"2026-04-29T12:31:28+00:00\" \/>\n<meta property=\"og:image\" content=\"https:\/\/vetus.com\/wp-content\/uploads\/Boating-guide-2026.png\" \/>\n\t<meta property=\"og:image:width\" content=\"936\" \/>\n\t<meta property=\"og:image:height\" content=\"500\" \/>\n\t<meta property=\"og:image:type\" content=\"image\/png\" \/>\n<meta name=\"twitter:card\" content=\"summary_large_image\" \/>\n<meta name=\"twitter:label1\" content=\"Tiempo de lectura\" \/>\n\t<meta name=\"twitter:data1\" content=\"3 minutos\" \/>\n<script type=\"application\/ld+json\" class=\"yoast-schema-graph\">{\"@context\":\"https:\\\/\\\/schema.org\",\"@graph\":[{\"@type\":\"WebPage\",\"@id\":\"https:\\\/\\\/vetus.com\\\/es\\\/campanas-vetus\\\/guia-de-navegacion-sin-problemas\\\/\",\"url\":\"https:\\\/\\\/vetus.com\\\/es\\\/campanas-vetus\\\/guia-de-navegacion-sin-problemas\\\/\",\"name\":\"Prepara tu barco para la temporada\",\"isPartOf\":{\"@id\":\"https:\\\/\\\/vetus.com\\\/es\\\/#website\"},\"primaryImageOfPage\":{\"@id\":\"https:\\\/\\\/vetus.com\\\/es\\\/campanas-vetus\\\/guia-de-navegacion-sin-problemas\\\/#primaryimage\"},\"image\":{\"@id\":\"https:\\\/\\\/vetus.com\\\/es\\\/campanas-vetus\\\/guia-de-navegacion-sin-problemas\\\/#primaryimage\"},\"thumbnailUrl\":\"https:\\\/\\\/vetus.com\\\/wp-content\\\/uploads\\\/Boating-guide-2026.png\",\"datePublished\":\"2026-04-13T12:21:43+00:00\",\"dateModified\":\"2026-04-29T12:31:28+00:00\",\"description\":\"La Gu\u00eda de navegaci\u00f3n sin problemas le muestra c\u00f3mo identificar y resolver los problemas t\u00e9cnicos m\u00e1s comunes que se producen despu\u00e9s del ...\",\"breadcrumb\":{\"@id\":\"https:\\\/\\\/vetus.com\\\/es\\\/campanas-vetus\\\/guia-de-navegacion-sin-problemas\\\/#breadcrumb\"},\"inLanguage\":\"es\",\"potentialAction\":[{\"@type\":\"ReadAction\",\"target\":[\"https:\\\/\\\/vetus.com\\\/es\\\/campanas-vetus\\\/guia-de-navegacion-sin-problemas\\\/\"]}]},{\"@type\":\"ImageObject\",\"inLanguage\":\"es\",\"@id\":\"https:\\\/\\\/vetus.com\\\/es\\\/campanas-vetus\\\/guia-de-navegacion-sin-problemas\\\/#primaryimage\",\"url\":\"https:\\\/\\\/vetus.com\\\/wp-content\\\/uploads\\\/Boating-guide-2026.png\",\"contentUrl\":\"https:\\\/\\\/vetus.com\\\/wp-content\\\/uploads\\\/Boating-guide-2026.png\",\"width\":936,\"height\":500},{\"@type\":\"BreadcrumbList\",\"@id\":\"https:\\\/\\\/vetus.com\\\/es\\\/campanas-vetus\\\/guia-de-navegacion-sin-problemas\\\/#breadcrumb\",\"itemListElement\":[{\"@type\":\"ListItem\",\"position\":1,\"name\":\"Home\",\"item\":\"https:\\\/\\\/vetus.com\\\/es\\\/\"},{\"@type\":\"ListItem\",\"position\":2,\"name\":\"Campa\u00f1as VETUS\",\"item\":\"https:\\\/\\\/vetus.com\\\/es\\\/campanas-vetus\\\/\"},{\"@type\":\"ListItem\",\"position\":3,\"name\":\"Gu\u00eda de navegaci\u00f3n sin problemas\"}]},{\"@type\":\"WebSite\",\"@id\":\"https:\\\/\\\/vetus.com\\\/es\\\/#website\",\"url\":\"https:\\\/\\\/vetus.com\\\/es\\\/\",\"name\":\"VETUS\",\"description\":\"\",\"potentialAction\":[{\"@type\":\"SearchAction\",\"target\":{\"@type\":\"EntryPoint\",\"urlTemplate\":\"https:\\\/\\\/vetus.com\\\/es\\\/?s={search_term_string}\"},\"query-input\":{\"@type\":\"PropertyValueSpecification\",\"valueRequired\":true,\"valueName\":\"search_term_string\"}}],\"inLanguage\":\"es\"}]}<\/script>\n<!-- \/ Yoast SEO Premium plugin. -->","yoast_head_json":{"title":"Prepara tu barco para la temporada","description":"La Gu\u00eda de navegaci\u00f3n sin problemas le muestra c\u00f3mo identificar y resolver los problemas t\u00e9cnicos m\u00e1s comunes que se producen despu\u00e9s del ...","robots":{"index":"index","follow":"follow","max-snippet":"max-snippet:-1","max-image-preview":"max-image-preview:large","max-video-preview":"max-video-preview:-1"},"canonical":"https:\/\/vetus.com\/es\/campanas-vetus\/guia-de-navegacion-sin-problemas\/","og_locale":"es_ES","og_type":"article","og_title":"Gu\u00eda de navegaci\u00f3n sin problemas","og_description":"La Gu\u00eda de navegaci\u00f3n sin problemas le muestra c\u00f3mo identificar y resolver los problemas t\u00e9cnicos m\u00e1s comunes que se producen despu\u00e9s del ...","og_url":"https:\/\/vetus.com\/es\/campanas-vetus\/guia-de-navegacion-sin-problemas\/","og_site_name":"VETUS","article_modified_time":"2026-04-29T12:31:28+00:00","og_image":[{"width":936,"height":500,"url":"https:\/\/vetus.com\/wp-content\/uploads\/Boating-guide-2026.png","type":"image\/png"}],"twitter_card":"summary_large_image","twitter_misc":{"Tiempo de lectura":"3 minutos"},"schema":{"@context":"https:\/\/schema.org","@graph":[{"@type":"WebPage","@id":"https:\/\/vetus.com\/es\/campanas-vetus\/guia-de-navegacion-sin-problemas\/","url":"https:\/\/vetus.com\/es\/campanas-vetus\/guia-de-navegacion-sin-problemas\/","name":"Prepara tu barco para la temporada","isPartOf":{"@id":"https:\/\/vetus.com\/es\/#website"},"primaryImageOfPage":{"@id":"https:\/\/vetus.com\/es\/campanas-vetus\/guia-de-navegacion-sin-problemas\/#primaryimage"},"image":{"@id":"https:\/\/vetus.com\/es\/campanas-vetus\/guia-de-navegacion-sin-problemas\/#primaryimage"},"thumbnailUrl":"https:\/\/vetus.com\/wp-content\/uploads\/Boating-guide-2026.png","datePublished":"2026-04-13T12:21:43+00:00","dateModified":"2026-04-29T12:31:28+00:00","description":"La Gu\u00eda de navegaci\u00f3n sin problemas le muestra c\u00f3mo identificar y resolver los problemas t\u00e9cnicos m\u00e1s comunes que se producen despu\u00e9s del ...","breadcrumb":{"@id":"https:\/\/vetus.com\/es\/campanas-vetus\/guia-de-navegacion-sin-problemas\/#breadcrumb"},"inLanguage":"es","potentialAction":[{"@type":"ReadAction","target":["https:\/\/vetus.com\/es\/campanas-vetus\/guia-de-navegacion-sin-problemas\/"]}]},{"@type":"ImageObject","inLanguage":"es","@id":"https:\/\/vetus.com\/es\/campanas-vetus\/guia-de-navegacion-sin-problemas\/#primaryimage","url":"https:\/\/vetus.com\/wp-content\/uploads\/Boating-guide-2026.png","contentUrl":"https:\/\/vetus.com\/wp-content\/uploads\/Boating-guide-2026.png","width":936,"height":500},{"@type":"BreadcrumbList","@id":"https:\/\/vetus.com\/es\/campanas-vetus\/guia-de-navegacion-sin-problemas\/#breadcrumb","itemListElement":[{"@type":"ListItem","position":1,"name":"Home","item":"https:\/\/vetus.com\/es\/"},{"@type":"ListItem","position":2,"name":"Campa\u00f1as VETUS","item":"https:\/\/vetus.com\/es\/campanas-vetus\/"},{"@type":"ListItem","position":3,"name":"Gu\u00eda de navegaci\u00f3n sin problemas"}]},{"@type":"WebSite","@id":"https:\/\/vetus.com\/es\/#website","url":"https:\/\/vetus.com\/es\/","name":"VETUS","description":"","potentialAction":[{"@type":"SearchAction","target":{"@type":"EntryPoint","urlTemplate":"https:\/\/vetus.com\/es\/?s={search_term_string}"},"query-input":{"@type":"PropertyValueSpecification","valueRequired":true,"valueName":"search_term_string"}}],"inLanguage":"es"}]}},"_links":{"self":[{"href":"https:\/\/vetus.com\/es\/wp-json\/wp\/v2\/pages\/125421","targetHints":{"allow":["GET"]}}],"collection":[{"href":"https:\/\/vetus.com\/es\/wp-json\/wp\/v2\/pages"}],"about":[{"href":"https:\/\/vetus.com\/es\/wp-json\/wp\/v2\/types\/page"}],"author":[{"embeddable":true,"href":"https:\/\/vetus.com\/es\/wp-json\/wp\/v2\/users\/25"}],"replies":[{"embeddable":true,"href":"https:\/\/vetus.com\/es\/wp-json\/wp\/v2\/comments?post=125421"}],"version-history":[{"count":4,"href":"https:\/\/vetus.com\/es\/wp-json\/wp\/v2\/pages\/125421\/revisions"}],"predecessor-version":[{"id":125436,"href":"https:\/\/vetus.com\/es\/wp-json\/wp\/v2\/pages\/125421\/revisions\/125436"}],"up":[{"embeddable":true,"href":"https:\/\/vetus.com\/es\/wp-json\/wp\/v2\/pages\/32268"}],"wp:featuredmedia":[{"embeddable":true,"href":"https:\/\/vetus.com\/es\/wp-json\/wp\/v2\/media\/125401"}],"wp:attachment":[{"href":"https:\/\/vetus.com\/es\/wp-json\/wp\/v2\/media?parent=125421"}],"curies":[{"name":"wp","href":"https:\/\/api.w.org\/{rel}","templated":true}]}}