{"id":121236,"date":"2025-11-06T16:08:23","date_gmt":"2025-11-06T14:08:23","guid":{"rendered":"https:\/\/vetus.com\/engineered-for-effortless-anchoring\/"},"modified":"2026-02-03T17:07:05","modified_gmt":"2026-02-03T15:07:05","slug":"disenado-para-un-fondeo-sin-esfuerzo","status":"publish","type":"page","link":"https:\/\/vetus.com\/es\/disenado-para-un-fondeo-sin-esfuerzo\/","title":{"rendered":"Dise\u00f1ado para un fondeo sin esfuerzo"},"content":{"rendered":"\n<section class=\"section  \">\n    \n\n<section id=\"section-text-block-block_c3d955ac5dc89b4402e7f5bfdeee0003\" class=\"section text-block \">\n                    <div class=\"section section__body\">\n            <div class=\"text-block\">\n                <div class=\"container\">\n                    <div class=\"row\">\n                        <div class=\"col-lg-8 offset-lg-2\">\n                                                            <div class=\"section__content single__content hentry\">\n                                    <p>La gama de molinetes y sistemas de fondeo Maxwell ofrece un rendimiento seguro y fiable tanto para embarcaciones existentes como para nuevas construcciones. Con un dise\u00f1o compacto y una instalaci\u00f3n sencilla, los molinetes Maxwell son ideales tanto para reequipamientos como para su integraci\u00f3n en nuevos proyectos. Gracias a una ingenier\u00eda robusta y a una innovadora tecnolog\u00eda de barbot\u00e9n, garantizan un manejo fluido de cabo y cadena para una experiencia de fondeo sin estr\u00e9s.<\/p>\n                                <\/div>\n                            \n                                                    <\/div>\n                    <\/div>\n                <\/div>\n            <\/div>\n        <\/div>\n    <\/section>\n\n<section id=\"section-text-block-block_c3d955ac5dc89b4402e7f5bfdeee0003\" class=\"section text-block \">\n                    <div class=\"section section__body\">\n            <div class=\"text-block\">\n                <div class=\"container\">\n                    <div class=\"row\">\n                        <div class=\"col-lg-8 offset-lg-2\">\n                                                            <div class=\"section__content single__content hentry\">\n                                    <h4>Por qu\u00e9 Maxwell es la elecci\u00f3n inteligente para el fondeo<\/h4>\n<ul>\n<li>Dise\u00f1os inteligentes y compactos para una instalaci\u00f3n sencilla; ideales tanto para nuevas construcciones como para reequipamientos, sin grandes modificaciones.<\/li>\n<li>El innovador barbot\u00e9n Wave Design&#x2122; garantiza un agarre seguro del cabo y la cadena, reduciendo el desgaste y prolongando la vida \u00fatil del sistema de fondeo.<\/li>\n<li>Sistemas de engranajes de alta resistencia dise\u00f1ados para soportar cargas extremas, asegurando un rendimiento fiable en cualquier condici\u00f3n de mar.<\/li>\n<li>Rodillos de proa, topes de cadena y accesorios dise\u00f1ados para descargar la tensi\u00f3n del molinete, maximizando la vida \u00fatil del sistema.<\/li>\n<li>Paneles de control intuitivos y mandos inal\u00e1mbricos que hacen el fondeo seguro y sencillo desde cualquier punto a bordo.<\/li>\n<li>Materiales resistentes a la corrosi\u00f3n y de grado marino que garantizan una durabilidad prolongada, incluso en los entornos marinos m\u00e1s exigentes.<\/li>\n<\/ul>\n                                <\/div>\n                            \n                                                            <div class=\"section__actions text-block__actions actions\">\n                                    <div class=\"btn-group d-flex flex-wrap justify-content-center\">\n                                                                                    <a href=\"https:\/\/webshop.vetus.com\/en\/products\/maxwell-anchoring-systems\" class=\"btn btn-primary\" title=\"\" target=\"_blank\">\n                                                <span>Explore la gama de productos Maxwell<\/span>\n                                            <\/a>\n                                        \n                                                                            <\/div>\n                                <\/div>\n                                                    <\/div>\n                    <\/div>\n                <\/div>\n            <\/div>\n        <\/div>\n    <\/section><\/section>\n\n\n<section class=\"section  \">\n    \n<section id=\"content-block-1-block_e92be24fe5df93d7d0256cd55b6b8e30\" class=\"section content-block content-block--image \">\n    <div class=\"container\">\n        <div class=\"row d-flex align-items-center\">\n\n            <div class=\"col-md-6 col-lg-7\">\n                                    <div class=\"content-block__visuals\">\n                        <div class=\"content-block__media media--clipped media ratio\">\n                            <div class=\"media__wrapper\">\n                                <img decoding=\"async\" width=\"690\" height=\"575\" src=\"https:\/\/vetus.com\/wp-content\/uploads\/Untitled-1-9-690x575.png\" class=\"media__source img-fit\" alt=\"\" srcset=\"https:\/\/vetus.com\/wp-content\/uploads\/Untitled-1-9-690x575.png 690w, https:\/\/vetus.com\/wp-content\/uploads\/Untitled-1-9-300x250.png 300w, https:\/\/vetus.com\/wp-content\/uploads\/Untitled-1-9-768x640.png 768w, https:\/\/vetus.com\/wp-content\/uploads\/Untitled-1-9-210x175.png 210w, https:\/\/vetus.com\/wp-content\/uploads\/Untitled-1-9-330x275.png 330w, https:\/\/vetus.com\/wp-content\/uploads\/Untitled-1-9-431x359.png 431w, https:\/\/vetus.com\/wp-content\/uploads\/Untitled-1-9-507x423.png 507w, https:\/\/vetus.com\/wp-content\/uploads\/Untitled-1-9-530x442.png 530w, https:\/\/vetus.com\/wp-content\/uploads\/Untitled-1-9-930x775.png 930w, https:\/\/vetus.com\/wp-content\/uploads\/Untitled-1-9-1170x975.png 1170w, https:\/\/vetus.com\/wp-content\/uploads\/Untitled-1-9.png 1200w\" sizes=\"auto, (max-width: 575.98px) 431px, (max-width: 767.98px) 530px, (max-width: 991.98px) 330px, (max-width: 1279.98px) 530px, (max-width: 1899.98px) 690px, 930px\" loading=\"lazy\" \/>                            <\/div>\n                        <\/div>\n                    <\/div>\n                            <\/div>\n\n            <div class=\"col-md-6 col-lg-4 offset-lg-1\">\n                <div class=\"content-block__body\">\n                    \n                    \n                                            <h3>Molinetes verticales: compactos y que ahorran espacio<\/h3>\n<p>Los molinetes verticales son la soluci\u00f3n preferida para la mayor\u00eda de veleros y embarcaciones a motor, ya que ofrecen una instalaci\u00f3n limpia y compacta, con el motor y la caja de engranajes situados bajo cubierta. Esta configuraci\u00f3n maximiza el espacio en cubierta, a la vez que proporciona un funcionamiento eficiente y silencioso, y un manejo fluido de cabo y cadena. Equipados con el barbot\u00e9n Wave Design&#x2122; de Maxwell para un agarre seguro y un menor desgaste, estos molinetes ofrecen un rendimiento fiable y una larga vida \u00fatil del sistema de fondeo. F\u00e1ciles de instalar y mantener, los molinetes verticales Maxwell hacen que el fondeo sea sencillo, fiable y discreto.<\/p>\n                    \t\t\t\t\t\n                                    <\/div>\n            <\/div>\n        <\/div>\n    <\/div>\n<\/section>\n<section id=\"content-block-1-block_e92be24fe5df93d7d0256cd55b6b8e30\" class=\"section content-block content-block--image \">\n    <div class=\"container\">\n        <div class=\"row d-flex align-items-center flex-md-row-reverse\">\n\n            <div class=\"col-md-6 col-lg-7 offset-lg-1\">\n                                    <div class=\"content-block__visuals\">\n                        <div class=\"content-block__media media--clipped media ratio\">\n                            <div class=\"media__wrapper\">\n                                <img decoding=\"async\" width=\"690\" height=\"575\" src=\"https:\/\/vetus.com\/wp-content\/uploads\/Untitled-2-3-690x575.png\" class=\"media__source img-fit\" alt=\"\" srcset=\"https:\/\/vetus.com\/wp-content\/uploads\/Untitled-2-3-690x575.png 690w, https:\/\/vetus.com\/wp-content\/uploads\/Untitled-2-3-300x250.png 300w, https:\/\/vetus.com\/wp-content\/uploads\/Untitled-2-3-768x640.png 768w, https:\/\/vetus.com\/wp-content\/uploads\/Untitled-2-3-210x175.png 210w, https:\/\/vetus.com\/wp-content\/uploads\/Untitled-2-3-330x275.png 330w, https:\/\/vetus.com\/wp-content\/uploads\/Untitled-2-3-431x359.png 431w, https:\/\/vetus.com\/wp-content\/uploads\/Untitled-2-3-507x423.png 507w, https:\/\/vetus.com\/wp-content\/uploads\/Untitled-2-3-530x442.png 530w, https:\/\/vetus.com\/wp-content\/uploads\/Untitled-2-3-930x775.png 930w, https:\/\/vetus.com\/wp-content\/uploads\/Untitled-2-3-1170x975.png 1170w, https:\/\/vetus.com\/wp-content\/uploads\/Untitled-2-3.png 1200w\" sizes=\"auto, (max-width: 575.98px) 431px, (max-width: 767.98px) 530px, (max-width: 991.98px) 330px, (max-width: 1279.98px) 530px, (max-width: 1899.98px) 690px, 930px\" loading=\"lazy\" \/>                            <\/div>\n                        <\/div>\n                    <\/div>\n                            <\/div>\n\n            <div class=\"col-md-6 col-lg-4\">\n                <div class=\"content-block__body\">\n                    \n                    \n                                            <h3>Molinetes horizontales: flexibles y potentes<\/h3>\n<p>Los molinetes horizontales son una excelente opci\u00f3n para embarcaciones en las que el espacio bajo cubierta es limitado o donde se prefiere el acceso sobre cubierta. Con el motor y la caja de engranajes montados en cubierta, ofrecen opciones de instalaci\u00f3n flexibles y facilitan el mantenimiento sin sacrificar el rendimiento. Dise\u00f1ados para un manejo fluido de cabo y cadena y un funcionamiento constante, los modelos horizontales de Maxwell proporcionan un control de fondeo fiable en una amplia variedad de condiciones.<\/p>\n                    \t\t\t\t\t\n                                    <\/div>\n            <\/div>\n        <\/div>\n    <\/div>\n<\/section>\n<section id=\"content-block-1-block_e92be24fe5df93d7d0256cd55b6b8e30\" class=\"section content-block content-block--image \">\n    <div class=\"container\">\n        <div class=\"row d-flex align-items-center\">\n\n            <div class=\"col-md-6 col-lg-7\">\n                                    <div class=\"content-block__visuals\">\n                        <div class=\"content-block__media media--clipped media ratio\">\n                            <div class=\"media__wrapper\">\n                                <img decoding=\"async\" width=\"690\" height=\"575\" src=\"https:\/\/vetus.com\/wp-content\/uploads\/Untitled-3-1-690x575.png\" class=\"media__source img-fit\" alt=\"\" srcset=\"https:\/\/vetus.com\/wp-content\/uploads\/Untitled-3-1-690x575.png 690w, https:\/\/vetus.com\/wp-content\/uploads\/Untitled-3-1-300x250.png 300w, https:\/\/vetus.com\/wp-content\/uploads\/Untitled-3-1-768x640.png 768w, https:\/\/vetus.com\/wp-content\/uploads\/Untitled-3-1-210x175.png 210w, https:\/\/vetus.com\/wp-content\/uploads\/Untitled-3-1-330x275.png 330w, https:\/\/vetus.com\/wp-content\/uploads\/Untitled-3-1-431x359.png 431w, https:\/\/vetus.com\/wp-content\/uploads\/Untitled-3-1-507x423.png 507w, https:\/\/vetus.com\/wp-content\/uploads\/Untitled-3-1-530x442.png 530w, https:\/\/vetus.com\/wp-content\/uploads\/Untitled-3-1-930x775.png 930w, https:\/\/vetus.com\/wp-content\/uploads\/Untitled-3-1-1170x975.png 1170w, https:\/\/vetus.com\/wp-content\/uploads\/Untitled-3-1.png 1200w\" sizes=\"auto, (max-width: 575.98px) 431px, (max-width: 767.98px) 530px, (max-width: 991.98px) 330px, (max-width: 1279.98px) 530px, (max-width: 1899.98px) 690px, 930px\" loading=\"lazy\" \/>                            <\/div>\n                        <\/div>\n                    <\/div>\n                            <\/div>\n\n            <div class=\"col-md-6 col-lg-4 offset-lg-1\">\n                <div class=\"content-block__body\">\n                    \n                    \n                                            <h3>Cabrestantes: manejo fiable del cabo<\/h3>\n<p>Los cabrestantes Maxwell proporcionan un manejo del cabo suave y potente para fondeo y amarre. Compactos y eficientes, son ideales cuando no se requiere un molinete completo o como equipo auxiliar. Fabricados con materiales de grado marino, estos cabrestantes ofrecen un rendimiento fiable durante a\u00f1os de servicio<\/p>\n                    \t\t\t\t\t\n                                    <\/div>\n            <\/div>\n        <\/div>\n    <\/div>\n<\/section>\n<section id=\"content-block-1-block_e92be24fe5df93d7d0256cd55b6b8e30\" class=\"section content-block content-block--image \">\n    <div class=\"container\">\n        <div class=\"row d-flex align-items-center flex-md-row-reverse\">\n\n            <div class=\"col-md-6 col-lg-7 offset-lg-1\">\n                                    <div class=\"content-block__visuals\">\n                        <div class=\"content-block__media media--clipped media ratio\">\n                            <div class=\"media__wrapper\">\n                                <img decoding=\"async\" width=\"690\" height=\"575\" src=\"https:\/\/vetus.com\/wp-content\/uploads\/Untitled-4-690x575.png\" class=\"media__source img-fit\" alt=\"\" srcset=\"https:\/\/vetus.com\/wp-content\/uploads\/Untitled-4-690x575.png 690w, https:\/\/vetus.com\/wp-content\/uploads\/Untitled-4-300x250.png 300w, https:\/\/vetus.com\/wp-content\/uploads\/Untitled-4-768x640.png 768w, https:\/\/vetus.com\/wp-content\/uploads\/Untitled-4-210x175.png 210w, https:\/\/vetus.com\/wp-content\/uploads\/Untitled-4-330x275.png 330w, https:\/\/vetus.com\/wp-content\/uploads\/Untitled-4-431x359.png 431w, https:\/\/vetus.com\/wp-content\/uploads\/Untitled-4-507x423.png 507w, https:\/\/vetus.com\/wp-content\/uploads\/Untitled-4-530x442.png 530w, https:\/\/vetus.com\/wp-content\/uploads\/Untitled-4-930x775.png 930w, https:\/\/vetus.com\/wp-content\/uploads\/Untitled-4-1170x975.png 1170w, https:\/\/vetus.com\/wp-content\/uploads\/Untitled-4.png 1200w\" sizes=\"auto, (max-width: 575.98px) 431px, (max-width: 767.98px) 530px, (max-width: 991.98px) 330px, (max-width: 1279.98px) 530px, (max-width: 1899.98px) 690px, 930px\" loading=\"lazy\" \/>                            <\/div>\n                        <\/div>\n                    <\/div>\n                            <\/div>\n\n            <div class=\"col-md-6 col-lg-4\">\n                <div class=\"content-block__body\">\n                    \n                    \n                                            <h3>Cabos, cadenas y l\u00edneas de fondeo: soluciones completas<\/h3>\n<p>Maxwell ofrece l\u00edneas de fondeo para cualquier tama\u00f1o de embarcaci\u00f3n y estilo de fondeo. Elija entre solo cadena, solo cabo o combinaciones de cabo y cadena preempalmadas. Las opciones incluyen nylon de 3 cordones u 8 trenzas para mayor flexibilidad y f\u00e1cil manejo, adem\u00e1s de cadenas de alta resistencia en m\u00faltiples tama\u00f1os para un fondeo fiable.<\/p>\n                    \t\t\t\t\t\n                                    <\/div>\n            <\/div>\n        <\/div>\n    <\/div>\n<\/section>\n\n<section id=\"section-text-block-block_e92be24fe5df93d7d0256cd55b6b8e30\" class=\"section text-block \">\n                    <div class=\"section section__body\">\n            <div class=\"text-block\">\n                <div class=\"container\">\n                    <div class=\"row\">\n                        <div class=\"col-lg-8 offset-lg-2\">\n                            \n                                                            <div class=\"section__actions text-block__actions actions\">\n                                    <div class=\"btn-group d-flex flex-wrap justify-content-center\">\n                                                                                    <a href=\"https:\/\/webshop.vetus.com\/en\/products\/maxwell-anchoring-systems\" class=\"btn btn-primary\" title=\"\" target=\"_blank\">\n                                                <span>Explore los productos Maxwell para embarcaciones a motor y veleros<\/span>\n                                            <\/a>\n                                        \n                                                                            <\/div>\n                                <\/div>\n                                                    <\/div>\n                    <\/div>\n                <\/div>\n            <\/div>\n        <\/div>\n    <\/section><\/section>","protected":false},"excerpt":{"rendered":"","protected":false},"author":20,"featured_media":0,"parent":0,"menu_order":0,"comment_status":"closed","ping_status":"closed","template":"tpl-default.php","meta":{"_acf_changed":false,"footnotes":""},"class_list":["post-121236","page","type-page","status-publish","hentry"],"acf":{"button":{"title":"","url":"","target":"","0":""},"button_secondary":{"title":"","url":"","target":"","0":""},"image":{"ID":117154,"id":117154,"title":"Medium-P106439 - Extendable Bow Roller 2","filename":"Medium-P106439-Extendable-Bow-Roller-2.jpg","filesize":71949,"url":"https:\/\/vetus.com\/wp-content\/uploads\/Medium-P106439-Extendable-Bow-Roller-2.jpg","link":"https:\/\/vetus.com\/es\/disenado-para-un-fondeo-sin-esfuerzo\/medium-p106439-extendable-bow-roller-2-2\/","alt":"","author":"25","description":"","caption":"","name":"medium-p106439-extendable-bow-roller-2-2","status":"inherit","uploaded_to":121236,"date":"2025-11-07 11:37:10","modified":"2025-11-07 11:37:10","menu_order":0,"mime_type":"image\/jpeg","type":"image","subtype":"jpeg","icon":"https:\/\/vetus.com\/wp-includes\/images\/media\/default.png","width":1024,"height":683,"sizes":{"thumbnail":"https:\/\/vetus.com\/wp-content\/uploads\/Medium-P106439-Extendable-Bow-Roller-2-150x150.jpg","thumbnail-width":150,"thumbnail-height":150,"medium":"https:\/\/vetus.com\/wp-content\/uploads\/Medium-P106439-Extendable-Bow-Roller-2-300x200.jpg","medium-width":300,"medium-height":200,"medium_large":"https:\/\/vetus.com\/wp-content\/uploads\/Medium-P106439-Extendable-Bow-Roller-2-768x512.jpg","medium_large-width":768,"medium_large-height":512,"large":"https:\/\/vetus.com\/wp-content\/uploads\/Medium-P106439-Extendable-Bow-Roller-2.jpg","large-width":1024,"large-height":683,"1536x1536":"https:\/\/vetus.com\/wp-content\/uploads\/Medium-P106439-Extendable-Bow-Roller-2.jpg","1536x1536-width":1024,"1536x1536-height":683,"2048x2048":"https:\/\/vetus.com\/wp-content\/uploads\/Medium-P106439-Extendable-Bow-Roller-2.jpg","2048x2048-width":1024,"2048x2048-height":683,"210w":"https:\/\/vetus.com\/wp-content\/uploads\/Medium-P106439-Extendable-Bow-Roller-2-210x140.jpg","210w-width":210,"210w-height":140,"330w":"https:\/\/vetus.com\/wp-content\/uploads\/Medium-P106439-Extendable-Bow-Roller-2-330x220.jpg","330w-width":330,"330w-height":220,"431w":"https:\/\/vetus.com\/wp-content\/uploads\/Medium-P106439-Extendable-Bow-Roller-2-431x287.jpg","431w-width":431,"431w-height":287,"507w":"https:\/\/vetus.com\/wp-content\/uploads\/Medium-P106439-Extendable-Bow-Roller-2-507x338.jpg","507w-width":507,"507w-height":338,"530w":"https:\/\/vetus.com\/wp-content\/uploads\/Medium-P106439-Extendable-Bow-Roller-2-530x354.jpg","530w-width":530,"530w-height":354,"690w":"https:\/\/vetus.com\/wp-content\/uploads\/Medium-P106439-Extendable-Bow-Roller-2-690x460.jpg","690w-width":690,"690w-height":460,"930w":"https:\/\/vetus.com\/wp-content\/uploads\/Medium-P106439-Extendable-Bow-Roller-2-930x620.jpg","930w-width":930,"930w-height":620,"1170w":"https:\/\/vetus.com\/wp-content\/uploads\/Medium-P106439-Extendable-Bow-Roller-2.jpg","1170w-width":1024,"1170w-height":683,"gform-image-choice-sm":"https:\/\/vetus.com\/wp-content\/uploads\/Medium-P106439-Extendable-Bow-Roller-2.jpg","gform-image-choice-sm-width":300,"gform-image-choice-sm-height":200,"gform-image-choice-md":"https:\/\/vetus.com\/wp-content\/uploads\/Medium-P106439-Extendable-Bow-Roller-2.jpg","gform-image-choice-md-width":400,"gform-image-choice-md-height":267,"gform-image-choice-lg":"https:\/\/vetus.com\/wp-content\/uploads\/Medium-P106439-Extendable-Bow-Roller-2.jpg","gform-image-choice-lg-width":600,"gform-image-choice-lg-height":400}},"introduction":"","person":false,"title":"Soluciones de fondeo suaves y fiables para veleros y embarcaciones a motor"},"yoast_head":"<!-- This site is optimized with the Yoast SEO Premium plugin v27.3 (Yoast SEO v27.3) - https:\/\/yoast.com\/product\/yoast-seo-premium-wordpress\/ -->\n<title>Dise\u00f1ado para un fondeo sin esfuerzo<\/title>\n<meta name=\"description\" content=\"La gama de molinetes y sistemas de fondeo Maxwell ofrece un rendimiento seguro y fiable tanto para embarcaciones existentes como para ....\" \/>\n<meta name=\"robots\" content=\"index, follow, max-snippet:-1, max-image-preview:large, max-video-preview:-1\" \/>\n<link rel=\"canonical\" href=\"https:\/\/vetus.com\/es\/disenado-para-un-fondeo-sin-esfuerzo\/\" \/>\n<meta property=\"og:locale\" content=\"es_ES\" \/>\n<meta property=\"og:type\" content=\"article\" \/>\n<meta property=\"og:title\" content=\"Dise\u00f1ado para un fondeo sin esfuerzo\" \/>\n<meta property=\"og:description\" content=\"La gama de molinetes y sistemas de fondeo Maxwell ofrece un rendimiento seguro y fiable tanto para embarcaciones existentes como para ....\" \/>\n<meta property=\"og:url\" content=\"https:\/\/vetus.com\/es\/disenado-para-un-fondeo-sin-esfuerzo\/\" \/>\n<meta property=\"og:site_name\" content=\"VETUS\" \/>\n<meta property=\"article:modified_time\" content=\"2026-02-03T15:07:05+00:00\" \/>\n<meta name=\"twitter:card\" content=\"summary_large_image\" \/>\n<meta name=\"twitter:label1\" content=\"Tiempo de lectura\" \/>\n\t<meta name=\"twitter:data1\" content=\"4 minutos\" \/>\n<script type=\"application\/ld+json\" class=\"yoast-schema-graph\">{\"@context\":\"https:\\\/\\\/schema.org\",\"@graph\":[{\"@type\":\"WebPage\",\"@id\":\"https:\\\/\\\/vetus.com\\\/es\\\/disenado-para-un-fondeo-sin-esfuerzo\\\/\",\"url\":\"https:\\\/\\\/vetus.com\\\/es\\\/disenado-para-un-fondeo-sin-esfuerzo\\\/\",\"name\":\"Dise\u00f1ado para un fondeo sin esfuerzo\",\"isPartOf\":{\"@id\":\"https:\\\/\\\/vetus.com\\\/es\\\/#website\"},\"datePublished\":\"2025-11-06T14:08:23+00:00\",\"dateModified\":\"2026-02-03T15:07:05+00:00\",\"description\":\"La gama de molinetes y sistemas de fondeo Maxwell ofrece un rendimiento seguro y fiable tanto para embarcaciones existentes como para ....\",\"breadcrumb\":{\"@id\":\"https:\\\/\\\/vetus.com\\\/es\\\/disenado-para-un-fondeo-sin-esfuerzo\\\/#breadcrumb\"},\"inLanguage\":\"es\",\"potentialAction\":[{\"@type\":\"ReadAction\",\"target\":[\"https:\\\/\\\/vetus.com\\\/es\\\/disenado-para-un-fondeo-sin-esfuerzo\\\/\"]}]},{\"@type\":\"BreadcrumbList\",\"@id\":\"https:\\\/\\\/vetus.com\\\/es\\\/disenado-para-un-fondeo-sin-esfuerzo\\\/#breadcrumb\",\"itemListElement\":[{\"@type\":\"ListItem\",\"position\":1,\"name\":\"Home\",\"item\":\"https:\\\/\\\/vetus.com\\\/es\\\/\"},{\"@type\":\"ListItem\",\"position\":2,\"name\":\"Dise\u00f1ado para un fondeo sin esfuerzo\"}]},{\"@type\":\"WebSite\",\"@id\":\"https:\\\/\\\/vetus.com\\\/es\\\/#website\",\"url\":\"https:\\\/\\\/vetus.com\\\/es\\\/\",\"name\":\"VETUS\",\"description\":\"\",\"potentialAction\":[{\"@type\":\"SearchAction\",\"target\":{\"@type\":\"EntryPoint\",\"urlTemplate\":\"https:\\\/\\\/vetus.com\\\/es\\\/?s={search_term_string}\"},\"query-input\":{\"@type\":\"PropertyValueSpecification\",\"valueRequired\":true,\"valueName\":\"search_term_string\"}}],\"inLanguage\":\"es\"}]}<\/script>\n<!-- \/ Yoast SEO Premium plugin. -->","yoast_head_json":{"title":"Dise\u00f1ado para un fondeo sin esfuerzo","description":"La gama de molinetes y sistemas de fondeo Maxwell ofrece un rendimiento seguro y fiable tanto para embarcaciones existentes como para ....","robots":{"index":"index","follow":"follow","max-snippet":"max-snippet:-1","max-image-preview":"max-image-preview:large","max-video-preview":"max-video-preview:-1"},"canonical":"https:\/\/vetus.com\/es\/disenado-para-un-fondeo-sin-esfuerzo\/","og_locale":"es_ES","og_type":"article","og_title":"Dise\u00f1ado para un fondeo sin esfuerzo","og_description":"La gama de molinetes y sistemas de fondeo Maxwell ofrece un rendimiento seguro y fiable tanto para embarcaciones existentes como para ....","og_url":"https:\/\/vetus.com\/es\/disenado-para-un-fondeo-sin-esfuerzo\/","og_site_name":"VETUS","article_modified_time":"2026-02-03T15:07:05+00:00","twitter_card":"summary_large_image","twitter_misc":{"Tiempo de lectura":"4 minutos"},"schema":{"@context":"https:\/\/schema.org","@graph":[{"@type":"WebPage","@id":"https:\/\/vetus.com\/es\/disenado-para-un-fondeo-sin-esfuerzo\/","url":"https:\/\/vetus.com\/es\/disenado-para-un-fondeo-sin-esfuerzo\/","name":"Dise\u00f1ado para un fondeo sin esfuerzo","isPartOf":{"@id":"https:\/\/vetus.com\/es\/#website"},"datePublished":"2025-11-06T14:08:23+00:00","dateModified":"2026-02-03T15:07:05+00:00","description":"La gama de molinetes y sistemas de fondeo Maxwell ofrece un rendimiento seguro y fiable tanto para embarcaciones existentes como para ....","breadcrumb":{"@id":"https:\/\/vetus.com\/es\/disenado-para-un-fondeo-sin-esfuerzo\/#breadcrumb"},"inLanguage":"es","potentialAction":[{"@type":"ReadAction","target":["https:\/\/vetus.com\/es\/disenado-para-un-fondeo-sin-esfuerzo\/"]}]},{"@type":"BreadcrumbList","@id":"https:\/\/vetus.com\/es\/disenado-para-un-fondeo-sin-esfuerzo\/#breadcrumb","itemListElement":[{"@type":"ListItem","position":1,"name":"Home","item":"https:\/\/vetus.com\/es\/"},{"@type":"ListItem","position":2,"name":"Dise\u00f1ado para un fondeo sin esfuerzo"}]},{"@type":"WebSite","@id":"https:\/\/vetus.com\/es\/#website","url":"https:\/\/vetus.com\/es\/","name":"VETUS","description":"","potentialAction":[{"@type":"SearchAction","target":{"@type":"EntryPoint","urlTemplate":"https:\/\/vetus.com\/es\/?s={search_term_string}"},"query-input":{"@type":"PropertyValueSpecification","valueRequired":true,"valueName":"search_term_string"}}],"inLanguage":"es"}]}},"_links":{"self":[{"href":"https:\/\/vetus.com\/es\/wp-json\/wp\/v2\/pages\/121236","targetHints":{"allow":["GET"]}}],"collection":[{"href":"https:\/\/vetus.com\/es\/wp-json\/wp\/v2\/pages"}],"about":[{"href":"https:\/\/vetus.com\/es\/wp-json\/wp\/v2\/types\/page"}],"author":[{"embeddable":true,"href":"https:\/\/vetus.com\/es\/wp-json\/wp\/v2\/users\/20"}],"replies":[{"embeddable":true,"href":"https:\/\/vetus.com\/es\/wp-json\/wp\/v2\/comments?post=121236"}],"version-history":[{"count":5,"href":"https:\/\/vetus.com\/es\/wp-json\/wp\/v2\/pages\/121236\/revisions"}],"predecessor-version":[{"id":121250,"href":"https:\/\/vetus.com\/es\/wp-json\/wp\/v2\/pages\/121236\/revisions\/121250"}],"wp:attachment":[{"href":"https:\/\/vetus.com\/es\/wp-json\/wp\/v2\/media?parent=121236"}],"curies":[{"name":"wp","href":"https:\/\/api.w.org\/{rel}","templated":true}]}}