{"id":121216,"date":"2025-11-06T16:06:26","date_gmt":"2025-11-06T14:06:26","guid":{"rendered":"https:\/\/vetus.com\/confident-anchoring\/"},"modified":"2026-03-09T17:25:35","modified_gmt":"2026-03-09T15:25:35","slug":"anclaje-con-confianza","status":"publish","type":"page","link":"https:\/\/vetus.com\/es\/anclaje-con-confianza\/","title":{"rendered":"Anclaje con confianza"},"content":{"rendered":"\n<section class=\"section  \">\n    \n\n<section id=\"section-text-block-block_1f25d12a6e64e08ef4ee7f00b208059a\" class=\"section text-block \">\n                    <div class=\"section section__body\">\n            <div class=\"text-block\">\n                <div class=\"container\">\n                    <div class=\"row\">\n                        <div class=\"col-lg-8 offset-lg-2\">\n                                                            <div class=\"section__content single__content hentry\">\n                                    <h3 style=\"text-align: center;\">Soluciones completas de fondeo Maxwell para cualquier embarcaci\u00f3n<\/h3>\n<p style=\"text-align: center;\">Baje y recupere su ancla con total confianza con solo pulsar un bot\u00f3n. Los sistemas de fondeo Maxwell combinan resistencia, fiabilidad y una facilidad de uso excepcional para todo tipo de embarcaciones, desde veleros compactos hasta superyates de lujo. Dise\u00f1ados para un funcionamiento suave y un manejo sin esfuerzo, convierten el fondeo en una experiencia segura y realmente libre de estr\u00e9s. Con molinetes, cabrestantes y herrajes de cubierta Maxwell a bordo, siempre estar\u00e1 listo para parar, detenerse, fondear y disfrutar del agua a su manera<\/p>\n                                <\/div>\n                            \n                                                    <\/div>\n                    <\/div>\n                <\/div>\n            <\/div>\n        <\/div>\n    <\/section><\/section>\n\n<section class=\"section section--colored bg-light content-blocks bg-light   \">\n    <section id=\"section-gallery-block_8454004b6a171d477c1800c6ccc97bc3\" class=\"section gallery \">\n                <div class=\"section__body gallery__body\">\n            <div class=\"container\">\n                <div class=\"row row--col-margin-medium justify-content-center\">\n                                            <div class=\"col-8 col-sm-4 offset-sm-0\">\n                            <div class=\"gallery__media media media--clipped ratio\">\n                                <div class=\"media__wrapper\">\n                                    <img decoding=\"async\" width=\"690\" height=\"460\" src=\"https:\/\/vetus.com\/wp-content\/uploads\/8059423_20211006094644709_1_XLARGE-690x460.jpg\" class=\"media__src img-fit\" alt=\"\" srcset=\"https:\/\/vetus.com\/wp-content\/uploads\/8059423_20211006094644709_1_XLARGE-690x460.jpg 690w, https:\/\/vetus.com\/wp-content\/uploads\/8059423_20211006094644709_1_XLARGE-300x200.jpg 300w, https:\/\/vetus.com\/wp-content\/uploads\/8059423_20211006094644709_1_XLARGE-768x512.jpg 768w, https:\/\/vetus.com\/wp-content\/uploads\/8059423_20211006094644709_1_XLARGE-210x140.jpg 210w, https:\/\/vetus.com\/wp-content\/uploads\/8059423_20211006094644709_1_XLARGE-330x220.jpg 330w, https:\/\/vetus.com\/wp-content\/uploads\/8059423_20211006094644709_1_XLARGE-431x287.jpg 431w, https:\/\/vetus.com\/wp-content\/uploads\/8059423_20211006094644709_1_XLARGE-507x338.jpg 507w, https:\/\/vetus.com\/wp-content\/uploads\/8059423_20211006094644709_1_XLARGE-530x353.jpg 530w, https:\/\/vetus.com\/wp-content\/uploads\/8059423_20211006094644709_1_XLARGE-930x620.jpg 930w, https:\/\/vetus.com\/wp-content\/uploads\/8059423_20211006094644709_1_XLARGE-1170x780.jpg 1170w, https:\/\/vetus.com\/wp-content\/uploads\/8059423_20211006094644709_1_XLARGE.jpg 1920w\" sizes=\"auto, (max-width: 575.98px) 431px, (max-width: 767.98px) 530px, (max-width: 991.98px) 330px, (max-width: 1279.98px) 431px, (max-width: 1899.98px) 530px, 690px\" loading=\"lazy\" \/>                                <\/div>\n                            <\/div>\n                        <\/div>\n                                            <div class=\"col-8 col-sm-4 offset-sm-0\">\n                            <div class=\"gallery__media media media--clipped ratio\">\n                                <div class=\"media__wrapper\">\n                                    <img decoding=\"async\" width=\"690\" height=\"460\" src=\"https:\/\/vetus.com\/wp-content\/uploads\/DSCF7077-690x460.jpg\" class=\"media__src img-fit\" alt=\"\" srcset=\"https:\/\/vetus.com\/wp-content\/uploads\/DSCF7077-690x460.jpg 690w, https:\/\/vetus.com\/wp-content\/uploads\/DSCF7077-300x200.jpg 300w, https:\/\/vetus.com\/wp-content\/uploads\/DSCF7077-768x512.jpg 768w, https:\/\/vetus.com\/wp-content\/uploads\/DSCF7077-210x140.jpg 210w, https:\/\/vetus.com\/wp-content\/uploads\/DSCF7077-330x220.jpg 330w, https:\/\/vetus.com\/wp-content\/uploads\/DSCF7077-431x287.jpg 431w, https:\/\/vetus.com\/wp-content\/uploads\/DSCF7077-507x338.jpg 507w, https:\/\/vetus.com\/wp-content\/uploads\/DSCF7077-530x353.jpg 530w, https:\/\/vetus.com\/wp-content\/uploads\/DSCF7077-930x620.jpg 930w, https:\/\/vetus.com\/wp-content\/uploads\/DSCF7077-1170x780.jpg 1170w\" sizes=\"auto, (max-width: 575.98px) 431px, (max-width: 767.98px) 530px, (max-width: 991.98px) 330px, (max-width: 1279.98px) 431px, (max-width: 1899.98px) 530px, 690px\" loading=\"lazy\" \/>                                <\/div>\n                            <\/div>\n                        <\/div>\n                                            <div class=\"col-8 col-sm-4 offset-sm-0\">\n                            <div class=\"gallery__media media media--clipped ratio\">\n                                <div class=\"media__wrapper\">\n                                    <img decoding=\"async\" width=\"690\" height=\"591\" src=\"https:\/\/vetus.com\/wp-content\/uploads\/upscaled_photo_edit_cmyk-1-690x591.png\" class=\"media__src img-fit\" alt=\"\" srcset=\"https:\/\/vetus.com\/wp-content\/uploads\/upscaled_photo_edit_cmyk-1-690x591.png 690w, https:\/\/vetus.com\/wp-content\/uploads\/upscaled_photo_edit_cmyk-1-300x257.png 300w, https:\/\/vetus.com\/wp-content\/uploads\/upscaled_photo_edit_cmyk-1-768x658.png 768w, https:\/\/vetus.com\/wp-content\/uploads\/upscaled_photo_edit_cmyk-1-210x180.png 210w, https:\/\/vetus.com\/wp-content\/uploads\/upscaled_photo_edit_cmyk-1-330x283.png 330w, https:\/\/vetus.com\/wp-content\/uploads\/upscaled_photo_edit_cmyk-1-431x369.png 431w, https:\/\/vetus.com\/wp-content\/uploads\/upscaled_photo_edit_cmyk-1-507x435.png 507w, https:\/\/vetus.com\/wp-content\/uploads\/upscaled_photo_edit_cmyk-1-530x454.png 530w, https:\/\/vetus.com\/wp-content\/uploads\/upscaled_photo_edit_cmyk-1-930x797.png 930w, https:\/\/vetus.com\/wp-content\/uploads\/upscaled_photo_edit_cmyk-1-1170x1003.png 1170w\" sizes=\"auto, (max-width: 575.98px) 431px, (max-width: 767.98px) 530px, (max-width: 991.98px) 330px, (max-width: 1279.98px) 431px, (max-width: 1899.98px) 530px, 690px\" loading=\"lazy\" \/>                                <\/div>\n                            <\/div>\n                        <\/div>\n                                    <\/div>\n            <\/div>\n        <\/div>\n    <\/section><\/section>\n\n\n<section class=\"section  \">\n    \n\n<section id=\"section-text-block-block_1c764464126721c4ec7f670cb0fec05f\" class=\"section text-block \">\n                    <div class=\"section section__body\">\n            <div class=\"text-block\">\n                <div class=\"container\">\n                    <div class=\"row\">\n                        <div class=\"col-lg-8 offset-lg-2\">\n                                                            <div class=\"section__content single__content hentry\">\n                                    <h3>Alto rendimiento, durabilidad y fabricado para durar<\/h3>\n<p>Con d\u00e9cadas de innovaci\u00f3n y pruebas, Maxwell ha perfeccionado sistemas de fondeo que ofrecen potencia, fiabilidad y un funcionamiento suave en cualquier situaci\u00f3n. Desde paradas r\u00e1pidas de fin de semana hasta traves\u00edas prolongadas, estos sistemas est\u00e1n dise\u00f1ados para rendir bajo carga y resistir los entornos marinos m\u00e1s exigentes. Las ventajas van m\u00e1s all\u00e1 de la resistencia. Las soluciones Maxwell reducen el esfuerzo de la tripulaci\u00f3n, prolongan la vida \u00fatil del equipo y aportan total tranquilidad en el agua. Sin complicaciones, sin concesiones, sin dudas. El fondeo nunca hab\u00eda sido tan fiable.<\/p>\n                                <\/div>\n                            \n                                                    <\/div>\n                    <\/div>\n                <\/div>\n            <\/div>\n        <\/div>\n    <\/section>\n\n<section id=\"section-text-block-block_1c764464126721c4ec7f670cb0fec05f\" class=\"section text-block \">\n                    <div class=\"section section__body\">\n            <div class=\"text-block\">\n                <div class=\"container\">\n                    <div class=\"row\">\n                        <div class=\"col-lg-8 offset-lg-2\">\n                                                            <div class=\"section__content single__content hentry\">\n                                    <h3><strong>Encuentre el sistema de fondeo ideal para su barco<\/strong><\/h3>\n<p>Maxwell ofrece una gama completa de soluciones de fondeo para adaptarse a todo tipo de embarcaciones. Los molinetes verticales, con diferencia la opci\u00f3n m\u00e1s habitual en embarcaciones de todos los tama\u00f1os, ofrecen una instalaci\u00f3n compacta y limpia, con la mayor\u00eda de los componentes situados bajo cubierta. Los modelos horizontales sit\u00faan el motor y la caja de engranajes sobre cubierta, lo que los hace ideales para instalaciones con espacio limitado bajo cubierta. Para superyates, los sistemas de alta resistencia de Maxwell, con redundancia total y una capacidad de carga excepcional, garantizan un fondeo seguro y fiable en cualquier condici\u00f3n. Con rodillos de proa, topes de cadena, cabos y controles a juego, siempre hay un sistema Maxwell dise\u00f1ado para ajustarse a sus necesidades.<\/p>\n                                <\/div>\n                            \n                                                    <\/div>\n                    <\/div>\n                <\/div>\n            <\/div>\n        <\/div>\n    <\/section>\n<section id=\"section-companies-group-block_1c764464126721c4ec7f670cb0fec05f\" class=\"section cards cards--brand \">\n    <div class=\"section__header cards__header\">\n        <div class=\"container\">\n            <div class=\"row\">\n                <div class=\"col-12\">\n                                            <h3 class=\"section__title cards__title h3\">\n                            <center>\u00bfListo para fondear con excelencia?<center>                        <\/h3>\n                                                                <div class=\"section text-lg\">\n                            <p>\n                                <center>Elija el tipo de embarcaci\u00f3n para descubrir la soluci\u00f3n adecuada:<center>                            <\/p>\n                        <\/div>\n                    \n                <\/div>\n            <\/div>\n        <\/div>\n    <\/div>\n\n    <div class=\"section__body cards__body\">\n        <div class=\"container-fluid\">\n            <div class=\"row row--col-margin-large d-flex justify-content-center\">\n                                    <div class=\"col-12 col-md-6 col-xl-2\">\n                        \n<div class=\"card card--group px-3 py-5 d-flex flex-column\">\n    <div class=\" d-flex justify-content-center custom-aspect-logo2 mx-auto\">\n                 <span class=\"sr-only\">\n            Anclaje con confianza        <\/span>\n    <\/div>\n\n            <div class=\"w-100\">\n            <img decoding=\"async\" width=\"2560\" height=\"1440\" src=\"https:\/\/vetus.com\/wp-content\/uploads\/shutterstock_1238496010-scaled.jpg\" class=\"img-fluid d-block mx-auto custom-aspect my-2\" alt=\"\" srcset=\"https:\/\/vetus.com\/wp-content\/uploads\/shutterstock_1238496010-scaled.jpg 2560w, https:\/\/vetus.com\/wp-content\/uploads\/shutterstock_1238496010-300x169.jpg 300w, https:\/\/vetus.com\/wp-content\/uploads\/shutterstock_1238496010-768x432.jpg 768w, https:\/\/vetus.com\/wp-content\/uploads\/shutterstock_1238496010-210x118.jpg 210w, https:\/\/vetus.com\/wp-content\/uploads\/shutterstock_1238496010-330x186.jpg 330w, https:\/\/vetus.com\/wp-content\/uploads\/shutterstock_1238496010-431x242.jpg 431w, https:\/\/vetus.com\/wp-content\/uploads\/shutterstock_1238496010-507x285.jpg 507w, https:\/\/vetus.com\/wp-content\/uploads\/shutterstock_1238496010-530x298.jpg 530w, https:\/\/vetus.com\/wp-content\/uploads\/shutterstock_1238496010-690x388.jpg 690w, https:\/\/vetus.com\/wp-content\/uploads\/shutterstock_1238496010-930x523.jpg 930w, https:\/\/vetus.com\/wp-content\/uploads\/shutterstock_1238496010-1170x658.jpg 1170w\" sizes=\"auto, (max-width: 1899.98px) 330px, 330px\" loading=\"lazy\" \/>        <\/div>\n        \n    <div class=\"card__bodyGroup\">\n                    <div class=\"card__text text-dark mb-4\">\n                <p>\n                    Soluciones de fondeo fiables y a medida, con un dise\u00f1o refinado para complementar su <b>superyate<\/b>                <\/p>\n            <\/div>\n                            <div class=\"card__actionGroup\">\n                <a class=\"btn btn-sm btn-outline-primary-group w-100 justify-content-center\" href=\"https:\/\/maxwellmarine.com\/product-category\/superyacht\/\" title=\"\">\n                    <span>\n                        Desc\u00fabralo aqu\u00ed                    <\/span>\n                    <i class=\"icon icon-keyboard_arrow_right\"><\/i>\n                <\/a>\n            <\/div>\n            <\/div>\n<\/div>                    <\/div>\n                                    <div class=\"col-12 col-md-6 col-xl-2\">\n                        \n<div class=\"card card--group px-3 py-5 d-flex flex-column\">\n    <div class=\" d-flex justify-content-center custom-aspect-logo2 mx-auto\">\n                 <span class=\"sr-only\">\n            Anclaje con confianza        <\/span>\n    <\/div>\n\n            <div class=\"w-100\">\n            <img decoding=\"async\" width=\"2560\" height=\"1103\" src=\"https:\/\/vetus.com\/wp-content\/uploads\/shutterstock_139389128-3-scaled.png\" class=\"img-fluid d-block mx-auto custom-aspect my-2\" alt=\"\" srcset=\"https:\/\/vetus.com\/wp-content\/uploads\/shutterstock_139389128-3-scaled.png 2560w, https:\/\/vetus.com\/wp-content\/uploads\/shutterstock_139389128-3-300x129.png 300w, https:\/\/vetus.com\/wp-content\/uploads\/shutterstock_139389128-3-768x331.png 768w, https:\/\/vetus.com\/wp-content\/uploads\/shutterstock_139389128-3-210x91.png 210w, https:\/\/vetus.com\/wp-content\/uploads\/shutterstock_139389128-3-330x142.png 330w, https:\/\/vetus.com\/wp-content\/uploads\/shutterstock_139389128-3-431x186.png 431w, https:\/\/vetus.com\/wp-content\/uploads\/shutterstock_139389128-3-507x219.png 507w, https:\/\/vetus.com\/wp-content\/uploads\/shutterstock_139389128-3-530x228.png 530w, https:\/\/vetus.com\/wp-content\/uploads\/shutterstock_139389128-3-690x297.png 690w, https:\/\/vetus.com\/wp-content\/uploads\/shutterstock_139389128-3-930x401.png 930w, https:\/\/vetus.com\/wp-content\/uploads\/shutterstock_139389128-3-1170x504.png 1170w\" sizes=\"auto, (max-width: 1899.98px) 330px, 330px\" loading=\"lazy\" \/>        <\/div>\n        \n    <div class=\"card__bodyGroup\">\n                    <div class=\"card__text text-dark mb-4\">\n                <p>\n                    Sistemas de fondeo fiables para un rendimiento suave y constante en su <b>embarcaci\u00f3n a motor o velero<\/b>                <\/p>\n            <\/div>\n                            <div class=\"card__actionGroup\">\n                <a class=\"btn btn-sm btn-outline-primary-group w-100 justify-content-center\" href=\"https:\/\/vetus.com\/es\/disenado-para-un-fondeo-sin-esfuerzo\/\" title=\"\">\n                    <span>\n                        Desc\u00fabralo aqu\u00ed                    <\/span>\n                    <i class=\"icon icon-keyboard_arrow_right\"><\/i>\n                <\/a>\n            <\/div>\n            <\/div>\n<\/div>                    <\/div>\n                            <\/div>\n        <\/div>\n    <\/div>\n<\/section><\/section>\n\n<section class=\"section section--colored bg-light content-blocks bg-light   mb-0\">\n    \n\n<section id=\"section-text-block-block_780d8bf7ca9bc32eeba128021afef58f\" class=\"section text-block  mb-0\">\n                    <div class=\"section section__body\">\n            <div class=\"text-block\">\n                <div class=\"container\">\n                    <div class=\"row\">\n                        <div class=\"col-lg-8 offset-lg-2\">\n                                                            <div class=\"section__content single__content hentry\">\n                                    <h3><strong>Asistencia global en todo el mundo<\/strong><\/h3>\n<p>Los sistemas de fondeo Maxwell cuentan con el respaldo de una s\u00f3lida red global de distribuci\u00f3n y centros de servicio. Tanto si necesita enviar un molinete a islas remotas como si requiere asistencia en los principales destinos  n\u00e1uticos, Maxwell garantiza un soporte \u00e1gil y entregas puntuales. Con centros de distribuci\u00f3n en Nueva Zelanda, Estados Unidos, Australia y Europa, y agentes formados en toda Europa, Asia, \u00c1frica y los Estados del Golfo, siempre tendr\u00e1 cerca repuestos, reparaciones o asesoramiento experto.<\/p>\n                                <\/div>\n                            \n                                                            <div class=\"section__actions text-block__actions actions\">\n                                    <div class=\"btn-group d-flex flex-wrap justify-content-center\">\n                                                                                    <a href=\"https:\/\/vetus.com\/es\/localizador-de-distribuidores\/\" class=\"btn btn-sm btn-empty btn-empty-primary\" title=\"\" target=\"_blank\">\n                                                <span>Encuentre un distribuidor cerca de usted<\/span>\n                                            <\/a>\n                                        \n                                                                            <\/div>\n                                <\/div>\n                                                    <\/div>\n                    <\/div>\n                <\/div>\n            <\/div>\n        <\/div>\n    <\/section><\/section>","protected":false},"excerpt":{"rendered":"","protected":false},"author":20,"featured_media":0,"parent":0,"menu_order":0,"comment_status":"closed","ping_status":"closed","template":"tpl-home.php","meta":{"_acf_changed":false,"footnotes":""},"class_list":["post-121216","page","type-page","status-publish","hentry"],"acf":{"button":{"title":"Superyacht","url":"https:\/\/maxwellmarine.com\/product-category\/superyacht\/","target":"_blank"},"button_secondary":{"title":"Power & Sail","url":"https:\/\/vetus.com\/es\/disenado-para-un-fondeo-sin-esfuerzo\/","target":"_blank"},"introduction":"Controle su ancla con un control fiable y sin esfuerzo en cualquier condici\u00f3n","person":false,"title":"Anclaje con confianza","video":"https:\/\/vetus.com\/wp-content\/uploads\/Maxwell_shortclip_NoosaMarine.mp4","background_image":false},"yoast_head":"<!-- This site is optimized with the Yoast SEO Premium plugin v27.3 (Yoast SEO v27.3) - https:\/\/yoast.com\/product\/yoast-seo-premium-wordpress\/ -->\n<title>Fondeo con confianza con Maxwell Marine<\/title>\n<meta name=\"description\" content=\"Baje y recupere su ancla con total confianza con solo pulsar un bot\u00f3n. Los sistemas de fondeo Maxwell combinan resistencia, fiabilidad ...\" \/>\n<meta name=\"robots\" content=\"index, follow, max-snippet:-1, max-image-preview:large, max-video-preview:-1\" \/>\n<link rel=\"canonical\" href=\"https:\/\/vetus.com\/es\/anclaje-con-confianza\/\" \/>\n<meta property=\"og:locale\" content=\"es_ES\" \/>\n<meta property=\"og:type\" content=\"article\" \/>\n<meta property=\"og:title\" content=\"Anclaje con confianza\" \/>\n<meta property=\"og:description\" content=\"Baje y recupere su ancla con total confianza con solo pulsar un bot\u00f3n. Los sistemas de fondeo Maxwell combinan resistencia, fiabilidad ...\" \/>\n<meta property=\"og:url\" content=\"https:\/\/vetus.com\/es\/anclaje-con-confianza\/\" \/>\n<meta property=\"og:site_name\" content=\"VETUS\" \/>\n<meta property=\"article:modified_time\" content=\"2026-03-09T15:25:35+00:00\" \/>\n<meta name=\"twitter:card\" content=\"summary_large_image\" \/>\n<meta name=\"twitter:label1\" content=\"Tiempo de lectura\" \/>\n\t<meta name=\"twitter:data1\" content=\"4 minutos\" \/>\n<script type=\"application\/ld+json\" class=\"yoast-schema-graph\">{\"@context\":\"https:\\\/\\\/schema.org\",\"@graph\":[{\"@type\":\"WebPage\",\"@id\":\"https:\\\/\\\/vetus.com\\\/es\\\/anclaje-con-confianza\\\/\",\"url\":\"https:\\\/\\\/vetus.com\\\/es\\\/anclaje-con-confianza\\\/\",\"name\":\"Fondeo con confianza con Maxwell Marine\",\"isPartOf\":{\"@id\":\"https:\\\/\\\/vetus.com\\\/es\\\/#website\"},\"datePublished\":\"2025-11-06T14:06:26+00:00\",\"dateModified\":\"2026-03-09T15:25:35+00:00\",\"description\":\"Baje y recupere su ancla con total confianza con solo pulsar un bot\u00f3n. Los sistemas de fondeo Maxwell combinan resistencia, fiabilidad ...\",\"breadcrumb\":{\"@id\":\"https:\\\/\\\/vetus.com\\\/es\\\/anclaje-con-confianza\\\/#breadcrumb\"},\"inLanguage\":\"es\",\"potentialAction\":[{\"@type\":\"ReadAction\",\"target\":[\"https:\\\/\\\/vetus.com\\\/es\\\/anclaje-con-confianza\\\/\"]}]},{\"@type\":\"BreadcrumbList\",\"@id\":\"https:\\\/\\\/vetus.com\\\/es\\\/anclaje-con-confianza\\\/#breadcrumb\",\"itemListElement\":[{\"@type\":\"ListItem\",\"position\":1,\"name\":\"Home\",\"item\":\"https:\\\/\\\/vetus.com\\\/es\\\/\"},{\"@type\":\"ListItem\",\"position\":2,\"name\":\"Anclaje con confianza\"}]},{\"@type\":\"WebSite\",\"@id\":\"https:\\\/\\\/vetus.com\\\/es\\\/#website\",\"url\":\"https:\\\/\\\/vetus.com\\\/es\\\/\",\"name\":\"VETUS\",\"description\":\"\",\"potentialAction\":[{\"@type\":\"SearchAction\",\"target\":{\"@type\":\"EntryPoint\",\"urlTemplate\":\"https:\\\/\\\/vetus.com\\\/es\\\/?s={search_term_string}\"},\"query-input\":{\"@type\":\"PropertyValueSpecification\",\"valueRequired\":true,\"valueName\":\"search_term_string\"}}],\"inLanguage\":\"es\"}]}<\/script>\n<!-- \/ Yoast SEO Premium plugin. -->","yoast_head_json":{"title":"Fondeo con confianza con Maxwell Marine","description":"Baje y recupere su ancla con total confianza con solo pulsar un bot\u00f3n. Los sistemas de fondeo Maxwell combinan resistencia, fiabilidad ...","robots":{"index":"index","follow":"follow","max-snippet":"max-snippet:-1","max-image-preview":"max-image-preview:large","max-video-preview":"max-video-preview:-1"},"canonical":"https:\/\/vetus.com\/es\/anclaje-con-confianza\/","og_locale":"es_ES","og_type":"article","og_title":"Anclaje con confianza","og_description":"Baje y recupere su ancla con total confianza con solo pulsar un bot\u00f3n. Los sistemas de fondeo Maxwell combinan resistencia, fiabilidad ...","og_url":"https:\/\/vetus.com\/es\/anclaje-con-confianza\/","og_site_name":"VETUS","article_modified_time":"2026-03-09T15:25:35+00:00","twitter_card":"summary_large_image","twitter_misc":{"Tiempo de lectura":"4 minutos"},"schema":{"@context":"https:\/\/schema.org","@graph":[{"@type":"WebPage","@id":"https:\/\/vetus.com\/es\/anclaje-con-confianza\/","url":"https:\/\/vetus.com\/es\/anclaje-con-confianza\/","name":"Fondeo con confianza con Maxwell Marine","isPartOf":{"@id":"https:\/\/vetus.com\/es\/#website"},"datePublished":"2025-11-06T14:06:26+00:00","dateModified":"2026-03-09T15:25:35+00:00","description":"Baje y recupere su ancla con total confianza con solo pulsar un bot\u00f3n. Los sistemas de fondeo Maxwell combinan resistencia, fiabilidad ...","breadcrumb":{"@id":"https:\/\/vetus.com\/es\/anclaje-con-confianza\/#breadcrumb"},"inLanguage":"es","potentialAction":[{"@type":"ReadAction","target":["https:\/\/vetus.com\/es\/anclaje-con-confianza\/"]}]},{"@type":"BreadcrumbList","@id":"https:\/\/vetus.com\/es\/anclaje-con-confianza\/#breadcrumb","itemListElement":[{"@type":"ListItem","position":1,"name":"Home","item":"https:\/\/vetus.com\/es\/"},{"@type":"ListItem","position":2,"name":"Anclaje con confianza"}]},{"@type":"WebSite","@id":"https:\/\/vetus.com\/es\/#website","url":"https:\/\/vetus.com\/es\/","name":"VETUS","description":"","potentialAction":[{"@type":"SearchAction","target":{"@type":"EntryPoint","urlTemplate":"https:\/\/vetus.com\/es\/?s={search_term_string}"},"query-input":{"@type":"PropertyValueSpecification","valueRequired":true,"valueName":"search_term_string"}}],"inLanguage":"es"}]}},"_links":{"self":[{"href":"https:\/\/vetus.com\/es\/wp-json\/wp\/v2\/pages\/121216","targetHints":{"allow":["GET"]}}],"collection":[{"href":"https:\/\/vetus.com\/es\/wp-json\/wp\/v2\/pages"}],"about":[{"href":"https:\/\/vetus.com\/es\/wp-json\/wp\/v2\/types\/page"}],"author":[{"embeddable":true,"href":"https:\/\/vetus.com\/es\/wp-json\/wp\/v2\/users\/20"}],"replies":[{"embeddable":true,"href":"https:\/\/vetus.com\/es\/wp-json\/wp\/v2\/comments?post=121216"}],"version-history":[{"count":5,"href":"https:\/\/vetus.com\/es\/wp-json\/wp\/v2\/pages\/121216\/revisions"}],"predecessor-version":[{"id":123330,"href":"https:\/\/vetus.com\/es\/wp-json\/wp\/v2\/pages\/121216\/revisions\/123330"}],"wp:attachment":[{"href":"https:\/\/vetus.com\/es\/wp-json\/wp\/v2\/media?parent=121216"}],"curies":[{"name":"wp","href":"https:\/\/api.w.org\/{rel}","templated":true}]}}