{"id":118759,"date":"2025-12-11T14:16:38","date_gmt":"2025-12-11T12:16:38","guid":{"rendered":"https:\/\/vetus.com\/bow-pro-rimdrive-thruster-integration-with-suzuki-outboards\/"},"modified":"2026-02-26T11:30:47","modified_gmt":"2026-02-26T09:30:47","slug":"integracion-helice-proa-bow-pro-rimdrive-con-motores-fueraborda-suzuki","status":"publish","type":"page","link":"https:\/\/vetus.com\/es\/integracion-helice-proa-bow-pro-rimdrive-con-motores-fueraborda-suzuki\/","title":{"rendered":"Integraci\u00f3n de h\u00e9lices de proa BOW PRO y RIMDRIVE con motores fueraborda Suzuki"},"content":{"rendered":"\n<section class=\"section  \">\n    \n\n<section id=\"section-text-block-block_3a58d4d5c764eec6f42d62cde4ca1d43\" class=\"section text-block \">\n                    <div class=\"section section__body\">\n            <div class=\"text-block\">\n                <div class=\"container\">\n                    <div class=\"row\">\n                        <div class=\"col-lg-8 offset-lg-2\">\n                                                            <div class=\"section__content single__content hentry\">\n                                    <p>VETUS ofrece la integraci\u00f3n completa de sus sistemas de h\u00e9lices de proa BOW PRO y RIMDRIVE con motores fueraborda Suzuki con control electr\u00f3nico y con los sistemas de direcci\u00f3n y joystick Ultraflex Integra JS. Esta soluci\u00f3n integrada permite una comunicaci\u00f3n fluida entre los sistemas de propulsi\u00f3n, direcci\u00f3n y h\u00e9lice de proa, lo que permite gestionar todas las funciones mediante una \u00fanica interfaz de joystick.<\/p>\n                                <\/div>\n                            \n                                                    <\/div>\n                    <\/div>\n                <\/div>\n            <\/div>\n        <\/div>\n    <\/section><\/section>\n\n<section class=\"section section--colored bg-light content-blocks bg-light   \">\n    \n<section id=\"content-block-1-block_8dbc429d82ca037f0d733d1ae3cdfaf1\" class=\"section content-block content-block--image \">\n    <div class=\"container\">\n        <div class=\"row d-flex align-items-center\">\n\n            <div class=\"col-md-6 col-lg-7\">\n                                    <div class=\"content-block__visuals\">\n                        <div class=\"content-block__media media--clipped media ratio\">\n                            <div class=\"media__wrapper\">\n                                <img decoding=\"async\" width=\"690\" height=\"690\" src=\"https:\/\/vetus.com\/wp-content\/uploads\/bowpro300_front_up_product_1080x1080-690x690.jpg\" class=\"media__source img-fit\" alt=\"\" srcset=\"https:\/\/vetus.com\/wp-content\/uploads\/bowpro300_front_up_product_1080x1080-690x690.jpg 690w, https:\/\/vetus.com\/wp-content\/uploads\/bowpro300_front_up_product_1080x1080-300x300.jpg 300w, https:\/\/vetus.com\/wp-content\/uploads\/bowpro300_front_up_product_1080x1080-150x150.jpg 150w, https:\/\/vetus.com\/wp-content\/uploads\/bowpro300_front_up_product_1080x1080-768x768.jpg 768w, https:\/\/vetus.com\/wp-content\/uploads\/bowpro300_front_up_product_1080x1080-210x210.jpg 210w, https:\/\/vetus.com\/wp-content\/uploads\/bowpro300_front_up_product_1080x1080-330x330.jpg 330w, https:\/\/vetus.com\/wp-content\/uploads\/bowpro300_front_up_product_1080x1080-431x431.jpg 431w, https:\/\/vetus.com\/wp-content\/uploads\/bowpro300_front_up_product_1080x1080-507x507.jpg 507w, https:\/\/vetus.com\/wp-content\/uploads\/bowpro300_front_up_product_1080x1080-530x530.jpg 530w, https:\/\/vetus.com\/wp-content\/uploads\/bowpro300_front_up_product_1080x1080-930x930.jpg 930w, https:\/\/vetus.com\/wp-content\/uploads\/bowpro300_front_up_product_1080x1080.jpg 1080w\" sizes=\"auto, (max-width: 575.98px) 431px, (max-width: 767.98px) 530px, (max-width: 991.98px) 330px, (max-width: 1279.98px) 530px, (max-width: 1899.98px) 690px, 930px\" loading=\"lazy\" \/>                            <\/div>\n                        <\/div>\n                    <\/div>\n                            <\/div>\n\n            <div class=\"col-md-6 col-lg-4 offset-lg-1\">\n                <div class=\"content-block__body\">\n                    \n                    \n                                            <h3 data-start=\"577\" data-end=\"622\">Control integrado para maniobras precisas<\/h3>\n<p data-start=\"624\" data-end=\"1037\">El sistema combinado proporciona un control suave y proporcional que mejora significativamente la maniobrabilidad en espacios reducidos, como durante el atraque, en canales estrechos y en marinas concurridas. Al coordinar los comandos del motor, la direcci\u00f3n y la h\u00e9lice de proa a trav\u00e9s del joystick Ultraflex, el operador se beneficia de respuestas predecibles y una maniobrabilidad precisa. El sistema permite:<\/p>\n<ul data-start=\"1039\" data-end=\"1279\">\n<li data-start=\"1039\" data-end=\"1119\">\n<p data-start=\"1041\" data-end=\"1119\">Mover la embarcaci\u00f3n lateralmente, en diagonal, hacia adelante o hacia atr\u00e1s<\/p>\n<\/li>\n<li data-start=\"1120\" data-end=\"1190\">\n<p data-start=\"1122\" data-end=\"1190\">Girar la embarcaci\u00f3n sobre su propio eje para una posici\u00f3n precisa<\/p>\n<\/li>\n<li data-start=\"1191\" data-end=\"1279\">\n<p data-start=\"1193\" data-end=\"1279\">Mantener un control estable en condiciones de viento, corriente o espacios reducidos<\/p>\n<\/li>\n<\/ul>\n<p data-start=\"1281\" data-end=\"1408\">Cada maniobra se coordina mediante un \u00fanico joystick, lo que simplifica la operaci\u00f3n y reduce la carga de trabajo del operador.<\/p>\n                    \t\t\t\t\t\n                                    <\/div>\n            <\/div>\n        <\/div>\n    <\/div>\n<\/section>\n<section id=\"content-block-1-block_8dbc429d82ca037f0d733d1ae3cdfaf1\" class=\"section content-block content-block--image \">\n    <div class=\"container\">\n        <div class=\"row d-flex align-items-center flex-md-row-reverse\">\n\n            <div class=\"col-md-6 col-lg-7 offset-lg-1\">\n                                    <div class=\"content-block__visuals\">\n                        <div class=\"content-block__media media--clipped media ratio\">\n                            <div class=\"media__wrapper\">\n                                <img decoding=\"async\" width=\"690\" height=\"388\" src=\"https:\/\/vetus.com\/wp-content\/uploads\/bowpro300_full_product_1920x1080-690x388.jpg\" class=\"media__source img-fit\" alt=\"\" srcset=\"https:\/\/vetus.com\/wp-content\/uploads\/bowpro300_full_product_1920x1080-690x388.jpg 690w, https:\/\/vetus.com\/wp-content\/uploads\/bowpro300_full_product_1920x1080-300x169.jpg 300w, https:\/\/vetus.com\/wp-content\/uploads\/bowpro300_full_product_1920x1080-768x432.jpg 768w, https:\/\/vetus.com\/wp-content\/uploads\/bowpro300_full_product_1920x1080-210x118.jpg 210w, https:\/\/vetus.com\/wp-content\/uploads\/bowpro300_full_product_1920x1080-330x186.jpg 330w, https:\/\/vetus.com\/wp-content\/uploads\/bowpro300_full_product_1920x1080-431x242.jpg 431w, https:\/\/vetus.com\/wp-content\/uploads\/bowpro300_full_product_1920x1080-507x285.jpg 507w, https:\/\/vetus.com\/wp-content\/uploads\/bowpro300_full_product_1920x1080-530x298.jpg 530w, https:\/\/vetus.com\/wp-content\/uploads\/bowpro300_full_product_1920x1080-930x523.jpg 930w, https:\/\/vetus.com\/wp-content\/uploads\/bowpro300_full_product_1920x1080-1170x658.jpg 1170w, https:\/\/vetus.com\/wp-content\/uploads\/bowpro300_full_product_1920x1080.jpg 1920w\" sizes=\"auto, (max-width: 575.98px) 431px, (max-width: 767.98px) 530px, (max-width: 991.98px) 330px, (max-width: 1279.98px) 530px, (max-width: 1899.98px) 690px, 930px\" loading=\"lazy\" \/>                            <\/div>\n                        <\/div>\n                    <\/div>\n                            <\/div>\n\n            <div class=\"col-md-6 col-lg-4\">\n                <div class=\"content-block__body\">\n                    \n                    \n                                            <h3 data-start=\"1410\" data-end=\"1479\">Integraci\u00f3n con motores fueraborda Suzuki con control electr\u00f3nico<\/h3>\n<p data-start=\"1481\" data-end=\"2022\">Esta integraci\u00f3n es compatible con los modelos de fueraborda Suzuki con control electr\u00f3nico, incluidos los avanzados DF350AMD y DF300BMD, ambos equipados con direcci\u00f3n integrada. Estos motores funcionan perfectamente con el sistema de joystick Ultraflex y las h\u00e9lices de proa VETUS, ofreciendo una coordinaci\u00f3n precisa entre los sistemas de propulsi\u00f3n y maniobra. A trav\u00e9s de la plataforma de direcci\u00f3n asistida electr\u00f3nica Ultraflex Integra JS, los comandos del motor y de la h\u00e9lice de proa se gestionan con precisi\u00f3n y una respuesta suave.<\/p>\n                    \t\t\t\t\t\n                                            <div class=\"content-block__actions actions\">\n                            <div class=\"btn-group d-flex flex-wrap justify-content-center justify-content-md-start\">\n                                <a href=\"https:\/\/www.suzukimarine.com\/news\/suzuki-marine-usa-announces-technology-collaboration-with-vetus\/\" class=\"btn btn-sm btn-empty btn-empty-primary\" title=\"\" target=\"_blank\">\n                                    <span>M\u00e1s informaci\u00f3n en Suzuki Marine<\/span>\n                                    <i class=\"icon icon-keyboard_arrow_right\"><\/i>\n                                <\/a>\n\n                                <!-- <a href=\"#\" class=\"btn btn-sm btn-empty btn-empty-primary\" title=\"\">\n                                    <span>Watch video<\/span>\n                                    <i class=\"icon icon-play_circle_outline\"><\/i>\n                                <\/a> -->\n                                <!-- <a href=\"#\" class=\"btn btn-sm btn-empty btn-empty-primary\" title=\"\">\n                                    <span>Innovation<\/span>\n                                    <i class=\"icon icon-keyboard_arrow_right\"><\/i>\n                                <\/a> -->\n                            <\/div>\n                        <\/div>\n                                    <\/div>\n            <\/div>\n        <\/div>\n    <\/div>\n<\/section><\/section>\n\n\n<section class=\"section  \">\n    \n\n<section id=\"section-text-block-block_bfe13c290fc6cf0ceddfde51d6d83646\" class=\"section text-block \">\n                    <div class=\"section section__body\">\n            <div class=\"text-block\">\n                <div class=\"container\">\n                    <div class=\"row\">\n                        <div class=\"col-lg-8 offset-lg-2\">\n                                                            <div class=\"section__content single__content hentry\">\n                                    <h3 data-start=\"2060\" data-end=\"2104\">Una colaboraci\u00f3n basada en la tecnolog\u00eda<\/h3>\n<p data-start=\"2106\" data-end=\"2299\">Las tecnolog\u00edas combinadas de VETUS, Suzuki y Ultraflex dan como resultado un sistema de control integrado dise\u00f1ado para mejorar la confianza y la eficiencia al maniobrar en espacios reducidos:<\/p>\n<ul data-start=\"2301\" data-end=\"2613\">\n<li data-start=\"2301\" data-end=\"2385\">\n<p data-start=\"2303\" data-end=\"2385\">Comunicaci\u00f3n fluida entre los sistemas de h\u00e9lice de proa, direcci\u00f3n y propulsi\u00f3n<\/p>\n<\/li>\n<li data-start=\"2386\" data-end=\"2463\">\n<p data-start=\"2388\" data-end=\"2463\">Maniobrabilidad suave y predecible mediante control avanzado por joystick<\/p>\n<\/li>\n<li data-start=\"2464\" data-end=\"2543\">\n<p data-start=\"2466\" data-end=\"2543\">Respuesta fiable para operaciones de atraque y posicionamiento estacionario<\/p>\n<\/li>\n<li data-start=\"2544\" data-end=\"2613\">\n<p data-start=\"2546\" data-end=\"2613\">Compatibilidad flexible con instalaciones de uno o varios motores<\/p>\n<\/li>\n<\/ul>\n<p data-start=\"2615\" data-end=\"2755\">Esta colaboraci\u00f3n proporciona una mejora significativa en el control de la embarcaci\u00f3n sin comprometer la facilidad de uso ni la fiabilidad.<\/p>\n                                <\/div>\n                            \n                                                    <\/div>\n                    <\/div>\n                <\/div>\n            <\/div>\n        <\/div>\n    <\/section><\/section>\n\n<section class=\"section section--colored bg-light content-blocks bg-light   mb-0\">\n    \n\n<section id=\"section-text-block-block_a05939fb6b3e423d90fc456b21e39890\" class=\"section text-block  mb-0\">\n                    <div class=\"section section__body\">\n            <div class=\"text-block\">\n                <div class=\"container\">\n                    <div class=\"row\">\n                        <div class=\"col-lg-8 offset-lg-2\">\n                                                            <div class=\"section__content single__content hentry\">\n                                    <h3 data-start=\"2757\" data-end=\"2792\">Control fiable en cada traves\u00eda<\/h3>\n<p data-start=\"2794\" data-end=\"3192\">Esta soluci\u00f3n integrada ofrece un manejo suave, predecible e intuitivo de la embarcaci\u00f3n, brindando a los navegantes mayor confianza durante el atraque y las maniobras en espacios reducidos. Con tecnolog\u00edas probadas que trabajan conjuntamente en una amplia gama de tipos de embarcaciones, VETUS ofrece soluciones de control fiables y vers\u00e1tiles adaptadas a las necesidades de la navegaci\u00f3n moderna.<\/p>\n                                <\/div>\n                            \n                                                            <div class=\"section__actions text-block__actions actions\">\n                                    <div class=\"btn-group d-flex flex-wrap justify-content-center\">\n                                                                                    <a href=\"https:\/\/vetus.com\/bow-pro-thrusters\/#bodem\" class=\"btn btn-primary\" title=\"\" target=\"_blank\">\n                                                <span>Descubra todas las integraciones de h\u00e9lices de proa VETUS<\/span>\n                                            <\/a>\n                                        \n                                                                            <\/div>\n                                <\/div>\n                                                    <\/div>\n                    <\/div>\n                <\/div>\n            <\/div>\n        <\/div>\n    <\/section><\/section>","protected":false},"excerpt":{"rendered":"","protected":false},"author":20,"featured_media":0,"parent":0,"menu_order":0,"comment_status":"closed","ping_status":"closed","template":"tpl-blog-large-header.php","meta":{"_acf_changed":false,"footnotes":""},"class_list":["post-118759","page","type-page","status-publish","hentry"],"acf":{"image":{"ID":118258,"id":118258,"title":"Suzuki-VETUS-Demo-scaled (1)","filename":"Suzuki-VETUS-Demo-scaled-1.jpg","filesize":756401,"url":"https:\/\/vetus.com\/wp-content\/uploads\/Suzuki-VETUS-Demo-scaled-1.jpg","link":"https:\/\/vetus.com\/es\/integracion-helice-proa-bow-pro-rimdrive-con-motores-fueraborda-suzuki\/suzuki-vetus-demo-scaled-1-2\/","alt":"","author":"20","description":"","caption":"","name":"suzuki-vetus-demo-scaled-1-2","status":"inherit","uploaded_to":118759,"date":"2025-12-11 11:33:06","modified":"2025-12-17 11:38:54","menu_order":0,"mime_type":"image\/jpeg","type":"image","subtype":"jpeg","icon":"https:\/\/vetus.com\/wp-includes\/images\/media\/default.png","width":2560,"height":1695,"sizes":{"thumbnail":"https:\/\/vetus.com\/wp-content\/uploads\/Suzuki-VETUS-Demo-scaled-1-150x150.jpg","thumbnail-width":150,"thumbnail-height":150,"medium":"https:\/\/vetus.com\/wp-content\/uploads\/Suzuki-VETUS-Demo-scaled-1-300x199.jpg","medium-width":300,"medium-height":199,"medium_large":"https:\/\/vetus.com\/wp-content\/uploads\/Suzuki-VETUS-Demo-scaled-1-768x509.jpg","medium_large-width":768,"medium_large-height":509,"large":"https:\/\/vetus.com\/wp-content\/uploads\/Suzuki-VETUS-Demo-scaled-1.jpg","large-width":1024,"large-height":678,"1536x1536":"https:\/\/vetus.com\/wp-content\/uploads\/Suzuki-VETUS-Demo-scaled-1.jpg","1536x1536-width":1536,"1536x1536-height":1017,"2048x2048":"https:\/\/vetus.com\/wp-content\/uploads\/Suzuki-VETUS-Demo-scaled-1.jpg","2048x2048-width":2048,"2048x2048-height":1356,"210w":"https:\/\/vetus.com\/wp-content\/uploads\/Suzuki-VETUS-Demo-scaled-1-210x139.jpg","210w-width":210,"210w-height":139,"330w":"https:\/\/vetus.com\/wp-content\/uploads\/Suzuki-VETUS-Demo-scaled-1-330x218.jpg","330w-width":330,"330w-height":218,"431w":"https:\/\/vetus.com\/wp-content\/uploads\/Suzuki-VETUS-Demo-scaled-1-431x285.jpg","431w-width":431,"431w-height":285,"507w":"https:\/\/vetus.com\/wp-content\/uploads\/Suzuki-VETUS-Demo-scaled-1-507x336.jpg","507w-width":507,"507w-height":336,"530w":"https:\/\/vetus.com\/wp-content\/uploads\/Suzuki-VETUS-Demo-scaled-1-530x351.jpg","530w-width":530,"530w-height":351,"690w":"https:\/\/vetus.com\/wp-content\/uploads\/Suzuki-VETUS-Demo-scaled-1-690x457.jpg","690w-width":690,"690w-height":457,"930w":"https:\/\/vetus.com\/wp-content\/uploads\/Suzuki-VETUS-Demo-scaled-1-930x616.jpg","930w-width":930,"930w-height":616,"1170w":"https:\/\/vetus.com\/wp-content\/uploads\/Suzuki-VETUS-Demo-scaled-1-1170x775.jpg","1170w-width":1170,"1170w-height":775,"gform-image-choice-sm":"https:\/\/vetus.com\/wp-content\/uploads\/Suzuki-VETUS-Demo-scaled-1.jpg","gform-image-choice-sm-width":300,"gform-image-choice-sm-height":199,"gform-image-choice-md":"https:\/\/vetus.com\/wp-content\/uploads\/Suzuki-VETUS-Demo-scaled-1.jpg","gform-image-choice-md-width":400,"gform-image-choice-md-height":265,"gform-image-choice-lg":"https:\/\/vetus.com\/wp-content\/uploads\/Suzuki-VETUS-Demo-scaled-1.jpg","gform-image-choice-lg-width":600,"gform-image-choice-lg-height":397}},"introduction":"","person":false,"title":"Integraci\u00f3n inteligente para una mayor maniobrabilidad de la embarcaci\u00f3n"},"yoast_head":"<!-- This site is optimized with the Yoast SEO Premium plugin v27.3 (Yoast SEO v27.3) - https:\/\/yoast.com\/product\/yoast-seo-premium-wordpress\/ -->\n<title>Integraci\u00f3n de h\u00e9lices de proa BOW PRO y RIMDRIVE con motores fueraborda Suzuki - VETUS<\/title>\n<meta name=\"description\" content=\"VETUS ofrece la integraci\u00f3n completa de sus sistemas de h\u00e9lices de proa BOW PRO y RIMDRIVE con motores fueraborda Suzuki con control...\" \/>\n<meta name=\"robots\" content=\"index, follow, max-snippet:-1, max-image-preview:large, max-video-preview:-1\" \/>\n<link rel=\"canonical\" href=\"https:\/\/vetus.com\/es\/integracion-helice-proa-bow-pro-rimdrive-con-motores-fueraborda-suzuki\/\" \/>\n<meta property=\"og:locale\" content=\"es_ES\" \/>\n<meta property=\"og:type\" content=\"article\" \/>\n<meta property=\"og:title\" content=\"Integraci\u00f3n de h\u00e9lices de proa BOW PRO y RIMDRIVE con motores fueraborda Suzuki\" \/>\n<meta property=\"og:description\" content=\"VETUS ofrece la integraci\u00f3n completa de sus sistemas de h\u00e9lices de proa BOW PRO y RIMDRIVE con motores fueraborda Suzuki con control...\" \/>\n<meta property=\"og:url\" content=\"https:\/\/vetus.com\/es\/integracion-helice-proa-bow-pro-rimdrive-con-motores-fueraborda-suzuki\/\" \/>\n<meta property=\"og:site_name\" content=\"VETUS\" \/>\n<meta property=\"article:modified_time\" content=\"2026-02-26T09:30:47+00:00\" \/>\n<meta name=\"twitter:card\" content=\"summary_large_image\" \/>\n<meta name=\"twitter:label1\" content=\"Tiempo de lectura\" \/>\n\t<meta name=\"twitter:data1\" content=\"3 minutos\" \/>\n<script type=\"application\/ld+json\" class=\"yoast-schema-graph\">{\"@context\":\"https:\\\/\\\/schema.org\",\"@graph\":[{\"@type\":\"WebPage\",\"@id\":\"https:\\\/\\\/vetus.com\\\/es\\\/integracion-helice-proa-bow-pro-rimdrive-con-motores-fueraborda-suzuki\\\/\",\"url\":\"https:\\\/\\\/vetus.com\\\/es\\\/integracion-helice-proa-bow-pro-rimdrive-con-motores-fueraborda-suzuki\\\/\",\"name\":\"Integraci\u00f3n de h\u00e9lices de proa BOW PRO y RIMDRIVE con motores fueraborda Suzuki - VETUS\",\"isPartOf\":{\"@id\":\"https:\\\/\\\/vetus.com\\\/es\\\/#website\"},\"datePublished\":\"2025-12-11T12:16:38+00:00\",\"dateModified\":\"2026-02-26T09:30:47+00:00\",\"description\":\"VETUS ofrece la integraci\u00f3n completa de sus sistemas de h\u00e9lices de proa BOW PRO y RIMDRIVE con motores fueraborda Suzuki con control...\",\"breadcrumb\":{\"@id\":\"https:\\\/\\\/vetus.com\\\/es\\\/integracion-helice-proa-bow-pro-rimdrive-con-motores-fueraborda-suzuki\\\/#breadcrumb\"},\"inLanguage\":\"es\",\"potentialAction\":[{\"@type\":\"ReadAction\",\"target\":[\"https:\\\/\\\/vetus.com\\\/es\\\/integracion-helice-proa-bow-pro-rimdrive-con-motores-fueraborda-suzuki\\\/\"]}]},{\"@type\":\"BreadcrumbList\",\"@id\":\"https:\\\/\\\/vetus.com\\\/es\\\/integracion-helice-proa-bow-pro-rimdrive-con-motores-fueraborda-suzuki\\\/#breadcrumb\",\"itemListElement\":[{\"@type\":\"ListItem\",\"position\":1,\"name\":\"Home\",\"item\":\"https:\\\/\\\/vetus.com\\\/es\\\/\"},{\"@type\":\"ListItem\",\"position\":2,\"name\":\"Integraci\u00f3n de h\u00e9lices de proa BOW PRO y RIMDRIVE con motores fueraborda Suzuki\"}]},{\"@type\":\"WebSite\",\"@id\":\"https:\\\/\\\/vetus.com\\\/es\\\/#website\",\"url\":\"https:\\\/\\\/vetus.com\\\/es\\\/\",\"name\":\"VETUS\",\"description\":\"\",\"potentialAction\":[{\"@type\":\"SearchAction\",\"target\":{\"@type\":\"EntryPoint\",\"urlTemplate\":\"https:\\\/\\\/vetus.com\\\/es\\\/?s={search_term_string}\"},\"query-input\":{\"@type\":\"PropertyValueSpecification\",\"valueRequired\":true,\"valueName\":\"search_term_string\"}}],\"inLanguage\":\"es\"}]}<\/script>\n<!-- \/ Yoast SEO Premium plugin. -->","yoast_head_json":{"title":"Integraci\u00f3n de h\u00e9lices de proa BOW PRO y RIMDRIVE con motores fueraborda Suzuki - VETUS","description":"VETUS ofrece la integraci\u00f3n completa de sus sistemas de h\u00e9lices de proa BOW PRO y RIMDRIVE con motores fueraborda Suzuki con control...","robots":{"index":"index","follow":"follow","max-snippet":"max-snippet:-1","max-image-preview":"max-image-preview:large","max-video-preview":"max-video-preview:-1"},"canonical":"https:\/\/vetus.com\/es\/integracion-helice-proa-bow-pro-rimdrive-con-motores-fueraborda-suzuki\/","og_locale":"es_ES","og_type":"article","og_title":"Integraci\u00f3n de h\u00e9lices de proa BOW PRO y RIMDRIVE con motores fueraborda Suzuki","og_description":"VETUS ofrece la integraci\u00f3n completa de sus sistemas de h\u00e9lices de proa BOW PRO y RIMDRIVE con motores fueraborda Suzuki con control...","og_url":"https:\/\/vetus.com\/es\/integracion-helice-proa-bow-pro-rimdrive-con-motores-fueraborda-suzuki\/","og_site_name":"VETUS","article_modified_time":"2026-02-26T09:30:47+00:00","twitter_card":"summary_large_image","twitter_misc":{"Tiempo de lectura":"3 minutos"},"schema":{"@context":"https:\/\/schema.org","@graph":[{"@type":"WebPage","@id":"https:\/\/vetus.com\/es\/integracion-helice-proa-bow-pro-rimdrive-con-motores-fueraborda-suzuki\/","url":"https:\/\/vetus.com\/es\/integracion-helice-proa-bow-pro-rimdrive-con-motores-fueraborda-suzuki\/","name":"Integraci\u00f3n de h\u00e9lices de proa BOW PRO y RIMDRIVE con motores fueraborda Suzuki - VETUS","isPartOf":{"@id":"https:\/\/vetus.com\/es\/#website"},"datePublished":"2025-12-11T12:16:38+00:00","dateModified":"2026-02-26T09:30:47+00:00","description":"VETUS ofrece la integraci\u00f3n completa de sus sistemas de h\u00e9lices de proa BOW PRO y RIMDRIVE con motores fueraborda Suzuki con control...","breadcrumb":{"@id":"https:\/\/vetus.com\/es\/integracion-helice-proa-bow-pro-rimdrive-con-motores-fueraborda-suzuki\/#breadcrumb"},"inLanguage":"es","potentialAction":[{"@type":"ReadAction","target":["https:\/\/vetus.com\/es\/integracion-helice-proa-bow-pro-rimdrive-con-motores-fueraborda-suzuki\/"]}]},{"@type":"BreadcrumbList","@id":"https:\/\/vetus.com\/es\/integracion-helice-proa-bow-pro-rimdrive-con-motores-fueraborda-suzuki\/#breadcrumb","itemListElement":[{"@type":"ListItem","position":1,"name":"Home","item":"https:\/\/vetus.com\/es\/"},{"@type":"ListItem","position":2,"name":"Integraci\u00f3n de h\u00e9lices de proa BOW PRO y RIMDRIVE con motores fueraborda Suzuki"}]},{"@type":"WebSite","@id":"https:\/\/vetus.com\/es\/#website","url":"https:\/\/vetus.com\/es\/","name":"VETUS","description":"","potentialAction":[{"@type":"SearchAction","target":{"@type":"EntryPoint","urlTemplate":"https:\/\/vetus.com\/es\/?s={search_term_string}"},"query-input":{"@type":"PropertyValueSpecification","valueRequired":true,"valueName":"search_term_string"}}],"inLanguage":"es"}]}},"_links":{"self":[{"href":"https:\/\/vetus.com\/es\/wp-json\/wp\/v2\/pages\/118759","targetHints":{"allow":["GET"]}}],"collection":[{"href":"https:\/\/vetus.com\/es\/wp-json\/wp\/v2\/pages"}],"about":[{"href":"https:\/\/vetus.com\/es\/wp-json\/wp\/v2\/types\/page"}],"author":[{"embeddable":true,"href":"https:\/\/vetus.com\/es\/wp-json\/wp\/v2\/users\/20"}],"replies":[{"embeddable":true,"href":"https:\/\/vetus.com\/es\/wp-json\/wp\/v2\/comments?post=118759"}],"version-history":[{"count":2,"href":"https:\/\/vetus.com\/es\/wp-json\/wp\/v2\/pages\/118759\/revisions"}],"predecessor-version":[{"id":122680,"href":"https:\/\/vetus.com\/es\/wp-json\/wp\/v2\/pages\/118759\/revisions\/122680"}],"wp:attachment":[{"href":"https:\/\/vetus.com\/es\/wp-json\/wp\/v2\/media?parent=118759"}],"curies":[{"name":"wp","href":"https:\/\/api.w.org\/{rel}","templated":true}]}}