{"id":115644,"date":"2025-10-02T10:54:36","date_gmt":"2025-10-02T08:54:36","guid":{"rendered":"https:\/\/vetus.com\/bow-pro-thruster-integration-with-cummins-inboards-and-glendinning\/"},"modified":"2026-02-26T12:22:39","modified_gmt":"2026-02-26T10:22:39","slug":"integracion-helice-proa-bow-pro-con-motores-intraborda-cummins-y-glendinning","status":"publish","type":"page","link":"https:\/\/vetus.com\/es\/integracion-helice-proa-bow-pro-con-motores-intraborda-cummins-y-glendinning\/","title":{"rendered":"Integraci\u00f3n de la h\u00e9lice de proa BOW PRO con motores intraborda Cummins y joystick Glendinning ProPilot"},"content":{"rendered":"\n<section class=\"section  \">\n    \n\n<section id=\"section-text-block-block_47e696dd3abb936689fad4eda8dd2d8b\" class=\"section text-block \">\n                    <div class=\"section section__body\">\n            <div class=\"text-block\">\n                <div class=\"container\">\n                    <div class=\"row\">\n                        <div class=\"col-lg-8 offset-lg-2\">\n                                                            <div class=\"section__content single__content hentry\">\n                                    <p data-start=\"170\" data-end=\"415\">Para mejorar la experiencia de atraque para a\u00fan m\u00e1s navegantes, VETUS se ha asociado con Cummins Marine y Glendinning, integrando las h\u00e9lices de proa BOW PRO, los motores intraborda Cummins y el joystick Glendinning ProPilot en un \u00fanico sistema.<\/p>\n<p data-start=\"417\" data-end=\"633\">El sistema combina el control de los motores y de las h\u00e9lices de proa mediante un solo joystick f\u00e1cil de usar, garantizando que el atraque y las maniobras en espacios reducidos sean m\u00e1s simples, seguras y sin estr\u00e9s.<\/p>\n                                <\/div>\n                            \n                                                    <\/div>\n                    <\/div>\n                <\/div>\n            <\/div>\n        <\/div>\n    <\/section><\/section>\n\n<section class=\"section section--colored bg-light content-blocks bg-light   \">\n    \n<section id=\"content-block-1-block_7af30172004326b5afd698d3ff4cdd12\" class=\"section content-block content-block--image \">\n    <div class=\"container\">\n        <div class=\"row d-flex align-items-center\">\n\n            <div class=\"col-md-6 col-lg-7\">\n                                    <div class=\"content-block__visuals\">\n                        <div class=\"content-block__media media--clipped media ratio\">\n                            <div class=\"media__wrapper\">\n                                <img decoding=\"async\" width=\"690\" height=\"458\" src=\"https:\/\/vetus.com\/wp-content\/uploads\/ProPilot-Lifestyle-001-1-690x458.jpg\" class=\"media__source img-fit\" alt=\"\" srcset=\"https:\/\/vetus.com\/wp-content\/uploads\/ProPilot-Lifestyle-001-1-690x458.jpg 690w, https:\/\/vetus.com\/wp-content\/uploads\/ProPilot-Lifestyle-001-1-300x199.jpg 300w, https:\/\/vetus.com\/wp-content\/uploads\/ProPilot-Lifestyle-001-1-210x139.jpg 210w, https:\/\/vetus.com\/wp-content\/uploads\/ProPilot-Lifestyle-001-1-330x219.jpg 330w, https:\/\/vetus.com\/wp-content\/uploads\/ProPilot-Lifestyle-001-1-431x286.jpg 431w, https:\/\/vetus.com\/wp-content\/uploads\/ProPilot-Lifestyle-001-1-507x337.jpg 507w, https:\/\/vetus.com\/wp-content\/uploads\/ProPilot-Lifestyle-001-1-530x352.jpg 530w, https:\/\/vetus.com\/wp-content\/uploads\/ProPilot-Lifestyle-001-1.jpg 702w\" sizes=\"auto, (max-width: 575.98px) 431px, (max-width: 767.98px) 530px, (max-width: 991.98px) 330px, (max-width: 1279.98px) 530px, (max-width: 1899.98px) 690px, 930px\" loading=\"lazy\" \/>                            <\/div>\n                        <\/div>\n                    <\/div>\n                            <\/div>\n\n            <div class=\"col-md-6 col-lg-4 offset-lg-1\">\n                <div class=\"content-block__body\">\n                    \n                    \n                                            <h3 data-start=\"640\" data-end=\"682\">Una nueva era en el control de atraque<\/h3>\n<p data-start=\"684\" data-end=\"1026\">Con los motores intraborda Cummins, el joystick Glendinning ProPilot y las h\u00e9lices de proa VETUS BOW PRO trabajando juntos, los navegantes obtienen una confianza y precisi\u00f3n inigualables en el puesto de mando. Esta potente integraci\u00f3n transforma incluso las situaciones de atraque m\u00e1s complicadas en maniobras suaves y totalmente controladas.<\/p>\n<ul data-start=\"1028\" data-end=\"1558\">\n<li data-start=\"1028\" data-end=\"1165\">\n<p data-start=\"1030\" data-end=\"1165\"><strong data-start=\"1030\" data-end=\"1055\">Control con confianza<\/strong> \u2013 Gu\u00ede su embarcaci\u00f3n exactamente donde desee con un control intuitivo con una sola mano mediante joystick.<\/p>\n<\/li>\n<li data-start=\"1166\" data-end=\"1301\">\n<p data-start=\"1168\" data-end=\"1301\"><strong data-start=\"1168\" data-end=\"1193\">Rendimiento integrado<\/strong> \u2013 Motores y h\u00e9lices de proa funcionan en perfecta armon\u00eda para un manejo impecable en espacios reducidos.<\/p>\n<\/li>\n<li data-start=\"1302\" data-end=\"1427\">\n<p data-start=\"1304\" data-end=\"1427\"><strong data-start=\"1304\" data-end=\"1330\">Libertad de movimiento<\/strong> \u2013 Despl\u00e1cese lateralmente, gire sobre su propio eje o mu\u00e9vase en diagonal con total facilidad.<\/p>\n<\/li>\n<li data-start=\"1428\" data-end=\"1558\">\n<p data-start=\"1430\" data-end=\"1558\"><strong data-start=\"1430\" data-end=\"1456\">Eficiencia inteligente<\/strong> \u2013 La m\u00ednima perturbaci\u00f3n del agua garantiza un atraque m\u00e1s seguro y tranquilo en marinas concurridas.<\/p>\n<\/li>\n<\/ul>\n                    \t\t\t\t\t\n                                    <\/div>\n            <\/div>\n        <\/div>\n    <\/div>\n<\/section>\n<section id=\"content-block-1-block_7af30172004326b5afd698d3ff4cdd12\" class=\"section content-block content-block--image \">\n    <div class=\"container\">\n        <div class=\"row d-flex align-items-center flex-md-row-reverse\">\n\n            <div class=\"col-md-6 col-lg-7 offset-lg-1\">\n                                    <div class=\"content-block__visuals\">\n                        <div class=\"content-block__media media--clipped media ratio\">\n                            <div class=\"media__wrapper\">\n                                <img decoding=\"async\" width=\"690\" height=\"460\" src=\"https:\/\/vetus.com\/wp-content\/uploads\/21522070321_07ed4e430a_c-690x460.png\" class=\"media__source img-fit\" alt=\"\" srcset=\"https:\/\/vetus.com\/wp-content\/uploads\/21522070321_07ed4e430a_c-690x460.png 690w, https:\/\/vetus.com\/wp-content\/uploads\/21522070321_07ed4e430a_c-300x200.png 300w, https:\/\/vetus.com\/wp-content\/uploads\/21522070321_07ed4e430a_c-768x512.png 768w, https:\/\/vetus.com\/wp-content\/uploads\/21522070321_07ed4e430a_c-210x140.png 210w, https:\/\/vetus.com\/wp-content\/uploads\/21522070321_07ed4e430a_c-330x220.png 330w, https:\/\/vetus.com\/wp-content\/uploads\/21522070321_07ed4e430a_c-431x287.png 431w, https:\/\/vetus.com\/wp-content\/uploads\/21522070321_07ed4e430a_c-507x338.png 507w, https:\/\/vetus.com\/wp-content\/uploads\/21522070321_07ed4e430a_c-530x353.png 530w, https:\/\/vetus.com\/wp-content\/uploads\/21522070321_07ed4e430a_c.png 800w\" sizes=\"auto, (max-width: 575.98px) 431px, (max-width: 767.98px) 530px, (max-width: 991.98px) 330px, (max-width: 1279.98px) 530px, (max-width: 1899.98px) 690px, 930px\" loading=\"lazy\" \/>                            <\/div>\n                        <\/div>\n                    <\/div>\n                            <\/div>\n\n            <div class=\"col-md-6 col-lg-4\">\n                <div class=\"content-block__body\">\n                    \n                    \n                                            <h3 data-start=\"1565\" data-end=\"1614\">Innovando el atraque con potencia y precisi\u00f3n<\/h3>\n<p data-start=\"1616\" data-end=\"1962\">La colaboraci\u00f3n entre VETUS, Cummins y Glendinning marca un nuevo est\u00e1ndar en el control marino integrado. Al combinar la potencia intraborda de Cummins con la tecnolog\u00eda ProPilot de Glendinning y las h\u00e9lices de proa VETUS BOW PRO, el resultado es una soluci\u00f3n robusta y preparada para el futuro para navegantes que exigen fiabilidad y precisi\u00f3n.<\/p>\n<ul data-start=\"1964\" data-end=\"2447\">\n<li data-start=\"1964\" data-end=\"2094\">\n<p data-start=\"1966\" data-end=\"2094\">Funciona perfectamente con toda la familia BOW PRO, garantizando amplia compatibilidad para diferentes tipos de embarcaciones.<\/p>\n<\/li>\n<li data-start=\"2095\" data-end=\"2222\">\n<p data-start=\"2097\" data-end=\"2222\">Instalaci\u00f3n sencilla, conect\u00e1ndose directamente a los controles de mando Cummins existentes a trav\u00e9s de la red VETUS V-CAN.<\/p>\n<\/li>\n<li data-start=\"2223\" data-end=\"2332\">\n<p data-start=\"2225\" data-end=\"2332\">Rendimiento personalizado, con ajuste espec\u00edfico de la embarcaci\u00f3n mediante un sencillo programa para PC.<\/p>\n<\/li>\n<li data-start=\"2333\" data-end=\"2447\">\n<p data-start=\"2335\" data-end=\"2447\">Respaldado por d\u00e9cadas de experiencia en ingenier\u00eda marina y una amplia red global de servicio y distribuidores.<\/p>\n<\/li>\n<\/ul>\n                    \t\t\t\t\t\n                                    <\/div>\n            <\/div>\n        <\/div>\n    <\/div>\n<\/section><\/section>\n\n\n<section class=\"section  \">\n    \n\n<section id=\"section-text-block-block_4f289d3f9a6362fc1f74ceffc4d29453\" class=\"section text-block \">\n                    <div class=\"section section__body\">\n            <div class=\"text-block\">\n                <div class=\"container\">\n                    <div class=\"row\">\n                        <div class=\"col-lg-8 offset-lg-2\">\n                                                            <div class=\"section__content single__content hentry\">\n                                    <h3 data-start=\"2454\" data-end=\"2508\">Lleve su experiencia de atraque al siguiente nivel<\/h3>\n<p data-start=\"2510\" data-end=\"2775\">Con VETUS, Cummins Marine y Glendinning trabajando juntos, maniobrar se convierte en algo natural. Esta potente integraci\u00f3n combina fiabilidad, control avanzado y un rendimiento suave, transformando cada maniobra de atraque en una experiencia segura y sin esfuerzo.<\/p>\n                                <\/div>\n                            \n                                                            <div class=\"section__actions text-block__actions actions\">\n                                    <div class=\"btn-group d-flex flex-wrap justify-content-center\">\n                                                                                    <a href=\"https:\/\/vetus.com\/es\/propulsores-bow-pro\/\" class=\"btn btn-primary\" title=\"\" target=\"_blank\">\n                                                <span>Descubra nuestras h\u00e9lices de proa BOW PRO<\/span>\n                                            <\/a>\n                                        \n                                                                            <\/div>\n                                <\/div>\n                                                    <\/div>\n                    <\/div>\n                <\/div>\n            <\/div>\n        <\/div>\n    <\/section><\/section>","protected":false},"excerpt":{"rendered":"","protected":false},"author":20,"featured_media":0,"parent":0,"menu_order":0,"comment_status":"closed","ping_status":"closed","template":"tpl-blog-large-header.php","meta":{"_acf_changed":false,"footnotes":""},"class_list":["post-115644","page","type-page","status-publish","hentry"],"acf":{"image":{"ID":115614,"id":115614,"title":"ProPilot-Lifestyle-002","filename":"ProPilot-Lifestyle-002.jpg","filesize":71618,"url":"https:\/\/vetus.com\/wp-content\/uploads\/ProPilot-Lifestyle-002.jpg","link":"https:\/\/vetus.com\/es\/integracion-helice-proa-bow-pro-con-motores-intraborda-cummins-y-glendinning\/propilot-lifestyle-002-2\/","alt":"","author":"20","description":"","caption":"","name":"propilot-lifestyle-002-2","status":"inherit","uploaded_to":115644,"date":"2025-10-03 06:51:22","modified":"2025-10-03 06:51:22","menu_order":0,"mime_type":"image\/jpeg","type":"image","subtype":"jpeg","icon":"https:\/\/vetus.com\/wp-includes\/images\/media\/default.png","width":798,"height":536,"sizes":{"thumbnail":"https:\/\/vetus.com\/wp-content\/uploads\/ProPilot-Lifestyle-002-150x150.jpg","thumbnail-width":150,"thumbnail-height":150,"medium":"https:\/\/vetus.com\/wp-content\/uploads\/ProPilot-Lifestyle-002-300x202.jpg","medium-width":300,"medium-height":202,"medium_large":"https:\/\/vetus.com\/wp-content\/uploads\/ProPilot-Lifestyle-002-768x516.jpg","medium_large-width":768,"medium_large-height":516,"large":"https:\/\/vetus.com\/wp-content\/uploads\/ProPilot-Lifestyle-002.jpg","large-width":798,"large-height":536,"1536x1536":"https:\/\/vetus.com\/wp-content\/uploads\/ProPilot-Lifestyle-002.jpg","1536x1536-width":798,"1536x1536-height":536,"2048x2048":"https:\/\/vetus.com\/wp-content\/uploads\/ProPilot-Lifestyle-002.jpg","2048x2048-width":798,"2048x2048-height":536,"210w":"https:\/\/vetus.com\/wp-content\/uploads\/ProPilot-Lifestyle-002-210x141.jpg","210w-width":210,"210w-height":141,"330w":"https:\/\/vetus.com\/wp-content\/uploads\/ProPilot-Lifestyle-002-330x222.jpg","330w-width":330,"330w-height":222,"431w":"https:\/\/vetus.com\/wp-content\/uploads\/ProPilot-Lifestyle-002-431x289.jpg","431w-width":431,"431w-height":289,"507w":"https:\/\/vetus.com\/wp-content\/uploads\/ProPilot-Lifestyle-002-507x341.jpg","507w-width":507,"507w-height":341,"530w":"https:\/\/vetus.com\/wp-content\/uploads\/ProPilot-Lifestyle-002-530x356.jpg","530w-width":530,"530w-height":356,"690w":"https:\/\/vetus.com\/wp-content\/uploads\/ProPilot-Lifestyle-002-690x463.jpg","690w-width":690,"690w-height":463,"930w":"https:\/\/vetus.com\/wp-content\/uploads\/ProPilot-Lifestyle-002.jpg","930w-width":798,"930w-height":536,"1170w":"https:\/\/vetus.com\/wp-content\/uploads\/ProPilot-Lifestyle-002.jpg","1170w-width":798,"1170w-height":536,"gform-image-choice-sm":"https:\/\/vetus.com\/wp-content\/uploads\/ProPilot-Lifestyle-002.jpg","gform-image-choice-sm-width":300,"gform-image-choice-sm-height":202,"gform-image-choice-md":"https:\/\/vetus.com\/wp-content\/uploads\/ProPilot-Lifestyle-002.jpg","gform-image-choice-md-width":400,"gform-image-choice-md-height":269,"gform-image-choice-lg":"https:\/\/vetus.com\/wp-content\/uploads\/ProPilot-Lifestyle-002.jpg","gform-image-choice-lg-width":600,"gform-image-choice-lg-height":403}},"introduction":"","person":false,"title":"Potencia sin interrupciones para un atraque sin esfuerzo"},"yoast_head":"<!-- This site is optimized with the Yoast SEO Premium plugin v27.3 (Yoast SEO v27.3) - https:\/\/yoast.com\/product\/yoast-seo-premium-wordpress\/ -->\n<title>Integraci\u00f3n de la h\u00e9lice de proa BOW PRO con motores intraborda Cummins y joystick Glendinning ProPilot - VETUS<\/title>\n<meta name=\"description\" content=\"Para mejorar la experiencia de atraque para a\u00fan m\u00e1s navegantes, VETUS se ha asociado con Cummins Marine y Glendinning, integrando...\" \/>\n<meta name=\"robots\" content=\"index, follow, max-snippet:-1, max-image-preview:large, max-video-preview:-1\" \/>\n<link rel=\"canonical\" href=\"https:\/\/vetus.com\/es\/integracion-helice-proa-bow-pro-con-motores-intraborda-cummins-y-glendinning\/\" \/>\n<meta property=\"og:locale\" content=\"es_ES\" \/>\n<meta property=\"og:type\" content=\"article\" \/>\n<meta property=\"og:title\" content=\"Integraci\u00f3n de la h\u00e9lice de proa BOW PRO con motores intraborda Cummins y joystick Glendinning ProPilot\" \/>\n<meta property=\"og:description\" content=\"Para mejorar la experiencia de atraque para a\u00fan m\u00e1s navegantes, VETUS se ha asociado con Cummins Marine y Glendinning, integrando...\" \/>\n<meta property=\"og:url\" content=\"https:\/\/vetus.com\/es\/integracion-helice-proa-bow-pro-con-motores-intraborda-cummins-y-glendinning\/\" \/>\n<meta property=\"og:site_name\" content=\"VETUS\" \/>\n<meta property=\"article:modified_time\" content=\"2026-02-26T10:22:39+00:00\" \/>\n<meta name=\"twitter:card\" content=\"summary_large_image\" \/>\n<meta name=\"twitter:label1\" content=\"Tiempo de lectura\" \/>\n\t<meta name=\"twitter:data1\" content=\"3 minutos\" \/>\n<script type=\"application\/ld+json\" class=\"yoast-schema-graph\">{\"@context\":\"https:\\\/\\\/schema.org\",\"@graph\":[{\"@type\":\"WebPage\",\"@id\":\"https:\\\/\\\/vetus.com\\\/es\\\/integracion-helice-proa-bow-pro-con-motores-intraborda-cummins-y-glendinning\\\/\",\"url\":\"https:\\\/\\\/vetus.com\\\/es\\\/integracion-helice-proa-bow-pro-con-motores-intraborda-cummins-y-glendinning\\\/\",\"name\":\"Integraci\u00f3n de la h\u00e9lice de proa BOW PRO con motores intraborda Cummins y joystick Glendinning ProPilot - VETUS\",\"isPartOf\":{\"@id\":\"https:\\\/\\\/vetus.com\\\/es\\\/#website\"},\"datePublished\":\"2025-10-02T08:54:36+00:00\",\"dateModified\":\"2026-02-26T10:22:39+00:00\",\"description\":\"Para mejorar la experiencia de atraque para a\u00fan m\u00e1s navegantes, VETUS se ha asociado con Cummins Marine y Glendinning, integrando...\",\"breadcrumb\":{\"@id\":\"https:\\\/\\\/vetus.com\\\/es\\\/integracion-helice-proa-bow-pro-con-motores-intraborda-cummins-y-glendinning\\\/#breadcrumb\"},\"inLanguage\":\"es\",\"potentialAction\":[{\"@type\":\"ReadAction\",\"target\":[\"https:\\\/\\\/vetus.com\\\/es\\\/integracion-helice-proa-bow-pro-con-motores-intraborda-cummins-y-glendinning\\\/\"]}]},{\"@type\":\"BreadcrumbList\",\"@id\":\"https:\\\/\\\/vetus.com\\\/es\\\/integracion-helice-proa-bow-pro-con-motores-intraborda-cummins-y-glendinning\\\/#breadcrumb\",\"itemListElement\":[{\"@type\":\"ListItem\",\"position\":1,\"name\":\"Home\",\"item\":\"https:\\\/\\\/vetus.com\\\/es\\\/\"},{\"@type\":\"ListItem\",\"position\":2,\"name\":\"Integraci\u00f3n de la h\u00e9lice de proa BOW PRO con motores intraborda Cummins y joystick Glendinning ProPilot\"}]},{\"@type\":\"WebSite\",\"@id\":\"https:\\\/\\\/vetus.com\\\/es\\\/#website\",\"url\":\"https:\\\/\\\/vetus.com\\\/es\\\/\",\"name\":\"VETUS\",\"description\":\"\",\"potentialAction\":[{\"@type\":\"SearchAction\",\"target\":{\"@type\":\"EntryPoint\",\"urlTemplate\":\"https:\\\/\\\/vetus.com\\\/es\\\/?s={search_term_string}\"},\"query-input\":{\"@type\":\"PropertyValueSpecification\",\"valueRequired\":true,\"valueName\":\"search_term_string\"}}],\"inLanguage\":\"es\"}]}<\/script>\n<!-- \/ Yoast SEO Premium plugin. -->","yoast_head_json":{"title":"Integraci\u00f3n de la h\u00e9lice de proa BOW PRO con motores intraborda Cummins y joystick Glendinning ProPilot - VETUS","description":"Para mejorar la experiencia de atraque para a\u00fan m\u00e1s navegantes, VETUS se ha asociado con Cummins Marine y Glendinning, integrando...","robots":{"index":"index","follow":"follow","max-snippet":"max-snippet:-1","max-image-preview":"max-image-preview:large","max-video-preview":"max-video-preview:-1"},"canonical":"https:\/\/vetus.com\/es\/integracion-helice-proa-bow-pro-con-motores-intraborda-cummins-y-glendinning\/","og_locale":"es_ES","og_type":"article","og_title":"Integraci\u00f3n de la h\u00e9lice de proa BOW PRO con motores intraborda Cummins y joystick Glendinning ProPilot","og_description":"Para mejorar la experiencia de atraque para a\u00fan m\u00e1s navegantes, VETUS se ha asociado con Cummins Marine y Glendinning, integrando...","og_url":"https:\/\/vetus.com\/es\/integracion-helice-proa-bow-pro-con-motores-intraborda-cummins-y-glendinning\/","og_site_name":"VETUS","article_modified_time":"2026-02-26T10:22:39+00:00","twitter_card":"summary_large_image","twitter_misc":{"Tiempo de lectura":"3 minutos"},"schema":{"@context":"https:\/\/schema.org","@graph":[{"@type":"WebPage","@id":"https:\/\/vetus.com\/es\/integracion-helice-proa-bow-pro-con-motores-intraborda-cummins-y-glendinning\/","url":"https:\/\/vetus.com\/es\/integracion-helice-proa-bow-pro-con-motores-intraborda-cummins-y-glendinning\/","name":"Integraci\u00f3n de la h\u00e9lice de proa BOW PRO con motores intraborda Cummins y joystick Glendinning ProPilot - VETUS","isPartOf":{"@id":"https:\/\/vetus.com\/es\/#website"},"datePublished":"2025-10-02T08:54:36+00:00","dateModified":"2026-02-26T10:22:39+00:00","description":"Para mejorar la experiencia de atraque para a\u00fan m\u00e1s navegantes, VETUS se ha asociado con Cummins Marine y Glendinning, integrando...","breadcrumb":{"@id":"https:\/\/vetus.com\/es\/integracion-helice-proa-bow-pro-con-motores-intraborda-cummins-y-glendinning\/#breadcrumb"},"inLanguage":"es","potentialAction":[{"@type":"ReadAction","target":["https:\/\/vetus.com\/es\/integracion-helice-proa-bow-pro-con-motores-intraborda-cummins-y-glendinning\/"]}]},{"@type":"BreadcrumbList","@id":"https:\/\/vetus.com\/es\/integracion-helice-proa-bow-pro-con-motores-intraborda-cummins-y-glendinning\/#breadcrumb","itemListElement":[{"@type":"ListItem","position":1,"name":"Home","item":"https:\/\/vetus.com\/es\/"},{"@type":"ListItem","position":2,"name":"Integraci\u00f3n de la h\u00e9lice de proa BOW PRO con motores intraborda Cummins y joystick Glendinning ProPilot"}]},{"@type":"WebSite","@id":"https:\/\/vetus.com\/es\/#website","url":"https:\/\/vetus.com\/es\/","name":"VETUS","description":"","potentialAction":[{"@type":"SearchAction","target":{"@type":"EntryPoint","urlTemplate":"https:\/\/vetus.com\/es\/?s={search_term_string}"},"query-input":{"@type":"PropertyValueSpecification","valueRequired":true,"valueName":"search_term_string"}}],"inLanguage":"es"}]}},"_links":{"self":[{"href":"https:\/\/vetus.com\/es\/wp-json\/wp\/v2\/pages\/115644","targetHints":{"allow":["GET"]}}],"collection":[{"href":"https:\/\/vetus.com\/es\/wp-json\/wp\/v2\/pages"}],"about":[{"href":"https:\/\/vetus.com\/es\/wp-json\/wp\/v2\/types\/page"}],"author":[{"embeddable":true,"href":"https:\/\/vetus.com\/es\/wp-json\/wp\/v2\/users\/20"}],"replies":[{"embeddable":true,"href":"https:\/\/vetus.com\/es\/wp-json\/wp\/v2\/comments?post=115644"}],"version-history":[{"count":5,"href":"https:\/\/vetus.com\/es\/wp-json\/wp\/v2\/pages\/115644\/revisions"}],"predecessor-version":[{"id":122693,"href":"https:\/\/vetus.com\/es\/wp-json\/wp\/v2\/pages\/115644\/revisions\/122693"}],"wp:attachment":[{"href":"https:\/\/vetus.com\/es\/wp-json\/wp\/v2\/media?parent=115644"}],"curies":[{"name":"wp","href":"https:\/\/api.w.org\/{rel}","templated":true}]}}