{"id":101577,"date":"2025-02-26T16:42:13","date_gmt":"2025-02-26T14:42:13","guid":{"rendered":"https:\/\/vetus.com\/bow-pro-thruster-integration-with-honda-outboards-ultraflex-controls\/"},"modified":"2026-02-26T14:32:29","modified_gmt":"2026-02-26T12:32:29","slug":"integracion-del-propulsor-bow-pro-con-motores-fueraborda-honda-y-controles-ultraflex","status":"publish","type":"page","link":"https:\/\/vetus.com\/es\/integracion-del-propulsor-bow-pro-con-motores-fueraborda-honda-y-controles-ultraflex\/","title":{"rendered":"Integraci\u00f3n del propulsor BOW PRO con motores fueraborda Honda y controles Ultraflex"},"content":{"rendered":"\n<section class=\"section  \">\n    \n\n<section id=\"section-text-block-block_ac18752644c7aa7d90f4360b307214e4\" class=\"section text-block \">\n                    <div class=\"section section__body\">\n            <div class=\"text-block\">\n                <div class=\"container\">\n                    <div class=\"row\">\n                        <div class=\"col-lg-8 offset-lg-2\">\n                                                            <div class=\"section__content single__content hentry\">\n                                    <p data-start=\"152\" data-end=\"415\">Ampliando el programa de integraci\u00f3n para mejorar la experiencia de navegaci\u00f3n de a\u00fan m\u00e1s usuarios, VETUS colabora ahora con Honda Marine y Ultraflex para permitir la integraci\u00f3n total de los propulsores BOW PRO con motores fueraborda Honda y controles Ultraflex.<\/p>\n<p data-start=\"417\" data-end=\"701\">Esta colaboraci\u00f3n introduce un sistema de comunicaci\u00f3n optimizado que conecta perfectamente el motor, la direcci\u00f3n y el propulsor de proa en un \u00fanico control por joystick f\u00e1cil de usar, transformando el atraque y las maniobras en espacios reducidos en un proceso suave y sin esfuerzo.<\/p>\n                                <\/div>\n                            \n                                                    <\/div>\n                    <\/div>\n                <\/div>\n            <\/div>\n        <\/div>\n    <\/section>\n<section id=\"content-block-1-block_ac18752644c7aa7d90f4360b307214e4\" class=\"section content-block content-block--image \">\n    <div class=\"container\">\n        <div class=\"row d-flex align-items-center\">\n\n            <div class=\"col-md-6 col-lg-7\">\n                                    <div class=\"content-block__visuals\">\n                        <div class=\"content-block__media media--clipped media ratio\">\n                            <div class=\"media__wrapper\">\n                                <img decoding=\"async\" width=\"690\" height=\"457\" src=\"https:\/\/vetus.com\/wp-content\/uploads\/DSC_0752-690x457.jpg\" class=\"media__source img-fit\" alt=\"\" srcset=\"https:\/\/vetus.com\/wp-content\/uploads\/DSC_0752-690x457.jpg 690w, https:\/\/vetus.com\/wp-content\/uploads\/DSC_0752-300x199.jpg 300w, https:\/\/vetus.com\/wp-content\/uploads\/DSC_0752-768x509.jpg 768w, https:\/\/vetus.com\/wp-content\/uploads\/DSC_0752-210x139.jpg 210w, https:\/\/vetus.com\/wp-content\/uploads\/DSC_0752-330x219.jpg 330w, https:\/\/vetus.com\/wp-content\/uploads\/DSC_0752-431x285.jpg 431w, https:\/\/vetus.com\/wp-content\/uploads\/DSC_0752-507x336.jpg 507w, https:\/\/vetus.com\/wp-content\/uploads\/DSC_0752-530x351.jpg 530w, https:\/\/vetus.com\/wp-content\/uploads\/DSC_0752-930x616.jpg 930w, https:\/\/vetus.com\/wp-content\/uploads\/DSC_0752-1170x775.jpg 1170w\" sizes=\"auto, (max-width: 575.98px) 431px, (max-width: 767.98px) 530px, (max-width: 991.98px) 330px, (max-width: 1279.98px) 530px, (max-width: 1899.98px) 690px, 930px\" loading=\"lazy\" \/>                            <\/div>\n                        <\/div>\n                    <\/div>\n                            <\/div>\n\n            <div class=\"col-md-6 col-lg-4 offset-lg-1\">\n                <div class=\"content-block__body\">\n                                            <h3 class=\"content-block__title\">\n                            El futuro del atraque ya est\u00e1 aqu\u00ed                        <\/h3>\n                    \n                    \n                                            <p data-start=\"748\" data-end=\"1045\">Ahora los navegantes pueden maniobrar con absoluta confianza y precisi\u00f3n en cualquier situaci\u00f3n de atraque. La integraci\u00f3n de motores fueraborda Honda, controles Ultraflex y propulsores VETUS BOW PRO garantiza un manejo sencillo de la embarcaci\u00f3n, incluso en los entornos de atraque m\u00e1s complejos.<\/p>\n<ul data-start=\"1047\" data-end=\"1654\">\n<li data-start=\"1047\" data-end=\"1172\">\n<p data-start=\"1049\" data-end=\"1172\"><strong data-start=\"1049\" data-end=\"1088\">Control total al alcance de la mano<\/strong> \u2013 Maniobre su embarcaci\u00f3n exactamente como lo imagina, con precisi\u00f3n y facilidad.<\/p>\n<\/li>\n<li data-start=\"1173\" data-end=\"1321\">\n<p data-start=\"1175\" data-end=\"1321\"><strong data-start=\"1175\" data-end=\"1199\">Integraci\u00f3n perfecta<\/strong> \u2013 Sincronizaci\u00f3n ideal entre el motor fueraborda Honda y el propulsor VETUS para un rendimiento superior en el atraque.<\/p>\n<\/li>\n<li data-start=\"1322\" data-end=\"1478\">\n<p data-start=\"1324\" data-end=\"1478\"><strong data-start=\"1324\" data-end=\"1351\">Movimiento sin esfuerzo<\/strong> \u2013 Desplace su embarcaci\u00f3n lateralmente, en diagonal, hacia adelante, hacia atr\u00e1s o g\u00edrela sobre su eje con un solo joystick.<\/p>\n<\/li>\n<li data-start=\"1479\" data-end=\"1654\">\n<p data-start=\"1481\" data-end=\"1654\"><strong data-start=\"1481\" data-end=\"1520\">Eficiencia optimizada en el atraque<\/strong> \u2013 Reduce el movimiento del agua causado por los motores fueraborda, haciendo que el atraque en espacios reducidos sea a\u00fan m\u00e1s fluido.<\/p>\n<\/li>\n<\/ul>\n                    \t\t\t\t\t\n                                    <\/div>\n            <\/div>\n        <\/div>\n    <\/div>\n<\/section>\n<section id=\"content-block-1-block_ac18752644c7aa7d90f4360b307214e4\" class=\"section content-block content-block--image \">\n    <div class=\"container\">\n        <div class=\"row d-flex align-items-center flex-md-row-reverse\">\n\n            <div class=\"col-md-6 col-lg-7 offset-lg-1\">\n                                    <div class=\"content-block__visuals\">\n                        <div class=\"content-block__media media--clipped media ratio\">\n                            <div class=\"media__wrapper\">\n                                <img decoding=\"async\" width=\"690\" height=\"457\" src=\"https:\/\/vetus.com\/wp-content\/uploads\/DSC_0765-690x457.jpg\" class=\"media__source img-fit\" alt=\"\" srcset=\"https:\/\/vetus.com\/wp-content\/uploads\/DSC_0765-690x457.jpg 690w, https:\/\/vetus.com\/wp-content\/uploads\/DSC_0765-300x199.jpg 300w, https:\/\/vetus.com\/wp-content\/uploads\/DSC_0765-768x509.jpg 768w, https:\/\/vetus.com\/wp-content\/uploads\/DSC_0765-210x139.jpg 210w, https:\/\/vetus.com\/wp-content\/uploads\/DSC_0765-330x219.jpg 330w, https:\/\/vetus.com\/wp-content\/uploads\/DSC_0765-431x285.jpg 431w, https:\/\/vetus.com\/wp-content\/uploads\/DSC_0765-507x336.jpg 507w, https:\/\/vetus.com\/wp-content\/uploads\/DSC_0765-530x351.jpg 530w, https:\/\/vetus.com\/wp-content\/uploads\/DSC_0765-930x616.jpg 930w, https:\/\/vetus.com\/wp-content\/uploads\/DSC_0765-1170x775.jpg 1170w\" sizes=\"auto, (max-width: 575.98px) 431px, (max-width: 767.98px) 530px, (max-width: 991.98px) 330px, (max-width: 1279.98px) 530px, (max-width: 1899.98px) 690px, 930px\" loading=\"lazy\" \/>                            <\/div>\n                        <\/div>\n                    <\/div>\n                            <\/div>\n\n            <div class=\"col-md-6 col-lg-4\">\n                <div class=\"content-block__body\">\n                                            <h3 class=\"content-block__title\">\n                            Una colaboraci\u00f3n tecnol\u00f3gica de alto rendimiento                        <\/h3>\n                    \n                    \n                                            <p data-start=\"1715\" data-end=\"2068\">Esta alianza estrat\u00e9gica entre VETUS, Honda y Ultraflex representa un avance significativo en la tecnolog\u00eda n\u00e1utica. Al combinar la potencia y fiabilidad de Honda Marine, el control avanzado de Ultraflex y el rendimiento innovador de los propulsores VETUS BOW PRO, los navegantes pueden experimentar un nivel de confianza en el atraque como nunca antes.<\/p>\n<ul data-start=\"2070\" data-end=\"2442\">\n<li data-start=\"2070\" data-end=\"2185\">\n<p data-start=\"2072\" data-end=\"2185\">Todos los propulsores BOW PRO (BOWA y BOWB) y RIMDRIVE son totalmente compatibles con motores fueraborda Honda.<\/p>\n<\/li>\n<li data-start=\"2186\" data-end=\"2318\">\n<p data-start=\"2188\" data-end=\"2318\">Dise\u00f1ado para instalaciones de uno a cuatro motores, garantizando flexibilidad para diferentes configuraciones de embarcaciones.<\/p>\n<\/li>\n<li data-start=\"2319\" data-end=\"2442\">\n<p data-start=\"2321\" data-end=\"2442\">Fabricado para ofrecer fiabilidad, seguridad y facilidad de uso, haciendo del atraque una experiencia sin preocupaciones.<\/p>\n<\/li>\n<\/ul>\n                    \t\t\t\t\t\n                                    <\/div>\n            <\/div>\n        <\/div>\n    <\/div>\n<\/section>\n\n<section id=\"section-text-block-block_ac18752644c7aa7d90f4360b307214e4\" class=\"section text-block \">\n                    <div class=\"section section__body\">\n            <div class=\"text-block\">\n                <div class=\"container\">\n                    <div class=\"row\">\n                        <div class=\"col-lg-8 offset-lg-2\">\n                                                            <div class=\"section__content single__content hentry\">\n                                    <h3 data-start=\"2449\" data-end=\"2500\">\u00a1Mejore su experiencia de navegaci\u00f3n hoy mismo!<\/h3>\n<p data-start=\"2502\" data-end=\"2663\" data-is-last-node=\"\" data-is-only-node=\"\">Atraquear nunca ha sido tan sencillo. Con VETUS, Honda Marine y Ultraflex, disfrute del equilibrio perfecto entre tecnolog\u00eda, rendimiento y facilidad de control.<\/p>\n                                <\/div>\n                            \n                                                    <\/div>\n                    <\/div>\n                <\/div>\n            <\/div>\n        <\/div>\n    <\/section><\/section>","protected":false},"excerpt":{"rendered":"","protected":false},"author":20,"featured_media":0,"parent":0,"menu_order":0,"comment_status":"closed","ping_status":"closed","template":"tpl-default.php","meta":{"_acf_changed":false,"footnotes":""},"class_list":["post-101577","page","type-page","status-publish","hentry"],"acf":{"background_image":{"ID":100399,"id":100399,"title":"palmm","filename":"palmm.jpg","filesize":63573,"url":"https:\/\/vetus.com\/wp-content\/uploads\/palmm.jpg","link":"https:\/\/vetus.com\/es\/salon-nautico\/palm-beach-boat-show-2\/palmm-2\/","alt":"","author":"20","description":"","caption":"","name":"palmm-2","status":"inherit","uploaded_to":100411,"date":"2025-02-12 12:32:55","modified":"2025-02-12 12:32:55","menu_order":0,"mime_type":"image\/jpeg","type":"image","subtype":"jpeg","icon":"https:\/\/vetus.com\/wp-includes\/images\/media\/default.png","width":960,"height":640,"sizes":{"thumbnail":"https:\/\/vetus.com\/wp-content\/uploads\/palmm-150x150.jpg","thumbnail-width":150,"thumbnail-height":150,"medium":"https:\/\/vetus.com\/wp-content\/uploads\/palmm-300x200.jpg","medium-width":300,"medium-height":200,"medium_large":"https:\/\/vetus.com\/wp-content\/uploads\/palmm-768x512.jpg","medium_large-width":768,"medium_large-height":512,"large":"https:\/\/vetus.com\/wp-content\/uploads\/palmm.jpg","large-width":960,"large-height":640,"1536x1536":"https:\/\/vetus.com\/wp-content\/uploads\/palmm.jpg","1536x1536-width":960,"1536x1536-height":640,"2048x2048":"https:\/\/vetus.com\/wp-content\/uploads\/palmm.jpg","2048x2048-width":960,"2048x2048-height":640,"210w":"https:\/\/vetus.com\/wp-content\/uploads\/palmm-210x140.jpg","210w-width":210,"210w-height":140,"330w":"https:\/\/vetus.com\/wp-content\/uploads\/palmm-330x220.jpg","330w-width":330,"330w-height":220,"431w":"https:\/\/vetus.com\/wp-content\/uploads\/palmm-431x287.jpg","431w-width":431,"431w-height":287,"507w":"https:\/\/vetus.com\/wp-content\/uploads\/palmm-507x338.jpg","507w-width":507,"507w-height":338,"530w":"https:\/\/vetus.com\/wp-content\/uploads\/palmm-530x353.jpg","530w-width":530,"530w-height":353,"690w":"https:\/\/vetus.com\/wp-content\/uploads\/palmm-690x460.jpg","690w-width":690,"690w-height":460,"930w":"https:\/\/vetus.com\/wp-content\/uploads\/palmm-930x620.jpg","930w-width":930,"930w-height":620,"1170w":"https:\/\/vetus.com\/wp-content\/uploads\/palmm.jpg","1170w-width":960,"1170w-height":640,"gform-image-choice-sm":"https:\/\/vetus.com\/wp-content\/uploads\/palmm-300x300.jpg","gform-image-choice-sm-width":300,"gform-image-choice-sm-height":300,"gform-image-choice-md":"https:\/\/vetus.com\/wp-content\/uploads\/palmm-400x400.jpg","gform-image-choice-md-width":400,"gform-image-choice-md-height":400,"gform-image-choice-lg":"https:\/\/vetus.com\/wp-content\/uploads\/palmm-600x600.jpg","gform-image-choice-lg-width":600,"gform-image-choice-lg-height":600}},"button":{"title":"","url":"","target":"","0":""},"image":{"ID":101769,"id":101769,"title":"Idea 80 + BF350 Grand Prix White (16)","filename":"Idea-80-BF350-Grand-Prix-White-16-scaled.jpg","filesize":725252,"url":"https:\/\/vetus.com\/wp-content\/uploads\/Idea-80-BF350-Grand-Prix-White-16-scaled.jpg","link":"https:\/\/vetus.com\/es\/integracion-del-propulsor-bow-pro-con-motores-fueraborda-honda-y-controles-ultraflex\/idea-80-bf350-grand-prix-white-16-2\/","alt":"","author":"20","description":"","caption":"","name":"idea-80-bf350-grand-prix-white-16-2","status":"inherit","uploaded_to":101577,"date":"2025-03-06 10:20:59","modified":"2025-03-06 10:20:59","menu_order":0,"mime_type":"image\/jpeg","type":"image","subtype":"jpeg","icon":"https:\/\/vetus.com\/wp-includes\/images\/media\/default.png","width":2560,"height":1707,"sizes":{"thumbnail":"https:\/\/vetus.com\/wp-content\/uploads\/Idea-80-BF350-Grand-Prix-White-16-150x150.jpg","thumbnail-width":150,"thumbnail-height":150,"medium":"https:\/\/vetus.com\/wp-content\/uploads\/Idea-80-BF350-Grand-Prix-White-16-300x200.jpg","medium-width":300,"medium-height":200,"medium_large":"https:\/\/vetus.com\/wp-content\/uploads\/Idea-80-BF350-Grand-Prix-White-16-768x512.jpg","medium_large-width":768,"medium_large-height":512,"large":"https:\/\/vetus.com\/wp-content\/uploads\/Idea-80-BF350-Grand-Prix-White-16-scaled.jpg","large-width":1024,"large-height":683,"1536x1536":"https:\/\/vetus.com\/wp-content\/uploads\/Idea-80-BF350-Grand-Prix-White-16-scaled.jpg","1536x1536-width":1536,"1536x1536-height":1024,"2048x2048":"https:\/\/vetus.com\/wp-content\/uploads\/Idea-80-BF350-Grand-Prix-White-16-scaled.jpg","2048x2048-width":2048,"2048x2048-height":1366,"210w":"https:\/\/vetus.com\/wp-content\/uploads\/Idea-80-BF350-Grand-Prix-White-16-210x140.jpg","210w-width":210,"210w-height":140,"330w":"https:\/\/vetus.com\/wp-content\/uploads\/Idea-80-BF350-Grand-Prix-White-16-330x220.jpg","330w-width":330,"330w-height":220,"431w":"https:\/\/vetus.com\/wp-content\/uploads\/Idea-80-BF350-Grand-Prix-White-16-431x287.jpg","431w-width":431,"431w-height":287,"507w":"https:\/\/vetus.com\/wp-content\/uploads\/Idea-80-BF350-Grand-Prix-White-16-507x338.jpg","507w-width":507,"507w-height":338,"530w":"https:\/\/vetus.com\/wp-content\/uploads\/Idea-80-BF350-Grand-Prix-White-16-530x353.jpg","530w-width":530,"530w-height":353,"690w":"https:\/\/vetus.com\/wp-content\/uploads\/Idea-80-BF350-Grand-Prix-White-16-690x460.jpg","690w-width":690,"690w-height":460,"930w":"https:\/\/vetus.com\/wp-content\/uploads\/Idea-80-BF350-Grand-Prix-White-16-930x620.jpg","930w-width":930,"930w-height":620,"1170w":"https:\/\/vetus.com\/wp-content\/uploads\/Idea-80-BF350-Grand-Prix-White-16-1170x780.jpg","1170w-width":1170,"1170w-height":780,"gform-image-choice-sm":"https:\/\/vetus.com\/wp-content\/uploads\/Idea-80-BF350-Grand-Prix-White-16-scaled.jpg","gform-image-choice-sm-width":300,"gform-image-choice-sm-height":200,"gform-image-choice-md":"https:\/\/vetus.com\/wp-content\/uploads\/Idea-80-BF350-Grand-Prix-White-16-scaled.jpg","gform-image-choice-md-width":400,"gform-image-choice-md-height":267,"gform-image-choice-lg":"https:\/\/vetus.com\/wp-content\/uploads\/Idea-80-BF350-Grand-Prix-White-16-scaled.jpg","gform-image-choice-lg-width":600,"gform-image-choice-lg-height":400}},"introduction":"","person":false,"title":"Integraci\u00f3n inteligente para una maniobrabilidad mejorada","video":false},"yoast_head":"<!-- This site is optimized with the Yoast SEO Premium plugin v27.3 (Yoast SEO v27.3) - https:\/\/yoast.com\/product\/yoast-seo-premium-wordpress\/ -->\n<title>Integraci\u00f3n del propulsor BOW PRO con motores fueraborda Honda y controles Ultraflex - VETUS<\/title>\n<meta name=\"description\" content=\"Ampliando el programa de integraci\u00f3n para mejorar la experiencia de navegaci\u00f3n de a\u00fan m\u00e1s usuarios, VETUS colabora ahora con Honda Marine...\" \/>\n<meta name=\"robots\" content=\"index, follow, max-snippet:-1, max-image-preview:large, max-video-preview:-1\" \/>\n<link rel=\"canonical\" href=\"https:\/\/vetus.com\/es\/integracion-del-propulsor-bow-pro-con-motores-fueraborda-honda-y-controles-ultraflex\/\" \/>\n<meta property=\"og:locale\" content=\"es_ES\" \/>\n<meta property=\"og:type\" content=\"article\" \/>\n<meta property=\"og:title\" content=\"Integraci\u00f3n del propulsor BOW PRO con motores fueraborda Honda y controles Ultraflex\" \/>\n<meta property=\"og:description\" content=\"Ampliando el programa de integraci\u00f3n para mejorar la experiencia de navegaci\u00f3n de a\u00fan m\u00e1s usuarios, VETUS colabora ahora con Honda Marine...\" \/>\n<meta property=\"og:url\" content=\"https:\/\/vetus.com\/es\/integracion-del-propulsor-bow-pro-con-motores-fueraborda-honda-y-controles-ultraflex\/\" \/>\n<meta property=\"og:site_name\" content=\"VETUS\" \/>\n<meta property=\"article:modified_time\" content=\"2026-02-26T12:32:29+00:00\" \/>\n<meta name=\"twitter:card\" content=\"summary_large_image\" \/>\n<meta name=\"twitter:label1\" content=\"Tiempo de lectura\" \/>\n\t<meta name=\"twitter:data1\" content=\"3 minutos\" \/>\n<script type=\"application\/ld+json\" class=\"yoast-schema-graph\">{\"@context\":\"https:\\\/\\\/schema.org\",\"@graph\":[{\"@type\":\"WebPage\",\"@id\":\"https:\\\/\\\/vetus.com\\\/es\\\/integracion-del-propulsor-bow-pro-con-motores-fueraborda-honda-y-controles-ultraflex\\\/\",\"url\":\"https:\\\/\\\/vetus.com\\\/es\\\/integracion-del-propulsor-bow-pro-con-motores-fueraborda-honda-y-controles-ultraflex\\\/\",\"name\":\"Integraci\u00f3n del propulsor BOW PRO con motores fueraborda Honda y controles Ultraflex - VETUS\",\"isPartOf\":{\"@id\":\"https:\\\/\\\/vetus.com\\\/es\\\/#website\"},\"datePublished\":\"2025-02-26T14:42:13+00:00\",\"dateModified\":\"2026-02-26T12:32:29+00:00\",\"description\":\"Ampliando el programa de integraci\u00f3n para mejorar la experiencia de navegaci\u00f3n de a\u00fan m\u00e1s usuarios, VETUS colabora ahora con Honda Marine...\",\"breadcrumb\":{\"@id\":\"https:\\\/\\\/vetus.com\\\/es\\\/integracion-del-propulsor-bow-pro-con-motores-fueraborda-honda-y-controles-ultraflex\\\/#breadcrumb\"},\"inLanguage\":\"es\",\"potentialAction\":[{\"@type\":\"ReadAction\",\"target\":[\"https:\\\/\\\/vetus.com\\\/es\\\/integracion-del-propulsor-bow-pro-con-motores-fueraborda-honda-y-controles-ultraflex\\\/\"]}]},{\"@type\":\"BreadcrumbList\",\"@id\":\"https:\\\/\\\/vetus.com\\\/es\\\/integracion-del-propulsor-bow-pro-con-motores-fueraborda-honda-y-controles-ultraflex\\\/#breadcrumb\",\"itemListElement\":[{\"@type\":\"ListItem\",\"position\":1,\"name\":\"Home\",\"item\":\"https:\\\/\\\/vetus.com\\\/es\\\/\"},{\"@type\":\"ListItem\",\"position\":2,\"name\":\"Integraci\u00f3n del propulsor BOW PRO con motores fueraborda Honda y controles Ultraflex\"}]},{\"@type\":\"WebSite\",\"@id\":\"https:\\\/\\\/vetus.com\\\/es\\\/#website\",\"url\":\"https:\\\/\\\/vetus.com\\\/es\\\/\",\"name\":\"VETUS\",\"description\":\"\",\"potentialAction\":[{\"@type\":\"SearchAction\",\"target\":{\"@type\":\"EntryPoint\",\"urlTemplate\":\"https:\\\/\\\/vetus.com\\\/es\\\/?s={search_term_string}\"},\"query-input\":{\"@type\":\"PropertyValueSpecification\",\"valueRequired\":true,\"valueName\":\"search_term_string\"}}],\"inLanguage\":\"es\"}]}<\/script>\n<!-- \/ Yoast SEO Premium plugin. -->","yoast_head_json":{"title":"Integraci\u00f3n del propulsor BOW PRO con motores fueraborda Honda y controles Ultraflex - VETUS","description":"Ampliando el programa de integraci\u00f3n para mejorar la experiencia de navegaci\u00f3n de a\u00fan m\u00e1s usuarios, VETUS colabora ahora con Honda Marine...","robots":{"index":"index","follow":"follow","max-snippet":"max-snippet:-1","max-image-preview":"max-image-preview:large","max-video-preview":"max-video-preview:-1"},"canonical":"https:\/\/vetus.com\/es\/integracion-del-propulsor-bow-pro-con-motores-fueraborda-honda-y-controles-ultraflex\/","og_locale":"es_ES","og_type":"article","og_title":"Integraci\u00f3n del propulsor BOW PRO con motores fueraborda Honda y controles Ultraflex","og_description":"Ampliando el programa de integraci\u00f3n para mejorar la experiencia de navegaci\u00f3n de a\u00fan m\u00e1s usuarios, VETUS colabora ahora con Honda Marine...","og_url":"https:\/\/vetus.com\/es\/integracion-del-propulsor-bow-pro-con-motores-fueraborda-honda-y-controles-ultraflex\/","og_site_name":"VETUS","article_modified_time":"2026-02-26T12:32:29+00:00","twitter_card":"summary_large_image","twitter_misc":{"Tiempo de lectura":"3 minutos"},"schema":{"@context":"https:\/\/schema.org","@graph":[{"@type":"WebPage","@id":"https:\/\/vetus.com\/es\/integracion-del-propulsor-bow-pro-con-motores-fueraborda-honda-y-controles-ultraflex\/","url":"https:\/\/vetus.com\/es\/integracion-del-propulsor-bow-pro-con-motores-fueraborda-honda-y-controles-ultraflex\/","name":"Integraci\u00f3n del propulsor BOW PRO con motores fueraborda Honda y controles Ultraflex - VETUS","isPartOf":{"@id":"https:\/\/vetus.com\/es\/#website"},"datePublished":"2025-02-26T14:42:13+00:00","dateModified":"2026-02-26T12:32:29+00:00","description":"Ampliando el programa de integraci\u00f3n para mejorar la experiencia de navegaci\u00f3n de a\u00fan m\u00e1s usuarios, VETUS colabora ahora con Honda Marine...","breadcrumb":{"@id":"https:\/\/vetus.com\/es\/integracion-del-propulsor-bow-pro-con-motores-fueraborda-honda-y-controles-ultraflex\/#breadcrumb"},"inLanguage":"es","potentialAction":[{"@type":"ReadAction","target":["https:\/\/vetus.com\/es\/integracion-del-propulsor-bow-pro-con-motores-fueraborda-honda-y-controles-ultraflex\/"]}]},{"@type":"BreadcrumbList","@id":"https:\/\/vetus.com\/es\/integracion-del-propulsor-bow-pro-con-motores-fueraborda-honda-y-controles-ultraflex\/#breadcrumb","itemListElement":[{"@type":"ListItem","position":1,"name":"Home","item":"https:\/\/vetus.com\/es\/"},{"@type":"ListItem","position":2,"name":"Integraci\u00f3n del propulsor BOW PRO con motores fueraborda Honda y controles Ultraflex"}]},{"@type":"WebSite","@id":"https:\/\/vetus.com\/es\/#website","url":"https:\/\/vetus.com\/es\/","name":"VETUS","description":"","potentialAction":[{"@type":"SearchAction","target":{"@type":"EntryPoint","urlTemplate":"https:\/\/vetus.com\/es\/?s={search_term_string}"},"query-input":{"@type":"PropertyValueSpecification","valueRequired":true,"valueName":"search_term_string"}}],"inLanguage":"es"}]}},"_links":{"self":[{"href":"https:\/\/vetus.com\/es\/wp-json\/wp\/v2\/pages\/101577","targetHints":{"allow":["GET"]}}],"collection":[{"href":"https:\/\/vetus.com\/es\/wp-json\/wp\/v2\/pages"}],"about":[{"href":"https:\/\/vetus.com\/es\/wp-json\/wp\/v2\/types\/page"}],"author":[{"embeddable":true,"href":"https:\/\/vetus.com\/es\/wp-json\/wp\/v2\/users\/20"}],"replies":[{"embeddable":true,"href":"https:\/\/vetus.com\/es\/wp-json\/wp\/v2\/comments?post=101577"}],"version-history":[{"count":4,"href":"https:\/\/vetus.com\/es\/wp-json\/wp\/v2\/pages\/101577\/revisions"}],"predecessor-version":[{"id":122722,"href":"https:\/\/vetus.com\/es\/wp-json\/wp\/v2\/pages\/101577\/revisions\/122722"}],"wp:attachment":[{"href":"https:\/\/vetus.com\/es\/wp-json\/wp\/v2\/media?parent=101577"}],"curies":[{"name":"wp","href":"https:\/\/api.w.org\/{rel}","templated":true}]}}