{"id":48369,"date":"2022-04-11T15:01:43","date_gmt":"2022-04-11T13:01:43","guid":{"rendered":"https:\/\/vetus.com\/vetus-price-list\/"},"modified":"2026-03-19T13:57:53","modified_gmt":"2026-03-19T11:57:53","slug":"vetus-price-list","status":"publish","type":"page","link":"https:\/\/vetus.com\/de\/service-unterstuetzung\/vetus-price-list\/","title":{"rendered":"Preis Liste"},"content":{"rendered":"\n<section class=\"section  \">\n    \n    <section id=\"posts-block_8f51a7e37e7fcb47dda65352c082a517\" class=\"section cards cards--cat-alt \">\n                <div class=\"section__body cards__body\">\n            <div class=\"container\">\n                <div class=\"row row--col-margin-medium\">\n                                                <div class=\"col-12 col-md-4\">\n                                <a href=\"https:\/\/online.flippingbook.com\/view\/304609681\/\" class=\"card card--cat-alt\" target=\"_blank\">\n                                    <div class=\"card__header\">\n                                                                                    <div class=\"card__icon\">\n                                                <span class=\"btn btn-secondary btn-icon-only\">\n                                                    <i class=\"icon icon-format_align_left\"><\/i>\n                                                <\/span>\n                                            <\/div>\n                                        \n\n                                        <div class=\"card__action\">\n                                            <span class=\"btn btn-empty btn-empty-primary\">\n                                                <span>\n                                                    Download Preisliste DE                                                <\/span>\n                                            <\/span>\n                                        <\/div>\n                                    <\/div>\n\n                                    \n\n                                <\/a>\n                            <\/div>\n                        \n                                                <div class=\"col-12 col-md-4\">\n                                <a href=\"https:\/\/online.flippingbook.com\/view\/507301789\/\" class=\"card card--cat-alt\" target=\"_blank\">\n                                    <div class=\"card__header\">\n                                                                                    <div class=\"card__icon\">\n                                                <span class=\"btn btn-secondary btn-icon-only\">\n                                                    <i class=\"icon icon-format_align_left\"><\/i>\n                                                <\/span>\n                                            <\/div>\n                                        \n\n                                        <div class=\"card__action\">\n                                            <span class=\"btn btn-empty btn-empty-primary\">\n                                                <span>\n                                                    Download Preisliste Ersatzteile                                                <\/span>\n                                            <\/span>\n                                        <\/div>\n                                    <\/div>\n\n                                    \n\n                                <\/a>\n                            <\/div>\n                        \n                                    <\/div>\n            <\/div>\n        <\/div>\n    <\/section>\n\n<section id=\"call-to-action-1-block_8f51a7e37e7fcb47dda65352c082a517\" class=\"section cta cta--default  \">\n    <div class=\"container\">\n        <div class=\"cta__inner bg-primary text-white text-center\">\n            <div class=\"row d-flex align-items-center\">\n                <div class=\"col-lg-5\">\n                                            <div class=\"cta__visuals\">\n                            <div class=\"cta__media media--clipped media ratio\">\n                                <div class=\"media__wrapper media__wrapper--colored\">\n                                    <img decoding=\"async\" width=\"690\" height=\"460\" src=\"https:\/\/vetus.com\/wp-content\/uploads\/Cataloguepicture_homepage_900x600-690x460.jpg\" class=\"media__source img-fit\" alt=\"\" srcset=\"https:\/\/vetus.com\/wp-content\/uploads\/Cataloguepicture_homepage_900x600-690x460.jpg 690w, https:\/\/vetus.com\/wp-content\/uploads\/Cataloguepicture_homepage_900x600-300x200.jpg 300w, https:\/\/vetus.com\/wp-content\/uploads\/Cataloguepicture_homepage_900x600-768x512.jpg 768w, https:\/\/vetus.com\/wp-content\/uploads\/Cataloguepicture_homepage_900x600-210x140.jpg 210w, https:\/\/vetus.com\/wp-content\/uploads\/Cataloguepicture_homepage_900x600-330x220.jpg 330w, https:\/\/vetus.com\/wp-content\/uploads\/Cataloguepicture_homepage_900x600-431x287.jpg 431w, https:\/\/vetus.com\/wp-content\/uploads\/Cataloguepicture_homepage_900x600-507x338.jpg 507w, https:\/\/vetus.com\/wp-content\/uploads\/Cataloguepicture_homepage_900x600-530x353.jpg 530w, https:\/\/vetus.com\/wp-content\/uploads\/Cataloguepicture_homepage_900x600.jpg 900w\" sizes=\"auto, (max-width: 575.98px) 431px, (max-width: 767.98px) 530px, (max-width: 991.98px) 690px, (max-width: 1279.98px) 330px, (max-width: 1899.98px) 431px, 507px\" loading=\"lazy\" \/>                                <\/div>\n                            <\/div>\n                        <\/div>\n                                    <\/div>\n\n                <div class=\"col-lg-7\">\n                    <div class=\"w-100 px-lg-4\">\n                        <div class=\"cta__body\">\n                                                                                        <h3 class=\"cta__title\">\n                                    Laden Sie Ihren VETUS-Katalog herunter                                <\/h3>\n                                                        \n                                                            <div class=\"cta__actions actions\">\n                                    <div class=\"btn-group d-flex flex-wrap justify-content-center\">\n                                        <a href=\"https:\/\/online.flippingbook.com\/view\/630358964\/\" class=\"btn btn-sm btn-white btn-empty btn-empty-primary d-flex d-md-none\" title=\"\" target=\"\">\n                                            <span>\n                                                <span>VETUS-Katalog DE<\/span>\n                                            <\/span>\n                                            <i class=\"icon icon-play_circle_outline\"><\/i>\n                                        <\/a>\n\n                                        <a href=\"https:\/\/online.flippingbook.com\/view\/630358964\/\" class=\"btn btn-secondary d-none d-md-flex\" title=\"\" target=\"_blank\">\n                                            <span>\n                                                <span>VETUS-Katalog DE<\/span>\n                                            <\/span>\n                                            <i class=\"icon icon-play_circle_outline\"><\/i>\n                                        <\/a>\n                                    <\/div>\n                                <\/div>\n                                                    <\/div>\n                    <\/div>\n                <\/div>\n            <\/div>\n        <\/div>\n    <\/div>\n<\/section><\/section>","protected":false},"excerpt":{"rendered":"","protected":false},"author":8,"featured_media":0,"parent":3104,"menu_order":108,"comment_status":"closed","ping_status":"closed","template":"tpl-default.php","meta":{"_acf_changed":false,"footnotes":""},"class_list":["post-48369","page","type-page","status-publish","hentry"],"acf":{"image":{"ID":48121,"id":48121,"title":"Male,Businessman,Working,On,Desk,Office,With,Using,A,Calculator","filename":"shutterstock_1538891957-scaled.jpg","filesize":334785,"url":"https:\/\/vetus.com\/wp-content\/uploads\/shutterstock_1538891957-scaled.jpg","link":"https:\/\/vetus.com\/de\/service-unterstuetzung\/vetus-price-list\/malebusinessmanworkingondeskofficewithusingacalculator-2\/","alt":"","author":"7","description":"","caption":"","name":"malebusinessmanworkingondeskofficewithusingacalculator-2","status":"inherit","uploaded_to":48369,"date":"2022-04-12 06:36:48","modified":"2022-04-12 06:36:48","menu_order":0,"mime_type":"image\/jpeg","type":"image","subtype":"jpeg","icon":"https:\/\/vetus.com\/wp-includes\/images\/media\/default.png","width":2560,"height":1709,"sizes":{"thumbnail":"https:\/\/vetus.com\/wp-content\/uploads\/shutterstock_1538891957-150x150.jpg","thumbnail-width":150,"thumbnail-height":150,"medium":"https:\/\/vetus.com\/wp-content\/uploads\/shutterstock_1538891957-300x200.jpg","medium-width":300,"medium-height":200,"medium_large":"https:\/\/vetus.com\/wp-content\/uploads\/shutterstock_1538891957-768x513.jpg","medium_large-width":768,"medium_large-height":513,"large":"https:\/\/vetus.com\/wp-content\/uploads\/shutterstock_1538891957-scaled.jpg","large-width":1024,"large-height":684,"1536x1536":"https:\/\/vetus.com\/wp-content\/uploads\/shutterstock_1538891957-scaled.jpg","1536x1536-width":1536,"1536x1536-height":1025,"2048x2048":"https:\/\/vetus.com\/wp-content\/uploads\/shutterstock_1538891957-scaled.jpg","2048x2048-width":2048,"2048x2048-height":1367,"210w":"https:\/\/vetus.com\/wp-content\/uploads\/shutterstock_1538891957-210x140.jpg","210w-width":210,"210w-height":140,"330w":"https:\/\/vetus.com\/wp-content\/uploads\/shutterstock_1538891957-330x220.jpg","330w-width":330,"330w-height":220,"431w":"https:\/\/vetus.com\/wp-content\/uploads\/shutterstock_1538891957-431x288.jpg","431w-width":431,"431w-height":288,"507w":"https:\/\/vetus.com\/wp-content\/uploads\/shutterstock_1538891957-507x338.jpg","507w-width":507,"507w-height":338,"530w":"https:\/\/vetus.com\/wp-content\/uploads\/shutterstock_1538891957-530x354.jpg","530w-width":530,"530w-height":354,"690w":"https:\/\/vetus.com\/wp-content\/uploads\/shutterstock_1538891957-690x461.jpg","690w-width":690,"690w-height":461,"930w":"https:\/\/vetus.com\/wp-content\/uploads\/shutterstock_1538891957-930x621.jpg","930w-width":930,"930w-height":621,"1170w":"https:\/\/vetus.com\/wp-content\/uploads\/shutterstock_1538891957-1170x781.jpg","1170w-width":1170,"1170w-height":781,"gform-image-choice-sm":"https:\/\/vetus.com\/wp-content\/uploads\/shutterstock_1538891957-scaled.jpg","gform-image-choice-sm-width":300,"gform-image-choice-sm-height":200,"gform-image-choice-md":"https:\/\/vetus.com\/wp-content\/uploads\/shutterstock_1538891957-scaled.jpg","gform-image-choice-md-width":400,"gform-image-choice-md-height":267,"gform-image-choice-lg":"https:\/\/vetus.com\/wp-content\/uploads\/shutterstock_1538891957-scaled.jpg","gform-image-choice-lg-width":600,"gform-image-choice-lg-height":401}},"introduction":"","person":false,"title":"\u00dcberblick \u00fcber die VETUS-Preise f\u00fcr 2026"},"yoast_head":"<!-- This site is optimized with the Yoast SEO Premium plugin v27.3 (Yoast SEO v27.3) - https:\/\/yoast.com\/product\/yoast-seo-premium-wordpress\/ -->\n<title>Preis Liste - VETUS<\/title>\n<meta name=\"robots\" content=\"index, follow, max-snippet:-1, max-image-preview:large, max-video-preview:-1\" \/>\n<link rel=\"canonical\" href=\"https:\/\/vetus.com\/de\/service-unterstuetzung\/vetus-price-list\/\" \/>\n<meta property=\"og:locale\" content=\"de_DE\" \/>\n<meta property=\"og:type\" content=\"article\" \/>\n<meta property=\"og:title\" content=\"Preis Liste\" \/>\n<meta property=\"og:url\" content=\"https:\/\/vetus.com\/de\/service-unterstuetzung\/vetus-price-list\/\" \/>\n<meta property=\"og:site_name\" content=\"VETUS\" \/>\n<meta property=\"article:modified_time\" content=\"2026-03-19T11:57:53+00:00\" \/>\n<meta name=\"twitter:card\" content=\"summary_large_image\" \/>\n<meta name=\"twitter:label1\" content=\"Gesch\u00e4tzte Lesezeit\" \/>\n\t<meta name=\"twitter:data1\" content=\"1\u00a0Minute\" \/>\n<script type=\"application\/ld+json\" class=\"yoast-schema-graph\">{\"@context\":\"https:\\\/\\\/schema.org\",\"@graph\":[{\"@type\":\"WebPage\",\"@id\":\"https:\\\/\\\/vetus.com\\\/de\\\/service-unterstuetzung\\\/vetus-price-list\\\/\",\"url\":\"https:\\\/\\\/vetus.com\\\/de\\\/service-unterstuetzung\\\/vetus-price-list\\\/\",\"name\":\"Preis Liste - VETUS\",\"isPartOf\":{\"@id\":\"https:\\\/\\\/vetus.com\\\/de\\\/#website\"},\"datePublished\":\"2022-04-11T13:01:43+00:00\",\"dateModified\":\"2026-03-19T11:57:53+00:00\",\"breadcrumb\":{\"@id\":\"https:\\\/\\\/vetus.com\\\/de\\\/service-unterstuetzung\\\/vetus-price-list\\\/#breadcrumb\"},\"inLanguage\":\"de\",\"potentialAction\":[{\"@type\":\"ReadAction\",\"target\":[\"https:\\\/\\\/vetus.com\\\/de\\\/service-unterstuetzung\\\/vetus-price-list\\\/\"]}]},{\"@type\":\"BreadcrumbList\",\"@id\":\"https:\\\/\\\/vetus.com\\\/de\\\/service-unterstuetzung\\\/vetus-price-list\\\/#breadcrumb\",\"itemListElement\":[{\"@type\":\"ListItem\",\"position\":1,\"name\":\"Home\",\"item\":\"https:\\\/\\\/vetus.com\\\/de\\\/\"},{\"@type\":\"ListItem\",\"position\":2,\"name\":\"Service &#038; Unterst\u00fctzung\",\"item\":\"https:\\\/\\\/vetus.com\\\/de\\\/service-unterstuetzung\\\/\"},{\"@type\":\"ListItem\",\"position\":3,\"name\":\"Preis Liste\"}]},{\"@type\":\"WebSite\",\"@id\":\"https:\\\/\\\/vetus.com\\\/de\\\/#website\",\"url\":\"https:\\\/\\\/vetus.com\\\/de\\\/\",\"name\":\"VETUS\",\"description\":\"\",\"potentialAction\":[{\"@type\":\"SearchAction\",\"target\":{\"@type\":\"EntryPoint\",\"urlTemplate\":\"https:\\\/\\\/vetus.com\\\/de\\\/?s={search_term_string}\"},\"query-input\":{\"@type\":\"PropertyValueSpecification\",\"valueRequired\":true,\"valueName\":\"search_term_string\"}}],\"inLanguage\":\"de\"}]}<\/script>\n<!-- \/ Yoast SEO Premium plugin. -->","yoast_head_json":{"title":"Preis Liste - VETUS","robots":{"index":"index","follow":"follow","max-snippet":"max-snippet:-1","max-image-preview":"max-image-preview:large","max-video-preview":"max-video-preview:-1"},"canonical":"https:\/\/vetus.com\/de\/service-unterstuetzung\/vetus-price-list\/","og_locale":"de_DE","og_type":"article","og_title":"Preis Liste","og_url":"https:\/\/vetus.com\/de\/service-unterstuetzung\/vetus-price-list\/","og_site_name":"VETUS","article_modified_time":"2026-03-19T11:57:53+00:00","twitter_card":"summary_large_image","twitter_misc":{"Gesch\u00e4tzte Lesezeit":"1\u00a0Minute"},"schema":{"@context":"https:\/\/schema.org","@graph":[{"@type":"WebPage","@id":"https:\/\/vetus.com\/de\/service-unterstuetzung\/vetus-price-list\/","url":"https:\/\/vetus.com\/de\/service-unterstuetzung\/vetus-price-list\/","name":"Preis Liste - VETUS","isPartOf":{"@id":"https:\/\/vetus.com\/de\/#website"},"datePublished":"2022-04-11T13:01:43+00:00","dateModified":"2026-03-19T11:57:53+00:00","breadcrumb":{"@id":"https:\/\/vetus.com\/de\/service-unterstuetzung\/vetus-price-list\/#breadcrumb"},"inLanguage":"de","potentialAction":[{"@type":"ReadAction","target":["https:\/\/vetus.com\/de\/service-unterstuetzung\/vetus-price-list\/"]}]},{"@type":"BreadcrumbList","@id":"https:\/\/vetus.com\/de\/service-unterstuetzung\/vetus-price-list\/#breadcrumb","itemListElement":[{"@type":"ListItem","position":1,"name":"Home","item":"https:\/\/vetus.com\/de\/"},{"@type":"ListItem","position":2,"name":"Service &#038; Unterst\u00fctzung","item":"https:\/\/vetus.com\/de\/service-unterstuetzung\/"},{"@type":"ListItem","position":3,"name":"Preis Liste"}]},{"@type":"WebSite","@id":"https:\/\/vetus.com\/de\/#website","url":"https:\/\/vetus.com\/de\/","name":"VETUS","description":"","potentialAction":[{"@type":"SearchAction","target":{"@type":"EntryPoint","urlTemplate":"https:\/\/vetus.com\/de\/?s={search_term_string}"},"query-input":{"@type":"PropertyValueSpecification","valueRequired":true,"valueName":"search_term_string"}}],"inLanguage":"de"}]}},"_links":{"self":[{"href":"https:\/\/vetus.com\/de\/wp-json\/wp\/v2\/pages\/48369","targetHints":{"allow":["GET"]}}],"collection":[{"href":"https:\/\/vetus.com\/de\/wp-json\/wp\/v2\/pages"}],"about":[{"href":"https:\/\/vetus.com\/de\/wp-json\/wp\/v2\/types\/page"}],"author":[{"embeddable":true,"href":"https:\/\/vetus.com\/de\/wp-json\/wp\/v2\/users\/8"}],"replies":[{"embeddable":true,"href":"https:\/\/vetus.com\/de\/wp-json\/wp\/v2\/comments?post=48369"}],"version-history":[{"count":5,"href":"https:\/\/vetus.com\/de\/wp-json\/wp\/v2\/pages\/48369\/revisions"}],"predecessor-version":[{"id":124162,"href":"https:\/\/vetus.com\/de\/wp-json\/wp\/v2\/pages\/48369\/revisions\/124162"}],"up":[{"embeddable":true,"href":"https:\/\/vetus.com\/de\/wp-json\/wp\/v2\/pages\/3104"}],"wp:attachment":[{"href":"https:\/\/vetus.com\/de\/wp-json\/wp\/v2\/media?parent=48369"}],"curies":[{"name":"wp","href":"https:\/\/api.w.org\/{rel}","templated":true}]}}