{"id":3114,"date":"2021-03-11T16:06:17","date_gmt":"2021-03-11T14:06:17","guid":{"rendered":"http:\/\/vetus.inlinedigital.nl\/cms\/service-support\/quality-statement\/"},"modified":"2022-02-15T15:23:59","modified_gmt":"2022-02-15T14:23:59","slug":"qualitat-saussage","status":"publish","type":"page","link":"https:\/\/vetus.com\/de\/service-unterstuetzung\/qualitat-saussage\/","title":{"rendered":"Qualit\u00e4tsaussage"},"content":{"rendered":"\n<section class=\"section  \">\n    \n<section id=\"content-block-1-block_604a31380689e\" class=\"section content-block content-block--image \">\n    <div class=\"container\">\n        <div class=\"row d-flex align-items-center\">\n\n            <div class=\"col-md-6 col-lg-7\">\n                                    <div class=\"content-block__visuals\">\n                        <div class=\"content-block__media media--clipped media ratio\">\n                            <div class=\"media__wrapper\">\n                                <img decoding=\"async\" width=\"690\" height=\"460\" src=\"https:\/\/vetus.com\/wp-content\/uploads\/QS-foto2.jpg\" class=\"media__source img-fit\" alt=\"\" srcset=\"https:\/\/vetus.com\/wp-content\/uploads\/QS-foto2.jpg 1200w, https:\/\/vetus.com\/wp-content\/uploads\/QS-foto2-300x200.jpg 300w, https:\/\/vetus.com\/wp-content\/uploads\/QS-foto2-1024x683.jpg 1024w, https:\/\/vetus.com\/wp-content\/uploads\/QS-foto2-768x512.jpg 768w, https:\/\/vetus.com\/wp-content\/uploads\/QS-foto2-418x279.jpg 418w, https:\/\/vetus.com\/wp-content\/uploads\/QS-foto2-604x403.jpg 604w, https:\/\/vetus.com\/wp-content\/uploads\/QS-foto2-970x647.jpg 970w\" sizes=\"auto, (max-width: 575.98px) 431px, (max-width: 767.98px) 530px, (max-width: 991.98px) 330px, (max-width: 1279.98px) 530px, (max-width: 1899.98px) 690px, 930px\" loading=\"lazy\" \/>                            <\/div>\n                        <\/div>\n                    <\/div>\n                            <\/div>\n\n            <div class=\"col-md-6 col-lg-4 offset-lg-1\">\n                <div class=\"content-block__body\">\n                    \n                                            <div class=\"content-block__intro\">\n                            <p>\n                                VETUS h\u00e4lt sich auch an alle geltenden Gesetze. Um ihre Ziele zu erreichen, hat VETUS ein Qualit\u00e4tsmanagementsystem eingerichtet, das sicherstellt, dass alle entscheidenden Aspekte des Qualit\u00e4tsmanagements beachtet werden.                             <\/p>\n                        <\/div>\n                    \n                                            <p>Es umfasst die Schl\u00fcsselbereiche Kundenorientierung, F\u00fchrung, Engagement der Mitarbeiter, kontinuierliche Verbesserung, evidenzbasierte Entscheidungsfindung und kundenorientierte L\u00f6sungen, um langfristige Beziehungen aufzubauen.<\/p>\n                    \t\t\t\t\t\n                                    <\/div>\n            <\/div>\n        <\/div>\n    <\/div>\n<\/section>\n<section id=\"content-block-9block_604a31380689e\" class=\"section content-block content-block--images-alt \">\n    <div class=\"container\">\n        <div class=\"row d-flex align-items-center flex-md-row-reverse\">\n            <div class=\"col-8 offset-2 col-md-6 offset-md-0 col-lg-5 offset-lg-2\">\n                <div class=\"content-block__visuals d-flex justify-content-between justify-content-center align-items-center\">\n\n                    <div class=\"content-block__shape content-block__shape--images-1 shape shape--primary\">\n                        <svg viewBox=\"0 0 170 170\" xmlns=\"http:\/\/www.w3.org\/2000\/svg\">\n                            <path d=\"m876 263h170l-28 170h-142z\" fill=\"\" transform=\"translate(-876 -263)\"><\/path>\n                        <\/svg>\n                    <\/div>\n                                            <div class=\"content-block__media content-block__media--1 media media--clipped ratio ratio--square mb-0 bg-secondary\">\n                            <div class=\"media__wrapper\">\n                                <img decoding=\"async\" width=\"330\" height=\"284\" src=\"https:\/\/vetus.com\/wp-content\/uploads\/ISO9001-2021_black-330x284.png\" class=\"media__source w-50\" alt=\"\" srcset=\"https:\/\/vetus.com\/wp-content\/uploads\/ISO9001-2021_black-330x284.png 330w, https:\/\/vetus.com\/wp-content\/uploads\/ISO9001-2021_black-300x258.png 300w, https:\/\/vetus.com\/wp-content\/uploads\/ISO9001-2021_black-768x661.png 768w, https:\/\/vetus.com\/wp-content\/uploads\/ISO9001-2021_black-210x181.png 210w, https:\/\/vetus.com\/wp-content\/uploads\/ISO9001-2021_black-431x371.png 431w, https:\/\/vetus.com\/wp-content\/uploads\/ISO9001-2021_black-507x436.png 507w, https:\/\/vetus.com\/wp-content\/uploads\/ISO9001-2021_black-530x456.png 530w, https:\/\/vetus.com\/wp-content\/uploads\/ISO9001-2021_black-690x594.png 690w, https:\/\/vetus.com\/wp-content\/uploads\/ISO9001-2021_black-930x800.png 930w, https:\/\/vetus.com\/wp-content\/uploads\/ISO9001-2021_black-1170x1007.png 1170w\" sizes=\"auto, (max-width: 1899.98px) 330px, 330px\" loading=\"lazy\" \/>                            <\/div>\n                        <\/div>\n                    \n                    <div class=\"content-block__shape content-block__shape--images-2 shape shape--primary-outline\">\n                        <svg viewBox=\"0 0 170 170\" xmlns=\"http:\/\/www.w3.org\/2000\/svg\">\n                            <path d=\"m1168.82182 840-27.67059 168h-140.15123v-168z\" fill=\"none\" stroke-width=\"2\" transform=\"translate(-1000 -839)\" shape-rendering=\"optimizeQuality\"><\/path>\n                        <\/svg>\n                    <\/div>\n                <\/div>\n            <\/div>\n\n            <div class=\"col-md-6 col-lg-4 mr-auto\">\n                <div class=\"content-block__body\">\n                    \n                    \n                                            <div class=\"content-block__intro\">\n                            <p>\n                                Unser Qualit\u00e4tsmanagementsystem entspricht den Anforderungen der ISO 9001:2015, was es erm\u00f6glicht, die Anwendung dieses Managementsystems durch unabh\u00e4ngige Parteien bewerten und zertifizieren zu lassen.                            <\/p>\n                        <\/div>\n                    \n                                            <p>This assessment covers the overall organization including research &amp; development, purchasing, marketing, sales, logistics\/warehouse, aftersales, financial administration and other activities that affect the final delivery and long term service and support of VETUS.<\/p>\n                    \n                                            <div class=\"content-block__actions actions\">\n                            <div class=\"btn-group d-flex flex-wrap justify-content-center justify-content-md-start\">\n                                <a href=\"https:\/\/vetus.com\/de\/service-unterstuetzung\/kontakt-formular-2\/\" class=\"btn btn-sm btn-empty btn-empty-primary\" title=\"\" target=\"\">\n                                    <span>Kontaktieren Sie uns f\u00fcr weitere Informationen<\/span>\n                                    <i class=\"icon icon-keyboard_arrow_right\"><\/i>\n                                <\/a>\n\n                                <!-- <a href=\"#\" class=\"btn btn-sm btn-empty btn-empty-primary\" title=\"\">\n                                    <span>Watch video<\/span>\n                                    <i class=\"icon icon-play_circle_outline\"><\/i>\n                                <\/a> -->\n                                <!-- <a href=\"#\" class=\"btn btn-sm btn-empty btn-empty-primary\" title=\"\">\n                                    <span>Innovation<\/span>\n                                    <i class=\"icon icon-keyboard_arrow_right\"><\/i>\n                                <\/a> -->\n                            <\/div>\n                        <\/div>\n                                    <\/div>\n            <\/div>\n        <\/div>\n    <\/div>\n<\/section><\/section>","protected":false},"excerpt":{"rendered":"<p>Wir streben zu jeder Zeit nach Qualit\u00e4t, Kontinuit\u00e4t und zufriedenen Stakeholdern im Gesch\u00e4ft.<\/p>\n","protected":false},"author":31,"featured_media":5725,"parent":3104,"menu_order":557,"comment_status":"closed","ping_status":"closed","template":"tpl-basic.php","meta":{"_acf_changed":false,"footnotes":""},"class_list":["post-3114","page","type-page","status-publish","has-post-thumbnail","hentry"],"acf":{"title":"Quality Statement","introduction":"Bei VETUS ist die Qualit\u00e4t von grundlegender Bedeutung f\u00fcr den<\/br>anhaltenden Erfolg der Organisation. VETUS m\u00f6chte als eine Organisation agieren, die stets nach Qualit\u00e4t, continuity Kontinuit\u00e4t und zufriedenen Gesch\u00e4ftspartner strebt.","button":{"title":"","url":"","target":"","0":""},"person":false},"yoast_head":"<!-- This site is optimized with the Yoast SEO Premium plugin v27.3 (Yoast SEO v27.3) - https:\/\/yoast.com\/product\/yoast-seo-premium-wordpress\/ -->\n<title>Qualit\u00e4tsaussage - VETUS<\/title>\n<meta name=\"robots\" content=\"index, follow, max-snippet:-1, max-image-preview:large, max-video-preview:-1\" \/>\n<link rel=\"canonical\" href=\"https:\/\/vetus.com\/de\/service-unterstuetzung\/qualitat-saussage\/\" \/>\n<meta property=\"og:locale\" content=\"de_DE\" \/>\n<meta property=\"og:type\" content=\"article\" \/>\n<meta property=\"og:title\" content=\"Qualit\u00e4tsaussage\" \/>\n<meta property=\"og:description\" content=\"Wir streben zu jeder Zeit nach Qualit\u00e4t, Kontinuit\u00e4t und zufriedenen Stakeholdern im Gesch\u00e4ft.\" \/>\n<meta property=\"og:url\" content=\"https:\/\/vetus.com\/de\/service-unterstuetzung\/qualitat-saussage\/\" \/>\n<meta property=\"og:site_name\" content=\"VETUS\" \/>\n<meta property=\"article:modified_time\" content=\"2022-02-15T14:23:59+00:00\" \/>\n<meta property=\"og:image\" content=\"https:\/\/vetus.com\/wp-content\/uploads\/featured-image-ISO.png\" \/>\n\t<meta property=\"og:image:width\" content=\"1200\" \/>\n\t<meta property=\"og:image:height\" content=\"800\" \/>\n\t<meta property=\"og:image:type\" content=\"image\/png\" \/>\n<meta name=\"twitter:card\" content=\"summary_large_image\" \/>\n<script type=\"application\/ld+json\" class=\"yoast-schema-graph\">{\"@context\":\"https:\\\/\\\/schema.org\",\"@graph\":[{\"@type\":\"WebPage\",\"@id\":\"https:\\\/\\\/vetus.com\\\/de\\\/service-unterstuetzung\\\/qualitat-saussage\\\/\",\"url\":\"https:\\\/\\\/vetus.com\\\/de\\\/service-unterstuetzung\\\/qualitat-saussage\\\/\",\"name\":\"Qualit\u00e4tsaussage - VETUS\",\"isPartOf\":{\"@id\":\"https:\\\/\\\/vetus.com\\\/de\\\/#website\"},\"primaryImageOfPage\":{\"@id\":\"https:\\\/\\\/vetus.com\\\/de\\\/service-unterstuetzung\\\/qualitat-saussage\\\/#primaryimage\"},\"image\":{\"@id\":\"https:\\\/\\\/vetus.com\\\/de\\\/service-unterstuetzung\\\/qualitat-saussage\\\/#primaryimage\"},\"thumbnailUrl\":\"https:\\\/\\\/vetus.com\\\/wp-content\\\/uploads\\\/featured-image-ISO.png\",\"datePublished\":\"2021-03-11T14:06:17+00:00\",\"dateModified\":\"2022-02-15T14:23:59+00:00\",\"breadcrumb\":{\"@id\":\"https:\\\/\\\/vetus.com\\\/de\\\/service-unterstuetzung\\\/qualitat-saussage\\\/#breadcrumb\"},\"inLanguage\":\"de\",\"potentialAction\":[{\"@type\":\"ReadAction\",\"target\":[\"https:\\\/\\\/vetus.com\\\/de\\\/service-unterstuetzung\\\/qualitat-saussage\\\/\"]}]},{\"@type\":\"ImageObject\",\"inLanguage\":\"de\",\"@id\":\"https:\\\/\\\/vetus.com\\\/de\\\/service-unterstuetzung\\\/qualitat-saussage\\\/#primaryimage\",\"url\":\"https:\\\/\\\/vetus.com\\\/wp-content\\\/uploads\\\/featured-image-ISO.png\",\"contentUrl\":\"https:\\\/\\\/vetus.com\\\/wp-content\\\/uploads\\\/featured-image-ISO.png\",\"width\":1200,\"height\":800},{\"@type\":\"BreadcrumbList\",\"@id\":\"https:\\\/\\\/vetus.com\\\/de\\\/service-unterstuetzung\\\/qualitat-saussage\\\/#breadcrumb\",\"itemListElement\":[{\"@type\":\"ListItem\",\"position\":1,\"name\":\"Home\",\"item\":\"https:\\\/\\\/vetus.com\\\/de\\\/\"},{\"@type\":\"ListItem\",\"position\":2,\"name\":\"Service &#038; Unterst\u00fctzung\",\"item\":\"https:\\\/\\\/vetus.com\\\/de\\\/service-unterstuetzung\\\/\"},{\"@type\":\"ListItem\",\"position\":3,\"name\":\"Qualit\u00e4tsaussage\"}]},{\"@type\":\"WebSite\",\"@id\":\"https:\\\/\\\/vetus.com\\\/de\\\/#website\",\"url\":\"https:\\\/\\\/vetus.com\\\/de\\\/\",\"name\":\"VETUS\",\"description\":\"\",\"potentialAction\":[{\"@type\":\"SearchAction\",\"target\":{\"@type\":\"EntryPoint\",\"urlTemplate\":\"https:\\\/\\\/vetus.com\\\/de\\\/?s={search_term_string}\"},\"query-input\":{\"@type\":\"PropertyValueSpecification\",\"valueRequired\":true,\"valueName\":\"search_term_string\"}}],\"inLanguage\":\"de\"}]}<\/script>\n<!-- \/ Yoast SEO Premium plugin. -->","yoast_head_json":{"title":"Qualit\u00e4tsaussage - VETUS","robots":{"index":"index","follow":"follow","max-snippet":"max-snippet:-1","max-image-preview":"max-image-preview:large","max-video-preview":"max-video-preview:-1"},"canonical":"https:\/\/vetus.com\/de\/service-unterstuetzung\/qualitat-saussage\/","og_locale":"de_DE","og_type":"article","og_title":"Qualit\u00e4tsaussage","og_description":"Wir streben zu jeder Zeit nach Qualit\u00e4t, Kontinuit\u00e4t und zufriedenen Stakeholdern im Gesch\u00e4ft.","og_url":"https:\/\/vetus.com\/de\/service-unterstuetzung\/qualitat-saussage\/","og_site_name":"VETUS","article_modified_time":"2022-02-15T14:23:59+00:00","og_image":[{"width":1200,"height":800,"url":"https:\/\/vetus.com\/wp-content\/uploads\/featured-image-ISO.png","type":"image\/png"}],"twitter_card":"summary_large_image","schema":{"@context":"https:\/\/schema.org","@graph":[{"@type":"WebPage","@id":"https:\/\/vetus.com\/de\/service-unterstuetzung\/qualitat-saussage\/","url":"https:\/\/vetus.com\/de\/service-unterstuetzung\/qualitat-saussage\/","name":"Qualit\u00e4tsaussage - VETUS","isPartOf":{"@id":"https:\/\/vetus.com\/de\/#website"},"primaryImageOfPage":{"@id":"https:\/\/vetus.com\/de\/service-unterstuetzung\/qualitat-saussage\/#primaryimage"},"image":{"@id":"https:\/\/vetus.com\/de\/service-unterstuetzung\/qualitat-saussage\/#primaryimage"},"thumbnailUrl":"https:\/\/vetus.com\/wp-content\/uploads\/featured-image-ISO.png","datePublished":"2021-03-11T14:06:17+00:00","dateModified":"2022-02-15T14:23:59+00:00","breadcrumb":{"@id":"https:\/\/vetus.com\/de\/service-unterstuetzung\/qualitat-saussage\/#breadcrumb"},"inLanguage":"de","potentialAction":[{"@type":"ReadAction","target":["https:\/\/vetus.com\/de\/service-unterstuetzung\/qualitat-saussage\/"]}]},{"@type":"ImageObject","inLanguage":"de","@id":"https:\/\/vetus.com\/de\/service-unterstuetzung\/qualitat-saussage\/#primaryimage","url":"https:\/\/vetus.com\/wp-content\/uploads\/featured-image-ISO.png","contentUrl":"https:\/\/vetus.com\/wp-content\/uploads\/featured-image-ISO.png","width":1200,"height":800},{"@type":"BreadcrumbList","@id":"https:\/\/vetus.com\/de\/service-unterstuetzung\/qualitat-saussage\/#breadcrumb","itemListElement":[{"@type":"ListItem","position":1,"name":"Home","item":"https:\/\/vetus.com\/de\/"},{"@type":"ListItem","position":2,"name":"Service &#038; Unterst\u00fctzung","item":"https:\/\/vetus.com\/de\/service-unterstuetzung\/"},{"@type":"ListItem","position":3,"name":"Qualit\u00e4tsaussage"}]},{"@type":"WebSite","@id":"https:\/\/vetus.com\/de\/#website","url":"https:\/\/vetus.com\/de\/","name":"VETUS","description":"","potentialAction":[{"@type":"SearchAction","target":{"@type":"EntryPoint","urlTemplate":"https:\/\/vetus.com\/de\/?s={search_term_string}"},"query-input":{"@type":"PropertyValueSpecification","valueRequired":true,"valueName":"search_term_string"}}],"inLanguage":"de"}]}},"_links":{"self":[{"href":"https:\/\/vetus.com\/de\/wp-json\/wp\/v2\/pages\/3114","targetHints":{"allow":["GET"]}}],"collection":[{"href":"https:\/\/vetus.com\/de\/wp-json\/wp\/v2\/pages"}],"about":[{"href":"https:\/\/vetus.com\/de\/wp-json\/wp\/v2\/types\/page"}],"author":[{"embeddable":true,"href":"https:\/\/vetus.com\/de\/wp-json\/wp\/v2\/users\/31"}],"replies":[{"embeddable":true,"href":"https:\/\/vetus.com\/de\/wp-json\/wp\/v2\/comments?post=3114"}],"version-history":[{"count":0,"href":"https:\/\/vetus.com\/de\/wp-json\/wp\/v2\/pages\/3114\/revisions"}],"up":[{"embeddable":true,"href":"https:\/\/vetus.com\/de\/wp-json\/wp\/v2\/pages\/3104"}],"wp:featuredmedia":[{"embeddable":true,"href":"https:\/\/vetus.com\/de\/wp-json\/wp\/v2\/media\/5725"}],"wp:attachment":[{"href":"https:\/\/vetus.com\/de\/wp-json\/wp\/v2\/media?parent=3114"}],"curies":[{"name":"wp","href":"https:\/\/api.w.org\/{rel}","templated":true}]}}