{"id":3102,"date":"2021-03-16T15:10:43","date_gmt":"2021-03-16T13:10:43","guid":{"rendered":"http:\/\/vetus.inlinedigital.nl\/cms\/contact-2\/"},"modified":"2024-12-04T09:49:29","modified_gmt":"2024-12-04T07:49:29","slug":"kontakt","status":"publish","type":"page","link":"https:\/\/vetus.com\/de\/kontakt\/","title":{"rendered":"Kontakt"},"content":{"rendered":"\n<section class=\"section  \">\n    <section id=\"categories-block_0c31d7126aff9a0f36cf76c01178d2c4\" class=\"section cards cards--cat \">\n    \n    <div class=\"section__body cards__body\">\n        <div class=\"container\">\n            <div class=\"row row--col-margin-semismall\">\n\n                                                <div class=\"col-12 col-sm-6 col-lg-4\">\n                                    \n<a href=\"https:\/\/vetus.com\/de\/service-unterstuetzung\/vetus-filialen\/\" class=\"card card--cat card--cat-support ratio\">\n    <div class=\"card__layout content\">\n        <div class=\"card__header\">\n            <div class=\"card__title\">\n                <span class=\"h4\">\n                    VETUS Filialen                <\/span>\n            <\/div>\n\n            <div class=\"card__text text-sm\">\n                <p>\n                    Wenden Sie sich an Ihre urspr\u00fcngliche Verkaufsstelle, wenn Sie Fragen, Serviceprobleme oder Bedenken haben.                <\/p>\n            <\/div>\n        <\/div>\n        <div class=\"card__body mt-auto\">\n            <div class=\"card__media\">\n                                    <img decoding=\"async\" width=\"431\" height=\"287\" src=\"https:\/\/vetus.com\/wp-content\/uploads\/featured-contact-service.png\" class=\"media__source\" alt=\"\" srcset=\"https:\/\/vetus.com\/wp-content\/uploads\/featured-contact-service.png 1200w, https:\/\/vetus.com\/wp-content\/uploads\/featured-contact-service-300x200.png 300w, https:\/\/vetus.com\/wp-content\/uploads\/featured-contact-service-1024x683.png 1024w, https:\/\/vetus.com\/wp-content\/uploads\/featured-contact-service-768x512.png 768w, https:\/\/vetus.com\/wp-content\/uploads\/featured-contact-service-418x279.png 418w, https:\/\/vetus.com\/wp-content\/uploads\/featured-contact-service-604x403.png 604w, https:\/\/vetus.com\/wp-content\/uploads\/featured-contact-service-970x647.png 970w\" sizes=\"auto, (max-width: 575.98px) 330px, (max-width: 767.98px) 210px, (max-width: 991.98px) 330px, (max-width: 1279.98px) 330px, (max-width: 1899.98px) 330px, 431px\" loading=\"lazy\" \/>                            <\/div>\n\n            <div class=\"card__action\">\n                <span class=\"btn btn-sm btn-secondary btn-icon-only\">\n                    <i class=\"icon icon-keyboard_arrow_right\"><\/i>\n                <\/span>\n            <\/div>\n        <\/div>\n    <\/div>\n<\/a>                                <\/div>\n\n                                                <div class=\"col-12 col-sm-6 col-lg-4\">\n                                    \n<a href=\"https:\/\/vetus.com\/de\/service-unterstuetzung\/kontakt-formular-2\/\" class=\"card card--cat card--cat-support ratio\">\n    <div class=\"card__layout content\">\n        <div class=\"card__header\">\n            <div class=\"card__title\">\n                <span class=\"h4\">\n                    Kontaktformular                <\/span>\n            <\/div>\n\n            <div class=\"card__text text-sm\">\n                <p>\n                    Helfen Sie uns, unsere Organisation zu verbessern, indem Sie uns Ihre Erfahrungen mitteilen.                <\/p>\n            <\/div>\n        <\/div>\n        <div class=\"card__body mt-auto\">\n            <div class=\"card__media\">\n                                    <img decoding=\"async\" width=\"431\" height=\"287\" src=\"https:\/\/vetus.com\/wp-content\/uploads\/featured-contact-service.png\" class=\"media__source\" alt=\"\" srcset=\"https:\/\/vetus.com\/wp-content\/uploads\/featured-contact-service.png 1200w, https:\/\/vetus.com\/wp-content\/uploads\/featured-contact-service-300x200.png 300w, https:\/\/vetus.com\/wp-content\/uploads\/featured-contact-service-1024x683.png 1024w, https:\/\/vetus.com\/wp-content\/uploads\/featured-contact-service-768x512.png 768w, https:\/\/vetus.com\/wp-content\/uploads\/featured-contact-service-418x279.png 418w, https:\/\/vetus.com\/wp-content\/uploads\/featured-contact-service-604x403.png 604w, https:\/\/vetus.com\/wp-content\/uploads\/featured-contact-service-970x647.png 970w\" sizes=\"auto, (max-width: 575.98px) 330px, (max-width: 767.98px) 210px, (max-width: 991.98px) 330px, (max-width: 1279.98px) 330px, (max-width: 1899.98px) 330px, 431px\" loading=\"lazy\" \/>                            <\/div>\n\n            <div class=\"card__action\">\n                <span class=\"btn btn-sm btn-secondary btn-icon-only\">\n                    <i class=\"icon icon-keyboard_arrow_right\"><\/i>\n                <\/span>\n            <\/div>\n        <\/div>\n    <\/div>\n<\/a>                                <\/div>\n\n                                                <div class=\"col-12 col-sm-6 col-lg-4\">\n                                    \n<a href=\"https:\/\/vetus.com\/de\/service-unterstuetzung\/faq\/\" class=\"card card--cat card--cat-support ratio\">\n    <div class=\"card__layout content\">\n        <div class=\"card__header\">\n            <div class=\"card__title\">\n                <span class=\"h4\">\n                    FAQ                <\/span>\n            <\/div>\n\n            <div class=\"card__text text-sm\">\n                <p>\n                    Eine \u00dcbersicht h\u00e4ufig gestellter Fragen. F\u00fcr alle Bootssysteme.                <\/p>\n            <\/div>\n        <\/div>\n        <div class=\"card__body mt-auto\">\n            <div class=\"card__media\">\n                                    <img decoding=\"async\" width=\"431\" height=\"287\" src=\"https:\/\/vetus.com\/wp-content\/uploads\/featured-faq.png\" class=\"media__source\" alt=\"\" srcset=\"https:\/\/vetus.com\/wp-content\/uploads\/featured-faq.png 1200w, https:\/\/vetus.com\/wp-content\/uploads\/featured-faq-300x200.png 300w, https:\/\/vetus.com\/wp-content\/uploads\/featured-faq-1024x683.png 1024w, https:\/\/vetus.com\/wp-content\/uploads\/featured-faq-768x512.png 768w, https:\/\/vetus.com\/wp-content\/uploads\/featured-faq-418x279.png 418w, https:\/\/vetus.com\/wp-content\/uploads\/featured-faq-604x403.png 604w, https:\/\/vetus.com\/wp-content\/uploads\/featured-faq-970x647.png 970w\" sizes=\"auto, (max-width: 575.98px) 330px, (max-width: 767.98px) 210px, (max-width: 991.98px) 330px, (max-width: 1279.98px) 330px, (max-width: 1899.98px) 330px, 431px\" loading=\"lazy\" \/>                            <\/div>\n\n            <div class=\"card__action\">\n                <span class=\"btn btn-sm btn-secondary btn-icon-only\">\n                    <i class=\"icon icon-keyboard_arrow_right\"><\/i>\n                <\/span>\n            <\/div>\n        <\/div>\n    <\/div>\n<\/a>                                <\/div>\n\n                            <\/div>\n        <\/div>\n    <\/div>\n<\/section>\n<section id=\"content-block-1-block_0c31d7126aff9a0f36cf76c01178d2c4\" class=\"section content-block content-block--image \">\n    <div class=\"container\">\n        <div class=\"row d-flex align-items-center flex-md-row-reverse\">\n\n            <div class=\"col-md-6 col-lg-7 offset-lg-1\">\n                                    <div class=\"content-block__visuals\">\n                        <div class=\"content-block__media media--clipped media ratio\">\n                            <div class=\"media__wrapper\">\n                                <img decoding=\"async\" width=\"690\" height=\"460\" src=\"https:\/\/vetus.com\/wp-content\/uploads\/DSCF9856-690x460.jpg\" class=\"media__source img-fit\" alt=\"\" srcset=\"https:\/\/vetus.com\/wp-content\/uploads\/DSCF9856-690x460.jpg 690w, https:\/\/vetus.com\/wp-content\/uploads\/DSCF9856-300x200.jpg 300w, https:\/\/vetus.com\/wp-content\/uploads\/DSCF9856-768x512.jpg 768w, https:\/\/vetus.com\/wp-content\/uploads\/DSCF9856-210x140.jpg 210w, https:\/\/vetus.com\/wp-content\/uploads\/DSCF9856-330x220.jpg 330w, https:\/\/vetus.com\/wp-content\/uploads\/DSCF9856-431x287.jpg 431w, https:\/\/vetus.com\/wp-content\/uploads\/DSCF9856-507x338.jpg 507w, https:\/\/vetus.com\/wp-content\/uploads\/DSCF9856-530x353.jpg 530w, https:\/\/vetus.com\/wp-content\/uploads\/DSCF9856-930x620.jpg 930w, https:\/\/vetus.com\/wp-content\/uploads\/DSCF9856-1170x780.jpg 1170w\" sizes=\"auto, (max-width: 575.98px) 431px, (max-width: 767.98px) 530px, (max-width: 991.98px) 330px, (max-width: 1279.98px) 530px, (max-width: 1899.98px) 690px, 930px\" loading=\"lazy\" \/>                            <\/div>\n                        <\/div>\n                    <\/div>\n                            <\/div>\n\n            <div class=\"col-md-6 col-lg-4\">\n                <div class=\"content-block__body\">\n                                            <h3 class=\"content-block__title\">\n                            VETUS <br>Hauptsitz                        <\/h3>\n                    \n                    \n                                            <p>VETUS B.V.<br \/>\nHavenstraat 11<br \/>\n3115 HC Schiedam<br \/>\nThe Netherlands<\/p>\n<p>CoC: 34267644<br \/>\nVAT: NL817640915B01<\/p>\n                    \t\t\t\t\t\n                                    <\/div>\n            <\/div>\n        <\/div>\n    <\/div>\n<\/section>\n<section id=\"call-to-action-1-block_0c31d7126aff9a0f36cf76c01178d2c4\" class=\"section cta cta--default  \">\n    <div class=\"container\">\n        <div class=\"cta__inner bg-primary text-white text-center\">\n            <div class=\"row d-flex align-items-center\">\n                <div class=\"col-lg-5\">\n                                            <div class=\"cta__visuals\">\n                            <div class=\"cta__media media--clipped media ratio\">\n                                <div class=\"media__wrapper media__wrapper--colored\">\n                                    <img decoding=\"async\" width=\"690\" height=\"518\" src=\"https:\/\/vetus.com\/wp-content\/uploads\/get-in-touch-Foto-2.jpg\" class=\"media__source img-fit\" alt=\"\" srcset=\"https:\/\/vetus.com\/wp-content\/uploads\/get-in-touch-Foto-2.jpg 1200w, https:\/\/vetus.com\/wp-content\/uploads\/get-in-touch-Foto-2-300x225.jpg 300w, https:\/\/vetus.com\/wp-content\/uploads\/get-in-touch-Foto-2-1024x768.jpg 1024w, https:\/\/vetus.com\/wp-content\/uploads\/get-in-touch-Foto-2-768x576.jpg 768w, https:\/\/vetus.com\/wp-content\/uploads\/get-in-touch-Foto-2-418x314.jpg 418w, https:\/\/vetus.com\/wp-content\/uploads\/get-in-touch-Foto-2-604x453.jpg 604w, https:\/\/vetus.com\/wp-content\/uploads\/get-in-touch-Foto-2-970x728.jpg 970w\" sizes=\"auto, (max-width: 575.98px) 431px, (max-width: 767.98px) 530px, (max-width: 991.98px) 690px, (max-width: 1279.98px) 330px, (max-width: 1899.98px) 431px, 507px\" loading=\"lazy\" \/>                                <\/div>\n                            <\/div>\n                        <\/div>\n                                    <\/div>\n\n                <div class=\"col-lg-7\">\n                    <div class=\"w-100 px-lg-4\">\n                        <div class=\"cta__body\">\n                                                                                        <h3 class=\"cta__title\">\n                                    F\u00fcr alle Wartungs- und Servicefragen wenden Sie sich bitte an Ihren H\u00e4ndler vor Ort                                <\/h3>\n                                                        \n                                                            <div class=\"cta__actions actions\">\n                                    <div class=\"btn-group d-flex flex-wrap justify-content-center\">\n                                        <a href=\"https:\/\/vetus.com\/de\/haendler-suche\/\" class=\"btn btn-sm btn-white btn-empty btn-empty-primary d-flex d-md-none\" title=\"\" target=\"\">\n                                            <span>\n                                                <span>Finden Sie Ihren H\u00e4ndler vor Ort<\/span>\n                                            <\/span>\n                                            <i class=\"icon icon-play_circle_outline\"><\/i>\n                                        <\/a>\n\n                                        <a href=\"https:\/\/vetus.com\/de\/haendler-suche\/\" class=\"btn btn-secondary d-none d-md-flex\" title=\"\" target=\"\">\n                                            <span>\n                                                <span>Finden Sie Ihren H\u00e4ndler vor Ort<\/span>\n                                            <\/span>\n                                            <i class=\"icon icon-play_circle_outline\"><\/i>\n                                        <\/a>\n                                    <\/div>\n                                <\/div>\n                                                    <\/div>\n                    <\/div>\n                <\/div>\n            <\/div>\n        <\/div>\n    <\/div>\n<\/section><\/section>","protected":false},"excerpt":{"rendered":"","protected":false},"author":31,"featured_media":0,"parent":0,"menu_order":152,"comment_status":"closed","ping_status":"closed","template":"tpl-default.php","meta":{"_acf_changed":false,"footnotes":""},"class_list":["post-3102","page","type-page","status-publish","hentry"],"acf":{"title":"Kontakt aufnehmen","image":{"ID":13057,"id":13057,"title":"Get in Touch header","filename":"Get-in-Touch-header.jpg","filesize":439045,"url":"https:\/\/vetus.com\/wp-content\/uploads\/Get-in-Touch-header.jpg","link":"https:\/\/vetus.com\/de\/kontakt\/get-in-touch-header-2\/","alt":"","author":"7","description":"","caption":"","name":"get-in-touch-header-2","status":"inherit","uploaded_to":3102,"date":"2021-06-14 09:36:58","modified":"2021-06-14 11:14:14","menu_order":0,"mime_type":"image\/jpeg","type":"image","subtype":"jpeg","icon":"https:\/\/vetus.com\/wp-includes\/images\/media\/default.png","width":900,"height":600,"sizes":{"thumbnail":"https:\/\/vetus.com\/wp-content\/uploads\/Get-in-Touch-header-150x150.jpg","thumbnail-width":150,"thumbnail-height":150,"medium":"https:\/\/vetus.com\/wp-content\/uploads\/Get-in-Touch-header-300x200.jpg","medium-width":300,"medium-height":200,"medium_large":"https:\/\/vetus.com\/wp-content\/uploads\/Get-in-Touch-header-768x512.jpg","medium_large-width":768,"medium_large-height":512,"large":"https:\/\/vetus.com\/wp-content\/uploads\/Get-in-Touch-header.jpg","large-width":900,"large-height":600,"1536x1536":"https:\/\/vetus.com\/wp-content\/uploads\/Get-in-Touch-header.jpg","1536x1536-width":900,"1536x1536-height":600,"2048x2048":"https:\/\/vetus.com\/wp-content\/uploads\/Get-in-Touch-header.jpg","2048x2048-width":900,"2048x2048-height":600,"210w":"https:\/\/vetus.com\/wp-content\/uploads\/Get-in-Touch-header.jpg","210w-width":210,"210w-height":140,"330w":"https:\/\/vetus.com\/wp-content\/uploads\/Get-in-Touch-header.jpg","330w-width":330,"330w-height":220,"431w":"https:\/\/vetus.com\/wp-content\/uploads\/Get-in-Touch-header.jpg","431w-width":431,"431w-height":287,"507w":"https:\/\/vetus.com\/wp-content\/uploads\/Get-in-Touch-header.jpg","507w-width":507,"507w-height":338,"530w":"https:\/\/vetus.com\/wp-content\/uploads\/Get-in-Touch-header.jpg","530w-width":530,"530w-height":353,"690w":"https:\/\/vetus.com\/wp-content\/uploads\/Get-in-Touch-header.jpg","690w-width":690,"690w-height":460,"930w":"https:\/\/vetus.com\/wp-content\/uploads\/Get-in-Touch-header.jpg","930w-width":900,"930w-height":600,"1170w":"https:\/\/vetus.com\/wp-content\/uploads\/Get-in-Touch-header.jpg","1170w-width":900,"1170w-height":600,"gform-image-choice-sm":"https:\/\/vetus.com\/wp-content\/uploads\/Get-in-Touch-header.jpg","gform-image-choice-sm-width":300,"gform-image-choice-sm-height":200,"gform-image-choice-md":"https:\/\/vetus.com\/wp-content\/uploads\/Get-in-Touch-header.jpg","gform-image-choice-md-width":400,"gform-image-choice-md-height":267,"gform-image-choice-lg":"https:\/\/vetus.com\/wp-content\/uploads\/Get-in-Touch-header.jpg","gform-image-choice-lg-width":600,"gform-image-choice-lg-height":400}},"introduction":"Die St\u00e4rke von VETUS liegt in der Kompetenz unseres weltweiten Netzwerks. Es ist daher sehr wichtig, dass Sie sich bei Fragen, Serviceproblemen oder Bedenken an Ihre urspr\u00fcngliche Verkaufsstelle wenden. Indem Sie uns die Hintergrundinformationen zu Ihrem Kauf und Ihrer Installation geben, k\u00f6nnen wir bei Bedarf die richtige Person in unserem Team finden.","person":false},"yoast_head":"<!-- This site is optimized with the Yoast SEO Premium plugin v27.4 (Yoast SEO v27.4) - https:\/\/yoast.com\/product\/yoast-seo-premium-wordpress\/ -->\n<title>Kontakt - VETUS<\/title>\n<meta name=\"robots\" content=\"index, follow, max-snippet:-1, max-image-preview:large, max-video-preview:-1\" \/>\n<link rel=\"canonical\" href=\"https:\/\/vetus.com\/de\/kontakt\/\" \/>\n<meta property=\"og:locale\" content=\"de_DE\" \/>\n<meta property=\"og:type\" content=\"article\" \/>\n<meta property=\"og:title\" content=\"Kontakt\" \/>\n<meta property=\"og:url\" content=\"https:\/\/vetus.com\/de\/kontakt\/\" \/>\n<meta property=\"og:site_name\" content=\"VETUS\" \/>\n<meta property=\"article:modified_time\" content=\"2024-12-04T07:49:29+00:00\" \/>\n<meta name=\"twitter:card\" content=\"summary_large_image\" \/>\n<meta name=\"twitter:label1\" content=\"Gesch\u00e4tzte Lesezeit\" \/>\n\t<meta name=\"twitter:data1\" content=\"1\u00a0Minute\" \/>\n<script type=\"application\/ld+json\" class=\"yoast-schema-graph\">{\"@context\":\"https:\\\/\\\/schema.org\",\"@graph\":[{\"@type\":\"WebPage\",\"@id\":\"https:\\\/\\\/vetus.com\\\/de\\\/kontakt\\\/\",\"url\":\"https:\\\/\\\/vetus.com\\\/de\\\/kontakt\\\/\",\"name\":\"Kontakt - VETUS\",\"isPartOf\":{\"@id\":\"https:\\\/\\\/vetus.com\\\/de\\\/#website\"},\"datePublished\":\"2021-03-16T13:10:43+00:00\",\"dateModified\":\"2024-12-04T07:49:29+00:00\",\"breadcrumb\":{\"@id\":\"https:\\\/\\\/vetus.com\\\/de\\\/kontakt\\\/#breadcrumb\"},\"inLanguage\":\"de\",\"potentialAction\":[{\"@type\":\"ReadAction\",\"target\":[\"https:\\\/\\\/vetus.com\\\/de\\\/kontakt\\\/\"]}]},{\"@type\":\"BreadcrumbList\",\"@id\":\"https:\\\/\\\/vetus.com\\\/de\\\/kontakt\\\/#breadcrumb\",\"itemListElement\":[{\"@type\":\"ListItem\",\"position\":1,\"name\":\"Home\",\"item\":\"https:\\\/\\\/vetus.com\\\/de\\\/\"},{\"@type\":\"ListItem\",\"position\":2,\"name\":\"Kontakt\"}]},{\"@type\":\"WebSite\",\"@id\":\"https:\\\/\\\/vetus.com\\\/de\\\/#website\",\"url\":\"https:\\\/\\\/vetus.com\\\/de\\\/\",\"name\":\"VETUS\",\"description\":\"\",\"potentialAction\":[{\"@type\":\"SearchAction\",\"target\":{\"@type\":\"EntryPoint\",\"urlTemplate\":\"https:\\\/\\\/vetus.com\\\/de\\\/?s={search_term_string}\"},\"query-input\":{\"@type\":\"PropertyValueSpecification\",\"valueRequired\":true,\"valueName\":\"search_term_string\"}}],\"inLanguage\":\"de\"}]}<\/script>\n<!-- \/ Yoast SEO Premium plugin. -->","yoast_head_json":{"title":"Kontakt - VETUS","robots":{"index":"index","follow":"follow","max-snippet":"max-snippet:-1","max-image-preview":"max-image-preview:large","max-video-preview":"max-video-preview:-1"},"canonical":"https:\/\/vetus.com\/de\/kontakt\/","og_locale":"de_DE","og_type":"article","og_title":"Kontakt","og_url":"https:\/\/vetus.com\/de\/kontakt\/","og_site_name":"VETUS","article_modified_time":"2024-12-04T07:49:29+00:00","twitter_card":"summary_large_image","twitter_misc":{"Gesch\u00e4tzte Lesezeit":"1\u00a0Minute"},"schema":{"@context":"https:\/\/schema.org","@graph":[{"@type":"WebPage","@id":"https:\/\/vetus.com\/de\/kontakt\/","url":"https:\/\/vetus.com\/de\/kontakt\/","name":"Kontakt - VETUS","isPartOf":{"@id":"https:\/\/vetus.com\/de\/#website"},"datePublished":"2021-03-16T13:10:43+00:00","dateModified":"2024-12-04T07:49:29+00:00","breadcrumb":{"@id":"https:\/\/vetus.com\/de\/kontakt\/#breadcrumb"},"inLanguage":"de","potentialAction":[{"@type":"ReadAction","target":["https:\/\/vetus.com\/de\/kontakt\/"]}]},{"@type":"BreadcrumbList","@id":"https:\/\/vetus.com\/de\/kontakt\/#breadcrumb","itemListElement":[{"@type":"ListItem","position":1,"name":"Home","item":"https:\/\/vetus.com\/de\/"},{"@type":"ListItem","position":2,"name":"Kontakt"}]},{"@type":"WebSite","@id":"https:\/\/vetus.com\/de\/#website","url":"https:\/\/vetus.com\/de\/","name":"VETUS","description":"","potentialAction":[{"@type":"SearchAction","target":{"@type":"EntryPoint","urlTemplate":"https:\/\/vetus.com\/de\/?s={search_term_string}"},"query-input":{"@type":"PropertyValueSpecification","valueRequired":true,"valueName":"search_term_string"}}],"inLanguage":"de"}]}},"_links":{"self":[{"href":"https:\/\/vetus.com\/de\/wp-json\/wp\/v2\/pages\/3102","targetHints":{"allow":["GET"]}}],"collection":[{"href":"https:\/\/vetus.com\/de\/wp-json\/wp\/v2\/pages"}],"about":[{"href":"https:\/\/vetus.com\/de\/wp-json\/wp\/v2\/types\/page"}],"author":[{"embeddable":true,"href":"https:\/\/vetus.com\/de\/wp-json\/wp\/v2\/users\/31"}],"replies":[{"embeddable":true,"href":"https:\/\/vetus.com\/de\/wp-json\/wp\/v2\/comments?post=3102"}],"version-history":[{"count":2,"href":"https:\/\/vetus.com\/de\/wp-json\/wp\/v2\/pages\/3102\/revisions"}],"predecessor-version":[{"id":97416,"href":"https:\/\/vetus.com\/de\/wp-json\/wp\/v2\/pages\/3102\/revisions\/97416"}],"wp:attachment":[{"href":"https:\/\/vetus.com\/de\/wp-json\/wp\/v2\/media?parent=3102"}],"curies":[{"name":"wp","href":"https:\/\/api.w.org\/{rel}","templated":true}]}}