{"id":3093,"date":"2021-03-31T09:01:36","date_gmt":"2021-03-31T07:01:36","guid":{"rendered":"http:\/\/vetus.inlinedigital.nl\/cms\/5-and-5-year-warranty\/"},"modified":"2022-07-12T12:26:50","modified_gmt":"2022-07-12T10:26:50","slug":"5-und-5-jahres-garantie","status":"publish","type":"page","link":"https:\/\/vetus.com\/de\/service-unterstuetzung\/5-und-5-jahres-garantie\/","title":{"rendered":"5Plus-Garantie"},"content":{"rendered":"\n<section class=\"section  \">\n    \n\n<section id=\"section-text-block-block_60642c2927d6b\" class=\"section text-block \">\n                    <div class=\"section section__body\">\n            <div class=\"text-block\">\n                <div class=\"container\">\n                    <div class=\"row\">\n                        <div class=\"col-lg-8 offset-lg-2\">\n                                                            <div class=\"section__content single__content hentry\">\n                                    <p>Wenn ein VETUS-Motor zusammen mit einem kompletten VETUS Rundum-Motor-Paket gekauft wird, wird die Garantie von 3 auf 5 Jahre auf das Rundum-Motor-Paket verl\u00e4ngert. Zusammen mit den bereits sehr guten Garantiebedingungen auf VETUS-Motoren ( 3 + 2 Jahre) sichern Ihnen VETUS-Produkte eine lange und sorglose Nutzung Ihres Bootes.<\/p>\n<p>Ein weiterer guter Grund, sich f\u00fcr VETUS zu entscheiden!<img decoding=\"async\" class=\"alignnone size-full wp-image-12291\" src=\"https:\/\/vetus.com\/wp-content\/uploads\/extended-warranty_banner_DE.png\" alt=\"\" width=\"770\" height=\"302\" srcset=\"https:\/\/vetus.com\/wp-content\/uploads\/extended-warranty_banner_DE.png 770w, https:\/\/vetus.com\/wp-content\/uploads\/extended-warranty_banner_DE-300x118.png 300w, https:\/\/vetus.com\/wp-content\/uploads\/extended-warranty_banner_DE-768x301.png 768w, https:\/\/vetus.com\/wp-content\/uploads\/extended-warranty_banner_DE-418x164.png 418w, https:\/\/vetus.com\/wp-content\/uploads\/extended-warranty_banner_DE-604x237.png 604w\" sizes=\"(max-width: 770px) 100vw, 770px\" \/><\/p>\n<h3>Wie funktioniert das?<\/h3>\n<p>Sie kaufen bei einem offiziellen VETUS-H\u00e4ndler einen neuen VETUS-Motor und ein komplettes VETUS-Paket rund um den Motor, bestehend aus:<\/p>\n<ul>\n<li>Wellenanlage<\/li>\n<li>Propeller<\/li>\n<li>Flexibler Kupplung<\/li>\n<li>K\u00fchlwasserfilter<\/li>\n<li>Wasserabscheider\/Kraftstofffilter<\/li>\n<li>Auspuffanlage (Schlauch, Wassersammler, Schalld\u00e4mpfer, Schwanenhals, Spiegeldurchf\u00fchrung und Bel\u00fcfter)<\/li>\n<li>Motorfernbedienung<\/li>\n<li>Lamellen-Luftansaugung<\/li>\n<\/ul>\n<p>F\u00fcr Auswahl der Typen und Modelle, laden Sie bitte die Ausr\u00fcstungs-Auswahltabelle herunter!<\/p>\n<p>Das Installationsformular wird von Ihrem H\u00e4ndler\/Installateur verwendet, um die 5+ Jahre Garantie zu beantragen.<\/p>\n<h3>Garantiebestimmungen<\/h3>\n<p>F\u00fcr diese Aktion gelten die folgenden Artikel aus unseren Garantiebestimmungen:<\/p>\n<h6>Artikel 8<\/h6>\n<p>In den folgenden F\u00e4llen erlischt jeglicher Anspruch auf Gew\u00e4hrleistung:<\/p>\n<ul>\n<li>Dass eine erforderliche periodische Wartung nicht von einem autorisierten VETUS-H\u00e4ndler durchgef\u00fchrt wurde<\/li>\n<li>Fehlerhafte Installation oder Montage des Produkts<\/li>\n<li>Unsachgem\u00e4\u00dfe Verwendung des Produkts<\/li>\n<li>Der Ausfall ist auf mangelnde Sorgfalt des Betreibers oder Anwenders zur\u00fcckzuf\u00fchren<\/li>\n<li>Im Falle eines externen Ungl\u00fccks<\/li>\n<li>Bei Nichtbeachtung der Hinweise zur Verwendung<\/li>\n<li>Die Garantiezeit von 60 Monaten ist abgelaufen<\/li>\n<\/ul>\n<h6>Artikel 9<\/h6>\n<p>Ausschl\u00fcsse: Situationen, die nicht unter diese Garantie fallen:<\/p>\n<ul>\n<li>Verschlei\u00dfteile<\/li>\n<li>Folgekosten wie (aber nicht beschr\u00e4nkt auf) &#8211; Transportkosten, Arbeitskosten, Krankosten, Hebekosten usw.<\/li>\n<li>Sch\u00e4den als Folge von Umwelteinfl\u00fcssen<\/li>\n<li>Verschmutzung, Einfrieren, \u00dcberhitzung und \u00dcberlastung<\/li>\n<\/ul>\n<h3>Downloads<\/h3>\n<p><a href=\"https:\/\/online.flippingbook.com\/view\/450671581\/\" target=\"_blank\" rel=\"noopener\">Laden Sie die Ger\u00e4teauswahltabelle herunter<\/a><\/p>\n                                <\/div>\n                            \n                                                    <\/div>\n                    <\/div>\n                <\/div>\n            <\/div>\n        <\/div>\n    <\/section><\/section>","protected":false},"excerpt":{"rendered":"<p>Al comprar un motor VETUS le damos una garant\u00eda de 5 a\u00f1os para el motor y para una lista seleccionada de productos alrededor del motor.<\/p>\n","protected":false},"author":31,"featured_media":3095,"parent":3104,"menu_order":104,"comment_status":"closed","ping_status":"closed","template":"tpl-basic.php","meta":{"_acf_changed":false,"footnotes":""},"class_list":["post-3093","page","type-page","status-publish","has-post-thumbnail","hentry"],"acf":{"introduction":"","person":false},"yoast_head":"<!-- This site is optimized with the Yoast SEO Premium plugin v27.4 (Yoast SEO v27.4) - https:\/\/yoast.com\/product\/yoast-seo-premium-wordpress\/ -->\n<title>5Plus-Garantie - VETUS<\/title>\n<meta name=\"robots\" content=\"index, follow, max-snippet:-1, max-image-preview:large, max-video-preview:-1\" \/>\n<link rel=\"canonical\" href=\"https:\/\/vetus.com\/de\/service-unterstuetzung\/5-und-5-jahres-garantie\/\" \/>\n<meta property=\"og:locale\" content=\"de_DE\" \/>\n<meta property=\"og:type\" content=\"article\" \/>\n<meta property=\"og:title\" content=\"5Plus-Garantie\" \/>\n<meta property=\"og:description\" content=\"Al comprar un motor VETUS le damos una garant\u00eda de 5 a\u00f1os para el motor y para una lista seleccionada de productos alrededor del motor.\" \/>\n<meta property=\"og:url\" content=\"https:\/\/vetus.com\/de\/service-unterstuetzung\/5-und-5-jahres-garantie\/\" \/>\n<meta property=\"og:site_name\" content=\"VETUS\" \/>\n<meta property=\"article:modified_time\" content=\"2022-07-12T10:26:50+00:00\" \/>\n<meta property=\"og:image\" content=\"https:\/\/vetus.com\/wp-content\/uploads\/featured-warranty-5.png\" \/>\n\t<meta property=\"og:image:width\" content=\"1200\" \/>\n\t<meta property=\"og:image:height\" content=\"800\" \/>\n\t<meta property=\"og:image:type\" content=\"image\/png\" \/>\n<meta name=\"twitter:card\" content=\"summary_large_image\" \/>\n<script type=\"application\/ld+json\" class=\"yoast-schema-graph\">{\"@context\":\"https:\\\/\\\/schema.org\",\"@graph\":[{\"@type\":\"WebPage\",\"@id\":\"https:\\\/\\\/vetus.com\\\/de\\\/service-unterstuetzung\\\/5-und-5-jahres-garantie\\\/\",\"url\":\"https:\\\/\\\/vetus.com\\\/de\\\/service-unterstuetzung\\\/5-und-5-jahres-garantie\\\/\",\"name\":\"5Plus-Garantie - VETUS\",\"isPartOf\":{\"@id\":\"https:\\\/\\\/vetus.com\\\/de\\\/#website\"},\"primaryImageOfPage\":{\"@id\":\"https:\\\/\\\/vetus.com\\\/de\\\/service-unterstuetzung\\\/5-und-5-jahres-garantie\\\/#primaryimage\"},\"image\":{\"@id\":\"https:\\\/\\\/vetus.com\\\/de\\\/service-unterstuetzung\\\/5-und-5-jahres-garantie\\\/#primaryimage\"},\"thumbnailUrl\":\"https:\\\/\\\/vetus.com\\\/wp-content\\\/uploads\\\/featured-warranty-5.png\",\"datePublished\":\"2021-03-31T07:01:36+00:00\",\"dateModified\":\"2022-07-12T10:26:50+00:00\",\"breadcrumb\":{\"@id\":\"https:\\\/\\\/vetus.com\\\/de\\\/service-unterstuetzung\\\/5-und-5-jahres-garantie\\\/#breadcrumb\"},\"inLanguage\":\"de\",\"potentialAction\":[{\"@type\":\"ReadAction\",\"target\":[\"https:\\\/\\\/vetus.com\\\/de\\\/service-unterstuetzung\\\/5-und-5-jahres-garantie\\\/\"]}]},{\"@type\":\"ImageObject\",\"inLanguage\":\"de\",\"@id\":\"https:\\\/\\\/vetus.com\\\/de\\\/service-unterstuetzung\\\/5-und-5-jahres-garantie\\\/#primaryimage\",\"url\":\"https:\\\/\\\/vetus.com\\\/wp-content\\\/uploads\\\/featured-warranty-5.png\",\"contentUrl\":\"https:\\\/\\\/vetus.com\\\/wp-content\\\/uploads\\\/featured-warranty-5.png\",\"width\":1200,\"height\":800},{\"@type\":\"BreadcrumbList\",\"@id\":\"https:\\\/\\\/vetus.com\\\/de\\\/service-unterstuetzung\\\/5-und-5-jahres-garantie\\\/#breadcrumb\",\"itemListElement\":[{\"@type\":\"ListItem\",\"position\":1,\"name\":\"Home\",\"item\":\"https:\\\/\\\/vetus.com\\\/de\\\/\"},{\"@type\":\"ListItem\",\"position\":2,\"name\":\"Service &#038; Unterst\u00fctzung\",\"item\":\"https:\\\/\\\/vetus.com\\\/de\\\/service-unterstuetzung\\\/\"},{\"@type\":\"ListItem\",\"position\":3,\"name\":\"5Plus-Garantie\"}]},{\"@type\":\"WebSite\",\"@id\":\"https:\\\/\\\/vetus.com\\\/de\\\/#website\",\"url\":\"https:\\\/\\\/vetus.com\\\/de\\\/\",\"name\":\"VETUS\",\"description\":\"\",\"potentialAction\":[{\"@type\":\"SearchAction\",\"target\":{\"@type\":\"EntryPoint\",\"urlTemplate\":\"https:\\\/\\\/vetus.com\\\/de\\\/?s={search_term_string}\"},\"query-input\":{\"@type\":\"PropertyValueSpecification\",\"valueRequired\":true,\"valueName\":\"search_term_string\"}}],\"inLanguage\":\"de\"}]}<\/script>\n<!-- \/ Yoast SEO Premium plugin. -->","yoast_head_json":{"title":"5Plus-Garantie - VETUS","robots":{"index":"index","follow":"follow","max-snippet":"max-snippet:-1","max-image-preview":"max-image-preview:large","max-video-preview":"max-video-preview:-1"},"canonical":"https:\/\/vetus.com\/de\/service-unterstuetzung\/5-und-5-jahres-garantie\/","og_locale":"de_DE","og_type":"article","og_title":"5Plus-Garantie","og_description":"Al comprar un motor VETUS le damos una garant\u00eda de 5 a\u00f1os para el motor y para una lista seleccionada de productos alrededor del motor.","og_url":"https:\/\/vetus.com\/de\/service-unterstuetzung\/5-und-5-jahres-garantie\/","og_site_name":"VETUS","article_modified_time":"2022-07-12T10:26:50+00:00","og_image":[{"width":1200,"height":800,"url":"https:\/\/vetus.com\/wp-content\/uploads\/featured-warranty-5.png","type":"image\/png"}],"twitter_card":"summary_large_image","schema":{"@context":"https:\/\/schema.org","@graph":[{"@type":"WebPage","@id":"https:\/\/vetus.com\/de\/service-unterstuetzung\/5-und-5-jahres-garantie\/","url":"https:\/\/vetus.com\/de\/service-unterstuetzung\/5-und-5-jahres-garantie\/","name":"5Plus-Garantie - VETUS","isPartOf":{"@id":"https:\/\/vetus.com\/de\/#website"},"primaryImageOfPage":{"@id":"https:\/\/vetus.com\/de\/service-unterstuetzung\/5-und-5-jahres-garantie\/#primaryimage"},"image":{"@id":"https:\/\/vetus.com\/de\/service-unterstuetzung\/5-und-5-jahres-garantie\/#primaryimage"},"thumbnailUrl":"https:\/\/vetus.com\/wp-content\/uploads\/featured-warranty-5.png","datePublished":"2021-03-31T07:01:36+00:00","dateModified":"2022-07-12T10:26:50+00:00","breadcrumb":{"@id":"https:\/\/vetus.com\/de\/service-unterstuetzung\/5-und-5-jahres-garantie\/#breadcrumb"},"inLanguage":"de","potentialAction":[{"@type":"ReadAction","target":["https:\/\/vetus.com\/de\/service-unterstuetzung\/5-und-5-jahres-garantie\/"]}]},{"@type":"ImageObject","inLanguage":"de","@id":"https:\/\/vetus.com\/de\/service-unterstuetzung\/5-und-5-jahres-garantie\/#primaryimage","url":"https:\/\/vetus.com\/wp-content\/uploads\/featured-warranty-5.png","contentUrl":"https:\/\/vetus.com\/wp-content\/uploads\/featured-warranty-5.png","width":1200,"height":800},{"@type":"BreadcrumbList","@id":"https:\/\/vetus.com\/de\/service-unterstuetzung\/5-und-5-jahres-garantie\/#breadcrumb","itemListElement":[{"@type":"ListItem","position":1,"name":"Home","item":"https:\/\/vetus.com\/de\/"},{"@type":"ListItem","position":2,"name":"Service &#038; Unterst\u00fctzung","item":"https:\/\/vetus.com\/de\/service-unterstuetzung\/"},{"@type":"ListItem","position":3,"name":"5Plus-Garantie"}]},{"@type":"WebSite","@id":"https:\/\/vetus.com\/de\/#website","url":"https:\/\/vetus.com\/de\/","name":"VETUS","description":"","potentialAction":[{"@type":"SearchAction","target":{"@type":"EntryPoint","urlTemplate":"https:\/\/vetus.com\/de\/?s={search_term_string}"},"query-input":{"@type":"PropertyValueSpecification","valueRequired":true,"valueName":"search_term_string"}}],"inLanguage":"de"}]}},"_links":{"self":[{"href":"https:\/\/vetus.com\/de\/wp-json\/wp\/v2\/pages\/3093","targetHints":{"allow":["GET"]}}],"collection":[{"href":"https:\/\/vetus.com\/de\/wp-json\/wp\/v2\/pages"}],"about":[{"href":"https:\/\/vetus.com\/de\/wp-json\/wp\/v2\/types\/page"}],"author":[{"embeddable":true,"href":"https:\/\/vetus.com\/de\/wp-json\/wp\/v2\/users\/31"}],"replies":[{"embeddable":true,"href":"https:\/\/vetus.com\/de\/wp-json\/wp\/v2\/comments?post=3093"}],"version-history":[{"count":0,"href":"https:\/\/vetus.com\/de\/wp-json\/wp\/v2\/pages\/3093\/revisions"}],"up":[{"embeddable":true,"href":"https:\/\/vetus.com\/de\/wp-json\/wp\/v2\/pages\/3104"}],"wp:featuredmedia":[{"embeddable":true,"href":"https:\/\/vetus.com\/de\/wp-json\/wp\/v2\/media\/3095"}],"wp:attachment":[{"href":"https:\/\/vetus.com\/de\/wp-json\/wp\/v2\/media?parent=3093"}],"curies":[{"name":"wp","href":"https:\/\/api.w.org\/{rel}","templated":true}]}}