{"id":3091,"date":"2021-03-31T09:14:27","date_gmt":"2021-03-31T07:14:27","guid":{"rendered":"http:\/\/vetus.inlinedigital.nl\/cms\/vetus-warranty-policy\/"},"modified":"2021-07-22T07:01:16","modified_gmt":"2021-07-22T06:01:16","slug":"vetus-garantie-police","status":"publish","type":"page","link":"https:\/\/vetus.com\/de\/service-unterstuetzung\/vetus-garantie-police\/","title":{"rendered":"VETUS Garantiebestimmungen"},"content":{"rendered":"\n<section class=\"section  \">\n    \n\n<section id=\"section-text-block-block_60642f52d5387\" class=\"section text-block \">\n                    <div class=\"section section__body\">\n            <div class=\"text-block\">\n                <div class=\"container\">\n                    <div class=\"row\">\n                        <div class=\"col-lg-8 offset-lg-2\">\n                                                            <div class=\"section__content single__content hentry\">\n                                    <p>Seit dem 1. Januar 2011 betr\u00e4gt die Garantie auf alle VETUS-Produkte 3 Jahre und die Garantie auf Motoren und Generatoren sogar 5 Jahre. Neben diesen hervorragenden Garantiebedingungen stellt VETUS auch ein weltweites Servicenetz zur Verf\u00fcgung, so dass unsere Kunden immer mit einer hervorragenden Unterst\u00fctzung rechnen k\u00f6nnen.<\/p>\n<p><img decoding=\"async\" class=\"alignnone wp-image-24826 size-full\" src=\"https:\/\/vetus.com\/cms\/wp-content\/uploads\/warranty_try4.jpg\" alt=\"\" width=\"770\" height=\"227\" srcset=\"https:\/\/vetus.com\/wp-content\/uploads\/warranty_try4.jpg 770w, https:\/\/vetus.com\/wp-content\/uploads\/warranty_try4-300x88.jpg 300w, https:\/\/vetus.com\/wp-content\/uploads\/warranty_try4-768x226.jpg 768w, https:\/\/vetus.com\/wp-content\/uploads\/warranty_try4-210x62.jpg 210w, https:\/\/vetus.com\/wp-content\/uploads\/warranty_try4-330x97.jpg 330w, https:\/\/vetus.com\/wp-content\/uploads\/warranty_try4-431x127.jpg 431w, https:\/\/vetus.com\/wp-content\/uploads\/warranty_try4-507x149.jpg 507w, https:\/\/vetus.com\/wp-content\/uploads\/warranty_try4-530x156.jpg 530w, https:\/\/vetus.com\/wp-content\/uploads\/warranty_try4-690x203.jpg 690w\" sizes=\"(max-width: 770px) 100vw, 770px\" \/><\/p>\n<h3>Garantiebestimmungen f\u00fcr VETUS-Ausr\u00fcstung<\/h3>\n<h6>Artikel 1<\/h6>\n<p>Diese Garantie wird von VETUS NV oder ihren Tochtergesellschaften gew\u00e4hrt.<\/p>\n<h6>Artkel 2<\/h6>\n<p>2.1. Die Garantie gilt nur f\u00fcr Produkte, die von VETUS hergestellt und\/oder geliefert werden.<br \/>\n2.2. Die Garantie gilt nur f\u00fcr Produkte, die von VETUS oder ihren Tochtergesellschaften geliefert werden.<\/p>\n<h6>Artikel 3<\/h6>\n<p>3.1. Die Garantie wird dem ersten Besitzer gew\u00e4hrt. Die Garantie kann auf einen neuen Eigent\u00fcmer \u00fcbertragen werden, wobei die verbleibende Garantiezeit integral auf diesen \u00fcbertragen wird. Alle \u00c4nderungen, die an der Installation oder den Produkten vorgenommen werden, f\u00fchren zum Erl\u00f6schen der Garantiebedingungen.<\/p>\n<h6>Artikel 4<\/h6>\n<p>4.1. Die Gew\u00e4hrleistungsfrist beginnt mit dem Zeitpunkt der Auslieferung des VETUS-Produktes an den Endverbraucher.<br \/>\n4.2. Die Garantiezeit betr\u00e4gt 36 Monate. Diese Garantiezeit gilt nur f\u00fcr einen Endverbraucher im Einzelhandel, nicht f\u00fcr eine Firma oder einen professionellen Anwender und ausschlie\u00dflich f\u00fcr den Freizeitgebrauch.<br \/>\n4.3. Die Garantiezeit betr\u00e4gt 12 Monate f\u00fcr den professionellen Einsatz. Vor der Verwendung des Produkts f\u00fcr professionelle Zwecke sollte der Benutzer eine schriftliche Genehmigung von VETUS und\/oder ihren autorisierten H\u00e4ndlern einholen.<\/p>\n<h6>Article 5<\/h6>\n<p>5.1. VETUS garantiert, dass die VETUS-Ger\u00e4te w\u00e4hrend der Garantiezeit gegen Produkt-, Material- und Herstellungsfehler abgesichert sind.<br \/>\n5.2. W\u00e4hrend der Garantiezeit auftretende M\u00e4ngel werden von VETUS ohne Kosten f\u00fcr den Eigent\u00fcmer behoben.<br \/>\n5.3. VETUS beh\u00e4lt sich das Recht vor, ein neues oder ein Ersatzprodukt zu liefern, falls eine Reparatur des fehlerhaften Produkts nicht m\u00f6glich ist.<br \/>\n5.4. Produkte, die von VETUS im Rahmen der Garantie ersetzt werden, gehen automatisch in das Eigentum von VETUS \u00fcber.<\/p>\n<h6>Artikel 6<\/h6>\n<p>6.1. Die endg\u00fcltige Entscheidung \u00fcber die Anwendbarkeit der Garantie wird von VETUS und nicht von ihren Vertragsh\u00e4ndlern getroffen. Die Entscheidung wird schriftlich an den liefernden H\u00e4ndler\/Werft weitergeleitet. VETUS tritt nicht in Korrespondenz oder Dialog mit dem Endverbraucher ein.<\/p>\n<h6>Artikel 7<\/h6>\n<p>7.1. Der Endverbraucher kann den Garantieanspruch nicht direkt bei VETUS geltend machen, sondern sollte den Garantieanspruch beim Lieferanten des VETUS-Produkts geltend machen.<\/p>\n<h6>Artikel 8<\/h6>\n<p>Alle Anspr\u00fcche auf Gew\u00e4hrleistung werden in den folgenden Situationen hinf\u00e4llig:<\/p>\n<ul>\n<li>Dass eine erforderliche periodische Wartung nicht von einem autorisierten VETUS-H\u00e4ndler durchgef\u00fchrt wurde<\/li>\n<li>Fehlerhafte Installation oder Montage des Produkts<\/li>\n<li>Unsachgem\u00e4\u00dfe Verwendung des Produkts<\/li>\n<li>Der Ausfall ist auf mangelnde Sorgfalt des Betreibers oder Anwenders zur\u00fcckzuf\u00fchren<\/li>\n<li>Im Falle eines externen Ungl\u00fccks<\/li>\n<li>Bei Nichtbeachtung der Hinweise zum Gebrauch<\/li>\n<li>Die Garantiezeit von 36 Monaten ist abgelaufen<\/li>\n<\/ul>\n<h6>Artikel 9<\/h6>\n<p>Ausschl\u00fcsse: Situationen, die nicht unter diese Garantie fallen:<\/p>\n<ul>\n<li>Verschlei\u00dfteile<\/li>\n<li>Folgekosten wie (aber nicht beschr\u00e4nkt auf) &#8211; Transportkosten, Arbeitskosten, Krankosten, Hebekosten usw.<\/li>\n<li>Sch\u00e4den als Folge von Umwelteinfl\u00fcssen<\/li>\n<li>Verschmutzung, Einfrieren, \u00dcberhitzung und \u00dcberlastung<\/li>\n<\/ul>\n<h3>Garantiebestimmungen f\u00fcr VETUS-Motoren<\/h3>\n<h6>Artikel 1<\/h6>\n<p>1.1. This warranty is provided by VETUS B.V. or its affiliates.<\/p>\n<h6>Artikel 2<\/h6>\n<p>2.1. Diese Garantie wird von VETUS NV oder ihren Tochtergesellschaften gew\u00e4hrt.<br \/>\n2.2. Die Garantie gilt nur f\u00fcr Produkte, die von VETUS hergestellt und\/oder geliefert wurden<\/p>\n<h6>Artikel 3<\/h6>\n<p>3.1. Um die Garantie f\u00fcr Motoren in Anspruch nehmen zu k\u00f6nnen, muss ein vollst\u00e4ndig ausgef\u00fclltes und unterschriebenes Servicehandbuch vorgelegt werden. Um die Garantie auf Ersatzteile oder Zubeh\u00f6r in Anspruch zu nehmen, wird eine Kopie der Rechnung f\u00fcr das betreffende Ersatzteil oder Zubeh\u00f6r als Nachweis f\u00fcr die G\u00fcltigkeit der Garantie ben\u00f6tigt.<\/p>\n<p>4.1. Die Garantie wird dem ersten Besitzer gew\u00e4hrt. Die Garantie kann auf einen neuen Eigent\u00fcmer \u00fcbertragen werden, wobei die verbleibende Garantiezeit integral auf diesen \u00fcbertragen wird. Jegliche \u00c4nderungen, die an der Installation oder den Produkten vorgenommen werden, f\u00fchren zum Erl\u00f6schen der Garantiebedingungen.<\/p>\n<h6>Artikel 5<\/h6>\n<p>5.1. VETUS garantiert die Qualit\u00e4t des gelieferten Produkts und des mit dem Produkt gelieferten Zubeh\u00f6rs. M\u00e4ngel werden von VETUS oder von den mit ihr verbundenen Unternehmen behoben, entweder durch Austausch oder Reparatur des defekten Teils. Die betreffende Reparatur wird an einem von VETUS gew\u00e4hlten Ort durchgef\u00fchrt.<\/p>\n<h6>Artikel 6<\/h6>\n<p>6.1. Die Garantiezeit beginnt mit dem Tag der Lieferung an den ersten Besitzer\/Endverbraucher. Der Motor oder Generator sollte sp\u00e4testens 6 (sechs) Monate nach der Lieferung in Betrieb genommen werden.<\/p>\n<h6>Artikel 7<\/h6>\n<p>7.1. VETUS-Schiffsdieselmotoren f\u00fcr den nichtgewerblichen Einsatz in der Sportschifffahrt haben eine Garantie gegen alle Material- und\/oder Konstruktionsfehler gem\u00e4\u00df geltendem Recht, f\u00fcr einen Zeitraum von 36 (sechsunddrei\u00dfig) Monaten oder f\u00fcr maximal 1000 (eintausend) Betriebsstunden, je nachdem, was zuerst eintritt.<br \/>\n7.2. Zus\u00e4tzlich zu dieser Garantiezeit garantiert VETUS w\u00e4hrend der folgenden 24 (vierundzwanzig) Monate oder f\u00fcr weitere 1500 (f\u00fcnfzehnhundert) Betriebsstunden, je nachdem, was zuerst eintritt, folgende Motorteile: das Zylinderblockgussst\u00fcck, das Zylinderkopfgussst\u00fcck, die Kurbelwelle, die Nockenwelle, das Schwungradgeh\u00e4usegussst\u00fcck, das Steuerradgussst\u00fcck, die Steuerr\u00e4der und die Pleuelstangen.<br \/>\n7.3. Die Garantie gilt nicht f\u00fcr den leichten professionellen Einsatz des Motors, es sei denn, VETUS hat unter besonderen Umst\u00e4nden eine Genehmigung f\u00fcr einen solchen Einsatz erteilt.<br \/>\n7.4. Wenn eine solche schriftliche Genehmigung von VETUS f\u00fcr eine leichte gewerbliche Nutzung des Produkts erteilt wird, betr\u00e4gt die Garantiezeit 12 (zw\u00f6lf) Monate oder maximal 1000 (eintausend) Betriebsstunden, je nachdem, was zuerst eintritt.<\/p>\n<h6>Artikel 8<\/h6>\n<p>8.1. Die internationale Garantiezeit f\u00fcr Generators\u00e4tze betr\u00e4gt:<\/p>\n<ul>\n<li>36 (sechsunddrei\u00dfig) Monate oder maximal 1500 (f\u00fcnfzehnhundert) Betriebsstunden, je nachdem, was zuerst eintritt (Generatorbetriebsdrehzahl von 1500 U\/min).<\/li>\n<li>36 (sechsunddrei\u00dfig) Monate oder maximal 1000 (eintausend) Betriebsstunden, je nachdem, was zuerst eintritt (Generatorbetriebsdrehzahl von 3000 U\/min).<\/li>\n<\/ul>\n<p>8.2. In addition to this warranty period, VETUS guarantees during the subsequent 24 (twenty four) months, or an additional 1000 (one thousand) operating hours, depending on whichever comes first , the following engine parts: the cylinder block casting, the cylinder head casting, the crankshaft, the camshaft, the flywheel housing casting, the timing gear casting, the timing gears and the connecting rods<\/p>\n<h6>Artikel 9<\/h6>\n<p>9.1. Die internationale Garantiezeit f\u00fcr Motorteile und Zubeh\u00f6r betr\u00e4gt 12 (zw\u00f6lf) Monate ab Rechnungsdatum. Teile, die f\u00fcr die periodische Wartung erforderlich sind, und Teile, die dem Verschlei\u00df unterliegen, sind nicht eingeschlossen.<\/p>\n<h6>Artikel 10<\/h6>\n<p>10.1. Erkennbare M\u00e4ngel m\u00fcssen unverz\u00fcglich, sp\u00e4testens jedoch innerhalb von f\u00fcnf Tagen dem VETUS-H\u00e4ndler, Distributor oder Importeur schriftlich mitgeteilt werden.<\/p>\n<p>10.2. Alle Anspr\u00fcche auf die Garantie werden null und nichtig, wenn:<\/p>\n<ul>\n<li>Das Produkt oder die Komponente wurde f\u00fcr eine andere Anwendung als in der Spezifikation angegeben verwendet.<\/li>\n<li>Das Produkt oder Teil wurde unsachgem\u00e4\u00df montiert oder installiert.<\/li>\n<li>Der Ausfall ist auf normalen und zu erwartenden Verschlei\u00df zur\u00fcckzuf\u00fchren.<\/li>\n<li>Die Bedingungen f\u00fcr Betrieb, Wartung und Reparatur wurden nicht eingehalten.<\/li>\n<li>Die periodische Wartung wurde nicht von einem VETUS-Vertragsh\u00e4ndler durchgef\u00fchrt.<\/li>\n<li>Die Konstruktion oder Einstellung des Produkts wurde ohne Zustimmung von VETUS ge\u00e4ndert.<\/li>\n<li>Das Produkt wurde f\u00fcr einen anderen als den vorgesehenen Zweck verwendet.<\/li>\n<li>Es wurden nicht-originale Teile eingebaut.<\/li>\n<li>Der Mangel wurde nicht innerhalb von 14 Tagen nach Feststellung des Mangels schriftlich beim H\u00e4ndler, O.E.M (Original Equipment Manufacturer), Importeur oder VETUS gemeldet.<\/li>\n<\/ul>\n<p>10.3. Die Garantie deckt nicht ab:<\/p>\n<ul>\n<li>Fehler, die nicht auf Material- oder Konstruktionsfehler zur\u00fcckzuf\u00fchren sind.<\/li>\n<li>St\u00f6rungen durch: normale Abnutzung, innere oder \u00e4u\u00dfere Verschmutzung, Rost und Lacksch\u00e4den, Einfrieren, \u00dcberhitzung, \u00dcberlastung oder unsachgem\u00e4\u00dfen Gebrauch.<\/li>\n<li>Sch\u00e4den, die bei Transport, Verteilung oder Lagerung entstanden sind.<\/li>\n<li>Reparaturen, die von einer nicht autorisierten Servicestelle durchgef\u00fchrt wurden.<\/li>\n<li>Materialien oder Verfahren, die auf Wunsch des Eigent\u00fcmers verwendet werden, aber normalerweise nicht mitgeliefert werden.<\/li>\n<li>Inspektionen oder \u00e4hnliche fachliche Beratungen, die ohne vorherige schriftliche Genehmigung von VETUS durchgef\u00fchrt werden.<\/li>\n<li>Verschlei\u00dfteile, wie z. B. Filter, Dichtungen, Einspritzd\u00fcsen, Schmiermittel, Thermostate, Lacke, Schl\u00e4uche, B\u00fcrsten, Gl\u00fchkerzen, Keilriemen und Impeller.<\/li>\n<li>Folgekosten f\u00fcr Gewinnbeteiligung, Transport-, Reise- oder Unterkunftskosten, Zeitverlust, Verlust von Eigentum, Nutzungsausfall oder Kosten f\u00fcr die Zug\u00e4nglichmachung des Produkts, Kran-, Dock- oder Hebekosten, Sch\u00e4den aufgrund von Personensch\u00e4den oder Verlust von Besitzt\u00fcmern.<\/li>\n<\/ul>\n<h6>Artikel 11<\/h6>\n<p>11.1. Ein Anspruch auf die Garantie kann nur geltend gemacht werden, wenn die Installationsformulare vom H\u00e4ndler oder Installateur vollst\u00e4ndig ausgef\u00fcllt und innerhalb von 14 Tagen nach Inbetriebnahme des Produkts an die Serviceabteilung der VETUS NV zur\u00fcckgeschickt wurden.<\/p>\n                                <\/div>\n                            \n                                                    <\/div>\n                    <\/div>\n                <\/div>\n            <\/div>\n        <\/div>\n    <\/section><\/section>","protected":false},"excerpt":{"rendered":"<p>Standardm\u00e4\u00dfig geben wir 3 Jahre Garantie auf Ger\u00e4te und 5 Jahre Garantie auf Motoren.<\/p>\n","protected":false},"author":31,"featured_media":16964,"parent":3104,"menu_order":105,"comment_status":"closed","ping_status":"closed","template":"tpl-basic.php","meta":{"_acf_changed":false,"footnotes":""},"class_list":["post-3091","page","type-page","status-publish","has-post-thumbnail","hentry"],"acf":{"introduction":"","person":false},"yoast_head":"<!-- This site is optimized with the Yoast SEO Premium plugin v27.3 (Yoast SEO v27.3) - https:\/\/yoast.com\/product\/yoast-seo-premium-wordpress\/ -->\n<title>VETUS Garantiebestimmungen - VETUS<\/title>\n<meta name=\"robots\" content=\"index, follow, max-snippet:-1, max-image-preview:large, max-video-preview:-1\" \/>\n<link rel=\"canonical\" href=\"https:\/\/vetus.com\/de\/service-unterstuetzung\/vetus-garantie-police\/\" \/>\n<meta property=\"og:locale\" content=\"de_DE\" \/>\n<meta property=\"og:type\" content=\"article\" \/>\n<meta property=\"og:title\" content=\"VETUS Garantiebestimmungen\" \/>\n<meta property=\"og:description\" content=\"Standardm\u00e4\u00dfig geben wir 3 Jahre Garantie auf Ger\u00e4te und 5 Jahre Garantie auf Motoren.\" \/>\n<meta property=\"og:url\" content=\"https:\/\/vetus.com\/de\/service-unterstuetzung\/vetus-garantie-police\/\" \/>\n<meta property=\"og:site_name\" content=\"VETUS\" \/>\n<meta property=\"article:modified_time\" content=\"2021-07-22T06:01:16+00:00\" \/>\n<meta property=\"og:image\" content=\"https:\/\/vetus.com\/wp-content\/uploads\/3_5_jaargarantie_ServiceSupportPage_3x2-3.png\" \/>\n\t<meta property=\"og:image:width\" content=\"1200\" \/>\n\t<meta property=\"og:image:height\" content=\"800\" \/>\n\t<meta property=\"og:image:type\" content=\"image\/png\" \/>\n<meta name=\"twitter:card\" content=\"summary_large_image\" \/>\n<script type=\"application\/ld+json\" class=\"yoast-schema-graph\">{\"@context\":\"https:\\\/\\\/schema.org\",\"@graph\":[{\"@type\":\"WebPage\",\"@id\":\"https:\\\/\\\/vetus.com\\\/de\\\/service-unterstuetzung\\\/vetus-garantie-police\\\/\",\"url\":\"https:\\\/\\\/vetus.com\\\/de\\\/service-unterstuetzung\\\/vetus-garantie-police\\\/\",\"name\":\"VETUS Garantiebestimmungen - VETUS\",\"isPartOf\":{\"@id\":\"https:\\\/\\\/vetus.com\\\/de\\\/#website\"},\"primaryImageOfPage\":{\"@id\":\"https:\\\/\\\/vetus.com\\\/de\\\/service-unterstuetzung\\\/vetus-garantie-police\\\/#primaryimage\"},\"image\":{\"@id\":\"https:\\\/\\\/vetus.com\\\/de\\\/service-unterstuetzung\\\/vetus-garantie-police\\\/#primaryimage\"},\"thumbnailUrl\":\"https:\\\/\\\/vetus.com\\\/wp-content\\\/uploads\\\/3_5_jaargarantie_ServiceSupportPage_3x2-3.png\",\"datePublished\":\"2021-03-31T07:14:27+00:00\",\"dateModified\":\"2021-07-22T06:01:16+00:00\",\"breadcrumb\":{\"@id\":\"https:\\\/\\\/vetus.com\\\/de\\\/service-unterstuetzung\\\/vetus-garantie-police\\\/#breadcrumb\"},\"inLanguage\":\"de\",\"potentialAction\":[{\"@type\":\"ReadAction\",\"target\":[\"https:\\\/\\\/vetus.com\\\/de\\\/service-unterstuetzung\\\/vetus-garantie-police\\\/\"]}]},{\"@type\":\"ImageObject\",\"inLanguage\":\"de\",\"@id\":\"https:\\\/\\\/vetus.com\\\/de\\\/service-unterstuetzung\\\/vetus-garantie-police\\\/#primaryimage\",\"url\":\"https:\\\/\\\/vetus.com\\\/wp-content\\\/uploads\\\/3_5_jaargarantie_ServiceSupportPage_3x2-3.png\",\"contentUrl\":\"https:\\\/\\\/vetus.com\\\/wp-content\\\/uploads\\\/3_5_jaargarantie_ServiceSupportPage_3x2-3.png\",\"width\":1200,\"height\":800},{\"@type\":\"BreadcrumbList\",\"@id\":\"https:\\\/\\\/vetus.com\\\/de\\\/service-unterstuetzung\\\/vetus-garantie-police\\\/#breadcrumb\",\"itemListElement\":[{\"@type\":\"ListItem\",\"position\":1,\"name\":\"Home\",\"item\":\"https:\\\/\\\/vetus.com\\\/de\\\/\"},{\"@type\":\"ListItem\",\"position\":2,\"name\":\"Service &#038; Unterst\u00fctzung\",\"item\":\"https:\\\/\\\/vetus.com\\\/de\\\/service-unterstuetzung\\\/\"},{\"@type\":\"ListItem\",\"position\":3,\"name\":\"VETUS Garantiebestimmungen\"}]},{\"@type\":\"WebSite\",\"@id\":\"https:\\\/\\\/vetus.com\\\/de\\\/#website\",\"url\":\"https:\\\/\\\/vetus.com\\\/de\\\/\",\"name\":\"VETUS\",\"description\":\"\",\"potentialAction\":[{\"@type\":\"SearchAction\",\"target\":{\"@type\":\"EntryPoint\",\"urlTemplate\":\"https:\\\/\\\/vetus.com\\\/de\\\/?s={search_term_string}\"},\"query-input\":{\"@type\":\"PropertyValueSpecification\",\"valueRequired\":true,\"valueName\":\"search_term_string\"}}],\"inLanguage\":\"de\"}]}<\/script>\n<!-- \/ Yoast SEO Premium plugin. -->","yoast_head_json":{"title":"VETUS Garantiebestimmungen - VETUS","robots":{"index":"index","follow":"follow","max-snippet":"max-snippet:-1","max-image-preview":"max-image-preview:large","max-video-preview":"max-video-preview:-1"},"canonical":"https:\/\/vetus.com\/de\/service-unterstuetzung\/vetus-garantie-police\/","og_locale":"de_DE","og_type":"article","og_title":"VETUS Garantiebestimmungen","og_description":"Standardm\u00e4\u00dfig geben wir 3 Jahre Garantie auf Ger\u00e4te und 5 Jahre Garantie auf Motoren.","og_url":"https:\/\/vetus.com\/de\/service-unterstuetzung\/vetus-garantie-police\/","og_site_name":"VETUS","article_modified_time":"2021-07-22T06:01:16+00:00","og_image":[{"width":1200,"height":800,"url":"https:\/\/vetus.com\/wp-content\/uploads\/3_5_jaargarantie_ServiceSupportPage_3x2-3.png","type":"image\/png"}],"twitter_card":"summary_large_image","schema":{"@context":"https:\/\/schema.org","@graph":[{"@type":"WebPage","@id":"https:\/\/vetus.com\/de\/service-unterstuetzung\/vetus-garantie-police\/","url":"https:\/\/vetus.com\/de\/service-unterstuetzung\/vetus-garantie-police\/","name":"VETUS Garantiebestimmungen - VETUS","isPartOf":{"@id":"https:\/\/vetus.com\/de\/#website"},"primaryImageOfPage":{"@id":"https:\/\/vetus.com\/de\/service-unterstuetzung\/vetus-garantie-police\/#primaryimage"},"image":{"@id":"https:\/\/vetus.com\/de\/service-unterstuetzung\/vetus-garantie-police\/#primaryimage"},"thumbnailUrl":"https:\/\/vetus.com\/wp-content\/uploads\/3_5_jaargarantie_ServiceSupportPage_3x2-3.png","datePublished":"2021-03-31T07:14:27+00:00","dateModified":"2021-07-22T06:01:16+00:00","breadcrumb":{"@id":"https:\/\/vetus.com\/de\/service-unterstuetzung\/vetus-garantie-police\/#breadcrumb"},"inLanguage":"de","potentialAction":[{"@type":"ReadAction","target":["https:\/\/vetus.com\/de\/service-unterstuetzung\/vetus-garantie-police\/"]}]},{"@type":"ImageObject","inLanguage":"de","@id":"https:\/\/vetus.com\/de\/service-unterstuetzung\/vetus-garantie-police\/#primaryimage","url":"https:\/\/vetus.com\/wp-content\/uploads\/3_5_jaargarantie_ServiceSupportPage_3x2-3.png","contentUrl":"https:\/\/vetus.com\/wp-content\/uploads\/3_5_jaargarantie_ServiceSupportPage_3x2-3.png","width":1200,"height":800},{"@type":"BreadcrumbList","@id":"https:\/\/vetus.com\/de\/service-unterstuetzung\/vetus-garantie-police\/#breadcrumb","itemListElement":[{"@type":"ListItem","position":1,"name":"Home","item":"https:\/\/vetus.com\/de\/"},{"@type":"ListItem","position":2,"name":"Service &#038; Unterst\u00fctzung","item":"https:\/\/vetus.com\/de\/service-unterstuetzung\/"},{"@type":"ListItem","position":3,"name":"VETUS Garantiebestimmungen"}]},{"@type":"WebSite","@id":"https:\/\/vetus.com\/de\/#website","url":"https:\/\/vetus.com\/de\/","name":"VETUS","description":"","potentialAction":[{"@type":"SearchAction","target":{"@type":"EntryPoint","urlTemplate":"https:\/\/vetus.com\/de\/?s={search_term_string}"},"query-input":{"@type":"PropertyValueSpecification","valueRequired":true,"valueName":"search_term_string"}}],"inLanguage":"de"}]}},"_links":{"self":[{"href":"https:\/\/vetus.com\/de\/wp-json\/wp\/v2\/pages\/3091","targetHints":{"allow":["GET"]}}],"collection":[{"href":"https:\/\/vetus.com\/de\/wp-json\/wp\/v2\/pages"}],"about":[{"href":"https:\/\/vetus.com\/de\/wp-json\/wp\/v2\/types\/page"}],"author":[{"embeddable":true,"href":"https:\/\/vetus.com\/de\/wp-json\/wp\/v2\/users\/31"}],"replies":[{"embeddable":true,"href":"https:\/\/vetus.com\/de\/wp-json\/wp\/v2\/comments?post=3091"}],"version-history":[{"count":0,"href":"https:\/\/vetus.com\/de\/wp-json\/wp\/v2\/pages\/3091\/revisions"}],"up":[{"embeddable":true,"href":"https:\/\/vetus.com\/de\/wp-json\/wp\/v2\/pages\/3104"}],"wp:featuredmedia":[{"embeddable":true,"href":"https:\/\/vetus.com\/de\/wp-json\/wp\/v2\/media\/16964"}],"wp:attachment":[{"href":"https:\/\/vetus.com\/de\/wp-json\/wp\/v2\/media?parent=3091"}],"curies":[{"name":"wp","href":"https:\/\/api.w.org\/{rel}","templated":true}]}}