{"id":26917,"date":"2021-08-03T14:31:20","date_gmt":"2021-08-03T12:31:20","guid":{"rendered":"https:\/\/vetus.com\/?page_id=26917"},"modified":"2025-12-01T11:25:42","modified_gmt":"2025-12-01T09:25:42","slug":"erklaerung-zur-uk-steuerstrategie","status":"publish","type":"page","link":"https:\/\/vetus.com\/de\/erklaerung-zur-uk-steuerstrategie\/","title":{"rendered":"Erkl\u00e4rung zur UK-Steuerstrategie"},"content":{"rendered":"\n<section class=\"section  \">\n    \n\n<section id=\"section-text-block-block_8e8f2d93f3059b22ecbc4f93576d4fd8\" class=\"section text-block \">\n                    <div class=\"section section__body\">\n            <div class=\"text-block\">\n                <div class=\"container\">\n                    <div class=\"row\">\n                        <div class=\"col-lg-8 offset-lg-2\">\n                                                            <div class=\"section__content single__content hentry\">\n                                    <p>Diese Steuerstrategie f\u00fcr das Vereinigte K\u00f6nigreich gilt f\u00fcr die Vetus Limited, die ein britisches Mitglied der Yanmar-Gruppe (&#8222;Yanmar&#8220;) ist. Ihre Ver\u00f6ffentlichung wird als in \u00dcbereinstimmung mit Teil 2 von Schedule 19 des Finanzgesetzes 2016 f\u00fcr den Zeitraum bis zum 31. M\u00e4rz 2026 angesehen.<\/p>\n<p>Yanmar ist ein japanischer Konzern, dessen Anf\u00e4nge auf das Jahr 1912 zur\u00fcckgehen und dem es 1933 als erstem gelang, einen kompakten Dieselmotor von praktischer Gr\u00f6\u00dfe herzustellen. Mit Industrie-Dieselmotoren als Eckpfeiler des Unternehmens hat Yanmar seine Produktpalette, seine Dienstleistungen und sein Fachwissen kontinuierlich erweitert, um als Hersteller von Industrieanlagen Komplettl\u00f6sungen anzubieten. Als Anbieter von Klein- und Gro\u00dfmotoren, Landmaschinen und -anlagen, Baumaschinen, Energiesystemen, Schiffsausr\u00fcstungen, Werkzeugmaschinen und Komponenten umfasst die globale Gesch\u00e4ftst\u00e4tigkeit von Yanmar sieben Bereiche.<\/p>\n<p><strong>Ansatz zur Einhaltung<\/strong><\/p>\n<p>Der globale Verhaltenskodex von Yanmar unterstreicht, wie wichtig es ist, das Vertrauen der Stakeholder zu erhalten, indem wir unserer sozialen Verantwortung gerecht werden und alle geltenden Gesetze und Vorschriften einhalten. Dies untermauert unseren Ansatz zur Besteuerung in Gro\u00dfbritannien, der sich auf die Erf\u00fcllung unserer Verpflichtungen konzentriert.<\/p>\n<p><strong>Steuerliche Steuerung und Risikomanagement<\/strong><\/p>\n<p>Die routinem\u00e4\u00dfige Einhaltung von Steuergesetzen wird lokal verwaltet. Aspekte unseres Steuermanagements, die eine st\u00e4rkere Koordinierung erfordern (z. B. die Entwicklung und Aufrechterhaltung unserer Verrechnungspreispolitik in \u00dcbereinstimmung mit den OECD-Grunds\u00e4tzen), werden jedoch auf Konzernebene beaufsichtigt.<\/p>\n<p>Das Steuermanagement erfolgt in \u00dcbereinstimmung mit unserer geringen Risikobereitschaft, und wir steuern das Steuerrisiko, indem wir sicherstellen, dass die Aktivit\u00e4ten zur Einhaltung der Steuergesetze im Vereinigten K\u00f6nigreich mit angemessenen Ressourcen ausgestattet sind. Das bedeutet, dass die Mitarbeiter, die mit der Einhaltung der Steuergesetze im Vereinigten K\u00f6nigreich befasst sind, entsprechend geschult und qualifiziert sind, und dass wir bei der Auslagerung solcher T\u00e4tigkeiten nur auf seri\u00f6se Berater zur\u00fcckgreifen. Wir ziehen auch Berater zu Rate, um sicherzustellen, dass wir \u00fcber \u00c4nderungen der Steuergesetzgebung auf dem Laufenden sind und in der Lage sind, alle damit verbundenen Risiken zu erkennen und zu bew\u00e4ltigen.<\/p>\n<p>Unsere Steuerstrategie f\u00fcr das Vereinigte K\u00f6nigreich wird von der Steuerabteilung der Accounting &amp; Administration Division von Yanmar Global Expert Co. in Japan genehmigt und von den Vorst\u00e4nden der britischen Tochtergesellschaften anerkannt und umgesetzt.<\/p>\n<p><strong>Planung<\/strong><\/p>\n<p>Zu Lande, zu Wasser und in der Stadt &#8211; die Mission von Yanmar, &#8222;nachhaltige L\u00f6sungen f\u00fcr die Herausforderungen der Kunden in der Nahrungsmittelproduktion und der Nutzung von Energie zu bieten und damit das Leben der Menschen f\u00fcr alle unsere Morgen zu bereichern&#8220;, zeugt von der Entschlossenheit von Yanmar, uns eine &#8222;NACHHALTIGE ZUKUNFT&#8220; zu bieten. Wir werden uns nicht an einer Steuerplanung beteiligen, die unser Engagement f\u00fcr eine &#8222;NACHHALTIGE ZUKUNFT&#8220; untergr\u00e4bt. Wir werden jedoch auf legitime Anreize (wie z.B. Kapitalfreibetr\u00e4ge) reagieren, wenn diese verf\u00fcgbar sind, um unsere Steuerverbindlichkeiten im Einklang mit den Zielen der Gesetzgebung zu verwalten.<\/p>\n<p><strong>Beziehungen zu den Steuerbeh\u00f6rden<\/strong><\/p>\n<p>Die Interaktion mit der HMRC beschr\u00e4nkt sich im Allgemeinen auf administrative Anfragen, um sicherzustellen, dass die Erwartungen der HMRC erf\u00fcllt werden. Im Falle von HMRC-Anfragen werden wir diese in einer kooperativen und offenen Weise beantworten.<\/p>\n                                <\/div>\n                            \n                                                    <\/div>\n                    <\/div>\n                <\/div>\n            <\/div>\n        <\/div>\n    <\/section><\/section>","protected":false},"excerpt":{"rendered":"<p>As standard we give 3 years warranty on equipment and 5 years warranty on engines.<\/p>\n","protected":false},"author":7,"featured_media":3092,"parent":0,"menu_order":171,"comment_status":"closed","ping_status":"closed","template":"tpl-basic.php","meta":{"_acf_changed":false,"footnotes":""},"class_list":["post-26917","page","type-page","status-publish","has-post-thumbnail","hentry"],"acf":{"introduction":"","person":false},"yoast_head":"<!-- This site is optimized with the Yoast SEO Premium plugin v27.4 (Yoast SEO v27.4) - https:\/\/yoast.com\/product\/yoast-seo-premium-wordpress\/ -->\n<title>Erkl\u00e4rung zur UK-Steuerstrategie - VETUS<\/title>\n<meta name=\"robots\" content=\"index, follow, max-snippet:-1, max-image-preview:large, max-video-preview:-1\" \/>\n<link rel=\"canonical\" href=\"https:\/\/vetus.com\/de\/erklaerung-zur-uk-steuerstrategie\/\" \/>\n<meta property=\"og:locale\" content=\"de_DE\" \/>\n<meta property=\"og:type\" content=\"article\" \/>\n<meta property=\"og:title\" content=\"Erkl\u00e4rung zur UK-Steuerstrategie\" \/>\n<meta property=\"og:description\" content=\"As standard we give 3 years warranty on equipment and 5 years warranty on engines.\" \/>\n<meta property=\"og:url\" content=\"https:\/\/vetus.com\/de\/erklaerung-zur-uk-steuerstrategie\/\" \/>\n<meta property=\"og:site_name\" content=\"VETUS\" \/>\n<meta property=\"article:modified_time\" content=\"2025-12-01T09:25:42+00:00\" \/>\n<meta property=\"og:image\" content=\"https:\/\/vetus.com\/wp-content\/uploads\/featured-warranty-3-5-years.png\" \/>\n\t<meta property=\"og:image:width\" content=\"1200\" \/>\n\t<meta property=\"og:image:height\" content=\"800\" \/>\n\t<meta property=\"og:image:type\" content=\"image\/png\" \/>\n<meta name=\"twitter:card\" content=\"summary_large_image\" \/>\n<meta name=\"twitter:label1\" content=\"Gesch\u00e4tzte Lesezeit\" \/>\n\t<meta name=\"twitter:data1\" content=\"3\u00a0Minuten\" \/>\n<script type=\"application\/ld+json\" class=\"yoast-schema-graph\">{\"@context\":\"https:\\\/\\\/schema.org\",\"@graph\":[{\"@type\":\"WebPage\",\"@id\":\"https:\\\/\\\/vetus.com\\\/de\\\/erklaerung-zur-uk-steuerstrategie\\\/\",\"url\":\"https:\\\/\\\/vetus.com\\\/de\\\/erklaerung-zur-uk-steuerstrategie\\\/\",\"name\":\"Erkl\u00e4rung zur UK-Steuerstrategie - VETUS\",\"isPartOf\":{\"@id\":\"https:\\\/\\\/vetus.com\\\/de\\\/#website\"},\"primaryImageOfPage\":{\"@id\":\"https:\\\/\\\/vetus.com\\\/de\\\/erklaerung-zur-uk-steuerstrategie\\\/#primaryimage\"},\"image\":{\"@id\":\"https:\\\/\\\/vetus.com\\\/de\\\/erklaerung-zur-uk-steuerstrategie\\\/#primaryimage\"},\"thumbnailUrl\":\"https:\\\/\\\/vetus.com\\\/wp-content\\\/uploads\\\/featured-warranty-3-5-years.png\",\"datePublished\":\"2021-08-03T12:31:20+00:00\",\"dateModified\":\"2025-12-01T09:25:42+00:00\",\"breadcrumb\":{\"@id\":\"https:\\\/\\\/vetus.com\\\/de\\\/erklaerung-zur-uk-steuerstrategie\\\/#breadcrumb\"},\"inLanguage\":\"de\",\"potentialAction\":[{\"@type\":\"ReadAction\",\"target\":[\"https:\\\/\\\/vetus.com\\\/de\\\/erklaerung-zur-uk-steuerstrategie\\\/\"]}]},{\"@type\":\"ImageObject\",\"inLanguage\":\"de\",\"@id\":\"https:\\\/\\\/vetus.com\\\/de\\\/erklaerung-zur-uk-steuerstrategie\\\/#primaryimage\",\"url\":\"https:\\\/\\\/vetus.com\\\/wp-content\\\/uploads\\\/featured-warranty-3-5-years.png\",\"contentUrl\":\"https:\\\/\\\/vetus.com\\\/wp-content\\\/uploads\\\/featured-warranty-3-5-years.png\",\"width\":1200,\"height\":800},{\"@type\":\"BreadcrumbList\",\"@id\":\"https:\\\/\\\/vetus.com\\\/de\\\/erklaerung-zur-uk-steuerstrategie\\\/#breadcrumb\",\"itemListElement\":[{\"@type\":\"ListItem\",\"position\":1,\"name\":\"Home\",\"item\":\"https:\\\/\\\/vetus.com\\\/de\\\/\"},{\"@type\":\"ListItem\",\"position\":2,\"name\":\"Erkl\u00e4rung zur UK-Steuerstrategie\"}]},{\"@type\":\"WebSite\",\"@id\":\"https:\\\/\\\/vetus.com\\\/de\\\/#website\",\"url\":\"https:\\\/\\\/vetus.com\\\/de\\\/\",\"name\":\"VETUS\",\"description\":\"\",\"potentialAction\":[{\"@type\":\"SearchAction\",\"target\":{\"@type\":\"EntryPoint\",\"urlTemplate\":\"https:\\\/\\\/vetus.com\\\/de\\\/?s={search_term_string}\"},\"query-input\":{\"@type\":\"PropertyValueSpecification\",\"valueRequired\":true,\"valueName\":\"search_term_string\"}}],\"inLanguage\":\"de\"}]}<\/script>\n<!-- \/ Yoast SEO Premium plugin. -->","yoast_head_json":{"title":"Erkl\u00e4rung zur UK-Steuerstrategie - VETUS","robots":{"index":"index","follow":"follow","max-snippet":"max-snippet:-1","max-image-preview":"max-image-preview:large","max-video-preview":"max-video-preview:-1"},"canonical":"https:\/\/vetus.com\/de\/erklaerung-zur-uk-steuerstrategie\/","og_locale":"de_DE","og_type":"article","og_title":"Erkl\u00e4rung zur UK-Steuerstrategie","og_description":"As standard we give 3 years warranty on equipment and 5 years warranty on engines.","og_url":"https:\/\/vetus.com\/de\/erklaerung-zur-uk-steuerstrategie\/","og_site_name":"VETUS","article_modified_time":"2025-12-01T09:25:42+00:00","og_image":[{"width":1200,"height":800,"url":"https:\/\/vetus.com\/wp-content\/uploads\/featured-warranty-3-5-years.png","type":"image\/png"}],"twitter_card":"summary_large_image","twitter_misc":{"Gesch\u00e4tzte Lesezeit":"3\u00a0Minuten"},"schema":{"@context":"https:\/\/schema.org","@graph":[{"@type":"WebPage","@id":"https:\/\/vetus.com\/de\/erklaerung-zur-uk-steuerstrategie\/","url":"https:\/\/vetus.com\/de\/erklaerung-zur-uk-steuerstrategie\/","name":"Erkl\u00e4rung zur UK-Steuerstrategie - VETUS","isPartOf":{"@id":"https:\/\/vetus.com\/de\/#website"},"primaryImageOfPage":{"@id":"https:\/\/vetus.com\/de\/erklaerung-zur-uk-steuerstrategie\/#primaryimage"},"image":{"@id":"https:\/\/vetus.com\/de\/erklaerung-zur-uk-steuerstrategie\/#primaryimage"},"thumbnailUrl":"https:\/\/vetus.com\/wp-content\/uploads\/featured-warranty-3-5-years.png","datePublished":"2021-08-03T12:31:20+00:00","dateModified":"2025-12-01T09:25:42+00:00","breadcrumb":{"@id":"https:\/\/vetus.com\/de\/erklaerung-zur-uk-steuerstrategie\/#breadcrumb"},"inLanguage":"de","potentialAction":[{"@type":"ReadAction","target":["https:\/\/vetus.com\/de\/erklaerung-zur-uk-steuerstrategie\/"]}]},{"@type":"ImageObject","inLanguage":"de","@id":"https:\/\/vetus.com\/de\/erklaerung-zur-uk-steuerstrategie\/#primaryimage","url":"https:\/\/vetus.com\/wp-content\/uploads\/featured-warranty-3-5-years.png","contentUrl":"https:\/\/vetus.com\/wp-content\/uploads\/featured-warranty-3-5-years.png","width":1200,"height":800},{"@type":"BreadcrumbList","@id":"https:\/\/vetus.com\/de\/erklaerung-zur-uk-steuerstrategie\/#breadcrumb","itemListElement":[{"@type":"ListItem","position":1,"name":"Home","item":"https:\/\/vetus.com\/de\/"},{"@type":"ListItem","position":2,"name":"Erkl\u00e4rung zur UK-Steuerstrategie"}]},{"@type":"WebSite","@id":"https:\/\/vetus.com\/de\/#website","url":"https:\/\/vetus.com\/de\/","name":"VETUS","description":"","potentialAction":[{"@type":"SearchAction","target":{"@type":"EntryPoint","urlTemplate":"https:\/\/vetus.com\/de\/?s={search_term_string}"},"query-input":{"@type":"PropertyValueSpecification","valueRequired":true,"valueName":"search_term_string"}}],"inLanguage":"de"}]}},"_links":{"self":[{"href":"https:\/\/vetus.com\/de\/wp-json\/wp\/v2\/pages\/26917","targetHints":{"allow":["GET"]}}],"collection":[{"href":"https:\/\/vetus.com\/de\/wp-json\/wp\/v2\/pages"}],"about":[{"href":"https:\/\/vetus.com\/de\/wp-json\/wp\/v2\/types\/page"}],"author":[{"embeddable":true,"href":"https:\/\/vetus.com\/de\/wp-json\/wp\/v2\/users\/7"}],"replies":[{"embeddable":true,"href":"https:\/\/vetus.com\/de\/wp-json\/wp\/v2\/comments?post=26917"}],"version-history":[{"count":3,"href":"https:\/\/vetus.com\/de\/wp-json\/wp\/v2\/pages\/26917\/revisions"}],"predecessor-version":[{"id":117805,"href":"https:\/\/vetus.com\/de\/wp-json\/wp\/v2\/pages\/26917\/revisions\/117805"}],"wp:featuredmedia":[{"embeddable":true,"href":"https:\/\/vetus.com\/de\/wp-json\/wp\/v2\/media\/3092"}],"wp:attachment":[{"href":"https:\/\/vetus.com\/de\/wp-json\/wp\/v2\/media?parent=26917"}],"curies":[{"name":"wp","href":"https:\/\/api.w.org\/{rel}","templated":true}]}}