{"id":125837,"date":"2026-04-13T14:21:43","date_gmt":"2026-04-13T12:21:43","guid":{"rendered":"https:\/\/vetus.com\/vetus-kampagnen\/trouble-free-boating-guide\/"},"modified":"2026-05-07T14:24:15","modified_gmt":"2026-05-07T12:24:15","slug":"leitfaden-fuer-sorgenfreies-bootfahren","status":"publish","type":"page","link":"https:\/\/vetus.com\/de\/vetus-kampagnen\/leitfaden-fuer-sorgenfreies-bootfahren\/","title":{"rendered":"Leitfaden f\u00fcr sorgenfreies Bootfahren"},"content":{"rendered":"\n<section class=\"section  \">\n    \n\n<section id=\"section-text-block-block_75a5623d23a5dbcb50152e5b0021cf7b\" class=\"section text-block \">\n                    <div class=\"section section__body\">\n            <div class=\"text-block\">\n                <div class=\"container\">\n                    <div class=\"row\">\n                        <div class=\"col-lg-8 offset-lg-2\">\n                                                            <div class=\"section__content single__content hentry\">\n                                    <p>Nach monatelangem Winterlager ist die erste Fahrt der Saison etwas, worauf sich jeder Bootsbesitzer freut. Gleichzeitig ist dies oft der Moment, in dem sich kleine technische Probleme in den Bordsystemen bemerkbar machen.<\/p>\n<p>Die meisten dieser Probleme sind keine gr\u00f6\u00dferen Ausf\u00e4lle, sondern das Ergebnis kleinerer Ineffizienzen, die w\u00e4hrend der Inaktivit\u00e4t entstanden sind. Mit der richtigen Vorbereitung k\u00f6nnen sie fr\u00fchzeitig erkannt und behoben werden, bevor sie Ihre Zeit auf dem Wasser beeintr\u00e4chtigen.<\/p>\n                                <\/div>\n                            \n                                                    <\/div>\n                    <\/div>\n                <\/div>\n            <\/div>\n        <\/div>\n    <\/section>\n\n<section id=\"section-text-block-block_75a5623d23a5dbcb50152e5b0021cf7b\" class=\"section text-block \">\n                    <div class=\"section section__body\">\n            <div class=\"text-block\">\n                <div class=\"container\">\n                    <div class=\"row\">\n                        <div class=\"col-lg-8 offset-lg-2\">\n                                                            <div class=\"section__content single__content hentry\">\n                                    <h3>Machen Sie Ihr Boot fit f\u00fcr die Saison<\/h3>\n<p>Der Leitfaden f\u00fcr st\u00f6rungsfreies Bootfahren zeigt Ihnen, wie Sie die h\u00e4ufigsten technischen Probleme, die nach dem Winterlager auftreten, erkennen und beheben k\u00f6nnen. Er dient als praktischer Leitfaden f\u00fcr die Bootsvorbereitung, der Ihnen hilft zu verstehen, wie sich die Bordsysteme verhalten und was Sie vor der ersten Fahrt \u00fcberpr\u00fcfen sollten.<\/p>\n<p>Mit klaren Einblicken und strukturierten Schritten hilft er Ihnen, Ihr Boot effizient vorzubereiten und h\u00e4ufige Probleme zu Beginn der Bootssaison zu vermeiden.<\/p>\n                                <\/div>\n                            \n                                                            <div class=\"section__actions text-block__actions actions\">\n                                    <div class=\"btn-group d-flex flex-wrap justify-content-center\">\n                                                                                    <a href=\"https:\/\/vetus.com\/de\/bootfahrleitfaden-2026\/\" class=\"btn btn-secondary\" title=\"\" target=\"_blank\">\n                                                <span>Leitfaden herunterladen<\/span>\n                                            <\/a>\n                                        \n                                                                            <\/div>\n                                <\/div>\n                                                    <\/div>\n                    <\/div>\n                <\/div>\n            <\/div>\n        <\/div>\n    <\/section><\/section>\n\n<section class=\"section section--colored bg-light content-blocks bg-light   \">\n    <section id=\"section-gallery-block_133a915b434e7cbe1524b794b2205eb5\" class=\"section gallery \">\n                <div class=\"section__body gallery__body\">\n            <div class=\"container\">\n                <div class=\"row row--col-margin-medium justify-content-center\">\n                                            <div class=\"col-8 col-sm-4 offset-sm-0\">\n                            <div class=\"gallery__media media media--clipped ratio\">\n                                <div class=\"media__wrapper\">\n                                    <img decoding=\"async\" width=\"690\" height=\"920\" src=\"https:\/\/vetus.com\/wp-content\/uploads\/IMG_4241-690x920.jpeg\" class=\"media__src img-fit\" alt=\"Boating Guide\" srcset=\"https:\/\/vetus.com\/wp-content\/uploads\/IMG_4241-690x920.jpeg 690w, https:\/\/vetus.com\/wp-content\/uploads\/IMG_4241-225x300.jpeg 225w, https:\/\/vetus.com\/wp-content\/uploads\/IMG_4241-768x1024.jpeg 768w, https:\/\/vetus.com\/wp-content\/uploads\/IMG_4241-210x280.jpeg 210w, https:\/\/vetus.com\/wp-content\/uploads\/IMG_4241-330x440.jpeg 330w, https:\/\/vetus.com\/wp-content\/uploads\/IMG_4241-431x575.jpeg 431w, https:\/\/vetus.com\/wp-content\/uploads\/IMG_4241-507x676.jpeg 507w, https:\/\/vetus.com\/wp-content\/uploads\/IMG_4241-530x707.jpeg 530w, https:\/\/vetus.com\/wp-content\/uploads\/IMG_4241-930x1240.jpeg 930w, https:\/\/vetus.com\/wp-content\/uploads\/IMG_4241-1170x1560.jpeg 1170w, https:\/\/vetus.com\/wp-content\/uploads\/IMG_4241-scaled.jpeg 1920w\" sizes=\"auto, (max-width: 575.98px) 431px, (max-width: 767.98px) 530px, (max-width: 991.98px) 330px, (max-width: 1279.98px) 431px, (max-width: 1899.98px) 530px, 690px\" loading=\"lazy\" \/>                                <\/div>\n                            <\/div>\n                        <\/div>\n                                            <div class=\"col-8 col-sm-4 offset-sm-0\">\n                            <div class=\"gallery__media media media--clipped ratio\">\n                                <div class=\"media__wrapper\">\n                                    <img decoding=\"async\" width=\"690\" height=\"461\" src=\"https:\/\/vetus.com\/wp-content\/uploads\/shutterstock_2522088229-690x461.jpg\" class=\"media__src img-fit\" alt=\"Boating Guide\" srcset=\"https:\/\/vetus.com\/wp-content\/uploads\/shutterstock_2522088229-690x461.jpg 690w, https:\/\/vetus.com\/wp-content\/uploads\/shutterstock_2522088229-300x200.jpg 300w, https:\/\/vetus.com\/wp-content\/uploads\/shutterstock_2522088229-768x513.jpg 768w, https:\/\/vetus.com\/wp-content\/uploads\/shutterstock_2522088229-210x140.jpg 210w, https:\/\/vetus.com\/wp-content\/uploads\/shutterstock_2522088229-330x220.jpg 330w, https:\/\/vetus.com\/wp-content\/uploads\/shutterstock_2522088229-431x288.jpg 431w, https:\/\/vetus.com\/wp-content\/uploads\/shutterstock_2522088229-507x338.jpg 507w, https:\/\/vetus.com\/wp-content\/uploads\/shutterstock_2522088229-530x354.jpg 530w, https:\/\/vetus.com\/wp-content\/uploads\/shutterstock_2522088229-930x621.jpg 930w, https:\/\/vetus.com\/wp-content\/uploads\/shutterstock_2522088229-1170x781.jpg 1170w\" sizes=\"auto, (max-width: 575.98px) 431px, (max-width: 767.98px) 530px, (max-width: 991.98px) 330px, (max-width: 1279.98px) 431px, (max-width: 1899.98px) 530px, 690px\" loading=\"lazy\" \/>                                <\/div>\n                            <\/div>\n                        <\/div>\n                                            <div class=\"col-8 col-sm-4 offset-sm-0\">\n                            <div class=\"gallery__media media media--clipped ratio\">\n                                <div class=\"media__wrapper\">\n                                    <img decoding=\"async\" width=\"690\" height=\"461\" src=\"https:\/\/vetus.com\/wp-content\/uploads\/shutterstock_214631551-690x461.jpg\" class=\"media__src img-fit\" alt=\"\" srcset=\"https:\/\/vetus.com\/wp-content\/uploads\/shutterstock_214631551-690x461.jpg 690w, https:\/\/vetus.com\/wp-content\/uploads\/shutterstock_214631551-300x200.jpg 300w, https:\/\/vetus.com\/wp-content\/uploads\/shutterstock_214631551-768x513.jpg 768w, https:\/\/vetus.com\/wp-content\/uploads\/shutterstock_214631551-210x140.jpg 210w, https:\/\/vetus.com\/wp-content\/uploads\/shutterstock_214631551-330x220.jpg 330w, https:\/\/vetus.com\/wp-content\/uploads\/shutterstock_214631551-431x288.jpg 431w, https:\/\/vetus.com\/wp-content\/uploads\/shutterstock_214631551-507x338.jpg 507w, https:\/\/vetus.com\/wp-content\/uploads\/shutterstock_214631551-530x354.jpg 530w, https:\/\/vetus.com\/wp-content\/uploads\/shutterstock_214631551-930x621.jpg 930w, https:\/\/vetus.com\/wp-content\/uploads\/shutterstock_214631551-1170x781.jpg 1170w\" sizes=\"auto, (max-width: 575.98px) 431px, (max-width: 767.98px) 530px, (max-width: 991.98px) 330px, (max-width: 1279.98px) 431px, (max-width: 1899.98px) 530px, 690px\" loading=\"lazy\" \/>                                <\/div>\n                            <\/div>\n                        <\/div>\n                                    <\/div>\n            <\/div>\n        <\/div>\n    <\/section><\/section>\n\n\n<section class=\"section  \">\n    \n\n<section id=\"section-text-block-block_5b6667c970772f4ec7f1ec0810665b21\" class=\"section text-block \">\n                    <div class=\"section section__body\">\n            <div class=\"text-block\">\n                <div class=\"container\">\n                    <div class=\"row\">\n                        <div class=\"col-lg-8 offset-lg-2\">\n                                                            <div class=\"section__content single__content hentry\">\n                                    <h3>Ein praktischer Leitfaden, der auf echten Bordsystemen basiert<\/h3>\n<p>Im Gegensatz zu allgemeinen Checklisten erkl\u00e4rt dieser Leitfaden, wie Ihr Boot tats\u00e4chlich funktioniert, und hilft Ihnen, die eigentliche Ursache anstelle der Symptome zu verstehen.<\/p>\n<p>Mit seiner Expertise f\u00fcr alle Bordsysteme, einschlie\u00dflich Antriebs-, Kraftstoff-, K\u00fchl-, Elektro-, Sanit\u00e4r- und Ankersysteme, versteht VETUS, wie diese Systeme in einer kompletten Installation zusammenwirken. Dies erm\u00f6glicht es, Probleme genauer zu identifizieren und praktische, zuverl\u00e4ssige L\u00f6sungen anzubieten.<\/p>\n<p>Mit klaren Diagnosen, praktischen L\u00f6sungen und Tipps zur Vorbeugung k\u00f6nnen Sie schnell erkennen, was Aufmerksamkeit erfordert, und unn\u00f6tige Fehlersuchen vermeiden.<\/p>\n                                <\/div>\n                            \n                                                    <\/div>\n                    <\/div>\n                <\/div>\n            <\/div>\n        <\/div>\n    <\/section>\n<section id=\"content-block-1-block_5b6667c970772f4ec7f1ec0810665b21\" class=\"section content-block content-block--image \">\n    <div class=\"container\">\n        <div class=\"row d-flex align-items-center flex-md-row-reverse\">\n\n            <div class=\"col-md-6 col-lg-7 offset-lg-1\">\n                                    <div class=\"content-block__visuals\">\n                        <div class=\"content-block__media media--clipped media ratio\">\n                            <div class=\"media__wrapper\">\n                                <img decoding=\"async\" width=\"690\" height=\"516\" src=\"https:\/\/vetus.com\/wp-content\/uploads\/shutterstock_2376234853_3-690x516.png\" class=\"media__source img-fit\" alt=\"\" srcset=\"https:\/\/vetus.com\/wp-content\/uploads\/shutterstock_2376234853_3-690x516.png 690w, https:\/\/vetus.com\/wp-content\/uploads\/shutterstock_2376234853_3-300x225.png 300w, https:\/\/vetus.com\/wp-content\/uploads\/shutterstock_2376234853_3-768x575.png 768w, https:\/\/vetus.com\/wp-content\/uploads\/shutterstock_2376234853_3-210x157.png 210w, https:\/\/vetus.com\/wp-content\/uploads\/shutterstock_2376234853_3-330x247.png 330w, https:\/\/vetus.com\/wp-content\/uploads\/shutterstock_2376234853_3-431x323.png 431w, https:\/\/vetus.com\/wp-content\/uploads\/shutterstock_2376234853_3-507x379.png 507w, https:\/\/vetus.com\/wp-content\/uploads\/shutterstock_2376234853_3-530x397.png 530w, https:\/\/vetus.com\/wp-content\/uploads\/shutterstock_2376234853_3-930x696.png 930w, https:\/\/vetus.com\/wp-content\/uploads\/shutterstock_2376234853_3-1170x876.png 1170w\" sizes=\"auto, (max-width: 575.98px) 431px, (max-width: 767.98px) 530px, (max-width: 991.98px) 330px, (max-width: 1279.98px) 530px, (max-width: 1899.98px) 690px, 930px\" loading=\"lazy\" \/>                            <\/div>\n                        <\/div>\n                    <\/div>\n                            <\/div>\n\n            <div class=\"col-md-6 col-lg-4\">\n                <div class=\"content-block__body\">\n                    \n                    \n                                            <h3>Das lernen Sie<\/h3>\n<ul>\n<li>Warum Motoren nach dem Winterlager nicht anspringen<\/li>\n<li>Wie man \u00dcberhitzung und K\u00fchlprobleme vermeidet<\/li>\n<li>Was Wasser in der Bilge verursacht<\/li>\n<li>Wie man Probleme mit der elektrischen Anlage erkennt<\/li>\n<li>Woher Kraftstoffger\u00fcche und Lecks kommen<\/li>\n<li>Wie man unangenehme Ger\u00fcche unter Deck vermeidet<\/li>\n<li>Was Vibrationen im Antriebssystem verursacht<\/li>\n<li>Wie man Abgasrauch diagnostiziert<\/li>\n<li>Warum Ankersysteme unter Last versagen<\/li>\n<li>Was Leistungsverlust verursacht und wann eine Remotorisierung in Betracht gezogen werden sollte<\/li>\n<\/ul>\n                    \t\t\t\t\t\n                                    <\/div>\n            <\/div>\n        <\/div>\n    <\/div>\n<\/section>\n\n<section id=\"section-text-block-block_5b6667c970772f4ec7f1ec0810665b21\" class=\"section text-block \">\n                    <div class=\"section section__body\">\n            <div class=\"text-block\">\n                <div class=\"container\">\n                    <div class=\"row\">\n                        <div class=\"col-lg-8 offset-lg-2\">\n                                                            <div class=\"section__content single__content hentry\">\n                                    <h5 style=\"text-align: center;\">Wenn Ihre Bordsysteme richtig vorbereitet sind, k\u00f6nnen Sie sich auf das konzentrieren, was wirklich z\u00e4hlt: Ihre Zeit auf dem Wasser zu genie\u00dfen.<\/h5>\n<h5 style=\"text-align: center;\">Erhalten Sie sofortigen Zugang zum \u201eLeitfaden f\u00fcr st\u00f6rungsfreies Bootfahren\u201c und stellen Sie sicher, dass Ihr Boot vor Ihrer ersten Fahrt bereit ist.<\/h5>\n                                <\/div>\n                            \n                                                            <div class=\"section__actions text-block__actions actions\">\n                                    <div class=\"btn-group d-flex flex-wrap justify-content-center\">\n                                                                                    <a href=\"https:\/\/vetus.com\/de\/bootfahrleitfaden-2026\/\" class=\"btn btn-primary\" title=\"\" target=\"_blank\">\n                                                <span>Ihren Leitfaden herunterladen<\/span>\n                                            <\/a>\n                                        \n                                                                            <\/div>\n                                <\/div>\n                                                    <\/div>\n                    <\/div>\n                <\/div>\n            <\/div>\n        <\/div>\n    <\/section><\/section>","protected":false},"excerpt":{"rendered":"","protected":false},"author":25,"featured_media":125396,"parent":32267,"menu_order":0,"comment_status":"closed","ping_status":"closed","template":"tpl-video.php","meta":{"_acf_changed":false,"footnotes":""},"class_list":["post-125837","page","type-page","status-publish","has-post-thumbnail","hentry"],"acf":{"person":false,"title":"Starten Sie gut vorbereitet in die Bootssaison","subtitle":"Laden Sie den \u201eLeitfaden f\u00fcr sorgenfreies Bootfahren\u201c herunter und machen Sie Ihre Bordsysteme startklar","intro":"","video_type":"File","video":"https:\/\/vetus.com\/wp-content\/uploads\/download.mp4","background_image":false,"button":{"title":"Leitfaden herunterladen","url":"https:\/\/vetus.com\/de\/bootfahrleitfaden-2026\/","target":"_blank"},"button_secondary":""},"yoast_head":"<!-- This site is optimized with the Yoast SEO Premium plugin v27.6 (Yoast SEO v27.6) - https:\/\/yoast.com\/product\/yoast-seo-premium-wordpress\/ -->\n<title>Machen Sie Ihr Boot bereit f\u00fcr die Saison<\/title>\n<meta name=\"description\" content=\"Der Leitfaden f\u00fcr sorgenfreies Bootfahren zeigt Ihnen, wie Sie die h\u00e4ufigsten technischen Probleme nach der Winterlagerung erkennen und ...\" \/>\n<meta name=\"robots\" content=\"index, follow, max-snippet:-1, max-image-preview:large, max-video-preview:-1\" \/>\n<link rel=\"canonical\" href=\"https:\/\/vetus.com\/de\/vetus-kampagnen\/leitfaden-fuer-sorgenfreies-bootfahren\/\" \/>\n<meta property=\"og:locale\" content=\"de_DE\" \/>\n<meta property=\"og:type\" content=\"article\" \/>\n<meta property=\"og:title\" content=\"Leitfaden f\u00fcr sorgenfreies Bootfahren\" \/>\n<meta property=\"og:description\" content=\"Der Leitfaden f\u00fcr sorgenfreies Bootfahren zeigt Ihnen, wie Sie die h\u00e4ufigsten technischen Probleme nach der Winterlagerung erkennen und ...\" \/>\n<meta property=\"og:url\" content=\"https:\/\/vetus.com\/de\/vetus-kampagnen\/leitfaden-fuer-sorgenfreies-bootfahren\/\" \/>\n<meta property=\"og:site_name\" content=\"VETUS\" \/>\n<meta property=\"article:modified_time\" content=\"2026-05-07T12:24:15+00:00\" \/>\n<meta property=\"og:image\" content=\"https:\/\/vetus.com\/wp-content\/uploads\/Boating-guide-2026.png\" \/>\n\t<meta property=\"og:image:width\" content=\"936\" \/>\n\t<meta property=\"og:image:height\" content=\"500\" \/>\n\t<meta property=\"og:image:type\" content=\"image\/png\" \/>\n<meta name=\"twitter:card\" content=\"summary_large_image\" \/>\n<meta name=\"twitter:label1\" content=\"Gesch\u00e4tzte Lesezeit\" \/>\n\t<meta name=\"twitter:data1\" content=\"3\u00a0Minuten\" \/>\n<script type=\"application\/ld+json\" class=\"yoast-schema-graph\">{\"@context\":\"https:\\\/\\\/schema.org\",\"@graph\":[{\"@type\":\"WebPage\",\"@id\":\"https:\\\/\\\/vetus.com\\\/de\\\/vetus-kampagnen\\\/leitfaden-fuer-sorgenfreies-bootfahren\\\/\",\"url\":\"https:\\\/\\\/vetus.com\\\/de\\\/vetus-kampagnen\\\/leitfaden-fuer-sorgenfreies-bootfahren\\\/\",\"name\":\"Machen Sie Ihr Boot bereit f\u00fcr die Saison\",\"isPartOf\":{\"@id\":\"https:\\\/\\\/vetus.com\\\/de\\\/#website\"},\"primaryImageOfPage\":{\"@id\":\"https:\\\/\\\/vetus.com\\\/de\\\/vetus-kampagnen\\\/leitfaden-fuer-sorgenfreies-bootfahren\\\/#primaryimage\"},\"image\":{\"@id\":\"https:\\\/\\\/vetus.com\\\/de\\\/vetus-kampagnen\\\/leitfaden-fuer-sorgenfreies-bootfahren\\\/#primaryimage\"},\"thumbnailUrl\":\"https:\\\/\\\/vetus.com\\\/wp-content\\\/uploads\\\/Boating-guide-2026.png\",\"datePublished\":\"2026-04-13T12:21:43+00:00\",\"dateModified\":\"2026-05-07T12:24:15+00:00\",\"description\":\"Der Leitfaden f\u00fcr sorgenfreies Bootfahren zeigt Ihnen, wie Sie die h\u00e4ufigsten technischen Probleme nach der Winterlagerung erkennen und ...\",\"breadcrumb\":{\"@id\":\"https:\\\/\\\/vetus.com\\\/de\\\/vetus-kampagnen\\\/leitfaden-fuer-sorgenfreies-bootfahren\\\/#breadcrumb\"},\"inLanguage\":\"de\",\"potentialAction\":[{\"@type\":\"ReadAction\",\"target\":[\"https:\\\/\\\/vetus.com\\\/de\\\/vetus-kampagnen\\\/leitfaden-fuer-sorgenfreies-bootfahren\\\/\"]}]},{\"@type\":\"ImageObject\",\"inLanguage\":\"de\",\"@id\":\"https:\\\/\\\/vetus.com\\\/de\\\/vetus-kampagnen\\\/leitfaden-fuer-sorgenfreies-bootfahren\\\/#primaryimage\",\"url\":\"https:\\\/\\\/vetus.com\\\/wp-content\\\/uploads\\\/Boating-guide-2026.png\",\"contentUrl\":\"https:\\\/\\\/vetus.com\\\/wp-content\\\/uploads\\\/Boating-guide-2026.png\",\"width\":936,\"height\":500},{\"@type\":\"BreadcrumbList\",\"@id\":\"https:\\\/\\\/vetus.com\\\/de\\\/vetus-kampagnen\\\/leitfaden-fuer-sorgenfreies-bootfahren\\\/#breadcrumb\",\"itemListElement\":[{\"@type\":\"ListItem\",\"position\":1,\"name\":\"Home\",\"item\":\"https:\\\/\\\/vetus.com\\\/de\\\/\"},{\"@type\":\"ListItem\",\"position\":2,\"name\":\"VETUS Kampagnen\",\"item\":\"https:\\\/\\\/vetus.com\\\/de\\\/vetus-kampagnen\\\/\"},{\"@type\":\"ListItem\",\"position\":3,\"name\":\"Leitfaden f\u00fcr sorgenfreies Bootfahren\"}]},{\"@type\":\"WebSite\",\"@id\":\"https:\\\/\\\/vetus.com\\\/de\\\/#website\",\"url\":\"https:\\\/\\\/vetus.com\\\/de\\\/\",\"name\":\"VETUS\",\"description\":\"\",\"potentialAction\":[{\"@type\":\"SearchAction\",\"target\":{\"@type\":\"EntryPoint\",\"urlTemplate\":\"https:\\\/\\\/vetus.com\\\/de\\\/?s={search_term_string}\"},\"query-input\":{\"@type\":\"PropertyValueSpecification\",\"valueRequired\":true,\"valueName\":\"search_term_string\"}}],\"inLanguage\":\"de\"}]}<\/script>\n<!-- \/ Yoast SEO Premium plugin. -->","yoast_head_json":{"title":"Machen Sie Ihr Boot bereit f\u00fcr die Saison","description":"Der Leitfaden f\u00fcr sorgenfreies Bootfahren zeigt Ihnen, wie Sie die h\u00e4ufigsten technischen Probleme nach der Winterlagerung erkennen und ...","robots":{"index":"index","follow":"follow","max-snippet":"max-snippet:-1","max-image-preview":"max-image-preview:large","max-video-preview":"max-video-preview:-1"},"canonical":"https:\/\/vetus.com\/de\/vetus-kampagnen\/leitfaden-fuer-sorgenfreies-bootfahren\/","og_locale":"de_DE","og_type":"article","og_title":"Leitfaden f\u00fcr sorgenfreies Bootfahren","og_description":"Der Leitfaden f\u00fcr sorgenfreies Bootfahren zeigt Ihnen, wie Sie die h\u00e4ufigsten technischen Probleme nach der Winterlagerung erkennen und ...","og_url":"https:\/\/vetus.com\/de\/vetus-kampagnen\/leitfaden-fuer-sorgenfreies-bootfahren\/","og_site_name":"VETUS","article_modified_time":"2026-05-07T12:24:15+00:00","og_image":[{"width":936,"height":500,"url":"https:\/\/vetus.com\/wp-content\/uploads\/Boating-guide-2026.png","type":"image\/png"}],"twitter_card":"summary_large_image","twitter_misc":{"Gesch\u00e4tzte Lesezeit":"3\u00a0Minuten"},"schema":{"@context":"https:\/\/schema.org","@graph":[{"@type":"WebPage","@id":"https:\/\/vetus.com\/de\/vetus-kampagnen\/leitfaden-fuer-sorgenfreies-bootfahren\/","url":"https:\/\/vetus.com\/de\/vetus-kampagnen\/leitfaden-fuer-sorgenfreies-bootfahren\/","name":"Machen Sie Ihr Boot bereit f\u00fcr die Saison","isPartOf":{"@id":"https:\/\/vetus.com\/de\/#website"},"primaryImageOfPage":{"@id":"https:\/\/vetus.com\/de\/vetus-kampagnen\/leitfaden-fuer-sorgenfreies-bootfahren\/#primaryimage"},"image":{"@id":"https:\/\/vetus.com\/de\/vetus-kampagnen\/leitfaden-fuer-sorgenfreies-bootfahren\/#primaryimage"},"thumbnailUrl":"https:\/\/vetus.com\/wp-content\/uploads\/Boating-guide-2026.png","datePublished":"2026-04-13T12:21:43+00:00","dateModified":"2026-05-07T12:24:15+00:00","description":"Der Leitfaden f\u00fcr sorgenfreies Bootfahren zeigt Ihnen, wie Sie die h\u00e4ufigsten technischen Probleme nach der Winterlagerung erkennen und ...","breadcrumb":{"@id":"https:\/\/vetus.com\/de\/vetus-kampagnen\/leitfaden-fuer-sorgenfreies-bootfahren\/#breadcrumb"},"inLanguage":"de","potentialAction":[{"@type":"ReadAction","target":["https:\/\/vetus.com\/de\/vetus-kampagnen\/leitfaden-fuer-sorgenfreies-bootfahren\/"]}]},{"@type":"ImageObject","inLanguage":"de","@id":"https:\/\/vetus.com\/de\/vetus-kampagnen\/leitfaden-fuer-sorgenfreies-bootfahren\/#primaryimage","url":"https:\/\/vetus.com\/wp-content\/uploads\/Boating-guide-2026.png","contentUrl":"https:\/\/vetus.com\/wp-content\/uploads\/Boating-guide-2026.png","width":936,"height":500},{"@type":"BreadcrumbList","@id":"https:\/\/vetus.com\/de\/vetus-kampagnen\/leitfaden-fuer-sorgenfreies-bootfahren\/#breadcrumb","itemListElement":[{"@type":"ListItem","position":1,"name":"Home","item":"https:\/\/vetus.com\/de\/"},{"@type":"ListItem","position":2,"name":"VETUS Kampagnen","item":"https:\/\/vetus.com\/de\/vetus-kampagnen\/"},{"@type":"ListItem","position":3,"name":"Leitfaden f\u00fcr sorgenfreies Bootfahren"}]},{"@type":"WebSite","@id":"https:\/\/vetus.com\/de\/#website","url":"https:\/\/vetus.com\/de\/","name":"VETUS","description":"","potentialAction":[{"@type":"SearchAction","target":{"@type":"EntryPoint","urlTemplate":"https:\/\/vetus.com\/de\/?s={search_term_string}"},"query-input":{"@type":"PropertyValueSpecification","valueRequired":true,"valueName":"search_term_string"}}],"inLanguage":"de"}]}},"_links":{"self":[{"href":"https:\/\/vetus.com\/de\/wp-json\/wp\/v2\/pages\/125837","targetHints":{"allow":["GET"]}}],"collection":[{"href":"https:\/\/vetus.com\/de\/wp-json\/wp\/v2\/pages"}],"about":[{"href":"https:\/\/vetus.com\/de\/wp-json\/wp\/v2\/types\/page"}],"author":[{"embeddable":true,"href":"https:\/\/vetus.com\/de\/wp-json\/wp\/v2\/users\/25"}],"replies":[{"embeddable":true,"href":"https:\/\/vetus.com\/de\/wp-json\/wp\/v2\/comments?post=125837"}],"version-history":[{"count":5,"href":"https:\/\/vetus.com\/de\/wp-json\/wp\/v2\/pages\/125837\/revisions"}],"predecessor-version":[{"id":125843,"href":"https:\/\/vetus.com\/de\/wp-json\/wp\/v2\/pages\/125837\/revisions\/125843"}],"up":[{"embeddable":true,"href":"https:\/\/vetus.com\/de\/wp-json\/wp\/v2\/pages\/32267"}],"wp:featuredmedia":[{"embeddable":true,"href":"https:\/\/vetus.com\/de\/wp-json\/wp\/v2\/media\/125396"}],"wp:attachment":[{"href":"https:\/\/vetus.com\/de\/wp-json\/wp\/v2\/media?parent=125837"}],"curies":[{"name":"wp","href":"https:\/\/api.w.org\/{rel}","templated":true}]}}