{"id":123899,"date":"2026-03-16T13:54:47","date_gmt":"2026-03-16T11:54:47","guid":{"rendered":"https:\/\/vetus.com\/?page_id=123899"},"modified":"2026-03-18T14:55:48","modified_gmt":"2026-03-18T12:55:48","slug":"entdecken-sie-die-vetus-virtual-boat-show","status":"publish","type":"page","link":"https:\/\/vetus.com\/de\/blog\/entdecken-sie-die-vetus-virtual-boat-show\/","title":{"rendered":"Entdecken Sie die VETUS Virtual Boat Show"},"content":{"rendered":"\n<section class=\"section  \">\n    \n\n<section id=\"section-text-block-block_0614ff7e24d717cae563f71943cfaee9\" class=\"section text-block \">\n            <\/section>\n\n<section id=\"section-text-block-block_0614ff7e24d717cae563f71943cfaee9\" class=\"section text-block \">\n                    <div class=\"section section__body\">\n            <div class=\"text-block\">\n                <div class=\"container\">\n                    <div class=\"row\">\n                        <div class=\"col-lg-8 offset-lg-2\">\n                                                            <div class=\"section__content single__content hentry\">\n                                    <p>Die <strong><a href=\"https:\/\/www.vetusweb.nl\/\" target=\"_blank\" rel=\"noopener\">virtuelle Umgebung<\/a><\/strong> bildet den VETUS-Stand der boot D\u00fcsseldorf nach und bietet eine immersive M\u00f6glichkeit, moderne L\u00f6sungen f\u00fcr Schiffsantriebe, Man\u00f6vrier-, Auspuff- und Ankersysteme zu erkunden. Besucher k\u00f6nnen auch Produkte von f\u00fchrenden Marinemarken entdecken, darunter <strong><a href=\"https:\/\/maxwellmarine.com\/\" target=\"_blank\" rel=\"noopener\">Maxwell-Ankersysteme<\/a><\/strong>, <strong><a href=\"https:\/\/smartgyro.com\/\" target=\"_blank\" rel=\"noopener\">Smartgyro Gyro-Stabilisatoren<\/a><\/strong>, <strong><a href=\"https:\/\/www.yanmar.com\/marine\/\" target=\"_blank\" rel=\"noopener\">YANMAR-Schiffsmotoren<\/a><\/strong> und <strong><a href=\"https:\/\/www.flexofold.com\/\" target=\"_blank\" rel=\"noopener\">Flexofold-Faltpropeller<\/a><\/strong>, die jeweils spezielle Technologien f\u00fcr Leistung, Sicherheit und Komfort an Bord repr\u00e4sentieren.<\/p>\n                                <\/div>\n                            \n                                                    <\/div>\n                    <\/div>\n                <\/div>\n            <\/div>\n        <\/div>\n    <\/section>\n\n<section id=\"section-text-block-block_0614ff7e24d717cae563f71943cfaee9\" class=\"section text-block \">\n                    <div class=\"section section__body\">\n            <div class=\"text-block\">\n                <div class=\"container\">\n                    <div class=\"row\">\n                        <div class=\"col-lg-8 offset-lg-2\">\n                                                            <div class=\"section__content single__content hentry\">\n                                    <h3 data-section-id=\"ce3bni\" data-start=\"1544\" data-end=\"1588\">Vorgestellte Technologie von der boot D\u00fcsseldorf<\/h3>\n<p data-start=\"1590\" data-end=\"1888\">Eines der wichtigsten Highlights der Messe war das leistungsstarke <strong><a href=\"https:\/\/vetus.com\/vetus-campaigns\/e-line-22-kw\/\" target=\"_blank\" rel=\"noopener\">VETUS E-Line 22 kW Elektroantriebssystem<\/a><\/strong>. Elektroantriebe f\u00fcr Boote entwickeln sich schnell zu einer wichtigen Technologie f\u00fcr moderne Schiffe und bieten einen leisen Betrieb, verbesserte Effizienz und geringere Umweltbelastung.<\/p>\n<p data-start=\"1890\" data-end=\"2145\">Neben dem elektrischen Antrieb wurde am Stand ein komplettes \u00d6kosystem integrierter Bootssysteme vorgestellt, die nahtlos zusammenarbeiten. Diese L\u00f6sungen unterst\u00fctzen die Leistung des Schiffes und vereinfachen die Installation f\u00fcr Bootsbauer und bei Refit-Projekten.<\/p>\n<p data-start=\"2147\" data-end=\"2210\">Besucher der virtuellen Messe k\u00f6nnen unter anderem folgende Innovationen entdecken:<\/p>\n<p data-start=\"2212\" data-end=\"2475\">\u2022 Elektrische Antriebssysteme f\u00fcr moderne Boote<br data-start=\"2258\" data-end=\"2261\" \/>\u2022 Man\u00f6vrierl\u00f6sungen wie Bug- und Heckstrahlruder<br data-start=\"2330\" data-end=\"2333\" \/>\u2022 Schiffsauspuffanlagen, die auf Zuverl\u00e4ssigkeit und Effizienz ausgelegt sind<br data-start=\"2397\" data-end=\"2400\" \/>\u2022 Ankersysteme einschlie\u00dflich Ankerwinden, Spills und Decksausr\u00fcstung<\/p>\n                                <\/div>\n                            \n                                                            <div class=\"section__actions text-block__actions actions\">\n                                    <div class=\"btn-group d-flex flex-wrap justify-content-center\">\n                                                                                    <a href=\"https:\/\/www.vetusweb.nl\/\" class=\"btn btn-primary\" title=\"\" target=\"_blank\">\n                                                <span>Virtuellen Stand besuchen<\/span>\n                                            <\/a>\n                                        \n                                                                            <\/div>\n                                <\/div>\n                                                    <\/div>\n                    <\/div>\n                <\/div>\n            <\/div>\n        <\/div>\n    <\/section><\/section>\n\n<section class=\"section section--colored bg-light content-blocks bg-light   \">\n    <section id=\"section-gallery-block_b3a97844fe2d58b3b927cd08a54dc066\" class=\"section gallery \">\n                <div class=\"section__body gallery__body\">\n            <div class=\"container\">\n                <div class=\"row row--col-margin-medium justify-content-center\">\n                                            <div class=\"col-8 col-sm-4 offset-sm-0\">\n                            <div class=\"gallery__media media media--clipped ratio\">\n                                <div class=\"media__wrapper\">\n                                    <img decoding=\"async\" width=\"690\" height=\"518\" src=\"https:\/\/vetus.com\/wp-content\/uploads\/IMG_0955-690x518.jpg\" class=\"media__src img-fit\" alt=\"\" srcset=\"https:\/\/vetus.com\/wp-content\/uploads\/IMG_0955-690x518.jpg 690w, https:\/\/vetus.com\/wp-content\/uploads\/IMG_0955-300x225.jpg 300w, https:\/\/vetus.com\/wp-content\/uploads\/IMG_0955-768x576.jpg 768w, https:\/\/vetus.com\/wp-content\/uploads\/IMG_0955-210x158.jpg 210w, https:\/\/vetus.com\/wp-content\/uploads\/IMG_0955-330x248.jpg 330w, https:\/\/vetus.com\/wp-content\/uploads\/IMG_0955-431x323.jpg 431w, https:\/\/vetus.com\/wp-content\/uploads\/IMG_0955-507x380.jpg 507w, https:\/\/vetus.com\/wp-content\/uploads\/IMG_0955-530x398.jpg 530w, https:\/\/vetus.com\/wp-content\/uploads\/IMG_0955-930x698.jpg 930w, https:\/\/vetus.com\/wp-content\/uploads\/IMG_0955-1170x878.jpg 1170w\" sizes=\"auto, (max-width: 575.98px) 431px, (max-width: 767.98px) 530px, (max-width: 991.98px) 330px, (max-width: 1279.98px) 431px, (max-width: 1899.98px) 530px, 690px\" loading=\"lazy\" \/>                                <\/div>\n                            <\/div>\n                        <\/div>\n                                            <div class=\"col-8 col-sm-4 offset-sm-0\">\n                            <div class=\"gallery__media media media--clipped ratio\">\n                                <div class=\"media__wrapper\">\n                                    <img decoding=\"async\" width=\"690\" height=\"396\" src=\"https:\/\/vetus.com\/wp-content\/uploads\/boot26_MK34765-690x396.jpg\" class=\"media__src img-fit\" alt=\"\" srcset=\"https:\/\/vetus.com\/wp-content\/uploads\/boot26_MK34765-690x396.jpg 690w, https:\/\/vetus.com\/wp-content\/uploads\/boot26_MK34765-300x172.jpg 300w, https:\/\/vetus.com\/wp-content\/uploads\/boot26_MK34765-768x441.jpg 768w, https:\/\/vetus.com\/wp-content\/uploads\/boot26_MK34765-210x120.jpg 210w, https:\/\/vetus.com\/wp-content\/uploads\/boot26_MK34765-330x189.jpg 330w, https:\/\/vetus.com\/wp-content\/uploads\/boot26_MK34765-431x247.jpg 431w, https:\/\/vetus.com\/wp-content\/uploads\/boot26_MK34765-507x291.jpg 507w, https:\/\/vetus.com\/wp-content\/uploads\/boot26_MK34765-530x304.jpg 530w, https:\/\/vetus.com\/wp-content\/uploads\/boot26_MK34765-930x533.jpg 930w, https:\/\/vetus.com\/wp-content\/uploads\/boot26_MK34765-1170x671.jpg 1170w\" sizes=\"auto, (max-width: 575.98px) 431px, (max-width: 767.98px) 530px, (max-width: 991.98px) 330px, (max-width: 1279.98px) 431px, (max-width: 1899.98px) 530px, 690px\" loading=\"lazy\" \/>                                <\/div>\n                            <\/div>\n                        <\/div>\n                                            <div class=\"col-8 col-sm-4 offset-sm-0\">\n                            <div class=\"gallery__media media media--clipped ratio\">\n                                <div class=\"media__wrapper\">\n                                    <img decoding=\"async\" width=\"690\" height=\"518\" src=\"https:\/\/vetus.com\/wp-content\/uploads\/IMG_1023-690x518.jpg\" class=\"media__src img-fit\" alt=\"\" srcset=\"https:\/\/vetus.com\/wp-content\/uploads\/IMG_1023-690x518.jpg 690w, https:\/\/vetus.com\/wp-content\/uploads\/IMG_1023-300x225.jpg 300w, https:\/\/vetus.com\/wp-content\/uploads\/IMG_1023-768x576.jpg 768w, https:\/\/vetus.com\/wp-content\/uploads\/IMG_1023-210x158.jpg 210w, https:\/\/vetus.com\/wp-content\/uploads\/IMG_1023-330x248.jpg 330w, https:\/\/vetus.com\/wp-content\/uploads\/IMG_1023-431x323.jpg 431w, https:\/\/vetus.com\/wp-content\/uploads\/IMG_1023-507x380.jpg 507w, https:\/\/vetus.com\/wp-content\/uploads\/IMG_1023-530x398.jpg 530w, https:\/\/vetus.com\/wp-content\/uploads\/IMG_1023-930x698.jpg 930w, https:\/\/vetus.com\/wp-content\/uploads\/IMG_1023-1170x878.jpg 1170w\" sizes=\"auto, (max-width: 575.98px) 431px, (max-width: 767.98px) 530px, (max-width: 991.98px) 330px, (max-width: 1279.98px) 431px, (max-width: 1899.98px) 530px, 690px\" loading=\"lazy\" \/>                                <\/div>\n                            <\/div>\n                        <\/div>\n                                    <\/div>\n            <\/div>\n        <\/div>\n    <\/section><\/section>\n\n\n<section class=\"section  \">\n    \n\n<section id=\"section-text-block-block_18d76803c61502593664b3f56b22a598\" class=\"section text-block \">\n                    <div class=\"section section__body\">\n            <div class=\"text-block\">\n                <div class=\"container\">\n                    <div class=\"row\">\n                        <div class=\"col-lg-8 offset-lg-2\">\n                                                            <div class=\"section__content single__content hentry\">\n                                    <h3 data-section-id=\"4080r4\" data-start=\"2482\" data-end=\"2539\">Erleben Sie Marinetechnik in einer virtuellen Umgebung<\/h3>\n<p data-start=\"2541\" data-end=\"2834\">Die VETUS <strong><a href=\"https:\/\/www.vetusweb.nl\/\" target=\"_blank\" rel=\"noopener\">Virtual Boat Show<\/a><\/strong> erm\u00f6glicht es Besuchern, den Messestand so zu erleben, als w\u00e4ren sie physisch bei der Veranstaltung anwesend. \u00dcber die interaktive Plattform k\u00f6nnen Besucher den Raum frei erkunden und auf detaillierte Informationen \u00fcber einzelne Schiffssysteme und Bordtechnologien zugreifen.<\/p>\n<p data-start=\"2836\" data-end=\"2880\">In der virtuellen Umgebung k\u00f6nnen Besucher:<\/p>\n<p data-start=\"2882\" data-end=\"3140\">\u2022 In Ihrem eigenen Tempo \u00fcber den VETUS-Messestand gehen<br data-start=\"2940\" data-end=\"2943\" \/>\u2022 Komplette Bootssysteme entdecken, die in modernen Schiffen verwendet werden<br data-start=\"3002\" data-end=\"3005\" \/>\u2022 Auf detaillierte Produktspezifikationen und technische Informationen zugreifen<br data-start=\"3071\" data-end=\"3074\" \/>\u2022 Erfahren, wie sich verschiedene Schiffssysteme in ein Schiff integrieren lassen<\/p>\n                                <\/div>\n                            \n                                                    <\/div>\n                    <\/div>\n                <\/div>\n            <\/div>\n        <\/div>\n    <\/section>\n\n<section id=\"section-text-block-block_18d76803c61502593664b3f56b22a598\" class=\"section text-block \">\n                    <div class=\"section section__body\">\n            <div class=\"text-block\">\n                <div class=\"container\">\n                    <div class=\"row\">\n                        <div class=\"col-lg-8 offset-lg-2\">\n                                                            <div class=\"section__content single__content hentry\">\n                                    <h3 data-section-id=\"y7uwt0\" data-start=\"3147\" data-end=\"3181\">Entdecken Sie bew\u00e4hrte Marinemarken<\/h3>\n<p data-start=\"3183\" data-end=\"3305\">Zus\u00e4tzlich zum VETUS-Sortiment stellt die virtuelle Ausstellung Technologien von mehreren renommierten Marinemarken vor.<\/p>\n<p data-start=\"3307\" data-end=\"3506\">Besucher k\u00f6nnen <strong><a href=\"https:\/\/vetus.com\/confident-anchoring\/\" target=\"_blank\" rel=\"noopener\">Maxwell-Ankersysteme und Ankerwinden<\/a><\/strong>, fortschrittliche Smartgyro-Kreiselstabilisatoren, leistungsstarke YANMAR-Schiffsmotoren und effiziente Flexofold-Faltpropeller entdecken.<\/p>\n<p data-start=\"3508\" data-end=\"3717\">Zusammen stellen diese L\u00f6sungen einen umfassenden Ansatz f\u00fcr das moderne Design von Bootssystemen dar, bei dem Antriebs-, Man\u00f6vrier-, Stabilisierungs- und Ankertechnologien als integriertes \u00d6kosystem an Bord zusammenarbeiten.<\/p>\n                                <\/div>\n                            \n                                                    <\/div>\n                    <\/div>\n                <\/div>\n            <\/div>\n        <\/div>\n    <\/section>\n\n<section id=\"section-text-block-block_18d76803c61502593664b3f56b22a598\" class=\"section text-block \">\n                    <div class=\"section section__body\">\n            <div class=\"text-block\">\n                <div class=\"container\">\n                    <div class=\"row\">\n                        <div class=\"col-lg-8 offset-lg-2\">\n                                                            <div class=\"section__content single__content hentry\">\n                                    <h3 data-section-id=\"g4t1a5\" data-start=\"3724\" data-end=\"3763\">Entdecken Sie die VETUS Virtual Boat Show<\/h3>\n<p data-start=\"3765\" data-end=\"3981\">Egal, ob Sie die boot D\u00fcsseldorf besucht oder die Veranstaltung ganz verpasst haben, die VETUS Virtual Boat Show bietet eine bequeme M\u00f6glichkeit, den Stand erneut zu besuchen und die neueste Marinetechnik und Bordsysteme f\u00fcr Boote zu erkunden.<\/p>\n<p data-start=\"3983\" data-end=\"4206\">Durch kontinuierliche Innovation bei <strong><a href=\"https:\/\/vetus.com\/electric-boating\/\" target=\"_blank\" rel=\"noopener\">elektrischen Antriebssystemen<\/a><\/strong>, <strong><a href=\"https:\/\/vetus.com\/vetus-thruster-family\/\" target=\"_blank\" rel=\"noopener\">Man\u00f6vriersystemen<\/a><\/strong>, <strong><a href=\"https:\/\/vetus.com\/confident-anchoring\/\" target=\"_blank\" rel=\"noopener\">Ankertechnologie<\/a><\/strong> und <strong><a href=\"https:\/\/webshop.vetus.com\/en\/products\" target=\"_blank\" rel=\"noopener\">Bordausr\u00fcstung<\/a><\/strong>entwickelt VETUS zuverl\u00e4ssige L\u00f6sungen, die die Leistung, den Komfort und die Sicherheit auf dem Wasser verbessern.<\/p>\n<p data-start=\"4208\" data-end=\"4341\">Besucher k\u00f6nnen nun den Stand erleben, fortschrittliche Bootssysteme entdecken und mehr \u00fcber die Technologie erfahren, die das moderne Bootfahren antreibt.<\/p>\n                                <\/div>\n                            \n                                                            <div class=\"section__actions text-block__actions actions\">\n                                    <div class=\"btn-group d-flex flex-wrap justify-content-center\">\n                                                                                    <a href=\"https:\/\/www.vetusweb.nl\/\" class=\"btn btn-primary\" title=\"\" target=\"_blank\">\n                                                <span>Virtuellen Stand besuchen<\/span>\n                                            <\/a>\n                                        \n                                                                            <\/div>\n                                <\/div>\n                                                    <\/div>\n                    <\/div>\n                <\/div>\n            <\/div>\n        <\/div>\n    <\/section><\/section>","protected":false},"excerpt":{"rendered":"","protected":false},"author":25,"featured_media":0,"parent":59198,"menu_order":0,"comment_status":"closed","ping_status":"closed","template":"tpl-blog-large-header.php","meta":{"_acf_changed":false,"footnotes":""},"class_list":["post-123899","page","type-page","status-publish","hentry"],"acf":{"image":{"ID":123844,"id":123844,"title":"VETUS Virtual booth 2026","filename":"VETUS-Virtual-booth-2026.png","filesize":945675,"url":"https:\/\/vetus.com\/wp-content\/uploads\/VETUS-Virtual-booth-2026.png","link":"https:\/\/vetus.com\/de\/blog\/entdecken-sie-die-vetus-virtual-boat-show\/vetus-virtual-booth-2026-2\/","alt":"","author":"25","description":"","caption":"","name":"vetus-virtual-booth-2026-2","status":"inherit","uploaded_to":123899,"date":"2026-03-16 11:24:34","modified":"2026-03-16 11:24:34","menu_order":0,"mime_type":"image\/png","type":"image","subtype":"png","icon":"https:\/\/vetus.com\/wp-includes\/images\/media\/default.png","width":744,"height":465,"sizes":{"thumbnail":"https:\/\/vetus.com\/wp-content\/uploads\/VETUS-Virtual-booth-2026-150x150.png","thumbnail-width":150,"thumbnail-height":150,"medium":"https:\/\/vetus.com\/wp-content\/uploads\/VETUS-Virtual-booth-2026-300x188.png","medium-width":300,"medium-height":188,"medium_large":"https:\/\/vetus.com\/wp-content\/uploads\/VETUS-Virtual-booth-2026.png","medium_large-width":744,"medium_large-height":465,"large":"https:\/\/vetus.com\/wp-content\/uploads\/VETUS-Virtual-booth-2026.png","large-width":744,"large-height":465,"1536x1536":"https:\/\/vetus.com\/wp-content\/uploads\/VETUS-Virtual-booth-2026.png","1536x1536-width":744,"1536x1536-height":465,"2048x2048":"https:\/\/vetus.com\/wp-content\/uploads\/VETUS-Virtual-booth-2026.png","2048x2048-width":744,"2048x2048-height":465,"210w":"https:\/\/vetus.com\/wp-content\/uploads\/VETUS-Virtual-booth-2026-210x131.png","210w-width":210,"210w-height":131,"330w":"https:\/\/vetus.com\/wp-content\/uploads\/VETUS-Virtual-booth-2026-330x206.png","330w-width":330,"330w-height":206,"431w":"https:\/\/vetus.com\/wp-content\/uploads\/VETUS-Virtual-booth-2026-431x269.png","431w-width":431,"431w-height":269,"507w":"https:\/\/vetus.com\/wp-content\/uploads\/VETUS-Virtual-booth-2026-507x317.png","507w-width":507,"507w-height":317,"530w":"https:\/\/vetus.com\/wp-content\/uploads\/VETUS-Virtual-booth-2026-530x331.png","530w-width":530,"530w-height":331,"690w":"https:\/\/vetus.com\/wp-content\/uploads\/VETUS-Virtual-booth-2026-690x431.png","690w-width":690,"690w-height":431,"930w":"https:\/\/vetus.com\/wp-content\/uploads\/VETUS-Virtual-booth-2026.png","930w-width":744,"930w-height":465,"1170w":"https:\/\/vetus.com\/wp-content\/uploads\/VETUS-Virtual-booth-2026.png","1170w-width":744,"1170w-height":465,"gform-image-choice-sm":"https:\/\/vetus.com\/wp-content\/uploads\/VETUS-Virtual-booth-2026.png","gform-image-choice-sm-width":300,"gform-image-choice-sm-height":188,"gform-image-choice-md":"https:\/\/vetus.com\/wp-content\/uploads\/VETUS-Virtual-booth-2026.png","gform-image-choice-md-width":400,"gform-image-choice-md-height":250,"gform-image-choice-lg":"https:\/\/vetus.com\/wp-content\/uploads\/VETUS-Virtual-booth-2026.png","gform-image-choice-lg-width":600,"gform-image-choice-lg-height":375}},"introduction":"Besucher aus der ganzen Welt k\u00f6nnen nun die neuesten Innovationen der maritimen Technologie \u00fcber die VETUS Virtual Boat Show entdecken. Nach einer erfolgreichen Pr\u00e4sentation auf der boot D\u00fcsseldorf erm\u00f6glicht die Online-Plattform Bootsbesitzern, Bootsbauern und maritimen Fachleuten, den VETUS-Messestand zu erleben und eine breite Palette fortschrittlicher Bordsysteme zu entdecken \u2013 ganz gleich, wo sie sich befinden.","person":false,"title":"Entdecken Sie fortschrittliche Bootssysteme und maritime Innovation"},"yoast_head":"<!-- This site is optimized with the Yoast SEO Premium plugin v27.3 (Yoast SEO v27.3) - https:\/\/yoast.com\/product\/yoast-seo-premium-wordpress\/ -->\n<title>VETUS Virtual Boat Show | Entdecken Sie fortschrittliche Bootssysteme<\/title>\n<meta name=\"description\" content=\"Entdecken Sie die VETUS Virtual Boat Show und entdecken Sie fortschrittliche Bootssysteme, elektrische Antriebssysteme und maritime ....\" \/>\n<meta name=\"robots\" content=\"index, follow, max-snippet:-1, max-image-preview:large, max-video-preview:-1\" \/>\n<link rel=\"canonical\" href=\"https:\/\/vetus.com\/de\/blog\/entdecken-sie-die-vetus-virtual-boat-show\/\" \/>\n<meta property=\"og:locale\" content=\"de_DE\" \/>\n<meta property=\"og:type\" content=\"article\" \/>\n<meta property=\"og:title\" content=\"Entdecken Sie die VETUS Virtual Boat Show\" \/>\n<meta property=\"og:description\" content=\"Entdecken Sie die VETUS Virtual Boat Show und entdecken Sie fortschrittliche Bootssysteme, elektrische Antriebssysteme und maritime ....\" \/>\n<meta property=\"og:url\" content=\"https:\/\/vetus.com\/de\/blog\/entdecken-sie-die-vetus-virtual-boat-show\/\" \/>\n<meta property=\"og:site_name\" content=\"VETUS\" \/>\n<meta property=\"article:modified_time\" content=\"2026-03-18T12:55:48+00:00\" \/>\n<meta name=\"twitter:card\" content=\"summary_large_image\" \/>\n<meta name=\"twitter:label1\" content=\"Gesch\u00e4tzte Lesezeit\" \/>\n\t<meta name=\"twitter:data1\" content=\"3\u00a0Minuten\" \/>\n<script type=\"application\/ld+json\" class=\"yoast-schema-graph\">{\"@context\":\"https:\\\/\\\/schema.org\",\"@graph\":[{\"@type\":\"WebPage\",\"@id\":\"https:\\\/\\\/vetus.com\\\/de\\\/blog\\\/entdecken-sie-die-vetus-virtual-boat-show\\\/\",\"url\":\"https:\\\/\\\/vetus.com\\\/de\\\/blog\\\/entdecken-sie-die-vetus-virtual-boat-show\\\/\",\"name\":\"VETUS Virtual Boat Show | Entdecken Sie fortschrittliche Bootssysteme\",\"isPartOf\":{\"@id\":\"https:\\\/\\\/vetus.com\\\/de\\\/#website\"},\"datePublished\":\"2026-03-16T11:54:47+00:00\",\"dateModified\":\"2026-03-18T12:55:48+00:00\",\"description\":\"Entdecken Sie die VETUS Virtual Boat Show und entdecken Sie fortschrittliche Bootssysteme, elektrische Antriebssysteme und maritime ....\",\"breadcrumb\":{\"@id\":\"https:\\\/\\\/vetus.com\\\/de\\\/blog\\\/entdecken-sie-die-vetus-virtual-boat-show\\\/#breadcrumb\"},\"inLanguage\":\"de\",\"potentialAction\":[{\"@type\":\"ReadAction\",\"target\":[\"https:\\\/\\\/vetus.com\\\/de\\\/blog\\\/entdecken-sie-die-vetus-virtual-boat-show\\\/\"]}]},{\"@type\":\"BreadcrumbList\",\"@id\":\"https:\\\/\\\/vetus.com\\\/de\\\/blog\\\/entdecken-sie-die-vetus-virtual-boat-show\\\/#breadcrumb\",\"itemListElement\":[{\"@type\":\"ListItem\",\"position\":1,\"name\":\"Home\",\"item\":\"https:\\\/\\\/vetus.com\\\/de\\\/\"},{\"@type\":\"ListItem\",\"position\":2,\"name\":\"Blog\",\"item\":\"https:\\\/\\\/vetus.com\\\/de\\\/blog\\\/\"},{\"@type\":\"ListItem\",\"position\":3,\"name\":\"Entdecken Sie die VETUS Virtual Boat Show\"}]},{\"@type\":\"WebSite\",\"@id\":\"https:\\\/\\\/vetus.com\\\/de\\\/#website\",\"url\":\"https:\\\/\\\/vetus.com\\\/de\\\/\",\"name\":\"VETUS\",\"description\":\"\",\"potentialAction\":[{\"@type\":\"SearchAction\",\"target\":{\"@type\":\"EntryPoint\",\"urlTemplate\":\"https:\\\/\\\/vetus.com\\\/de\\\/?s={search_term_string}\"},\"query-input\":{\"@type\":\"PropertyValueSpecification\",\"valueRequired\":true,\"valueName\":\"search_term_string\"}}],\"inLanguage\":\"de\"}]}<\/script>\n<!-- \/ Yoast SEO Premium plugin. -->","yoast_head_json":{"title":"VETUS Virtual Boat Show | Entdecken Sie fortschrittliche Bootssysteme","description":"Entdecken Sie die VETUS Virtual Boat Show und entdecken Sie fortschrittliche Bootssysteme, elektrische Antriebssysteme und maritime ....","robots":{"index":"index","follow":"follow","max-snippet":"max-snippet:-1","max-image-preview":"max-image-preview:large","max-video-preview":"max-video-preview:-1"},"canonical":"https:\/\/vetus.com\/de\/blog\/entdecken-sie-die-vetus-virtual-boat-show\/","og_locale":"de_DE","og_type":"article","og_title":"Entdecken Sie die VETUS Virtual Boat Show","og_description":"Entdecken Sie die VETUS Virtual Boat Show und entdecken Sie fortschrittliche Bootssysteme, elektrische Antriebssysteme und maritime ....","og_url":"https:\/\/vetus.com\/de\/blog\/entdecken-sie-die-vetus-virtual-boat-show\/","og_site_name":"VETUS","article_modified_time":"2026-03-18T12:55:48+00:00","twitter_card":"summary_large_image","twitter_misc":{"Gesch\u00e4tzte Lesezeit":"3\u00a0Minuten"},"schema":{"@context":"https:\/\/schema.org","@graph":[{"@type":"WebPage","@id":"https:\/\/vetus.com\/de\/blog\/entdecken-sie-die-vetus-virtual-boat-show\/","url":"https:\/\/vetus.com\/de\/blog\/entdecken-sie-die-vetus-virtual-boat-show\/","name":"VETUS Virtual Boat Show | Entdecken Sie fortschrittliche Bootssysteme","isPartOf":{"@id":"https:\/\/vetus.com\/de\/#website"},"datePublished":"2026-03-16T11:54:47+00:00","dateModified":"2026-03-18T12:55:48+00:00","description":"Entdecken Sie die VETUS Virtual Boat Show und entdecken Sie fortschrittliche Bootssysteme, elektrische Antriebssysteme und maritime ....","breadcrumb":{"@id":"https:\/\/vetus.com\/de\/blog\/entdecken-sie-die-vetus-virtual-boat-show\/#breadcrumb"},"inLanguage":"de","potentialAction":[{"@type":"ReadAction","target":["https:\/\/vetus.com\/de\/blog\/entdecken-sie-die-vetus-virtual-boat-show\/"]}]},{"@type":"BreadcrumbList","@id":"https:\/\/vetus.com\/de\/blog\/entdecken-sie-die-vetus-virtual-boat-show\/#breadcrumb","itemListElement":[{"@type":"ListItem","position":1,"name":"Home","item":"https:\/\/vetus.com\/de\/"},{"@type":"ListItem","position":2,"name":"Blog","item":"https:\/\/vetus.com\/de\/blog\/"},{"@type":"ListItem","position":3,"name":"Entdecken Sie die VETUS Virtual Boat Show"}]},{"@type":"WebSite","@id":"https:\/\/vetus.com\/de\/#website","url":"https:\/\/vetus.com\/de\/","name":"VETUS","description":"","potentialAction":[{"@type":"SearchAction","target":{"@type":"EntryPoint","urlTemplate":"https:\/\/vetus.com\/de\/?s={search_term_string}"},"query-input":{"@type":"PropertyValueSpecification","valueRequired":true,"valueName":"search_term_string"}}],"inLanguage":"de"}]}},"_links":{"self":[{"href":"https:\/\/vetus.com\/de\/wp-json\/wp\/v2\/pages\/123899","targetHints":{"allow":["GET"]}}],"collection":[{"href":"https:\/\/vetus.com\/de\/wp-json\/wp\/v2\/pages"}],"about":[{"href":"https:\/\/vetus.com\/de\/wp-json\/wp\/v2\/types\/page"}],"author":[{"embeddable":true,"href":"https:\/\/vetus.com\/de\/wp-json\/wp\/v2\/users\/25"}],"replies":[{"embeddable":true,"href":"https:\/\/vetus.com\/de\/wp-json\/wp\/v2\/comments?post=123899"}],"version-history":[{"count":4,"href":"https:\/\/vetus.com\/de\/wp-json\/wp\/v2\/pages\/123899\/revisions"}],"predecessor-version":[{"id":124035,"href":"https:\/\/vetus.com\/de\/wp-json\/wp\/v2\/pages\/123899\/revisions\/124035"}],"up":[{"embeddable":true,"href":"https:\/\/vetus.com\/de\/wp-json\/wp\/v2\/pages\/59198"}],"wp:attachment":[{"href":"https:\/\/vetus.com\/de\/wp-json\/wp\/v2\/media?parent=123899"}],"curies":[{"name":"wp","href":"https:\/\/api.w.org\/{rel}","templated":true}]}}