{"id":121740,"date":"2025-11-06T16:06:26","date_gmt":"2025-11-06T14:06:26","guid":{"rendered":"https:\/\/vetus.com\/confident-anchoring\/"},"modified":"2026-03-04T12:28:07","modified_gmt":"2026-03-04T10:28:07","slug":"sichere-verankerung","status":"publish","type":"page","link":"https:\/\/vetus.com\/de\/sichere-verankerung\/","title":{"rendered":"Sicheres Ankern mit Vertrauen"},"content":{"rendered":"\n<section class=\"section  \">\n    \n\n<section id=\"section-text-block-block_217ff487244e4c54101a6360d6f148eb\" class=\"section text-block \">\n                    <div class=\"section section__body\">\n            <div class=\"text-block\">\n                <div class=\"container\">\n                    <div class=\"row\">\n                        <div class=\"col-lg-8 offset-lg-2\">\n                                                            <div class=\"section__content single__content hentry\">\n                                    <h3 data-start=\"167\" data-end=\"219\">Komplette Maxwell-Ankerl\u00f6sungen f\u00fcr jedes Schiff<\/h3>\n<p data-start=\"221\" data-end=\"828\">Lassen Sie Ihren Anker per Knopfdruck sicher fallen und holen Sie ihn ebenso m\u00fchelos wieder ein. Maxwell-Ankersysteme vereinen St\u00e4rke, Zuverl\u00e4ssigkeit und au\u00dfergew\u00f6hnliche Benutzerfreundlichkeit f\u00fcr jede Art von Schiff \u2013 von kompakten Segelbooten bis hin zu luxuri\u00f6sen Superyachten. Entwickelt f\u00fcr einen reibungslosen Betrieb und einfache Handhabung, machen sie das Ankern zu einem sicheren und wirklich stressfreien Erlebnis. Mit Maxwell-Ankerwinden, Spillk\u00f6pfen und Decksausr\u00fcstung an Bord sind Sie jederzeit bereit, anzuhalten, zu bleiben und das Wasser ganz nach Ihren eigenen Vorstellungen zu genie\u00dfen.<\/p>\n                                <\/div>\n                            \n                                                    <\/div>\n                    <\/div>\n                <\/div>\n            <\/div>\n        <\/div>\n    <\/section><\/section>\n\n<section class=\"section section--colored bg-light content-blocks bg-light   \">\n    <section id=\"section-gallery-block_30d5017fbfaa237e0e99f6f082a880de\" class=\"section gallery \">\n                <div class=\"section__body gallery__body\">\n            <div class=\"container\">\n                <div class=\"row row--col-margin-medium justify-content-center\">\n                                            <div class=\"col-8 col-sm-4 offset-sm-0\">\n                            <div class=\"gallery__media media media--clipped ratio\">\n                                <div class=\"media__wrapper\">\n                                    <img decoding=\"async\" width=\"690\" height=\"460\" src=\"https:\/\/vetus.com\/wp-content\/uploads\/8059423_20211006094644709_1_XLARGE-690x460.jpg\" class=\"media__src img-fit\" alt=\"\" srcset=\"https:\/\/vetus.com\/wp-content\/uploads\/8059423_20211006094644709_1_XLARGE-690x460.jpg 690w, https:\/\/vetus.com\/wp-content\/uploads\/8059423_20211006094644709_1_XLARGE-300x200.jpg 300w, https:\/\/vetus.com\/wp-content\/uploads\/8059423_20211006094644709_1_XLARGE-768x512.jpg 768w, https:\/\/vetus.com\/wp-content\/uploads\/8059423_20211006094644709_1_XLARGE-210x140.jpg 210w, https:\/\/vetus.com\/wp-content\/uploads\/8059423_20211006094644709_1_XLARGE-330x220.jpg 330w, https:\/\/vetus.com\/wp-content\/uploads\/8059423_20211006094644709_1_XLARGE-431x287.jpg 431w, https:\/\/vetus.com\/wp-content\/uploads\/8059423_20211006094644709_1_XLARGE-507x338.jpg 507w, https:\/\/vetus.com\/wp-content\/uploads\/8059423_20211006094644709_1_XLARGE-530x353.jpg 530w, https:\/\/vetus.com\/wp-content\/uploads\/8059423_20211006094644709_1_XLARGE-930x620.jpg 930w, https:\/\/vetus.com\/wp-content\/uploads\/8059423_20211006094644709_1_XLARGE-1170x780.jpg 1170w, https:\/\/vetus.com\/wp-content\/uploads\/8059423_20211006094644709_1_XLARGE.jpg 1920w\" sizes=\"auto, (max-width: 575.98px) 431px, (max-width: 767.98px) 530px, (max-width: 991.98px) 330px, (max-width: 1279.98px) 431px, (max-width: 1899.98px) 530px, 690px\" loading=\"lazy\" \/>                                <\/div>\n                            <\/div>\n                        <\/div>\n                                            <div class=\"col-8 col-sm-4 offset-sm-0\">\n                            <div class=\"gallery__media media media--clipped ratio\">\n                                <div class=\"media__wrapper\">\n                                    <img decoding=\"async\" width=\"690\" height=\"460\" src=\"https:\/\/vetus.com\/wp-content\/uploads\/DSCF7077-690x460.jpg\" class=\"media__src img-fit\" alt=\"\" srcset=\"https:\/\/vetus.com\/wp-content\/uploads\/DSCF7077-690x460.jpg 690w, https:\/\/vetus.com\/wp-content\/uploads\/DSCF7077-300x200.jpg 300w, https:\/\/vetus.com\/wp-content\/uploads\/DSCF7077-768x512.jpg 768w, https:\/\/vetus.com\/wp-content\/uploads\/DSCF7077-210x140.jpg 210w, https:\/\/vetus.com\/wp-content\/uploads\/DSCF7077-330x220.jpg 330w, https:\/\/vetus.com\/wp-content\/uploads\/DSCF7077-431x287.jpg 431w, https:\/\/vetus.com\/wp-content\/uploads\/DSCF7077-507x338.jpg 507w, https:\/\/vetus.com\/wp-content\/uploads\/DSCF7077-530x353.jpg 530w, https:\/\/vetus.com\/wp-content\/uploads\/DSCF7077-930x620.jpg 930w, https:\/\/vetus.com\/wp-content\/uploads\/DSCF7077-1170x780.jpg 1170w\" sizes=\"auto, (max-width: 575.98px) 431px, (max-width: 767.98px) 530px, (max-width: 991.98px) 330px, (max-width: 1279.98px) 431px, (max-width: 1899.98px) 530px, 690px\" loading=\"lazy\" \/>                                <\/div>\n                            <\/div>\n                        <\/div>\n                                            <div class=\"col-8 col-sm-4 offset-sm-0\">\n                            <div class=\"gallery__media media media--clipped ratio\">\n                                <div class=\"media__wrapper\">\n                                    <img decoding=\"async\" width=\"690\" height=\"591\" src=\"https:\/\/vetus.com\/wp-content\/uploads\/upscaled_photo_edit_cmyk-1-690x591.png\" class=\"media__src img-fit\" alt=\"\" srcset=\"https:\/\/vetus.com\/wp-content\/uploads\/upscaled_photo_edit_cmyk-1-690x591.png 690w, https:\/\/vetus.com\/wp-content\/uploads\/upscaled_photo_edit_cmyk-1-300x257.png 300w, https:\/\/vetus.com\/wp-content\/uploads\/upscaled_photo_edit_cmyk-1-768x658.png 768w, https:\/\/vetus.com\/wp-content\/uploads\/upscaled_photo_edit_cmyk-1-210x180.png 210w, https:\/\/vetus.com\/wp-content\/uploads\/upscaled_photo_edit_cmyk-1-330x283.png 330w, https:\/\/vetus.com\/wp-content\/uploads\/upscaled_photo_edit_cmyk-1-431x369.png 431w, https:\/\/vetus.com\/wp-content\/uploads\/upscaled_photo_edit_cmyk-1-507x435.png 507w, https:\/\/vetus.com\/wp-content\/uploads\/upscaled_photo_edit_cmyk-1-530x454.png 530w, https:\/\/vetus.com\/wp-content\/uploads\/upscaled_photo_edit_cmyk-1-930x797.png 930w, https:\/\/vetus.com\/wp-content\/uploads\/upscaled_photo_edit_cmyk-1-1170x1003.png 1170w\" sizes=\"auto, (max-width: 575.98px) 431px, (max-width: 767.98px) 530px, (max-width: 991.98px) 330px, (max-width: 1279.98px) 431px, (max-width: 1899.98px) 530px, 690px\" loading=\"lazy\" \/>                                <\/div>\n                            <\/div>\n                        <\/div>\n                                    <\/div>\n            <\/div>\n        <\/div>\n    <\/section><\/section>\n\n\n<section class=\"section  \">\n    \n\n<section id=\"section-text-block-block_158c0d60e770b7b11845a3e838ed8061\" class=\"section text-block \">\n                    <div class=\"section section__body\">\n            <div class=\"text-block\">\n                <div class=\"container\">\n                    <div class=\"row\">\n                        <div class=\"col-lg-8 offset-lg-2\">\n                                                            <div class=\"section__content single__content hentry\">\n                                    <h3 data-start=\"835\" data-end=\"889\">H\u00f6chstleistung, Langlebigkeit und auf Dauer gebaut<\/h3>\n<p data-start=\"891\" data-end=\"1252\">Mit jahrzehntelanger Innovation und Erprobung hat Maxwell Ankersysteme perfektioniert, die in jeder Situation Kraft, Zuverl\u00e4ssigkeit und einen reibungslosen Betrieb bieten. Ob f\u00fcr einen kurzen Wochenendstopp oder eine ausgedehnte Reise \u2013 diese Systeme sind darauf ausgelegt, unter Last zu arbeiten und selbst den h\u00e4rtesten maritimen Bedingungen standzuhalten. Die Vorteile gehen \u00fcber reine St\u00e4rke hinaus. Maxwell-L\u00f6sungen reduzieren die Belastung der Crew, verl\u00e4ngern die Lebensdauer Ihrer Ausr\u00fcstung und sorgen f\u00fcr absolute Sicherheit auf dem Wasser. Kein Aufwand, keine Kompromisse, keine Zweifel. Ankern war noch nie so zuverl\u00e4ssig.<\/p>\n                                <\/div>\n                            \n                                                    <\/div>\n                    <\/div>\n                <\/div>\n            <\/div>\n        <\/div>\n    <\/section>\n\n<section id=\"section-text-block-block_158c0d60e770b7b11845a3e838ed8061\" class=\"section text-block \">\n                    <div class=\"section section__body\">\n            <div class=\"text-block\">\n                <div class=\"container\">\n                    <div class=\"row\">\n                        <div class=\"col-lg-8 offset-lg-2\">\n                                                            <div class=\"section__content single__content hentry\">\n                                    <h3 data-start=\"1536\" data-end=\"1586\">Finden Sie das ideale Ankersystem f\u00fcr Ihr Boot<\/h3>\n<p data-start=\"1588\" data-end=\"1968\">Maxwell bietet ein vollst\u00e4ndiges Sortiment an Ankerl\u00f6sungen f\u00fcr jede Art von Schiff. Vertikale Ankerwinden \u2013 bei weitem die g\u00e4ngigste Wahl f\u00fcr Boote aller Gr\u00f6\u00dfen \u2013 erm\u00f6glichen eine kompakte, saubere Installation mit den meisten Komponenten unter Deck. Horizontale Modelle platzieren Motor und Getriebe \u00fcber Deck und sind ideal f\u00fcr Installationen mit begrenztem Platz unter Deck. F\u00fcr Superyachten sorgen die schweren, hochbelastbaren Systeme von Maxwell mit vollst\u00e4ndiger Redundanz und au\u00dfergew\u00f6hnlicher Tragf\u00e4higkeit f\u00fcr sicheres, zuverl\u00e4ssiges Ankern unter allen Bedingungen. Mit passenden Bugrollen, Kettenstoppern, Ankerleinen und Steuerungen gibt es immer ein Maxwell-System, das perfekt auf Ihre Anforderungen abgestimmt ist.<\/p>\n                                <\/div>\n                            \n                                                    <\/div>\n                    <\/div>\n                <\/div>\n            <\/div>\n        <\/div>\n    <\/section>\n<section id=\"section-companies-group-block_158c0d60e770b7b11845a3e838ed8061\" class=\"section cards cards--brand \">\n    <div class=\"section__header cards__header\">\n        <div class=\"container\">\n            <div class=\"row\">\n                <div class=\"col-12\">\n                                            <h3 class=\"section__title cards__title h3\">\n                            <center>Bereit, mit Exzellenz zu ankern?<center>                        <\/h3>\n                                                                <div class=\"section text-lg\">\n                            <p>\n                                <center>W\u00e4hlen Sie Ihren Schiffstyp, um die passende L\u00f6sung zu entdecken:<center>                            <\/p>\n                        <\/div>\n                    \n                <\/div>\n            <\/div>\n        <\/div>\n    <\/div>\n\n    <div class=\"section__body cards__body\">\n        <div class=\"container-fluid\">\n            <div class=\"row row--col-margin-large d-flex justify-content-center\">\n                                    <div class=\"col-12 col-md-6 col-xl-2\">\n                        \n<div class=\"card card--group px-3 py-5 d-flex flex-column\">\n    <div class=\" d-flex justify-content-center custom-aspect-logo2 mx-auto\">\n                 <span class=\"sr-only\">\n            Sicheres Ankern mit Vertrauen        <\/span>\n    <\/div>\n\n            <div class=\"w-100\">\n            <img decoding=\"async\" width=\"2560\" height=\"1440\" src=\"https:\/\/vetus.com\/wp-content\/uploads\/shutterstock_1238496010-scaled.jpg\" class=\"img-fluid d-block mx-auto custom-aspect my-2\" alt=\"\" srcset=\"https:\/\/vetus.com\/wp-content\/uploads\/shutterstock_1238496010-scaled.jpg 2560w, https:\/\/vetus.com\/wp-content\/uploads\/shutterstock_1238496010-300x169.jpg 300w, https:\/\/vetus.com\/wp-content\/uploads\/shutterstock_1238496010-768x432.jpg 768w, https:\/\/vetus.com\/wp-content\/uploads\/shutterstock_1238496010-210x118.jpg 210w, https:\/\/vetus.com\/wp-content\/uploads\/shutterstock_1238496010-330x186.jpg 330w, https:\/\/vetus.com\/wp-content\/uploads\/shutterstock_1238496010-431x242.jpg 431w, https:\/\/vetus.com\/wp-content\/uploads\/shutterstock_1238496010-507x285.jpg 507w, https:\/\/vetus.com\/wp-content\/uploads\/shutterstock_1238496010-530x298.jpg 530w, https:\/\/vetus.com\/wp-content\/uploads\/shutterstock_1238496010-690x388.jpg 690w, https:\/\/vetus.com\/wp-content\/uploads\/shutterstock_1238496010-930x523.jpg 930w, https:\/\/vetus.com\/wp-content\/uploads\/shutterstock_1238496010-1170x658.jpg 1170w\" sizes=\"auto, (max-width: 1899.98px) 330px, 330px\" loading=\"lazy\" \/>        <\/div>\n        \n    <div class=\"card__bodyGroup\">\n                    <div class=\"card__text text-dark mb-4\">\n                <p>\n                    Ma\u00dfgeschneiderte, zuverl\u00e4ssige Ankerl\u00f6sungen mit einem raffinierten Design, passend zu Ihrer Superyacht.                <\/p>\n            <\/div>\n                            <div class=\"card__actionGroup\">\n                <a class=\"btn btn-sm btn-outline-primary-group w-100 justify-content-center\" href=\"https:\/\/maxwellmarine.com\/product-category\/superyacht\/\" title=\"\">\n                    <span>\n                        Hier entdecken                    <\/span>\n                    <i class=\"icon icon-keyboard_arrow_right\"><\/i>\n                <\/a>\n            <\/div>\n            <\/div>\n<\/div>                    <\/div>\n                                    <div class=\"col-12 col-md-6 col-xl-2\">\n                        \n<div class=\"card card--group px-3 py-5 d-flex flex-column\">\n    <div class=\" d-flex justify-content-center custom-aspect-logo2 mx-auto\">\n                 <span class=\"sr-only\">\n            Sicheres Ankern mit Vertrauen        <\/span>\n    <\/div>\n\n            <div class=\"w-100\">\n            <img decoding=\"async\" width=\"2560\" height=\"1103\" src=\"https:\/\/vetus.com\/wp-content\/uploads\/shutterstock_139389128-3-scaled.png\" class=\"img-fluid d-block mx-auto custom-aspect my-2\" alt=\"\" srcset=\"https:\/\/vetus.com\/wp-content\/uploads\/shutterstock_139389128-3-scaled.png 2560w, https:\/\/vetus.com\/wp-content\/uploads\/shutterstock_139389128-3-300x129.png 300w, https:\/\/vetus.com\/wp-content\/uploads\/shutterstock_139389128-3-768x331.png 768w, https:\/\/vetus.com\/wp-content\/uploads\/shutterstock_139389128-3-210x91.png 210w, https:\/\/vetus.com\/wp-content\/uploads\/shutterstock_139389128-3-330x142.png 330w, https:\/\/vetus.com\/wp-content\/uploads\/shutterstock_139389128-3-431x186.png 431w, https:\/\/vetus.com\/wp-content\/uploads\/shutterstock_139389128-3-507x219.png 507w, https:\/\/vetus.com\/wp-content\/uploads\/shutterstock_139389128-3-530x228.png 530w, https:\/\/vetus.com\/wp-content\/uploads\/shutterstock_139389128-3-690x297.png 690w, https:\/\/vetus.com\/wp-content\/uploads\/shutterstock_139389128-3-930x401.png 930w, https:\/\/vetus.com\/wp-content\/uploads\/shutterstock_139389128-3-1170x504.png 1170w\" sizes=\"auto, (max-width: 1899.98px) 330px, 330px\" loading=\"lazy\" \/>        <\/div>\n        \n    <div class=\"card__bodyGroup\">\n                    <div class=\"card__text text-dark mb-4\">\n                <p>\n                    Zuverl\u00e4ssige Ankersysteme f\u00fcr eine reibungslose, verl\u00e4ssliche Performance auf Ihrem Motor- oder Segelboot.                <\/p>\n            <\/div>\n                            <div class=\"card__actionGroup\">\n                <a class=\"btn btn-sm btn-outline-primary-group w-100 justify-content-center\" href=\"https:\/\/vetus.com\/engineered-for-effortless-anchoring\/\" title=\"\">\n                    <span>\n                        Hier entdecken                    <\/span>\n                    <i class=\"icon icon-keyboard_arrow_right\"><\/i>\n                <\/a>\n            <\/div>\n            <\/div>\n<\/div>                    <\/div>\n                            <\/div>\n        <\/div>\n    <\/div>\n<\/section><\/section>\n\n<section class=\"section section--colored bg-light content-blocks bg-light   mb-0\">\n    \n\n<section id=\"section-text-block-block_afbf5c2151b4e02b496cd701d0df8efb\" class=\"section text-block  mb-0\">\n                    <div class=\"section section__body\">\n            <div class=\"text-block\">\n                <div class=\"container\">\n                    <div class=\"row\">\n                        <div class=\"col-lg-8 offset-lg-2\">\n                                                            <div class=\"section__content single__content hentry\">\n                                    <h3 data-start=\"2674\" data-end=\"2696\">Weltweiter Support<\/h3>\n<p data-start=\"2698\" data-end=\"2990\">Maxwells Ankersysteme werden durch ein starkes Netzwerk aus Vertriebs- und Servicezentren weltweit unterst\u00fctzt. Ob Sie eine Ankerwinde auf abgelegene Inseln liefern lassen oder Service in gro\u00dfen Yachtzentren ben\u00f6tigen \u2013 Maxwell sorgt f\u00fcr schnelle Unterst\u00fctzung und termingerechte Lieferung. Mit Vertriebszentren in Neuseeland, den USA, Australien und Europa sowie geschulten Partnern in Europa, Asien, Afrika und den Golfstaaten sind fachkundige Ersatzteile, Reparaturen oder Beratung niemals weit entfernt.<\/p>\n                                <\/div>\n                            \n                                                            <div class=\"section__actions text-block__actions actions\">\n                                    <div class=\"btn-group d-flex flex-wrap justify-content-center\">\n                                                                                    <a href=\"https:\/\/vetus.com\/de\/haendler-suche\/\" class=\"btn btn-sm btn-empty btn-empty-primary\" title=\"\" target=\"_blank\">\n                                                <span>H\u00e4ndler in Ihrer N\u00e4he finden<\/span>\n                                            <\/a>\n                                        \n                                                                            <\/div>\n                                <\/div>\n                                                    <\/div>\n                    <\/div>\n                <\/div>\n            <\/div>\n        <\/div>\n    <\/section><\/section>","protected":false},"excerpt":{"rendered":"","protected":false},"author":20,"featured_media":0,"parent":0,"menu_order":0,"comment_status":"closed","ping_status":"closed","template":"tpl-home.php","meta":{"_acf_changed":false,"footnotes":""},"class_list":["post-121740","page","type-page","status-publish","hentry"],"acf":{"button":{"title":"Superyacht","url":"https:\/\/maxwellmarine.com\/product-category\/superyacht\/","target":"_blank"},"button_secondary":{"title":"Motor & Segel","url":"https:\/\/vetus.com\/engineered-for-effortless-anchoring\/","target":"_blank"},"introduction":"Steuern Sie Ihren Anker mit zuverl\u00e4ssiger, m\u00fcheloser Kontrolle unter allen Bedingungen","person":false,"title":"Sicheres Ankern mit Vertrauen","video":"https:\/\/vetus.com\/wp-content\/uploads\/Maxwell_summer_anchoring-spot_Trim_2.mp4","background_image":false},"yoast_head":"<!-- This site is optimized with the Yoast SEO Premium plugin v27.4 (Yoast SEO v27.4) - https:\/\/yoast.com\/product\/yoast-seo-premium-wordpress\/ -->\n<title>Sicheres Ankern mit Maxwell Marine<\/title>\n<meta name=\"description\" content=\"Lassen Sie Ihren Anker fallen und holen Sie ihn mit nur einem Knopfdruck wieder ein \u2013 ganz ohne Sorgen. Maxwell-Ankersysteme vereinen St\u00e4rke\" \/>\n<meta name=\"robots\" content=\"index, follow, max-snippet:-1, max-image-preview:large, max-video-preview:-1\" \/>\n<link rel=\"canonical\" href=\"https:\/\/vetus.com\/de\/sichere-verankerung\/\" \/>\n<meta property=\"og:locale\" content=\"de_DE\" \/>\n<meta property=\"og:type\" content=\"article\" \/>\n<meta property=\"og:title\" content=\"Sicheres Ankern mit Vertrauen\" \/>\n<meta property=\"og:description\" content=\"Lassen Sie Ihren Anker fallen und holen Sie ihn mit nur einem Knopfdruck wieder ein \u2013 ganz ohne Sorgen. Maxwell-Ankersysteme vereinen St\u00e4rke\" \/>\n<meta property=\"og:url\" content=\"https:\/\/vetus.com\/de\/sichere-verankerung\/\" \/>\n<meta property=\"og:site_name\" content=\"VETUS\" \/>\n<meta property=\"article:modified_time\" content=\"2026-03-04T10:28:07+00:00\" \/>\n<meta name=\"twitter:card\" content=\"summary_large_image\" \/>\n<meta name=\"twitter:label1\" content=\"Gesch\u00e4tzte Lesezeit\" \/>\n\t<meta name=\"twitter:data1\" content=\"4\u00a0Minuten\" \/>\n<script type=\"application\/ld+json\" class=\"yoast-schema-graph\">{\"@context\":\"https:\\\/\\\/schema.org\",\"@graph\":[{\"@type\":\"WebPage\",\"@id\":\"https:\\\/\\\/vetus.com\\\/de\\\/sichere-verankerung\\\/\",\"url\":\"https:\\\/\\\/vetus.com\\\/de\\\/sichere-verankerung\\\/\",\"name\":\"Sicheres Ankern mit Maxwell Marine\",\"isPartOf\":{\"@id\":\"https:\\\/\\\/vetus.com\\\/de\\\/#website\"},\"datePublished\":\"2025-11-06T14:06:26+00:00\",\"dateModified\":\"2026-03-04T10:28:07+00:00\",\"description\":\"Lassen Sie Ihren Anker fallen und holen Sie ihn mit nur einem Knopfdruck wieder ein \u2013 ganz ohne Sorgen. Maxwell-Ankersysteme vereinen St\u00e4rke\",\"breadcrumb\":{\"@id\":\"https:\\\/\\\/vetus.com\\\/de\\\/sichere-verankerung\\\/#breadcrumb\"},\"inLanguage\":\"de\",\"potentialAction\":[{\"@type\":\"ReadAction\",\"target\":[\"https:\\\/\\\/vetus.com\\\/de\\\/sichere-verankerung\\\/\"]}]},{\"@type\":\"BreadcrumbList\",\"@id\":\"https:\\\/\\\/vetus.com\\\/de\\\/sichere-verankerung\\\/#breadcrumb\",\"itemListElement\":[{\"@type\":\"ListItem\",\"position\":1,\"name\":\"Home\",\"item\":\"https:\\\/\\\/vetus.com\\\/de\\\/\"},{\"@type\":\"ListItem\",\"position\":2,\"name\":\"Sicheres Ankern mit Vertrauen\"}]},{\"@type\":\"WebSite\",\"@id\":\"https:\\\/\\\/vetus.com\\\/de\\\/#website\",\"url\":\"https:\\\/\\\/vetus.com\\\/de\\\/\",\"name\":\"VETUS\",\"description\":\"\",\"potentialAction\":[{\"@type\":\"SearchAction\",\"target\":{\"@type\":\"EntryPoint\",\"urlTemplate\":\"https:\\\/\\\/vetus.com\\\/de\\\/?s={search_term_string}\"},\"query-input\":{\"@type\":\"PropertyValueSpecification\",\"valueRequired\":true,\"valueName\":\"search_term_string\"}}],\"inLanguage\":\"de\"}]}<\/script>\n<!-- \/ Yoast SEO Premium plugin. -->","yoast_head_json":{"title":"Sicheres Ankern mit Maxwell Marine","description":"Lassen Sie Ihren Anker fallen und holen Sie ihn mit nur einem Knopfdruck wieder ein \u2013 ganz ohne Sorgen. Maxwell-Ankersysteme vereinen St\u00e4rke","robots":{"index":"index","follow":"follow","max-snippet":"max-snippet:-1","max-image-preview":"max-image-preview:large","max-video-preview":"max-video-preview:-1"},"canonical":"https:\/\/vetus.com\/de\/sichere-verankerung\/","og_locale":"de_DE","og_type":"article","og_title":"Sicheres Ankern mit Vertrauen","og_description":"Lassen Sie Ihren Anker fallen und holen Sie ihn mit nur einem Knopfdruck wieder ein \u2013 ganz ohne Sorgen. Maxwell-Ankersysteme vereinen St\u00e4rke","og_url":"https:\/\/vetus.com\/de\/sichere-verankerung\/","og_site_name":"VETUS","article_modified_time":"2026-03-04T10:28:07+00:00","twitter_card":"summary_large_image","twitter_misc":{"Gesch\u00e4tzte Lesezeit":"4\u00a0Minuten"},"schema":{"@context":"https:\/\/schema.org","@graph":[{"@type":"WebPage","@id":"https:\/\/vetus.com\/de\/sichere-verankerung\/","url":"https:\/\/vetus.com\/de\/sichere-verankerung\/","name":"Sicheres Ankern mit Maxwell Marine","isPartOf":{"@id":"https:\/\/vetus.com\/de\/#website"},"datePublished":"2025-11-06T14:06:26+00:00","dateModified":"2026-03-04T10:28:07+00:00","description":"Lassen Sie Ihren Anker fallen und holen Sie ihn mit nur einem Knopfdruck wieder ein \u2013 ganz ohne Sorgen. Maxwell-Ankersysteme vereinen St\u00e4rke","breadcrumb":{"@id":"https:\/\/vetus.com\/de\/sichere-verankerung\/#breadcrumb"},"inLanguage":"de","potentialAction":[{"@type":"ReadAction","target":["https:\/\/vetus.com\/de\/sichere-verankerung\/"]}]},{"@type":"BreadcrumbList","@id":"https:\/\/vetus.com\/de\/sichere-verankerung\/#breadcrumb","itemListElement":[{"@type":"ListItem","position":1,"name":"Home","item":"https:\/\/vetus.com\/de\/"},{"@type":"ListItem","position":2,"name":"Sicheres Ankern mit Vertrauen"}]},{"@type":"WebSite","@id":"https:\/\/vetus.com\/de\/#website","url":"https:\/\/vetus.com\/de\/","name":"VETUS","description":"","potentialAction":[{"@type":"SearchAction","target":{"@type":"EntryPoint","urlTemplate":"https:\/\/vetus.com\/de\/?s={search_term_string}"},"query-input":{"@type":"PropertyValueSpecification","valueRequired":true,"valueName":"search_term_string"}}],"inLanguage":"de"}]}},"_links":{"self":[{"href":"https:\/\/vetus.com\/de\/wp-json\/wp\/v2\/pages\/121740","targetHints":{"allow":["GET"]}}],"collection":[{"href":"https:\/\/vetus.com\/de\/wp-json\/wp\/v2\/pages"}],"about":[{"href":"https:\/\/vetus.com\/de\/wp-json\/wp\/v2\/types\/page"}],"author":[{"embeddable":true,"href":"https:\/\/vetus.com\/de\/wp-json\/wp\/v2\/users\/20"}],"replies":[{"embeddable":true,"href":"https:\/\/vetus.com\/de\/wp-json\/wp\/v2\/comments?post=121740"}],"version-history":[{"count":2,"href":"https:\/\/vetus.com\/de\/wp-json\/wp\/v2\/pages\/121740\/revisions"}],"predecessor-version":[{"id":121744,"href":"https:\/\/vetus.com\/de\/wp-json\/wp\/v2\/pages\/121740\/revisions\/121744"}],"wp:attachment":[{"href":"https:\/\/vetus.com\/de\/wp-json\/wp\/v2\/media?parent=121740"}],"curies":[{"name":"wp","href":"https:\/\/api.w.org\/{rel}","templated":true}]}}