{"id":118277,"date":"2025-12-11T14:16:38","date_gmt":"2025-12-11T12:16:38","guid":{"rendered":"https:\/\/vetus.com\/?page_id=118277"},"modified":"2026-02-26T11:27:51","modified_gmt":"2026-02-26T09:27:51","slug":"bow-pro-rimdrive-bugstrahlruder-integration-mit-suzuki-aussenbordmotoren","status":"publish","type":"page","link":"https:\/\/vetus.com\/de\/bow-pro-rimdrive-bugstrahlruder-integration-mit-suzuki-aussenbordmotoren\/","title":{"rendered":"BOW PRO &amp; RIMDRIVE Bugstrahlruder-Integration mit Suzuki Au\u00dfenbordmotoren"},"content":{"rendered":"\n<section class=\"section  \">\n    \n\n<section id=\"section-text-block-block_9f19d1027a7aff933eb0ad2552cf0555\" class=\"section text-block \">\n                    <div class=\"section section__body\">\n            <div class=\"text-block\">\n                <div class=\"container\">\n                    <div class=\"row\">\n                        <div class=\"col-lg-8 offset-lg-2\">\n                                                            <div class=\"section__content single__content hentry\">\n                                    <p>VETUS bietet die vollst\u00e4ndige Integration seiner BOW PRO- und RIMDRIVE-Bugstrahlrudersysteme mit Suzuki Au\u00dfenbordmotoren mit elektronischer Steuerung sowie mit Ultraflex Integra JS Lenk- und Joysticksteuerungen. Diese integrierte L\u00f6sung erm\u00f6glicht eine nahtlose Kommunikation zwischen Antrieb, Lenkung und Bugstrahlrudersystemen, sodass alle Funktionen \u00fcber eine einzige Joystick-Schnittstelle gesteuert werden k\u00f6nnen.<\/p>\n                                <\/div>\n                            \n                                                    <\/div>\n                    <\/div>\n                <\/div>\n            <\/div>\n        <\/div>\n    <\/section><\/section>\n\n<section class=\"section section--colored bg-light content-blocks bg-light   \">\n    \n<section id=\"content-block-1-block_d4dff66c0e0af5c274b00b69f4559a22\" class=\"section content-block content-block--image \">\n    <div class=\"container\">\n        <div class=\"row d-flex align-items-center\">\n\n            <div class=\"col-md-6 col-lg-7\">\n                                    <div class=\"content-block__visuals\">\n                        <div class=\"content-block__media media--clipped media ratio\">\n                            <div class=\"media__wrapper\">\n                                <img decoding=\"async\" width=\"690\" height=\"690\" src=\"https:\/\/vetus.com\/wp-content\/uploads\/bowpro300_front_up_product_1080x1080-690x690.jpg\" class=\"media__source img-fit\" alt=\"\" srcset=\"https:\/\/vetus.com\/wp-content\/uploads\/bowpro300_front_up_product_1080x1080-690x690.jpg 690w, https:\/\/vetus.com\/wp-content\/uploads\/bowpro300_front_up_product_1080x1080-300x300.jpg 300w, https:\/\/vetus.com\/wp-content\/uploads\/bowpro300_front_up_product_1080x1080-150x150.jpg 150w, https:\/\/vetus.com\/wp-content\/uploads\/bowpro300_front_up_product_1080x1080-768x768.jpg 768w, https:\/\/vetus.com\/wp-content\/uploads\/bowpro300_front_up_product_1080x1080-210x210.jpg 210w, https:\/\/vetus.com\/wp-content\/uploads\/bowpro300_front_up_product_1080x1080-330x330.jpg 330w, https:\/\/vetus.com\/wp-content\/uploads\/bowpro300_front_up_product_1080x1080-431x431.jpg 431w, https:\/\/vetus.com\/wp-content\/uploads\/bowpro300_front_up_product_1080x1080-507x507.jpg 507w, https:\/\/vetus.com\/wp-content\/uploads\/bowpro300_front_up_product_1080x1080-530x530.jpg 530w, https:\/\/vetus.com\/wp-content\/uploads\/bowpro300_front_up_product_1080x1080-930x930.jpg 930w, https:\/\/vetus.com\/wp-content\/uploads\/bowpro300_front_up_product_1080x1080.jpg 1080w\" sizes=\"auto, (max-width: 575.98px) 431px, (max-width: 767.98px) 530px, (max-width: 991.98px) 330px, (max-width: 1279.98px) 530px, (max-width: 1899.98px) 690px, 930px\" loading=\"lazy\" \/>                            <\/div>\n                        <\/div>\n                    <\/div>\n                            <\/div>\n\n            <div class=\"col-md-6 col-lg-4 offset-lg-1\">\n                <div class=\"content-block__body\">\n                    \n                    \n                                            <h3 data-start=\"557\" data-end=\"607\">Integrierte Steuerung f\u00fcr pr\u00e4zises Man\u00f6vrieren<\/h3>\n<p data-start=\"609\" data-end=\"1033\">Das kombinierte System bietet eine sanfte, proportionale Steuerung, die das Handling in engen Situationen wie beim An- und Ablegen, in schmalen Fahrwassern und in stark frequentierten Marinas deutlich verbessert. Durch die Koordination von Motor-, Lenk- und Bugstrahlruderbefehlen \u00fcber den Ultraflex-Joystick profitieren Anwender von vorhersehbaren Reaktionen und einer pr\u00e4zisen Man\u00f6vrierf\u00e4higkeit. Das System erm\u00f6glicht es:<\/p>\n<ul data-start=\"1035\" data-end=\"1281\">\n<li data-start=\"1035\" data-end=\"1105\">\n<p data-start=\"1037\" data-end=\"1105\">Das Schiff seitw\u00e4rts, diagonal, vorw\u00e4rts oder r\u00fcckw\u00e4rts zu bewegen<\/p>\n<\/li>\n<li data-start=\"1106\" data-end=\"1192\">\n<p data-start=\"1108\" data-end=\"1192\">Das Boot um die eigene Achse zu drehen, um eine exakte Positionierung zu erreichen<\/p>\n<\/li>\n<li data-start=\"1193\" data-end=\"1281\">\n<p data-start=\"1195\" data-end=\"1281\">Auch bei Wind, Str\u00f6mung oder beengten Bedingungen eine stabile Kontrolle zu behalten<\/p>\n<\/li>\n<\/ul>\n<p data-start=\"1283\" data-end=\"1423\">Jedes Man\u00f6ver wird \u00fcber einen einzigen Joystick koordiniert, was die Bedienung vereinfacht und die Arbeitsbelastung des Bedieners reduziert.<\/p>\n                    \t\t\t\t\t\n                                    <\/div>\n            <\/div>\n        <\/div>\n    <\/div>\n<\/section>\n<section id=\"content-block-1-block_d4dff66c0e0af5c274b00b69f4559a22\" class=\"section content-block content-block--image \">\n    <div class=\"container\">\n        <div class=\"row d-flex align-items-center flex-md-row-reverse\">\n\n            <div class=\"col-md-6 col-lg-7 offset-lg-1\">\n                                    <div class=\"content-block__visuals\">\n                        <div class=\"content-block__media media--clipped media ratio\">\n                            <div class=\"media__wrapper\">\n                                <img decoding=\"async\" width=\"690\" height=\"388\" src=\"https:\/\/vetus.com\/wp-content\/uploads\/bowpro300_full_product_1920x1080-690x388.jpg\" class=\"media__source img-fit\" alt=\"\" srcset=\"https:\/\/vetus.com\/wp-content\/uploads\/bowpro300_full_product_1920x1080-690x388.jpg 690w, https:\/\/vetus.com\/wp-content\/uploads\/bowpro300_full_product_1920x1080-300x169.jpg 300w, https:\/\/vetus.com\/wp-content\/uploads\/bowpro300_full_product_1920x1080-768x432.jpg 768w, https:\/\/vetus.com\/wp-content\/uploads\/bowpro300_full_product_1920x1080-210x118.jpg 210w, https:\/\/vetus.com\/wp-content\/uploads\/bowpro300_full_product_1920x1080-330x186.jpg 330w, https:\/\/vetus.com\/wp-content\/uploads\/bowpro300_full_product_1920x1080-431x242.jpg 431w, https:\/\/vetus.com\/wp-content\/uploads\/bowpro300_full_product_1920x1080-507x285.jpg 507w, https:\/\/vetus.com\/wp-content\/uploads\/bowpro300_full_product_1920x1080-530x298.jpg 530w, https:\/\/vetus.com\/wp-content\/uploads\/bowpro300_full_product_1920x1080-930x523.jpg 930w, https:\/\/vetus.com\/wp-content\/uploads\/bowpro300_full_product_1920x1080-1170x658.jpg 1170w, https:\/\/vetus.com\/wp-content\/uploads\/bowpro300_full_product_1920x1080.jpg 1920w\" sizes=\"auto, (max-width: 575.98px) 431px, (max-width: 767.98px) 530px, (max-width: 991.98px) 330px, (max-width: 1279.98px) 530px, (max-width: 1899.98px) 690px, 930px\" loading=\"lazy\" \/>                            <\/div>\n                        <\/div>\n                    <\/div>\n                            <\/div>\n\n            <div class=\"col-md-6 col-lg-4\">\n                <div class=\"content-block__body\">\n                    \n                    \n                                            <h3 data-start=\"1425\" data-end=\"1497\">Integration mit Suzuki Au\u00dfenbordmotoren mit elektronischer Steuerung<\/h3>\n<p data-start=\"1499\" data-end=\"2063\">Diese Integration unterst\u00fctzt Suzukis Au\u00dfenbordmodelle mit elektronischer Steuerung, einschlie\u00dflich der fortschrittlichen Modelle DF350AMD und DF300BMD, die beide mit integrierter Lenkung ausgestattet sind. Diese Motoren arbeiten nahtlos mit dem Ultraflex-Joysticksystem und den VETUS-Bugstrahlrudern zusammen und gew\u00e4hrleisten eine pr\u00e4zise Abstimmung zwischen Antriebs- und Man\u00f6vriersystemen. \u00dcber die elektronische Servolenkungsplattform Ultraflex Integra JS werden Motor- und Bugstrahlruderbefehle mit hoher Genauigkeit und sanfter Reaktionsf\u00e4higkeit gesteuert.<\/p>\n                    \t\t\t\t\t\n                                            <div class=\"content-block__actions actions\">\n                            <div class=\"btn-group d-flex flex-wrap justify-content-center justify-content-md-start\">\n                                <a href=\"https:\/\/www.suzukimarine.com\/news\/suzuki-marine-usa-announces-technology-collaboration-with-vetus\/\" class=\"btn btn-sm btn-empty btn-empty-primary\" title=\"\" target=\"_blank\">\n                                    <span>Erfahren Sie mehr bei Suzuki Marine<\/span>\n                                    <i class=\"icon icon-keyboard_arrow_right\"><\/i>\n                                <\/a>\n\n                                <!-- <a href=\"#\" class=\"btn btn-sm btn-empty btn-empty-primary\" title=\"\">\n                                    <span>Watch video<\/span>\n                                    <i class=\"icon icon-play_circle_outline\"><\/i>\n                                <\/a> -->\n                                <!-- <a href=\"#\" class=\"btn btn-sm btn-empty btn-empty-primary\" title=\"\">\n                                    <span>Innovation<\/span>\n                                    <i class=\"icon icon-keyboard_arrow_right\"><\/i>\n                                <\/a> -->\n                            <\/div>\n                        <\/div>\n                                    <\/div>\n            <\/div>\n        <\/div>\n    <\/div>\n<\/section><\/section>\n\n\n<section class=\"section  \">\n    \n\n<section id=\"section-text-block-block_fac2f9a02e741f22e41c872a625073d0\" class=\"section text-block \">\n                    <div class=\"section section__body\">\n            <div class=\"text-block\">\n                <div class=\"container\">\n                    <div class=\"row\">\n                        <div class=\"col-lg-8 offset-lg-2\">\n                                                            <div class=\"section__content single__content hentry\">\n                                    <h3 data-start=\"2104\" data-end=\"2147\">Eine technologiebasierte Zusammenarbeit<\/h3>\n<p data-start=\"2149\" data-end=\"2355\">Die kombinierten Technologien von VETUS, Suzuki und Ultraflex f\u00fchren zu einem integrierten Steuerungssystem, das entwickelt wurde, um Sicherheit und Effizienz beim Man\u00f6vrieren in engen Bereichen zu erh\u00f6hen:<\/p>\n<ul data-start=\"2357\" data-end=\"2656\">\n<li data-start=\"2357\" data-end=\"2436\">\n<p data-start=\"2359\" data-end=\"2436\">Nahtlose Kommunikation zwischen Bugstrahlruder-, Lenk- und Antriebssystemen<\/p>\n<\/li>\n<li data-start=\"2437\" data-end=\"2516\">\n<p data-start=\"2439\" data-end=\"2516\">Sanfte und vorhersehbare Man\u00f6vrierf\u00e4higkeit durch moderne Joysticksteuerung<\/p>\n<\/li>\n<li data-start=\"2517\" data-end=\"2588\">\n<p data-start=\"2519\" data-end=\"2588\">Zuverl\u00e4ssige Reaktion beim Anlegen und bei Station-Keeping-Man\u00f6vern<\/p>\n<\/li>\n<li data-start=\"2589\" data-end=\"2656\">\n<p data-start=\"2591\" data-end=\"2656\">Flexible Kompatibilit\u00e4t mit Einzel- und Mehrmotorinstallationen<\/p>\n<\/li>\n<\/ul>\n<p data-start=\"2658\" data-end=\"2812\">Diese Zusammenarbeit bietet eine deutliche Verbesserung der Schiffssteuerung, ohne Kompromisse bei Benutzerfreundlichkeit oder Zuverl\u00e4ssigkeit einzugehen.<\/p>\n                                <\/div>\n                            \n                                                    <\/div>\n                    <\/div>\n                <\/div>\n            <\/div>\n        <\/div>\n    <\/section><\/section>\n\n<section class=\"section section--colored bg-light content-blocks bg-light   mb-0\">\n    \n\n<section id=\"section-text-block-block_2b2dd3904e4e3a122e053021d7317adf\" class=\"section text-block  mb-0\">\n                    <div class=\"section section__body\">\n            <div class=\"text-block\">\n                <div class=\"container\">\n                    <div class=\"row\">\n                        <div class=\"col-lg-8 offset-lg-2\">\n                                                            <div class=\"section__content single__content hentry\">\n                                    <h3 data-start=\"2814\" data-end=\"2856\">Zuverl\u00e4ssige Kontrolle auf jeder Fahrt<\/h3>\n<p data-start=\"2858\" data-end=\"3277\">Diese integrierte L\u00f6sung sorgt f\u00fcr eine sanfte, vorhersehbare und intuitive Schiffsf\u00fchrung und unterst\u00fctzt Bootsfahrer mit mehr Sicherheit beim An- und Ablegen sowie bei Man\u00f6vern auf engem Raum. Mit bew\u00e4hrten Technologien, die \u00fcber eine Vielzahl von Bootstypen hinweg zusammenarbeiten, bietet VETUS zuverl\u00e4ssige und vielseitige Steuerungsl\u00f6sungen, die auf die Anforderungen des modernen Wassersports zugeschnitten sind.<\/p>\n                                <\/div>\n                            \n                                                            <div class=\"section__actions text-block__actions actions\">\n                                    <div class=\"btn-group d-flex flex-wrap justify-content-center\">\n                                                                                    <a href=\"https:\/\/vetus.com\/de\/bow-pro-strahlruder\/#bodem\" class=\"btn btn-primary\" title=\"\" target=\"_blank\">\n                                                <span>Entdecken Sie alle VETUS Bugstrahlruder-Integrationen<\/span>\n                                            <\/a>\n                                        \n                                                                            <\/div>\n                                <\/div>\n                                                    <\/div>\n                    <\/div>\n                <\/div>\n            <\/div>\n        <\/div>\n    <\/section><\/section>","protected":false},"excerpt":{"rendered":"","protected":false},"author":20,"featured_media":0,"parent":0,"menu_order":0,"comment_status":"closed","ping_status":"closed","template":"tpl-blog-large-header.php","meta":{"_acf_changed":false,"footnotes":""},"class_list":["post-118277","page","type-page","status-publish","hentry"],"acf":{"image":{"ID":118253,"id":118253,"title":"Suzuki-VETUS-Demo-scaled (1)","filename":"Suzuki-VETUS-Demo-scaled-1.jpg","filesize":756401,"url":"https:\/\/vetus.com\/wp-content\/uploads\/Suzuki-VETUS-Demo-scaled-1.jpg","link":"https:\/\/vetus.com\/de\/bow-pro-rimdrive-bugstrahlruder-integration-mit-suzuki-aussenbordmotoren\/suzuki-vetus-demo-scaled-1-2\/","alt":"","author":"20","description":"","caption":"","name":"suzuki-vetus-demo-scaled-1-2","status":"inherit","uploaded_to":118277,"date":"2025-12-11 11:33:06","modified":"2025-12-17 11:31:37","menu_order":0,"mime_type":"image\/jpeg","type":"image","subtype":"jpeg","icon":"https:\/\/vetus.com\/wp-includes\/images\/media\/default.png","width":2560,"height":1695,"sizes":{"thumbnail":"https:\/\/vetus.com\/wp-content\/uploads\/Suzuki-VETUS-Demo-scaled-1-150x150.jpg","thumbnail-width":150,"thumbnail-height":150,"medium":"https:\/\/vetus.com\/wp-content\/uploads\/Suzuki-VETUS-Demo-scaled-1-300x199.jpg","medium-width":300,"medium-height":199,"medium_large":"https:\/\/vetus.com\/wp-content\/uploads\/Suzuki-VETUS-Demo-scaled-1-768x509.jpg","medium_large-width":768,"medium_large-height":509,"large":"https:\/\/vetus.com\/wp-content\/uploads\/Suzuki-VETUS-Demo-scaled-1.jpg","large-width":1024,"large-height":678,"1536x1536":"https:\/\/vetus.com\/wp-content\/uploads\/Suzuki-VETUS-Demo-scaled-1.jpg","1536x1536-width":1536,"1536x1536-height":1017,"2048x2048":"https:\/\/vetus.com\/wp-content\/uploads\/Suzuki-VETUS-Demo-scaled-1.jpg","2048x2048-width":2048,"2048x2048-height":1356,"210w":"https:\/\/vetus.com\/wp-content\/uploads\/Suzuki-VETUS-Demo-scaled-1-210x139.jpg","210w-width":210,"210w-height":139,"330w":"https:\/\/vetus.com\/wp-content\/uploads\/Suzuki-VETUS-Demo-scaled-1-330x218.jpg","330w-width":330,"330w-height":218,"431w":"https:\/\/vetus.com\/wp-content\/uploads\/Suzuki-VETUS-Demo-scaled-1-431x285.jpg","431w-width":431,"431w-height":285,"507w":"https:\/\/vetus.com\/wp-content\/uploads\/Suzuki-VETUS-Demo-scaled-1-507x336.jpg","507w-width":507,"507w-height":336,"530w":"https:\/\/vetus.com\/wp-content\/uploads\/Suzuki-VETUS-Demo-scaled-1-530x351.jpg","530w-width":530,"530w-height":351,"690w":"https:\/\/vetus.com\/wp-content\/uploads\/Suzuki-VETUS-Demo-scaled-1-690x457.jpg","690w-width":690,"690w-height":457,"930w":"https:\/\/vetus.com\/wp-content\/uploads\/Suzuki-VETUS-Demo-scaled-1-930x616.jpg","930w-width":930,"930w-height":616,"1170w":"https:\/\/vetus.com\/wp-content\/uploads\/Suzuki-VETUS-Demo-scaled-1-1170x775.jpg","1170w-width":1170,"1170w-height":775,"gform-image-choice-sm":"https:\/\/vetus.com\/wp-content\/uploads\/Suzuki-VETUS-Demo-scaled-1.jpg","gform-image-choice-sm-width":300,"gform-image-choice-sm-height":199,"gform-image-choice-md":"https:\/\/vetus.com\/wp-content\/uploads\/Suzuki-VETUS-Demo-scaled-1.jpg","gform-image-choice-md-width":400,"gform-image-choice-md-height":265,"gform-image-choice-lg":"https:\/\/vetus.com\/wp-content\/uploads\/Suzuki-VETUS-Demo-scaled-1.jpg","gform-image-choice-lg-width":600,"gform-image-choice-lg-height":397}},"introduction":"","person":false,"title":"Smarte Integration f\u00fcr verbesserte Man\u00f6vrierf\u00e4higkeit"},"yoast_head":"<!-- This site is optimized with the Yoast SEO Premium plugin v27.3 (Yoast SEO v27.3) - https:\/\/yoast.com\/product\/yoast-seo-premium-wordpress\/ -->\n<title>BOW PRO &amp; RIMDRIVE Bugstrahlruder-Integration mit Suzuki Au\u00dfenbordmotoren - VETUS<\/title>\n<meta name=\"description\" content=\"VETUS bietet die vollst\u00e4ndige Integration seiner BOW PRO- und RIMDRIVE-Bugstrahlrudersysteme mit Suzuki Au\u00dfenbordmotoren mit elektronischer\" \/>\n<meta name=\"robots\" content=\"index, follow, max-snippet:-1, max-image-preview:large, max-video-preview:-1\" \/>\n<link rel=\"canonical\" href=\"https:\/\/vetus.com\/de\/bow-pro-rimdrive-bugstrahlruder-integration-mit-suzuki-aussenbordmotoren\/\" \/>\n<meta property=\"og:locale\" content=\"de_DE\" \/>\n<meta property=\"og:type\" content=\"article\" \/>\n<meta property=\"og:title\" content=\"BOW PRO &amp; RIMDRIVE Bugstrahlruder-Integration mit Suzuki Au\u00dfenbordmotoren\" \/>\n<meta property=\"og:description\" content=\"VETUS bietet die vollst\u00e4ndige Integration seiner BOW PRO- und RIMDRIVE-Bugstrahlrudersysteme mit Suzuki Au\u00dfenbordmotoren mit elektronischer\" \/>\n<meta property=\"og:url\" content=\"https:\/\/vetus.com\/de\/bow-pro-rimdrive-bugstrahlruder-integration-mit-suzuki-aussenbordmotoren\/\" \/>\n<meta property=\"og:site_name\" content=\"VETUS\" \/>\n<meta property=\"article:modified_time\" content=\"2026-02-26T09:27:51+00:00\" \/>\n<meta name=\"twitter:card\" content=\"summary_large_image\" \/>\n<meta name=\"twitter:label1\" content=\"Gesch\u00e4tzte Lesezeit\" \/>\n\t<meta name=\"twitter:data1\" content=\"3\u00a0Minuten\" \/>\n<script type=\"application\/ld+json\" class=\"yoast-schema-graph\">{\"@context\":\"https:\\\/\\\/schema.org\",\"@graph\":[{\"@type\":\"WebPage\",\"@id\":\"https:\\\/\\\/vetus.com\\\/de\\\/bow-pro-rimdrive-bugstrahlruder-integration-mit-suzuki-aussenbordmotoren\\\/\",\"url\":\"https:\\\/\\\/vetus.com\\\/de\\\/bow-pro-rimdrive-bugstrahlruder-integration-mit-suzuki-aussenbordmotoren\\\/\",\"name\":\"BOW PRO &amp; RIMDRIVE Bugstrahlruder-Integration mit Suzuki Au\u00dfenbordmotoren - VETUS\",\"isPartOf\":{\"@id\":\"https:\\\/\\\/vetus.com\\\/de\\\/#website\"},\"datePublished\":\"2025-12-11T12:16:38+00:00\",\"dateModified\":\"2026-02-26T09:27:51+00:00\",\"description\":\"VETUS bietet die vollst\u00e4ndige Integration seiner BOW PRO- und RIMDRIVE-Bugstrahlrudersysteme mit Suzuki Au\u00dfenbordmotoren mit elektronischer\",\"breadcrumb\":{\"@id\":\"https:\\\/\\\/vetus.com\\\/de\\\/bow-pro-rimdrive-bugstrahlruder-integration-mit-suzuki-aussenbordmotoren\\\/#breadcrumb\"},\"inLanguage\":\"de\",\"potentialAction\":[{\"@type\":\"ReadAction\",\"target\":[\"https:\\\/\\\/vetus.com\\\/de\\\/bow-pro-rimdrive-bugstrahlruder-integration-mit-suzuki-aussenbordmotoren\\\/\"]}]},{\"@type\":\"BreadcrumbList\",\"@id\":\"https:\\\/\\\/vetus.com\\\/de\\\/bow-pro-rimdrive-bugstrahlruder-integration-mit-suzuki-aussenbordmotoren\\\/#breadcrumb\",\"itemListElement\":[{\"@type\":\"ListItem\",\"position\":1,\"name\":\"Home\",\"item\":\"https:\\\/\\\/vetus.com\\\/de\\\/\"},{\"@type\":\"ListItem\",\"position\":2,\"name\":\"BOW PRO &amp; RIMDRIVE Bugstrahlruder-Integration mit Suzuki Au\u00dfenbordmotoren\"}]},{\"@type\":\"WebSite\",\"@id\":\"https:\\\/\\\/vetus.com\\\/de\\\/#website\",\"url\":\"https:\\\/\\\/vetus.com\\\/de\\\/\",\"name\":\"VETUS\",\"description\":\"\",\"potentialAction\":[{\"@type\":\"SearchAction\",\"target\":{\"@type\":\"EntryPoint\",\"urlTemplate\":\"https:\\\/\\\/vetus.com\\\/de\\\/?s={search_term_string}\"},\"query-input\":{\"@type\":\"PropertyValueSpecification\",\"valueRequired\":true,\"valueName\":\"search_term_string\"}}],\"inLanguage\":\"de\"}]}<\/script>\n<!-- \/ Yoast SEO Premium plugin. -->","yoast_head_json":{"title":"BOW PRO &amp; RIMDRIVE Bugstrahlruder-Integration mit Suzuki Au\u00dfenbordmotoren - VETUS","description":"VETUS bietet die vollst\u00e4ndige Integration seiner BOW PRO- und RIMDRIVE-Bugstrahlrudersysteme mit Suzuki Au\u00dfenbordmotoren mit elektronischer","robots":{"index":"index","follow":"follow","max-snippet":"max-snippet:-1","max-image-preview":"max-image-preview:large","max-video-preview":"max-video-preview:-1"},"canonical":"https:\/\/vetus.com\/de\/bow-pro-rimdrive-bugstrahlruder-integration-mit-suzuki-aussenbordmotoren\/","og_locale":"de_DE","og_type":"article","og_title":"BOW PRO &amp; RIMDRIVE Bugstrahlruder-Integration mit Suzuki Au\u00dfenbordmotoren","og_description":"VETUS bietet die vollst\u00e4ndige Integration seiner BOW PRO- und RIMDRIVE-Bugstrahlrudersysteme mit Suzuki Au\u00dfenbordmotoren mit elektronischer","og_url":"https:\/\/vetus.com\/de\/bow-pro-rimdrive-bugstrahlruder-integration-mit-suzuki-aussenbordmotoren\/","og_site_name":"VETUS","article_modified_time":"2026-02-26T09:27:51+00:00","twitter_card":"summary_large_image","twitter_misc":{"Gesch\u00e4tzte Lesezeit":"3\u00a0Minuten"},"schema":{"@context":"https:\/\/schema.org","@graph":[{"@type":"WebPage","@id":"https:\/\/vetus.com\/de\/bow-pro-rimdrive-bugstrahlruder-integration-mit-suzuki-aussenbordmotoren\/","url":"https:\/\/vetus.com\/de\/bow-pro-rimdrive-bugstrahlruder-integration-mit-suzuki-aussenbordmotoren\/","name":"BOW PRO &amp; RIMDRIVE Bugstrahlruder-Integration mit Suzuki Au\u00dfenbordmotoren - VETUS","isPartOf":{"@id":"https:\/\/vetus.com\/de\/#website"},"datePublished":"2025-12-11T12:16:38+00:00","dateModified":"2026-02-26T09:27:51+00:00","description":"VETUS bietet die vollst\u00e4ndige Integration seiner BOW PRO- und RIMDRIVE-Bugstrahlrudersysteme mit Suzuki Au\u00dfenbordmotoren mit elektronischer","breadcrumb":{"@id":"https:\/\/vetus.com\/de\/bow-pro-rimdrive-bugstrahlruder-integration-mit-suzuki-aussenbordmotoren\/#breadcrumb"},"inLanguage":"de","potentialAction":[{"@type":"ReadAction","target":["https:\/\/vetus.com\/de\/bow-pro-rimdrive-bugstrahlruder-integration-mit-suzuki-aussenbordmotoren\/"]}]},{"@type":"BreadcrumbList","@id":"https:\/\/vetus.com\/de\/bow-pro-rimdrive-bugstrahlruder-integration-mit-suzuki-aussenbordmotoren\/#breadcrumb","itemListElement":[{"@type":"ListItem","position":1,"name":"Home","item":"https:\/\/vetus.com\/de\/"},{"@type":"ListItem","position":2,"name":"BOW PRO &amp; RIMDRIVE Bugstrahlruder-Integration mit Suzuki Au\u00dfenbordmotoren"}]},{"@type":"WebSite","@id":"https:\/\/vetus.com\/de\/#website","url":"https:\/\/vetus.com\/de\/","name":"VETUS","description":"","potentialAction":[{"@type":"SearchAction","target":{"@type":"EntryPoint","urlTemplate":"https:\/\/vetus.com\/de\/?s={search_term_string}"},"query-input":{"@type":"PropertyValueSpecification","valueRequired":true,"valueName":"search_term_string"}}],"inLanguage":"de"}]}},"_links":{"self":[{"href":"https:\/\/vetus.com\/de\/wp-json\/wp\/v2\/pages\/118277","targetHints":{"allow":["GET"]}}],"collection":[{"href":"https:\/\/vetus.com\/de\/wp-json\/wp\/v2\/pages"}],"about":[{"href":"https:\/\/vetus.com\/de\/wp-json\/wp\/v2\/types\/page"}],"author":[{"embeddable":true,"href":"https:\/\/vetus.com\/de\/wp-json\/wp\/v2\/users\/20"}],"replies":[{"embeddable":true,"href":"https:\/\/vetus.com\/de\/wp-json\/wp\/v2\/comments?post=118277"}],"version-history":[{"count":5,"href":"https:\/\/vetus.com\/de\/wp-json\/wp\/v2\/pages\/118277\/revisions"}],"predecessor-version":[{"id":122679,"href":"https:\/\/vetus.com\/de\/wp-json\/wp\/v2\/pages\/118277\/revisions\/122679"}],"wp:attachment":[{"href":"https:\/\/vetus.com\/de\/wp-json\/wp\/v2\/media?parent=118277"}],"curies":[{"name":"wp","href":"https:\/\/api.w.org\/{rel}","templated":true}]}}