{"id":115639,"date":"2025-10-02T10:54:36","date_gmt":"2025-10-02T08:54:36","guid":{"rendered":"https:\/\/vetus.com\/bow-pro-thruster-integration-with-cummins-inboards-and-glendinning\/"},"modified":"2026-02-26T12:13:42","modified_gmt":"2026-02-26T10:13:42","slug":"bow-pro-bugstrahlruder-integration-mit-cummins-innenbordmotoren-und-glendinning","status":"publish","type":"page","link":"https:\/\/vetus.com\/de\/bow-pro-bugstrahlruder-integration-mit-cummins-innenbordmotoren-und-glendinning\/","title":{"rendered":"BOW PRO Bugstrahlruder-Integration mit Cummins Innenbordmotoren und Glendinning ProPilot Joystick"},"content":{"rendered":"\n<section class=\"section  \">\n    \n\n<section id=\"section-text-block-block_6c1dfa0219f20dda846293d67068e9f4\" class=\"section text-block \">\n                    <div class=\"section section__body\">\n            <div class=\"text-block\">\n                <div class=\"container\">\n                    <div class=\"row\">\n                        <div class=\"col-lg-8 offset-lg-2\">\n                                                            <div class=\"section__content single__content hentry\">\n                                    <p data-start=\"147\" data-end=\"428\">Um das Anlegeerlebnis f\u00fcr noch mehr Bootsfahrer zu verbessern, ist VETUS eine Partnerschaft mit Cummins Marine und Glendinning eingegangen. Gemeinsam werden BOW PRO Bugstrahlruder, Cummins Innenbordmotoren und der Glendinning ProPilot Joystick zu einem integrierten System vereint.<\/p>\n<p data-start=\"430\" data-end=\"638\">Das System kombiniert Motor- und Strahlrudersteuerung \u00fcber einen benutzerfreundlichen Joystick und sorgt daf\u00fcr, dass Anlegeman\u00f6ver und das Man\u00f6vrieren auf engem Raum einfacher, sicherer und stressfrei werden.<\/p>\n                                <\/div>\n                            \n                                                    <\/div>\n                    <\/div>\n                <\/div>\n            <\/div>\n        <\/div>\n    <\/section><\/section>\n\n<section class=\"section section--colored bg-light content-blocks bg-light   \">\n    \n<section id=\"content-block-1-block_2bba7a81eb0cdc7572f4624e38eb5044\" class=\"section content-block content-block--image \">\n    <div class=\"container\">\n        <div class=\"row d-flex align-items-center\">\n\n            <div class=\"col-md-6 col-lg-7\">\n                                    <div class=\"content-block__visuals\">\n                        <div class=\"content-block__media media--clipped media ratio\">\n                            <div class=\"media__wrapper\">\n                                <img decoding=\"async\" width=\"690\" height=\"458\" src=\"https:\/\/vetus.com\/wp-content\/uploads\/ProPilot-Lifestyle-001-1-690x458.jpg\" class=\"media__source img-fit\" alt=\"\" srcset=\"https:\/\/vetus.com\/wp-content\/uploads\/ProPilot-Lifestyle-001-1-690x458.jpg 690w, https:\/\/vetus.com\/wp-content\/uploads\/ProPilot-Lifestyle-001-1-300x199.jpg 300w, https:\/\/vetus.com\/wp-content\/uploads\/ProPilot-Lifestyle-001-1-210x139.jpg 210w, https:\/\/vetus.com\/wp-content\/uploads\/ProPilot-Lifestyle-001-1-330x219.jpg 330w, https:\/\/vetus.com\/wp-content\/uploads\/ProPilot-Lifestyle-001-1-431x286.jpg 431w, https:\/\/vetus.com\/wp-content\/uploads\/ProPilot-Lifestyle-001-1-507x337.jpg 507w, https:\/\/vetus.com\/wp-content\/uploads\/ProPilot-Lifestyle-001-1-530x352.jpg 530w, https:\/\/vetus.com\/wp-content\/uploads\/ProPilot-Lifestyle-001-1.jpg 702w\" sizes=\"auto, (max-width: 575.98px) 431px, (max-width: 767.98px) 530px, (max-width: 991.98px) 330px, (max-width: 1279.98px) 530px, (max-width: 1899.98px) 690px, 930px\" loading=\"lazy\" \/>                            <\/div>\n                        <\/div>\n                    <\/div>\n                            <\/div>\n\n            <div class=\"col-md-6 col-lg-4 offset-lg-1\">\n                <div class=\"content-block__body\">\n                    \n                    \n                                            <h3 data-start=\"645\" data-end=\"682\">Eine neue \u00c4ra der Anlegesteuerung<\/h3>\n<p data-start=\"684\" data-end=\"1001\">Wenn Cummins Innenbordmotoren, der Glendinning ProPilot Joystick und VETUS BOW PRO Bugstrahlruder zusammenarbeiten, gewinnen Bootsfahrer ein H\u00f6chstma\u00df an Vertrauen und Pr\u00e4zision am Steuerstand. Diese leistungsstarke Integration verwandelt selbst anspruchsvollste Anlegesituationen in ruhige und kontrollierte Man\u00f6ver.<\/p>\n<ul data-start=\"1003\" data-end=\"1513\">\n<li data-start=\"1003\" data-end=\"1130\">\n<p data-start=\"1005\" data-end=\"1130\"><strong data-start=\"1005\" data-end=\"1025\">Souver\u00e4n steuern<\/strong> \u2013 F\u00fchren Sie Ihr Boot mit intuitiver Einhand-Joysticksteuerung exakt dorthin, wo Sie es haben m\u00f6chten.<\/p>\n<\/li>\n<li data-start=\"1131\" data-end=\"1268\">\n<p data-start=\"1133\" data-end=\"1268\"><strong data-start=\"1133\" data-end=\"1160\">Integrierte Performance<\/strong> \u2013 Motoren und Strahlruder arbeiten harmonisch zusammen und erm\u00f6glichen perfektes Handling auf engem Raum.<\/p>\n<\/li>\n<li data-start=\"1269\" data-end=\"1387\">\n<p data-start=\"1271\" data-end=\"1387\"><strong data-start=\"1271\" data-end=\"1301\">Maximale Bewegungsfreiheit<\/strong> \u2013 Seitw\u00e4rts fahren, auf der Stelle drehen oder diagonal man\u00f6vrieren \u2013 ganz m\u00fchelos.<\/p>\n<\/li>\n<li data-start=\"1388\" data-end=\"1513\">\n<p data-start=\"1390\" data-end=\"1513\"><strong data-start=\"1390\" data-end=\"1416\">Intelligente Effizienz<\/strong> \u2013 Minimierte Wasserverwirbelungen sorgen f\u00fcr sichereres und ruhigeres Anlegen in vollen Marinas.<\/p>\n<\/li>\n<\/ul>\n                    \t\t\t\t\t\n                                    <\/div>\n            <\/div>\n        <\/div>\n    <\/div>\n<\/section>\n<section id=\"content-block-1-block_2bba7a81eb0cdc7572f4624e38eb5044\" class=\"section content-block content-block--image \">\n    <div class=\"container\">\n        <div class=\"row d-flex align-items-center flex-md-row-reverse\">\n\n            <div class=\"col-md-6 col-lg-7 offset-lg-1\">\n                                    <div class=\"content-block__visuals\">\n                        <div class=\"content-block__media media--clipped media ratio\">\n                            <div class=\"media__wrapper\">\n                                <img decoding=\"async\" width=\"690\" height=\"460\" src=\"https:\/\/vetus.com\/wp-content\/uploads\/21522070321_07ed4e430a_c-690x460.png\" class=\"media__source img-fit\" alt=\"\" srcset=\"https:\/\/vetus.com\/wp-content\/uploads\/21522070321_07ed4e430a_c-690x460.png 690w, https:\/\/vetus.com\/wp-content\/uploads\/21522070321_07ed4e430a_c-300x200.png 300w, https:\/\/vetus.com\/wp-content\/uploads\/21522070321_07ed4e430a_c-768x512.png 768w, https:\/\/vetus.com\/wp-content\/uploads\/21522070321_07ed4e430a_c-210x140.png 210w, https:\/\/vetus.com\/wp-content\/uploads\/21522070321_07ed4e430a_c-330x220.png 330w, https:\/\/vetus.com\/wp-content\/uploads\/21522070321_07ed4e430a_c-431x287.png 431w, https:\/\/vetus.com\/wp-content\/uploads\/21522070321_07ed4e430a_c-507x338.png 507w, https:\/\/vetus.com\/wp-content\/uploads\/21522070321_07ed4e430a_c-530x353.png 530w, https:\/\/vetus.com\/wp-content\/uploads\/21522070321_07ed4e430a_c.png 800w\" sizes=\"auto, (max-width: 575.98px) 431px, (max-width: 767.98px) 530px, (max-width: 991.98px) 330px, (max-width: 1279.98px) 530px, (max-width: 1899.98px) 690px, 930px\" loading=\"lazy\" \/>                            <\/div>\n                        <\/div>\n                    <\/div>\n                            <\/div>\n\n            <div class=\"col-md-6 col-lg-4\">\n                <div class=\"content-block__body\">\n                    \n                    \n                                            <h3 data-start=\"1520\" data-end=\"1573\">Innovation beim Anlegen \u2013 mit Kraft und Pr\u00e4zision<\/h3>\n<p data-start=\"1575\" data-end=\"1940\">Die Partnerschaft zwischen VETUS, Cummins und Glendinning setzt neue Ma\u00dfst\u00e4be in der integrierten Marine-Steuerung. Durch die Kombination der Innenbordleistung von Cummins mit der ProPilot-Technologie von Glendinning und den VETUS BOW PRO Bugstrahlrudern entsteht eine robuste und zukunftssichere L\u00f6sung f\u00fcr Bootsfahrer, die Zuverl\u00e4ssigkeit und Pr\u00e4zision verlangen.<\/p>\n<ul data-start=\"1942\" data-end=\"2397\">\n<li data-start=\"1942\" data-end=\"2059\">\n<p data-start=\"1944\" data-end=\"2059\">Nahtlose Integration mit der gesamten BOW PRO Familie f\u00fcr breite Kompatibilit\u00e4t mit unterschiedlichen Bootstypen.<\/p>\n<\/li>\n<li data-start=\"2060\" data-end=\"2175\">\n<p data-start=\"2062\" data-end=\"2175\">Einfache Installation durch direkte Anbindung an bestehende Cummins-Steuerst\u00e4nde \u00fcber das VETUS V-CAN Netzwerk.<\/p>\n<\/li>\n<li data-start=\"2176\" data-end=\"2279\">\n<p data-start=\"2178\" data-end=\"2279\">Individuell abgestimmte Performance durch fahrzeugspezifische Balanceeinstellungen via PC-Programm.<\/p>\n<\/li>\n<li data-start=\"2280\" data-end=\"2397\">\n<p data-start=\"2282\" data-end=\"2397\">Unterst\u00fctzt durch jahrzehntelange Erfahrung im Schiffbau und ein umfassendes globales Service- und H\u00e4ndlernetzwerk.<\/p>\n<\/li>\n<\/ul>\n                    \t\t\t\t\t\n                                    <\/div>\n            <\/div>\n        <\/div>\n    <\/div>\n<\/section><\/section>\n\n\n<section class=\"section  \">\n    \n\n<section id=\"section-text-block-block_47066194adc10f9c771ca88967e13f3c\" class=\"section text-block \">\n                    <div class=\"section section__body\">\n            <div class=\"text-block\">\n                <div class=\"container\">\n                    <div class=\"row\">\n                        <div class=\"col-lg-8 offset-lg-2\">\n                                                            <div class=\"section__content single__content hentry\">\n                                    <h3 data-start=\"2404\" data-end=\"2460\">Bringen Sie Ihr Anlegeerlebnis auf das n\u00e4chste Level<\/h3>\n<p data-start=\"2462\" data-end=\"2734\">Mit VETUS, Cummins Marine und Glendinning wird Man\u00f6vrieren zur Selbstverst\u00e4ndlichkeit. Diese leistungsstarke Integration vereint Zuverl\u00e4ssigkeit, fortschrittliche Steuerung und sanfte Performance \u2013 und macht jedes Anlegeman\u00f6ver zu einer souver\u00e4nen und m\u00fchelosen Erfahrung.<\/p>\n                                <\/div>\n                            \n                                                            <div class=\"section__actions text-block__actions actions\">\n                                    <div class=\"btn-group d-flex flex-wrap justify-content-center\">\n                                                                                    <a href=\"https:\/\/vetus.com\/de\/bow-pro-strahlruder\/\" class=\"btn btn-primary\" title=\"\" target=\"_blank\">\n                                                <span>Entdecken Sie unsere BOW PRO Bugstrahlruder<\/span>\n                                            <\/a>\n                                        \n                                                                            <\/div>\n                                <\/div>\n                                                    <\/div>\n                    <\/div>\n                <\/div>\n            <\/div>\n        <\/div>\n    <\/section><\/section>","protected":false},"excerpt":{"rendered":"","protected":false},"author":20,"featured_media":0,"parent":0,"menu_order":0,"comment_status":"closed","ping_status":"closed","template":"tpl-blog-large-header.php","meta":{"_acf_changed":false,"footnotes":""},"class_list":["post-115639","page","type-page","status-publish","hentry"],"acf":{"image":{"ID":115609,"id":115609,"title":"ProPilot-Lifestyle-002","filename":"ProPilot-Lifestyle-002.jpg","filesize":71618,"url":"https:\/\/vetus.com\/wp-content\/uploads\/ProPilot-Lifestyle-002.jpg","link":"https:\/\/vetus.com\/de\/bow-pro-bugstrahlruder-integration-mit-cummins-innenbordmotoren-und-glendinning\/propilot-lifestyle-002-2\/","alt":"","author":"20","description":"","caption":"","name":"propilot-lifestyle-002-2","status":"inherit","uploaded_to":115639,"date":"2025-10-03 06:51:22","modified":"2025-10-03 06:51:22","menu_order":0,"mime_type":"image\/jpeg","type":"image","subtype":"jpeg","icon":"https:\/\/vetus.com\/wp-includes\/images\/media\/default.png","width":798,"height":536,"sizes":{"thumbnail":"https:\/\/vetus.com\/wp-content\/uploads\/ProPilot-Lifestyle-002-150x150.jpg","thumbnail-width":150,"thumbnail-height":150,"medium":"https:\/\/vetus.com\/wp-content\/uploads\/ProPilot-Lifestyle-002-300x202.jpg","medium-width":300,"medium-height":202,"medium_large":"https:\/\/vetus.com\/wp-content\/uploads\/ProPilot-Lifestyle-002-768x516.jpg","medium_large-width":768,"medium_large-height":516,"large":"https:\/\/vetus.com\/wp-content\/uploads\/ProPilot-Lifestyle-002.jpg","large-width":798,"large-height":536,"1536x1536":"https:\/\/vetus.com\/wp-content\/uploads\/ProPilot-Lifestyle-002.jpg","1536x1536-width":798,"1536x1536-height":536,"2048x2048":"https:\/\/vetus.com\/wp-content\/uploads\/ProPilot-Lifestyle-002.jpg","2048x2048-width":798,"2048x2048-height":536,"210w":"https:\/\/vetus.com\/wp-content\/uploads\/ProPilot-Lifestyle-002-210x141.jpg","210w-width":210,"210w-height":141,"330w":"https:\/\/vetus.com\/wp-content\/uploads\/ProPilot-Lifestyle-002-330x222.jpg","330w-width":330,"330w-height":222,"431w":"https:\/\/vetus.com\/wp-content\/uploads\/ProPilot-Lifestyle-002-431x289.jpg","431w-width":431,"431w-height":289,"507w":"https:\/\/vetus.com\/wp-content\/uploads\/ProPilot-Lifestyle-002-507x341.jpg","507w-width":507,"507w-height":341,"530w":"https:\/\/vetus.com\/wp-content\/uploads\/ProPilot-Lifestyle-002-530x356.jpg","530w-width":530,"530w-height":356,"690w":"https:\/\/vetus.com\/wp-content\/uploads\/ProPilot-Lifestyle-002-690x463.jpg","690w-width":690,"690w-height":463,"930w":"https:\/\/vetus.com\/wp-content\/uploads\/ProPilot-Lifestyle-002.jpg","930w-width":798,"930w-height":536,"1170w":"https:\/\/vetus.com\/wp-content\/uploads\/ProPilot-Lifestyle-002.jpg","1170w-width":798,"1170w-height":536,"gform-image-choice-sm":"https:\/\/vetus.com\/wp-content\/uploads\/ProPilot-Lifestyle-002.jpg","gform-image-choice-sm-width":300,"gform-image-choice-sm-height":202,"gform-image-choice-md":"https:\/\/vetus.com\/wp-content\/uploads\/ProPilot-Lifestyle-002.jpg","gform-image-choice-md-width":400,"gform-image-choice-md-height":269,"gform-image-choice-lg":"https:\/\/vetus.com\/wp-content\/uploads\/ProPilot-Lifestyle-002.jpg","gform-image-choice-lg-width":600,"gform-image-choice-lg-height":403}},"introduction":"","person":false,"title":"Nahtlose Leistung f\u00fcr m\u00fcheloses Anlegen"},"yoast_head":"<!-- This site is optimized with the Yoast SEO Premium plugin v27.3 (Yoast SEO v27.3) - https:\/\/yoast.com\/product\/yoast-seo-premium-wordpress\/ -->\n<title>BOW PRO Bugstrahlruder-Integration mit Cummins Innenbordmotoren und Glendinning ProPilot Joystick - VETUS<\/title>\n<meta name=\"description\" content=\"Um das Anlegeerlebnis f\u00fcr noch mehr Bootsfahrer zu verbessern, ist VETUS eine Partnerschaft mit Cummins Marine und Glendinning eingegangen.\" \/>\n<meta name=\"robots\" content=\"index, follow, max-snippet:-1, max-image-preview:large, max-video-preview:-1\" \/>\n<link rel=\"canonical\" href=\"https:\/\/vetus.com\/de\/bow-pro-bugstrahlruder-integration-mit-cummins-innenbordmotoren-und-glendinning\/\" \/>\n<meta property=\"og:locale\" content=\"de_DE\" \/>\n<meta property=\"og:type\" content=\"article\" \/>\n<meta property=\"og:title\" content=\"BOW PRO Bugstrahlruder-Integration mit Cummins Innenbordmotoren und Glendinning ProPilot Joystick\" \/>\n<meta property=\"og:description\" content=\"Um das Anlegeerlebnis f\u00fcr noch mehr Bootsfahrer zu verbessern, ist VETUS eine Partnerschaft mit Cummins Marine und Glendinning eingegangen.\" \/>\n<meta property=\"og:url\" content=\"https:\/\/vetus.com\/de\/bow-pro-bugstrahlruder-integration-mit-cummins-innenbordmotoren-und-glendinning\/\" \/>\n<meta property=\"og:site_name\" content=\"VETUS\" \/>\n<meta property=\"article:modified_time\" content=\"2026-02-26T10:13:42+00:00\" \/>\n<meta name=\"twitter:card\" content=\"summary_large_image\" \/>\n<meta name=\"twitter:label1\" content=\"Gesch\u00e4tzte Lesezeit\" \/>\n\t<meta name=\"twitter:data1\" content=\"3\u00a0Minuten\" \/>\n<script type=\"application\/ld+json\" class=\"yoast-schema-graph\">{\"@context\":\"https:\\\/\\\/schema.org\",\"@graph\":[{\"@type\":\"WebPage\",\"@id\":\"https:\\\/\\\/vetus.com\\\/de\\\/bow-pro-bugstrahlruder-integration-mit-cummins-innenbordmotoren-und-glendinning\\\/\",\"url\":\"https:\\\/\\\/vetus.com\\\/de\\\/bow-pro-bugstrahlruder-integration-mit-cummins-innenbordmotoren-und-glendinning\\\/\",\"name\":\"BOW PRO Bugstrahlruder-Integration mit Cummins Innenbordmotoren und Glendinning ProPilot Joystick - VETUS\",\"isPartOf\":{\"@id\":\"https:\\\/\\\/vetus.com\\\/de\\\/#website\"},\"datePublished\":\"2025-10-02T08:54:36+00:00\",\"dateModified\":\"2026-02-26T10:13:42+00:00\",\"description\":\"Um das Anlegeerlebnis f\u00fcr noch mehr Bootsfahrer zu verbessern, ist VETUS eine Partnerschaft mit Cummins Marine und Glendinning eingegangen.\",\"breadcrumb\":{\"@id\":\"https:\\\/\\\/vetus.com\\\/de\\\/bow-pro-bugstrahlruder-integration-mit-cummins-innenbordmotoren-und-glendinning\\\/#breadcrumb\"},\"inLanguage\":\"de\",\"potentialAction\":[{\"@type\":\"ReadAction\",\"target\":[\"https:\\\/\\\/vetus.com\\\/de\\\/bow-pro-bugstrahlruder-integration-mit-cummins-innenbordmotoren-und-glendinning\\\/\"]}]},{\"@type\":\"BreadcrumbList\",\"@id\":\"https:\\\/\\\/vetus.com\\\/de\\\/bow-pro-bugstrahlruder-integration-mit-cummins-innenbordmotoren-und-glendinning\\\/#breadcrumb\",\"itemListElement\":[{\"@type\":\"ListItem\",\"position\":1,\"name\":\"Home\",\"item\":\"https:\\\/\\\/vetus.com\\\/de\\\/\"},{\"@type\":\"ListItem\",\"position\":2,\"name\":\"BOW PRO Bugstrahlruder-Integration mit Cummins Innenbordmotoren und Glendinning ProPilot Joystick\"}]},{\"@type\":\"WebSite\",\"@id\":\"https:\\\/\\\/vetus.com\\\/de\\\/#website\",\"url\":\"https:\\\/\\\/vetus.com\\\/de\\\/\",\"name\":\"VETUS\",\"description\":\"\",\"potentialAction\":[{\"@type\":\"SearchAction\",\"target\":{\"@type\":\"EntryPoint\",\"urlTemplate\":\"https:\\\/\\\/vetus.com\\\/de\\\/?s={search_term_string}\"},\"query-input\":{\"@type\":\"PropertyValueSpecification\",\"valueRequired\":true,\"valueName\":\"search_term_string\"}}],\"inLanguage\":\"de\"}]}<\/script>\n<!-- \/ Yoast SEO Premium plugin. -->","yoast_head_json":{"title":"BOW PRO Bugstrahlruder-Integration mit Cummins Innenbordmotoren und Glendinning ProPilot Joystick - VETUS","description":"Um das Anlegeerlebnis f\u00fcr noch mehr Bootsfahrer zu verbessern, ist VETUS eine Partnerschaft mit Cummins Marine und Glendinning eingegangen.","robots":{"index":"index","follow":"follow","max-snippet":"max-snippet:-1","max-image-preview":"max-image-preview:large","max-video-preview":"max-video-preview:-1"},"canonical":"https:\/\/vetus.com\/de\/bow-pro-bugstrahlruder-integration-mit-cummins-innenbordmotoren-und-glendinning\/","og_locale":"de_DE","og_type":"article","og_title":"BOW PRO Bugstrahlruder-Integration mit Cummins Innenbordmotoren und Glendinning ProPilot Joystick","og_description":"Um das Anlegeerlebnis f\u00fcr noch mehr Bootsfahrer zu verbessern, ist VETUS eine Partnerschaft mit Cummins Marine und Glendinning eingegangen.","og_url":"https:\/\/vetus.com\/de\/bow-pro-bugstrahlruder-integration-mit-cummins-innenbordmotoren-und-glendinning\/","og_site_name":"VETUS","article_modified_time":"2026-02-26T10:13:42+00:00","twitter_card":"summary_large_image","twitter_misc":{"Gesch\u00e4tzte Lesezeit":"3\u00a0Minuten"},"schema":{"@context":"https:\/\/schema.org","@graph":[{"@type":"WebPage","@id":"https:\/\/vetus.com\/de\/bow-pro-bugstrahlruder-integration-mit-cummins-innenbordmotoren-und-glendinning\/","url":"https:\/\/vetus.com\/de\/bow-pro-bugstrahlruder-integration-mit-cummins-innenbordmotoren-und-glendinning\/","name":"BOW PRO Bugstrahlruder-Integration mit Cummins Innenbordmotoren und Glendinning ProPilot Joystick - VETUS","isPartOf":{"@id":"https:\/\/vetus.com\/de\/#website"},"datePublished":"2025-10-02T08:54:36+00:00","dateModified":"2026-02-26T10:13:42+00:00","description":"Um das Anlegeerlebnis f\u00fcr noch mehr Bootsfahrer zu verbessern, ist VETUS eine Partnerschaft mit Cummins Marine und Glendinning eingegangen.","breadcrumb":{"@id":"https:\/\/vetus.com\/de\/bow-pro-bugstrahlruder-integration-mit-cummins-innenbordmotoren-und-glendinning\/#breadcrumb"},"inLanguage":"de","potentialAction":[{"@type":"ReadAction","target":["https:\/\/vetus.com\/de\/bow-pro-bugstrahlruder-integration-mit-cummins-innenbordmotoren-und-glendinning\/"]}]},{"@type":"BreadcrumbList","@id":"https:\/\/vetus.com\/de\/bow-pro-bugstrahlruder-integration-mit-cummins-innenbordmotoren-und-glendinning\/#breadcrumb","itemListElement":[{"@type":"ListItem","position":1,"name":"Home","item":"https:\/\/vetus.com\/de\/"},{"@type":"ListItem","position":2,"name":"BOW PRO Bugstrahlruder-Integration mit Cummins Innenbordmotoren und Glendinning ProPilot Joystick"}]},{"@type":"WebSite","@id":"https:\/\/vetus.com\/de\/#website","url":"https:\/\/vetus.com\/de\/","name":"VETUS","description":"","potentialAction":[{"@type":"SearchAction","target":{"@type":"EntryPoint","urlTemplate":"https:\/\/vetus.com\/de\/?s={search_term_string}"},"query-input":{"@type":"PropertyValueSpecification","valueRequired":true,"valueName":"search_term_string"}}],"inLanguage":"de"}]}},"_links":{"self":[{"href":"https:\/\/vetus.com\/de\/wp-json\/wp\/v2\/pages\/115639","targetHints":{"allow":["GET"]}}],"collection":[{"href":"https:\/\/vetus.com\/de\/wp-json\/wp\/v2\/pages"}],"about":[{"href":"https:\/\/vetus.com\/de\/wp-json\/wp\/v2\/types\/page"}],"author":[{"embeddable":true,"href":"https:\/\/vetus.com\/de\/wp-json\/wp\/v2\/users\/20"}],"replies":[{"embeddable":true,"href":"https:\/\/vetus.com\/de\/wp-json\/wp\/v2\/comments?post=115639"}],"version-history":[{"count":5,"href":"https:\/\/vetus.com\/de\/wp-json\/wp\/v2\/pages\/115639\/revisions"}],"predecessor-version":[{"id":122692,"href":"https:\/\/vetus.com\/de\/wp-json\/wp\/v2\/pages\/115639\/revisions\/122692"}],"wp:attachment":[{"href":"https:\/\/vetus.com\/de\/wp-json\/wp\/v2\/media?parent=115639"}],"curies":[{"name":"wp","href":"https:\/\/api.w.org\/{rel}","templated":true}]}}