{"id":106764,"date":"2025-05-14T15:48:07","date_gmt":"2025-05-14T13:48:07","guid":{"rendered":"https:\/\/vetus.com\/vetus-kampagnen\/vetus-m-line-repowering-kit-for-volvo-penta-saildrives\/"},"modified":"2026-03-27T16:11:55","modified_gmt":"2026-03-27T14:11:55","slug":"vetus-m-line-umruestset-fuer-volvo-penta-saildrives","status":"publish","type":"page","link":"https:\/\/vetus.com\/de\/vetus-kampagnen\/vetus-m-line-umruestset-fuer-volvo-penta-saildrives\/","title":{"rendered":"VETUS M-Line Umr\u00fcstset f\u00fcr Volvo Penta Saildrives"},"content":{"rendered":"\n<section class=\"section  \">\n    \n\n<section id=\"section-text-block-block_daa77ff358f70828a953f6f64738c76b\" class=\"section text-block \">\n                    <div class=\"section section__body\">\n            <div class=\"text-block\">\n                <div class=\"container\">\n                    <div class=\"row\">\n                        <div class=\"col-lg-8 offset-lg-2\">\n                                                            <div class=\"section__content single__content hentry\">\n                                    <h4>M-LINE Schiffsdieselmotor mit wassergek\u00fchlter Abdeckung \u2013 auch geeignet f\u00fcr Volvo Penta 110S und 120S(B) Saildrives<\/h4>\n<p>Ist Ihre Segelyacht mit einem \u00e4lteren Volvo Penta-Motor und einem 110S-, 120S- oder 120SB-Saildrive ausgestattet? VETUS bietet eine intelligente und zukunftssichere L\u00f6sung. Mit dem VETUS Anschlusskit l\u00e4sst sich ein neuer M-LINE Schiffsdieselmotor problemlos auf Ihren vorhandenen Volvo Saildrive montieren \u2013 ohne Modifikationen am Rumpf.<\/p>\n<p>Laden Sie die vollst\u00e4ndige Kompatibilit\u00e4tstabelle f\u00fcr Volvo Penta Saildrives und VETUS M-LINE Motoren <strong><a href=\"https:\/\/vetus.com\/wp-content\/uploads\/Saildrive-table.pdf\" target=\"_blank\" rel=\"noopener\">hier (PDF)<\/a><\/strong> herunter.<\/p>\n<p>Die <a href=\"https:\/\/webshop.vetus.com\/en\/products\/engines\/m-line-engines\" target=\"_blank\" rel=\"noopener\">M-LINE<\/a>-Serie von VETUS wurde nach aktuellen Standards entwickelt. Sie verbindet ger\u00e4uscharmen Betrieb mit verbesserter Kraftstoffeffizienz und unterst\u00fctzt alternative Kraftstoffe wie <a href=\"https:\/\/vetus.com\/vetus-campaigns\/d-line-and-m-line-on-hvo-fuel\/\" target=\"_blank\" rel=\"noopener\">HVO<\/a>. Die integrierte wassergek\u00fchlte Abdeckung senkt nicht nur das Ger\u00e4uschniveau im Motorraum, sondern erh\u00f6ht auch die thermische Effizienz. In Kombination mit unseren ma\u00dfgeschneiderten Adaptersets ist dies eine durchdachte L\u00f6sung zur Leistungssteigerung \u2013 ohne dass das Saildrive-System ersetzt werden muss.<\/p>\n                                <\/div>\n                            \n                                                            <div class=\"section__actions text-block__actions actions\">\n                                    <div class=\"btn-group d-flex flex-wrap justify-content-center\">\n                                                                                    <a href=\"https:\/\/vetus.com\/wp-content\/uploads\/Saildrive-table.pdf\" class=\"btn btn-secondary\" title=\"\" target=\"_blank\">\n                                                <span>Kompatibilit\u00e4tstabelle herunterladen<\/span>\n                                            <\/a>\n                                        \n                                                                                    <a href=\"https:\/\/webshop.vetus.com\/en\/products\/engines\/m-line-engines\" class=\"btn btn-primary\" title=\"\" target=\"_blank\">\n                                                <span>Unsere M-LINE Motoren entdecken<\/span>\n                                            <\/a>\n                                                                            <\/div>\n                                <\/div>\n                                                    <\/div>\n                    <\/div>\n                <\/div>\n            <\/div>\n        <\/div>\n    <\/section><\/section>\n\n<section class=\"section section--colored bg-light content-blocks bg-light   \">\n    \n<section id=\"content-block-1-block_c177f34a9540dd7ee2cd93e7a00647c3\" class=\"section content-block content-block--image \">\n    <div class=\"container\">\n        <div class=\"row d-flex align-items-center flex-md-row-reverse\">\n\n            <div class=\"col-md-6 col-lg-7 offset-lg-1\">\n                                    <div class=\"content-block__visuals\">\n                        <div class=\"content-block__media media--clipped media ratio\">\n                            <div class=\"media__wrapper\">\n                                <img decoding=\"async\" width=\"690\" height=\"460\" src=\"https:\/\/vetus.com\/wp-content\/uploads\/PNG-DSC07594-690x460.png\" class=\"media__source img-fit\" alt=\"\" srcset=\"https:\/\/vetus.com\/wp-content\/uploads\/PNG-DSC07594-690x460.png 690w, https:\/\/vetus.com\/wp-content\/uploads\/PNG-DSC07594-300x200.png 300w, https:\/\/vetus.com\/wp-content\/uploads\/PNG-DSC07594-768x512.png 768w, https:\/\/vetus.com\/wp-content\/uploads\/PNG-DSC07594-210x140.png 210w, https:\/\/vetus.com\/wp-content\/uploads\/PNG-DSC07594-330x220.png 330w, https:\/\/vetus.com\/wp-content\/uploads\/PNG-DSC07594-431x287.png 431w, https:\/\/vetus.com\/wp-content\/uploads\/PNG-DSC07594-507x338.png 507w, https:\/\/vetus.com\/wp-content\/uploads\/PNG-DSC07594-530x353.png 530w, https:\/\/vetus.com\/wp-content\/uploads\/PNG-DSC07594-930x620.png 930w, https:\/\/vetus.com\/wp-content\/uploads\/PNG-DSC07594-1170x780.png 1170w\" sizes=\"auto, (max-width: 575.98px) 431px, (max-width: 767.98px) 530px, (max-width: 991.98px) 330px, (max-width: 1279.98px) 530px, (max-width: 1899.98px) 690px, 930px\" loading=\"lazy\" \/>                            <\/div>\n                        <\/div>\n                    <\/div>\n                            <\/div>\n\n            <div class=\"col-md-6 col-lg-4\">\n                <div class=\"content-block__body\">\n                    \n                    \n                                            <h3>Warum sich f\u00fcr eine Umr\u00fcstung mit VETUS entscheiden?<\/h3>\n<p>&nbsp;<\/p>\n<ul>\n<li><strong>Nahtlose Integration<\/strong><br \/>\nDas VETUS Anschlusskit sorgt f\u00fcr eine perfekte Passung zwischen M-LINE Motor und Volvo Saildrive \u2013 ohne aufwendige Umbauten am Rumpf.<\/li>\n<li><strong>Moderne Motorentechnologie<\/strong><br \/>\nZuverl\u00e4ssig, effizient und abgasarm \u2013 entwickelt nach neuesten Standards f\u00fcr den maritimen Einsatz.<\/li>\n<li><strong>Kosteneffizient<\/strong><br \/>\nSparen Sie Kosten, indem Sie das vorhandene Saildrive-System weiter nutzen.<\/li>\n<li><strong>Erfahrenes Servicenetzwerk<\/strong><br \/>\nUnsere Fachh\u00e4ndler und Servicetechniker begleiten Sie kompetent bei Planung, Einbau und Inbetriebnahme.<\/li>\n<\/ul>\n                    \t\t\t\t\t\n                                    <\/div>\n            <\/div>\n        <\/div>\n    <\/div>\n<\/section><\/section>\n\n\n<section class=\"section  \">\n    \n<section id=\"content-block-1-block_23e819104e3161f1ad08cfa07c1c4ddd\" class=\"section content-block content-block--image \">\n    <div class=\"container\">\n        <div class=\"row d-flex align-items-center\">\n\n            <div class=\"col-md-6 col-lg-7\">\n                                    <div class=\"content-block__visuals\">\n                        <div class=\"content-block__media media--clipped media ratio\">\n                            <div class=\"media__wrapper\">\n                                <img decoding=\"async\" width=\"690\" height=\"552\" src=\"https:\/\/vetus.com\/wp-content\/uploads\/M-LINE-Saildrive-FLEXOFOLD_2-690x552.png\" class=\"media__source img-fit\" alt=\"M-LINE Marine Diesel Engine with water-cooled cover also suitable for Volvo Penta 110S and 120S(B) Saildrives\" srcset=\"https:\/\/vetus.com\/wp-content\/uploads\/M-LINE-Saildrive-FLEXOFOLD_2-690x552.png 690w, https:\/\/vetus.com\/wp-content\/uploads\/M-LINE-Saildrive-FLEXOFOLD_2-300x240.png 300w, https:\/\/vetus.com\/wp-content\/uploads\/M-LINE-Saildrive-FLEXOFOLD_2-768x615.png 768w, https:\/\/vetus.com\/wp-content\/uploads\/M-LINE-Saildrive-FLEXOFOLD_2-210x168.png 210w, https:\/\/vetus.com\/wp-content\/uploads\/M-LINE-Saildrive-FLEXOFOLD_2-330x264.png 330w, https:\/\/vetus.com\/wp-content\/uploads\/M-LINE-Saildrive-FLEXOFOLD_2-431x345.png 431w, https:\/\/vetus.com\/wp-content\/uploads\/M-LINE-Saildrive-FLEXOFOLD_2-507x406.png 507w, https:\/\/vetus.com\/wp-content\/uploads\/M-LINE-Saildrive-FLEXOFOLD_2-530x424.png 530w, https:\/\/vetus.com\/wp-content\/uploads\/M-LINE-Saildrive-FLEXOFOLD_2-930x744.png 930w, https:\/\/vetus.com\/wp-content\/uploads\/M-LINE-Saildrive-FLEXOFOLD_2-1170x936.png 1170w\" sizes=\"auto, (max-width: 575.98px) 431px, (max-width: 767.98px) 530px, (max-width: 991.98px) 330px, (max-width: 1279.98px) 530px, (max-width: 1899.98px) 690px, 930px\" loading=\"lazy\" \/>                            <\/div>\n                        <\/div>\n                    <\/div>\n                            <\/div>\n\n            <div class=\"col-md-6 col-lg-4 offset-lg-1\">\n                <div class=\"content-block__body\">\n                    \n                    \n                                            <h3>Technische Hinweise f\u00fcr Saildrives bei einer Umr\u00fcstung<\/h3>\n<p>Im Gegensatz zu herk\u00f6mmlichen Wellenantrieben bieten Saildrives eine sanftere Kraft\u00fcbertragung, weniger Vibrationen und einen besseren Wirkungsgrad. Diese Eigenschaften werden insbesondere von Seglern gesch\u00e4tzt, die Wert auf leisen und zuverl\u00e4ssigen Betrieb legen. Eine Umr\u00fcstung ist der ideale Zeitpunkt, um Ihren Saildrive zu \u00fcberpr\u00fcfen und gegebenenfalls zu warten. Dieses zentrale Verbindungselement im Antriebssystem beeinflusst wesentlich, wie ruhig und effizient Ihr Boot unter Motor l\u00e4uft. Durch die rechtzeitige Wartung von Verschlei\u00dfteilen wie Dichtungen, Halterungen oder Membran lassen sich sp\u00e4tere Probleme vermeiden und die optimale Leistung Ihres neuen Motors sicherstellen.<\/p>\n<p><span class=\"relative -mx-px my-[-0.2rem] rounded px-px py-[0.2rem] transition-colors duration-100 ease-in-out\">Ebenso wichtig ist die \u00dcberpr\u00fcfung der \u00dcbersetzung Ihres Saildrives. \u00c4ltere Modelle wie der 110S mit einem \u00dcbersetzungsverh\u00e4ltnis von 1,66:1 sind m\u00f6glicherweise nicht ideal auf moderne, hochdrehende Motoren abgestimmt.<\/span> <span class=\"relative -mx-px my-[-0.2rem] rounded px-px py-[0.2rem] transition-colors duration-100 ease-in-out\">Unsere VETUS Experten analysieren Ihre aktuelle Installation und empfehlen die passende Schraube oder technische Anpassungen f\u00fcr optimale Leistung.<\/span><\/p>\n<p>Sollte ein Austausch Ihres Volvo Saildrives erforderlich sein, bietet VETUS passende Modelle f\u00fcr eine nahtlose Integration mit dem neuen Motor.<\/p>\n                    \t\t\t\t\t\n                                    <\/div>\n            <\/div>\n        <\/div>\n    <\/div>\n<\/section>\n\n<section id=\"section-text-block-block_23e819104e3161f1ad08cfa07c1c4ddd\" class=\"section text-block \">\n                    <div class=\"section section__body\">\n            <div class=\"text-block\">\n                <div class=\"container\">\n                    <div class=\"row\">\n                        <div class=\"col-lg-8 offset-lg-2\">\n                                                            <div class=\"section__content single__content hentry\">\n                                    <h4><strong>Bereit f\u00fcr die Umr\u00fcstung mit Vertrauen?<\/strong><\/h4>\n<p>Die Modernisierung Ihres Segelantriebs erfordert keinen Komplettumbau. VETUS bietet Ihnen eine clevere L\u00f6sung: modernste M-LINE Motortechnologie in Kombination mit passgenauen Adapterkits f\u00fcr Volvo Penta Saildrives. F\u00fcr individuelle Beratung und professionelle Installation steht Ihnen unser internationales Netzwerk an VETUS Fachh\u00e4ndlern und Technikern zur Seite.<\/p>\n<h4>Fachkundige Beratung, wo auch immer Sie segeln<\/h4>\n<p>Ein erfolgreicher Umbau beginnt mit kompetenter Unterst\u00fctzung. Unser erfahrenes Team hilft Ihnen, den passenden M-LINE Motor auszuw\u00e4hlen und eine perfekte Verbindung mit Ihrem Volvo Saildrive sicherzustellen. Wir vermitteln Ihnen gerne einen vertrauensw\u00fcrdigen Fachbetrieb aus unserem globalen Partnernetzwerk.<\/p>\n                                <\/div>\n                            \n                                                            <div class=\"section__actions text-block__actions actions\">\n                                    <div class=\"btn-group d-flex flex-wrap justify-content-center\">\n                                                                                    <a href=\"https:\/\/vetus.com\/sailboat-repowering-quote\/\" class=\"btn btn-secondary\" title=\"\" target=\"_blank\">\n                                                <span>Jetzt Umr\u00fcstangebot anfordern<\/span>\n                                            <\/a>\n                                        \n                                                                                    <a href=\"https:\/\/vetus.com\/sailboat-expert-advise-request\/\" class=\"btn btn-primary\" title=\"\" target=\"_blank\">\n                                                <span>Zuerst Expertenrat einholen<\/span>\n                                            <\/a>\n                                                                            <\/div>\n                                <\/div>\n                                                    <\/div>\n                    <\/div>\n                <\/div>\n            <\/div>\n        <\/div>\n    <\/section><\/section>\n","protected":false},"excerpt":{"rendered":"","protected":false},"author":25,"featured_media":106129,"parent":32267,"menu_order":0,"comment_status":"closed","ping_status":"closed","template":"tpl-home.php","meta":{"_acf_changed":false,"footnotes":""},"class_list":["post-106764","page","type-page","status-publish","has-post-thumbnail","hentry"],"acf":{"button":"","button_secondary":"","introduction":"","person":false,"title":"VETUS M-Line Umr\u00fcstset f\u00fcr Volvo Penta Saildrives","yellow_button":{"title":"","url":"","target":"","0":""},"video":false,"background_image":{"ID":106129,"id":106129,"title":"shutterstock_139389128 (3)","filename":"shutterstock_139389128-3-scaled.png","filesize":1225729,"url":"https:\/\/vetus.com\/wp-content\/uploads\/shutterstock_139389128-3-scaled.png","link":"https:\/\/vetus.com\/de\/vetus-kampagnen\/vetus-m-line-umruestset-fuer-volvo-penta-saildrives\/shutterstock_139389128-3-2\/","alt":"","author":"25","description":"","caption":"","name":"shutterstock_139389128-3-2","status":"inherit","uploaded_to":106764,"date":"2025-05-13 11:50:42","modified":"2025-05-13 11:50:42","menu_order":0,"mime_type":"image\/png","type":"image","subtype":"png","icon":"https:\/\/vetus.com\/wp-includes\/images\/media\/default.png","width":2560,"height":1103,"sizes":{"thumbnail":"https:\/\/vetus.com\/wp-content\/uploads\/shutterstock_139389128-3-150x150.png","thumbnail-width":150,"thumbnail-height":150,"medium":"https:\/\/vetus.com\/wp-content\/uploads\/shutterstock_139389128-3-300x129.png","medium-width":300,"medium-height":129,"medium_large":"https:\/\/vetus.com\/wp-content\/uploads\/shutterstock_139389128-3-768x331.png","medium_large-width":768,"medium_large-height":331,"large":"https:\/\/vetus.com\/wp-content\/uploads\/shutterstock_139389128-3-scaled.png","large-width":1024,"large-height":441,"1536x1536":"https:\/\/vetus.com\/wp-content\/uploads\/shutterstock_139389128-3-scaled.png","1536x1536-width":1536,"1536x1536-height":662,"2048x2048":"https:\/\/vetus.com\/wp-content\/uploads\/shutterstock_139389128-3-scaled.png","2048x2048-width":2048,"2048x2048-height":882,"210w":"https:\/\/vetus.com\/wp-content\/uploads\/shutterstock_139389128-3-210x91.png","210w-width":210,"210w-height":91,"330w":"https:\/\/vetus.com\/wp-content\/uploads\/shutterstock_139389128-3-330x142.png","330w-width":330,"330w-height":142,"431w":"https:\/\/vetus.com\/wp-content\/uploads\/shutterstock_139389128-3-431x186.png","431w-width":431,"431w-height":186,"507w":"https:\/\/vetus.com\/wp-content\/uploads\/shutterstock_139389128-3-507x219.png","507w-width":507,"507w-height":219,"530w":"https:\/\/vetus.com\/wp-content\/uploads\/shutterstock_139389128-3-530x228.png","530w-width":530,"530w-height":228,"690w":"https:\/\/vetus.com\/wp-content\/uploads\/shutterstock_139389128-3-690x297.png","690w-width":690,"690w-height":297,"930w":"https:\/\/vetus.com\/wp-content\/uploads\/shutterstock_139389128-3-930x401.png","930w-width":930,"930w-height":401,"1170w":"https:\/\/vetus.com\/wp-content\/uploads\/shutterstock_139389128-3-1170x504.png","1170w-width":1170,"1170w-height":504,"gform-image-choice-sm":"https:\/\/vetus.com\/wp-content\/uploads\/shutterstock_139389128-3-scaled.png","gform-image-choice-sm-width":300,"gform-image-choice-sm-height":129,"gform-image-choice-md":"https:\/\/vetus.com\/wp-content\/uploads\/shutterstock_139389128-3-scaled.png","gform-image-choice-md-width":400,"gform-image-choice-md-height":172,"gform-image-choice-lg":"https:\/\/vetus.com\/wp-content\/uploads\/shutterstock_139389128-3-scaled.png","gform-image-choice-lg-width":600,"gform-image-choice-lg-height":259}}},"yoast_head":"<!-- This site is optimized with the Yoast SEO Premium plugin v27.3 (Yoast SEO v27.3) - https:\/\/yoast.com\/product\/yoast-seo-premium-wordpress\/ -->\n<title>VETUS M-Line Umr\u00fcstset f\u00fcr Volvo Penta Saildrives - VETUS<\/title>\n<meta name=\"description\" content=\"M-LINE Schiffsdieselmotor mit wassergek\u00fchlter Abdeckung \u2013 auch geeignet f\u00fcr Volvo Penta 110S und 120S(B) Saildrives ...\" \/>\n<meta name=\"robots\" content=\"index, follow, max-snippet:-1, max-image-preview:large, max-video-preview:-1\" \/>\n<link rel=\"canonical\" href=\"https:\/\/vetus.com\/de\/vetus-kampagnen\/vetus-m-line-umruestset-fuer-volvo-penta-saildrives\/\" \/>\n<meta property=\"og:locale\" content=\"de_DE\" \/>\n<meta property=\"og:type\" content=\"article\" \/>\n<meta property=\"og:title\" content=\"VETUS M-Line Umr\u00fcstset f\u00fcr Volvo Penta Saildrives\" \/>\n<meta property=\"og:description\" content=\"M-LINE Schiffsdieselmotor mit wassergek\u00fchlter Abdeckung \u2013 auch geeignet f\u00fcr Volvo Penta 110S und 120S(B) Saildrives ...\" \/>\n<meta property=\"og:url\" content=\"https:\/\/vetus.com\/de\/vetus-kampagnen\/vetus-m-line-umruestset-fuer-volvo-penta-saildrives\/\" \/>\n<meta property=\"og:site_name\" content=\"VETUS\" \/>\n<meta property=\"article:modified_time\" content=\"2026-03-27T14:11:55+00:00\" \/>\n<meta property=\"og:image\" content=\"https:\/\/vetus.com\/wp-content\/uploads\/shutterstock_139389128-3-scaled.png\" \/>\n\t<meta property=\"og:image:width\" content=\"2560\" \/>\n\t<meta property=\"og:image:height\" content=\"1103\" \/>\n\t<meta property=\"og:image:type\" content=\"image\/png\" \/>\n<meta name=\"twitter:card\" content=\"summary_large_image\" \/>\n<meta name=\"twitter:label1\" content=\"Gesch\u00e4tzte Lesezeit\" \/>\n\t<meta name=\"twitter:data1\" content=\"3\u00a0Minuten\" \/>\n<script type=\"application\/ld+json\" class=\"yoast-schema-graph\">{\"@context\":\"https:\\\/\\\/schema.org\",\"@graph\":[{\"@type\":\"WebPage\",\"@id\":\"https:\\\/\\\/vetus.com\\\/de\\\/vetus-kampagnen\\\/vetus-m-line-umruestset-fuer-volvo-penta-saildrives\\\/\",\"url\":\"https:\\\/\\\/vetus.com\\\/de\\\/vetus-kampagnen\\\/vetus-m-line-umruestset-fuer-volvo-penta-saildrives\\\/\",\"name\":\"VETUS M-Line Umr\u00fcstset f\u00fcr Volvo Penta Saildrives - VETUS\",\"isPartOf\":{\"@id\":\"https:\\\/\\\/vetus.com\\\/de\\\/#website\"},\"primaryImageOfPage\":{\"@id\":\"https:\\\/\\\/vetus.com\\\/de\\\/vetus-kampagnen\\\/vetus-m-line-umruestset-fuer-volvo-penta-saildrives\\\/#primaryimage\"},\"image\":{\"@id\":\"https:\\\/\\\/vetus.com\\\/de\\\/vetus-kampagnen\\\/vetus-m-line-umruestset-fuer-volvo-penta-saildrives\\\/#primaryimage\"},\"thumbnailUrl\":\"https:\\\/\\\/vetus.com\\\/wp-content\\\/uploads\\\/shutterstock_139389128-3-scaled.png\",\"datePublished\":\"2025-05-14T13:48:07+00:00\",\"dateModified\":\"2026-03-27T14:11:55+00:00\",\"description\":\"M-LINE Schiffsdieselmotor mit wassergek\u00fchlter Abdeckung \u2013 auch geeignet f\u00fcr Volvo Penta 110S und 120S(B) Saildrives ...\",\"breadcrumb\":{\"@id\":\"https:\\\/\\\/vetus.com\\\/de\\\/vetus-kampagnen\\\/vetus-m-line-umruestset-fuer-volvo-penta-saildrives\\\/#breadcrumb\"},\"inLanguage\":\"de\",\"potentialAction\":[{\"@type\":\"ReadAction\",\"target\":[\"https:\\\/\\\/vetus.com\\\/de\\\/vetus-kampagnen\\\/vetus-m-line-umruestset-fuer-volvo-penta-saildrives\\\/\"]}]},{\"@type\":\"ImageObject\",\"inLanguage\":\"de\",\"@id\":\"https:\\\/\\\/vetus.com\\\/de\\\/vetus-kampagnen\\\/vetus-m-line-umruestset-fuer-volvo-penta-saildrives\\\/#primaryimage\",\"url\":\"https:\\\/\\\/vetus.com\\\/wp-content\\\/uploads\\\/shutterstock_139389128-3-scaled.png\",\"contentUrl\":\"https:\\\/\\\/vetus.com\\\/wp-content\\\/uploads\\\/shutterstock_139389128-3-scaled.png\",\"width\":2560,\"height\":1103},{\"@type\":\"BreadcrumbList\",\"@id\":\"https:\\\/\\\/vetus.com\\\/de\\\/vetus-kampagnen\\\/vetus-m-line-umruestset-fuer-volvo-penta-saildrives\\\/#breadcrumb\",\"itemListElement\":[{\"@type\":\"ListItem\",\"position\":1,\"name\":\"Home\",\"item\":\"https:\\\/\\\/vetus.com\\\/de\\\/\"},{\"@type\":\"ListItem\",\"position\":2,\"name\":\"VETUS Kampagnen\",\"item\":\"https:\\\/\\\/vetus.com\\\/de\\\/vetus-kampagnen\\\/\"},{\"@type\":\"ListItem\",\"position\":3,\"name\":\"VETUS M-Line Umr\u00fcstset f\u00fcr Volvo Penta Saildrives\"}]},{\"@type\":\"WebSite\",\"@id\":\"https:\\\/\\\/vetus.com\\\/de\\\/#website\",\"url\":\"https:\\\/\\\/vetus.com\\\/de\\\/\",\"name\":\"VETUS\",\"description\":\"\",\"potentialAction\":[{\"@type\":\"SearchAction\",\"target\":{\"@type\":\"EntryPoint\",\"urlTemplate\":\"https:\\\/\\\/vetus.com\\\/de\\\/?s={search_term_string}\"},\"query-input\":{\"@type\":\"PropertyValueSpecification\",\"valueRequired\":true,\"valueName\":\"search_term_string\"}}],\"inLanguage\":\"de\"}]}<\/script>\n<!-- \/ Yoast SEO Premium plugin. -->","yoast_head_json":{"title":"VETUS M-Line Umr\u00fcstset f\u00fcr Volvo Penta Saildrives - VETUS","description":"M-LINE Schiffsdieselmotor mit wassergek\u00fchlter Abdeckung \u2013 auch geeignet f\u00fcr Volvo Penta 110S und 120S(B) Saildrives ...","robots":{"index":"index","follow":"follow","max-snippet":"max-snippet:-1","max-image-preview":"max-image-preview:large","max-video-preview":"max-video-preview:-1"},"canonical":"https:\/\/vetus.com\/de\/vetus-kampagnen\/vetus-m-line-umruestset-fuer-volvo-penta-saildrives\/","og_locale":"de_DE","og_type":"article","og_title":"VETUS M-Line Umr\u00fcstset f\u00fcr Volvo Penta Saildrives","og_description":"M-LINE Schiffsdieselmotor mit wassergek\u00fchlter Abdeckung \u2013 auch geeignet f\u00fcr Volvo Penta 110S und 120S(B) Saildrives ...","og_url":"https:\/\/vetus.com\/de\/vetus-kampagnen\/vetus-m-line-umruestset-fuer-volvo-penta-saildrives\/","og_site_name":"VETUS","article_modified_time":"2026-03-27T14:11:55+00:00","og_image":[{"width":2560,"height":1103,"url":"https:\/\/vetus.com\/wp-content\/uploads\/shutterstock_139389128-3-scaled.png","type":"image\/png"}],"twitter_card":"summary_large_image","twitter_misc":{"Gesch\u00e4tzte Lesezeit":"3\u00a0Minuten"},"schema":{"@context":"https:\/\/schema.org","@graph":[{"@type":"WebPage","@id":"https:\/\/vetus.com\/de\/vetus-kampagnen\/vetus-m-line-umruestset-fuer-volvo-penta-saildrives\/","url":"https:\/\/vetus.com\/de\/vetus-kampagnen\/vetus-m-line-umruestset-fuer-volvo-penta-saildrives\/","name":"VETUS M-Line Umr\u00fcstset f\u00fcr Volvo Penta Saildrives - VETUS","isPartOf":{"@id":"https:\/\/vetus.com\/de\/#website"},"primaryImageOfPage":{"@id":"https:\/\/vetus.com\/de\/vetus-kampagnen\/vetus-m-line-umruestset-fuer-volvo-penta-saildrives\/#primaryimage"},"image":{"@id":"https:\/\/vetus.com\/de\/vetus-kampagnen\/vetus-m-line-umruestset-fuer-volvo-penta-saildrives\/#primaryimage"},"thumbnailUrl":"https:\/\/vetus.com\/wp-content\/uploads\/shutterstock_139389128-3-scaled.png","datePublished":"2025-05-14T13:48:07+00:00","dateModified":"2026-03-27T14:11:55+00:00","description":"M-LINE Schiffsdieselmotor mit wassergek\u00fchlter Abdeckung \u2013 auch geeignet f\u00fcr Volvo Penta 110S und 120S(B) Saildrives ...","breadcrumb":{"@id":"https:\/\/vetus.com\/de\/vetus-kampagnen\/vetus-m-line-umruestset-fuer-volvo-penta-saildrives\/#breadcrumb"},"inLanguage":"de","potentialAction":[{"@type":"ReadAction","target":["https:\/\/vetus.com\/de\/vetus-kampagnen\/vetus-m-line-umruestset-fuer-volvo-penta-saildrives\/"]}]},{"@type":"ImageObject","inLanguage":"de","@id":"https:\/\/vetus.com\/de\/vetus-kampagnen\/vetus-m-line-umruestset-fuer-volvo-penta-saildrives\/#primaryimage","url":"https:\/\/vetus.com\/wp-content\/uploads\/shutterstock_139389128-3-scaled.png","contentUrl":"https:\/\/vetus.com\/wp-content\/uploads\/shutterstock_139389128-3-scaled.png","width":2560,"height":1103},{"@type":"BreadcrumbList","@id":"https:\/\/vetus.com\/de\/vetus-kampagnen\/vetus-m-line-umruestset-fuer-volvo-penta-saildrives\/#breadcrumb","itemListElement":[{"@type":"ListItem","position":1,"name":"Home","item":"https:\/\/vetus.com\/de\/"},{"@type":"ListItem","position":2,"name":"VETUS Kampagnen","item":"https:\/\/vetus.com\/de\/vetus-kampagnen\/"},{"@type":"ListItem","position":3,"name":"VETUS M-Line Umr\u00fcstset f\u00fcr Volvo Penta Saildrives"}]},{"@type":"WebSite","@id":"https:\/\/vetus.com\/de\/#website","url":"https:\/\/vetus.com\/de\/","name":"VETUS","description":"","potentialAction":[{"@type":"SearchAction","target":{"@type":"EntryPoint","urlTemplate":"https:\/\/vetus.com\/de\/?s={search_term_string}"},"query-input":{"@type":"PropertyValueSpecification","valueRequired":true,"valueName":"search_term_string"}}],"inLanguage":"de"}]}},"_links":{"self":[{"href":"https:\/\/vetus.com\/de\/wp-json\/wp\/v2\/pages\/106764","targetHints":{"allow":["GET"]}}],"collection":[{"href":"https:\/\/vetus.com\/de\/wp-json\/wp\/v2\/pages"}],"about":[{"href":"https:\/\/vetus.com\/de\/wp-json\/wp\/v2\/types\/page"}],"author":[{"embeddable":true,"href":"https:\/\/vetus.com\/de\/wp-json\/wp\/v2\/users\/25"}],"replies":[{"embeddable":true,"href":"https:\/\/vetus.com\/de\/wp-json\/wp\/v2\/comments?post=106764"}],"version-history":[{"count":3,"href":"https:\/\/vetus.com\/de\/wp-json\/wp\/v2\/pages\/106764\/revisions"}],"predecessor-version":[{"id":106767,"href":"https:\/\/vetus.com\/de\/wp-json\/wp\/v2\/pages\/106764\/revisions\/106767"}],"up":[{"embeddable":true,"href":"https:\/\/vetus.com\/de\/wp-json\/wp\/v2\/pages\/32267"}],"wp:featuredmedia":[{"embeddable":true,"href":"https:\/\/vetus.com\/de\/wp-json\/wp\/v2\/media\/106129"}],"wp:attachment":[{"href":"https:\/\/vetus.com\/de\/wp-json\/wp\/v2\/media?parent=106764"}],"curies":[{"name":"wp","href":"https:\/\/api.w.org\/{rel}","templated":true}]}}