{"id":101572,"date":"2025-02-26T16:42:13","date_gmt":"2025-02-26T14:42:13","guid":{"rendered":"https:\/\/vetus.com\/bow-pro-thruster-integration-with-honda-outboards-ultraflex-controls\/"},"modified":"2026-02-26T14:29:46","modified_gmt":"2026-02-26T12:29:46","slug":"bow-pro-bugstrahlruder-integration-mit-honda-aussenbordmotoren-und-ultraflex-steuerungen","status":"publish","type":"page","link":"https:\/\/vetus.com\/de\/bow-pro-bugstrahlruder-integration-mit-honda-aussenbordmotoren-und-ultraflex-steuerungen\/","title":{"rendered":"BOW PRO Thruster-Integration mit Honda Au\u00dfenbordmotoren &amp; Ultraflex-Steuerungen"},"content":{"rendered":"\n<section class=\"section  \">\n    \n\n<section id=\"section-text-block-block_c924621f55c2d06a0db5de2e90864407\" class=\"section text-block \">\n                    <div class=\"section section__body\">\n            <div class=\"text-block\">\n                <div class=\"container\">\n                    <div class=\"row\">\n                        <div class=\"col-lg-8 offset-lg-2\">\n                                                            <div class=\"section__content single__content hentry\">\n                                    <p data-start=\"149\" data-end=\"440\">Um das Integrationsprogramm weiter auszubauen und das Bootserlebnis f\u00fcr noch mehr Nutzer zu verbessern, arbeitet VETUS nun mit Honda Marine und Ultraflex zusammen, um die vollst\u00e4ndige Integration der BOW PRO Bugstrahlruder mit Honda Au\u00dfenbordmotoren und Ultraflex-Steuerungen zu erm\u00f6glichen.<\/p>\n<p data-start=\"442\" data-end=\"729\">Diese Zusammenarbeit f\u00fchrt ein optimiertes Kommunikationssystem ein, das Motor, Lenkung und Bugstrahlruder nahtlos in einer benutzerfreundlichen Joystick-Steuerung verbindet und das An- und Ablegen sowie Man\u00f6vrieren auf engem Raum in einen reibungslosen und m\u00fchelosen Prozess verwandelt.<\/p>\n                                <\/div>\n                            \n                                                    <\/div>\n                    <\/div>\n                <\/div>\n            <\/div>\n        <\/div>\n    <\/section>\n<section id=\"content-block-1-block_c924621f55c2d06a0db5de2e90864407\" class=\"section content-block content-block--image \">\n    <div class=\"container\">\n        <div class=\"row d-flex align-items-center\">\n\n            <div class=\"col-md-6 col-lg-7\">\n                                    <div class=\"content-block__visuals\">\n                        <div class=\"content-block__media media--clipped media ratio\">\n                            <div class=\"media__wrapper\">\n                                <img decoding=\"async\" width=\"690\" height=\"457\" src=\"https:\/\/vetus.com\/wp-content\/uploads\/DSC_0752-690x457.jpg\" class=\"media__source img-fit\" alt=\"\" srcset=\"https:\/\/vetus.com\/wp-content\/uploads\/DSC_0752-690x457.jpg 690w, https:\/\/vetus.com\/wp-content\/uploads\/DSC_0752-300x199.jpg 300w, https:\/\/vetus.com\/wp-content\/uploads\/DSC_0752-768x509.jpg 768w, https:\/\/vetus.com\/wp-content\/uploads\/DSC_0752-210x139.jpg 210w, https:\/\/vetus.com\/wp-content\/uploads\/DSC_0752-330x219.jpg 330w, https:\/\/vetus.com\/wp-content\/uploads\/DSC_0752-431x285.jpg 431w, https:\/\/vetus.com\/wp-content\/uploads\/DSC_0752-507x336.jpg 507w, https:\/\/vetus.com\/wp-content\/uploads\/DSC_0752-530x351.jpg 530w, https:\/\/vetus.com\/wp-content\/uploads\/DSC_0752-930x616.jpg 930w, https:\/\/vetus.com\/wp-content\/uploads\/DSC_0752-1170x775.jpg 1170w\" sizes=\"auto, (max-width: 575.98px) 431px, (max-width: 767.98px) 530px, (max-width: 991.98px) 330px, (max-width: 1279.98px) 530px, (max-width: 1899.98px) 690px, 930px\" loading=\"lazy\" \/>                            <\/div>\n                        <\/div>\n                    <\/div>\n                            <\/div>\n\n            <div class=\"col-md-6 col-lg-4 offset-lg-1\">\n                <div class=\"content-block__body\">\n                                            <h3 class=\"content-block__title\">\n                            Die Zukunft des Anlegens ist da                        <\/h3>\n                    \n                    \n                                            <p data-start=\"773\" data-end=\"1060\">Bootsfahrer k\u00f6nnen nun in jeder Anlegesituation mit absoluter Sicherheit und Pr\u00e4zision man\u00f6vrieren. Die Integration von Honda Au\u00dfenbordmotoren, Ultraflex-Steuerungen und VETUS BOW PRO Bugstrahlrudern sorgt f\u00fcr m\u00fcheloses Bootsmanagement \u2013 selbst in den anspruchsvollsten Hafensituationen.<\/p>\n<ul data-start=\"1062\" data-end=\"1651\">\n<li data-start=\"1062\" data-end=\"1197\">\n<p data-start=\"1064\" data-end=\"1197\"><strong data-start=\"1064\" data-end=\"1098\">Volle Kontrolle auf Knopfdruck<\/strong> \u2013 Man\u00f6vrieren Sie Ihr Boot genau so, wie Sie es sich vorstellen, mit Pr\u00e4zision und Leichtigkeit.<\/p>\n<\/li>\n<li data-start=\"1198\" data-end=\"1340\">\n<p data-start=\"1200\" data-end=\"1340\"><strong data-start=\"1200\" data-end=\"1224\">Nahtlose Integration<\/strong> \u2013 Perfekte Synchronisation zwischen Honda Au\u00dfenbordmotor und VETUS Bugstrahlruder f\u00fcr \u00fcberragende Anlegeleistung.<\/p>\n<\/li>\n<li data-start=\"1341\" data-end=\"1496\">\n<p data-start=\"1343\" data-end=\"1496\"><strong data-start=\"1343\" data-end=\"1364\">M\u00fchelose Bewegung<\/strong> \u2013 Bewegen Sie Ihr Boot seitw\u00e4rts, diagonal, vorw\u00e4rts, r\u00fcckw\u00e4rts oder drehen Sie es auf der Stelle \u2013 alles mit nur einem Joystick.<\/p>\n<\/li>\n<li data-start=\"1497\" data-end=\"1651\">\n<p data-start=\"1499\" data-end=\"1651\"><strong data-start=\"1499\" data-end=\"1529\">Optimierte Anlegeeffizienz<\/strong> \u2013 Reduziert die Wasserverwirbelung durch Au\u00dfenbordmotoren und macht das Man\u00f6vrieren in engen Liegepl\u00e4tzen noch einfacher.<\/p>\n<\/li>\n<\/ul>\n                    \t\t\t\t\t\n                                    <\/div>\n            <\/div>\n        <\/div>\n    <\/div>\n<\/section>\n<section id=\"content-block-1-block_c924621f55c2d06a0db5de2e90864407\" class=\"section content-block content-block--image \">\n    <div class=\"container\">\n        <div class=\"row d-flex align-items-center flex-md-row-reverse\">\n\n            <div class=\"col-md-6 col-lg-7 offset-lg-1\">\n                                    <div class=\"content-block__visuals\">\n                        <div class=\"content-block__media media--clipped media ratio\">\n                            <div class=\"media__wrapper\">\n                                <img decoding=\"async\" width=\"690\" height=\"457\" src=\"https:\/\/vetus.com\/wp-content\/uploads\/DSC_0765-690x457.jpg\" class=\"media__source img-fit\" alt=\"\" srcset=\"https:\/\/vetus.com\/wp-content\/uploads\/DSC_0765-690x457.jpg 690w, https:\/\/vetus.com\/wp-content\/uploads\/DSC_0765-300x199.jpg 300w, https:\/\/vetus.com\/wp-content\/uploads\/DSC_0765-768x509.jpg 768w, https:\/\/vetus.com\/wp-content\/uploads\/DSC_0765-210x139.jpg 210w, https:\/\/vetus.com\/wp-content\/uploads\/DSC_0765-330x219.jpg 330w, https:\/\/vetus.com\/wp-content\/uploads\/DSC_0765-431x285.jpg 431w, https:\/\/vetus.com\/wp-content\/uploads\/DSC_0765-507x336.jpg 507w, https:\/\/vetus.com\/wp-content\/uploads\/DSC_0765-530x351.jpg 530w, https:\/\/vetus.com\/wp-content\/uploads\/DSC_0765-930x616.jpg 930w, https:\/\/vetus.com\/wp-content\/uploads\/DSC_0765-1170x775.jpg 1170w\" sizes=\"auto, (max-width: 575.98px) 431px, (max-width: 767.98px) 530px, (max-width: 991.98px) 330px, (max-width: 1279.98px) 530px, (max-width: 1899.98px) 690px, 930px\" loading=\"lazy\" \/>                            <\/div>\n                        <\/div>\n                    <\/div>\n                            <\/div>\n\n            <div class=\"col-md-6 col-lg-4\">\n                <div class=\"content-block__body\">\n                                            <h3 class=\"content-block__title\">\n                            Eine leistungsstarke, technologiebasierte Zusammenarbeit                        <\/h3>\n                    \n                    \n                                            <p data-start=\"1720\" data-end=\"2122\">Diese strategische Partnerschaft zwischen VETUS, Honda und Ultraflex stellt einen bedeutenden Fortschritt in der Bootstechnologie dar. Durch die Kombination aus Leistung und Zuverl\u00e4ssigkeit von Honda Marine, der fortschrittlichen Steuerung von Ultraflex und der innovativen Performance der VETUS BOW PRO Bugstrahlruder erleben Bootsfahrer ein neues Ma\u00df an Sicherheit und Kontrolle beim An- und Ablegen.<\/p>\n<ul data-start=\"2124\" data-end=\"2470\">\n<li data-start=\"2124\" data-end=\"2238\">\n<p data-start=\"2126\" data-end=\"2238\">Alle BOW PRO (BOWA &amp; BOWB) und RIMDRIVE Bugstrahlruder sind vollst\u00e4ndig mit Honda Au\u00dfenbordmotoren kompatibel.<\/p>\n<\/li>\n<li data-start=\"2239\" data-end=\"2359\">\n<p data-start=\"2241\" data-end=\"2359\">Entwickelt f\u00fcr Installationen mit ein bis vier Motoren und damit flexibel f\u00fcr unterschiedliche Bootskonfigurationen.<\/p>\n<\/li>\n<li data-start=\"2360\" data-end=\"2470\">\n<p data-start=\"2362\" data-end=\"2470\">Konzipiert f\u00fcr Zuverl\u00e4ssigkeit, Sicherheit und Benutzerfreundlichkeit \u2013 f\u00fcr ein sorgenfreies Anlegeerlebnis.<\/p>\n<\/li>\n<\/ul>\n                    \t\t\t\t\t\n                                    <\/div>\n            <\/div>\n        <\/div>\n    <\/div>\n<\/section>\n\n<section id=\"section-text-block-block_c924621f55c2d06a0db5de2e90864407\" class=\"section text-block \">\n                    <div class=\"section section__body\">\n            <div class=\"text-block\">\n                <div class=\"container\">\n                    <div class=\"row\">\n                        <div class=\"col-lg-8 offset-lg-2\">\n                                                            <div class=\"section__content single__content hentry\">\n                                    <div class=\"flex flex-col text-sm pb-25\">\n<article class=\"text-token-text-primary w-full focus:outline-none [--shadow-height:45px] has-data-writing-block:pointer-events-none has-data-writing-block:-mt-(--shadow-height) has-data-writing-block:pt-(--shadow-height) [&amp;:has([data-writing-block])&gt;*]:pointer-events-auto scroll-mt-[calc(var(--header-height)+min(200px,max(70px,20svh)))]\" dir=\"auto\" tabindex=\"-1\" data-turn-id=\"request-WEB:5ff059b7-d1d8-4d65-bda1-e23257724971-2\" data-testid=\"conversation-turn-6\" data-scroll-anchor=\"true\" data-turn=\"assistant\">\n<div class=\"text-base my-auto mx-auto pb-10 [--thread-content-margin:--spacing(4)] @w-sm\/main:[--thread-content-margin:--spacing(6)] @w-lg\/main:[--thread-content-margin:--spacing(16)] px-(--thread-content-margin)\">\n<div class=\"[--thread-content-max-width:40rem] @w-lg\/main:[--thread-content-max-width:48rem] mx-auto max-w-(--thread-content-max-width) flex-1 group\/turn-messages focus-visible:outline-hidden relative flex w-full min-w-0 flex-col agent-turn\" tabindex=\"-1\">\n<div class=\"flex max-w-full flex-col grow\">\n<div class=\"min-h-8 text-message relative flex w-full flex-col items-end gap-2 text-start break-words whitespace-normal [.text-message+&amp;]:mt-1\" dir=\"auto\" data-message-author-role=\"assistant\" data-message-id=\"6b31d1c9-b9c0-4634-aabf-383758ce26cd\" data-message-model-slug=\"gpt-5-2\">\n<div class=\"flex w-full flex-col gap-1 empty:hidden first:pt-[1px]\">\n<div class=\"markdown prose dark:prose-invert w-full wrap-break-word light markdown-new-styling\">\n<h3 data-start=\"2477\" data-end=\"2525\">Verbessern Sie noch heute Ihr Bootserlebnis!<\/h3>\n<p data-start=\"2527\" data-end=\"2683\" data-is-last-node=\"\" data-is-only-node=\"\">Anlegen war noch nie so m\u00fchelos. Mit VETUS, Honda Marine und Ultraflex genie\u00dfen Sie die perfekte Balance aus Technologie, Leistung und intuitiver Kontrolle.<\/p>\n<\/div>\n<\/div>\n<\/div>\n<\/div>\n<\/div>\n<\/div>\n<\/article>\n<\/div>\n                                <\/div>\n                            \n                                                    <\/div>\n                    <\/div>\n                <\/div>\n            <\/div>\n        <\/div>\n    <\/section><\/section>","protected":false},"excerpt":{"rendered":"","protected":false},"author":20,"featured_media":0,"parent":0,"menu_order":0,"comment_status":"closed","ping_status":"closed","template":"tpl-default.php","meta":{"_acf_changed":false,"footnotes":""},"class_list":["post-101572","page","type-page","status-publish","hentry"],"acf":{"background_image":{"ID":100394,"id":100394,"title":"palmm","filename":"palmm.jpg","filesize":63573,"url":"https:\/\/vetus.com\/wp-content\/uploads\/palmm.jpg","link":"https:\/\/vetus.com\/de\/bootsmesse\/palm-beach-boat-show-2\/palmm-2\/","alt":"","author":"20","description":"","caption":"","name":"palmm-2","status":"inherit","uploaded_to":100406,"date":"2025-02-12 12:32:55","modified":"2025-02-12 12:32:55","menu_order":0,"mime_type":"image\/jpeg","type":"image","subtype":"jpeg","icon":"https:\/\/vetus.com\/wp-includes\/images\/media\/default.png","width":960,"height":640,"sizes":{"thumbnail":"https:\/\/vetus.com\/wp-content\/uploads\/palmm-150x150.jpg","thumbnail-width":150,"thumbnail-height":150,"medium":"https:\/\/vetus.com\/wp-content\/uploads\/palmm-300x200.jpg","medium-width":300,"medium-height":200,"medium_large":"https:\/\/vetus.com\/wp-content\/uploads\/palmm-768x512.jpg","medium_large-width":768,"medium_large-height":512,"large":"https:\/\/vetus.com\/wp-content\/uploads\/palmm.jpg","large-width":960,"large-height":640,"1536x1536":"https:\/\/vetus.com\/wp-content\/uploads\/palmm.jpg","1536x1536-width":960,"1536x1536-height":640,"2048x2048":"https:\/\/vetus.com\/wp-content\/uploads\/palmm.jpg","2048x2048-width":960,"2048x2048-height":640,"210w":"https:\/\/vetus.com\/wp-content\/uploads\/palmm-210x140.jpg","210w-width":210,"210w-height":140,"330w":"https:\/\/vetus.com\/wp-content\/uploads\/palmm-330x220.jpg","330w-width":330,"330w-height":220,"431w":"https:\/\/vetus.com\/wp-content\/uploads\/palmm-431x287.jpg","431w-width":431,"431w-height":287,"507w":"https:\/\/vetus.com\/wp-content\/uploads\/palmm-507x338.jpg","507w-width":507,"507w-height":338,"530w":"https:\/\/vetus.com\/wp-content\/uploads\/palmm-530x353.jpg","530w-width":530,"530w-height":353,"690w":"https:\/\/vetus.com\/wp-content\/uploads\/palmm-690x460.jpg","690w-width":690,"690w-height":460,"930w":"https:\/\/vetus.com\/wp-content\/uploads\/palmm-930x620.jpg","930w-width":930,"930w-height":620,"1170w":"https:\/\/vetus.com\/wp-content\/uploads\/palmm.jpg","1170w-width":960,"1170w-height":640,"gform-image-choice-sm":"https:\/\/vetus.com\/wp-content\/uploads\/palmm-300x300.jpg","gform-image-choice-sm-width":300,"gform-image-choice-sm-height":300,"gform-image-choice-md":"https:\/\/vetus.com\/wp-content\/uploads\/palmm-400x400.jpg","gform-image-choice-md-width":400,"gform-image-choice-md-height":400,"gform-image-choice-lg":"https:\/\/vetus.com\/wp-content\/uploads\/palmm-600x600.jpg","gform-image-choice-lg-width":600,"gform-image-choice-lg-height":600}},"button":{"title":"","url":"","target":"","0":""},"image":{"ID":101764,"id":101764,"title":"Idea 80 + BF350 Grand Prix White (16)","filename":"Idea-80-BF350-Grand-Prix-White-16-scaled.jpg","filesize":725252,"url":"https:\/\/vetus.com\/wp-content\/uploads\/Idea-80-BF350-Grand-Prix-White-16-scaled.jpg","link":"https:\/\/vetus.com\/de\/bow-pro-bugstrahlruder-integration-mit-honda-aussenbordmotoren-und-ultraflex-steuerungen\/idea-80-bf350-grand-prix-white-16-2\/","alt":"","author":"20","description":"","caption":"","name":"idea-80-bf350-grand-prix-white-16-2","status":"inherit","uploaded_to":101572,"date":"2025-03-06 10:20:59","modified":"2025-03-06 10:20:59","menu_order":0,"mime_type":"image\/jpeg","type":"image","subtype":"jpeg","icon":"https:\/\/vetus.com\/wp-includes\/images\/media\/default.png","width":2560,"height":1707,"sizes":{"thumbnail":"https:\/\/vetus.com\/wp-content\/uploads\/Idea-80-BF350-Grand-Prix-White-16-150x150.jpg","thumbnail-width":150,"thumbnail-height":150,"medium":"https:\/\/vetus.com\/wp-content\/uploads\/Idea-80-BF350-Grand-Prix-White-16-300x200.jpg","medium-width":300,"medium-height":200,"medium_large":"https:\/\/vetus.com\/wp-content\/uploads\/Idea-80-BF350-Grand-Prix-White-16-768x512.jpg","medium_large-width":768,"medium_large-height":512,"large":"https:\/\/vetus.com\/wp-content\/uploads\/Idea-80-BF350-Grand-Prix-White-16-scaled.jpg","large-width":1024,"large-height":683,"1536x1536":"https:\/\/vetus.com\/wp-content\/uploads\/Idea-80-BF350-Grand-Prix-White-16-scaled.jpg","1536x1536-width":1536,"1536x1536-height":1024,"2048x2048":"https:\/\/vetus.com\/wp-content\/uploads\/Idea-80-BF350-Grand-Prix-White-16-scaled.jpg","2048x2048-width":2048,"2048x2048-height":1366,"210w":"https:\/\/vetus.com\/wp-content\/uploads\/Idea-80-BF350-Grand-Prix-White-16-210x140.jpg","210w-width":210,"210w-height":140,"330w":"https:\/\/vetus.com\/wp-content\/uploads\/Idea-80-BF350-Grand-Prix-White-16-330x220.jpg","330w-width":330,"330w-height":220,"431w":"https:\/\/vetus.com\/wp-content\/uploads\/Idea-80-BF350-Grand-Prix-White-16-431x287.jpg","431w-width":431,"431w-height":287,"507w":"https:\/\/vetus.com\/wp-content\/uploads\/Idea-80-BF350-Grand-Prix-White-16-507x338.jpg","507w-width":507,"507w-height":338,"530w":"https:\/\/vetus.com\/wp-content\/uploads\/Idea-80-BF350-Grand-Prix-White-16-530x353.jpg","530w-width":530,"530w-height":353,"690w":"https:\/\/vetus.com\/wp-content\/uploads\/Idea-80-BF350-Grand-Prix-White-16-690x460.jpg","690w-width":690,"690w-height":460,"930w":"https:\/\/vetus.com\/wp-content\/uploads\/Idea-80-BF350-Grand-Prix-White-16-930x620.jpg","930w-width":930,"930w-height":620,"1170w":"https:\/\/vetus.com\/wp-content\/uploads\/Idea-80-BF350-Grand-Prix-White-16-1170x780.jpg","1170w-width":1170,"1170w-height":780,"gform-image-choice-sm":"https:\/\/vetus.com\/wp-content\/uploads\/Idea-80-BF350-Grand-Prix-White-16-scaled.jpg","gform-image-choice-sm-width":300,"gform-image-choice-sm-height":200,"gform-image-choice-md":"https:\/\/vetus.com\/wp-content\/uploads\/Idea-80-BF350-Grand-Prix-White-16-scaled.jpg","gform-image-choice-md-width":400,"gform-image-choice-md-height":267,"gform-image-choice-lg":"https:\/\/vetus.com\/wp-content\/uploads\/Idea-80-BF350-Grand-Prix-White-16-scaled.jpg","gform-image-choice-lg-width":600,"gform-image-choice-lg-height":400}},"introduction":"","person":false,"title":"Intelligente Integration f\u00fcr verbesserte Man\u00f6vrierf\u00e4higkeit","video":false},"yoast_head":"<!-- This site is optimized with the Yoast SEO Premium plugin v27.3 (Yoast SEO v27.3) - https:\/\/yoast.com\/product\/yoast-seo-premium-wordpress\/ -->\n<title>BOW PRO Thruster-Integration mit Honda Au\u00dfenbordmotoren &amp; Ultraflex-Steuerungen - VETUS<\/title>\n<meta name=\"description\" content=\"Um das Integrationsprogramm weiter auszubauen und das Bootserlebnis f\u00fcr noch mehr Nutzer zu verbessern, arbeitet VETUS nun mit Honda Marine\" \/>\n<meta name=\"robots\" content=\"index, follow, max-snippet:-1, max-image-preview:large, max-video-preview:-1\" \/>\n<link rel=\"canonical\" href=\"https:\/\/vetus.com\/de\/bow-pro-bugstrahlruder-integration-mit-honda-aussenbordmotoren-und-ultraflex-steuerungen\/\" \/>\n<meta property=\"og:locale\" content=\"de_DE\" \/>\n<meta property=\"og:type\" content=\"article\" \/>\n<meta property=\"og:title\" content=\"BOW PRO Thruster-Integration mit Honda Au\u00dfenbordmotoren &amp; Ultraflex-Steuerungen\" \/>\n<meta property=\"og:description\" content=\"Um das Integrationsprogramm weiter auszubauen und das Bootserlebnis f\u00fcr noch mehr Nutzer zu verbessern, arbeitet VETUS nun mit Honda Marine\" \/>\n<meta property=\"og:url\" content=\"https:\/\/vetus.com\/de\/bow-pro-bugstrahlruder-integration-mit-honda-aussenbordmotoren-und-ultraflex-steuerungen\/\" \/>\n<meta property=\"og:site_name\" content=\"VETUS\" \/>\n<meta property=\"article:modified_time\" content=\"2026-02-26T12:29:46+00:00\" \/>\n<meta name=\"twitter:card\" content=\"summary_large_image\" \/>\n<meta name=\"twitter:label1\" content=\"Gesch\u00e4tzte Lesezeit\" \/>\n\t<meta name=\"twitter:data1\" content=\"3\u00a0Minuten\" \/>\n<script type=\"application\/ld+json\" class=\"yoast-schema-graph\">{\"@context\":\"https:\\\/\\\/schema.org\",\"@graph\":[{\"@type\":\"WebPage\",\"@id\":\"https:\\\/\\\/vetus.com\\\/de\\\/bow-pro-bugstrahlruder-integration-mit-honda-aussenbordmotoren-und-ultraflex-steuerungen\\\/\",\"url\":\"https:\\\/\\\/vetus.com\\\/de\\\/bow-pro-bugstrahlruder-integration-mit-honda-aussenbordmotoren-und-ultraflex-steuerungen\\\/\",\"name\":\"BOW PRO Thruster-Integration mit Honda Au\u00dfenbordmotoren &amp; Ultraflex-Steuerungen - VETUS\",\"isPartOf\":{\"@id\":\"https:\\\/\\\/vetus.com\\\/de\\\/#website\"},\"datePublished\":\"2025-02-26T14:42:13+00:00\",\"dateModified\":\"2026-02-26T12:29:46+00:00\",\"description\":\"Um das Integrationsprogramm weiter auszubauen und das Bootserlebnis f\u00fcr noch mehr Nutzer zu verbessern, arbeitet VETUS nun mit Honda Marine\",\"breadcrumb\":{\"@id\":\"https:\\\/\\\/vetus.com\\\/de\\\/bow-pro-bugstrahlruder-integration-mit-honda-aussenbordmotoren-und-ultraflex-steuerungen\\\/#breadcrumb\"},\"inLanguage\":\"de\",\"potentialAction\":[{\"@type\":\"ReadAction\",\"target\":[\"https:\\\/\\\/vetus.com\\\/de\\\/bow-pro-bugstrahlruder-integration-mit-honda-aussenbordmotoren-und-ultraflex-steuerungen\\\/\"]}]},{\"@type\":\"BreadcrumbList\",\"@id\":\"https:\\\/\\\/vetus.com\\\/de\\\/bow-pro-bugstrahlruder-integration-mit-honda-aussenbordmotoren-und-ultraflex-steuerungen\\\/#breadcrumb\",\"itemListElement\":[{\"@type\":\"ListItem\",\"position\":1,\"name\":\"Home\",\"item\":\"https:\\\/\\\/vetus.com\\\/de\\\/\"},{\"@type\":\"ListItem\",\"position\":2,\"name\":\"BOW PRO Thruster-Integration mit Honda Au\u00dfenbordmotoren &amp; Ultraflex-Steuerungen\"}]},{\"@type\":\"WebSite\",\"@id\":\"https:\\\/\\\/vetus.com\\\/de\\\/#website\",\"url\":\"https:\\\/\\\/vetus.com\\\/de\\\/\",\"name\":\"VETUS\",\"description\":\"\",\"potentialAction\":[{\"@type\":\"SearchAction\",\"target\":{\"@type\":\"EntryPoint\",\"urlTemplate\":\"https:\\\/\\\/vetus.com\\\/de\\\/?s={search_term_string}\"},\"query-input\":{\"@type\":\"PropertyValueSpecification\",\"valueRequired\":true,\"valueName\":\"search_term_string\"}}],\"inLanguage\":\"de\"}]}<\/script>\n<!-- \/ Yoast SEO Premium plugin. -->","yoast_head_json":{"title":"BOW PRO Thruster-Integration mit Honda Au\u00dfenbordmotoren &amp; Ultraflex-Steuerungen - VETUS","description":"Um das Integrationsprogramm weiter auszubauen und das Bootserlebnis f\u00fcr noch mehr Nutzer zu verbessern, arbeitet VETUS nun mit Honda Marine","robots":{"index":"index","follow":"follow","max-snippet":"max-snippet:-1","max-image-preview":"max-image-preview:large","max-video-preview":"max-video-preview:-1"},"canonical":"https:\/\/vetus.com\/de\/bow-pro-bugstrahlruder-integration-mit-honda-aussenbordmotoren-und-ultraflex-steuerungen\/","og_locale":"de_DE","og_type":"article","og_title":"BOW PRO Thruster-Integration mit Honda Au\u00dfenbordmotoren &amp; Ultraflex-Steuerungen","og_description":"Um das Integrationsprogramm weiter auszubauen und das Bootserlebnis f\u00fcr noch mehr Nutzer zu verbessern, arbeitet VETUS nun mit Honda Marine","og_url":"https:\/\/vetus.com\/de\/bow-pro-bugstrahlruder-integration-mit-honda-aussenbordmotoren-und-ultraflex-steuerungen\/","og_site_name":"VETUS","article_modified_time":"2026-02-26T12:29:46+00:00","twitter_card":"summary_large_image","twitter_misc":{"Gesch\u00e4tzte Lesezeit":"3\u00a0Minuten"},"schema":{"@context":"https:\/\/schema.org","@graph":[{"@type":"WebPage","@id":"https:\/\/vetus.com\/de\/bow-pro-bugstrahlruder-integration-mit-honda-aussenbordmotoren-und-ultraflex-steuerungen\/","url":"https:\/\/vetus.com\/de\/bow-pro-bugstrahlruder-integration-mit-honda-aussenbordmotoren-und-ultraflex-steuerungen\/","name":"BOW PRO Thruster-Integration mit Honda Au\u00dfenbordmotoren &amp; Ultraflex-Steuerungen - VETUS","isPartOf":{"@id":"https:\/\/vetus.com\/de\/#website"},"datePublished":"2025-02-26T14:42:13+00:00","dateModified":"2026-02-26T12:29:46+00:00","description":"Um das Integrationsprogramm weiter auszubauen und das Bootserlebnis f\u00fcr noch mehr Nutzer zu verbessern, arbeitet VETUS nun mit Honda Marine","breadcrumb":{"@id":"https:\/\/vetus.com\/de\/bow-pro-bugstrahlruder-integration-mit-honda-aussenbordmotoren-und-ultraflex-steuerungen\/#breadcrumb"},"inLanguage":"de","potentialAction":[{"@type":"ReadAction","target":["https:\/\/vetus.com\/de\/bow-pro-bugstrahlruder-integration-mit-honda-aussenbordmotoren-und-ultraflex-steuerungen\/"]}]},{"@type":"BreadcrumbList","@id":"https:\/\/vetus.com\/de\/bow-pro-bugstrahlruder-integration-mit-honda-aussenbordmotoren-und-ultraflex-steuerungen\/#breadcrumb","itemListElement":[{"@type":"ListItem","position":1,"name":"Home","item":"https:\/\/vetus.com\/de\/"},{"@type":"ListItem","position":2,"name":"BOW PRO Thruster-Integration mit Honda Au\u00dfenbordmotoren &amp; Ultraflex-Steuerungen"}]},{"@type":"WebSite","@id":"https:\/\/vetus.com\/de\/#website","url":"https:\/\/vetus.com\/de\/","name":"VETUS","description":"","potentialAction":[{"@type":"SearchAction","target":{"@type":"EntryPoint","urlTemplate":"https:\/\/vetus.com\/de\/?s={search_term_string}"},"query-input":{"@type":"PropertyValueSpecification","valueRequired":true,"valueName":"search_term_string"}}],"inLanguage":"de"}]}},"_links":{"self":[{"href":"https:\/\/vetus.com\/de\/wp-json\/wp\/v2\/pages\/101572","targetHints":{"allow":["GET"]}}],"collection":[{"href":"https:\/\/vetus.com\/de\/wp-json\/wp\/v2\/pages"}],"about":[{"href":"https:\/\/vetus.com\/de\/wp-json\/wp\/v2\/types\/page"}],"author":[{"embeddable":true,"href":"https:\/\/vetus.com\/de\/wp-json\/wp\/v2\/users\/20"}],"replies":[{"embeddable":true,"href":"https:\/\/vetus.com\/de\/wp-json\/wp\/v2\/comments?post=101572"}],"version-history":[{"count":4,"href":"https:\/\/vetus.com\/de\/wp-json\/wp\/v2\/pages\/101572\/revisions"}],"predecessor-version":[{"id":122721,"href":"https:\/\/vetus.com\/de\/wp-json\/wp\/v2\/pages\/101572\/revisions\/122721"}],"wp:attachment":[{"href":"https:\/\/vetus.com\/de\/wp-json\/wp\/v2\/media?parent=101572"}],"curies":[{"name":"wp","href":"https:\/\/api.w.org\/{rel}","templated":true}]}}