{"id":73971,"date":"2023-09-07T08:55:53","date_gmt":"2023-09-07T06:55:53","guid":{"rendered":"https:\/\/vetus.com\/vetus-campaigns\/yanmar-inboard-engine-integration-vetus-bow-pro-thrusters\/"},"modified":"2026-03-19T13:22:48","modified_gmt":"2026-03-19T11:22:48","slug":"yanmar-indenbordsmotorintegration-vetus-bow-pro-bovpropeller","status":"publish","type":"page","link":"https:\/\/vetus.com\/da\/vetus-campaigns\/yanmar-indenbordsmotorintegration-vetus-bow-pro-bovpropeller\/","title":{"rendered":"Joystickstyring"},"content":{"rendered":"\n<section class=\"section  \">\n    \n<section id=\"content-block-1-block_7dbf064891dc54ac7c9c65f533a5de89\" class=\"section content-block content-block--image \">\n    <div class=\"container\">\n        <div class=\"row d-flex align-items-center\">\n\n            <div class=\"col-md-6 col-lg-7\">\n                                    <div class=\"content-block__visuals\">\n                        <div class=\"content-block__media media--clipped media ratio\">\n                            <div class=\"media__wrapper\">\n                                <img decoding=\"async\" width=\"690\" height=\"462\" src=\"https:\/\/vetus.com\/wp-content\/uploads\/Medium-VC30_Joystick_9532-690x462.jpg\" class=\"media__source img-fit\" alt=\"\" srcset=\"https:\/\/vetus.com\/wp-content\/uploads\/Medium-VC30_Joystick_9532-690x462.jpg 690w, https:\/\/vetus.com\/wp-content\/uploads\/Medium-VC30_Joystick_9532-300x201.jpg 300w, https:\/\/vetus.com\/wp-content\/uploads\/Medium-VC30_Joystick_9532-768x514.jpg 768w, https:\/\/vetus.com\/wp-content\/uploads\/Medium-VC30_Joystick_9532-210x140.jpg 210w, https:\/\/vetus.com\/wp-content\/uploads\/Medium-VC30_Joystick_9532-330x221.jpg 330w, https:\/\/vetus.com\/wp-content\/uploads\/Medium-VC30_Joystick_9532-431x288.jpg 431w, https:\/\/vetus.com\/wp-content\/uploads\/Medium-VC30_Joystick_9532-507x339.jpg 507w, https:\/\/vetus.com\/wp-content\/uploads\/Medium-VC30_Joystick_9532-530x355.jpg 530w, https:\/\/vetus.com\/wp-content\/uploads\/Medium-VC30_Joystick_9532-930x622.jpg 930w, https:\/\/vetus.com\/wp-content\/uploads\/Medium-VC30_Joystick_9532.jpg 1024w\" sizes=\"auto, (max-width: 575.98px) 431px, (max-width: 767.98px) 530px, (max-width: 991.98px) 330px, (max-width: 1279.98px) 530px, (max-width: 1899.98px) 690px, 930px\" loading=\"lazy\" \/>                            <\/div>\n                        <\/div>\n                    <\/div>\n                            <\/div>\n\n            <div class=\"col-md-6 col-lg-4 offset-lg-1\">\n                <div class=\"content-block__body\">\n                    \n                    \n                                            <h3><strong>YANMAR JC30 indenbords joystick-styresystem<\/strong><\/h3>\n<p>Det <strong><a href=\"https:\/\/www.yanmar.com\/marine\/product\/controls\/jc30\/\" target=\"_blank\" rel=\"noopener\">YANMAR JC30<\/a><\/strong> indenbords joystick-styresystem giver suver\u00e6n man\u00f8vrering og docking ved at kombinere nem og intuitiv joystick-styring til installationer med dobbelt indenbordsmotor med akseltr\u00e6k. Dette joystick-system, der er parret med en VETUS BOW PRO bovpropel, g\u00f8r det nemt at styre dit yacht, selv under kr\u00e6vende forhold.<\/p>\n                    \t\t\t\t\t\n                                    <\/div>\n            <\/div>\n        <\/div>\n    <\/div>\n<\/section><\/section>\n\n<section class=\"section section--colored bg-light content-blocks bg-light   \">\n    \n<section id=\"content-block-4block_ba591a2089863bb58c210a7a48c8cf2f\" class=\"section content-block content-block--image \">\n    <div class=\"container\">\n        <div class=\"row d-flex align-items-center flex-md-row-reverse\">\n            <div class=\"col-11 offset-1 col-md-5 offset-md-1 col-lg-6 offset-lg-2\">\n                <div class=\"content-block__visuals\">\n                                            <div class=\"content-block__media media media--clipped ratio\">\n                            <div class=\"media__wrapper\">\n                                <img decoding=\"async\" width=\"431\" height=\"223\" src=\"https:\/\/vetus.com\/wp-content\/uploads\/VETUS-YANMAR-431x223.png\" class=\"media__source img-fit\" alt=\"YANMAR  - VETUS\" srcset=\"https:\/\/vetus.com\/wp-content\/uploads\/VETUS-YANMAR-431x223.png 431w, https:\/\/vetus.com\/wp-content\/uploads\/VETUS-YANMAR-300x155.png 300w, https:\/\/vetus.com\/wp-content\/uploads\/VETUS-YANMAR-768x398.png 768w, https:\/\/vetus.com\/wp-content\/uploads\/VETUS-YANMAR-210x109.png 210w, https:\/\/vetus.com\/wp-content\/uploads\/VETUS-YANMAR-330x171.png 330w, https:\/\/vetus.com\/wp-content\/uploads\/VETUS-YANMAR-507x263.png 507w, https:\/\/vetus.com\/wp-content\/uploads\/VETUS-YANMAR-530x275.png 530w, https:\/\/vetus.com\/wp-content\/uploads\/VETUS-YANMAR-690x357.png 690w, https:\/\/vetus.com\/wp-content\/uploads\/VETUS-YANMAR-930x482.png 930w, https:\/\/vetus.com\/wp-content\/uploads\/VETUS-YANMAR.png 1135w\" sizes=\"auto, (max-width: 575.98px) 431px, (max-width: 767.98px) 530px, (max-width: 991.98px) 330px, (max-width: 1279.98px) 431px, (max-width: 1899.98px) 530px, 690px\" loading=\"lazy\" \/>                            <\/div>\n                        <\/div>\n                    \n\n                    <div class=\"content-block__shape content-block__shape--image shape shape--primary-outline\">\n                        <svg viewBox=\"0 0 170 170\" xmlns=\"http:\/\/www.w3.org\/2000\/svg\">\n                            <path d=\"m1168.82182 840-27.67059 168h-140.15123v-168z\" fill=\"none\" stroke-width=\"2\" transform=\"translate(-1000 -839)\" shape-rendering=\"optimizeQuality\"><\/path>\n                        <\/svg>\n                    <\/div>\n                <\/div>\n            <\/div>\n\n            <div class=\"col-md-6 col-lg-4\">\n                <div class=\"content-block__body\">\n                    \n                                            <h3><strong>VETUS BOW PRO \u2013 JC30 Egenskaber og fordele<\/strong><\/h3>\n<ul>\n<li>Ubesv\u00e6ret man\u00f8vrering i trange omr\u00e5der<\/li>\n<li>F\u00e5s til installationer med dobbelt indenbordsmotor med akseltr\u00e6k<\/li>\n<li>Kompatibel med YANMAR JH-CR, 4LV, 8LV, 6LY-CR, 6LF og 6LT common rail-motorserier<\/li>\n<li>Kan betjenes med \u00e9n h\u00e5nd<\/li>\n<\/ul>\n                    \n                                            <div class=\"content-block__actions actions\">\n                            <div class=\"btn-group d-flex flex-wrap justify-content-center justify-content-md-start\">\n                                <a href=\"https:\/\/webshop.vetus.com\/en\/products\/thruster-systems\/bow-and-stern-thrusters\/bow-pro-thrusters\" class=\"btn btn-sm btn-empty btn-empty-primary\" title=\"\" target=\"\">\n                                    <span>Oplev vores BOW PRO bovpropelsystemer<\/span>\n                                    <i class=\"icon icon-keyboard_arrow_right\"><\/i>\n                                <\/a>\n\n                                <!-- <a href=\"#\" class=\"btn btn-sm btn-empty btn-empty-primary\" title=\"\">\n                                    <span>Watch video<\/span>\n                                    <i class=\"icon icon-play_circle_outline\"><\/i>\n                                <\/a> -->\n                                <!-- <a href=\"#\" class=\"btn btn-sm btn-empty btn-empty-primary\" title=\"\">\n                                    <span>Innovation<\/span>\n                                    <i class=\"icon icon-keyboard_arrow_right\"><\/i>\n                                <\/a> -->\n                            <\/div>\n                        <\/div>\n                                    <\/div>\n            <\/div>\n        <\/div>\n    <\/div>\n<\/section><\/section>\n\n\n<section class=\"section  \">\n    \n<section id=\"content-block-1-block_5eba651291c052c9ea5c3a0a64641b76\" class=\"section content-block content-block--image \">\n    <div class=\"container\">\n        <div class=\"row d-flex align-items-center\">\n\n            <div class=\"col-md-6 col-lg-7\">\n                                    <div class=\"content-block__visuals\">\n                        <div class=\"content-block__media media--clipped media ratio\">\n                            <div class=\"media__wrapper\">\n                                <img decoding=\"async\" width=\"690\" height=\"460\" src=\"https:\/\/vetus.com\/wp-content\/uploads\/BOW-PRO-400_4-2-690x460.png\" class=\"media__source img-fit\" alt=\"\" srcset=\"https:\/\/vetus.com\/wp-content\/uploads\/BOW-PRO-400_4-2-690x460.png 690w, https:\/\/vetus.com\/wp-content\/uploads\/BOW-PRO-400_4-2-300x200.png 300w, https:\/\/vetus.com\/wp-content\/uploads\/BOW-PRO-400_4-2-768x512.png 768w, https:\/\/vetus.com\/wp-content\/uploads\/BOW-PRO-400_4-2-210x140.png 210w, https:\/\/vetus.com\/wp-content\/uploads\/BOW-PRO-400_4-2-330x220.png 330w, https:\/\/vetus.com\/wp-content\/uploads\/BOW-PRO-400_4-2-431x287.png 431w, https:\/\/vetus.com\/wp-content\/uploads\/BOW-PRO-400_4-2-507x338.png 507w, https:\/\/vetus.com\/wp-content\/uploads\/BOW-PRO-400_4-2-530x353.png 530w, https:\/\/vetus.com\/wp-content\/uploads\/BOW-PRO-400_4-2-930x620.png 930w, https:\/\/vetus.com\/wp-content\/uploads\/BOW-PRO-400_4-2-1170x780.png 1170w, https:\/\/vetus.com\/wp-content\/uploads\/BOW-PRO-400_4-2.png 1500w\" sizes=\"auto, (max-width: 575.98px) 431px, (max-width: 767.98px) 530px, (max-width: 991.98px) 330px, (max-width: 1279.98px) 530px, (max-width: 1899.98px) 690px, 930px\" loading=\"lazy\" \/>                            <\/div>\n                        <\/div>\n                    <\/div>\n                            <\/div>\n\n            <div class=\"col-md-6 col-lg-4 offset-lg-1\">\n                <div class=\"content-block__body\">\n                                            <h3 class=\"content-block__title\">\n                            Integration af VETUS BOW PRO-bovpropeller med YANMAR JC30-styresystem                        <\/h3>\n                    \n                    \n                                            <p>Integrering af en VETUS BOW PRO-bovpropel i en b\u00e5d udstyret med YANMAR JC30 indenbords joystick-styresystem forbedrer markant kontrollen ved lav fart og forenkler docking, hvilket \u00f8ger sikkerheden og b\u00e5dens overordnede funktionalitet. Dette niveau af kombineret kontrol giver en uovertruffen tryghed, is\u00e6r i man\u00f8vresituationer, der tidligere var udfordrende.<\/p>\n                    \t\t\t\t\t\n                                            <div class=\"content-block__actions actions\">\n                            <div class=\"btn-group d-flex flex-wrap justify-content-center justify-content-md-start\">\n                                <a href=\"https:\/\/www.yanmar.com\/marine\/product\/controls\/jc30\/\" class=\"btn btn-sm btn-empty btn-empty-primary\" title=\"\" target=\"_blank\">\n                                    <span>YANMAR JC30<\/span>\n                                    <i class=\"icon icon-keyboard_arrow_right\"><\/i>\n                                <\/a>\n\n                                <!-- <a href=\"#\" class=\"btn btn-sm btn-empty btn-empty-primary\" title=\"\">\n                                    <span>Watch video<\/span>\n                                    <i class=\"icon icon-play_circle_outline\"><\/i>\n                                <\/a> -->\n                                <!-- <a href=\"#\" class=\"btn btn-sm btn-empty btn-empty-primary\" title=\"\">\n                                    <span>Innovation<\/span>\n                                    <i class=\"icon icon-keyboard_arrow_right\"><\/i>\n                                <\/a> -->\n                            <\/div>\n                        <\/div>\n                                    <\/div>\n            <\/div>\n        <\/div>\n    <\/div>\n<\/section><\/section>","protected":false},"excerpt":{"rendered":"","protected":false},"author":25,"featured_media":73785,"parent":32266,"menu_order":0,"comment_status":"closed","ping_status":"closed","template":"tpl-default.php","meta":{"_acf_changed":false,"footnotes":""},"class_list":["post-73971","page","type-page","status-publish","has-post-thumbnail","hentry"],"acf":{"image":{"ID":73785,"id":73785,"title":"DJI_0346","filename":"DJI_0346-scaled-e1694158593617.jpg","filesize":741747,"url":"https:\/\/vetus.com\/wp-content\/uploads\/DJI_0346-scaled-e1694158593617.jpg","link":"https:\/\/vetus.com\/da\/vetus-campaigns\/yanmar-indenbordsmotorintegration-vetus-bow-pro-bovpropeller\/dji_0346-2\/","alt":"Integration VETUS BOW PRO thrusters with YANMAR inboard engines","author":"25","description":"","caption":"Integration VETUS BOW PRO thrusters with YANMAR inboard engines","name":"dji_0346-2","status":"inherit","uploaded_to":73971,"date":"2023-09-06 13:12:17","modified":"2023-09-06 13:12:47","menu_order":0,"mime_type":"image\/jpeg","type":"image","subtype":"jpeg","icon":"https:\/\/vetus.com\/wp-includes\/images\/media\/default.png","width":2560,"height":1429,"sizes":{"thumbnail":"https:\/\/vetus.com\/wp-content\/uploads\/DJI_0346-scaled-e1694158593617-150x150.jpg","thumbnail-width":150,"thumbnail-height":150,"medium":"https:\/\/vetus.com\/wp-content\/uploads\/DJI_0346-scaled-e1694158593617-300x167.jpg","medium-width":300,"medium-height":167,"medium_large":"https:\/\/vetus.com\/wp-content\/uploads\/DJI_0346-scaled-e1694158593617-768x429.jpg","medium_large-width":768,"medium_large-height":429,"large":"https:\/\/vetus.com\/wp-content\/uploads\/DJI_0346-scaled-e1694158593617-1024x572.jpg","large-width":1024,"large-height":572,"1536x1536":"https:\/\/vetus.com\/wp-content\/uploads\/DJI_0346-scaled-e1694158593617-1536x857.jpg","1536x1536-width":1536,"1536x1536-height":857,"2048x2048":"https:\/\/vetus.com\/wp-content\/uploads\/DJI_0346-scaled-e1694158593617-2048x1143.jpg","2048x2048-width":2048,"2048x2048-height":1143,"210w":"https:\/\/vetus.com\/wp-content\/uploads\/DJI_0346-scaled-e1694158593617-210x117.jpg","210w-width":210,"210w-height":117,"330w":"https:\/\/vetus.com\/wp-content\/uploads\/DJI_0346-scaled-e1694158593617-330x184.jpg","330w-width":330,"330w-height":184,"431w":"https:\/\/vetus.com\/wp-content\/uploads\/DJI_0346-scaled-e1694158593617-431x241.jpg","431w-width":431,"431w-height":241,"507w":"https:\/\/vetus.com\/wp-content\/uploads\/DJI_0346-scaled-e1694158593617-507x283.jpg","507w-width":507,"507w-height":283,"530w":"https:\/\/vetus.com\/wp-content\/uploads\/DJI_0346-scaled-e1694158593617-530x296.jpg","530w-width":530,"530w-height":296,"690w":"https:\/\/vetus.com\/wp-content\/uploads\/DJI_0346-scaled-e1694158593617-690x385.jpg","690w-width":690,"690w-height":385,"930w":"https:\/\/vetus.com\/wp-content\/uploads\/DJI_0346-scaled-e1694158593617-930x519.jpg","930w-width":930,"930w-height":519,"1170w":"https:\/\/vetus.com\/wp-content\/uploads\/DJI_0346-scaled-e1694158593617-1170x653.jpg","1170w-width":1170,"1170w-height":653,"gform-image-choice-sm":"https:\/\/vetus.com\/wp-content\/uploads\/DJI_0346-scaled-e1694158593617.jpg","gform-image-choice-sm-width":300,"gform-image-choice-sm-height":167,"gform-image-choice-md":"https:\/\/vetus.com\/wp-content\/uploads\/DJI_0346-scaled-e1694158593617.jpg","gform-image-choice-md-width":400,"gform-image-choice-md-height":223,"gform-image-choice-lg":"https:\/\/vetus.com\/wp-content\/uploads\/DJI_0346-scaled-e1694158593617.jpg","gform-image-choice-lg-width":600,"gform-image-choice-lg-height":335}},"introduction":"","person":false,"title":"Integration af VETUS BOW PRO bovpropeller med YANMAR indenbordsmotorer"},"yoast_head":"<!-- This site is optimized with the Yoast SEO Premium plugin v27.4 (Yoast SEO v27.4) - https:\/\/yoast.com\/product\/yoast-seo-premium-wordpress\/ -->\n<title>YANMAR indenbordsmotorintegration VETUS BOW PRO bovpropeller<\/title>\n<meta name=\"description\" content=\"YANMAR JC20A indenbords joystickstyresystemet, kombineret med VETUS BOW PRO bovpropeller eller bov- og h\u00e6kpropeller, g\u00f8r det nemt at styre \u2026\" \/>\n<meta name=\"robots\" content=\"index, follow, max-snippet:-1, max-image-preview:large, max-video-preview:-1\" \/>\n<link rel=\"canonical\" href=\"https:\/\/vetus.com\/da\/vetus-campaigns\/yanmar-indenbordsmotorintegration-vetus-bow-pro-bovpropeller\/\" \/>\n<meta property=\"og:locale\" content=\"da_DK\" \/>\n<meta property=\"og:type\" content=\"article\" \/>\n<meta property=\"og:title\" content=\"Joystickstyring\" \/>\n<meta property=\"og:description\" content=\"YANMAR JC20A indenbords joystickstyresystemet, kombineret med VETUS BOW PRO bovpropeller eller bov- og h\u00e6kpropeller, g\u00f8r det nemt at styre \u2026\" \/>\n<meta property=\"og:url\" content=\"https:\/\/vetus.com\/da\/vetus-campaigns\/yanmar-indenbordsmotorintegration-vetus-bow-pro-bovpropeller\/\" \/>\n<meta property=\"og:site_name\" content=\"VETUS\" \/>\n<meta property=\"article:modified_time\" content=\"2026-03-19T11:22:48+00:00\" \/>\n<meta property=\"og:image\" content=\"https:\/\/vetus.com\/wp-content\/uploads\/DJI_0346-scaled-e1694158593617.jpg\" \/>\n\t<meta property=\"og:image:width\" content=\"2560\" \/>\n\t<meta property=\"og:image:height\" content=\"1429\" \/>\n\t<meta property=\"og:image:type\" content=\"image\/jpeg\" \/>\n<meta name=\"twitter:card\" content=\"summary_large_image\" \/>\n<meta name=\"twitter:label1\" content=\"Estimeret l\u00e6setid\" \/>\n\t<meta name=\"twitter:data1\" content=\"1 minut\" \/>\n<script type=\"application\/ld+json\" class=\"yoast-schema-graph\">{\"@context\":\"https:\\\/\\\/schema.org\",\"@graph\":[{\"@type\":\"WebPage\",\"@id\":\"https:\\\/\\\/vetus.com\\\/da\\\/vetus-campaigns\\\/yanmar-indenbordsmotorintegration-vetus-bow-pro-bovpropeller\\\/\",\"url\":\"https:\\\/\\\/vetus.com\\\/da\\\/vetus-campaigns\\\/yanmar-indenbordsmotorintegration-vetus-bow-pro-bovpropeller\\\/\",\"name\":\"YANMAR indenbordsmotorintegration VETUS BOW PRO bovpropeller\",\"isPartOf\":{\"@id\":\"https:\\\/\\\/vetus.com\\\/da\\\/#website\"},\"primaryImageOfPage\":{\"@id\":\"https:\\\/\\\/vetus.com\\\/da\\\/vetus-campaigns\\\/yanmar-indenbordsmotorintegration-vetus-bow-pro-bovpropeller\\\/#primaryimage\"},\"image\":{\"@id\":\"https:\\\/\\\/vetus.com\\\/da\\\/vetus-campaigns\\\/yanmar-indenbordsmotorintegration-vetus-bow-pro-bovpropeller\\\/#primaryimage\"},\"thumbnailUrl\":\"https:\\\/\\\/vetus.com\\\/wp-content\\\/uploads\\\/DJI_0346-scaled-e1694158593617.jpg\",\"datePublished\":\"2023-09-07T06:55:53+00:00\",\"dateModified\":\"2026-03-19T11:22:48+00:00\",\"description\":\"YANMAR JC20A indenbords joystickstyresystemet, kombineret med VETUS BOW PRO bovpropeller eller bov- og h\u00e6kpropeller, g\u00f8r det nemt at styre \u2026\",\"breadcrumb\":{\"@id\":\"https:\\\/\\\/vetus.com\\\/da\\\/vetus-campaigns\\\/yanmar-indenbordsmotorintegration-vetus-bow-pro-bovpropeller\\\/#breadcrumb\"},\"inLanguage\":\"da-DK\",\"potentialAction\":[{\"@type\":\"ReadAction\",\"target\":[\"https:\\\/\\\/vetus.com\\\/da\\\/vetus-campaigns\\\/yanmar-indenbordsmotorintegration-vetus-bow-pro-bovpropeller\\\/\"]}]},{\"@type\":\"ImageObject\",\"inLanguage\":\"da-DK\",\"@id\":\"https:\\\/\\\/vetus.com\\\/da\\\/vetus-campaigns\\\/yanmar-indenbordsmotorintegration-vetus-bow-pro-bovpropeller\\\/#primaryimage\",\"url\":\"https:\\\/\\\/vetus.com\\\/wp-content\\\/uploads\\\/DJI_0346-scaled-e1694158593617.jpg\",\"contentUrl\":\"https:\\\/\\\/vetus.com\\\/wp-content\\\/uploads\\\/DJI_0346-scaled-e1694158593617.jpg\",\"width\":2560,\"height\":1429,\"caption\":\"Integration VETUS BOW PRO thrusters with YANMAR inboard engines\"},{\"@type\":\"BreadcrumbList\",\"@id\":\"https:\\\/\\\/vetus.com\\\/da\\\/vetus-campaigns\\\/yanmar-indenbordsmotorintegration-vetus-bow-pro-bovpropeller\\\/#breadcrumb\",\"itemListElement\":[{\"@type\":\"ListItem\",\"position\":1,\"name\":\"Home\",\"item\":\"https:\\\/\\\/vetus.com\\\/da\\\/\"},{\"@type\":\"ListItem\",\"position\":2,\"name\":\"VETUS Campaigns\",\"item\":\"https:\\\/\\\/vetus.com\\\/da\\\/vetus-campaigns\\\/\"},{\"@type\":\"ListItem\",\"position\":3,\"name\":\"Joystickstyring\"}]},{\"@type\":\"WebSite\",\"@id\":\"https:\\\/\\\/vetus.com\\\/da\\\/#website\",\"url\":\"https:\\\/\\\/vetus.com\\\/da\\\/\",\"name\":\"VETUS\",\"description\":\"\",\"potentialAction\":[{\"@type\":\"SearchAction\",\"target\":{\"@type\":\"EntryPoint\",\"urlTemplate\":\"https:\\\/\\\/vetus.com\\\/da\\\/?s={search_term_string}\"},\"query-input\":{\"@type\":\"PropertyValueSpecification\",\"valueRequired\":true,\"valueName\":\"search_term_string\"}}],\"inLanguage\":\"da-DK\"}]}<\/script>\n<!-- \/ Yoast SEO Premium plugin. -->","yoast_head_json":{"title":"YANMAR indenbordsmotorintegration VETUS BOW PRO bovpropeller","description":"YANMAR JC20A indenbords joystickstyresystemet, kombineret med VETUS BOW PRO bovpropeller eller bov- og h\u00e6kpropeller, g\u00f8r det nemt at styre \u2026","robots":{"index":"index","follow":"follow","max-snippet":"max-snippet:-1","max-image-preview":"max-image-preview:large","max-video-preview":"max-video-preview:-1"},"canonical":"https:\/\/vetus.com\/da\/vetus-campaigns\/yanmar-indenbordsmotorintegration-vetus-bow-pro-bovpropeller\/","og_locale":"da_DK","og_type":"article","og_title":"Joystickstyring","og_description":"YANMAR JC20A indenbords joystickstyresystemet, kombineret med VETUS BOW PRO bovpropeller eller bov- og h\u00e6kpropeller, g\u00f8r det nemt at styre \u2026","og_url":"https:\/\/vetus.com\/da\/vetus-campaigns\/yanmar-indenbordsmotorintegration-vetus-bow-pro-bovpropeller\/","og_site_name":"VETUS","article_modified_time":"2026-03-19T11:22:48+00:00","og_image":[{"width":2560,"height":1429,"url":"https:\/\/vetus.com\/wp-content\/uploads\/DJI_0346-scaled-e1694158593617.jpg","type":"image\/jpeg"}],"twitter_card":"summary_large_image","twitter_misc":{"Estimeret l\u00e6setid":"1 minut"},"schema":{"@context":"https:\/\/schema.org","@graph":[{"@type":"WebPage","@id":"https:\/\/vetus.com\/da\/vetus-campaigns\/yanmar-indenbordsmotorintegration-vetus-bow-pro-bovpropeller\/","url":"https:\/\/vetus.com\/da\/vetus-campaigns\/yanmar-indenbordsmotorintegration-vetus-bow-pro-bovpropeller\/","name":"YANMAR indenbordsmotorintegration VETUS BOW PRO bovpropeller","isPartOf":{"@id":"https:\/\/vetus.com\/da\/#website"},"primaryImageOfPage":{"@id":"https:\/\/vetus.com\/da\/vetus-campaigns\/yanmar-indenbordsmotorintegration-vetus-bow-pro-bovpropeller\/#primaryimage"},"image":{"@id":"https:\/\/vetus.com\/da\/vetus-campaigns\/yanmar-indenbordsmotorintegration-vetus-bow-pro-bovpropeller\/#primaryimage"},"thumbnailUrl":"https:\/\/vetus.com\/wp-content\/uploads\/DJI_0346-scaled-e1694158593617.jpg","datePublished":"2023-09-07T06:55:53+00:00","dateModified":"2026-03-19T11:22:48+00:00","description":"YANMAR JC20A indenbords joystickstyresystemet, kombineret med VETUS BOW PRO bovpropeller eller bov- og h\u00e6kpropeller, g\u00f8r det nemt at styre \u2026","breadcrumb":{"@id":"https:\/\/vetus.com\/da\/vetus-campaigns\/yanmar-indenbordsmotorintegration-vetus-bow-pro-bovpropeller\/#breadcrumb"},"inLanguage":"da-DK","potentialAction":[{"@type":"ReadAction","target":["https:\/\/vetus.com\/da\/vetus-campaigns\/yanmar-indenbordsmotorintegration-vetus-bow-pro-bovpropeller\/"]}]},{"@type":"ImageObject","inLanguage":"da-DK","@id":"https:\/\/vetus.com\/da\/vetus-campaigns\/yanmar-indenbordsmotorintegration-vetus-bow-pro-bovpropeller\/#primaryimage","url":"https:\/\/vetus.com\/wp-content\/uploads\/DJI_0346-scaled-e1694158593617.jpg","contentUrl":"https:\/\/vetus.com\/wp-content\/uploads\/DJI_0346-scaled-e1694158593617.jpg","width":2560,"height":1429,"caption":"Integration VETUS BOW PRO thrusters with YANMAR inboard engines"},{"@type":"BreadcrumbList","@id":"https:\/\/vetus.com\/da\/vetus-campaigns\/yanmar-indenbordsmotorintegration-vetus-bow-pro-bovpropeller\/#breadcrumb","itemListElement":[{"@type":"ListItem","position":1,"name":"Home","item":"https:\/\/vetus.com\/da\/"},{"@type":"ListItem","position":2,"name":"VETUS Campaigns","item":"https:\/\/vetus.com\/da\/vetus-campaigns\/"},{"@type":"ListItem","position":3,"name":"Joystickstyring"}]},{"@type":"WebSite","@id":"https:\/\/vetus.com\/da\/#website","url":"https:\/\/vetus.com\/da\/","name":"VETUS","description":"","potentialAction":[{"@type":"SearchAction","target":{"@type":"EntryPoint","urlTemplate":"https:\/\/vetus.com\/da\/?s={search_term_string}"},"query-input":{"@type":"PropertyValueSpecification","valueRequired":true,"valueName":"search_term_string"}}],"inLanguage":"da-DK"}]}},"_links":{"self":[{"href":"https:\/\/vetus.com\/da\/wp-json\/wp\/v2\/pages\/73971","targetHints":{"allow":["GET"]}}],"collection":[{"href":"https:\/\/vetus.com\/da\/wp-json\/wp\/v2\/pages"}],"about":[{"href":"https:\/\/vetus.com\/da\/wp-json\/wp\/v2\/types\/page"}],"author":[{"embeddable":true,"href":"https:\/\/vetus.com\/da\/wp-json\/wp\/v2\/users\/25"}],"replies":[{"embeddable":true,"href":"https:\/\/vetus.com\/da\/wp-json\/wp\/v2\/comments?post=73971"}],"version-history":[{"count":5,"href":"https:\/\/vetus.com\/da\/wp-json\/wp\/v2\/pages\/73971\/revisions"}],"predecessor-version":[{"id":124148,"href":"https:\/\/vetus.com\/da\/wp-json\/wp\/v2\/pages\/73971\/revisions\/124148"}],"up":[{"embeddable":true,"href":"https:\/\/vetus.com\/da\/wp-json\/wp\/v2\/pages\/32266"}],"wp:featuredmedia":[{"embeddable":true,"href":"https:\/\/vetus.com\/da\/wp-json\/wp\/v2\/media\/73785"}],"wp:attachment":[{"href":"https:\/\/vetus.com\/da\/wp-json\/wp\/v2\/media?parent=73971"}],"curies":[{"name":"wp","href":"https:\/\/api.w.org\/{rel}","templated":true}]}}