{"id":3458,"date":"2021-03-30T14:44:02","date_gmt":"2021-03-30T13:44:02","guid":{"rendered":"https:\/\/vetus.inlinedigital.nl\/cms\/faq\/"},"modified":"2022-02-15T14:06:47","modified_gmt":"2022-02-15T13:06:47","slug":"faq","status":"publish","type":"page","link":"https:\/\/vetus.com\/da\/service-og-support\/faq\/","title":{"rendered":"FAQ"},"content":{"rendered":"\n<section class=\"section mb-9 \" id=\"faq-block_606331151235a\">\n    <div class=\"container\">\n        <div class=\"row\">\n            <div class=\"col-lg-8 offset-lg-2\">\n                <form action=\"https:\/\/vetus.com\/da\/service-og-support\/faq\/\">\n                    <div class=\"form-group\">\n                        <div class=\"search-input\">\n                            <input type=\"text\" class=\"form-control form-control-lg form-control--shadow search-input__field\" name=\"q\" id=\"input-search\" aria-describedby=\"search\" placeholder=\"Hvad kigger du efter?\" value=\"\">\n\n                            <button class=\"btn btn-secondary btn-icon-only search-input__button\">\n                                <i class=\"icon icon-search\"><\/i>\n                            <\/button>\n                        <\/div>\n                    <\/div>\n                <\/form>\n            <\/div>\n        <\/div>\n    <\/div>\n<\/section>\n\n<section class=\"section\">\n    <div class=\"container\">\n        <div class=\"row\">\n            <div class=\"col-lg-3 mb-6 mb-lg-0\">\n\t\t\t\t\n<div class=\"sidebar\">\n    <aside class=\"sidebar-block\">\n        <div class=\"sidebar-block__header d-block d-lg-none\">\n            <!-- <hr> -->\n\n            <h5 class=\"sidebar-block__title\">\n                FAQ-kategorier            <\/h5>\n        <\/div>\n\n        <div class=\"sidebar-block__body\">\n            <nav class=\"side-nav side-nav--faq\" role=\"navigation\" aria-label=\"\">\n                <ul class=\"list-group list-group-flush side-nav__list side-nav__list--styled text-sm\">\n                                                    <li class=\"list-group-item side-nav__item side-nav__item--styled \">\n                                    <a href=\"https:\/\/vetus.com\/da\/service-og-support\/faq\/c\/generelt\" class=\"side-nav__link side-nav__link--styled\" target=\"\" title=\"\">\n                                        Generelt                                        <i class=\"icon icon-keyboard_arrow_right d-block d-lg-none ml-auto pl-5\"><\/i>\n                                    <\/a>\n                                <\/li>\n                                                    <li class=\"list-group-item side-nav__item side-nav__item--styled \">\n                                    <a href=\"https:\/\/vetus.com\/da\/service-og-support\/faq\/c\/rundt-om-motoren\" class=\"side-nav__link side-nav__link--styled\" target=\"\" title=\"\">\n                                        Rundt om motoren                                        <i class=\"icon icon-keyboard_arrow_right d-block d-lg-none ml-auto pl-5\"><\/i>\n                                    <\/a>\n                                <\/li>\n                                                    <li class=\"list-group-item side-nav__item side-nav__item--styled \">\n                                    <a href=\"https:\/\/vetus.com\/da\/service-og-support\/faq\/c\/baadinstrumenter\" class=\"side-nav__link side-nav__link--styled\" target=\"\" title=\"\">\n                                        B\u00e5dinstrumenter                                        <i class=\"icon icon-keyboard_arrow_right d-block d-lg-none ml-auto pl-5\"><\/i>\n                                    <\/a>\n                                <\/li>\n                                                    <li class=\"list-group-item side-nav__item side-nav__item--styled \">\n                                    <a href=\"https:\/\/vetus.com\/da\/service-og-support\/faq\/c\/elektrisk-fremdrift\" class=\"side-nav__link side-nav__link--styled\" target=\"\" title=\"\">\n                                        Elektrisk fremdrift                                        <i class=\"icon icon-keyboard_arrow_right d-block d-lg-none ml-auto pl-5\"><\/i>\n                                    <\/a>\n                                <\/li>\n                                                    <li class=\"list-group-item side-nav__item side-nav__item--styled \">\n                                    <a href=\"https:\/\/vetus.com\/da\/service-og-support\/faq\/c\/udstoedningssystemer\" class=\"side-nav__link side-nav__link--styled\" target=\"\" title=\"\">\n                                        Udst\u00f8dningssystemer                                        <i class=\"icon icon-keyboard_arrow_right d-block d-lg-none ml-auto pl-5\"><\/i>\n                                    <\/a>\n                                <\/li>\n                                                    <li class=\"list-group-item side-nav__item side-nav__item--styled \">\n                                    <a href=\"https:\/\/vetus.com\/da\/service-og-support\/faq\/c\/ferskvandssystemer\" class=\"side-nav__link side-nav__link--styled\" target=\"\" title=\"\">\n                                        Ferskvandssystemer                                        <i class=\"icon icon-keyboard_arrow_right d-block d-lg-none ml-auto pl-5\"><\/i>\n                                    <\/a>\n                                <\/li>\n                                                    <li class=\"list-group-item side-nav__item side-nav__item--styled \">\n                                    <a href=\"https:\/\/vetus.com\/da\/service-og-support\/faq\/c\/braendstofsystemer\" class=\"side-nav__link side-nav__link--styled\" target=\"\" title=\"\">\n                                        Br\u00e6ndstofsystemer                                        <i class=\"icon icon-keyboard_arrow_right d-block d-lg-none ml-auto pl-5\"><\/i>\n                                    <\/a>\n                                <\/li>\n                                                    <li class=\"list-group-item side-nav__item side-nav__item--styled \">\n                                    <a href=\"https:\/\/vetus.com\/da\/service-og-support\/faq\/c\/vinduessystemer\" class=\"side-nav__link side-nav__link--styled\" target=\"\" title=\"\">\n                                        Vinduessystemer                                        <i class=\"icon icon-keyboard_arrow_right d-block d-lg-none ml-auto pl-5\"><\/i>\n                                    <\/a>\n                                <\/li>\n                                                    <li class=\"list-group-item side-nav__item side-nav__item--styled \">\n                                    <a href=\"https:\/\/vetus.com\/da\/service-og-support\/faq\/c\/maxwell-ankersystemer\" class=\"side-nav__link side-nav__link--styled\" target=\"\" title=\"\">\n                                        Maxwell Ankersystemer                                        <i class=\"icon icon-keyboard_arrow_right d-block d-lg-none ml-auto pl-5\"><\/i>\n                                    <\/a>\n                                <\/li>\n                                                    <li class=\"list-group-item side-nav__item side-nav__item--styled \">\n                                    <a href=\"https:\/\/vetus.com\/da\/service-og-support\/faq\/c\/stroem-om-bord\" class=\"side-nav__link side-nav__link--styled\" target=\"\" title=\"\">\n                                        Str\u00f8m om bord                                        <i class=\"icon icon-keyboard_arrow_right d-block d-lg-none ml-auto pl-5\"><\/i>\n                                    <\/a>\n                                <\/li>\n                                                    <li class=\"list-group-item side-nav__item side-nav__item--styled \">\n                                    <a href=\"https:\/\/vetus.com\/da\/service-og-support\/faq\/c\/styresystemer\" class=\"side-nav__link side-nav__link--styled\" target=\"\" title=\"\">\n                                        Styresystemer                                        <i class=\"icon icon-keyboard_arrow_right d-block d-lg-none ml-auto pl-5\"><\/i>\n                                    <\/a>\n                                <\/li>\n                                                    <li class=\"list-group-item side-nav__item side-nav__item--styled \">\n                                    <a href=\"https:\/\/vetus.com\/da\/service-og-support\/faq\/c\/manoevreringssystemer\" class=\"side-nav__link side-nav__link--styled\" target=\"\" title=\"\">\n                                        Man\u00f8vreringssystemer                                        <i class=\"icon icon-keyboard_arrow_right d-block d-lg-none ml-auto pl-5\"><\/i>\n                                    <\/a>\n                                <\/li>\n                                                    <li class=\"list-group-item side-nav__item side-nav__item--styled \">\n                                    <a href=\"https:\/\/vetus.com\/da\/service-og-support\/faq\/c\/v-quipment-da\" class=\"side-nav__link side-nav__link--styled\" target=\"\" title=\"\">\n                                        V-Quipment                                        <i class=\"icon icon-keyboard_arrow_right d-block d-lg-none ml-auto pl-5\"><\/i>\n                                    <\/a>\n                                <\/li>\n                                                    <li class=\"list-group-item side-nav__item side-nav__item--styled \">\n                                    <a href=\"https:\/\/vetus.com\/da\/service-og-support\/faq\/c\/ventilation-da\" class=\"side-nav__link side-nav__link--styled\" target=\"\" title=\"\">\n                                        Ventilation                                        <i class=\"icon icon-keyboard_arrow_right d-block d-lg-none ml-auto pl-5\"><\/i>\n                                    <\/a>\n                                <\/li>\n                                                    <li class=\"list-group-item side-nav__item side-nav__item--styled \">\n                                    <a href=\"https:\/\/vetus.com\/da\/service-og-support\/faq\/c\/spildevandssystemer\" class=\"side-nav__link side-nav__link--styled\" target=\"\" title=\"\">\n                                        Spildevandssystemer                                        <i class=\"icon icon-keyboard_arrow_right d-block d-lg-none ml-auto pl-5\"><\/i>\n                                    <\/a>\n                                <\/li>\n                                    <\/ul>\n            <\/nav>\n        <\/div>\n    <\/aside>\n\n<\/div>            <\/div>\n\n            <div class=\"col-lg-9\">\n                <section class=\"section accordion accordion--faq list list--accordion\">\n                    <div class=\"section__header mb-3\">\n                        <h4 class=\"section__title\">\n\t\t\t\t\t\t\tGenerelt                        <\/h4>\n                    <\/div>\n\n                    <div class=\"section__body\">\n                        <ul class=\"accordion list-view list-inline\" id=\"accordion\">\n\t\t\t\t\t\t\t\n<li class=\"list-item accordion-item\">\n    <div class=\"accordion__group\">\n        <div class=\" accordion__header\" id=\"accordion__header-2\">\n            <button class=\"btn btn-textual accordion__button text-left collapsed\" data-toggle=\"collapse\" data-target=\"#accordion-group-9853\" aria-expanded=\"false\" aria-controls=\"accordion-group-9853\">\n                <i class=\"icon icon-keyboard_arrow_down accordion__icon\"><\/i>\n                <span class=\"accordion__title\">\n                    Hvor meget garanti f\u00e5r jeg p\u00e5 VETUS-produkter?                <\/span>\n            <\/button>\n        <\/div>\n\n        <div class=\"accordion__content collapse\" id=\"accordion-group-9853\" aria-labelledby=\"#accordion-header-9853\" data-parent=\"#accordion\">\n            <div class=\"accordion__inner hentry\">\n                <p>Manualer er altid pakket i kassen. Ellers kan du finde dokumentation p\u00e5 vetus-webstedet under knappen service og support VETUS har et omfattende verdensomsp\u00e6ndende servicenetv\u00e6rk med adgang til specialviden og reservedele. Tjek vores online forhandler.<\/p>\n<p>Siden 1. januar 2011 er garantien p\u00e5 alt VETUS-udstyr 3 \u00e5r. Garantien p\u00e5 motorer og generatorer er endda 5 \u00e5r. Detaljerne om disse unikke garantibetingelser findes p\u00e5 siden &#8220;Garantipolitik&#8221;.<\/p>\n            <\/div>\n        <\/div>\n    <\/div>\n<\/li>\n<li class=\"list-item accordion-item\">\n    <div class=\"accordion__group\">\n        <div class=\" accordion__header\" id=\"accordion__header-2\">\n            <button class=\"btn btn-textual accordion__button text-left collapsed\" data-toggle=\"collapse\" data-target=\"#accordion-group-9867\" aria-expanded=\"false\" aria-controls=\"accordion-group-9867\">\n                <i class=\"icon icon-keyboard_arrow_down accordion__icon\"><\/i>\n                <span class=\"accordion__title\">\n                    Hvem skal vedligeholdelsen p\u00e5 min VETUS-motor udf\u00f8res?                <\/span>\n            <\/button>\n        <\/div>\n\n        <div class=\"accordion__content collapse\" id=\"accordion-group-9867\" aria-labelledby=\"#accordion-header-9867\" data-parent=\"#accordion\">\n            <div class=\"accordion__inner hentry\">\n                <p>VETUS har et omfattende verdensomsp\u00e6ndende servicenetv\u00e6rk med adgang til specialviden og reservedele. Tjek vores online forhandler.<\/p>\n            <\/div>\n        <\/div>\n    <\/div>\n<\/li>\n<li class=\"list-item accordion-item\">\n    <div class=\"accordion__group\">\n        <div class=\" accordion__header\" id=\"accordion__header-2\">\n            <button class=\"btn btn-textual accordion__button text-left collapsed\" data-toggle=\"collapse\" data-target=\"#accordion-group-9881\" aria-expanded=\"false\" aria-controls=\"accordion-group-9881\">\n                <i class=\"icon icon-keyboard_arrow_down accordion__icon\"><\/i>\n                <span class=\"accordion__title\">\n                    Hvordan f\u00e5r jeg en manual til mit Vetus-Maxwell-produkt?                <\/span>\n            <\/button>\n        <\/div>\n\n        <div class=\"accordion__content collapse\" id=\"accordion-group-9881\" aria-labelledby=\"#accordion-header-9881\" data-parent=\"#accordion\">\n            <div class=\"accordion__inner hentry\">\n                <p>VETUS &#8211; Maxwell-produkter kan f\u00e5s over hele verden i mere end 100 lande. Du kan finde din lokale forhandler p\u00e5 www.vetus.com\/dealerlocator<\/p>\n            <\/div>\n        <\/div>\n    <\/div>\n<\/li>\n<li class=\"list-item accordion-item\">\n    <div class=\"accordion__group\">\n        <div class=\" accordion__header\" id=\"accordion__header-2\">\n            <button class=\"btn btn-textual accordion__button text-left collapsed\" data-toggle=\"collapse\" data-target=\"#accordion-group-9890\" aria-expanded=\"false\" aria-controls=\"accordion-group-9890\">\n                <i class=\"icon icon-keyboard_arrow_down accordion__icon\"><\/i>\n                <span class=\"accordion__title\">\n                    Hvor kan jeg finde aktuelle priser?                <\/span>\n            <\/button>\n        <\/div>\n\n        <div class=\"accordion__content collapse\" id=\"accordion-group-9890\" aria-labelledby=\"#accordion-header-9890\" data-parent=\"#accordion\">\n            <div class=\"accordion__inner hentry\">\n                <p>For at g\u00f8re VETUS gnidningsliste fleksibel nok til at passe den, skal du f\u00f8rst neds\u00e6nke den i varmt vand eller opvarme den med en varmluftspistol.<\/p>\n            <\/div>\n        <\/div>\n    <\/div>\n<\/li>\n<li class=\"list-item accordion-item\">\n    <div class=\"accordion__group\">\n        <div class=\" accordion__header\" id=\"accordion__header-2\">\n            <button class=\"btn btn-textual accordion__button text-left collapsed\" data-toggle=\"collapse\" data-target=\"#accordion-group-9904\" aria-expanded=\"false\" aria-controls=\"accordion-group-9904\">\n                <i class=\"icon icon-keyboard_arrow_down accordion__icon\"><\/i>\n                <span class=\"accordion__title\">\n                    Hvor kan jeg k\u00f8be Vetus-Maxwell-produkter?                <\/span>\n            <\/button>\n        <\/div>\n\n        <div class=\"accordion__content collapse\" id=\"accordion-group-9904\" aria-labelledby=\"#accordion-header-9904\" data-parent=\"#accordion\">\n            <div class=\"accordion__inner hentry\">\n                <p>VETUS \/ Maxwell-produkter kan f\u00e5s over hele verden i mere end 100 lande. Du kan finde din lokale forhandler p\u00e5 www.vetus.com\/dealerlocator<\/p>\n            <\/div>\n        <\/div>\n    <\/div>\n<\/li>\n<li class=\"list-item accordion-item\">\n    <div class=\"accordion__group\">\n        <div class=\" accordion__header\" id=\"accordion__header-2\">\n            <button class=\"btn btn-textual accordion__button text-left collapsed\" data-toggle=\"collapse\" data-target=\"#accordion-group-10754\" aria-expanded=\"false\" aria-controls=\"accordion-group-10754\">\n                <i class=\"icon icon-keyboard_arrow_down accordion__icon\"><\/i>\n                <span class=\"accordion__title\">\n                    Hvordan f\u00e5r jeg en manual til mit Vetus-produkt?                <\/span>\n            <\/button>\n        <\/div>\n\n        <div class=\"accordion__content collapse\" id=\"accordion-group-10754\" aria-labelledby=\"#accordion-header-10754\" data-parent=\"#accordion\">\n            <div class=\"accordion__inner hentry\">\n                <p>Manualer er altid pakket i kassen. Ellers kan du finde dokumentation p\u00e5 vetus-webstedet under knappen service og support<\/p>\n            <\/div>\n        <\/div>\n    <\/div>\n<\/li>\n<li class=\"list-item accordion-item\">\n    <div class=\"accordion__group\">\n        <div class=\" accordion__header\" id=\"accordion__header-2\">\n            <button class=\"btn btn-textual accordion__button text-left collapsed\" data-toggle=\"collapse\" data-target=\"#accordion-group-10768\" aria-expanded=\"false\" aria-controls=\"accordion-group-10768\">\n                <i class=\"icon icon-keyboard_arrow_down accordion__icon\"><\/i>\n                <span class=\"accordion__title\">\n                    Hvor meget garanti f\u00e5r jeg p\u00e5 VETUS-produkter?                <\/span>\n            <\/button>\n        <\/div>\n\n        <div class=\"accordion__content collapse\" id=\"accordion-group-10768\" aria-labelledby=\"#accordion-header-10768\" data-parent=\"#accordion\">\n            <div class=\"accordion__inner hentry\">\n                <p>Manualer er altid pakket i kassen. Ellers kan du finde dokumentation p\u00e5 vetus-webstedet under knappen service og support VETUS har et omfattende verdensomsp\u00e6ndende servicenetv\u00e6rk med adgang til specialviden og reservedele. Tjek vores online forhandler.<\/p>\n<p>Siden 1. januar 2011 er garantien p\u00e5 alt VETUS-udstyr 3 \u00e5r. Garantien p\u00e5 motorer og generatorer er endda 5 \u00e5r. Detaljerne om disse unikke garantibetingelser findes p\u00e5 siden &#8220;Garantipolitik&#8221;.<\/p>\n            <\/div>\n        <\/div>\n    <\/div>\n<\/li>                        <\/ul>\n                    <\/div>\n                <\/section>\n            <\/div>\n        <\/div>\n    <\/div>\n<\/section>\n","protected":false},"excerpt":{"rendered":"<p>En oversigt over ofte stillede sp\u00f8rgsm\u00e5l. For alle b\u00e5dsystemer.<\/p>\n","protected":false},"author":31,"featured_media":3459,"parent":3557,"menu_order":507,"comment_status":"closed","ping_status":"closed","template":"tpl-basic.php","meta":{"_acf_changed":false,"footnotes":""},"class_list":["post-3458","page","type-page","status-publish","has-post-thumbnail","hentry"],"acf":{"introduction":"","person":false},"yoast_head":"<!-- This site is optimized with the Yoast SEO Premium plugin v27.4 (Yoast SEO v27.4) - https:\/\/yoast.com\/product\/yoast-seo-premium-wordpress\/ -->\n<title>FAQ - VETUS<\/title>\n<meta name=\"robots\" content=\"index, follow, max-snippet:-1, max-image-preview:large, max-video-preview:-1\" \/>\n<link rel=\"canonical\" href=\"https:\/\/vetus.com\/da\/service-og-support\/faq\/\" \/>\n<meta property=\"og:locale\" content=\"da_DK\" \/>\n<meta property=\"og:type\" content=\"article\" \/>\n<meta property=\"og:title\" content=\"FAQ\" \/>\n<meta property=\"og:description\" content=\"En oversigt over ofte stillede sp\u00f8rgsm\u00e5l. For alle b\u00e5dsystemer.\" \/>\n<meta property=\"og:url\" content=\"https:\/\/vetus.com\/da\/service-og-support\/faq\/\" \/>\n<meta property=\"og:site_name\" content=\"VETUS\" \/>\n<meta property=\"article:modified_time\" content=\"2022-02-15T13:06:47+00:00\" \/>\n<meta property=\"og:image\" content=\"https:\/\/vetus.com\/wp-content\/uploads\/featured-faq.png\" \/>\n\t<meta property=\"og:image:width\" content=\"1200\" \/>\n\t<meta property=\"og:image:height\" content=\"800\" \/>\n\t<meta property=\"og:image:type\" content=\"image\/png\" \/>\n<meta name=\"twitter:card\" content=\"summary_large_image\" \/>\n<script type=\"application\/ld+json\" class=\"yoast-schema-graph\">{\"@context\":\"https:\\\/\\\/schema.org\",\"@graph\":[{\"@type\":\"WebPage\",\"@id\":\"https:\\\/\\\/vetus.com\\\/da\\\/service-og-support\\\/faq\\\/\",\"url\":\"https:\\\/\\\/vetus.com\\\/da\\\/service-og-support\\\/faq\\\/\",\"name\":\"FAQ - VETUS\",\"isPartOf\":{\"@id\":\"https:\\\/\\\/vetus.com\\\/da\\\/#website\"},\"primaryImageOfPage\":{\"@id\":\"https:\\\/\\\/vetus.com\\\/da\\\/service-og-support\\\/faq\\\/#primaryimage\"},\"image\":{\"@id\":\"https:\\\/\\\/vetus.com\\\/da\\\/service-og-support\\\/faq\\\/#primaryimage\"},\"thumbnailUrl\":\"https:\\\/\\\/vetus.com\\\/wp-content\\\/uploads\\\/featured-faq.png\",\"datePublished\":\"2021-03-30T13:44:02+00:00\",\"dateModified\":\"2022-02-15T13:06:47+00:00\",\"breadcrumb\":{\"@id\":\"https:\\\/\\\/vetus.com\\\/da\\\/service-og-support\\\/faq\\\/#breadcrumb\"},\"inLanguage\":\"da-DK\",\"potentialAction\":[{\"@type\":\"ReadAction\",\"target\":[\"https:\\\/\\\/vetus.com\\\/da\\\/service-og-support\\\/faq\\\/\"]}]},{\"@type\":\"ImageObject\",\"inLanguage\":\"da-DK\",\"@id\":\"https:\\\/\\\/vetus.com\\\/da\\\/service-og-support\\\/faq\\\/#primaryimage\",\"url\":\"https:\\\/\\\/vetus.com\\\/wp-content\\\/uploads\\\/featured-faq.png\",\"contentUrl\":\"https:\\\/\\\/vetus.com\\\/wp-content\\\/uploads\\\/featured-faq.png\",\"width\":1200,\"height\":800},{\"@type\":\"BreadcrumbList\",\"@id\":\"https:\\\/\\\/vetus.com\\\/da\\\/service-og-support\\\/faq\\\/#breadcrumb\",\"itemListElement\":[{\"@type\":\"ListItem\",\"position\":1,\"name\":\"Home\",\"item\":\"https:\\\/\\\/vetus.com\\\/da\\\/\"},{\"@type\":\"ListItem\",\"position\":2,\"name\":\"Service og Support\",\"item\":\"https:\\\/\\\/vetus.com\\\/da\\\/service-og-support\\\/\"},{\"@type\":\"ListItem\",\"position\":3,\"name\":\"FAQ\"}]},{\"@type\":\"WebSite\",\"@id\":\"https:\\\/\\\/vetus.com\\\/da\\\/#website\",\"url\":\"https:\\\/\\\/vetus.com\\\/da\\\/\",\"name\":\"VETUS\",\"description\":\"\",\"potentialAction\":[{\"@type\":\"SearchAction\",\"target\":{\"@type\":\"EntryPoint\",\"urlTemplate\":\"https:\\\/\\\/vetus.com\\\/da\\\/?s={search_term_string}\"},\"query-input\":{\"@type\":\"PropertyValueSpecification\",\"valueRequired\":true,\"valueName\":\"search_term_string\"}}],\"inLanguage\":\"da-DK\"}]}<\/script>\n<!-- \/ Yoast SEO Premium plugin. -->","yoast_head_json":{"title":"FAQ - VETUS","robots":{"index":"index","follow":"follow","max-snippet":"max-snippet:-1","max-image-preview":"max-image-preview:large","max-video-preview":"max-video-preview:-1"},"canonical":"https:\/\/vetus.com\/da\/service-og-support\/faq\/","og_locale":"da_DK","og_type":"article","og_title":"FAQ","og_description":"En oversigt over ofte stillede sp\u00f8rgsm\u00e5l. For alle b\u00e5dsystemer.","og_url":"https:\/\/vetus.com\/da\/service-og-support\/faq\/","og_site_name":"VETUS","article_modified_time":"2022-02-15T13:06:47+00:00","og_image":[{"width":1200,"height":800,"url":"https:\/\/vetus.com\/wp-content\/uploads\/featured-faq.png","type":"image\/png"}],"twitter_card":"summary_large_image","schema":{"@context":"https:\/\/schema.org","@graph":[{"@type":"WebPage","@id":"https:\/\/vetus.com\/da\/service-og-support\/faq\/","url":"https:\/\/vetus.com\/da\/service-og-support\/faq\/","name":"FAQ - VETUS","isPartOf":{"@id":"https:\/\/vetus.com\/da\/#website"},"primaryImageOfPage":{"@id":"https:\/\/vetus.com\/da\/service-og-support\/faq\/#primaryimage"},"image":{"@id":"https:\/\/vetus.com\/da\/service-og-support\/faq\/#primaryimage"},"thumbnailUrl":"https:\/\/vetus.com\/wp-content\/uploads\/featured-faq.png","datePublished":"2021-03-30T13:44:02+00:00","dateModified":"2022-02-15T13:06:47+00:00","breadcrumb":{"@id":"https:\/\/vetus.com\/da\/service-og-support\/faq\/#breadcrumb"},"inLanguage":"da-DK","potentialAction":[{"@type":"ReadAction","target":["https:\/\/vetus.com\/da\/service-og-support\/faq\/"]}]},{"@type":"ImageObject","inLanguage":"da-DK","@id":"https:\/\/vetus.com\/da\/service-og-support\/faq\/#primaryimage","url":"https:\/\/vetus.com\/wp-content\/uploads\/featured-faq.png","contentUrl":"https:\/\/vetus.com\/wp-content\/uploads\/featured-faq.png","width":1200,"height":800},{"@type":"BreadcrumbList","@id":"https:\/\/vetus.com\/da\/service-og-support\/faq\/#breadcrumb","itemListElement":[{"@type":"ListItem","position":1,"name":"Home","item":"https:\/\/vetus.com\/da\/"},{"@type":"ListItem","position":2,"name":"Service og Support","item":"https:\/\/vetus.com\/da\/service-og-support\/"},{"@type":"ListItem","position":3,"name":"FAQ"}]},{"@type":"WebSite","@id":"https:\/\/vetus.com\/da\/#website","url":"https:\/\/vetus.com\/da\/","name":"VETUS","description":"","potentialAction":[{"@type":"SearchAction","target":{"@type":"EntryPoint","urlTemplate":"https:\/\/vetus.com\/da\/?s={search_term_string}"},"query-input":{"@type":"PropertyValueSpecification","valueRequired":true,"valueName":"search_term_string"}}],"inLanguage":"da-DK"}]}},"_links":{"self":[{"href":"https:\/\/vetus.com\/da\/wp-json\/wp\/v2\/pages\/3458","targetHints":{"allow":["GET"]}}],"collection":[{"href":"https:\/\/vetus.com\/da\/wp-json\/wp\/v2\/pages"}],"about":[{"href":"https:\/\/vetus.com\/da\/wp-json\/wp\/v2\/types\/page"}],"author":[{"embeddable":true,"href":"https:\/\/vetus.com\/da\/wp-json\/wp\/v2\/users\/31"}],"replies":[{"embeddable":true,"href":"https:\/\/vetus.com\/da\/wp-json\/wp\/v2\/comments?post=3458"}],"version-history":[{"count":0,"href":"https:\/\/vetus.com\/da\/wp-json\/wp\/v2\/pages\/3458\/revisions"}],"up":[{"embeddable":true,"href":"https:\/\/vetus.com\/da\/wp-json\/wp\/v2\/pages\/3557"}],"wp:featuredmedia":[{"embeddable":true,"href":"https:\/\/vetus.com\/da\/wp-json\/wp\/v2\/media\/3459"}],"wp:attachment":[{"href":"https:\/\/vetus.com\/da\/wp-json\/wp\/v2\/media?parent=3458"}],"curies":[{"name":"wp","href":"https:\/\/api.w.org\/{rel}","templated":true}]}}