{"id":3421,"date":"2021-03-31T09:01:36","date_gmt":"2021-03-31T07:01:36","guid":{"rendered":"https:\/\/vetus.inlinedigital.nl\/cms\/5-and-5-year-warranty\/"},"modified":"2022-07-12T12:28:07","modified_gmt":"2022-07-12T10:28:07","slug":"5-plus-garanti","status":"publish","type":"page","link":"https:\/\/vetus.com\/da\/service-og-support\/5-plus-garanti\/","title":{"rendered":"5 plus garanti"},"content":{"rendered":"\n<section class=\"section  \">\n    \n\n<section id=\"section-text-block-block_60642c2927d6b\" class=\"section text-block \">\n                    <div class=\"section section__body\">\n            <div class=\"text-block\">\n                <div class=\"container\">\n                    <div class=\"row\">\n                        <div class=\"col-lg-8 offset-lg-2\">\n                                                            <div class=\"section__content single__content hentry\">\n                                    <p>En anden god grund til at v\u00e6lge VETUS! N\u00e5r en VETUS-motor k\u00f8bes sammen med en komplet VETUS omkring motorpakken, udvides garantien fra 3 til 5 \u00e5r p\u00e5 den omkring motorpakken. Sammen med de allerede meget gode garantibetingelser p\u00e5 VETUS-motorer (3 + 2 \u00e5r) vil VETUS-produkter sikre, at du f\u00e5r en lang og sk\u00f8desl\u00f8s brug af din b\u00e5d!<\/p>\n<p><img decoding=\"async\" class=\"alignnone size-full wp-image-12299\" src=\"https:\/\/vetus.com\/wp-content\/uploads\/extended-warranty_banner_DK.png\" alt=\"\" width=\"770\" height=\"302\" srcset=\"https:\/\/vetus.com\/wp-content\/uploads\/extended-warranty_banner_DK.png 770w, https:\/\/vetus.com\/wp-content\/uploads\/extended-warranty_banner_DK-300x118.png 300w, https:\/\/vetus.com\/wp-content\/uploads\/extended-warranty_banner_DK-768x301.png 768w, https:\/\/vetus.com\/wp-content\/uploads\/extended-warranty_banner_DK-418x164.png 418w, https:\/\/vetus.com\/wp-content\/uploads\/extended-warranty_banner_DK-604x237.png 604w\" sizes=\"(max-width: 770px) 100vw, 770px\" \/><\/p>\n<h3>Hvordan virker det?<\/h3>\n<p>Du k\u00f8ber en ny VETUS-motor og komplet VETUS omkring motorpakken fra en officiel VETUS-forhandler, der indeholder:<\/p>\n<ul>\n<li>Akterudstyr<\/li>\n<li>Propel<\/li>\n<li>Fleksibel kobling<\/li>\n<li>K\u00f8levandsfilter<\/li>\n<li>Vandudskiller \/ br\u00e6ndstoffilter<\/li>\n<li>Udst\u00f8dningssystem (slange, vandl\u00e5s, lydd\u00e6mper, svanehals, akterspejl udst\u00f8dningstilslutninger og udluftning)<\/li>\n<li>Motor fjernbetjening<\/li>\n<li>Luftige luftindsugnings\u00e5bninger<\/li>\n<\/ul>\n<p>For typer og modeller skal du downloade tabellen med valg af udstyr!<\/p>\n<p>Installationsformularen bruges af din forhandler \/ installat\u00f8r til at ans\u00f8ge om 5+ \u00e5rs garanti.<\/p>\n<h3>Garantipolitik<\/h3>\n<p>F\u00f8lgende artikler fra vores garantipolitik g\u00e6lder for denne kampagne:<\/p>\n<h6>Artikel 8<\/h6>\n<p>Alle garantikrav bortfalder i f\u00f8lgende situationer:<\/p>\n<ul>\n<li>At eventuel periodisk vedligeholdelse ikke er udf\u00f8rt af en autoriseret VETUS-forhandler<\/li>\n<li>Fejlmontering eller samling af produktet<\/li>\n<li>Forkert brug af produktet<\/li>\n<li>Fejlen skyldes manglende pleje fra ejeren eller brugeren<\/li>\n<li>I tilf\u00e6lde af ekstern ulykke<\/li>\n<li>I tilf\u00e6lde af fors\u00f8mmelse af brugsanvisningen<\/li>\n<li>Garantiperioden p\u00e5 60 m\u00e5neder er udl\u00f8bet<\/li>\n<\/ul>\n<h6>Artikel 9<\/h6>\n<p>Undtagelser: situationer, der ikke er omfattet af denne garanti:<\/p>\n<ul>\n<li>Sliddele<\/li>\n<li>F\u00f8lgende omkostninger s\u00e5som (men ikke begr\u00e6nset til) &#8211; transportomkostninger, arbejdsomkostninger, kranage, l\u00f8fteomkostninger osv<\/li>\n<li>Skader som f\u00f8lge af milj\u00f8p\u00e5virkninger<\/li>\n<li>Forurening, frysning, overophedning og overbelastning<\/li>\n<\/ul>\n<h3>Downloads<\/h3>\n<p><a href=\"https:\/\/online.flippingbook.com\/view\/450671581\/\">Download tabellen over udstyrsvalg<\/a><\/p>\n                                <\/div>\n                            \n                                                    <\/div>\n                    <\/div>\n                <\/div>\n            <\/div>\n        <\/div>\n    <\/section><\/section>","protected":false},"excerpt":{"rendered":"<p>Przy zakupie silnika VETUS udzielamy 5-letniej gwarancji na silnik oraz na wybran\u0105 list\u0119 produkt\u00f3w oko\u0142osilnikowych.<\/p>\n","protected":false},"author":31,"featured_media":3423,"parent":3557,"menu_order":104,"comment_status":"closed","ping_status":"closed","template":"tpl-basic.php","meta":{"_acf_changed":false,"footnotes":""},"class_list":["post-3421","page","type-page","status-publish","has-post-thumbnail","hentry"],"acf":{"introduction":"","person":false},"yoast_head":"<!-- This site is optimized with the Yoast SEO Premium plugin v27.3 (Yoast SEO v27.3) - https:\/\/yoast.com\/product\/yoast-seo-premium-wordpress\/ -->\n<title>5 plus garanti - VETUS<\/title>\n<meta name=\"robots\" content=\"index, follow, max-snippet:-1, max-image-preview:large, max-video-preview:-1\" \/>\n<link rel=\"canonical\" href=\"https:\/\/vetus.com\/da\/service-og-support\/5-plus-garanti\/\" \/>\n<meta property=\"og:locale\" content=\"da_DK\" \/>\n<meta property=\"og:type\" content=\"article\" \/>\n<meta property=\"og:title\" content=\"5 plus garanti\" \/>\n<meta property=\"og:description\" content=\"Przy zakupie silnika VETUS udzielamy 5-letniej gwarancji na silnik oraz na wybran\u0105 list\u0119 produkt\u00f3w oko\u0142osilnikowych.\" \/>\n<meta property=\"og:url\" content=\"https:\/\/vetus.com\/da\/service-og-support\/5-plus-garanti\/\" \/>\n<meta property=\"og:site_name\" content=\"VETUS\" \/>\n<meta property=\"article:modified_time\" content=\"2022-07-12T10:28:07+00:00\" \/>\n<meta property=\"og:image\" content=\"https:\/\/vetus.com\/wp-content\/uploads\/featured-warranty-5.png\" \/>\n\t<meta property=\"og:image:width\" content=\"1200\" \/>\n\t<meta property=\"og:image:height\" content=\"800\" \/>\n\t<meta property=\"og:image:type\" content=\"image\/png\" \/>\n<meta name=\"twitter:card\" content=\"summary_large_image\" \/>\n<script type=\"application\/ld+json\" class=\"yoast-schema-graph\">{\"@context\":\"https:\\\/\\\/schema.org\",\"@graph\":[{\"@type\":\"WebPage\",\"@id\":\"https:\\\/\\\/vetus.com\\\/da\\\/service-og-support\\\/5-plus-garanti\\\/\",\"url\":\"https:\\\/\\\/vetus.com\\\/da\\\/service-og-support\\\/5-plus-garanti\\\/\",\"name\":\"5 plus garanti - VETUS\",\"isPartOf\":{\"@id\":\"https:\\\/\\\/vetus.com\\\/da\\\/#website\"},\"primaryImageOfPage\":{\"@id\":\"https:\\\/\\\/vetus.com\\\/da\\\/service-og-support\\\/5-plus-garanti\\\/#primaryimage\"},\"image\":{\"@id\":\"https:\\\/\\\/vetus.com\\\/da\\\/service-og-support\\\/5-plus-garanti\\\/#primaryimage\"},\"thumbnailUrl\":\"https:\\\/\\\/vetus.com\\\/wp-content\\\/uploads\\\/featured-warranty-5.png\",\"datePublished\":\"2021-03-31T07:01:36+00:00\",\"dateModified\":\"2022-07-12T10:28:07+00:00\",\"breadcrumb\":{\"@id\":\"https:\\\/\\\/vetus.com\\\/da\\\/service-og-support\\\/5-plus-garanti\\\/#breadcrumb\"},\"inLanguage\":\"da-DK\",\"potentialAction\":[{\"@type\":\"ReadAction\",\"target\":[\"https:\\\/\\\/vetus.com\\\/da\\\/service-og-support\\\/5-plus-garanti\\\/\"]}]},{\"@type\":\"ImageObject\",\"inLanguage\":\"da-DK\",\"@id\":\"https:\\\/\\\/vetus.com\\\/da\\\/service-og-support\\\/5-plus-garanti\\\/#primaryimage\",\"url\":\"https:\\\/\\\/vetus.com\\\/wp-content\\\/uploads\\\/featured-warranty-5.png\",\"contentUrl\":\"https:\\\/\\\/vetus.com\\\/wp-content\\\/uploads\\\/featured-warranty-5.png\",\"width\":1200,\"height\":800},{\"@type\":\"BreadcrumbList\",\"@id\":\"https:\\\/\\\/vetus.com\\\/da\\\/service-og-support\\\/5-plus-garanti\\\/#breadcrumb\",\"itemListElement\":[{\"@type\":\"ListItem\",\"position\":1,\"name\":\"Home\",\"item\":\"https:\\\/\\\/vetus.com\\\/da\\\/\"},{\"@type\":\"ListItem\",\"position\":2,\"name\":\"Service og Support\",\"item\":\"https:\\\/\\\/vetus.com\\\/da\\\/service-og-support\\\/\"},{\"@type\":\"ListItem\",\"position\":3,\"name\":\"5 plus garanti\"}]},{\"@type\":\"WebSite\",\"@id\":\"https:\\\/\\\/vetus.com\\\/da\\\/#website\",\"url\":\"https:\\\/\\\/vetus.com\\\/da\\\/\",\"name\":\"VETUS\",\"description\":\"\",\"potentialAction\":[{\"@type\":\"SearchAction\",\"target\":{\"@type\":\"EntryPoint\",\"urlTemplate\":\"https:\\\/\\\/vetus.com\\\/da\\\/?s={search_term_string}\"},\"query-input\":{\"@type\":\"PropertyValueSpecification\",\"valueRequired\":true,\"valueName\":\"search_term_string\"}}],\"inLanguage\":\"da-DK\"}]}<\/script>\n<!-- \/ Yoast SEO Premium plugin. -->","yoast_head_json":{"title":"5 plus garanti - VETUS","robots":{"index":"index","follow":"follow","max-snippet":"max-snippet:-1","max-image-preview":"max-image-preview:large","max-video-preview":"max-video-preview:-1"},"canonical":"https:\/\/vetus.com\/da\/service-og-support\/5-plus-garanti\/","og_locale":"da_DK","og_type":"article","og_title":"5 plus garanti","og_description":"Przy zakupie silnika VETUS udzielamy 5-letniej gwarancji na silnik oraz na wybran\u0105 list\u0119 produkt\u00f3w oko\u0142osilnikowych.","og_url":"https:\/\/vetus.com\/da\/service-og-support\/5-plus-garanti\/","og_site_name":"VETUS","article_modified_time":"2022-07-12T10:28:07+00:00","og_image":[{"width":1200,"height":800,"url":"https:\/\/vetus.com\/wp-content\/uploads\/featured-warranty-5.png","type":"image\/png"}],"twitter_card":"summary_large_image","schema":{"@context":"https:\/\/schema.org","@graph":[{"@type":"WebPage","@id":"https:\/\/vetus.com\/da\/service-og-support\/5-plus-garanti\/","url":"https:\/\/vetus.com\/da\/service-og-support\/5-plus-garanti\/","name":"5 plus garanti - VETUS","isPartOf":{"@id":"https:\/\/vetus.com\/da\/#website"},"primaryImageOfPage":{"@id":"https:\/\/vetus.com\/da\/service-og-support\/5-plus-garanti\/#primaryimage"},"image":{"@id":"https:\/\/vetus.com\/da\/service-og-support\/5-plus-garanti\/#primaryimage"},"thumbnailUrl":"https:\/\/vetus.com\/wp-content\/uploads\/featured-warranty-5.png","datePublished":"2021-03-31T07:01:36+00:00","dateModified":"2022-07-12T10:28:07+00:00","breadcrumb":{"@id":"https:\/\/vetus.com\/da\/service-og-support\/5-plus-garanti\/#breadcrumb"},"inLanguage":"da-DK","potentialAction":[{"@type":"ReadAction","target":["https:\/\/vetus.com\/da\/service-og-support\/5-plus-garanti\/"]}]},{"@type":"ImageObject","inLanguage":"da-DK","@id":"https:\/\/vetus.com\/da\/service-og-support\/5-plus-garanti\/#primaryimage","url":"https:\/\/vetus.com\/wp-content\/uploads\/featured-warranty-5.png","contentUrl":"https:\/\/vetus.com\/wp-content\/uploads\/featured-warranty-5.png","width":1200,"height":800},{"@type":"BreadcrumbList","@id":"https:\/\/vetus.com\/da\/service-og-support\/5-plus-garanti\/#breadcrumb","itemListElement":[{"@type":"ListItem","position":1,"name":"Home","item":"https:\/\/vetus.com\/da\/"},{"@type":"ListItem","position":2,"name":"Service og Support","item":"https:\/\/vetus.com\/da\/service-og-support\/"},{"@type":"ListItem","position":3,"name":"5 plus garanti"}]},{"@type":"WebSite","@id":"https:\/\/vetus.com\/da\/#website","url":"https:\/\/vetus.com\/da\/","name":"VETUS","description":"","potentialAction":[{"@type":"SearchAction","target":{"@type":"EntryPoint","urlTemplate":"https:\/\/vetus.com\/da\/?s={search_term_string}"},"query-input":{"@type":"PropertyValueSpecification","valueRequired":true,"valueName":"search_term_string"}}],"inLanguage":"da-DK"}]}},"_links":{"self":[{"href":"https:\/\/vetus.com\/da\/wp-json\/wp\/v2\/pages\/3421","targetHints":{"allow":["GET"]}}],"collection":[{"href":"https:\/\/vetus.com\/da\/wp-json\/wp\/v2\/pages"}],"about":[{"href":"https:\/\/vetus.com\/da\/wp-json\/wp\/v2\/types\/page"}],"author":[{"embeddable":true,"href":"https:\/\/vetus.com\/da\/wp-json\/wp\/v2\/users\/31"}],"replies":[{"embeddable":true,"href":"https:\/\/vetus.com\/da\/wp-json\/wp\/v2\/comments?post=3421"}],"version-history":[{"count":0,"href":"https:\/\/vetus.com\/da\/wp-json\/wp\/v2\/pages\/3421\/revisions"}],"up":[{"embeddable":true,"href":"https:\/\/vetus.com\/da\/wp-json\/wp\/v2\/pages\/3557"}],"wp:featuredmedia":[{"embeddable":true,"href":"https:\/\/vetus.com\/da\/wp-json\/wp\/v2\/media\/3423"}],"wp:attachment":[{"href":"https:\/\/vetus.com\/da\/wp-json\/wp\/v2\/media?parent=3421"}],"curies":[{"name":"wp","href":"https:\/\/api.w.org\/{rel}","templated":true}]}}