{"id":3397,"date":"2021-03-31T09:14:27","date_gmt":"2021-03-31T07:14:27","guid":{"rendered":"https:\/\/vetus.inlinedigital.nl\/cms\/vetus-warranty-policy\/"},"modified":"2021-07-22T06:56:38","modified_gmt":"2021-07-22T05:56:38","slug":"vetus-garantipolitik","status":"publish","type":"page","link":"https:\/\/vetus.com\/da\/service-og-support\/vetus-garantipolitik\/","title":{"rendered":"VETUS garantipolitik"},"content":{"rendered":"\n<section class=\"section  \">\n    \n\n<section id=\"section-text-block-block_60642f52d5387\" class=\"section text-block \">\n                    <div class=\"section section__body\">\n            <div class=\"text-block\">\n                <div class=\"container\">\n                    <div class=\"row\">\n                        <div class=\"col-lg-8 offset-lg-2\">\n                                                            <div class=\"section__content single__content hentry\">\n                                    <p>Siden 1. januar 2011 er garantien p\u00e5 alt VETUS-udstyr 3 \u00e5r, og garantien p\u00e5 motorer og generatorer er endda 5 \u00e5r. Udover disse udest\u00e5ende garantibetingelser leverer VETUS ogs\u00e5 et verdensomsp\u00e6ndende servicenetv\u00e6rk, s\u00e5 vores kunder altid kan stole p\u00e5 fremragende support.<\/p>\n<p><img decoding=\"async\" class=\"alignnone wp-image-24822 size-full\" src=\"https:\/\/vetus.com\/cms\/wp-content\/uploads\/warranty_try4.jpg\" alt=\"\" width=\"770\" height=\"227\" srcset=\"https:\/\/vetus.com\/wp-content\/uploads\/warranty_try4.jpg 770w, https:\/\/vetus.com\/wp-content\/uploads\/warranty_try4-300x88.jpg 300w, https:\/\/vetus.com\/wp-content\/uploads\/warranty_try4-768x226.jpg 768w, https:\/\/vetus.com\/wp-content\/uploads\/warranty_try4-210x62.jpg 210w, https:\/\/vetus.com\/wp-content\/uploads\/warranty_try4-330x97.jpg 330w, https:\/\/vetus.com\/wp-content\/uploads\/warranty_try4-431x127.jpg 431w, https:\/\/vetus.com\/wp-content\/uploads\/warranty_try4-507x149.jpg 507w, https:\/\/vetus.com\/wp-content\/uploads\/warranty_try4-530x156.jpg 530w, https:\/\/vetus.com\/wp-content\/uploads\/warranty_try4-690x203.jpg 690w\" sizes=\"(max-width: 770px) 100vw, 770px\" \/><\/p>\n<h3>Garantibetingelser for VETUS-udstyr<\/h3>\n<h6>Artikel 1<\/h6>\n<p>Denne garanti ydes af VETUS NV eller dets tilknyttede selskaber.<\/p>\n<h6>Artikel 2<\/h6>\n<p>2.1. Garantien g\u00e6lder kun for produkter, der er produceret og \/ eller leveret af VETUS.<br \/>\n2.2. Garantien g\u00e6lder kun for produkter leveret af VETUS eller dets tilknyttede selskaber.<\/p>\n<h6>Artikel 3<\/h6>\n<p>3.1. Garantien ydes til den f\u00f8rste ejer. Garantien kan overf\u00f8res til en ny ejer, og resten af \u200b\u200bgarantiperioden overf\u00f8res integralt til sidstn\u00e6vnte. Alle \u00e6ndringer, der foretages p\u00e5 installationen eller produkterne, annullerer garantibetingelserne.<\/p>\n<h6>Artikel 4<\/h6>\n<p>4.1. Garantiperioden begynder p\u00e5 det tidspunkt, VETUS-produktet leveres til slutbrugeren.<br \/>\n4.2. Garantiperioden er 36 m\u00e5neder. Denne garantiperiode g\u00e6lder kun for en slutbruger i detailhandelen, ikke en virksomhed eller en professionel bruger og strengt til fritidsbrug.<br \/>\n4.3. Garantiperioden er 12 m\u00e5neder til professionel brug. Inden produktet bruges til professionelle form\u00e5l, skal brugeren f\u00e5 skriftlig godkendelse fra VETUS og \/ eller dets autoriserede forhandlere.<\/p>\n<h6>Artikel 5<\/h6>\n<p>5.1. VETUS garanterer, at VETUS-udstyr er garanteret mod produkt-, materialefejl og fremstillingsfejl i garantiperioden.<br \/>\n5.2. Fejl, der opst\u00e5r i garantiperioden, repareres af VETUS uden omkostninger for ejeren<br \/>\n5.3. VETUS forbeholder sig ret til at erstatte et nyt eller et nyt erstatningsprodukt i tilf\u00e6lde af, at reparation af det defekte produkt ikke er mulig.<br \/>\n5.4. Produkter, der erstattes af VETUS under garanti, bliver automatisk VETUSs ejendom.<\/p>\n<h6>Artikel 6<\/h6>\n<p>6.1. Den endelige beslutning om anvendelse af garantien tr\u00e6ffes af VETUS og ikke dens autoriserede forhandlere. Beslutningen sendes skriftligt til den forhandler \/ b\u00e5dev\u00e6rk. VETUS indg\u00e5r ikke i korrespondance eller dialog med slutbrugeren.r.<\/p>\n<h6>Artikel 7<\/h6>\n<p>7.1. Slutbrugeren kan ikke kr\u00e6ve garanti direkte med VETUS, men skal g\u00f8re krav p\u00e5 garanti hos leverand\u00f8ren af \u200b\u200bVETUS-produktet.<\/p>\n<h6>Artikel 8<\/h6>\n<p>Alle garantikrav bortfalder i f\u00f8lgende situationer:<\/p>\n<ul>\n<li>At eventuel periodisk vedligeholdelse ikke er udf\u00f8rt af en autoriseret VETUS-forhandler<\/li>\n<li>Fejlmontering eller samling af produktet<\/li>\n<li>Forkert brug af produktet<\/li>\n<li>Fejlen skyldes manglende pleje fra ejeren eller brugeren<\/li>\n<li>I tilf\u00e6lde af ekstern ulykke<\/li>\n<li>I tilf\u00e6lde af fors\u00f8mmelse af brugsanvisningen.<\/li>\n<li>Garantiperioden p\u00e5 36 m\u00e5neder er udl\u00f8bet<\/li>\n<\/ul>\n<h6>Artikel 9<\/h6>\n<p>Udelukkelser: situationer, der ikke er omfattet af denne garanti:<\/p>\n<ul>\n<li>Sliddele<\/li>\n<li>F\u00f8lgende omkostninger s\u00e5som (men ikke begr\u00e6nset til) &#8211; transportomkostninger, arbejdsomkostninger, kranage, l\u00f8fteomkostninger osv<\/li>\n<li>Skader som f\u00f8lge af milj\u00f8p\u00e5virkninger<\/li>\n<li>Forurening, frysning, overophedning og overbelastning<\/li>\n<\/ul>\n<h3>Garantibetingelser for VETUS-motorer<\/h3>\n<h6>Artikel 1<\/h6>\n<p>1.1. Denne garanti ydes af VETUS NV eller dets tilknyttede virksomheder.<\/p>\n<h6>Artikel 2<\/h6>\n<p>2.1. Garantien g\u00e6lder kun for produkter, der er produceret og \/ eller leveret af VETUS.<br \/>\n2.2. Garantien g\u00e6lder kun for produkter leveret af VETUS eller dets tilknyttede selskaber.<\/p>\n<h6>Artikel 3<\/h6>\n<p>3.1. For at kvalificere sig til garanti p\u00e5 motorer skal der pr\u00e6senteres en fuldt udf\u00f8rt og underskrevet servicemanual. For at kr\u00e6ve garanti p\u00e5 reservedele eller tilbeh\u00f8r kr\u00e6ves der en kopi af fakturaen for den relevante reservedel eller tilbeh\u00f8r som bevis for garantiens gyldighed.<\/p>\n<h6>Artikel 4<\/h6>\n<p>4.1. Garantien ydes til den f\u00f8rste ejer. Garantien kan overf\u00f8res til en ny ejer, og resten af \u200b\u200bgarantiperioden overf\u00f8res integralt til sidstn\u00e6vnte. Alle \u00e6ndringer, der foretages p\u00e5 installationen eller produkterne, annullerer garantibetingelserne.<\/p>\n<h6>Artikel 5<\/h6>\n<p>5.1. VETUS garanterer kvaliteten af \u200b\u200bdet leverede produkt og alt tilbeh\u00f8r, der f\u00f8lger med produktet. Fejl repareres af VETUS eller dets tilknyttede selskaber, enten ved udskiftning eller reparation af den defekte del. Den p\u00e5g\u00e6ldende reparation udf\u00f8res p\u00e5 et sted valgt af VETUS.<\/p>\n<h6>Artikel 6<\/h6>\n<p>6.1. Garantiperioden begynder fra leveringsdagen til den f\u00f8rste ejer \/ slutbruger. Motoren eller generatoren skal tages i brug senest 6 (seks) m\u00e5neder efter levering.<\/p>\n<h6>Artikel 7<\/h6>\n<p>7.1. VETUS marine dieselmotorer til ikke-kommerciel brug i lystb\u00e5de er garanteret mod alle materielle og \/ eller konstruktionsfejl i henhold til g\u00e6ldende lovgivning i en periode p\u00e5 36 (seksogtredive) m\u00e5neder eller i maksimalt 1000 (tusind) arbejdstimer afh\u00e6ngigt af, hvad der kommer f\u00f8rst.<br \/>\n7.2. Ud over denne garantiperiode garanterer VETUS i de efterf\u00f8lgende 24 (fireogtyve) m\u00e5neder eller yderligere 1500 (femten hundrede) driftstimer, afh\u00e6ngigt af hvad der kommer f\u00f8rst, f\u00f8lgende motordele: cylinderblokst\u00f8bt ing, cylinderhovedst\u00f8bning, krumtapakslen, knastakslen, svinghjulshusst\u00f8bningen, tandhjulsst\u00f8bningen, tandhjulene og forbindelsesst\u00e6ngerne.<br \/>\n7.3. Garantien g\u00e6lder ikke for let professionel brug af motoren, medmindre VETUS under s\u00e6rlige omst\u00e6ndigheder har givet tilladelse til s\u00e5dan brug.<br \/>\n7.4. Hvis en s\u00e5dan skriftlig godkendelse gives af VETUS til let kommerciel brug af produktet, vil garantiperioden v\u00e6re 12 (tolv) m\u00e5neder eller maksimalt 1000 (tusind) arbejdstimer, afh\u00e6ngigt af hvad der kommer f\u00f8rst.<\/p>\n<h6>Artikel 8<\/h6>\n<p>8.1. Den internationale garantiperiode for generators\u00e6t er:<\/p>\n<ul>\n<li>24 (fireogtyve) m\u00e5neder eller maksimalt 1500 (femten hundrede) driftstimer afh\u00e6ngigt af, hvad der kommer f\u00f8rst (generatorens driftshastighed p\u00e5 1500 o \/ min).<\/li>\n<li>24 (fireogtyve) m\u00e5neder eller maksimalt 1000 (tusind) driftstimer, afh\u00e6ngigt af hvad der kommer f\u00f8rst (generatorens driftshastighed p\u00e5 3000 omdr.\/min.).<\/li>\n<\/ul>\n<p>8.2. Ud over denne garantiperiode garanterer VETUS i de efterf\u00f8lgende 24 (fireogtyve) m\u00e5neder eller yderligere 1000 (tusind) driftstimer, alt efter hvad der kommer f\u00f8rst, f\u00f8lgende motordele: st\u00f8bningen af cylinderblokken, st\u00f8bningen af cylinderhovedet, krumtapakslen, knastakslen, st\u00f8bningen af svinghjulshuset, st\u00f8bningen af tandhjulet, tandhjulene til styring og forbindelsesst\u00e6ngerne.<\/p>\n<h6>Artikel 9<\/h6>\n<p>9.1. Den internationale garantiperiode for motordele og tilbeh\u00f8r er 12 (tolv) m\u00e5neder fra fakturadato. Dele, der kr\u00e6ves til periodisk vedligeholdelse, og dele, der uds\u00e6ttes for slitage, er ikke inkluderet.<\/p>\n<h6>Artikel 10<\/h6>\n<p>10.1. Synlige mangler skal rapporteres skriftligt straks eller senest inden for fem dage til VETUS-forhandler, distribut\u00f8r eller import\u00f8r.<\/p>\n<p>10.2. Alle krav p\u00e5 garantien bortfalder, n\u00e5r:<\/p>\n<ul>\n<li>Produktet eller komponenten er blevet brugt til en anden anvendelse end angivet i specifikationen.<\/li>\n<li>Produktet eller delen er monteret eller installeret forkert.<\/li>\n<li>Fejlen skyldes normalt og forventet slitage.<\/li>\n<li>Betingelserne vedr\u00f8rende drift, vedligeholdelse og reparation er ikke fulgt.<\/li>\n<li>Den periodiske vedligeholdelse er ikke blevet udf\u00f8rt i henhold til den serviceplan, der er fastsat i ejerbogen, eller i overensstemmelse med de kr\u00e6vede standarder, eller der er blevet anvendt dele, som ikke opfylder de originale udstyrsspecifikationer.<\/li>\n<li>Konstruktionen eller justeringen af \u200b\u200bproduktet er blevet \u00e6ndret uden godkendelse fra VETUS.<\/li>\n<li>Produktet er blevet brugt til et andet form\u00e5l end dets tilsigtede anvendelse.<\/li>\n<li>Ikke-originale dele er monteret.<\/li>\n<li>Manglen er ikke blevet rapporteret skriftligt til forhandleren, O.E.M (producent af originalt udstyr), import\u00f8ren eller VETUS inden for 14 dage efter manglen blev bem\u00e6rket.<\/li>\n<\/ul>\n<p>10.3. Garantien d\u00e6kker ikke:<\/p>\n<ul>\n<li>Fejl, der ikke er for\u00e5rsaget af materiale- eller konstruktionsfejl.<\/li>\n<li>Fejl for\u00e5rsaget af: normal slitage, indvendig eller udvendig snavs, rust- og malingsskader, frysning, overophedning, overbelastning eller forkert brug.<\/li>\n<li>Skader for\u00e5rsaget under transport, distribution eller opbevaring.<\/li>\n<li>Reparationer udf\u00f8rt af et ikke-autoriseret servicepunkt.<\/li>\n<li>Materialer eller procedurer brugt p\u00e5 anmodning fra ejeren, men som normalt ikke leveres. Inspektioner eller lignende professionel r\u00e5dgivning udf\u00f8rt uden forudg\u00e5ende skriftlig godkendelse fra VETUS.<\/li>\n<li>Dele, der er slidst\u00e6rke, s\u00e5som filtre, pakninger, injektorer, sm\u00f8remidler, termostater, maling, slanger, b\u00f8rster, gl\u00f8der\u00f8r, kileremme og l\u00f8bere.<\/li>\n<li>F\u00f8lgende omkostninger ved overskudsdeling, transport, rejse eller indkvartering, tab af tid, tab af ejendom, tab af brug eller omkostninger forbundet med at g\u00f8re produktet tilg\u00e6ngeligt, kranomkostninger, dock- eller l\u00f8fteomkostninger, skader p\u00e5 grund af personskade eller tab af ejendele .<\/li>\n<\/ul>\n<h6>Artikel 11<\/h6>\n<p>11.1. Et krav p\u00e5 garantien kan kun frems\u00e6ttes, hvis installationsformularerne er udfyldt fuldt ud af forhandleren eller installat\u00f8ren og returneres til VETUS NVs serviceafdeling inden for 14 dage fra idrifts\u00e6ttelse af produktet.<\/p>\n                                <\/div>\n                            \n                                                    <\/div>\n                    <\/div>\n                <\/div>\n            <\/div>\n        <\/div>\n    <\/section><\/section>","protected":false},"excerpt":{"rendered":"<p>Standardowo udzielamy 3 lata gwarancji na urz\u0105dzenia oraz 5 lat na silniki.<\/p>\n","protected":false},"author":31,"featured_media":16960,"parent":3557,"menu_order":105,"comment_status":"closed","ping_status":"closed","template":"tpl-basic.php","meta":{"_acf_changed":false,"footnotes":""},"class_list":["post-3397","page","type-page","status-publish","has-post-thumbnail","hentry"],"acf":{"introduction":"","person":false},"yoast_head":"<!-- This site is optimized with the Yoast SEO Premium plugin v27.4 (Yoast SEO v27.4) - https:\/\/yoast.com\/product\/yoast-seo-premium-wordpress\/ -->\n<title>VETUS garantipolitik - VETUS<\/title>\n<meta name=\"robots\" content=\"index, follow, max-snippet:-1, max-image-preview:large, max-video-preview:-1\" \/>\n<link rel=\"canonical\" href=\"https:\/\/vetus.com\/da\/service-og-support\/vetus-garantipolitik\/\" \/>\n<meta property=\"og:locale\" content=\"da_DK\" \/>\n<meta property=\"og:type\" content=\"article\" \/>\n<meta property=\"og:title\" content=\"VETUS garantipolitik\" \/>\n<meta property=\"og:description\" content=\"Standardowo udzielamy 3 lata gwarancji na urz\u0105dzenia oraz 5 lat na silniki.\" \/>\n<meta property=\"og:url\" content=\"https:\/\/vetus.com\/da\/service-og-support\/vetus-garantipolitik\/\" \/>\n<meta property=\"og:site_name\" content=\"VETUS\" \/>\n<meta property=\"article:modified_time\" content=\"2021-07-22T05:56:38+00:00\" \/>\n<meta property=\"og:image\" content=\"https:\/\/vetus.com\/wp-content\/uploads\/3_5_jaargarantie_ServiceSupportPage_3x2-3.png\" \/>\n\t<meta property=\"og:image:width\" content=\"1200\" \/>\n\t<meta property=\"og:image:height\" content=\"800\" \/>\n\t<meta property=\"og:image:type\" content=\"image\/png\" \/>\n<meta name=\"twitter:card\" content=\"summary_large_image\" \/>\n<script type=\"application\/ld+json\" class=\"yoast-schema-graph\">{\"@context\":\"https:\\\/\\\/schema.org\",\"@graph\":[{\"@type\":\"WebPage\",\"@id\":\"https:\\\/\\\/vetus.com\\\/da\\\/service-og-support\\\/vetus-garantipolitik\\\/\",\"url\":\"https:\\\/\\\/vetus.com\\\/da\\\/service-og-support\\\/vetus-garantipolitik\\\/\",\"name\":\"VETUS garantipolitik - VETUS\",\"isPartOf\":{\"@id\":\"https:\\\/\\\/vetus.com\\\/da\\\/#website\"},\"primaryImageOfPage\":{\"@id\":\"https:\\\/\\\/vetus.com\\\/da\\\/service-og-support\\\/vetus-garantipolitik\\\/#primaryimage\"},\"image\":{\"@id\":\"https:\\\/\\\/vetus.com\\\/da\\\/service-og-support\\\/vetus-garantipolitik\\\/#primaryimage\"},\"thumbnailUrl\":\"https:\\\/\\\/vetus.com\\\/wp-content\\\/uploads\\\/3_5_jaargarantie_ServiceSupportPage_3x2-3.png\",\"datePublished\":\"2021-03-31T07:14:27+00:00\",\"dateModified\":\"2021-07-22T05:56:38+00:00\",\"breadcrumb\":{\"@id\":\"https:\\\/\\\/vetus.com\\\/da\\\/service-og-support\\\/vetus-garantipolitik\\\/#breadcrumb\"},\"inLanguage\":\"da-DK\",\"potentialAction\":[{\"@type\":\"ReadAction\",\"target\":[\"https:\\\/\\\/vetus.com\\\/da\\\/service-og-support\\\/vetus-garantipolitik\\\/\"]}]},{\"@type\":\"ImageObject\",\"inLanguage\":\"da-DK\",\"@id\":\"https:\\\/\\\/vetus.com\\\/da\\\/service-og-support\\\/vetus-garantipolitik\\\/#primaryimage\",\"url\":\"https:\\\/\\\/vetus.com\\\/wp-content\\\/uploads\\\/3_5_jaargarantie_ServiceSupportPage_3x2-3.png\",\"contentUrl\":\"https:\\\/\\\/vetus.com\\\/wp-content\\\/uploads\\\/3_5_jaargarantie_ServiceSupportPage_3x2-3.png\",\"width\":1200,\"height\":800},{\"@type\":\"BreadcrumbList\",\"@id\":\"https:\\\/\\\/vetus.com\\\/da\\\/service-og-support\\\/vetus-garantipolitik\\\/#breadcrumb\",\"itemListElement\":[{\"@type\":\"ListItem\",\"position\":1,\"name\":\"Home\",\"item\":\"https:\\\/\\\/vetus.com\\\/da\\\/\"},{\"@type\":\"ListItem\",\"position\":2,\"name\":\"Service og Support\",\"item\":\"https:\\\/\\\/vetus.com\\\/da\\\/service-og-support\\\/\"},{\"@type\":\"ListItem\",\"position\":3,\"name\":\"VETUS garantipolitik\"}]},{\"@type\":\"WebSite\",\"@id\":\"https:\\\/\\\/vetus.com\\\/da\\\/#website\",\"url\":\"https:\\\/\\\/vetus.com\\\/da\\\/\",\"name\":\"VETUS\",\"description\":\"\",\"potentialAction\":[{\"@type\":\"SearchAction\",\"target\":{\"@type\":\"EntryPoint\",\"urlTemplate\":\"https:\\\/\\\/vetus.com\\\/da\\\/?s={search_term_string}\"},\"query-input\":{\"@type\":\"PropertyValueSpecification\",\"valueRequired\":true,\"valueName\":\"search_term_string\"}}],\"inLanguage\":\"da-DK\"}]}<\/script>\n<!-- \/ Yoast SEO Premium plugin. -->","yoast_head_json":{"title":"VETUS garantipolitik - VETUS","robots":{"index":"index","follow":"follow","max-snippet":"max-snippet:-1","max-image-preview":"max-image-preview:large","max-video-preview":"max-video-preview:-1"},"canonical":"https:\/\/vetus.com\/da\/service-og-support\/vetus-garantipolitik\/","og_locale":"da_DK","og_type":"article","og_title":"VETUS garantipolitik","og_description":"Standardowo udzielamy 3 lata gwarancji na urz\u0105dzenia oraz 5 lat na silniki.","og_url":"https:\/\/vetus.com\/da\/service-og-support\/vetus-garantipolitik\/","og_site_name":"VETUS","article_modified_time":"2021-07-22T05:56:38+00:00","og_image":[{"width":1200,"height":800,"url":"https:\/\/vetus.com\/wp-content\/uploads\/3_5_jaargarantie_ServiceSupportPage_3x2-3.png","type":"image\/png"}],"twitter_card":"summary_large_image","schema":{"@context":"https:\/\/schema.org","@graph":[{"@type":"WebPage","@id":"https:\/\/vetus.com\/da\/service-og-support\/vetus-garantipolitik\/","url":"https:\/\/vetus.com\/da\/service-og-support\/vetus-garantipolitik\/","name":"VETUS garantipolitik - VETUS","isPartOf":{"@id":"https:\/\/vetus.com\/da\/#website"},"primaryImageOfPage":{"@id":"https:\/\/vetus.com\/da\/service-og-support\/vetus-garantipolitik\/#primaryimage"},"image":{"@id":"https:\/\/vetus.com\/da\/service-og-support\/vetus-garantipolitik\/#primaryimage"},"thumbnailUrl":"https:\/\/vetus.com\/wp-content\/uploads\/3_5_jaargarantie_ServiceSupportPage_3x2-3.png","datePublished":"2021-03-31T07:14:27+00:00","dateModified":"2021-07-22T05:56:38+00:00","breadcrumb":{"@id":"https:\/\/vetus.com\/da\/service-og-support\/vetus-garantipolitik\/#breadcrumb"},"inLanguage":"da-DK","potentialAction":[{"@type":"ReadAction","target":["https:\/\/vetus.com\/da\/service-og-support\/vetus-garantipolitik\/"]}]},{"@type":"ImageObject","inLanguage":"da-DK","@id":"https:\/\/vetus.com\/da\/service-og-support\/vetus-garantipolitik\/#primaryimage","url":"https:\/\/vetus.com\/wp-content\/uploads\/3_5_jaargarantie_ServiceSupportPage_3x2-3.png","contentUrl":"https:\/\/vetus.com\/wp-content\/uploads\/3_5_jaargarantie_ServiceSupportPage_3x2-3.png","width":1200,"height":800},{"@type":"BreadcrumbList","@id":"https:\/\/vetus.com\/da\/service-og-support\/vetus-garantipolitik\/#breadcrumb","itemListElement":[{"@type":"ListItem","position":1,"name":"Home","item":"https:\/\/vetus.com\/da\/"},{"@type":"ListItem","position":2,"name":"Service og Support","item":"https:\/\/vetus.com\/da\/service-og-support\/"},{"@type":"ListItem","position":3,"name":"VETUS garantipolitik"}]},{"@type":"WebSite","@id":"https:\/\/vetus.com\/da\/#website","url":"https:\/\/vetus.com\/da\/","name":"VETUS","description":"","potentialAction":[{"@type":"SearchAction","target":{"@type":"EntryPoint","urlTemplate":"https:\/\/vetus.com\/da\/?s={search_term_string}"},"query-input":{"@type":"PropertyValueSpecification","valueRequired":true,"valueName":"search_term_string"}}],"inLanguage":"da-DK"}]}},"_links":{"self":[{"href":"https:\/\/vetus.com\/da\/wp-json\/wp\/v2\/pages\/3397","targetHints":{"allow":["GET"]}}],"collection":[{"href":"https:\/\/vetus.com\/da\/wp-json\/wp\/v2\/pages"}],"about":[{"href":"https:\/\/vetus.com\/da\/wp-json\/wp\/v2\/types\/page"}],"author":[{"embeddable":true,"href":"https:\/\/vetus.com\/da\/wp-json\/wp\/v2\/users\/31"}],"replies":[{"embeddable":true,"href":"https:\/\/vetus.com\/da\/wp-json\/wp\/v2\/comments?post=3397"}],"version-history":[{"count":0,"href":"https:\/\/vetus.com\/da\/wp-json\/wp\/v2\/pages\/3397\/revisions"}],"up":[{"embeddable":true,"href":"https:\/\/vetus.com\/da\/wp-json\/wp\/v2\/pages\/3557"}],"wp:featuredmedia":[{"embeddable":true,"href":"https:\/\/vetus.com\/da\/wp-json\/wp\/v2\/media\/16960"}],"wp:attachment":[{"href":"https:\/\/vetus.com\/da\/wp-json\/wp\/v2\/media?parent=3397"}],"curies":[{"name":"wp","href":"https:\/\/api.w.org\/{rel}","templated":true}]}}