{"id":3251,"date":"2021-04-07T12:32:24","date_gmt":"2021-04-07T10:32:24","guid":{"rendered":"https:\/\/vetus.inlinedigital.nl\/cms\/contact-service\/"},"modified":"2022-11-29T10:21:14","modified_gmt":"2022-11-29T08:21:14","slug":"vetus-filialer","status":"publish","type":"page","link":"https:\/\/vetus.com\/da\/service-og-support\/vetus-filialer\/","title":{"rendered":"VETUS Filialer"},"content":{"rendered":"<section class=\"section \" id=\"contact-service-block_d6397bca2d8d025a12a2500104618d1c\">\n    <div class=\"container\">\n        <div class=\"row\">\n            <div class=\"col-lg-3 mb-6 mb-lg-0\">\n                <aside class=\"sidebar-block\">\n\n                    <div class=\"sidebar-block__header d-none\">\n                        <hr>\n\n                        <h5 class=\"sidebar-block__title\">\n                            VETUS Filialer                        <\/h5>\n                    <\/div>\n\n                    <div class=\"sidebar-block__body\">\n                                                    <nav class=\"side-nav side-nav--faq\" role=\"navigation\" aria-label=\"\">\n                                <ul class=\"list-group list-group-flush side-nav__list side-nav__list--styled text-sm\">\n                                                                            <li class=\"list-group-item side-nav__item side-nav__item--styled is-active\">\n                                            <a href=\"https:\/\/vetus.com\/da\/service-og-support\/vetus-filialer\/\" class=\"side-nav__link side-nav__link--styled\" target=\"\">\n                                                Generelt                                                <i class=\"icon icon-keyboard_arrow_right d-block d-lg-none ml-auto pl-5\"><\/i>\n                                            <\/a>\n                                        <\/li>\n                                    \n                                                                            <li class=\"list-group-item side-nav__item side-nav__item--styled \">\n                                            <a href=\"https:\/\/vetus.com\/da\/tjeneste-stotte\/kontakt-service\/taiwan\/\" class=\"side-nav__link side-nav__link--styled\">\n                                                Asien                                                <i class=\"icon icon-keyboard_arrow_right d-block d-lg-none ml-auto pl-5\"><\/i>\n                                            <\/a>\n                                        <\/li>\n                                                                            <li class=\"list-group-item side-nav__item side-nav__item--styled \">\n                                            <a href=\"https:\/\/vetus.com\/da\/tjeneste-stotte\/kontakt-service\/australia\/\" class=\"side-nav__link side-nav__link--styled\">\n                                                Australien                                                <i class=\"icon icon-keyboard_arrow_right d-block d-lg-none ml-auto pl-5\"><\/i>\n                                            <\/a>\n                                        <\/li>\n                                                                            <li class=\"list-group-item side-nav__item side-nav__item--styled \">\n                                            <a href=\"https:\/\/vetus.com\/da\/tjeneste-stotte\/kontakt-service\/belgien\/\" class=\"side-nav__link side-nav__link--styled\">\n                                                Belgien                                                <i class=\"icon icon-keyboard_arrow_right d-block d-lg-none ml-auto pl-5\"><\/i>\n                                            <\/a>\n                                        <\/li>\n                                                                            <li class=\"list-group-item side-nav__item side-nav__item--styled \">\n                                            <a href=\"https:\/\/vetus.com\/da\/tjeneste-stotte\/kontakt-service\/danmark\/\" class=\"side-nav__link side-nav__link--styled\">\n                                                Danmark                                                <i class=\"icon icon-keyboard_arrow_right d-block d-lg-none ml-auto pl-5\"><\/i>\n                                            <\/a>\n                                        <\/li>\n                                                                            <li class=\"list-group-item side-nav__item side-nav__item--styled \">\n                                            <a href=\"https:\/\/vetus.com\/da\/tjeneste-stotte\/kontakt-service\/finland\/\" class=\"side-nav__link side-nav__link--styled\">\n                                                Finland                                                <i class=\"icon icon-keyboard_arrow_right d-block d-lg-none ml-auto pl-5\"><\/i>\n                                            <\/a>\n                                        <\/li>\n                                                                            <li class=\"list-group-item side-nav__item side-nav__item--styled \">\n                                            <a href=\"https:\/\/vetus.com\/da\/tjeneste-stotte\/kontakt-service\/forenede-kongerige\/\" class=\"side-nav__link side-nav__link--styled\">\n                                                Forenede Kongerige                                                <i class=\"icon icon-keyboard_arrow_right d-block d-lg-none ml-auto pl-5\"><\/i>\n                                            <\/a>\n                                        <\/li>\n                                                                            <li class=\"list-group-item side-nav__item side-nav__item--styled \">\n                                            <a href=\"https:\/\/vetus.com\/da\/tjeneste-stotte\/kontakt-service\/frankrig\/\" class=\"side-nav__link side-nav__link--styled\">\n                                                Frankrig                                                <i class=\"icon icon-keyboard_arrow_right d-block d-lg-none ml-auto pl-5\"><\/i>\n                                            <\/a>\n                                        <\/li>\n                                                                            <li class=\"list-group-item side-nav__item side-nav__item--styled \">\n                                            <a href=\"https:\/\/vetus.com\/da\/tjeneste-stotte\/kontakt-service\/india\/\" class=\"side-nav__link side-nav__link--styled\">\n                                                Indien                                                <i class=\"icon icon-keyboard_arrow_right d-block d-lg-none ml-auto pl-5\"><\/i>\n                                            <\/a>\n                                        <\/li>\n                                                                            <li class=\"list-group-item side-nav__item side-nav__item--styled \">\n                                            <a href=\"https:\/\/vetus.com\/da\/tjeneste-stotte\/kontakt-service\/italien\/\" class=\"side-nav__link side-nav__link--styled\">\n                                                Italien                                                <i class=\"icon icon-keyboard_arrow_right d-block d-lg-none ml-auto pl-5\"><\/i>\n                                            <\/a>\n                                        <\/li>\n                                                                            <li class=\"list-group-item side-nav__item side-nav__item--styled \">\n                                            <a href=\"https:\/\/vetus.com\/da\/tjeneste-stotte\/kontakt-service\/nederlandene\/\" class=\"side-nav__link side-nav__link--styled\">\n                                                Nederlandene                                                <i class=\"icon icon-keyboard_arrow_right d-block d-lg-none ml-auto pl-5\"><\/i>\n                                            <\/a>\n                                        <\/li>\n                                                                            <li class=\"list-group-item side-nav__item side-nav__item--styled \">\n                                            <a href=\"https:\/\/vetus.com\/da\/tjeneste-stotte\/kontakt-service\/new-zealand\/\" class=\"side-nav__link side-nav__link--styled\">\n                                                New Zealand                                                <i class=\"icon icon-keyboard_arrow_right d-block d-lg-none ml-auto pl-5\"><\/i>\n                                            <\/a>\n                                        <\/li>\n                                                                            <li class=\"list-group-item side-nav__item side-nav__item--styled \">\n                                            <a href=\"https:\/\/vetus.com\/da\/tjeneste-stotte\/kontakt-service\/polen\/\" class=\"side-nav__link side-nav__link--styled\">\n                                                Polen                                                <i class=\"icon icon-keyboard_arrow_right d-block d-lg-none ml-auto pl-5\"><\/i>\n                                            <\/a>\n                                        <\/li>\n                                                                            <li class=\"list-group-item side-nav__item side-nav__item--styled \">\n                                            <a href=\"https:\/\/vetus.com\/da\/tjeneste-stotte\/kontakt-service\/portugal\/\" class=\"side-nav__link side-nav__link--styled\">\n                                                Portugal                                                <i class=\"icon icon-keyboard_arrow_right d-block d-lg-none ml-auto pl-5\"><\/i>\n                                            <\/a>\n                                        <\/li>\n                                                                            <li class=\"list-group-item side-nav__item side-nav__item--styled \">\n                                            <a href=\"https:\/\/vetus.com\/da\/tjeneste-stotte\/kontakt-service\/rusland\/\" class=\"side-nav__link side-nav__link--styled\">\n                                                Rusland                                                <i class=\"icon icon-keyboard_arrow_right d-block d-lg-none ml-auto pl-5\"><\/i>\n                                            <\/a>\n                                        <\/li>\n                                                                            <li class=\"list-group-item side-nav__item side-nav__item--styled \">\n                                            <a href=\"https:\/\/vetus.com\/da\/tjeneste-stotte\/kontakt-service\/spanien\/\" class=\"side-nav__link side-nav__link--styled\">\n                                                Spanien                                                <i class=\"icon icon-keyboard_arrow_right d-block d-lg-none ml-auto pl-5\"><\/i>\n                                            <\/a>\n                                        <\/li>\n                                                                            <li class=\"list-group-item side-nav__item side-nav__item--styled \">\n                                            <a href=\"https:\/\/vetus.com\/da\/tjeneste-stotte\/kontakt-service\/sverige\/\" class=\"side-nav__link side-nav__link--styled\">\n                                                Sverige                                                <i class=\"icon icon-keyboard_arrow_right d-block d-lg-none ml-auto pl-5\"><\/i>\n                                            <\/a>\n                                        <\/li>\n                                                                            <li class=\"list-group-item side-nav__item side-nav__item--styled \">\n                                            <a href=\"https:\/\/vetus.com\/da\/tjeneste-stotte\/kontakt-service\/sydafrika\/\" class=\"side-nav__link side-nav__link--styled\">\n                                                Sydafrika                                                <i class=\"icon icon-keyboard_arrow_right d-block d-lg-none ml-auto pl-5\"><\/i>\n                                            <\/a>\n                                        <\/li>\n                                                                            <li class=\"list-group-item side-nav__item side-nav__item--styled \">\n                                            <a href=\"https:\/\/vetus.com\/da\/tjeneste-stotte\/kontakt-service\/tyskland\/\" class=\"side-nav__link side-nav__link--styled\">\n                                                Tyskland                                                <i class=\"icon icon-keyboard_arrow_right d-block d-lg-none ml-auto pl-5\"><\/i>\n                                            <\/a>\n                                        <\/li>\n                                                                            <li class=\"list-group-item side-nav__item side-nav__item--styled \">\n                                            <a href=\"https:\/\/vetus.com\/da\/tjeneste-stotte\/kontakt-service\/usa\/\" class=\"side-nav__link side-nav__link--styled\">\n                                                USA                                                <i class=\"icon icon-keyboard_arrow_right d-block d-lg-none ml-auto pl-5\"><\/i>\n                                            <\/a>\n                                        <\/li>\n                                                                    <\/ul>\n                            <\/nav>\n\n                        \n                    <\/div>\n                <\/aside>\n            <\/div>\n\n            <div class=\"col-lg-9\">\n                                    <div class=\"p-5 mb-6 text-white bg-primary\">\n                        <p>VETUSin vahvuus on maailmanlaajuisen verkostomme asiantuntemus. Siksi on eritt\u00e4in t\u00e4rke\u00e4\u00e4, ett\u00e4 otat yhteytt\u00e4 alkuper\u00e4iseen ostopaikkaan, jos sinulla on kysymyksi\u00e4, huolto-ongelmia tai huolenaiheita. Antamalla meille taustatiedot ostostasi ja asennuksestasi voimme tarvittaessa l\u00f6yt\u00e4\u00e4 oikean henkil\u00f6n tiimist\u00e4mme.<\/p>\n<p>Haluatko jakaa kokemuksesi tai oletko yll\u00e4tt\u00e4en tyytym\u00e4t\u00f6n tapaan, jolla sinua autettiin oston yhteydess\u00e4? Auta meit\u00e4 parantamaan organisaatiotamme jakamalla kokemuksesi kanssamme alla olevan lomakkeen kautta.<\/p>\n                                                    <a href=\"https:\/\/vetus.com\/da\/service-og-support\/kontaktformular\/\" class=\"btn btn-secondary\" title=\"Kontaktformular\" target=\"\">\n                                <span>\n                                    Kontaktformular                                <\/span>\n                            <\/a>\n                                            <\/div>\n                \n                                        <div class=\"box box--contact\">\n                            <div class=\"box__body d-flex flex-column flex-md-row-reverse\">\n                                <div class=\"box__media media\">\n                                                                    <\/div>\n\n                                <div class=\"box__content box__content--contact\">\n                                                                            <div class=\"box__actions actions\">\n                                            <div class=\"btn-group d-flex flex-wrap flex-grow-1 flex-column align-items-start\">\n                                                                                                    <a href=\"tel:+45 76975000\" class=\"btn btn-empty btn-empty-reverse\" title=\"+45 76975000\" target=\"_blank\" rel=\"oopener noreferrer\">\n                                                        <i class=\"icon icon-local_phone\"><\/i>\n                                                        <span>\n                                                            +45 76975000                                                        <\/span>\n                                                    <\/a>\n                                                                                                    <a href=\"mailto:info@vetus.dk\" class=\"btn btn-empty btn-empty-reverse\" target=\"_blank\" rel=\"oopener noreferrer\">\n                                                        <i class=\"icon icon-mail_outline\"><\/i>\n                                                        <span>\n                                                            info@vetus.dk                                                        <\/span>\n                                                    <\/a>\n                                                                                            <\/div>\n                                        <\/div>\n                                                                            <div class=\"box__address\">\n                                            <div class=\"mb-2\">\n                                                <strong>\n                                                                                                        Address\n                                                <\/strong>\n                                            <\/div>\n\n                                            <address class=\"text-sm\">\n                                                VETUS Denmark<br \/>\r\nVETUS ApS<br \/>\r\nEngvej 9C<br \/>\r\n6600 Vejen<br \/>\r\nDenmark                                                                                            <\/address>\n\n                                        <\/div>\n                                                                            <div class=\"box__opening-hours\">\n                                                                                            <div class=\"mb-2\">\n                                                    <strong>\n                                                        \u00c5bningstider (CEST)                                                    <\/strong>\n                                                <\/div>\n                                            <table style=\"min-width: 75%;\">\n<tbody>\n<tr>\n<td>Mandag<\/td>\n<td>08:00 &#8211; 16:00<\/td>\n<\/tr>\n<tr>\n<td>Tirsdag<\/td>\n<td>08:00 &#8211; 16:00<\/td>\n<\/tr>\n<tr>\n<td>Onsdag<\/td>\n<td>08:00 &#8211; 16:00<\/td>\n<\/tr>\n<tr>\n<td>Torsdag<\/td>\n<td>08:00 &#8211; 16:00<\/td>\n<\/tr>\n<tr>\n<td>Fredag<\/td>\n<td>08:00 &#8211; 14:00<\/td>\n<\/tr>\n<tr>\n<td>L\u00f8rdag<\/td>\n<td>lukket<\/td>\n<\/tr>\n<tr>\n<td>S\u00f8ndag<\/td>\n<td>lukket<\/td>\n<\/tr>\n<\/tbody>\n<\/table>\n\n                                            <div class=\"text-sm mb-2 d-none\">\n                                                Current time (CEST): 14:52\n                                            <\/div>\n                                        <\/div>\n                                    \n\n\n\n                                <\/div>\n                            <\/div>\n                        <\/div>\n                            <\/div>\n        <\/div>\n    <\/div>\n<\/section>\n","protected":false},"excerpt":{"rendered":"<p>Kontakt dit oprindelige k\u00f8bssted, hvis du har sp\u00f8rgsm\u00e5l, serviceproblemer eller bekymringer.<\/p>\n","protected":false},"author":31,"featured_media":3252,"parent":3557,"menu_order":98,"comment_status":"closed","ping_status":"closed","template":"tpl-basic.php","meta":{"_acf_changed":false,"footnotes":""},"class_list":["post-3251","page","type-page","status-publish","has-post-thumbnail","hentry"],"acf":{"introduction":"","person":false},"yoast_head":"<!-- This site is optimized with the Yoast SEO Premium plugin v27.4 (Yoast SEO v27.4) - https:\/\/yoast.com\/product\/yoast-seo-premium-wordpress\/ -->\n<title>VETUS Filialer - VETUS<\/title>\n<meta name=\"robots\" content=\"index, follow, max-snippet:-1, max-image-preview:large, max-video-preview:-1\" \/>\n<link rel=\"canonical\" href=\"https:\/\/vetus.com\/da\/service-og-support\/vetus-filialer\/\" \/>\n<meta property=\"og:locale\" content=\"da_DK\" \/>\n<meta property=\"og:type\" content=\"article\" \/>\n<meta property=\"og:title\" content=\"VETUS Filialer\" \/>\n<meta property=\"og:description\" content=\"Kontakt dit oprindelige k\u00f8bssted, hvis du har sp\u00f8rgsm\u00e5l, serviceproblemer eller bekymringer.\" \/>\n<meta property=\"og:url\" content=\"https:\/\/vetus.com\/da\/service-og-support\/vetus-filialer\/\" \/>\n<meta property=\"og:site_name\" content=\"VETUS\" \/>\n<meta property=\"article:modified_time\" content=\"2022-11-29T08:21:14+00:00\" \/>\n<meta property=\"og:image\" content=\"https:\/\/vetus.com\/wp-content\/uploads\/featured-contact-service.png\" \/>\n\t<meta property=\"og:image:width\" content=\"1200\" \/>\n\t<meta property=\"og:image:height\" content=\"800\" \/>\n\t<meta property=\"og:image:type\" content=\"image\/png\" \/>\n<meta name=\"twitter:card\" content=\"summary_large_image\" \/>\n<script type=\"application\/ld+json\" class=\"yoast-schema-graph\">{\"@context\":\"https:\\\/\\\/schema.org\",\"@graph\":[{\"@type\":\"WebPage\",\"@id\":\"https:\\\/\\\/vetus.com\\\/da\\\/service-og-support\\\/vetus-filialer\\\/\",\"url\":\"https:\\\/\\\/vetus.com\\\/da\\\/service-og-support\\\/vetus-filialer\\\/\",\"name\":\"VETUS Filialer - VETUS\",\"isPartOf\":{\"@id\":\"https:\\\/\\\/vetus.com\\\/da\\\/#website\"},\"primaryImageOfPage\":{\"@id\":\"https:\\\/\\\/vetus.com\\\/da\\\/service-og-support\\\/vetus-filialer\\\/#primaryimage\"},\"image\":{\"@id\":\"https:\\\/\\\/vetus.com\\\/da\\\/service-og-support\\\/vetus-filialer\\\/#primaryimage\"},\"thumbnailUrl\":\"https:\\\/\\\/vetus.com\\\/wp-content\\\/uploads\\\/featured-contact-service.png\",\"datePublished\":\"2021-04-07T10:32:24+00:00\",\"dateModified\":\"2022-11-29T08:21:14+00:00\",\"breadcrumb\":{\"@id\":\"https:\\\/\\\/vetus.com\\\/da\\\/service-og-support\\\/vetus-filialer\\\/#breadcrumb\"},\"inLanguage\":\"da-DK\",\"potentialAction\":[{\"@type\":\"ReadAction\",\"target\":[\"https:\\\/\\\/vetus.com\\\/da\\\/service-og-support\\\/vetus-filialer\\\/\"]}]},{\"@type\":\"ImageObject\",\"inLanguage\":\"da-DK\",\"@id\":\"https:\\\/\\\/vetus.com\\\/da\\\/service-og-support\\\/vetus-filialer\\\/#primaryimage\",\"url\":\"https:\\\/\\\/vetus.com\\\/wp-content\\\/uploads\\\/featured-contact-service.png\",\"contentUrl\":\"https:\\\/\\\/vetus.com\\\/wp-content\\\/uploads\\\/featured-contact-service.png\",\"width\":1200,\"height\":800},{\"@type\":\"BreadcrumbList\",\"@id\":\"https:\\\/\\\/vetus.com\\\/da\\\/service-og-support\\\/vetus-filialer\\\/#breadcrumb\",\"itemListElement\":[{\"@type\":\"ListItem\",\"position\":1,\"name\":\"Home\",\"item\":\"https:\\\/\\\/vetus.com\\\/da\\\/\"},{\"@type\":\"ListItem\",\"position\":2,\"name\":\"Service og Support\",\"item\":\"https:\\\/\\\/vetus.com\\\/da\\\/service-og-support\\\/\"},{\"@type\":\"ListItem\",\"position\":3,\"name\":\"VETUS Filialer\"}]},{\"@type\":\"WebSite\",\"@id\":\"https:\\\/\\\/vetus.com\\\/da\\\/#website\",\"url\":\"https:\\\/\\\/vetus.com\\\/da\\\/\",\"name\":\"VETUS\",\"description\":\"\",\"potentialAction\":[{\"@type\":\"SearchAction\",\"target\":{\"@type\":\"EntryPoint\",\"urlTemplate\":\"https:\\\/\\\/vetus.com\\\/da\\\/?s={search_term_string}\"},\"query-input\":{\"@type\":\"PropertyValueSpecification\",\"valueRequired\":true,\"valueName\":\"search_term_string\"}}],\"inLanguage\":\"da-DK\"}]}<\/script>\n<!-- \/ Yoast SEO Premium plugin. -->","yoast_head_json":{"title":"VETUS Filialer - VETUS","robots":{"index":"index","follow":"follow","max-snippet":"max-snippet:-1","max-image-preview":"max-image-preview:large","max-video-preview":"max-video-preview:-1"},"canonical":"https:\/\/vetus.com\/da\/service-og-support\/vetus-filialer\/","og_locale":"da_DK","og_type":"article","og_title":"VETUS Filialer","og_description":"Kontakt dit oprindelige k\u00f8bssted, hvis du har sp\u00f8rgsm\u00e5l, serviceproblemer eller bekymringer.","og_url":"https:\/\/vetus.com\/da\/service-og-support\/vetus-filialer\/","og_site_name":"VETUS","article_modified_time":"2022-11-29T08:21:14+00:00","og_image":[{"width":1200,"height":800,"url":"https:\/\/vetus.com\/wp-content\/uploads\/featured-contact-service.png","type":"image\/png"}],"twitter_card":"summary_large_image","schema":{"@context":"https:\/\/schema.org","@graph":[{"@type":"WebPage","@id":"https:\/\/vetus.com\/da\/service-og-support\/vetus-filialer\/","url":"https:\/\/vetus.com\/da\/service-og-support\/vetus-filialer\/","name":"VETUS Filialer - VETUS","isPartOf":{"@id":"https:\/\/vetus.com\/da\/#website"},"primaryImageOfPage":{"@id":"https:\/\/vetus.com\/da\/service-og-support\/vetus-filialer\/#primaryimage"},"image":{"@id":"https:\/\/vetus.com\/da\/service-og-support\/vetus-filialer\/#primaryimage"},"thumbnailUrl":"https:\/\/vetus.com\/wp-content\/uploads\/featured-contact-service.png","datePublished":"2021-04-07T10:32:24+00:00","dateModified":"2022-11-29T08:21:14+00:00","breadcrumb":{"@id":"https:\/\/vetus.com\/da\/service-og-support\/vetus-filialer\/#breadcrumb"},"inLanguage":"da-DK","potentialAction":[{"@type":"ReadAction","target":["https:\/\/vetus.com\/da\/service-og-support\/vetus-filialer\/"]}]},{"@type":"ImageObject","inLanguage":"da-DK","@id":"https:\/\/vetus.com\/da\/service-og-support\/vetus-filialer\/#primaryimage","url":"https:\/\/vetus.com\/wp-content\/uploads\/featured-contact-service.png","contentUrl":"https:\/\/vetus.com\/wp-content\/uploads\/featured-contact-service.png","width":1200,"height":800},{"@type":"BreadcrumbList","@id":"https:\/\/vetus.com\/da\/service-og-support\/vetus-filialer\/#breadcrumb","itemListElement":[{"@type":"ListItem","position":1,"name":"Home","item":"https:\/\/vetus.com\/da\/"},{"@type":"ListItem","position":2,"name":"Service og Support","item":"https:\/\/vetus.com\/da\/service-og-support\/"},{"@type":"ListItem","position":3,"name":"VETUS Filialer"}]},{"@type":"WebSite","@id":"https:\/\/vetus.com\/da\/#website","url":"https:\/\/vetus.com\/da\/","name":"VETUS","description":"","potentialAction":[{"@type":"SearchAction","target":{"@type":"EntryPoint","urlTemplate":"https:\/\/vetus.com\/da\/?s={search_term_string}"},"query-input":{"@type":"PropertyValueSpecification","valueRequired":true,"valueName":"search_term_string"}}],"inLanguage":"da-DK"}]}},"_links":{"self":[{"href":"https:\/\/vetus.com\/da\/wp-json\/wp\/v2\/pages\/3251","targetHints":{"allow":["GET"]}}],"collection":[{"href":"https:\/\/vetus.com\/da\/wp-json\/wp\/v2\/pages"}],"about":[{"href":"https:\/\/vetus.com\/da\/wp-json\/wp\/v2\/types\/page"}],"author":[{"embeddable":true,"href":"https:\/\/vetus.com\/da\/wp-json\/wp\/v2\/users\/31"}],"replies":[{"embeddable":true,"href":"https:\/\/vetus.com\/da\/wp-json\/wp\/v2\/comments?post=3251"}],"version-history":[{"count":0,"href":"https:\/\/vetus.com\/da\/wp-json\/wp\/v2\/pages\/3251\/revisions"}],"up":[{"embeddable":true,"href":"https:\/\/vetus.com\/da\/wp-json\/wp\/v2\/pages\/3557"}],"wp:featuredmedia":[{"embeddable":true,"href":"https:\/\/vetus.com\/da\/wp-json\/wp\/v2\/media\/3252"}],"wp:attachment":[{"href":"https:\/\/vetus.com\/da\/wp-json\/wp\/v2\/media?parent=3251"}],"curies":[{"name":"wp","href":"https:\/\/api.w.org\/{rel}","templated":true}]}}