{"id":26915,"date":"2021-08-03T14:31:20","date_gmt":"2021-08-03T12:31:20","guid":{"rendered":"https:\/\/vetus.com\/?page_id=26915"},"modified":"2025-12-01T11:23:59","modified_gmt":"2025-12-01T09:23:59","slug":"uk-tax-strategy-statement","status":"publish","type":"page","link":"https:\/\/vetus.com\/da\/uk-tax-strategy-statement\/","title":{"rendered":"UK Tax Strategy Statement"},"content":{"rendered":"\n<section class=\"section  \">\n    \n\n<section id=\"section-text-block-block_c180fc2e326148d9b34df424a2987293\" class=\"section text-block \">\n                    <div class=\"section section__body\">\n            <div class=\"text-block\">\n                <div class=\"container\">\n                    <div class=\"row\">\n                        <div class=\"col-lg-8 offset-lg-2\">\n                                                            <div class=\"section__content single__content hentry\">\n                                    <p>Denne britiske skattestrategi g\u00e6lder for Vetus Limited, som er et britisk medlem af Yanmar-koncernen (&#8220;Yanmar&#8221;). Dens offentligg\u00f8relse anses for at v\u00e6re i overensstemmelse med del 2 i Schedule 19 i finansloven for 2016 for den periode, der slutter den 31. marts 2026.<\/p>\n<p>Yanmar, der begyndte i 1912, er en koncern med hoveds\u00e6de i Japan, som i 1933 var den f\u00f8rste nogensinde, der lykkedes med at fremstille en kompakt dieselmotor af praktisk st\u00f8rrelse. Med industrielle dieselmotorer som hj\u00f8rnesten i virksomheden har Yanmar fortsat med at udvide sit produktsortiment, sine tjenester og sin ekspertise for at levere totall\u00f8sninger som producent af industrielt udstyr. Som leverand\u00f8r af sm\u00e5 og store motorer, landbrugsmaskiner og -anl\u00e6g, byggeudstyr, energisystemer, skibsudstyr, v\u00e6rkt\u00f8jsmaskiner og komponenter &#8211; Yanmar&#8217;s globale forretningsaktiviteter sp\u00e6nder over syv omr\u00e5der.<\/p>\n<p><strong>Tilgang til overholdelse<\/strong><\/p>\n<p>Yanmar Global Code of Conduct understreger vigtigheden af at bevare interessenternes tillid ved at leve op til det sociale ansvar og overholde alle g\u00e6ldende love og regler. Dette ligger til grund for vores tilgang til britisk beskatning, som er fokuseret p\u00e5 at opfylde vores forpligtelser.<\/p>\n<p><strong>Styring og risikostyring p\u00e5 skatteomr\u00e5det<\/strong><\/p>\n<p>Rutinem\u00e6ssige aktiviteter vedr\u00f8rende overholdelse af skatteregler forvaltes lokalt. Aspekter af vores skatteforvaltning, som kr\u00e6ver mere koordinering (f.eks. udvikling og vedligeholdelse af vores politik for transfer pricing i overensstemmelse med OECD-principperne), overv\u00e5ges dog p\u00e5 koncernniveau.<\/p>\n<p>Skat forvaltes i overensstemmelse med vores lave risikovillighed p\u00e5 skatteomr\u00e5det, og vi styrer skatterisikoen ved at sikre, at der er tilstr\u00e6kkelige ressourcer til de britiske aktiviteter til overholdelse af skattereglerne. Det betyder, at de medarbejdere, der er involveret i aktiviteter vedr\u00f8rende overholdelse af skattekrav i Storbritannien, er tilstr\u00e6kkeligt uddannede og kvalificerede, og at vi i tilf\u00e6lde af outsourcing af s\u00e5danne aktiviteter kun anvender velrenommerede r\u00e5dgivere. Vi r\u00e5df\u00f8rer os ogs\u00e5 med r\u00e5dgivere for at sikre, at vi er ajour med \u00e6ndringer i skattelovgivningen og er i stand til at identificere og h\u00e5ndtere eventuelle risici i forbindelse hermed.<\/p>\n<p>Vores britiske skattestrategi er godkendt af Taxation Group, Accounting &amp; Administration Division of Yanmar Global Expert Co., Ltd. i Japan og anerkendt og implementeret af bestyrelserne i de britiske datterselskaber.<\/p>\n<p><strong>Planl\u00e6gning<\/strong><\/p>\n<p>P\u00e5 land, til s\u00f8s og i byen er Yanmar&#8217;s mission om at &#8220;levere b\u00e6redygtige l\u00f8sninger med fokus p\u00e5 de udfordringer, som kunderne st\u00e5r over for, inden for f\u00f8devareproduktion og udnyttelse af energi, og derved berige menneskers liv for alle vores morgendage&#8221;, et bevis p\u00e5 Yanmar&#8217;s beslutsomhed om at give os &#8220;EN B\u00c6REDYGTIG FREMTID&#8221;. Vi vil ikke deltage i nogen skatteplanl\u00e6gning, der underminerer vores forpligtelse til &#8220;EN B\u00c6REDYGTIG FREMTID&#8221;. Vi vil dog reagere p\u00e5 legitime incitamenter (s\u00e5som kapitalfradrag), hvor de er tilg\u00e6ngelige, for at styre vores skatteforpligtelser i overensstemmelse med lovgivningens form\u00e5l.<\/p>\n<p><strong>Forholdet til skattemyndighederne<\/strong><\/p>\n<p>Interaktionen med HMRC er generelt begr\u00e6nset til administrative foresp\u00f8rgsler for at sikre, at HMRC&#8217;s forventninger opfyldes. I tilf\u00e6lde af foresp\u00f8rgsler fra HMRC vil vi besvare disse p\u00e5 en samarbejdsvillig og \u00e5ben m\u00e5de.<\/p>\n                                <\/div>\n                            \n                                                    <\/div>\n                    <\/div>\n                <\/div>\n            <\/div>\n        <\/div>\n    <\/section><\/section>","protected":false},"excerpt":{"rendered":"<p>As standard we give 3 years warranty on equipment and 5 years warranty on engines.<\/p>\n","protected":false},"author":7,"featured_media":3398,"parent":0,"menu_order":171,"comment_status":"closed","ping_status":"closed","template":"tpl-basic.php","meta":{"_acf_changed":false,"footnotes":""},"class_list":["post-26915","page","type-page","status-publish","has-post-thumbnail","hentry"],"acf":{"introduction":"","person":false},"yoast_head":"<!-- This site is optimized with the Yoast SEO Premium plugin v27.4 (Yoast SEO v27.4) - https:\/\/yoast.com\/product\/yoast-seo-premium-wordpress\/ -->\n<title>UK Tax Strategy Statement - VETUS<\/title>\n<meta name=\"robots\" content=\"index, follow, max-snippet:-1, max-image-preview:large, max-video-preview:-1\" \/>\n<link rel=\"canonical\" href=\"https:\/\/vetus.com\/da\/uk-tax-strategy-statement\/\" \/>\n<meta property=\"og:locale\" content=\"da_DK\" \/>\n<meta property=\"og:type\" content=\"article\" \/>\n<meta property=\"og:title\" content=\"UK Tax Strategy Statement\" \/>\n<meta property=\"og:description\" content=\"As standard we give 3 years warranty on equipment and 5 years warranty on engines.\" \/>\n<meta property=\"og:url\" content=\"https:\/\/vetus.com\/da\/uk-tax-strategy-statement\/\" \/>\n<meta property=\"og:site_name\" content=\"VETUS\" \/>\n<meta property=\"article:modified_time\" content=\"2025-12-01T09:23:59+00:00\" \/>\n<meta property=\"og:image\" content=\"https:\/\/vetus.com\/wp-content\/uploads\/featured-warranty-3-5-years.png\" \/>\n\t<meta property=\"og:image:width\" content=\"1200\" \/>\n\t<meta property=\"og:image:height\" content=\"800\" \/>\n\t<meta property=\"og:image:type\" content=\"image\/png\" \/>\n<meta name=\"twitter:card\" content=\"summary_large_image\" \/>\n<meta name=\"twitter:label1\" content=\"Estimeret l\u00e6setid\" \/>\n\t<meta name=\"twitter:data1\" content=\"3 minutter\" \/>\n<script type=\"application\/ld+json\" class=\"yoast-schema-graph\">{\"@context\":\"https:\\\/\\\/schema.org\",\"@graph\":[{\"@type\":\"WebPage\",\"@id\":\"https:\\\/\\\/vetus.com\\\/da\\\/uk-tax-strategy-statement\\\/\",\"url\":\"https:\\\/\\\/vetus.com\\\/da\\\/uk-tax-strategy-statement\\\/\",\"name\":\"UK Tax Strategy Statement - VETUS\",\"isPartOf\":{\"@id\":\"https:\\\/\\\/vetus.com\\\/da\\\/#website\"},\"primaryImageOfPage\":{\"@id\":\"https:\\\/\\\/vetus.com\\\/da\\\/uk-tax-strategy-statement\\\/#primaryimage\"},\"image\":{\"@id\":\"https:\\\/\\\/vetus.com\\\/da\\\/uk-tax-strategy-statement\\\/#primaryimage\"},\"thumbnailUrl\":\"https:\\\/\\\/vetus.com\\\/wp-content\\\/uploads\\\/featured-warranty-3-5-years.png\",\"datePublished\":\"2021-08-03T12:31:20+00:00\",\"dateModified\":\"2025-12-01T09:23:59+00:00\",\"breadcrumb\":{\"@id\":\"https:\\\/\\\/vetus.com\\\/da\\\/uk-tax-strategy-statement\\\/#breadcrumb\"},\"inLanguage\":\"da-DK\",\"potentialAction\":[{\"@type\":\"ReadAction\",\"target\":[\"https:\\\/\\\/vetus.com\\\/da\\\/uk-tax-strategy-statement\\\/\"]}]},{\"@type\":\"ImageObject\",\"inLanguage\":\"da-DK\",\"@id\":\"https:\\\/\\\/vetus.com\\\/da\\\/uk-tax-strategy-statement\\\/#primaryimage\",\"url\":\"https:\\\/\\\/vetus.com\\\/wp-content\\\/uploads\\\/featured-warranty-3-5-years.png\",\"contentUrl\":\"https:\\\/\\\/vetus.com\\\/wp-content\\\/uploads\\\/featured-warranty-3-5-years.png\",\"width\":1200,\"height\":800},{\"@type\":\"BreadcrumbList\",\"@id\":\"https:\\\/\\\/vetus.com\\\/da\\\/uk-tax-strategy-statement\\\/#breadcrumb\",\"itemListElement\":[{\"@type\":\"ListItem\",\"position\":1,\"name\":\"Home\",\"item\":\"https:\\\/\\\/vetus.com\\\/da\\\/\"},{\"@type\":\"ListItem\",\"position\":2,\"name\":\"UK Tax Strategy Statement\"}]},{\"@type\":\"WebSite\",\"@id\":\"https:\\\/\\\/vetus.com\\\/da\\\/#website\",\"url\":\"https:\\\/\\\/vetus.com\\\/da\\\/\",\"name\":\"VETUS\",\"description\":\"\",\"potentialAction\":[{\"@type\":\"SearchAction\",\"target\":{\"@type\":\"EntryPoint\",\"urlTemplate\":\"https:\\\/\\\/vetus.com\\\/da\\\/?s={search_term_string}\"},\"query-input\":{\"@type\":\"PropertyValueSpecification\",\"valueRequired\":true,\"valueName\":\"search_term_string\"}}],\"inLanguage\":\"da-DK\"}]}<\/script>\n<!-- \/ Yoast SEO Premium plugin. -->","yoast_head_json":{"title":"UK Tax Strategy Statement - VETUS","robots":{"index":"index","follow":"follow","max-snippet":"max-snippet:-1","max-image-preview":"max-image-preview:large","max-video-preview":"max-video-preview:-1"},"canonical":"https:\/\/vetus.com\/da\/uk-tax-strategy-statement\/","og_locale":"da_DK","og_type":"article","og_title":"UK Tax Strategy Statement","og_description":"As standard we give 3 years warranty on equipment and 5 years warranty on engines.","og_url":"https:\/\/vetus.com\/da\/uk-tax-strategy-statement\/","og_site_name":"VETUS","article_modified_time":"2025-12-01T09:23:59+00:00","og_image":[{"width":1200,"height":800,"url":"https:\/\/vetus.com\/wp-content\/uploads\/featured-warranty-3-5-years.png","type":"image\/png"}],"twitter_card":"summary_large_image","twitter_misc":{"Estimeret l\u00e6setid":"3 minutter"},"schema":{"@context":"https:\/\/schema.org","@graph":[{"@type":"WebPage","@id":"https:\/\/vetus.com\/da\/uk-tax-strategy-statement\/","url":"https:\/\/vetus.com\/da\/uk-tax-strategy-statement\/","name":"UK Tax Strategy Statement - VETUS","isPartOf":{"@id":"https:\/\/vetus.com\/da\/#website"},"primaryImageOfPage":{"@id":"https:\/\/vetus.com\/da\/uk-tax-strategy-statement\/#primaryimage"},"image":{"@id":"https:\/\/vetus.com\/da\/uk-tax-strategy-statement\/#primaryimage"},"thumbnailUrl":"https:\/\/vetus.com\/wp-content\/uploads\/featured-warranty-3-5-years.png","datePublished":"2021-08-03T12:31:20+00:00","dateModified":"2025-12-01T09:23:59+00:00","breadcrumb":{"@id":"https:\/\/vetus.com\/da\/uk-tax-strategy-statement\/#breadcrumb"},"inLanguage":"da-DK","potentialAction":[{"@type":"ReadAction","target":["https:\/\/vetus.com\/da\/uk-tax-strategy-statement\/"]}]},{"@type":"ImageObject","inLanguage":"da-DK","@id":"https:\/\/vetus.com\/da\/uk-tax-strategy-statement\/#primaryimage","url":"https:\/\/vetus.com\/wp-content\/uploads\/featured-warranty-3-5-years.png","contentUrl":"https:\/\/vetus.com\/wp-content\/uploads\/featured-warranty-3-5-years.png","width":1200,"height":800},{"@type":"BreadcrumbList","@id":"https:\/\/vetus.com\/da\/uk-tax-strategy-statement\/#breadcrumb","itemListElement":[{"@type":"ListItem","position":1,"name":"Home","item":"https:\/\/vetus.com\/da\/"},{"@type":"ListItem","position":2,"name":"UK Tax Strategy Statement"}]},{"@type":"WebSite","@id":"https:\/\/vetus.com\/da\/#website","url":"https:\/\/vetus.com\/da\/","name":"VETUS","description":"","potentialAction":[{"@type":"SearchAction","target":{"@type":"EntryPoint","urlTemplate":"https:\/\/vetus.com\/da\/?s={search_term_string}"},"query-input":{"@type":"PropertyValueSpecification","valueRequired":true,"valueName":"search_term_string"}}],"inLanguage":"da-DK"}]}},"_links":{"self":[{"href":"https:\/\/vetus.com\/da\/wp-json\/wp\/v2\/pages\/26915","targetHints":{"allow":["GET"]}}],"collection":[{"href":"https:\/\/vetus.com\/da\/wp-json\/wp\/v2\/pages"}],"about":[{"href":"https:\/\/vetus.com\/da\/wp-json\/wp\/v2\/types\/page"}],"author":[{"embeddable":true,"href":"https:\/\/vetus.com\/da\/wp-json\/wp\/v2\/users\/7"}],"replies":[{"embeddable":true,"href":"https:\/\/vetus.com\/da\/wp-json\/wp\/v2\/comments?post=26915"}],"version-history":[{"count":3,"href":"https:\/\/vetus.com\/da\/wp-json\/wp\/v2\/pages\/26915\/revisions"}],"predecessor-version":[{"id":117801,"href":"https:\/\/vetus.com\/da\/wp-json\/wp\/v2\/pages\/26915\/revisions\/117801"}],"wp:featuredmedia":[{"embeddable":true,"href":"https:\/\/vetus.com\/da\/wp-json\/wp\/v2\/media\/3398"}],"wp:attachment":[{"href":"https:\/\/vetus.com\/da\/wp-json\/wp\/v2\/media?parent=26915"}],"curies":[{"name":"wp","href":"https:\/\/api.w.org\/{rel}","templated":true}]}}