{"id":125628,"date":"2026-04-13T14:21:43","date_gmt":"2026-04-13T12:21:43","guid":{"rendered":"https:\/\/vetus.com\/vetus-campaigns\/trouble-free-boating-guide\/"},"modified":"2026-05-07T10:53:35","modified_gmt":"2026-05-07T08:53:35","slug":"problemfri-sejlads-guide","status":"publish","type":"page","link":"https:\/\/vetus.com\/da\/vetus-campaigns\/problemfri-sejlads-guide\/","title":{"rendered":"Guide til problemfri sejlads"},"content":{"rendered":"\n<section class=\"section  \">\n    \n\n<section id=\"section-text-block-block_6b9f0f968f78465cfea7c65822532b22\" class=\"section text-block \">\n                    <div class=\"section section__body\">\n            <div class=\"text-block\">\n                <div class=\"container\">\n                    <div class=\"row\">\n                        <div class=\"col-lg-8 offset-lg-2\">\n                                                            <div class=\"section__content single__content hentry\">\n                                    <p>Efter flere m\u00e5neders vinteropbevaring er s\u00e6sonens f\u00f8rste tur noget, som enhver b\u00e5dejer ser frem til. Samtidig er det ofte her, at sm\u00e5 tekniske problemer i systemerne ombord bliver tydelige.<\/p>\n<p>De fleste af disse problemer er ikke st\u00f8rre fejl, men resultatet af mindre ineffektivitet, der er opst\u00e5et i l\u00f8bet af vinteren. Med den rette forberedelse kan de identificeres tidligt og l\u00f8ses, inden de p\u00e5virker din tid p\u00e5 vandet.<\/p>\n                                <\/div>\n                            \n                                                    <\/div>\n                    <\/div>\n                <\/div>\n            <\/div>\n        <\/div>\n    <\/section>\n\n<section id=\"section-text-block-block_6b9f0f968f78465cfea7c65822532b22\" class=\"section text-block \">\n                    <div class=\"section section__body\">\n            <div class=\"text-block\">\n                <div class=\"container\">\n                    <div class=\"row\">\n                        <div class=\"col-lg-8 offset-lg-2\">\n                                                            <div class=\"section__content single__content hentry\">\n                                    <h3>G\u00f8r din b\u00e5d klar til s\u00e6sonen<\/h3>\n<p>&#8216;Trouble Free Boating Guide&#8217; viser dig, hvordan du identificerer og l\u00f8ser de mest almindelige tekniske problemer, der opst\u00e5r efter vinteropbevaring. Den fungerer som en praktisk klarg\u00f8ringsvejledning, der hj\u00e6lper dig med at forst\u00e5, hvordan systemerne ombord fungerer, og hvad du skal tjekke f\u00f8r den f\u00f8rste tur.<\/p>\n<p>Med klar indsigt og strukturerede trin hj\u00e6lper den dig med at forberede din b\u00e5d effektivt og undg\u00e5 almindelige problemer i starten af sejls\u00e6sonen.<\/p>\n                                <\/div>\n                            \n                                                            <div class=\"section__actions text-block__actions actions\">\n                                    <div class=\"btn-group d-flex flex-wrap justify-content-center\">\n                                                                                    <a href=\"https:\/\/vetus.com\/da\/sejlerguide-2026\/\" class=\"btn btn-secondary\" title=\"\" target=\"_blank\">\n                                                <span>Download guiden<\/span>\n                                            <\/a>\n                                        \n                                                                            <\/div>\n                                <\/div>\n                                                    <\/div>\n                    <\/div>\n                <\/div>\n            <\/div>\n        <\/div>\n    <\/section><\/section>\n\n<section class=\"section section--colored bg-light content-blocks bg-light   \">\n    <section id=\"section-gallery-block_5c90d00f1c3af213e1905efcaf4120c2\" class=\"section gallery \">\n                <div class=\"section__body gallery__body\">\n            <div class=\"container\">\n                <div class=\"row row--col-margin-medium justify-content-center\">\n                                            <div class=\"col-8 col-sm-4 offset-sm-0\">\n                            <div class=\"gallery__media media media--clipped ratio\">\n                                <div class=\"media__wrapper\">\n                                    <img decoding=\"async\" width=\"690\" height=\"920\" src=\"https:\/\/vetus.com\/wp-content\/uploads\/IMG_4241-690x920.jpeg\" class=\"media__src img-fit\" alt=\"Boating Guide\" srcset=\"https:\/\/vetus.com\/wp-content\/uploads\/IMG_4241-690x920.jpeg 690w, https:\/\/vetus.com\/wp-content\/uploads\/IMG_4241-225x300.jpeg 225w, https:\/\/vetus.com\/wp-content\/uploads\/IMG_4241-768x1024.jpeg 768w, https:\/\/vetus.com\/wp-content\/uploads\/IMG_4241-210x280.jpeg 210w, https:\/\/vetus.com\/wp-content\/uploads\/IMG_4241-330x440.jpeg 330w, https:\/\/vetus.com\/wp-content\/uploads\/IMG_4241-431x575.jpeg 431w, https:\/\/vetus.com\/wp-content\/uploads\/IMG_4241-507x676.jpeg 507w, https:\/\/vetus.com\/wp-content\/uploads\/IMG_4241-530x707.jpeg 530w, https:\/\/vetus.com\/wp-content\/uploads\/IMG_4241-930x1240.jpeg 930w, https:\/\/vetus.com\/wp-content\/uploads\/IMG_4241-1170x1560.jpeg 1170w, https:\/\/vetus.com\/wp-content\/uploads\/IMG_4241-scaled.jpeg 1920w\" sizes=\"auto, (max-width: 575.98px) 431px, (max-width: 767.98px) 530px, (max-width: 991.98px) 330px, (max-width: 1279.98px) 431px, (max-width: 1899.98px) 530px, 690px\" loading=\"lazy\" \/>                                <\/div>\n                            <\/div>\n                        <\/div>\n                                            <div class=\"col-8 col-sm-4 offset-sm-0\">\n                            <div class=\"gallery__media media media--clipped ratio\">\n                                <div class=\"media__wrapper\">\n                                    <img decoding=\"async\" width=\"690\" height=\"461\" src=\"https:\/\/vetus.com\/wp-content\/uploads\/shutterstock_2522088229-690x461.jpg\" class=\"media__src img-fit\" alt=\"Boating Guide\" srcset=\"https:\/\/vetus.com\/wp-content\/uploads\/shutterstock_2522088229-690x461.jpg 690w, https:\/\/vetus.com\/wp-content\/uploads\/shutterstock_2522088229-300x200.jpg 300w, https:\/\/vetus.com\/wp-content\/uploads\/shutterstock_2522088229-768x513.jpg 768w, https:\/\/vetus.com\/wp-content\/uploads\/shutterstock_2522088229-210x140.jpg 210w, https:\/\/vetus.com\/wp-content\/uploads\/shutterstock_2522088229-330x220.jpg 330w, https:\/\/vetus.com\/wp-content\/uploads\/shutterstock_2522088229-431x288.jpg 431w, https:\/\/vetus.com\/wp-content\/uploads\/shutterstock_2522088229-507x338.jpg 507w, https:\/\/vetus.com\/wp-content\/uploads\/shutterstock_2522088229-530x354.jpg 530w, https:\/\/vetus.com\/wp-content\/uploads\/shutterstock_2522088229-930x621.jpg 930w, https:\/\/vetus.com\/wp-content\/uploads\/shutterstock_2522088229-1170x781.jpg 1170w\" sizes=\"auto, (max-width: 575.98px) 431px, (max-width: 767.98px) 530px, (max-width: 991.98px) 330px, (max-width: 1279.98px) 431px, (max-width: 1899.98px) 530px, 690px\" loading=\"lazy\" \/>                                <\/div>\n                            <\/div>\n                        <\/div>\n                                            <div class=\"col-8 col-sm-4 offset-sm-0\">\n                            <div class=\"gallery__media media media--clipped ratio\">\n                                <div class=\"media__wrapper\">\n                                    <img decoding=\"async\" width=\"690\" height=\"461\" src=\"https:\/\/vetus.com\/wp-content\/uploads\/shutterstock_214631551-690x461.jpg\" class=\"media__src img-fit\" alt=\"\" srcset=\"https:\/\/vetus.com\/wp-content\/uploads\/shutterstock_214631551-690x461.jpg 690w, https:\/\/vetus.com\/wp-content\/uploads\/shutterstock_214631551-300x200.jpg 300w, https:\/\/vetus.com\/wp-content\/uploads\/shutterstock_214631551-768x513.jpg 768w, https:\/\/vetus.com\/wp-content\/uploads\/shutterstock_214631551-210x140.jpg 210w, https:\/\/vetus.com\/wp-content\/uploads\/shutterstock_214631551-330x220.jpg 330w, https:\/\/vetus.com\/wp-content\/uploads\/shutterstock_214631551-431x288.jpg 431w, https:\/\/vetus.com\/wp-content\/uploads\/shutterstock_214631551-507x338.jpg 507w, https:\/\/vetus.com\/wp-content\/uploads\/shutterstock_214631551-530x354.jpg 530w, https:\/\/vetus.com\/wp-content\/uploads\/shutterstock_214631551-930x621.jpg 930w, https:\/\/vetus.com\/wp-content\/uploads\/shutterstock_214631551-1170x781.jpg 1170w\" sizes=\"auto, (max-width: 575.98px) 431px, (max-width: 767.98px) 530px, (max-width: 991.98px) 330px, (max-width: 1279.98px) 431px, (max-width: 1899.98px) 530px, 690px\" loading=\"lazy\" \/>                                <\/div>\n                            <\/div>\n                        <\/div>\n                                    <\/div>\n            <\/div>\n        <\/div>\n    <\/section><\/section>\n\n\n<section class=\"section  \">\n    \n\n<section id=\"section-text-block-block_c4e857f273472e8bb577be50cc8166fd\" class=\"section text-block \">\n                    <div class=\"section section__body\">\n            <div class=\"text-block\">\n                <div class=\"container\">\n                    <div class=\"row\">\n                        <div class=\"col-lg-8 offset-lg-2\">\n                                                            <div class=\"section__content single__content hentry\">\n                                    <h3>En praktisk guide baseret p\u00e5 reelle systemer ombord<\/h3>\n<p>I mods\u00e6tning til generiske tjeklister forklarer denne guide, hvordan din b\u00e5d rent faktisk fungerer, og hj\u00e6lper dig med at forst\u00e5 \u00e5rsagen til problemet i stedet for kun symptomerne.<\/p>\n<p>Med ekspertise inden for alle systemer ombord, herunder fremdrift, br\u00e6ndstof, k\u00f8ling, el, sanitet og ankersystemer, forst\u00e5r VETUS, hvordan disse systemer interagerer i en komplet installation. Dette g\u00f8r det muligt at identificere problemer mere pr\u00e6cist og levere praktiske, p\u00e5lidelige l\u00f8sninger.<\/p>\n<p>Med klare diagnoser, praktiske l\u00f8sninger og forebyggende tips kan du hurtigt identificere, hvad der kr\u00e6ver opm\u00e6rksomhed, og undg\u00e5 un\u00f8dvendig fejlfinding.<\/p>\n                                <\/div>\n                            \n                                                    <\/div>\n                    <\/div>\n                <\/div>\n            <\/div>\n        <\/div>\n    <\/section>\n<section id=\"content-block-1-block_c4e857f273472e8bb577be50cc8166fd\" class=\"section content-block content-block--image \">\n    <div class=\"container\">\n        <div class=\"row d-flex align-items-center flex-md-row-reverse\">\n\n            <div class=\"col-md-6 col-lg-7 offset-lg-1\">\n                                    <div class=\"content-block__visuals\">\n                        <div class=\"content-block__media media--clipped media ratio\">\n                            <div class=\"media__wrapper\">\n                                <img decoding=\"async\" width=\"690\" height=\"516\" src=\"https:\/\/vetus.com\/wp-content\/uploads\/shutterstock_2376234853_3-690x516.png\" class=\"media__source img-fit\" alt=\"\" srcset=\"https:\/\/vetus.com\/wp-content\/uploads\/shutterstock_2376234853_3-690x516.png 690w, https:\/\/vetus.com\/wp-content\/uploads\/shutterstock_2376234853_3-300x225.png 300w, https:\/\/vetus.com\/wp-content\/uploads\/shutterstock_2376234853_3-768x575.png 768w, https:\/\/vetus.com\/wp-content\/uploads\/shutterstock_2376234853_3-210x157.png 210w, https:\/\/vetus.com\/wp-content\/uploads\/shutterstock_2376234853_3-330x247.png 330w, https:\/\/vetus.com\/wp-content\/uploads\/shutterstock_2376234853_3-431x323.png 431w, https:\/\/vetus.com\/wp-content\/uploads\/shutterstock_2376234853_3-507x379.png 507w, https:\/\/vetus.com\/wp-content\/uploads\/shutterstock_2376234853_3-530x397.png 530w, https:\/\/vetus.com\/wp-content\/uploads\/shutterstock_2376234853_3-930x696.png 930w, https:\/\/vetus.com\/wp-content\/uploads\/shutterstock_2376234853_3-1170x876.png 1170w\" sizes=\"auto, (max-width: 575.98px) 431px, (max-width: 767.98px) 530px, (max-width: 991.98px) 330px, (max-width: 1279.98px) 530px, (max-width: 1899.98px) 690px, 930px\" loading=\"lazy\" \/>                            <\/div>\n                        <\/div>\n                    <\/div>\n                            <\/div>\n\n            <div class=\"col-md-6 col-lg-4\">\n                <div class=\"content-block__body\">\n                    \n                    \n                                            <h3>Hvad du vil l\u00e6re<\/h3>\n<ul>\n<li>Hvorfor motorer ikke starter efter vinteropbevaring<\/li>\n<li>S\u00e5dan forebygger du overophedning og k\u00f8leproblemer<\/li>\n<li>Hvad der for\u00e5rsager vand i k\u00f8lsvinet<\/li>\n<li>S\u00e5dan identificerer du problemer med det elektriske system<\/li>\n<li>Hvor br\u00e6ndstoflugt og l\u00e6kager kommer fra<\/li>\n<li>S\u00e5dan undg\u00e5r du ubehagelige lugte om l\u00e6<\/li>\n<li>Hvad der for\u00e5rsager vibrationer i fremdriftssystemet<\/li>\n<li>S\u00e5dan diagnosticerer du udst\u00f8dningsr\u00f8g<\/li>\n<li>Hvorfor ankersystemer svigter under belastning<\/li>\n<li>Hvad der for\u00e5rsager tab af ydeevne, og hvorn\u00e5r man b\u00f8r overveje at udskifte motoren<\/li>\n<\/ul>\n                    \t\t\t\t\t\n                                    <\/div>\n            <\/div>\n        <\/div>\n    <\/div>\n<\/section>\n\n<section id=\"section-text-block-block_c4e857f273472e8bb577be50cc8166fd\" class=\"section text-block \">\n                    <div class=\"section section__body\">\n            <div class=\"text-block\">\n                <div class=\"container\">\n                    <div class=\"row\">\n                        <div class=\"col-lg-8 offset-lg-2\">\n                                                            <div class=\"section__content single__content hentry\">\n                                    <h5 style=\"text-align: center;\">N\u00e5r dine systemer ombord er ordentligt klargjort, kan du fokusere p\u00e5 det, der virkelig betyder noget: at nyde din tid p\u00e5 vandet.<\/h5>\n<h5 style=\"text-align: center;\">F\u00e5 \u00f8jeblikkelig adgang til &#8216;Trouble Free Boating Guide&#8217;, og s\u00f8rg for, at din b\u00e5d er klar inden din f\u00f8rste tur.<\/h5>\n                                <\/div>\n                            \n                                                            <div class=\"section__actions text-block__actions actions\">\n                                    <div class=\"btn-group d-flex flex-wrap justify-content-center\">\n                                                                                    <a href=\"https:\/\/vetus.com\/da\/sejlerguide-2026\/\" class=\"btn btn-primary\" title=\"\" target=\"_blank\">\n                                                <span>Download din guide<\/span>\n                                            <\/a>\n                                        \n                                                                            <\/div>\n                                <\/div>\n                                                    <\/div>\n                    <\/div>\n                <\/div>\n            <\/div>\n        <\/div>\n    <\/section><\/section>","protected":false},"excerpt":{"rendered":"","protected":false},"author":25,"featured_media":125392,"parent":32266,"menu_order":0,"comment_status":"closed","ping_status":"closed","template":"tpl-video.php","meta":{"_acf_changed":false,"footnotes":""},"class_list":["post-125628","page","type-page","status-publish","has-post-thumbnail","hentry"],"acf":{"person":false,"subtitle":"Download guiden \u201cProblemfri sejlads\u201d, og g\u00f8r dine systemer om bord klar til s\u00e6sonen.","title":"Start b\u00e5ds\u00e6sonen godt forberedt.","intro":"","video_type":"File","video":"https:\/\/vetus.com\/wp-content\/uploads\/download.mp4","background_image":false,"button":{"title":"Download guiden","url":"https:\/\/vetus.com\/da\/sejlerguide-2026\/","target":"_blank"},"button_secondary":""},"yoast_head":"<!-- This site is optimized with the Yoast SEO Premium plugin v27.6 (Yoast SEO v27.6) - https:\/\/yoast.com\/product\/yoast-seo-premium-wordpress\/ -->\n<title>G\u00f8r din b\u00e5d klar til s\u00e6sonen.<\/title>\n<meta name=\"description\" content=\"Guiden Problemfri sejlads viser dig, hvordan du identificerer og l\u00f8ser de mest almindelige tekniske problemer, der opst\u00e5r efter vintero...\" \/>\n<meta name=\"robots\" content=\"index, follow, max-snippet:-1, max-image-preview:large, max-video-preview:-1\" \/>\n<link rel=\"canonical\" href=\"https:\/\/vetus.com\/da\/vetus-campaigns\/problemfri-sejlads-guide\/\" \/>\n<meta property=\"og:locale\" content=\"da_DK\" \/>\n<meta property=\"og:type\" content=\"article\" \/>\n<meta property=\"og:title\" content=\"Guide til problemfri sejlads\" \/>\n<meta property=\"og:description\" content=\"Guiden Problemfri sejlads viser dig, hvordan du identificerer og l\u00f8ser de mest almindelige tekniske problemer, der opst\u00e5r efter vintero...\" \/>\n<meta property=\"og:url\" content=\"https:\/\/vetus.com\/da\/vetus-campaigns\/problemfri-sejlads-guide\/\" \/>\n<meta property=\"og:site_name\" content=\"VETUS\" \/>\n<meta property=\"article:modified_time\" content=\"2026-05-07T08:53:35+00:00\" \/>\n<meta property=\"og:image\" content=\"https:\/\/vetus.com\/wp-content\/uploads\/Boating-guide-2026.png\" \/>\n\t<meta property=\"og:image:width\" content=\"936\" \/>\n\t<meta property=\"og:image:height\" content=\"500\" \/>\n\t<meta property=\"og:image:type\" content=\"image\/png\" \/>\n<meta name=\"twitter:card\" content=\"summary_large_image\" \/>\n<meta name=\"twitter:label1\" content=\"Estimeret l\u00e6setid\" \/>\n\t<meta name=\"twitter:data1\" content=\"3 minutter\" \/>\n<script type=\"application\/ld+json\" class=\"yoast-schema-graph\">{\"@context\":\"https:\\\/\\\/schema.org\",\"@graph\":[{\"@type\":\"WebPage\",\"@id\":\"https:\\\/\\\/vetus.com\\\/da\\\/vetus-campaigns\\\/problemfri-sejlads-guide\\\/\",\"url\":\"https:\\\/\\\/vetus.com\\\/da\\\/vetus-campaigns\\\/problemfri-sejlads-guide\\\/\",\"name\":\"G\u00f8r din b\u00e5d klar til s\u00e6sonen.\",\"isPartOf\":{\"@id\":\"https:\\\/\\\/vetus.com\\\/da\\\/#website\"},\"primaryImageOfPage\":{\"@id\":\"https:\\\/\\\/vetus.com\\\/da\\\/vetus-campaigns\\\/problemfri-sejlads-guide\\\/#primaryimage\"},\"image\":{\"@id\":\"https:\\\/\\\/vetus.com\\\/da\\\/vetus-campaigns\\\/problemfri-sejlads-guide\\\/#primaryimage\"},\"thumbnailUrl\":\"https:\\\/\\\/vetus.com\\\/wp-content\\\/uploads\\\/Boating-guide-2026.png\",\"datePublished\":\"2026-04-13T12:21:43+00:00\",\"dateModified\":\"2026-05-07T08:53:35+00:00\",\"description\":\"Guiden Problemfri sejlads viser dig, hvordan du identificerer og l\u00f8ser de mest almindelige tekniske problemer, der opst\u00e5r efter vintero...\",\"breadcrumb\":{\"@id\":\"https:\\\/\\\/vetus.com\\\/da\\\/vetus-campaigns\\\/problemfri-sejlads-guide\\\/#breadcrumb\"},\"inLanguage\":\"da-DK\",\"potentialAction\":[{\"@type\":\"ReadAction\",\"target\":[\"https:\\\/\\\/vetus.com\\\/da\\\/vetus-campaigns\\\/problemfri-sejlads-guide\\\/\"]}]},{\"@type\":\"ImageObject\",\"inLanguage\":\"da-DK\",\"@id\":\"https:\\\/\\\/vetus.com\\\/da\\\/vetus-campaigns\\\/problemfri-sejlads-guide\\\/#primaryimage\",\"url\":\"https:\\\/\\\/vetus.com\\\/wp-content\\\/uploads\\\/Boating-guide-2026.png\",\"contentUrl\":\"https:\\\/\\\/vetus.com\\\/wp-content\\\/uploads\\\/Boating-guide-2026.png\",\"width\":936,\"height\":500},{\"@type\":\"BreadcrumbList\",\"@id\":\"https:\\\/\\\/vetus.com\\\/da\\\/vetus-campaigns\\\/problemfri-sejlads-guide\\\/#breadcrumb\",\"itemListElement\":[{\"@type\":\"ListItem\",\"position\":1,\"name\":\"Home\",\"item\":\"https:\\\/\\\/vetus.com\\\/da\\\/\"},{\"@type\":\"ListItem\",\"position\":2,\"name\":\"VETUS Campaigns\",\"item\":\"https:\\\/\\\/vetus.com\\\/da\\\/vetus-campaigns\\\/\"},{\"@type\":\"ListItem\",\"position\":3,\"name\":\"Guide til problemfri sejlads\"}]},{\"@type\":\"WebSite\",\"@id\":\"https:\\\/\\\/vetus.com\\\/da\\\/#website\",\"url\":\"https:\\\/\\\/vetus.com\\\/da\\\/\",\"name\":\"VETUS\",\"description\":\"\",\"potentialAction\":[{\"@type\":\"SearchAction\",\"target\":{\"@type\":\"EntryPoint\",\"urlTemplate\":\"https:\\\/\\\/vetus.com\\\/da\\\/?s={search_term_string}\"},\"query-input\":{\"@type\":\"PropertyValueSpecification\",\"valueRequired\":true,\"valueName\":\"search_term_string\"}}],\"inLanguage\":\"da-DK\"}]}<\/script>\n<!-- \/ Yoast SEO Premium plugin. -->","yoast_head_json":{"title":"G\u00f8r din b\u00e5d klar til s\u00e6sonen.","description":"Guiden Problemfri sejlads viser dig, hvordan du identificerer og l\u00f8ser de mest almindelige tekniske problemer, der opst\u00e5r efter vintero...","robots":{"index":"index","follow":"follow","max-snippet":"max-snippet:-1","max-image-preview":"max-image-preview:large","max-video-preview":"max-video-preview:-1"},"canonical":"https:\/\/vetus.com\/da\/vetus-campaigns\/problemfri-sejlads-guide\/","og_locale":"da_DK","og_type":"article","og_title":"Guide til problemfri sejlads","og_description":"Guiden Problemfri sejlads viser dig, hvordan du identificerer og l\u00f8ser de mest almindelige tekniske problemer, der opst\u00e5r efter vintero...","og_url":"https:\/\/vetus.com\/da\/vetus-campaigns\/problemfri-sejlads-guide\/","og_site_name":"VETUS","article_modified_time":"2026-05-07T08:53:35+00:00","og_image":[{"width":936,"height":500,"url":"https:\/\/vetus.com\/wp-content\/uploads\/Boating-guide-2026.png","type":"image\/png"}],"twitter_card":"summary_large_image","twitter_misc":{"Estimeret l\u00e6setid":"3 minutter"},"schema":{"@context":"https:\/\/schema.org","@graph":[{"@type":"WebPage","@id":"https:\/\/vetus.com\/da\/vetus-campaigns\/problemfri-sejlads-guide\/","url":"https:\/\/vetus.com\/da\/vetus-campaigns\/problemfri-sejlads-guide\/","name":"G\u00f8r din b\u00e5d klar til s\u00e6sonen.","isPartOf":{"@id":"https:\/\/vetus.com\/da\/#website"},"primaryImageOfPage":{"@id":"https:\/\/vetus.com\/da\/vetus-campaigns\/problemfri-sejlads-guide\/#primaryimage"},"image":{"@id":"https:\/\/vetus.com\/da\/vetus-campaigns\/problemfri-sejlads-guide\/#primaryimage"},"thumbnailUrl":"https:\/\/vetus.com\/wp-content\/uploads\/Boating-guide-2026.png","datePublished":"2026-04-13T12:21:43+00:00","dateModified":"2026-05-07T08:53:35+00:00","description":"Guiden Problemfri sejlads viser dig, hvordan du identificerer og l\u00f8ser de mest almindelige tekniske problemer, der opst\u00e5r efter vintero...","breadcrumb":{"@id":"https:\/\/vetus.com\/da\/vetus-campaigns\/problemfri-sejlads-guide\/#breadcrumb"},"inLanguage":"da-DK","potentialAction":[{"@type":"ReadAction","target":["https:\/\/vetus.com\/da\/vetus-campaigns\/problemfri-sejlads-guide\/"]}]},{"@type":"ImageObject","inLanguage":"da-DK","@id":"https:\/\/vetus.com\/da\/vetus-campaigns\/problemfri-sejlads-guide\/#primaryimage","url":"https:\/\/vetus.com\/wp-content\/uploads\/Boating-guide-2026.png","contentUrl":"https:\/\/vetus.com\/wp-content\/uploads\/Boating-guide-2026.png","width":936,"height":500},{"@type":"BreadcrumbList","@id":"https:\/\/vetus.com\/da\/vetus-campaigns\/problemfri-sejlads-guide\/#breadcrumb","itemListElement":[{"@type":"ListItem","position":1,"name":"Home","item":"https:\/\/vetus.com\/da\/"},{"@type":"ListItem","position":2,"name":"VETUS Campaigns","item":"https:\/\/vetus.com\/da\/vetus-campaigns\/"},{"@type":"ListItem","position":3,"name":"Guide til problemfri sejlads"}]},{"@type":"WebSite","@id":"https:\/\/vetus.com\/da\/#website","url":"https:\/\/vetus.com\/da\/","name":"VETUS","description":"","potentialAction":[{"@type":"SearchAction","target":{"@type":"EntryPoint","urlTemplate":"https:\/\/vetus.com\/da\/?s={search_term_string}"},"query-input":{"@type":"PropertyValueSpecification","valueRequired":true,"valueName":"search_term_string"}}],"inLanguage":"da-DK"}]}},"_links":{"self":[{"href":"https:\/\/vetus.com\/da\/wp-json\/wp\/v2\/pages\/125628","targetHints":{"allow":["GET"]}}],"collection":[{"href":"https:\/\/vetus.com\/da\/wp-json\/wp\/v2\/pages"}],"about":[{"href":"https:\/\/vetus.com\/da\/wp-json\/wp\/v2\/types\/page"}],"author":[{"embeddable":true,"href":"https:\/\/vetus.com\/da\/wp-json\/wp\/v2\/users\/25"}],"replies":[{"embeddable":true,"href":"https:\/\/vetus.com\/da\/wp-json\/wp\/v2\/comments?post=125628"}],"version-history":[{"count":2,"href":"https:\/\/vetus.com\/da\/wp-json\/wp\/v2\/pages\/125628\/revisions"}],"predecessor-version":[{"id":125705,"href":"https:\/\/vetus.com\/da\/wp-json\/wp\/v2\/pages\/125628\/revisions\/125705"}],"up":[{"embeddable":true,"href":"https:\/\/vetus.com\/da\/wp-json\/wp\/v2\/pages\/32266"}],"wp:featuredmedia":[{"embeddable":true,"href":"https:\/\/vetus.com\/da\/wp-json\/wp\/v2\/media\/125392"}],"wp:attachment":[{"href":"https:\/\/vetus.com\/da\/wp-json\/wp\/v2\/media?parent=125628"}],"curies":[{"name":"wp","href":"https:\/\/api.w.org\/{rel}","templated":true}]}}