{"id":123895,"date":"2026-03-16T13:54:47","date_gmt":"2026-03-16T11:54:47","guid":{"rendered":"https:\/\/vetus.com\/?page_id=123895"},"modified":"2026-03-18T14:43:02","modified_gmt":"2026-03-18T12:43:02","slug":"udforsk-vetus-virtual-boat-show","status":"publish","type":"page","link":"https:\/\/vetus.com\/da\/blog\/udforsk-vetus-virtual-boat-show\/","title":{"rendered":"Udforsk VETUS Virtual Boat Show"},"content":{"rendered":"\n<section class=\"section  \">\n    \n\n<section id=\"section-text-block-block_83f73b9c674e2d757ebbeec78e5428ce\" class=\"section text-block \">\n            <\/section>\n\n<section id=\"section-text-block-block_83f73b9c674e2d757ebbeec78e5428ce\" class=\"section text-block \">\n                    <div class=\"section section__body\">\n            <div class=\"text-block\">\n                <div class=\"container\">\n                    <div class=\"row\">\n                        <div class=\"col-lg-8 offset-lg-2\">\n                                                            <div class=\"section__content single__content hentry\">\n                                    <p>Det <strong><a href=\"https:\/\/www.vetusweb.nl\/\" target=\"_blank\" rel=\"noopener\">virtuelle milj\u00f8<\/a><\/strong> genskaber VETUS-standen fra boot D\u00fcsseldorf og tilbyder en medrivende m\u00e5de at udforske moderne l\u00f8sninger til marine fremdriftssystemer, man\u00f8vrering, udst\u00f8dning og ankersystemer. Bes\u00f8gende kan ogs\u00e5 opleve produkter fra f\u00f8rende maritime m\u00e6rker, herunder <strong><a href=\"https:\/\/maxwellmarine.com\/\" target=\"_blank\" rel=\"noopener\">Maxwell-ankersystemer<\/a><\/strong>, <strong><a href=\"https:\/\/smartgyro.com\/\" target=\"_blank\" rel=\"noopener\">Smartgyro-gyrostabilisatorer<\/a><\/strong>, <strong><a href=\"https:\/\/www.yanmar.com\/marine\/\" target=\"_blank\" rel=\"noopener\">YANMAR-marinemotorer<\/a><\/strong> og <strong><a href=\"https:\/\/www.flexofold.com\/\" target=\"_blank\" rel=\"noopener\">Flexofold-foldepropeller<\/a><\/strong>, som hver is\u00e6r repr\u00e6senterer specialiserede teknologier for ydeevne, sikkerhed og komfort om bord.<\/p>\n                                <\/div>\n                            \n                                                    <\/div>\n                    <\/div>\n                <\/div>\n            <\/div>\n        <\/div>\n    <\/section>\n\n<section id=\"section-text-block-block_83f73b9c674e2d757ebbeec78e5428ce\" class=\"section text-block \">\n                    <div class=\"section section__body\">\n            <div class=\"text-block\">\n                <div class=\"container\">\n                    <div class=\"row\">\n                        <div class=\"col-lg-8 offset-lg-2\">\n                                                            <div class=\"section__content single__content hentry\">\n                                    <h3 data-section-id=\"ce3bni\" data-start=\"1544\" data-end=\"1588\">Fremh\u00e6vet teknologi fra boot D\u00fcsseldorf<\/h3>\n<p data-start=\"1590\" data-end=\"1888\">Et af udstillingens vigtigste h\u00f8jdepunkter var det kraftfulde <strong><a href=\"https:\/\/vetus.com\/vetus-campaigns\/e-line-22-kw\/\" target=\"_blank\" rel=\"noopener\">VETUS E-Line 22 kW elektriske fremdriftssystem<\/a><\/strong>. Elektriske fremdriftssystemer til b\u00e5de er hurtigt ved at blive en vigtig teknologi for moderne fart\u00f8jer, der tilbyder st\u00f8jsvag drift, forbedret effektivitet og reduceret milj\u00f8p\u00e5virkning.<\/p>\n<p data-start=\"1890\" data-end=\"2145\">Ud over elektrisk fremdrift pr\u00e6senterede standen et komplet \u00f8kosystem af integrerede b\u00e5dsystemer ombord, designet til at arbejde problemfrit sammen. Disse l\u00f8sninger underst\u00f8tter fart\u00f8jets ydeevne og forenkler installationen for b\u00e5dbyggere og ved ombygningsprojekter.<\/p>\n<p data-start=\"2147\" data-end=\"2210\">Bes\u00f8gende p\u00e5 den virtuelle udstilling kan udforske innovationer, herunder:<\/p>\n<p data-start=\"2212\" data-end=\"2475\">\u2022 Elektriske fremdriftssystemer til moderne b\u00e5de<br data-start=\"2258\" data-end=\"2261\" \/>\u2022 Man\u00f8vreringsl\u00f8sninger s\u00e5som bovpropeller og h\u00e6kpropeller<br data-start=\"2330\" data-end=\"2333\" \/>\u2022 Marineudst\u00f8dningssystemer designet til p\u00e5lidelighed og effektivitet<br data-start=\"2397\" data-end=\"2400\" \/>\u2022 Ankersystemer, herunder ankerspil, spil og d\u00e6ksudstyr<\/p>\n                                <\/div>\n                            \n                                                            <div class=\"section__actions text-block__actions actions\">\n                                    <div class=\"btn-group d-flex flex-wrap justify-content-center\">\n                                                                                    <a href=\"https:\/\/www.vetusweb.nl\/\" class=\"btn btn-primary\" title=\"\" target=\"_blank\">\n                                                <span>Bes\u00f8g den virtuelle stand<\/span>\n                                            <\/a>\n                                        \n                                                                            <\/div>\n                                <\/div>\n                                                    <\/div>\n                    <\/div>\n                <\/div>\n            <\/div>\n        <\/div>\n    <\/section><\/section>\n\n<section class=\"section section--colored bg-light content-blocks bg-light   \">\n    <section id=\"section-gallery-block_dd2b0228b8b76eaf686c3e48190aa5f9\" class=\"section gallery \">\n                <div class=\"section__body gallery__body\">\n            <div class=\"container\">\n                <div class=\"row row--col-margin-medium justify-content-center\">\n                                            <div class=\"col-8 col-sm-4 offset-sm-0\">\n                            <div class=\"gallery__media media media--clipped ratio\">\n                                <div class=\"media__wrapper\">\n                                    <img decoding=\"async\" width=\"690\" height=\"518\" src=\"https:\/\/vetus.com\/wp-content\/uploads\/IMG_0955-690x518.jpg\" class=\"media__src img-fit\" alt=\"\" srcset=\"https:\/\/vetus.com\/wp-content\/uploads\/IMG_0955-690x518.jpg 690w, https:\/\/vetus.com\/wp-content\/uploads\/IMG_0955-300x225.jpg 300w, https:\/\/vetus.com\/wp-content\/uploads\/IMG_0955-768x576.jpg 768w, https:\/\/vetus.com\/wp-content\/uploads\/IMG_0955-210x158.jpg 210w, https:\/\/vetus.com\/wp-content\/uploads\/IMG_0955-330x248.jpg 330w, https:\/\/vetus.com\/wp-content\/uploads\/IMG_0955-431x323.jpg 431w, https:\/\/vetus.com\/wp-content\/uploads\/IMG_0955-507x380.jpg 507w, https:\/\/vetus.com\/wp-content\/uploads\/IMG_0955-530x398.jpg 530w, https:\/\/vetus.com\/wp-content\/uploads\/IMG_0955-930x698.jpg 930w, https:\/\/vetus.com\/wp-content\/uploads\/IMG_0955-1170x878.jpg 1170w\" sizes=\"auto, (max-width: 575.98px) 431px, (max-width: 767.98px) 530px, (max-width: 991.98px) 330px, (max-width: 1279.98px) 431px, (max-width: 1899.98px) 530px, 690px\" loading=\"lazy\" \/>                                <\/div>\n                            <\/div>\n                        <\/div>\n                                            <div class=\"col-8 col-sm-4 offset-sm-0\">\n                            <div class=\"gallery__media media media--clipped ratio\">\n                                <div class=\"media__wrapper\">\n                                    <img decoding=\"async\" width=\"690\" height=\"396\" src=\"https:\/\/vetus.com\/wp-content\/uploads\/boot26_MK34765-690x396.jpg\" class=\"media__src img-fit\" alt=\"\" srcset=\"https:\/\/vetus.com\/wp-content\/uploads\/boot26_MK34765-690x396.jpg 690w, https:\/\/vetus.com\/wp-content\/uploads\/boot26_MK34765-300x172.jpg 300w, https:\/\/vetus.com\/wp-content\/uploads\/boot26_MK34765-768x441.jpg 768w, https:\/\/vetus.com\/wp-content\/uploads\/boot26_MK34765-210x120.jpg 210w, https:\/\/vetus.com\/wp-content\/uploads\/boot26_MK34765-330x189.jpg 330w, https:\/\/vetus.com\/wp-content\/uploads\/boot26_MK34765-431x247.jpg 431w, https:\/\/vetus.com\/wp-content\/uploads\/boot26_MK34765-507x291.jpg 507w, https:\/\/vetus.com\/wp-content\/uploads\/boot26_MK34765-530x304.jpg 530w, https:\/\/vetus.com\/wp-content\/uploads\/boot26_MK34765-930x533.jpg 930w, https:\/\/vetus.com\/wp-content\/uploads\/boot26_MK34765-1170x671.jpg 1170w\" sizes=\"auto, (max-width: 575.98px) 431px, (max-width: 767.98px) 530px, (max-width: 991.98px) 330px, (max-width: 1279.98px) 431px, (max-width: 1899.98px) 530px, 690px\" loading=\"lazy\" \/>                                <\/div>\n                            <\/div>\n                        <\/div>\n                                            <div class=\"col-8 col-sm-4 offset-sm-0\">\n                            <div class=\"gallery__media media media--clipped ratio\">\n                                <div class=\"media__wrapper\">\n                                    <img decoding=\"async\" width=\"690\" height=\"518\" src=\"https:\/\/vetus.com\/wp-content\/uploads\/IMG_1023-690x518.jpg\" class=\"media__src img-fit\" alt=\"\" srcset=\"https:\/\/vetus.com\/wp-content\/uploads\/IMG_1023-690x518.jpg 690w, https:\/\/vetus.com\/wp-content\/uploads\/IMG_1023-300x225.jpg 300w, https:\/\/vetus.com\/wp-content\/uploads\/IMG_1023-768x576.jpg 768w, https:\/\/vetus.com\/wp-content\/uploads\/IMG_1023-210x158.jpg 210w, https:\/\/vetus.com\/wp-content\/uploads\/IMG_1023-330x248.jpg 330w, https:\/\/vetus.com\/wp-content\/uploads\/IMG_1023-431x323.jpg 431w, https:\/\/vetus.com\/wp-content\/uploads\/IMG_1023-507x380.jpg 507w, https:\/\/vetus.com\/wp-content\/uploads\/IMG_1023-530x398.jpg 530w, https:\/\/vetus.com\/wp-content\/uploads\/IMG_1023-930x698.jpg 930w, https:\/\/vetus.com\/wp-content\/uploads\/IMG_1023-1170x878.jpg 1170w\" sizes=\"auto, (max-width: 575.98px) 431px, (max-width: 767.98px) 530px, (max-width: 991.98px) 330px, (max-width: 1279.98px) 431px, (max-width: 1899.98px) 530px, 690px\" loading=\"lazy\" \/>                                <\/div>\n                            <\/div>\n                        <\/div>\n                                    <\/div>\n            <\/div>\n        <\/div>\n    <\/section><\/section>\n\n\n<section class=\"section  \">\n    \n\n<section id=\"section-text-block-block_bb878abf988e246d359d939c1ecf0254\" class=\"section text-block \">\n                    <div class=\"section section__body\">\n            <div class=\"text-block\">\n                <div class=\"container\">\n                    <div class=\"row\">\n                        <div class=\"col-lg-8 offset-lg-2\">\n                                                            <div class=\"section__content single__content hentry\">\n                                    <h3 data-section-id=\"4080r4\" data-start=\"2482\" data-end=\"2539\">Oplev maritim teknologi i et virtuelt milj\u00f8<\/h3>\n<p data-start=\"2541\" data-end=\"2834\">VETUS&#8217; <strong><a href=\"https:\/\/www.vetusweb.nl\/\" target=\"_blank\" rel=\"noopener\">virtuelle b\u00e5dudstilling<\/a><\/strong> giver bes\u00f8gende mulighed for at opleve messestanden, som om de var fysisk til stede ved arrangementet. Gennem den interaktive platform kan bes\u00f8gende frit udforske rummet og f\u00e5 adgang til detaljerede oplysninger om individuelle marinesystemer og ombordv\u00e6rende teknologier.<\/p>\n<p data-start=\"2836\" data-end=\"2880\">I det virtuelle milj\u00f8 kan bes\u00f8gende:<\/p>\n<p data-start=\"2882\" data-end=\"3140\">\u2022 G\u00e5 rundt p\u00e5 VETUS&#8217; messestand i deres eget tempo<br data-start=\"2940\" data-end=\"2943\" \/>\u2022 Oplev komplette b\u00e5dsystemer, der bruges i moderne fart\u00f8jer<br data-start=\"3002\" data-end=\"3005\" \/>\u2022 F\u00e5 adgang til detaljerede produktspecifikationer og tekniske oplysninger<br data-start=\"3071\" data-end=\"3074\" \/>\u2022 L\u00e6r, hvordan forskellige marinesystemer integreres i et fart\u00f8j<\/p>\n                                <\/div>\n                            \n                                                    <\/div>\n                    <\/div>\n                <\/div>\n            <\/div>\n        <\/div>\n    <\/section>\n\n<section id=\"section-text-block-block_bb878abf988e246d359d939c1ecf0254\" class=\"section text-block \">\n                    <div class=\"section section__body\">\n            <div class=\"text-block\">\n                <div class=\"container\">\n                    <div class=\"row\">\n                        <div class=\"col-lg-8 offset-lg-2\">\n                                                            <div class=\"section__content single__content hentry\">\n                                    <h3 data-section-id=\"y7uwt0\" data-start=\"3147\" data-end=\"3181\">Oplev anerkendte maritime m\u00e6rker<\/h3>\n<p data-start=\"3183\" data-end=\"3305\">Ud over VETUS&#8217; produktsortiment fremh\u00e6ver den virtuelle udstilling teknologi fra flere respekterede maritime m\u00e6rker.<\/p>\n<p data-start=\"3307\" data-end=\"3506\">Bes\u00f8gende kan udforske <strong><a href=\"https:\/\/vetus.com\/confident-anchoring\/\" target=\"_blank\" rel=\"noopener\">Maxwell-ankersystemer og ankerspil<\/a><\/strong>, avancerede Smartgyro-gyrostabilisatorer, h\u00f8jtydende YANMAR-marinemotorer og effektive Flexofold-foldepropeller.<\/p>\n<p data-start=\"3508\" data-end=\"3717\">Sammen repr\u00e6senterer disse l\u00f8sninger en omfattende tilgang til design af moderne b\u00e5dsystemer, hvor fremdrift, man\u00f8vrering, stabilisering og ankringsteknologier fungerer som et integreret \u00f8kosystem ombord.<\/p>\n                                <\/div>\n                            \n                                                    <\/div>\n                    <\/div>\n                <\/div>\n            <\/div>\n        <\/div>\n    <\/section>\n\n<section id=\"section-text-block-block_bb878abf988e246d359d939c1ecf0254\" class=\"section text-block \">\n                    <div class=\"section section__body\">\n            <div class=\"text-block\">\n                <div class=\"container\">\n                    <div class=\"row\">\n                        <div class=\"col-lg-8 offset-lg-2\">\n                                                            <div class=\"section__content single__content hentry\">\n                                    <h3 data-section-id=\"g4t1a5\" data-start=\"3724\" data-end=\"3763\">Udforsk VETUS&#8217; virtuelle b\u00e5dudstilling<\/h3>\n<p data-start=\"3765\" data-end=\"3981\">Uanset om du deltog i boot D\u00fcsseldorf eller gik glip af begivenheden, giver VETUS&#8217; virtuelle b\u00e5dudstilling en bekvem m\u00e5de at gense standen p\u00e5 og udforske den nyeste maritime teknologi og de nyeste b\u00e5dsystemer ombord.<\/p>\n<p data-start=\"3983\" data-end=\"4206\">Gennem kontinuerlig innovation inden for <strong><a href=\"https:\/\/vetus.com\/electric-boating\/\" target=\"_blank\" rel=\"noopener\">elektriske fremdriftssystemer<\/a><\/strong>, <strong><a href=\"https:\/\/vetus.com\/vetus-thruster-family\/\" target=\"_blank\" rel=\"noopener\">man\u00f8vreringssystemer<\/a><\/strong>, <strong><a href=\"https:\/\/vetus.com\/confident-anchoring\/\" target=\"_blank\" rel=\"noopener\">ankringsteknologi<\/a><\/strong> og <strong><a href=\"https:\/\/webshop.vetus.com\/en\/products\" target=\"_blank\" rel=\"noopener\">udstyr ombord<\/a><\/strong>, udvikler VETUS p\u00e5lidelige l\u00f8sninger, der forbedrer ydeevne, komfort og sikkerhed p\u00e5 vandet.<\/p>\n<p data-start=\"4208\" data-end=\"4341\">Bes\u00f8gende kan nu opleve standen, g\u00e5 p\u00e5 opdagelse i avancerede b\u00e5dsystemer og l\u00e6re mere om den teknologi, der driver moderne sejlads.<\/p>\n                                <\/div>\n                            \n                                                            <div class=\"section__actions text-block__actions actions\">\n                                    <div class=\"btn-group d-flex flex-wrap justify-content-center\">\n                                                                                    <a href=\"https:\/\/www.vetusweb.nl\/\" class=\"btn btn-primary\" title=\"\" target=\"_blank\">\n                                                <span>Bes\u00f8g den virtuelle stand<\/span>\n                                            <\/a>\n                                        \n                                                                            <\/div>\n                                <\/div>\n                                                    <\/div>\n                    <\/div>\n                <\/div>\n            <\/div>\n        <\/div>\n    <\/section><\/section>","protected":false},"excerpt":{"rendered":"","protected":false},"author":25,"featured_media":0,"parent":59194,"menu_order":0,"comment_status":"closed","ping_status":"closed","template":"tpl-blog-large-header.php","meta":{"_acf_changed":false,"footnotes":""},"class_list":["post-123895","page","type-page","status-publish","hentry"],"acf":{"image":{"ID":123840,"id":123840,"title":"VETUS Virtual booth 2026","filename":"VETUS-Virtual-booth-2026.png","filesize":945675,"url":"https:\/\/vetus.com\/wp-content\/uploads\/VETUS-Virtual-booth-2026.png","link":"https:\/\/vetus.com\/da\/blog\/udforsk-vetus-virtual-boat-show\/vetus-virtual-booth-2026-2\/","alt":"","author":"25","description":"","caption":"","name":"vetus-virtual-booth-2026-2","status":"inherit","uploaded_to":123895,"date":"2026-03-16 11:24:34","modified":"2026-03-16 11:24:34","menu_order":0,"mime_type":"image\/png","type":"image","subtype":"png","icon":"https:\/\/vetus.com\/wp-includes\/images\/media\/default.png","width":744,"height":465,"sizes":{"thumbnail":"https:\/\/vetus.com\/wp-content\/uploads\/VETUS-Virtual-booth-2026-150x150.png","thumbnail-width":150,"thumbnail-height":150,"medium":"https:\/\/vetus.com\/wp-content\/uploads\/VETUS-Virtual-booth-2026-300x188.png","medium-width":300,"medium-height":188,"medium_large":"https:\/\/vetus.com\/wp-content\/uploads\/VETUS-Virtual-booth-2026.png","medium_large-width":744,"medium_large-height":465,"large":"https:\/\/vetus.com\/wp-content\/uploads\/VETUS-Virtual-booth-2026.png","large-width":744,"large-height":465,"1536x1536":"https:\/\/vetus.com\/wp-content\/uploads\/VETUS-Virtual-booth-2026.png","1536x1536-width":744,"1536x1536-height":465,"2048x2048":"https:\/\/vetus.com\/wp-content\/uploads\/VETUS-Virtual-booth-2026.png","2048x2048-width":744,"2048x2048-height":465,"210w":"https:\/\/vetus.com\/wp-content\/uploads\/VETUS-Virtual-booth-2026-210x131.png","210w-width":210,"210w-height":131,"330w":"https:\/\/vetus.com\/wp-content\/uploads\/VETUS-Virtual-booth-2026-330x206.png","330w-width":330,"330w-height":206,"431w":"https:\/\/vetus.com\/wp-content\/uploads\/VETUS-Virtual-booth-2026-431x269.png","431w-width":431,"431w-height":269,"507w":"https:\/\/vetus.com\/wp-content\/uploads\/VETUS-Virtual-booth-2026-507x317.png","507w-width":507,"507w-height":317,"530w":"https:\/\/vetus.com\/wp-content\/uploads\/VETUS-Virtual-booth-2026-530x331.png","530w-width":530,"530w-height":331,"690w":"https:\/\/vetus.com\/wp-content\/uploads\/VETUS-Virtual-booth-2026-690x431.png","690w-width":690,"690w-height":431,"930w":"https:\/\/vetus.com\/wp-content\/uploads\/VETUS-Virtual-booth-2026.png","930w-width":744,"930w-height":465,"1170w":"https:\/\/vetus.com\/wp-content\/uploads\/VETUS-Virtual-booth-2026.png","1170w-width":744,"1170w-height":465,"gform-image-choice-sm":"https:\/\/vetus.com\/wp-content\/uploads\/VETUS-Virtual-booth-2026.png","gform-image-choice-sm-width":300,"gform-image-choice-sm-height":188,"gform-image-choice-md":"https:\/\/vetus.com\/wp-content\/uploads\/VETUS-Virtual-booth-2026.png","gform-image-choice-md-width":400,"gform-image-choice-md-height":250,"gform-image-choice-lg":"https:\/\/vetus.com\/wp-content\/uploads\/VETUS-Virtual-booth-2026.png","gform-image-choice-lg-width":600,"gform-image-choice-lg-height":375}},"introduction":"Bes\u00f8gende fra hele verden kan nu udforske de nyeste innovationer inden for maritim teknologi gennem VETUS Virtual Boat Show. Efter en succesfuld pr\u00e6sentation p\u00e5 boot D\u00fcsseldorf giver den online platform b\u00e5dejere, b\u00e5debyggere og maritime fagfolk mulighed for at opleve VETUS-udstillingsstanden og opdage et bredt udvalg af avancerede b\u00e5dsystemer ombord, uanset hvor de befinder sig.","person":false,"title":"Opdag avancerede b\u00e5dsystemer og maritim innovation"},"yoast_head":"<!-- This site is optimized with the Yoast SEO Premium plugin v27.3 (Yoast SEO v27.3) - https:\/\/yoast.com\/product\/yoast-seo-premium-wordpress\/ -->\n<title>VETUS Virtual Boat Show | Udforsk avancerede b\u00e5dsystemer<\/title>\n<meta name=\"description\" content=\"Udforsk VETUS Virtual Boat Show og opdag avancerede b\u00e5dsystemer, elektrisk fremdrift og maritim teknologi fra VETUS og f\u00f8rende\u2026\" \/>\n<meta name=\"robots\" content=\"index, follow, max-snippet:-1, max-image-preview:large, max-video-preview:-1\" \/>\n<link rel=\"canonical\" href=\"https:\/\/vetus.com\/da\/blog\/udforsk-vetus-virtual-boat-show\/\" \/>\n<meta property=\"og:locale\" content=\"da_DK\" \/>\n<meta property=\"og:type\" content=\"article\" \/>\n<meta property=\"og:title\" content=\"Udforsk VETUS Virtual Boat Show\" \/>\n<meta property=\"og:description\" content=\"Udforsk VETUS Virtual Boat Show og opdag avancerede b\u00e5dsystemer, elektrisk fremdrift og maritim teknologi fra VETUS og f\u00f8rende\u2026\" \/>\n<meta property=\"og:url\" content=\"https:\/\/vetus.com\/da\/blog\/udforsk-vetus-virtual-boat-show\/\" \/>\n<meta property=\"og:site_name\" content=\"VETUS\" \/>\n<meta property=\"article:modified_time\" content=\"2026-03-18T12:43:02+00:00\" \/>\n<meta name=\"twitter:card\" content=\"summary_large_image\" \/>\n<meta name=\"twitter:label1\" content=\"Estimeret l\u00e6setid\" \/>\n\t<meta name=\"twitter:data1\" content=\"1 minut\" \/>\n<script type=\"application\/ld+json\" class=\"yoast-schema-graph\">{\"@context\":\"https:\\\/\\\/schema.org\",\"@graph\":[{\"@type\":\"WebPage\",\"@id\":\"https:\\\/\\\/vetus.com\\\/da\\\/blog\\\/udforsk-vetus-virtual-boat-show\\\/\",\"url\":\"https:\\\/\\\/vetus.com\\\/da\\\/blog\\\/udforsk-vetus-virtual-boat-show\\\/\",\"name\":\"VETUS Virtual Boat Show | Udforsk avancerede b\u00e5dsystemer\",\"isPartOf\":{\"@id\":\"https:\\\/\\\/vetus.com\\\/da\\\/#website\"},\"datePublished\":\"2026-03-16T11:54:47+00:00\",\"dateModified\":\"2026-03-18T12:43:02+00:00\",\"description\":\"Udforsk VETUS Virtual Boat Show og opdag avancerede b\u00e5dsystemer, elektrisk fremdrift og maritim teknologi fra VETUS og f\u00f8rende\u2026\",\"breadcrumb\":{\"@id\":\"https:\\\/\\\/vetus.com\\\/da\\\/blog\\\/udforsk-vetus-virtual-boat-show\\\/#breadcrumb\"},\"inLanguage\":\"da-DK\",\"potentialAction\":[{\"@type\":\"ReadAction\",\"target\":[\"https:\\\/\\\/vetus.com\\\/da\\\/blog\\\/udforsk-vetus-virtual-boat-show\\\/\"]}]},{\"@type\":\"BreadcrumbList\",\"@id\":\"https:\\\/\\\/vetus.com\\\/da\\\/blog\\\/udforsk-vetus-virtual-boat-show\\\/#breadcrumb\",\"itemListElement\":[{\"@type\":\"ListItem\",\"position\":1,\"name\":\"Home\",\"item\":\"https:\\\/\\\/vetus.com\\\/da\\\/\"},{\"@type\":\"ListItem\",\"position\":2,\"name\":\"Blog\",\"item\":\"https:\\\/\\\/vetus.com\\\/da\\\/blog\\\/\"},{\"@type\":\"ListItem\",\"position\":3,\"name\":\"Udforsk VETUS Virtual Boat Show\"}]},{\"@type\":\"WebSite\",\"@id\":\"https:\\\/\\\/vetus.com\\\/da\\\/#website\",\"url\":\"https:\\\/\\\/vetus.com\\\/da\\\/\",\"name\":\"VETUS\",\"description\":\"\",\"potentialAction\":[{\"@type\":\"SearchAction\",\"target\":{\"@type\":\"EntryPoint\",\"urlTemplate\":\"https:\\\/\\\/vetus.com\\\/da\\\/?s={search_term_string}\"},\"query-input\":{\"@type\":\"PropertyValueSpecification\",\"valueRequired\":true,\"valueName\":\"search_term_string\"}}],\"inLanguage\":\"da-DK\"}]}<\/script>\n<!-- \/ Yoast SEO Premium plugin. -->","yoast_head_json":{"title":"VETUS Virtual Boat Show | Udforsk avancerede b\u00e5dsystemer","description":"Udforsk VETUS Virtual Boat Show og opdag avancerede b\u00e5dsystemer, elektrisk fremdrift og maritim teknologi fra VETUS og f\u00f8rende\u2026","robots":{"index":"index","follow":"follow","max-snippet":"max-snippet:-1","max-image-preview":"max-image-preview:large","max-video-preview":"max-video-preview:-1"},"canonical":"https:\/\/vetus.com\/da\/blog\/udforsk-vetus-virtual-boat-show\/","og_locale":"da_DK","og_type":"article","og_title":"Udforsk VETUS Virtual Boat Show","og_description":"Udforsk VETUS Virtual Boat Show og opdag avancerede b\u00e5dsystemer, elektrisk fremdrift og maritim teknologi fra VETUS og f\u00f8rende\u2026","og_url":"https:\/\/vetus.com\/da\/blog\/udforsk-vetus-virtual-boat-show\/","og_site_name":"VETUS","article_modified_time":"2026-03-18T12:43:02+00:00","twitter_card":"summary_large_image","twitter_misc":{"Estimeret l\u00e6setid":"1 minut"},"schema":{"@context":"https:\/\/schema.org","@graph":[{"@type":"WebPage","@id":"https:\/\/vetus.com\/da\/blog\/udforsk-vetus-virtual-boat-show\/","url":"https:\/\/vetus.com\/da\/blog\/udforsk-vetus-virtual-boat-show\/","name":"VETUS Virtual Boat Show | Udforsk avancerede b\u00e5dsystemer","isPartOf":{"@id":"https:\/\/vetus.com\/da\/#website"},"datePublished":"2026-03-16T11:54:47+00:00","dateModified":"2026-03-18T12:43:02+00:00","description":"Udforsk VETUS Virtual Boat Show og opdag avancerede b\u00e5dsystemer, elektrisk fremdrift og maritim teknologi fra VETUS og f\u00f8rende\u2026","breadcrumb":{"@id":"https:\/\/vetus.com\/da\/blog\/udforsk-vetus-virtual-boat-show\/#breadcrumb"},"inLanguage":"da-DK","potentialAction":[{"@type":"ReadAction","target":["https:\/\/vetus.com\/da\/blog\/udforsk-vetus-virtual-boat-show\/"]}]},{"@type":"BreadcrumbList","@id":"https:\/\/vetus.com\/da\/blog\/udforsk-vetus-virtual-boat-show\/#breadcrumb","itemListElement":[{"@type":"ListItem","position":1,"name":"Home","item":"https:\/\/vetus.com\/da\/"},{"@type":"ListItem","position":2,"name":"Blog","item":"https:\/\/vetus.com\/da\/blog\/"},{"@type":"ListItem","position":3,"name":"Udforsk VETUS Virtual Boat Show"}]},{"@type":"WebSite","@id":"https:\/\/vetus.com\/da\/#website","url":"https:\/\/vetus.com\/da\/","name":"VETUS","description":"","potentialAction":[{"@type":"SearchAction","target":{"@type":"EntryPoint","urlTemplate":"https:\/\/vetus.com\/da\/?s={search_term_string}"},"query-input":{"@type":"PropertyValueSpecification","valueRequired":true,"valueName":"search_term_string"}}],"inLanguage":"da-DK"}]}},"_links":{"self":[{"href":"https:\/\/vetus.com\/da\/wp-json\/wp\/v2\/pages\/123895","targetHints":{"allow":["GET"]}}],"collection":[{"href":"https:\/\/vetus.com\/da\/wp-json\/wp\/v2\/pages"}],"about":[{"href":"https:\/\/vetus.com\/da\/wp-json\/wp\/v2\/types\/page"}],"author":[{"embeddable":true,"href":"https:\/\/vetus.com\/da\/wp-json\/wp\/v2\/users\/25"}],"replies":[{"embeddable":true,"href":"https:\/\/vetus.com\/da\/wp-json\/wp\/v2\/comments?post=123895"}],"version-history":[{"count":3,"href":"https:\/\/vetus.com\/da\/wp-json\/wp\/v2\/pages\/123895\/revisions"}],"predecessor-version":[{"id":124027,"href":"https:\/\/vetus.com\/da\/wp-json\/wp\/v2\/pages\/123895\/revisions\/124027"}],"up":[{"embeddable":true,"href":"https:\/\/vetus.com\/da\/wp-json\/wp\/v2\/pages\/59194"}],"wp:attachment":[{"href":"https:\/\/vetus.com\/da\/wp-json\/wp\/v2\/media?parent=123895"}],"curies":[{"name":"wp","href":"https:\/\/api.w.org\/{rel}","templated":true}]}}