{"id":121347,"date":"2025-11-06T16:08:23","date_gmt":"2025-11-06T14:08:23","guid":{"rendered":"https:\/\/vetus.com\/engineered-for-effortless-anchoring\/"},"modified":"2026-02-04T14:11:09","modified_gmt":"2026-02-04T12:11:09","slug":"engineered-for-effortless-anchoring","status":"publish","type":"page","link":"https:\/\/vetus.com\/da\/engineered-for-effortless-anchoring\/","title":{"rendered":"Udviklet til ubesv\u00e6ret ankring"},"content":{"rendered":"\n<section class=\"section  \">\n    \n\n<section id=\"section-text-block-block_4171b36b960b83ab9909850556b5b16e\" class=\"section text-block \">\n                    <div class=\"section section__body\">\n            <div class=\"text-block\">\n                <div class=\"container\">\n                    <div class=\"row\">\n                        <div class=\"col-lg-8 offset-lg-2\">\n                                                            <div class=\"section__content single__content hentry\">\n                                    <p>Maxwell-serien af ankerspil og ankringssystemer leverer sikker og driftssikker ydeevne til b\u00e5de eksisterende b\u00e5de og nybyggerier. Med et kompakt design og enkel installation er Maxwell ankerspil ideelle til b\u00e5de opgraderinger og integration i nye projekter. Med robust konstruktion og innovativ k\u00e6dehjulsteknologi sikrer de j\u00e6vn h\u00e5ndtering af reb og k\u00e6de for en stressfri ankringsoplevelse.<\/p>\n                                <\/div>\n                            \n                                                    <\/div>\n                    <\/div>\n                <\/div>\n            <\/div>\n        <\/div>\n    <\/section>\n\n<section id=\"section-text-block-block_4171b36b960b83ab9909850556b5b16e\" class=\"section text-block \">\n                    <div class=\"section section__body\">\n            <div class=\"text-block\">\n                <div class=\"container\">\n                    <div class=\"row\">\n                        <div class=\"col-lg-8 offset-lg-2\">\n                                                            <div class=\"section__content single__content hentry\">\n                                    <h3 data-start=\"601\" data-end=\"663\"><strong data-start=\"605\" data-end=\"661\">Hvorfor Maxwell er det intelligente valg til ankring<\/strong><\/h3>\n<ul>\n<li>Smarte og kompakte designs for enkel installation \u2013 ideelt til b\u00e5de nybyg og eftermontering uden st\u00f8rre ombygninger.<\/li>\n<li>Innovativt Wave Design&#x2122; k\u00e6dehjul sikrer et sikkert greb om reb og k\u00e6de, reducerer slid og forl\u00e6nger rode-levetiden.<\/li>\n<li>Kraftige gearsystemer er bygget til at h\u00e5ndtere ekstreme belastninger og sikrer stabil drift under alle s\u00f8forhold.<\/li>\n<li>Bovruller, k\u00e6destoppere og tilbeh\u00f8r er konstrueret til at aflaste ankerspillet og maksimere systemets levetid.<\/li>\n<li>Intuitive kontrolpaneler og tr\u00e5dl\u00f8se fjernbetjeninger g\u00f8r ankring sikker og enkel fra hvor som helst ombord.<\/li>\n<li>Korrosionsbestandige materialer i marinekvalitet garanterer lang holdbarhed \u2013 selv i de h\u00e5rdeste maritime milj\u00f8er.<\/li>\n<\/ul>\n                                <\/div>\n                            \n                                                            <div class=\"section__actions text-block__actions actions\">\n                                    <div class=\"btn-group d-flex flex-wrap justify-content-center\">\n                                                                                    <a href=\"https:\/\/webshop.vetus.com\/en\/products\/maxwell-anchoring-systems\" class=\"btn btn-primary\" title=\"\" target=\"_blank\">\n                                                <span>Udforsk Maxwell produktudvalg<\/span>\n                                            <\/a>\n                                        \n                                                                            <\/div>\n                                <\/div>\n                                                    <\/div>\n                    <\/div>\n                <\/div>\n            <\/div>\n        <\/div>\n    <\/section><\/section>\n\n\n<section class=\"section  \">\n    \n<section id=\"content-block-1-block_b4342b9bbff4ad4ccd83ccac96863150\" class=\"section content-block content-block--image \">\n    <div class=\"container\">\n        <div class=\"row d-flex align-items-center\">\n\n            <div class=\"col-md-6 col-lg-7\">\n                                    <div class=\"content-block__visuals\">\n                        <div class=\"content-block__media media--clipped media ratio\">\n                            <div class=\"media__wrapper\">\n                                <img decoding=\"async\" width=\"690\" height=\"575\" src=\"https:\/\/vetus.com\/wp-content\/uploads\/Untitled-1-9-690x575.png\" class=\"media__source img-fit\" alt=\"\" srcset=\"https:\/\/vetus.com\/wp-content\/uploads\/Untitled-1-9-690x575.png 690w, https:\/\/vetus.com\/wp-content\/uploads\/Untitled-1-9-300x250.png 300w, https:\/\/vetus.com\/wp-content\/uploads\/Untitled-1-9-768x640.png 768w, https:\/\/vetus.com\/wp-content\/uploads\/Untitled-1-9-210x175.png 210w, https:\/\/vetus.com\/wp-content\/uploads\/Untitled-1-9-330x275.png 330w, https:\/\/vetus.com\/wp-content\/uploads\/Untitled-1-9-431x359.png 431w, https:\/\/vetus.com\/wp-content\/uploads\/Untitled-1-9-507x423.png 507w, https:\/\/vetus.com\/wp-content\/uploads\/Untitled-1-9-530x442.png 530w, https:\/\/vetus.com\/wp-content\/uploads\/Untitled-1-9-930x775.png 930w, https:\/\/vetus.com\/wp-content\/uploads\/Untitled-1-9-1170x975.png 1170w, https:\/\/vetus.com\/wp-content\/uploads\/Untitled-1-9.png 1200w\" sizes=\"auto, (max-width: 575.98px) 431px, (max-width: 767.98px) 530px, (max-width: 991.98px) 330px, (max-width: 1279.98px) 530px, (max-width: 1899.98px) 690px, 930px\" loading=\"lazy\" \/>                            <\/div>\n                        <\/div>\n                    <\/div>\n                            <\/div>\n\n            <div class=\"col-md-6 col-lg-4 offset-lg-1\">\n                <div class=\"content-block__body\">\n                    \n                    \n                                            <h3 data-start=\"1411\" data-end=\"1470\"><strong data-start=\"1415\" data-end=\"1468\">Vertikale ankerspil \u2013 Kompakte og pladsbesparende<\/strong><\/h3>\n<p data-start=\"1471\" data-end=\"1776\">Vertikale ankerspil er den foretrukne l\u00f8sning til de fleste sejlb\u00e5de og motorb\u00e5de og giver en ren og kompakt installation med motor og gearkasse placeret under d\u00e6kket. Denne konfiguration maksimerer d\u00e6kspladsen, samtidig med at den leverer effektiv og st\u00f8jsvag drift samt j\u00e6vn h\u00e5ndtering af reb og k\u00e6de. Med Maxwells Wave Design&#x2122; k\u00e6dehjul for sikkert greb og reduceret slid giver disse spil p\u00e5lidelig ydeevne og lang rode-levetid. Nemme at installere og vedligeholde \u2013 Maxwell vertikale ankerspil g\u00f8r ankring enkel, sikker og diskret.<\/p>\n<p><em>\u00a0<\/em><\/p>\n                    \t\t\t\t\t\n                                    <\/div>\n            <\/div>\n        <\/div>\n    <\/div>\n<\/section>\n<section id=\"content-block-1-block_b4342b9bbff4ad4ccd83ccac96863150\" class=\"section content-block content-block--image \">\n    <div class=\"container\">\n        <div class=\"row d-flex align-items-center flex-md-row-reverse\">\n\n            <div class=\"col-md-6 col-lg-7 offset-lg-1\">\n                                    <div class=\"content-block__visuals\">\n                        <div class=\"content-block__media media--clipped media ratio\">\n                            <div class=\"media__wrapper\">\n                                <img decoding=\"async\" width=\"690\" height=\"575\" src=\"https:\/\/vetus.com\/wp-content\/uploads\/Untitled-2-3-690x575.png\" class=\"media__source img-fit\" alt=\"\" srcset=\"https:\/\/vetus.com\/wp-content\/uploads\/Untitled-2-3-690x575.png 690w, https:\/\/vetus.com\/wp-content\/uploads\/Untitled-2-3-300x250.png 300w, https:\/\/vetus.com\/wp-content\/uploads\/Untitled-2-3-768x640.png 768w, https:\/\/vetus.com\/wp-content\/uploads\/Untitled-2-3-210x175.png 210w, https:\/\/vetus.com\/wp-content\/uploads\/Untitled-2-3-330x275.png 330w, https:\/\/vetus.com\/wp-content\/uploads\/Untitled-2-3-431x359.png 431w, https:\/\/vetus.com\/wp-content\/uploads\/Untitled-2-3-507x423.png 507w, https:\/\/vetus.com\/wp-content\/uploads\/Untitled-2-3-530x442.png 530w, https:\/\/vetus.com\/wp-content\/uploads\/Untitled-2-3-930x775.png 930w, https:\/\/vetus.com\/wp-content\/uploads\/Untitled-2-3-1170x975.png 1170w, https:\/\/vetus.com\/wp-content\/uploads\/Untitled-2-3.png 1200w\" sizes=\"auto, (max-width: 575.98px) 431px, (max-width: 767.98px) 530px, (max-width: 991.98px) 330px, (max-width: 1279.98px) 530px, (max-width: 1899.98px) 690px, 930px\" loading=\"lazy\" \/>                            <\/div>\n                        <\/div>\n                    <\/div>\n                            <\/div>\n\n            <div class=\"col-md-6 col-lg-4\">\n                <div class=\"content-block__body\">\n                    \n                    \n                                            <h3 data-start=\"2015\" data-end=\"2072\"><strong data-start=\"2019\" data-end=\"2070\">Horisontale ankerspil \u2013 Fleksible og kraftfulde<\/strong><\/h3>\n<p data-start=\"2073\" data-end=\"2367\">Horisontale ankerspil er et fremragende valg til fart\u00f8jer, hvor pladsen under d\u00e6kket er begr\u00e6nset, eller hvor adgang over d\u00e6kket foretr\u00e6kkes. Med b\u00e5de motor og gearkasse monteret p\u00e5 d\u00e6kket giver de fleksible installationsmuligheder og g\u00f8r service enklere uden at g\u00e5 p\u00e5 kompromis med ydeevnen. Maxwells horisontale modeller er designet til j\u00e6vn h\u00e5ndtering af reb og k\u00e6de samt stabil drift og leverer p\u00e5lidelig ankringskontrol under et bredt udvalg af forhold.<\/p>\n                    \t\t\t\t\t\n                                    <\/div>\n            <\/div>\n        <\/div>\n    <\/div>\n<\/section>\n<section id=\"content-block-1-block_b4342b9bbff4ad4ccd83ccac96863150\" class=\"section content-block content-block--image \">\n    <div class=\"container\">\n        <div class=\"row d-flex align-items-center\">\n\n            <div class=\"col-md-6 col-lg-7\">\n                                    <div class=\"content-block__visuals\">\n                        <div class=\"content-block__media media--clipped media ratio\">\n                            <div class=\"media__wrapper\">\n                                <img decoding=\"async\" width=\"690\" height=\"575\" src=\"https:\/\/vetus.com\/wp-content\/uploads\/Untitled-3-1-690x575.png\" class=\"media__source img-fit\" alt=\"\" srcset=\"https:\/\/vetus.com\/wp-content\/uploads\/Untitled-3-1-690x575.png 690w, https:\/\/vetus.com\/wp-content\/uploads\/Untitled-3-1-300x250.png 300w, https:\/\/vetus.com\/wp-content\/uploads\/Untitled-3-1-768x640.png 768w, https:\/\/vetus.com\/wp-content\/uploads\/Untitled-3-1-210x175.png 210w, https:\/\/vetus.com\/wp-content\/uploads\/Untitled-3-1-330x275.png 330w, https:\/\/vetus.com\/wp-content\/uploads\/Untitled-3-1-431x359.png 431w, https:\/\/vetus.com\/wp-content\/uploads\/Untitled-3-1-507x423.png 507w, https:\/\/vetus.com\/wp-content\/uploads\/Untitled-3-1-530x442.png 530w, https:\/\/vetus.com\/wp-content\/uploads\/Untitled-3-1-930x775.png 930w, https:\/\/vetus.com\/wp-content\/uploads\/Untitled-3-1-1170x975.png 1170w, https:\/\/vetus.com\/wp-content\/uploads\/Untitled-3-1.png 1200w\" sizes=\"auto, (max-width: 575.98px) 431px, (max-width: 767.98px) 530px, (max-width: 991.98px) 330px, (max-width: 1279.98px) 530px, (max-width: 1899.98px) 690px, 930px\" loading=\"lazy\" \/>                            <\/div>\n                        <\/div>\n                    <\/div>\n                            <\/div>\n\n            <div class=\"col-md-6 col-lg-4 offset-lg-1\">\n                <div class=\"content-block__body\">\n                    \n                    \n                                            <h3 data-start=\"2541\" data-end=\"2585\"><strong data-start=\"2545\" data-end=\"2583\">Capstans \u2013 P\u00e5lidelig rebh\u00e5ndtering<\/strong><\/h3>\n<p data-start=\"2586\" data-end=\"2880\">Maxwell capstans sikrer j\u00e6vn og kraftfuld h\u00e5ndtering af reb til b\u00e5de ankring og fort\u00f8jning. Kompakte og effektive \u2013 ideelle hvor et fuldt ankerspil ikke er n\u00f8dvendigt, eller som ekstra udstyr. Fremstillet i materialer af marinekvalitet leverer disse capstans p\u00e5lidelig ydeevne i mange \u00e5rs brug.<\/p>\n                    \t\t\t\t\t\n                                    <\/div>\n            <\/div>\n        <\/div>\n    <\/div>\n<\/section>\n<section id=\"content-block-1-block_b4342b9bbff4ad4ccd83ccac96863150\" class=\"section content-block content-block--image \">\n    <div class=\"container\">\n        <div class=\"row d-flex align-items-center flex-md-row-reverse\">\n\n            <div class=\"col-md-6 col-lg-7 offset-lg-1\">\n                                    <div class=\"content-block__visuals\">\n                        <div class=\"content-block__media media--clipped media ratio\">\n                            <div class=\"media__wrapper\">\n                                <img decoding=\"async\" width=\"690\" height=\"575\" src=\"https:\/\/vetus.com\/wp-content\/uploads\/Untitled-4-690x575.png\" class=\"media__source img-fit\" alt=\"\" srcset=\"https:\/\/vetus.com\/wp-content\/uploads\/Untitled-4-690x575.png 690w, https:\/\/vetus.com\/wp-content\/uploads\/Untitled-4-300x250.png 300w, https:\/\/vetus.com\/wp-content\/uploads\/Untitled-4-768x640.png 768w, https:\/\/vetus.com\/wp-content\/uploads\/Untitled-4-210x175.png 210w, https:\/\/vetus.com\/wp-content\/uploads\/Untitled-4-330x275.png 330w, https:\/\/vetus.com\/wp-content\/uploads\/Untitled-4-431x359.png 431w, https:\/\/vetus.com\/wp-content\/uploads\/Untitled-4-507x423.png 507w, https:\/\/vetus.com\/wp-content\/uploads\/Untitled-4-530x442.png 530w, https:\/\/vetus.com\/wp-content\/uploads\/Untitled-4-930x775.png 930w, https:\/\/vetus.com\/wp-content\/uploads\/Untitled-4-1170x975.png 1170w, https:\/\/vetus.com\/wp-content\/uploads\/Untitled-4.png 1200w\" sizes=\"auto, (max-width: 575.98px) 431px, (max-width: 767.98px) 530px, (max-width: 991.98px) 330px, (max-width: 1279.98px) 530px, (max-width: 1899.98px) 690px, 930px\" loading=\"lazy\" \/>                            <\/div>\n                        <\/div>\n                    <\/div>\n                            <\/div>\n\n            <div class=\"col-md-6 col-lg-4\">\n                <div class=\"content-block__body\">\n                    \n                    \n                                            <h3 data-start=\"2887\" data-end=\"2937\"><strong data-start=\"2891\" data-end=\"2935\">Reb, k\u00e6der &amp; rodes \u2013 Komplette l\u00f8sninger<\/strong><\/h3>\n<p data-start=\"2938\" data-end=\"3089\">Maxwell tilbyder rodes til alle fart\u00f8jsst\u00f8rrelser og ankringsstile. V\u00e6lg mellem kun k\u00e6de, kun reb eller f\u00e6rdigsplejsede kombinationer af reb og k\u00e6de. Muligheder inkluderer 3-sl\u00e5et eller 8-flettet nylon for fleksibilitet og nem h\u00e5ndtering samt h\u00f8jstyrkek\u00e6der i flere dimensioner for sikker og p\u00e5lidelig ankring.<\/p>\n                    \t\t\t\t\t\n                                    <\/div>\n            <\/div>\n        <\/div>\n    <\/div>\n<\/section>\n\n<section id=\"section-text-block-block_b4342b9bbff4ad4ccd83ccac96863150\" class=\"section text-block \">\n                    <div class=\"section section__body\">\n            <div class=\"text-block\">\n                <div class=\"container\">\n                    <div class=\"row\">\n                        <div class=\"col-lg-8 offset-lg-2\">\n                            \n                                                            <div class=\"section__actions text-block__actions actions\">\n                                    <div class=\"btn-group d-flex flex-wrap justify-content-center\">\n                                                                                    <a href=\"https:\/\/webshop.vetus.com\/en\/products\/maxwell-anchoring-systems\" class=\"btn btn-primary\" title=\"\" target=\"_blank\">\n                                                <span>Udforsk Maxwell produkter til motor- og sejlb\u00e5de<\/span>\n                                            <\/a>\n                                        \n                                                                            <\/div>\n                                <\/div>\n                                                    <\/div>\n                    <\/div>\n                <\/div>\n            <\/div>\n        <\/div>\n    <\/section><\/section>","protected":false},"excerpt":{"rendered":"","protected":false},"author":20,"featured_media":0,"parent":0,"menu_order":0,"comment_status":"closed","ping_status":"closed","template":"tpl-default.php","meta":{"_acf_changed":false,"footnotes":""},"class_list":["post-121347","page","type-page","status-publish","hentry"],"acf":{"image":{"ID":117145,"id":117145,"title":"Medium-P106439 - Extendable Bow Roller 2","filename":"Medium-P106439-Extendable-Bow-Roller-2.jpg","filesize":71949,"url":"https:\/\/vetus.com\/wp-content\/uploads\/Medium-P106439-Extendable-Bow-Roller-2.jpg","link":"https:\/\/vetus.com\/da\/engineered-for-effortless-anchoring\/medium-p106439-extendable-bow-roller-2-2\/","alt":"","author":"25","description":"","caption":"","name":"medium-p106439-extendable-bow-roller-2-2","status":"inherit","uploaded_to":121347,"date":"2025-11-07 11:37:10","modified":"2025-11-07 11:37:10","menu_order":0,"mime_type":"image\/jpeg","type":"image","subtype":"jpeg","icon":"https:\/\/vetus.com\/wp-includes\/images\/media\/default.png","width":1024,"height":683,"sizes":{"thumbnail":"https:\/\/vetus.com\/wp-content\/uploads\/Medium-P106439-Extendable-Bow-Roller-2-150x150.jpg","thumbnail-width":150,"thumbnail-height":150,"medium":"https:\/\/vetus.com\/wp-content\/uploads\/Medium-P106439-Extendable-Bow-Roller-2-300x200.jpg","medium-width":300,"medium-height":200,"medium_large":"https:\/\/vetus.com\/wp-content\/uploads\/Medium-P106439-Extendable-Bow-Roller-2-768x512.jpg","medium_large-width":768,"medium_large-height":512,"large":"https:\/\/vetus.com\/wp-content\/uploads\/Medium-P106439-Extendable-Bow-Roller-2.jpg","large-width":1024,"large-height":683,"1536x1536":"https:\/\/vetus.com\/wp-content\/uploads\/Medium-P106439-Extendable-Bow-Roller-2.jpg","1536x1536-width":1024,"1536x1536-height":683,"2048x2048":"https:\/\/vetus.com\/wp-content\/uploads\/Medium-P106439-Extendable-Bow-Roller-2.jpg","2048x2048-width":1024,"2048x2048-height":683,"210w":"https:\/\/vetus.com\/wp-content\/uploads\/Medium-P106439-Extendable-Bow-Roller-2-210x140.jpg","210w-width":210,"210w-height":140,"330w":"https:\/\/vetus.com\/wp-content\/uploads\/Medium-P106439-Extendable-Bow-Roller-2-330x220.jpg","330w-width":330,"330w-height":220,"431w":"https:\/\/vetus.com\/wp-content\/uploads\/Medium-P106439-Extendable-Bow-Roller-2-431x287.jpg","431w-width":431,"431w-height":287,"507w":"https:\/\/vetus.com\/wp-content\/uploads\/Medium-P106439-Extendable-Bow-Roller-2-507x338.jpg","507w-width":507,"507w-height":338,"530w":"https:\/\/vetus.com\/wp-content\/uploads\/Medium-P106439-Extendable-Bow-Roller-2-530x354.jpg","530w-width":530,"530w-height":354,"690w":"https:\/\/vetus.com\/wp-content\/uploads\/Medium-P106439-Extendable-Bow-Roller-2-690x460.jpg","690w-width":690,"690w-height":460,"930w":"https:\/\/vetus.com\/wp-content\/uploads\/Medium-P106439-Extendable-Bow-Roller-2-930x620.jpg","930w-width":930,"930w-height":620,"1170w":"https:\/\/vetus.com\/wp-content\/uploads\/Medium-P106439-Extendable-Bow-Roller-2.jpg","1170w-width":1024,"1170w-height":683,"gform-image-choice-sm":"https:\/\/vetus.com\/wp-content\/uploads\/Medium-P106439-Extendable-Bow-Roller-2.jpg","gform-image-choice-sm-width":300,"gform-image-choice-sm-height":200,"gform-image-choice-md":"https:\/\/vetus.com\/wp-content\/uploads\/Medium-P106439-Extendable-Bow-Roller-2.jpg","gform-image-choice-md-width":400,"gform-image-choice-md-height":267,"gform-image-choice-lg":"https:\/\/vetus.com\/wp-content\/uploads\/Medium-P106439-Extendable-Bow-Roller-2.jpg","gform-image-choice-lg-width":600,"gform-image-choice-lg-height":400}},"introduction":"","person":false,"title":"J\u00e6vne og p\u00e5lidelige ankringsl\u00f8sninger til b\u00e5de sejlb\u00e5de og motorb\u00e5de"},"yoast_head":"<!-- This site is optimized with the Yoast SEO Premium plugin v27.3 (Yoast SEO v27.3) - https:\/\/yoast.com\/product\/yoast-seo-premium-wordpress\/ -->\n<title>Engineered for effortless anchoring<\/title>\n<meta name=\"description\" content=\"The Maxwell range of windlasses and anchoring systems provides safe, reliable performance for both existing boats and new builds.\" \/>\n<meta name=\"robots\" content=\"index, follow, max-snippet:-1, max-image-preview:large, max-video-preview:-1\" \/>\n<link rel=\"canonical\" href=\"https:\/\/vetus.com\/da\/engineered-for-effortless-anchoring\/\" \/>\n<meta property=\"og:locale\" content=\"da_DK\" \/>\n<meta property=\"og:type\" content=\"article\" \/>\n<meta property=\"og:title\" content=\"Udviklet til ubesv\u00e6ret ankring\" \/>\n<meta property=\"og:description\" content=\"The Maxwell range of windlasses and anchoring systems provides safe, reliable performance for both existing boats and new builds.\" \/>\n<meta property=\"og:url\" content=\"https:\/\/vetus.com\/da\/engineered-for-effortless-anchoring\/\" \/>\n<meta property=\"og:site_name\" content=\"VETUS\" \/>\n<meta property=\"article:modified_time\" content=\"2026-02-04T12:11:09+00:00\" \/>\n<meta name=\"twitter:card\" content=\"summary_large_image\" \/>\n<meta name=\"twitter:label1\" content=\"Estimeret l\u00e6setid\" \/>\n\t<meta name=\"twitter:data1\" content=\"4 minutter\" \/>\n<script type=\"application\/ld+json\" class=\"yoast-schema-graph\">{\"@context\":\"https:\\\/\\\/schema.org\",\"@graph\":[{\"@type\":\"WebPage\",\"@id\":\"https:\\\/\\\/vetus.com\\\/da\\\/engineered-for-effortless-anchoring\\\/\",\"url\":\"https:\\\/\\\/vetus.com\\\/da\\\/engineered-for-effortless-anchoring\\\/\",\"name\":\"Engineered for effortless anchoring\",\"isPartOf\":{\"@id\":\"https:\\\/\\\/vetus.com\\\/da\\\/#website\"},\"datePublished\":\"2025-11-06T14:08:23+00:00\",\"dateModified\":\"2026-02-04T12:11:09+00:00\",\"description\":\"The Maxwell range of windlasses and anchoring systems provides safe, reliable performance for both existing boats and new builds.\",\"breadcrumb\":{\"@id\":\"https:\\\/\\\/vetus.com\\\/da\\\/engineered-for-effortless-anchoring\\\/#breadcrumb\"},\"inLanguage\":\"da-DK\",\"potentialAction\":[{\"@type\":\"ReadAction\",\"target\":[\"https:\\\/\\\/vetus.com\\\/da\\\/engineered-for-effortless-anchoring\\\/\"]}]},{\"@type\":\"BreadcrumbList\",\"@id\":\"https:\\\/\\\/vetus.com\\\/da\\\/engineered-for-effortless-anchoring\\\/#breadcrumb\",\"itemListElement\":[{\"@type\":\"ListItem\",\"position\":1,\"name\":\"Home\",\"item\":\"https:\\\/\\\/vetus.com\\\/da\\\/\"},{\"@type\":\"ListItem\",\"position\":2,\"name\":\"Udviklet til ubesv\u00e6ret ankring\"}]},{\"@type\":\"WebSite\",\"@id\":\"https:\\\/\\\/vetus.com\\\/da\\\/#website\",\"url\":\"https:\\\/\\\/vetus.com\\\/da\\\/\",\"name\":\"VETUS\",\"description\":\"\",\"potentialAction\":[{\"@type\":\"SearchAction\",\"target\":{\"@type\":\"EntryPoint\",\"urlTemplate\":\"https:\\\/\\\/vetus.com\\\/da\\\/?s={search_term_string}\"},\"query-input\":{\"@type\":\"PropertyValueSpecification\",\"valueRequired\":true,\"valueName\":\"search_term_string\"}}],\"inLanguage\":\"da-DK\"}]}<\/script>\n<!-- \/ Yoast SEO Premium plugin. -->","yoast_head_json":{"title":"Engineered for effortless anchoring","description":"The Maxwell range of windlasses and anchoring systems provides safe, reliable performance for both existing boats and new builds.","robots":{"index":"index","follow":"follow","max-snippet":"max-snippet:-1","max-image-preview":"max-image-preview:large","max-video-preview":"max-video-preview:-1"},"canonical":"https:\/\/vetus.com\/da\/engineered-for-effortless-anchoring\/","og_locale":"da_DK","og_type":"article","og_title":"Udviklet til ubesv\u00e6ret ankring","og_description":"The Maxwell range of windlasses and anchoring systems provides safe, reliable performance for both existing boats and new builds.","og_url":"https:\/\/vetus.com\/da\/engineered-for-effortless-anchoring\/","og_site_name":"VETUS","article_modified_time":"2026-02-04T12:11:09+00:00","twitter_card":"summary_large_image","twitter_misc":{"Estimeret l\u00e6setid":"4 minutter"},"schema":{"@context":"https:\/\/schema.org","@graph":[{"@type":"WebPage","@id":"https:\/\/vetus.com\/da\/engineered-for-effortless-anchoring\/","url":"https:\/\/vetus.com\/da\/engineered-for-effortless-anchoring\/","name":"Engineered for effortless anchoring","isPartOf":{"@id":"https:\/\/vetus.com\/da\/#website"},"datePublished":"2025-11-06T14:08:23+00:00","dateModified":"2026-02-04T12:11:09+00:00","description":"The Maxwell range of windlasses and anchoring systems provides safe, reliable performance for both existing boats and new builds.","breadcrumb":{"@id":"https:\/\/vetus.com\/da\/engineered-for-effortless-anchoring\/#breadcrumb"},"inLanguage":"da-DK","potentialAction":[{"@type":"ReadAction","target":["https:\/\/vetus.com\/da\/engineered-for-effortless-anchoring\/"]}]},{"@type":"BreadcrumbList","@id":"https:\/\/vetus.com\/da\/engineered-for-effortless-anchoring\/#breadcrumb","itemListElement":[{"@type":"ListItem","position":1,"name":"Home","item":"https:\/\/vetus.com\/da\/"},{"@type":"ListItem","position":2,"name":"Udviklet til ubesv\u00e6ret ankring"}]},{"@type":"WebSite","@id":"https:\/\/vetus.com\/da\/#website","url":"https:\/\/vetus.com\/da\/","name":"VETUS","description":"","potentialAction":[{"@type":"SearchAction","target":{"@type":"EntryPoint","urlTemplate":"https:\/\/vetus.com\/da\/?s={search_term_string}"},"query-input":{"@type":"PropertyValueSpecification","valueRequired":true,"valueName":"search_term_string"}}],"inLanguage":"da-DK"}]}},"_links":{"self":[{"href":"https:\/\/vetus.com\/da\/wp-json\/wp\/v2\/pages\/121347","targetHints":{"allow":["GET"]}}],"collection":[{"href":"https:\/\/vetus.com\/da\/wp-json\/wp\/v2\/pages"}],"about":[{"href":"https:\/\/vetus.com\/da\/wp-json\/wp\/v2\/types\/page"}],"author":[{"embeddable":true,"href":"https:\/\/vetus.com\/da\/wp-json\/wp\/v2\/users\/20"}],"replies":[{"embeddable":true,"href":"https:\/\/vetus.com\/da\/wp-json\/wp\/v2\/comments?post=121347"}],"version-history":[{"count":3,"href":"https:\/\/vetus.com\/da\/wp-json\/wp\/v2\/pages\/121347\/revisions"}],"predecessor-version":[{"id":121351,"href":"https:\/\/vetus.com\/da\/wp-json\/wp\/v2\/pages\/121347\/revisions\/121351"}],"wp:attachment":[{"href":"https:\/\/vetus.com\/da\/wp-json\/wp\/v2\/media?parent=121347"}],"curies":[{"name":"wp","href":"https:\/\/api.w.org\/{rel}","templated":true}]}}